{"id":742,"date":"2013-02-23T13:09:03","date_gmt":"2013-02-23T12:09:03","guid":{"rendered":"http:\/\/www.kadur.com\/?page_id=742"},"modified":"2015-07-31T14:11:19","modified_gmt":"2015-07-31T12:11:19","slug":"lames","status":"publish","type":"page","link":"https:\/\/www.kadur.com\/fr\/lames\/","title":{"rendered":"Lames"},"content":{"rendered":"<h2>Papier et Arts Graphiques<\/h2>\n<p><a href=\"http:\/\/kadur.com\/wp-content\/uploads\/2015\/07\/cuchillas-industriales-papeles-artes-graficas-small.jpg\"><img decoding=\"async\" class=\"alignnone size-full wp-image-2212\" src=\"http:\/\/kadur.com\/wp-content\/uploads\/2015\/07\/cuchillas-industriales-papeles-artes-graficas-small.jpg\" alt=\"cuchillas-industriales-papeles-artes-graficas-small\" width=\"1024\" height=\"267\" srcset=\"https:\/\/www.kadur.com\/wp-content\/uploads\/2015\/07\/cuchillas-industriales-papeles-artes-graficas-small.jpg 1024w, https:\/\/www.kadur.com\/wp-content\/uploads\/2015\/07\/cuchillas-industriales-papeles-artes-graficas-small-300x78.jpg 300w\" sizes=\"(max-width: 1024px) 100vw, 1024px\" \/><\/a><\/p>\n<p>Les arts graphiques n\u00e9cessitent des op\u00e9rations de coupe de plus en plus pr\u00e9cis et rapides.<br \/>\n<div class=\"columns\"><div class=\"clear\"><div class=\"col1-3\"><h2><span class=\"label\">KADUR<\/span>MAXI <span class=\"thin\">500<\/span><\/h2><\/p>\n<h3>Lame HSS<\/h3>\n<p>Alliage d&rsquo;acier avec 18% de tungst\u00e8ne.\n<\/div><div class=\"col1-3\"><h2><span class=\"label\">KADUR<\/span>SUPREM <span class=\"thin\">500<\/span><\/h2><\/p>\n<h3>Lame au carbure<\/h3>\n<p>M\u00e9tal 85% de carbure de tungst\u00e8ne fritt\u00e9 et 15% de cobalt.\n<\/div><div class=\"col1-3\"><h2><span class=\"label\">KADUR<\/span>SUPREM <span class=\"thin\">1000<\/span><\/h2><\/p>\n<h3>Lame au carbure<\/h3>\n<p>M\u00e9tal Micrograin carbure de tungst\u00e8ne 85% fritt\u00e9s et 15% de cobalt.\n<\/div><\/div><\/div><\/p>\n<div class=\"homesection section_C rule_light\"><a class=\"more\" title=\"Papier et Arts Graphiques\" href=\"https:\/\/www.kadur.com\/fr\/lames\/papier\/\"><span class=\"mark\">&gt;<\/span>en savoir plus<\/a><\/div>\n<h2>Bois et menuiserie<\/h2>\n<p><a href=\"http:\/\/kadur.com\/wp-content\/uploads\/2015\/07\/cuchillas-industriales-madera-ebanisteria-small.jpg\"><img decoding=\"async\" class=\"alignnone size-full wp-image-2210\" src=\"http:\/\/kadur.com\/wp-content\/uploads\/2015\/07\/cuchillas-industriales-madera-ebanisteria-small.jpg\" alt=\"cuchillas-industriales-madera-ebanisteria-small\" width=\"1024\" height=\"267\" srcset=\"https:\/\/www.kadur.com\/wp-content\/uploads\/2015\/07\/cuchillas-industriales-madera-ebanisteria-small.jpg 1024w, https:\/\/www.kadur.com\/wp-content\/uploads\/2015\/07\/cuchillas-industriales-madera-ebanisteria-small-300x78.jpg 300w\" sizes=\"(max-width: 1024px) 100vw, 1024px\" \/><\/a><\/p>\n<p>La duret\u00e9 et la qualit\u00e9 de coupe. Haute performance. Ainsi sont les lames de bois KADUR.<br \/>\n<div class=\"columns\"><div class=\"clear\"><div class=\"col1-2\"><h2><span class=\"label\">assortiment<\/span>plages <span class=\"thin\"><\/span><\/h2><\/p>\n<ul>\n<li>lames <strong>raboteuses<\/strong><\/li>\n<li>lames <strong>cannel\u00e9es<\/strong><\/li>\n<li>lames pour <strong>brosses \u00e9lectriques<\/strong><\/li>\n<li>lames pour <strong>syst\u00e8mes r\u00e9versibles<\/strong>\n<ul>\n<li><em>Kadurfix<\/em><\/li>\n<li><em>Tersa<\/em><\/li>\n<li><em>Centrolock<\/em><\/li>\n<li><em>Terminus<\/em><\/li>\n<li><em>Vivax<\/em><\/li>\n<\/ul>\n<\/li>\n<\/ul>\n<p><\/div><div class=\"col1-2\"><h2><span class=\"label\">assortiment<\/span>les mat\u00e9riaux et alliages <span class=\"thin\"><\/span><\/h2><\/p>\n<ul>\n<li><strong>TCT<\/strong>, carbure (carbure de tungst\u00e8ne fritt\u00e9)<\/li>\n<li><strong>Stellite<\/strong>, alliage \u00e0 haut contenu de cobalt<\/li>\n<li><strong>HSS 18% W<\/strong>, acier rapide alli\u00e9 \u00e0 18% de tungst\u00e8ne<\/li>\n<li><strong>HSS 6% W<\/strong>, acier rapide alli\u00e9 \u00e0 6% de tungst\u00e8ne<\/li>\n<li><strong>HLS 13% Cr<\/strong>, acier alli\u00e9 au 13% de chrome<\/li>\n<li><strong>ST1<\/strong>, acier rapide avec recouvrement de nitrure de chrome<\/li>\n<\/ul>\n<p><\/div><\/div><\/div><\/p>\n<div class=\"homesection section_C rule_light\"><a class=\"more\" title=\"Bois et menuiserie\" href=\"https:\/\/www.kadur.com\/fr\/lames\/bois\/\"><span class=\"mark\">&gt;<\/span>en savoir plus<\/a><\/div>\n<h2>F\u00f4ret et fili\u00e8re bois<\/h2>\n<p><a href=\"http:\/\/kadur.com\/wp-content\/uploads\/2015\/07\/cuchillas-industriales-industria-forestal-maderera-small.jpg\"><img decoding=\"async\" class=\"alignnone size-full wp-image-2206\" src=\"http:\/\/kadur.com\/wp-content\/uploads\/2015\/07\/cuchillas-industriales-industria-forestal-maderera-small.jpg\" alt=\"cuchillas-industriales-industria-forestal-maderera-small\" width=\"1024\" height=\"267\" srcset=\"https:\/\/www.kadur.com\/wp-content\/uploads\/2015\/07\/cuchillas-industriales-industria-forestal-maderera-small.jpg 1024w, https:\/\/www.kadur.com\/wp-content\/uploads\/2015\/07\/cuchillas-industriales-industria-forestal-maderera-small-300x78.jpg 300w\" sizes=\"(max-width: 1024px) 100vw, 1024px\" \/><\/a><\/p>\n<p>La duret\u00e9 et la t\u00e9nacit\u00e9 &#8230; avec une qualit\u00e9 plus concr\u00e8te et utile pour chaque application.<br \/>\n<div class=\"columns\"><div class=\"clear\"><div class=\"col1-2\"><h2><span class=\"label\">assortiment<\/span>plages <span class=\"thin\"><\/span><\/h2><\/p>\n<ul>\n<li>lames <strong>tour d\u00e9roulage<\/strong><\/li>\n<li>lames <strong>d\u00e9chiqueteuse<\/strong><\/li>\n<li>lames <strong>broyeuse<\/strong><\/li>\n<li>lames <strong>lamineuse <em>(slicer)<\/em><\/strong><\/li>\n<li>lames <strong>pour cisaille<\/strong><\/li>\n<li>lames <strong>d\u00e9broussailleuse<\/strong><\/li>\n<\/ul>\n<p><\/div><div class=\"col1-2\"><h2><span class=\"label\">assortiment<\/span>qualit\u00e9s d'acier <span class=\"thin\"><\/span><\/h2><\/p>\n<ul>\n<li><strong><a title=\"L'analyse de la composition de l'acier W.Nr. 1.2631\" href=\"http:\/\/www.kadur.com\/wp-content\/uploads\/2013\/02\/wnr_1.2631.png\" rel=\"lightbox&#091;700&#093;\">Acier WNr 1.2631<img decoding=\"async\" class=\"wp-image-770 alignright\" style=\"margin-top: 0px; margin-bottom: 0px;\" src=\"http:\/\/www.kadur.com\/wp-content\/uploads\/2013\/02\/chart_bar.png\" alt=\"chart_bar\" width=\"16\" height=\"16\" \/><\/a><\/strong>, haute teneur en chrome (8%), la t\u00e9nacit\u00e9 de travail<\/li>\n<li><strong><a title=\"L'analyse de la composition de l'acier W.Nr. 1.2345\" href=\"http:\/\/www.kadur.com\/wp-content\/uploads\/2013\/02\/wnr_1.2345.png\" rel=\"lightbox&#091;701&#093;\">Acier WNr 1.2345<img decoding=\"async\" class=\"wp-image-770 alignright\" style=\"margin-top: 0px; margin-bottom: 0px;\" src=\"http:\/\/www.kadur.com\/wp-content\/uploads\/2013\/02\/chart_bar.png\" alt=\"chart_bar\" width=\"16\" height=\"16\" \/><\/a><\/strong>, haute teneur en chrome (5%), la t\u00e9nacit\u00e9 de travail<\/li>\n<li><strong><a title=\"L'analyse de la composition de l'acier W.Nr. 1.22379\" href=\"http:\/\/www.kadur.com\/wp-content\/uploads\/2013\/02\/wnr_1.2379.png\" rel=\"lightbox&#091;702&#093;\">Acier WNr 1.2379<img decoding=\"async\" class=\"wp-image-770 alignright\" style=\"margin-top: 0px; margin-bottom: 0px;\" src=\"http:\/\/www.kadur.com\/wp-content\/uploads\/2013\/02\/chart_bar.png\" alt=\"chart_bar\" width=\"16\" height=\"16\" \/><\/a><\/strong>, haute teneur en chrome (12%), r\u00e9sistance \u00e0 l&rsquo;usure<\/li>\n<\/ul>\n<p><\/div><\/div><\/div><\/p>\n<div class=\"homesection section_C rule_light\"><a class=\"more\" title=\"For\u00eat et fili\u00e8re bois\" href=\"https:\/\/www.kadur.com\/fr\/lames\/foret\/\"><span class=\"mark\">&gt;<\/span>en savoir plus<\/a><\/div>\n<h2>Industrie des m\u00e9taux<\/h2>\n<p><a href=\"http:\/\/kadur.com\/wp-content\/uploads\/2015\/07\/cuchillas-industriales-industria-metal-small.jpg\"><img decoding=\"async\" class=\"alignnone size-full wp-image-2208\" src=\"http:\/\/kadur.com\/wp-content\/uploads\/2015\/07\/cuchillas-industriales-industria-metal-small.jpg\" alt=\"cuchillas-industriales-industria-metal-small\" width=\"1024\" height=\"267\" srcset=\"https:\/\/www.kadur.com\/wp-content\/uploads\/2015\/07\/cuchillas-industriales-industria-metal-small.jpg 1024w, https:\/\/www.kadur.com\/wp-content\/uploads\/2015\/07\/cuchillas-industriales-industria-metal-small-300x78.jpg 300w\" sizes=\"(max-width: 1024px) 100vw, 1024px\" \/><\/a><\/p>\n<p>Tenace et r\u00e9sistant. Pr\u00e9cise et robuste. Ce sont nos lames pour l&rsquo;industrie m\u00e9tallurgique.<br \/>\n<div class=\"columns\"><div class=\"clear\"><div class=\"col1-2\"><h2><span class=\"label\">assortiment<\/span>plages <span class=\"thin\"><\/span><\/h2><\/p>\n<ul>\n<li>lames <strong>broyeuses<\/strong><\/li>\n<li>lames <strong>pour cisailles<\/strong><\/li>\n<li>lames <strong>circulaires<\/strong><\/li>\n<li>fabrication, r\u00e9paration et aff\u00fbtage de <strong>r\u00e8gles centerless<\/strong><\/li>\n<\/ul>\n<p><\/div><div class=\"col1-2\"><h2><span class=\"label\">assortiment<\/span>qualit\u00e9s d'acier <span class=\"thin\"><\/span><\/h2><\/p>\n<ul>\n<li><strong><a title=\"L'analyse de la composition de l'acier W.Nr. 1.2379\" href=\"http:\/\/www.kadur.com\/wp-content\/uploads\/2013\/02\/wnr_1.2379.png\" rel=\"lightbox&#091;703&#093;\">Acier WNr 1.2379<img decoding=\"async\" class=\"wp-image-770 alignright\" style=\"margin-top: 0px; margin-bottom: 0px;\" src=\"http:\/\/www.kadur.com\/wp-content\/uploads\/2013\/02\/chart_bar.png\" alt=\"chart_bar\" width=\"16\" height=\"16\" \/><\/a><\/strong>, haute teneur en chrome (12%), r\u00e9sistance \u00e0 l&rsquo;usure<\/li>\n<li><strong><a title=\"L'analyse de la composition de l'acier W.Nr. 1.2631\" href=\"http:\/\/www.kadur.com\/wp-content\/uploads\/2013\/02\/wnr_1.2631.png\" rel=\"lightbox&#091;704&#093;\">Acier WNr 1.2631<img decoding=\"async\" class=\"wp-image-770 alignright\" style=\"margin-top: 0px; margin-bottom: 0px;\" src=\"http:\/\/www.kadur.com\/wp-content\/uploads\/2013\/02\/chart_bar.png\" alt=\"chart_bar\" width=\"16\" height=\"16\" \/><\/a><\/strong>, haute teneur en chrome (8%), la t\u00e9nacit\u00e9 de travail<\/li>\n<li><strong><a title=\"L'analyse de la composition de l'acier W.Nr. 1.3343\" href=\"http:\/\/www.kadur.com\/wp-content\/uploads\/2013\/02\/wnr_1.3343.png\" rel=\"lightbox&#091;705&#093;\">Acier WNr 1.3343<img decoding=\"async\" class=\"wp-image-770 alignright\" style=\"margin-top: 0px; margin-bottom: 0px;\" src=\"http:\/\/www.kadur.com\/wp-content\/uploads\/2013\/02\/chart_bar.png\" alt=\"chart_bar\" width=\"16\" height=\"16\" \/><\/a><\/strong><\/li>\n<\/ul>\n<p><\/div><\/div><\/div><\/p>\n<div class=\"homesection section_C rule_light\"><a class=\"more\" title=\"Industrie des m\u00e9taux\" href=\"https:\/\/www.kadur.com\/fr\/lames\/metal\/\"><span class=\"mark\">&gt;<\/span>en savoir plus<\/a><\/div>\n<h2>Recyclage<\/h2>\n<p><a href=\"http:\/\/kadur.com\/wp-content\/uploads\/2015\/07\/cuchillas-industriales-reciclaje-small.jpg\"><img decoding=\"async\" class=\"alignnone size-full wp-image-2214\" src=\"http:\/\/kadur.com\/wp-content\/uploads\/2015\/07\/cuchillas-industriales-reciclaje-small.jpg\" alt=\"cuchillas-industriales-reciclaje-small\" width=\"1024\" height=\"267\" srcset=\"https:\/\/www.kadur.com\/wp-content\/uploads\/2015\/07\/cuchillas-industriales-reciclaje-small.jpg 1024w, https:\/\/www.kadur.com\/wp-content\/uploads\/2015\/07\/cuchillas-industriales-reciclaje-small-300x78.jpg 300w\" sizes=\"(max-width: 1024px) 100vw, 1024px\" \/><\/a><\/p>\n<p>Puissance, la persistance, la robustesse&#8230; Pales caract\u00e9ristiques synonyme KADUR.<br \/>\n<div class=\"columns\"><div class=\"clear\"><div class=\"col1-2\"><h2><span class=\"label\">assortiment<\/span>plages <span class=\"thin\"><\/span><\/h2><\/p>\n<ul>\n<li>lames <strong>broyeuses<\/strong><\/li>\n<li>lames <strong>d\u00e9chiqueteuses<\/strong><\/li>\n<li>lames <strong>pour gravillon<\/strong><\/li>\n<\/ul>\n<p><\/div><div class=\"col1-2\"><h2><span class=\"label\">assortiment<\/span>qualit\u00e9s d'acier <span class=\"thin\"><\/span><\/h2><\/p>\n<ul>\n<li><strong><a title=\"L'analyse de la composition de l'acier W.Nr. 1.2360\" href=\"http:\/\/www.kadur.com\/wp-content\/uploads\/2013\/02\/wnr_1.2360.png\" rel=\"lightbox&#091;706&#093;\">Acier WNr 1.2360<img decoding=\"async\" class=\"wp-image-770 alignright\" style=\"margin-top: 0px; margin-bottom: 0px;\" src=\"http:\/\/www.kadur.com\/wp-content\/uploads\/2013\/02\/chart_bar.png\" alt=\"chart_bar\" width=\"16\" height=\"16\" \/><\/a><\/strong><\/li>\n<li><strong><a title=\"L'analyse de la composition de l'acier W.Nr. 1.2379\" href=\"http:\/\/www.kadur.com\/wp-content\/uploads\/2013\/02\/wnr_1.2379.png\" rel=\"lightbox&#091;707&#093;\">Acier WNr 1.2379<img decoding=\"async\" class=\"wp-image-770 alignright\" style=\"margin-top: 0px; margin-bottom: 0px;\" src=\"http:\/\/www.kadur.com\/wp-content\/uploads\/2013\/02\/chart_bar.png\" alt=\"chart_bar\" width=\"16\" height=\"16\" \/><\/a><\/strong>, haute teneur en chrome (12%), r\u00e9sistance \u00e0 l&rsquo;usure<\/li>\n<li><strong><a title=\"L'analyse de la composition de l'acier W.Nr. 1.2842\" href=\"http:\/\/www.kadur.com\/wp-content\/uploads\/2013\/02\/wnr_1.2842.png\" rel=\"lightbox&#091;708&#093;\">Acier WNr 1.2842<img decoding=\"async\" class=\"wp-image-770 alignright\" style=\"margin-top: 0px; margin-bottom: 0px;\" src=\"http:\/\/www.kadur.com\/wp-content\/uploads\/2013\/02\/chart_bar.png\" alt=\"chart_bar\" width=\"16\" height=\"16\" \/><\/a><\/strong><\/li>\n<li>Lames avec <strong>insert de m\u00e9tal dur (carbure de tungst\u00e8ne)<\/strong>, pour les mat\u00e9riaux tr\u00e8s abrasifs,.<\/li>\n<\/ul>\n<p><\/div><\/div><\/div><\/p>\n<div class=\"homesection section_C rule_light\"><a class=\"more\" title=\"Recyclage\" href=\"https:\/\/www.kadur.com\/fr\/lames\/recyclage\/\"><span class=\"mark\">&gt;<\/span>en savoir plus<\/a><\/div>\n","protected":false},"excerpt":{"rendered":"<p>Papier et Arts Graphiques Les arts graphiques n\u00e9cessitent des op\u00e9rations de coupe de plus en plus pr\u00e9cis et rapides. &gt;en savoir plus Bois et menuiserie La duret\u00e9 et la qualit\u00e9 de coupe. Haute performance. Ainsi sont les lames de bois &hellip; <br \/><a href=\"https:\/\/www.kadur.com\/fr\/lames\/\" class=\"more-link\">Continuer la lecture<\/a><\/p>\n","protected":false},"author":1,"featured_media":0,"parent":0,"menu_order":3,"comment_status":"closed","ping_status":"closed","template":"onecolumn-page.php","meta":{"footnotes":""},"yoast_head":"<!-- This site is optimized with the Yoast SEO plugin v24.5 - https:\/\/yoast.com\/wordpress\/plugins\/seo\/ -->\n<title>Lames - Kadur<\/title>\n<meta name=\"robots\" content=\"index, follow, max-snippet:-1, max-image-preview:large, max-video-preview:-1\" \/>\n<link rel=\"canonical\" href=\"https:\/\/www.kadur.com\/fr\/lames\/\" \/>\n<meta property=\"og:locale\" content=\"fr_FR\" \/>\n<meta property=\"og:type\" content=\"article\" \/>\n<meta property=\"og:title\" content=\"Lames - Kadur\" \/>\n<meta property=\"og:description\" content=\"Papier et Arts Graphiques Les arts graphiques n\u00e9cessitent des op\u00e9rations de coupe de plus en plus pr\u00e9cis et rapides. &gt;en savoir plus Bois et menuiserie La duret\u00e9 et la qualit\u00e9 de coupe. Haute performance. Ainsi sont les lames de bois &hellip; Continuer la lecture\" \/>\n<meta property=\"og:url\" content=\"https:\/\/www.kadur.com\/fr\/lames\/\" \/>\n<meta property=\"og:site_name\" content=\"Kadur\" \/>\n<meta property=\"article:modified_time\" content=\"2015-07-31T12:11:19+00:00\" \/>\n<meta property=\"og:image\" content=\"http:\/\/kadur.com\/wp-content\/uploads\/2015\/07\/cuchillas-industriales-papeles-artes-graficas-small.jpg\" \/>\n<meta name=\"twitter:label1\" content=\"Dur\u00e9e de lecture estim\u00e9e\" \/>\n\t<meta name=\"twitter:data1\" content=\"2 minutes\" \/>\n<script type=\"application\/ld+json\" class=\"yoast-schema-graph\">{\"@context\":\"https:\/\/schema.org\",\"@graph\":[{\"@type\":\"WebPage\",\"@id\":\"https:\/\/www.kadur.com\/fr\/lames\/\",\"url\":\"https:\/\/www.kadur.com\/fr\/lames\/\",\"name\":\"Lames - Kadur\",\"isPartOf\":{\"@id\":\"https:\/\/www.kadur.com\/fr\/#website\"},\"primaryImageOfPage\":{\"@id\":\"https:\/\/www.kadur.com\/fr\/lames\/#primaryimage\"},\"image\":{\"@id\":\"https:\/\/www.kadur.com\/fr\/lames\/#primaryimage\"},\"thumbnailUrl\":\"http:\/\/kadur.com\/wp-content\/uploads\/2015\/07\/cuchillas-industriales-papeles-artes-graficas-small.jpg\",\"datePublished\":\"2013-02-23T12:09:03+00:00\",\"dateModified\":\"2015-07-31T12:11:19+00:00\",\"breadcrumb\":{\"@id\":\"https:\/\/www.kadur.com\/fr\/lames\/#breadcrumb\"},\"inLanguage\":\"fr-FR\",\"potentialAction\":[{\"@type\":\"ReadAction\",\"target\":[\"https:\/\/www.kadur.com\/fr\/lames\/\"]}]},{\"@type\":\"ImageObject\",\"inLanguage\":\"fr-FR\",\"@id\":\"https:\/\/www.kadur.com\/fr\/lames\/#primaryimage\",\"url\":\"http:\/\/kadur.com\/wp-content\/uploads\/2015\/07\/cuchillas-industriales-papeles-artes-graficas-small.jpg\",\"contentUrl\":\"http:\/\/kadur.com\/wp-content\/uploads\/2015\/07\/cuchillas-industriales-papeles-artes-graficas-small.jpg\"},{\"@type\":\"BreadcrumbList\",\"@id\":\"https:\/\/www.kadur.com\/fr\/lames\/#breadcrumb\",\"itemListElement\":[{\"@type\":\"ListItem\",\"position\":1,\"name\":\"Home\",\"item\":\"https:\/\/www.kadur.com\/fr\/\"},{\"@type\":\"ListItem\",\"position\":2,\"name\":\"Lames\"}]},{\"@type\":\"WebSite\",\"@id\":\"https:\/\/www.kadur.com\/fr\/#website\",\"url\":\"https:\/\/www.kadur.com\/fr\/\",\"name\":\"Kadur\",\"description\":\"Lames Industrielles Haute Performance\",\"potentialAction\":[{\"@type\":\"SearchAction\",\"target\":{\"@type\":\"EntryPoint\",\"urlTemplate\":\"https:\/\/www.kadur.com\/fr\/?s={search_term_string}\"},\"query-input\":{\"@type\":\"PropertyValueSpecification\",\"valueRequired\":true,\"valueName\":\"search_term_string\"}}],\"inLanguage\":\"fr-FR\"}]}<\/script>\n<!-- \/ Yoast SEO plugin. -->","yoast_head_json":{"title":"Lames - Kadur","robots":{"index":"index","follow":"follow","max-snippet":"max-snippet:-1","max-image-preview":"max-image-preview:large","max-video-preview":"max-video-preview:-1"},"canonical":"https:\/\/www.kadur.com\/fr\/lames\/","og_locale":"fr_FR","og_type":"article","og_title":"Lames - Kadur","og_description":"Papier et Arts Graphiques Les arts graphiques n\u00e9cessitent des op\u00e9rations de coupe de plus en plus pr\u00e9cis et rapides. &gt;en savoir plus Bois et menuiserie La duret\u00e9 et la qualit\u00e9 de coupe. Haute performance. Ainsi sont les lames de bois &hellip; Continuer la lecture","og_url":"https:\/\/www.kadur.com\/fr\/lames\/","og_site_name":"Kadur","article_modified_time":"2015-07-31T12:11:19+00:00","og_image":[{"url":"http:\/\/kadur.com\/wp-content\/uploads\/2015\/07\/cuchillas-industriales-papeles-artes-graficas-small.jpg","type":"","width":"","height":""}],"twitter_misc":{"Dur\u00e9e de lecture estim\u00e9e":"2 minutes"},"schema":{"@context":"https:\/\/schema.org","@graph":[{"@type":"WebPage","@id":"https:\/\/www.kadur.com\/fr\/lames\/","url":"https:\/\/www.kadur.com\/fr\/lames\/","name":"Lames - Kadur","isPartOf":{"@id":"https:\/\/www.kadur.com\/fr\/#website"},"primaryImageOfPage":{"@id":"https:\/\/www.kadur.com\/fr\/lames\/#primaryimage"},"image":{"@id":"https:\/\/www.kadur.com\/fr\/lames\/#primaryimage"},"thumbnailUrl":"http:\/\/kadur.com\/wp-content\/uploads\/2015\/07\/cuchillas-industriales-papeles-artes-graficas-small.jpg","datePublished":"2013-02-23T12:09:03+00:00","dateModified":"2015-07-31T12:11:19+00:00","breadcrumb":{"@id":"https:\/\/www.kadur.com\/fr\/lames\/#breadcrumb"},"inLanguage":"fr-FR","potentialAction":[{"@type":"ReadAction","target":["https:\/\/www.kadur.com\/fr\/lames\/"]}]},{"@type":"ImageObject","inLanguage":"fr-FR","@id":"https:\/\/www.kadur.com\/fr\/lames\/#primaryimage","url":"http:\/\/kadur.com\/wp-content\/uploads\/2015\/07\/cuchillas-industriales-papeles-artes-graficas-small.jpg","contentUrl":"http:\/\/kadur.com\/wp-content\/uploads\/2015\/07\/cuchillas-industriales-papeles-artes-graficas-small.jpg"},{"@type":"BreadcrumbList","@id":"https:\/\/www.kadur.com\/fr\/lames\/#breadcrumb","itemListElement":[{"@type":"ListItem","position":1,"name":"Home","item":"https:\/\/www.kadur.com\/fr\/"},{"@type":"ListItem","position":2,"name":"Lames"}]},{"@type":"WebSite","@id":"https:\/\/www.kadur.com\/fr\/#website","url":"https:\/\/www.kadur.com\/fr\/","name":"Kadur","description":"Lames Industrielles Haute Performance","potentialAction":[{"@type":"SearchAction","target":{"@type":"EntryPoint","urlTemplate":"https:\/\/www.kadur.com\/fr\/?s={search_term_string}"},"query-input":{"@type":"PropertyValueSpecification","valueRequired":true,"valueName":"search_term_string"}}],"inLanguage":"fr-FR"}]}},"_links":{"self":[{"href":"https:\/\/www.kadur.com\/fr\/wp-json\/wp\/v2\/pages\/742"}],"collection":[{"href":"https:\/\/www.kadur.com\/fr\/wp-json\/wp\/v2\/pages"}],"about":[{"href":"https:\/\/www.kadur.com\/fr\/wp-json\/wp\/v2\/types\/page"}],"author":[{"embeddable":true,"href":"https:\/\/www.kadur.com\/fr\/wp-json\/wp\/v2\/users\/1"}],"replies":[{"embeddable":true,"href":"https:\/\/www.kadur.com\/fr\/wp-json\/wp\/v2\/comments?post=742"}],"version-history":[{"count":0,"href":"https:\/\/www.kadur.com\/fr\/wp-json\/wp\/v2\/pages\/742\/revisions"}],"wp:attachment":[{"href":"https:\/\/www.kadur.com\/fr\/wp-json\/wp\/v2\/media?parent=742"}],"curies":[{"name":"wp","href":"https:\/\/api.w.org\/{rel}","templated":true}]}}