{"id":707,"date":"2013-02-21T01:30:12","date_gmt":"2013-02-21T00:30:12","guid":{"rendered":"http:\/\/www.kadur.com\/?page_id=707"},"modified":"2015-07-20T19:44:43","modified_gmt":"2015-07-20T17:44:43","slug":"recyclage","status":"publish","type":"page","link":"https:\/\/www.kadur.com\/fr\/lames\/recyclage\/","title":{"rendered":"Recyclage"},"content":{"rendered":"<h1>La puissance, la p\u00e9rennit\u00e9, la robustesse&#8230;<\/h1>\n<div class=\"columns\"><div class=\"clear\"><div class=\"col1-2\">\nCe sont les mots qui caract\u00e9risent les lames haute performance KADUR pour les diff\u00e9rents secteurs de l\u2019industrie du Recyclage:<\/p>\n<ul>\n<li>lames <strong>broyeuses<\/strong><\/li>\n<li>lames <strong>d\u00e9chiqueteuses<\/strong><\/li>\n<li>lames <strong>pour gravillon<\/strong><\/li>\n<\/ul>\n<p><img decoding=\"async\" class=\"alignleft  wp-image-724\" style=\"margin-top: -20px; margin-bottom: 0px;\" src=\"http:\/\/www.kadur.com\/wp-content\/uploads\/2013\/02\/logo_hq-300x120.png\" alt=\"logo_hq\" width=\"180\" height=\"72\" srcset=\"https:\/\/www.kadur.com\/wp-content\/uploads\/2013\/02\/logo_hq-300x120.png 300w, https:\/\/www.kadur.com\/wp-content\/uploads\/2013\/02\/logo_hq.png 400w\" sizes=\"(max-width: 180px) 100vw, 180px\" \/><\/p>\n<table>\n<thead>\n<tr>\n<th colspan=\"2\">Lames pour les meilleures marques<\/th>\n<\/tr>\n<\/thead>\n<tbody>\n<tr>\n<td>EREMA<\/td>\n<td>PREVIERO<\/td>\n<\/tr>\n<tr>\n<td>EUROTECNO<\/td>\n<td>RAPID<\/td>\n<\/tr>\n<tr>\n<td>GETECHA<\/td>\n<td>TMG<\/td>\n<\/tr>\n<tr>\n<td>MATEU-SOLE<\/td>\n<td>TRIA<\/td>\n<\/tr>\n<tr>\n<td>MORETTO<\/td>\n<td>VECOPLAN<\/td>\n<\/tr>\n<tr>\n<td>OVER<\/td>\n<td>WEIMA<\/td>\n<\/tr>\n<tr>\n<td>PRAT<\/td>\n<td><\/td>\n<\/tr>\n<\/tbody>\n<\/table>\n<p>Lames en acier \u00e0 haute r\u00e9sistance \u00e0 l\u2019usure ou lames avec <strong>insert de m\u00e9tal dur (carbure de tungst\u00e8ne)<\/strong> pour les mat\u00e9riaux tr\u00e8s abrasifs, rentabilit\u00e9 optimis\u00e9e pour le broyage de r\u00e9sidus m\u00e9talliques, naturels ou synth\u00e9tiques.\n<\/div><div class=\"col1-2\">\n<img decoding=\"async\" class=\"size-full wp-image-2041 alignnone\" src=\"http:\/\/www.kadur.com\/wp-content\/uploads\/2013\/03\/reciclaje_1_290.jpg\" alt=\"reciclaje_1_290\" width=\"140\" height=\"100\" \/><img decoding=\"async\" class=\"size-full wp-image-2042 alignnone\" src=\"http:\/\/www.kadur.com\/wp-content\/uploads\/2013\/03\/reciclaje_2_290.jpg\" alt=\"reciclaje_2_290\" width=\"140\" height=\"100\" \/>\n<img decoding=\"async\" class=\"size-full wp-image-2043 alignnone\" src=\"http:\/\/www.kadur.com\/wp-content\/uploads\/2013\/03\/reciclaje_3_290.jpg\" alt=\"reciclaje_3_290\" width=\"140\" height=\"100\" \/><img decoding=\"async\" class=\"size-full wp-image-2044 alignnone\" src=\"http:\/\/www.kadur.com\/wp-content\/uploads\/2013\/03\/reciclaje_4_290.jpg\" alt=\"reciclaje_4_290\" width=\"140\" height=\"100\" \/>\n<img decoding=\"async\" class=\"alignnone size-full wp-image-2045\" src=\"http:\/\/www.kadur.com\/wp-content\/uploads\/2013\/03\/reciclaje_5_290.jpg\" alt=\"reciclaje_5_290\" width=\"140\" height=\"100\" \/><img decoding=\"async\" class=\"alignnone size-full wp-image-2046\" src=\"http:\/\/www.kadur.com\/wp-content\/uploads\/2013\/03\/reciclaje_6_290.jpg\" alt=\"reciclaje_6_290\" width=\"140\" height=\"100\" \/>\n<img decoding=\"async\" class=\"alignnone size-full wp-image-2047\" src=\"http:\/\/www.kadur.com\/wp-content\/uploads\/2013\/03\/reciclaje_7_290.jpg\" alt=\"reciclaje_7_290\" width=\"140\" height=\"100\" \/><img decoding=\"async\" class=\"alignnone size-full wp-image-2048\" src=\"http:\/\/www.kadur.com\/wp-content\/uploads\/2013\/03\/reciclaje_8_290.jpg\" alt=\"reciclaje_8_290\" width=\"140\" height=\"100\" \/>\n<\/div><\/div><\/div>\n<div class=\"columns\"><div class=\"clear\"><div class=\"col1-2\">\n<img decoding=\"async\" class=\"alignnone size-full wp-image-2049\" src=\"http:\/\/www.kadur.com\/wp-content\/uploads\/2013\/03\/reciclaje_9_290.jpg\" alt=\"reciclaje_9_290\" width=\"290\" height=\"315\" srcset=\"https:\/\/www.kadur.com\/wp-content\/uploads\/2013\/03\/reciclaje_9_290.jpg 290w, https:\/\/www.kadur.com\/wp-content\/uploads\/2013\/03\/reciclaje_9_290-276x300.jpg 276w\" sizes=\"(max-width: 290px) 100vw, 290px\" \/>\n<\/div><div class=\"col1-2\">\nNous avons d\u00e9velopp\u00e9 des lames adapt\u00e9es aux usages les plus divers: pour les appareils \u00e9lectro-m\u00e9nagers ou la ferraille \u00e9lectronique, les c\u00e2bles, le cuir, les textiles, le bois, la cellulose, le papier, le carton, les pneus, les bo\u00eetes, la t\u00f4le, le plastique, la granulation fine&#8230;<\/p>\n<ul>\n<li><strong><a title=\"L'analyse de la composition de l'acier W.Nr. 1.2360\" href=\"http:\/\/www.kadur.com\/wp-content\/uploads\/2013\/02\/wnr_1.2360.png\" rel=\"lightbox&#091;706&#093;\">Acier WNr 1.2360<img decoding=\"async\" class=\"wp-image-770 alignright\" style=\"margin-top: 0px; margin-bottom: 0px;\" src=\"http:\/\/www.kadur.com\/wp-content\/uploads\/2013\/02\/chart_bar.png\" alt=\"chart_bar\" width=\"16\" height=\"16\" \/><\/a><\/strong><\/li>\n<li><strong><a title=\"L'analyse de la composition de l'acier W.Nr. 1.2379\" href=\"http:\/\/www.kadur.com\/wp-content\/uploads\/2013\/02\/wnr_1.2379.png\" rel=\"lightbox&#091;707&#093;\">Acier WNr 1.2379<img decoding=\"async\" class=\"wp-image-770 alignright\" style=\"margin-top: 0px; margin-bottom: 0px;\" src=\"http:\/\/www.kadur.com\/wp-content\/uploads\/2013\/02\/chart_bar.png\" alt=\"chart_bar\" width=\"16\" height=\"16\" \/><\/a><\/strong>, haute teneur en chrome (12%), une r\u00e9sistance accrue \u00e0 l&rsquo;usure<\/li>\n<li><strong><a title=\"L'analyse de la composition de l'acier W.Nr. 1.2842\" href=\"http:\/\/www.kadur.com\/wp-content\/uploads\/2013\/02\/wnr_1.2842.png\" rel=\"lightbox&#091;708&#093;\">Acier WNr 1.2842<img decoding=\"async\" class=\"wp-image-770 alignright\" style=\"margin-top: 0px; margin-bottom: 0px;\" src=\"http:\/\/www.kadur.com\/wp-content\/uploads\/2013\/02\/chart_bar.png\" alt=\"chart_bar\" width=\"16\" height=\"16\" \/><\/a><\/strong><\/li>\n<\/ul>\n<p>Nous vous offrons une large gamme de mod\u00e8les et de qualit\u00e9s, mais aussi le conseil de nos experts pour vous aider \u00e0 transformer et \u00e0 optimiser les ressources de la plan\u00e8te, par le choix le plus efficace et le plus rentable.\n<\/div><\/div><\/div>\n","protected":false},"excerpt":{"rendered":"<p>La puissance, la p\u00e9rennit\u00e9, la robustesse&#8230;<\/p>\n","protected":false},"author":1,"featured_media":0,"parent":742,"menu_order":4,"comment_status":"closed","ping_status":"closed","template":"","meta":{"footnotes":""},"yoast_head":"<!-- This site is optimized with the Yoast SEO plugin v24.5 - https:\/\/yoast.com\/wordpress\/plugins\/seo\/ -->\n<title>Recyclage - Kadur<\/title>\n<meta name=\"robots\" content=\"index, follow, max-snippet:-1, max-image-preview:large, max-video-preview:-1\" \/>\n<link rel=\"canonical\" href=\"https:\/\/www.kadur.com\/fr\/lames\/recyclage\/\" \/>\n<meta property=\"og:locale\" content=\"fr_FR\" \/>\n<meta property=\"og:type\" content=\"article\" \/>\n<meta property=\"og:title\" content=\"Recyclage - Kadur\" \/>\n<meta property=\"og:description\" content=\"La puissance, la p\u00e9rennit\u00e9, la robustesse&#8230;\" \/>\n<meta property=\"og:url\" content=\"https:\/\/www.kadur.com\/fr\/lames\/recyclage\/\" \/>\n<meta property=\"og:site_name\" content=\"Kadur\" \/>\n<meta property=\"article:modified_time\" content=\"2015-07-20T17:44:43+00:00\" \/>\n<meta property=\"og:image\" content=\"http:\/\/www.kadur.com\/wp-content\/uploads\/2013\/02\/logo_hq-300x120.png\" \/>\n<meta name=\"twitter:label1\" content=\"Dur\u00e9e de lecture estim\u00e9e\" \/>\n\t<meta name=\"twitter:data1\" content=\"1 minute\" \/>\n<script type=\"application\/ld+json\" class=\"yoast-schema-graph\">{\"@context\":\"https:\/\/schema.org\",\"@graph\":[{\"@type\":\"WebPage\",\"@id\":\"https:\/\/www.kadur.com\/fr\/lames\/recyclage\/\",\"url\":\"https:\/\/www.kadur.com\/fr\/lames\/recyclage\/\",\"name\":\"Recyclage - Kadur\",\"isPartOf\":{\"@id\":\"https:\/\/www.kadur.com\/fr\/#website\"},\"primaryImageOfPage\":{\"@id\":\"https:\/\/www.kadur.com\/fr\/lames\/recyclage\/#primaryimage\"},\"image\":{\"@id\":\"https:\/\/www.kadur.com\/fr\/lames\/recyclage\/#primaryimage\"},\"thumbnailUrl\":\"http:\/\/www.kadur.com\/wp-content\/uploads\/2013\/02\/logo_hq-300x120.png\",\"datePublished\":\"2013-02-21T00:30:12+00:00\",\"dateModified\":\"2015-07-20T17:44:43+00:00\",\"breadcrumb\":{\"@id\":\"https:\/\/www.kadur.com\/fr\/lames\/recyclage\/#breadcrumb\"},\"inLanguage\":\"fr-FR\",\"potentialAction\":[{\"@type\":\"ReadAction\",\"target\":[\"https:\/\/www.kadur.com\/fr\/lames\/recyclage\/\"]}]},{\"@type\":\"ImageObject\",\"inLanguage\":\"fr-FR\",\"@id\":\"https:\/\/www.kadur.com\/fr\/lames\/recyclage\/#primaryimage\",\"url\":\"http:\/\/www.kadur.com\/wp-content\/uploads\/2013\/02\/logo_hq-300x120.png\",\"contentUrl\":\"http:\/\/www.kadur.com\/wp-content\/uploads\/2013\/02\/logo_hq-300x120.png\"},{\"@type\":\"BreadcrumbList\",\"@id\":\"https:\/\/www.kadur.com\/fr\/lames\/recyclage\/#breadcrumb\",\"itemListElement\":[{\"@type\":\"ListItem\",\"position\":1,\"name\":\"Home\",\"item\":\"https:\/\/www.kadur.com\/fr\/\"},{\"@type\":\"ListItem\",\"position\":2,\"name\":\"Lames\",\"item\":\"https:\/\/www.kadur.com\/fr\/lames\/\"},{\"@type\":\"ListItem\",\"position\":3,\"name\":\"Recyclage\"}]},{\"@type\":\"WebSite\",\"@id\":\"https:\/\/www.kadur.com\/fr\/#website\",\"url\":\"https:\/\/www.kadur.com\/fr\/\",\"name\":\"Kadur\",\"description\":\"Lames Industrielles Haute Performance\",\"potentialAction\":[{\"@type\":\"SearchAction\",\"target\":{\"@type\":\"EntryPoint\",\"urlTemplate\":\"https:\/\/www.kadur.com\/fr\/?s={search_term_string}\"},\"query-input\":{\"@type\":\"PropertyValueSpecification\",\"valueRequired\":true,\"valueName\":\"search_term_string\"}}],\"inLanguage\":\"fr-FR\"}]}<\/script>\n<!-- \/ Yoast SEO plugin. -->","yoast_head_json":{"title":"Recyclage - Kadur","robots":{"index":"index","follow":"follow","max-snippet":"max-snippet:-1","max-image-preview":"max-image-preview:large","max-video-preview":"max-video-preview:-1"},"canonical":"https:\/\/www.kadur.com\/fr\/lames\/recyclage\/","og_locale":"fr_FR","og_type":"article","og_title":"Recyclage - Kadur","og_description":"La puissance, la p\u00e9rennit\u00e9, la robustesse&#8230;","og_url":"https:\/\/www.kadur.com\/fr\/lames\/recyclage\/","og_site_name":"Kadur","article_modified_time":"2015-07-20T17:44:43+00:00","og_image":[{"url":"http:\/\/www.kadur.com\/wp-content\/uploads\/2013\/02\/logo_hq-300x120.png","type":"","width":"","height":""}],"twitter_misc":{"Dur\u00e9e de lecture estim\u00e9e":"1 minute"},"schema":{"@context":"https:\/\/schema.org","@graph":[{"@type":"WebPage","@id":"https:\/\/www.kadur.com\/fr\/lames\/recyclage\/","url":"https:\/\/www.kadur.com\/fr\/lames\/recyclage\/","name":"Recyclage - Kadur","isPartOf":{"@id":"https:\/\/www.kadur.com\/fr\/#website"},"primaryImageOfPage":{"@id":"https:\/\/www.kadur.com\/fr\/lames\/recyclage\/#primaryimage"},"image":{"@id":"https:\/\/www.kadur.com\/fr\/lames\/recyclage\/#primaryimage"},"thumbnailUrl":"http:\/\/www.kadur.com\/wp-content\/uploads\/2013\/02\/logo_hq-300x120.png","datePublished":"2013-02-21T00:30:12+00:00","dateModified":"2015-07-20T17:44:43+00:00","breadcrumb":{"@id":"https:\/\/www.kadur.com\/fr\/lames\/recyclage\/#breadcrumb"},"inLanguage":"fr-FR","potentialAction":[{"@type":"ReadAction","target":["https:\/\/www.kadur.com\/fr\/lames\/recyclage\/"]}]},{"@type":"ImageObject","inLanguage":"fr-FR","@id":"https:\/\/www.kadur.com\/fr\/lames\/recyclage\/#primaryimage","url":"http:\/\/www.kadur.com\/wp-content\/uploads\/2013\/02\/logo_hq-300x120.png","contentUrl":"http:\/\/www.kadur.com\/wp-content\/uploads\/2013\/02\/logo_hq-300x120.png"},{"@type":"BreadcrumbList","@id":"https:\/\/www.kadur.com\/fr\/lames\/recyclage\/#breadcrumb","itemListElement":[{"@type":"ListItem","position":1,"name":"Home","item":"https:\/\/www.kadur.com\/fr\/"},{"@type":"ListItem","position":2,"name":"Lames","item":"https:\/\/www.kadur.com\/fr\/lames\/"},{"@type":"ListItem","position":3,"name":"Recyclage"}]},{"@type":"WebSite","@id":"https:\/\/www.kadur.com\/fr\/#website","url":"https:\/\/www.kadur.com\/fr\/","name":"Kadur","description":"Lames Industrielles Haute Performance","potentialAction":[{"@type":"SearchAction","target":{"@type":"EntryPoint","urlTemplate":"https:\/\/www.kadur.com\/fr\/?s={search_term_string}"},"query-input":{"@type":"PropertyValueSpecification","valueRequired":true,"valueName":"search_term_string"}}],"inLanguage":"fr-FR"}]}},"_links":{"self":[{"href":"https:\/\/www.kadur.com\/fr\/wp-json\/wp\/v2\/pages\/707"}],"collection":[{"href":"https:\/\/www.kadur.com\/fr\/wp-json\/wp\/v2\/pages"}],"about":[{"href":"https:\/\/www.kadur.com\/fr\/wp-json\/wp\/v2\/types\/page"}],"author":[{"embeddable":true,"href":"https:\/\/www.kadur.com\/fr\/wp-json\/wp\/v2\/users\/1"}],"replies":[{"embeddable":true,"href":"https:\/\/www.kadur.com\/fr\/wp-json\/wp\/v2\/comments?post=707"}],"version-history":[{"count":0,"href":"https:\/\/www.kadur.com\/fr\/wp-json\/wp\/v2\/pages\/707\/revisions"}],"up":[{"embeddable":true,"href":"https:\/\/www.kadur.com\/fr\/wp-json\/wp\/v2\/pages\/742"}],"wp:attachment":[{"href":"https:\/\/www.kadur.com\/fr\/wp-json\/wp\/v2\/media?parent=707"}],"curies":[{"name":"wp","href":"https:\/\/api.w.org\/{rel}","templated":true}]}}