{"id":706,"date":"2013-02-21T01:28:57","date_gmt":"2013-02-21T00:28:57","guid":{"rendered":"http:\/\/www.kadur.com\/?page_id=706"},"modified":"2015-07-20T19:42:26","modified_gmt":"2015-07-20T17:42:26","slug":"metal","status":"publish","type":"page","link":"https:\/\/www.kadur.com\/fr\/lames\/metal\/","title":{"rendered":"Industrie des m\u00e9taux"},"content":{"rendered":"<h1>Tenaces et r\u00e9sistantes<\/h1>\n<h2>Pr\u00e9cises et robustes.<\/h2>\n<div class=\"columns\"><div class=\"clear\"><div class=\"col1-2\">\nAinsi sont nos lames haute performance pour l\u2019industrie du M\u00e9tal:<\/p>\n<ul>\n<li>lames <strong>broyeuses<\/strong><\/li>\n<li>lames <strong>pour cisailles<\/strong><\/li>\n<li>lames <strong>circulaires<\/strong><\/li>\n<li>fabrication, r\u00e9paration et aff\u00fbtage de <strong>r\u00e8gles centerless<\/strong>, en carbure de tungst\u00e8ne (m\u00e9tal dur).<\/li>\n<\/ul>\n<p><\/div><div class=\"col1-2\">\n<img decoding=\"async\" class=\"alignnone size-full wp-image-2037\" src=\"http:\/\/www.kadur.com\/wp-content\/uploads\/2013\/03\/metal_1_290.jpg\" alt=\"metal_1_290\" width=\"290\" height=\"100\" \/>\n<img decoding=\"async\" class=\"alignnone size-full wp-image-2038\" src=\"http:\/\/www.kadur.com\/wp-content\/uploads\/2013\/03\/metal_2_290.jpg\" alt=\"metal_2_290\" width=\"290\" height=\"100\" \/>\n<\/div><\/div><\/div>\n<div class=\"columns\"><div class=\"clear\"><div class=\"col1-2\">\n<img decoding=\"async\" class=\"alignnone size-full wp-image-2039\" src=\"http:\/\/www.kadur.com\/wp-content\/uploads\/2013\/03\/metal_3_290.jpg\" alt=\"metal_3_290\" width=\"290\" height=\"335\" srcset=\"https:\/\/www.kadur.com\/wp-content\/uploads\/2013\/03\/metal_3_290.jpg 290w, https:\/\/www.kadur.com\/wp-content\/uploads\/2013\/03\/metal_3_290-259x300.jpg 259w\" sizes=\"(max-width: 290px) 100vw, 290px\" \/>\n<\/div><div class=\"col1-2\">\nChaque alliage et traitement thermique a une application tr\u00e8s sp\u00e9cifique:<\/p>\n<ul>\n<li><strong><a title=\"L'analyse de la composition de l'acier W.Nr. 1.2379\" href=\"http:\/\/www.kadur.com\/wp-content\/uploads\/2013\/02\/wnr_1.2379.png\" rel=\"lightbox&#091;703&#093;\">Acier WNr 1.2379<img decoding=\"async\" class=\"wp-image-770 alignright\" style=\"margin-top: 0px; margin-bottom: 0px;\" src=\"http:\/\/www.kadur.com\/wp-content\/uploads\/2013\/02\/chart_bar.png\" alt=\"chart_bar\" width=\"16\" height=\"16\" \/><\/a><\/strong>, haute teneur en chrome (12%), une r\u00e9sistance accrue \u00e0 l&rsquo;usure<\/li>\n<li><strong><a title=\"L'analyse de la composition de l'acier W.Nr. 1.2631\" href=\"http:\/\/www.kadur.com\/wp-content\/uploads\/2013\/02\/wnr_1.2631.png\" rel=\"lightbox&#091;704&#093;\">Acier WNr 1.2631<img decoding=\"async\" class=\"wp-image-770 alignright\" style=\"margin-top: 0px; margin-bottom: 0px;\" src=\"http:\/\/www.kadur.com\/wp-content\/uploads\/2013\/02\/chart_bar.png\" alt=\"chart_bar\" width=\"16\" height=\"16\" \/><\/a><\/strong>, haute teneur en chrome (8%), en travaillant avec t\u00e9nacit\u00e9<\/li>\n<li><strong><a title=\"L'analyse de la composition de l'acier W.Nr. 1.3343\" href=\"http:\/\/www.kadur.com\/wp-content\/uploads\/2013\/02\/wnr_1.3343.png\" rel=\"lightbox&#091;705&#093;\">Acier WNr 1.3343<img decoding=\"async\" class=\"wp-image-770 alignright\" style=\"margin-top: 0px; margin-bottom: 0px;\" src=\"http:\/\/www.kadur.com\/wp-content\/uploads\/2013\/02\/chart_bar.png\" alt=\"chart_bar\" width=\"16\" height=\"16\" \/><\/a><\/strong><\/li>\n<\/ul>\n<p>Le choix de la qualit\u00e9 et les sp\u00e9cifications techniques, comme le parall\u00e9lisme et les tol\u00e9rances, est tr\u00e8s important dans le secteur de la m\u00e9tallurgie.<\/p>\n<p>Gr\u00e2ce \u00e0 leur duret\u00e9 et \u00e0 leur qualit\u00e9 de coupe, nos lames sont le compl\u00e9ment parfait de vos cisailles pour le d\u00e9coupage de feuillards d\u2019acier ou galvanis\u00e9s, de laiton, de cuivre, ou tout autre m\u00e9tal non ferreux. Elles apportent la s\u00e9curit\u00e9, l\u2019agilit\u00e9 et la pr\u00e9cision n\u00e9cessaires \u00e0 votre production.\n<\/div><\/div><\/div>\n","protected":false},"excerpt":{"rendered":"<p>Tenaces et r\u00e9sistantes Pr\u00e9cises et robustes.<\/p>\n","protected":false},"author":1,"featured_media":0,"parent":742,"menu_order":3,"comment_status":"closed","ping_status":"closed","template":"","meta":{"footnotes":""},"yoast_head":"<!-- This site is optimized with the Yoast SEO plugin v24.5 - https:\/\/yoast.com\/wordpress\/plugins\/seo\/ -->\n<title>Industrie des m\u00e9taux - Kadur<\/title>\n<meta name=\"robots\" content=\"index, follow, max-snippet:-1, max-image-preview:large, max-video-preview:-1\" \/>\n<link rel=\"canonical\" href=\"https:\/\/www.kadur.com\/fr\/lames\/metal\/\" \/>\n<meta property=\"og:locale\" content=\"fr_FR\" \/>\n<meta property=\"og:type\" content=\"article\" \/>\n<meta property=\"og:title\" content=\"Industrie des m\u00e9taux - Kadur\" \/>\n<meta property=\"og:description\" content=\"Tenaces et r\u00e9sistantes Pr\u00e9cises et robustes.\" \/>\n<meta property=\"og:url\" content=\"https:\/\/www.kadur.com\/fr\/lames\/metal\/\" \/>\n<meta property=\"og:site_name\" content=\"Kadur\" \/>\n<meta property=\"article:modified_time\" content=\"2015-07-20T17:42:26+00:00\" \/>\n<meta property=\"og:image\" content=\"http:\/\/www.kadur.com\/wp-content\/uploads\/2013\/03\/metal_1_290.jpg\" \/>\n<meta name=\"twitter:label1\" content=\"Dur\u00e9e de lecture estim\u00e9e\" \/>\n\t<meta name=\"twitter:data1\" content=\"1 minute\" \/>\n<script type=\"application\/ld+json\" class=\"yoast-schema-graph\">{\"@context\":\"https:\/\/schema.org\",\"@graph\":[{\"@type\":\"WebPage\",\"@id\":\"https:\/\/www.kadur.com\/fr\/lames\/metal\/\",\"url\":\"https:\/\/www.kadur.com\/fr\/lames\/metal\/\",\"name\":\"Industrie des m\u00e9taux - Kadur\",\"isPartOf\":{\"@id\":\"https:\/\/www.kadur.com\/fr\/#website\"},\"primaryImageOfPage\":{\"@id\":\"https:\/\/www.kadur.com\/fr\/lames\/metal\/#primaryimage\"},\"image\":{\"@id\":\"https:\/\/www.kadur.com\/fr\/lames\/metal\/#primaryimage\"},\"thumbnailUrl\":\"http:\/\/www.kadur.com\/wp-content\/uploads\/2013\/03\/metal_1_290.jpg\",\"datePublished\":\"2013-02-21T00:28:57+00:00\",\"dateModified\":\"2015-07-20T17:42:26+00:00\",\"breadcrumb\":{\"@id\":\"https:\/\/www.kadur.com\/fr\/lames\/metal\/#breadcrumb\"},\"inLanguage\":\"fr-FR\",\"potentialAction\":[{\"@type\":\"ReadAction\",\"target\":[\"https:\/\/www.kadur.com\/fr\/lames\/metal\/\"]}]},{\"@type\":\"ImageObject\",\"inLanguage\":\"fr-FR\",\"@id\":\"https:\/\/www.kadur.com\/fr\/lames\/metal\/#primaryimage\",\"url\":\"http:\/\/www.kadur.com\/wp-content\/uploads\/2013\/03\/metal_1_290.jpg\",\"contentUrl\":\"http:\/\/www.kadur.com\/wp-content\/uploads\/2013\/03\/metal_1_290.jpg\"},{\"@type\":\"BreadcrumbList\",\"@id\":\"https:\/\/www.kadur.com\/fr\/lames\/metal\/#breadcrumb\",\"itemListElement\":[{\"@type\":\"ListItem\",\"position\":1,\"name\":\"Home\",\"item\":\"https:\/\/www.kadur.com\/fr\/\"},{\"@type\":\"ListItem\",\"position\":2,\"name\":\"Lames\",\"item\":\"https:\/\/www.kadur.com\/fr\/lames\/\"},{\"@type\":\"ListItem\",\"position\":3,\"name\":\"Industrie des m\u00e9taux\"}]},{\"@type\":\"WebSite\",\"@id\":\"https:\/\/www.kadur.com\/fr\/#website\",\"url\":\"https:\/\/www.kadur.com\/fr\/\",\"name\":\"Kadur\",\"description\":\"Lames Industrielles Haute Performance\",\"potentialAction\":[{\"@type\":\"SearchAction\",\"target\":{\"@type\":\"EntryPoint\",\"urlTemplate\":\"https:\/\/www.kadur.com\/fr\/?s={search_term_string}\"},\"query-input\":{\"@type\":\"PropertyValueSpecification\",\"valueRequired\":true,\"valueName\":\"search_term_string\"}}],\"inLanguage\":\"fr-FR\"}]}<\/script>\n<!-- \/ Yoast SEO plugin. -->","yoast_head_json":{"title":"Industrie des m\u00e9taux - Kadur","robots":{"index":"index","follow":"follow","max-snippet":"max-snippet:-1","max-image-preview":"max-image-preview:large","max-video-preview":"max-video-preview:-1"},"canonical":"https:\/\/www.kadur.com\/fr\/lames\/metal\/","og_locale":"fr_FR","og_type":"article","og_title":"Industrie des m\u00e9taux - Kadur","og_description":"Tenaces et r\u00e9sistantes Pr\u00e9cises et robustes.","og_url":"https:\/\/www.kadur.com\/fr\/lames\/metal\/","og_site_name":"Kadur","article_modified_time":"2015-07-20T17:42:26+00:00","og_image":[{"url":"http:\/\/www.kadur.com\/wp-content\/uploads\/2013\/03\/metal_1_290.jpg","type":"","width":"","height":""}],"twitter_misc":{"Dur\u00e9e de lecture estim\u00e9e":"1 minute"},"schema":{"@context":"https:\/\/schema.org","@graph":[{"@type":"WebPage","@id":"https:\/\/www.kadur.com\/fr\/lames\/metal\/","url":"https:\/\/www.kadur.com\/fr\/lames\/metal\/","name":"Industrie des m\u00e9taux - Kadur","isPartOf":{"@id":"https:\/\/www.kadur.com\/fr\/#website"},"primaryImageOfPage":{"@id":"https:\/\/www.kadur.com\/fr\/lames\/metal\/#primaryimage"},"image":{"@id":"https:\/\/www.kadur.com\/fr\/lames\/metal\/#primaryimage"},"thumbnailUrl":"http:\/\/www.kadur.com\/wp-content\/uploads\/2013\/03\/metal_1_290.jpg","datePublished":"2013-02-21T00:28:57+00:00","dateModified":"2015-07-20T17:42:26+00:00","breadcrumb":{"@id":"https:\/\/www.kadur.com\/fr\/lames\/metal\/#breadcrumb"},"inLanguage":"fr-FR","potentialAction":[{"@type":"ReadAction","target":["https:\/\/www.kadur.com\/fr\/lames\/metal\/"]}]},{"@type":"ImageObject","inLanguage":"fr-FR","@id":"https:\/\/www.kadur.com\/fr\/lames\/metal\/#primaryimage","url":"http:\/\/www.kadur.com\/wp-content\/uploads\/2013\/03\/metal_1_290.jpg","contentUrl":"http:\/\/www.kadur.com\/wp-content\/uploads\/2013\/03\/metal_1_290.jpg"},{"@type":"BreadcrumbList","@id":"https:\/\/www.kadur.com\/fr\/lames\/metal\/#breadcrumb","itemListElement":[{"@type":"ListItem","position":1,"name":"Home","item":"https:\/\/www.kadur.com\/fr\/"},{"@type":"ListItem","position":2,"name":"Lames","item":"https:\/\/www.kadur.com\/fr\/lames\/"},{"@type":"ListItem","position":3,"name":"Industrie des m\u00e9taux"}]},{"@type":"WebSite","@id":"https:\/\/www.kadur.com\/fr\/#website","url":"https:\/\/www.kadur.com\/fr\/","name":"Kadur","description":"Lames Industrielles Haute Performance","potentialAction":[{"@type":"SearchAction","target":{"@type":"EntryPoint","urlTemplate":"https:\/\/www.kadur.com\/fr\/?s={search_term_string}"},"query-input":{"@type":"PropertyValueSpecification","valueRequired":true,"valueName":"search_term_string"}}],"inLanguage":"fr-FR"}]}},"_links":{"self":[{"href":"https:\/\/www.kadur.com\/fr\/wp-json\/wp\/v2\/pages\/706"}],"collection":[{"href":"https:\/\/www.kadur.com\/fr\/wp-json\/wp\/v2\/pages"}],"about":[{"href":"https:\/\/www.kadur.com\/fr\/wp-json\/wp\/v2\/types\/page"}],"author":[{"embeddable":true,"href":"https:\/\/www.kadur.com\/fr\/wp-json\/wp\/v2\/users\/1"}],"replies":[{"embeddable":true,"href":"https:\/\/www.kadur.com\/fr\/wp-json\/wp\/v2\/comments?post=706"}],"version-history":[{"count":0,"href":"https:\/\/www.kadur.com\/fr\/wp-json\/wp\/v2\/pages\/706\/revisions"}],"up":[{"embeddable":true,"href":"https:\/\/www.kadur.com\/fr\/wp-json\/wp\/v2\/pages\/742"}],"wp:attachment":[{"href":"https:\/\/www.kadur.com\/fr\/wp-json\/wp\/v2\/media?parent=706"}],"curies":[{"name":"wp","href":"https:\/\/api.w.org\/{rel}","templated":true}]}}