{"id":705,"date":"2013-02-21T01:26:41","date_gmt":"2013-02-21T00:26:41","guid":{"rendered":"http:\/\/www.kadur.com\/?page_id=705"},"modified":"2015-07-20T19:37:47","modified_gmt":"2015-07-20T17:37:47","slug":"foret","status":"publish","type":"page","link":"https:\/\/www.kadur.com\/fr\/lames\/foret\/","title":{"rendered":"For\u00eat et fili\u00e8re bois"},"content":{"rendered":"<h1>La duret\u00e9, la t\u00e9nacit\u00e9&#8230;<\/h1>\n<h2>et la qualit\u00e9 adapt\u00e9e aux besoins de chaque application.<\/h2>\n<h3>Chaque fois que vous utilisez les lames KADUR, qui ont une grande r\u00e9sistance et une bonne t\u00e9nacit\u00e9 \u00e0 la coupe, vous savez que vous avez fait le bon choix.<\/h3>\n<div class=\"columns\"><div class=\"clear\"><div class=\"col1-2\"><\/p>\n<h4>Notre exp\u00e9rience et notre sp\u00e9cialisation nous permettent de vous conseiller pour faire accro\u00eetre votre productivit\u00e9 et assurer la meilleure maintenance de vos lames.<\/h4>\n<p>Une large gamme de lames \u00e0 haute performance, la solution la plus rentable aux multiplesNotre exp\u00e9rience et notre sp\u00e9cialisation nous demandes sectorielles de l\u2019Industrie Foresti\u00e8re et de Transformation du Bois:<\/p>\n<ul>\n<li>lames <strong>tour d\u00e9roulage<\/strong><\/li>\n<li>lames <strong>d\u00e9chiqueteuse<\/strong><\/li>\n<li>lames <strong>broyeuse<\/strong><\/li>\n<li>lames <strong>lamineuse<\/strong> (slicer)<\/li>\n<li>lames <strong>pour cisaille<\/strong><\/li>\n<li>lames <strong>d\u00e9broussailleuse<\/strong><\/li>\n<\/ul>\n<p><img decoding=\"async\" class=\"alignleft  wp-image-724\" style=\"margin-top: -10px; margin-bottom: 5px;\" src=\"http:\/\/www.kadur.com\/wp-content\/uploads\/2013\/02\/logo_hq-300x120.png\" alt=\"logo_hq\" width=\"180\" height=\"72\" srcset=\"https:\/\/www.kadur.com\/wp-content\/uploads\/2013\/02\/logo_hq-300x120.png 300w, https:\/\/www.kadur.com\/wp-content\/uploads\/2013\/02\/logo_hq.png 400w\" sizes=\"(max-width: 180px) 100vw, 180px\" \/><\/p>\n<table>\n<thead>\n<tr>\n<th colspan=\"2\">Lames pour les meilleures marques<\/th>\n<\/tr>\n<\/thead>\n<tbody>\n<tr>\n<td>BERTI<\/td>\n<td>KUPER<\/td>\n<\/tr>\n<tr>\n<td>CREMONA<\/td>\n<td>MARUNAKA<\/td>\n<\/tr>\n<tr>\n<td>DEISA<\/td>\n<td>ORSI<\/td>\n<\/tr>\n<tr>\n<td>DURNA<\/td>\n<td>PLASMAQ<\/td>\n<\/tr>\n<tr>\n<td>FELDER<\/td>\n<td>VERMEER<\/td>\n<\/tr>\n<tr>\n<td>FRANSSONS<\/td>\n<td>ZANELLO<\/td>\n<\/tr>\n<tr>\n<td>HACO<\/td>\n<td><\/td>\n<\/tr>\n<\/tbody>\n<\/table>\n<p><\/div><div class=\"col1-2\">\n<img decoding=\"async\" class=\"alignnone size-full wp-image-2029\" src=\"http:\/\/www.kadur.com\/wp-content\/uploads\/2013\/03\/forestal_1_290.jpg\" alt=\"forestal_1_290\" width=\"290\" height=\"100\" \/>\n<img decoding=\"async\" class=\"alignnone size-full wp-image-2030\" src=\"http:\/\/www.kadur.com\/wp-content\/uploads\/2013\/03\/forestal_2_290.jpg\" alt=\"forestal_2_290\" width=\"290\" height=\"100\" \/>\n<img decoding=\"async\" class=\"alignnone size-full wp-image-2031\" src=\"http:\/\/www.kadur.com\/wp-content\/uploads\/2013\/03\/forestal_3_290.jpg\" alt=\"forestal_3_290\" width=\"290\" height=\"100\" \/>\n<img decoding=\"async\" class=\"alignnone size-full wp-image-2032\" src=\"http:\/\/www.kadur.com\/wp-content\/uploads\/2013\/03\/forestal_4_290.jpg\" alt=\"forestal_4_290\" width=\"290\" height=\"100\" \/>\n<img decoding=\"async\" class=\"alignnone size-full wp-image-2033\" src=\"http:\/\/www.kadur.com\/wp-content\/uploads\/2013\/03\/forestal_5_290.jpg\" alt=\"forestal_5_290\" width=\"290\" height=\"100\" \/>\n<\/div><\/div><\/div>\n<div class=\"columns\"><div class=\"clear\"><div class=\"col1-2\">\n<img decoding=\"async\" class=\"alignnone size-full wp-image-2034\" src=\"http:\/\/www.kadur.com\/wp-content\/uploads\/2013\/03\/forestal_6_290.jpg\" alt=\"forestal_6_290\" width=\"290\" height=\"315\" srcset=\"https:\/\/www.kadur.com\/wp-content\/uploads\/2013\/03\/forestal_6_290.jpg 290w, https:\/\/www.kadur.com\/wp-content\/uploads\/2013\/03\/forestal_6_290-276x300.jpg 276w\" sizes=\"(max-width: 290px) 100vw, 290px\" \/>\n<\/div><div class=\"col1-2\">\nPour toutes ces lames, nous disposons de diff\u00e9rentes qualit\u00e9s d\u2019acier. Ce sont les lames les plus performantes pour les bois abrasifs, tendres, mi-durs ou durs:<\/p>\n<ul>\n<li><strong><a title=\"L'analyse de la composition de l'acier W.Nr. 1.2631\" href=\"http:\/\/www.kadur.com\/wp-content\/uploads\/2013\/02\/wnr_1.2631.png\" rel=\"lightbox&#091;700&#093;\">Acier WNr 1.2631<img decoding=\"async\" class=\"wp-image-770 alignright\" style=\"margin-top: 0px; margin-bottom: 0px;\" src=\"http:\/\/www.kadur.com\/wp-content\/uploads\/2013\/02\/chart_bar.png\" alt=\"chart_bar\" width=\"16\" height=\"16\" \/><\/a><\/strong>, haute teneur en chrome (8 %) et grande t\u00e9nacit\u00e9 de travail.<\/li>\n<li><strong><a title=\"L'analyse de la composition de l'acier W.Nr. 1.2345\" href=\"http:\/\/www.kadur.com\/wp-content\/uploads\/2013\/02\/wnr_1.2345.png\" rel=\"lightbox&#091;701&#093;\">Acier WNr 1.2345<img decoding=\"async\" class=\"wp-image-770 alignright\" style=\"margin-top: 0px; margin-bottom: 0px;\" src=\"http:\/\/www.kadur.com\/wp-content\/uploads\/2013\/02\/chart_bar.png\" alt=\"chart_bar\" width=\"16\" height=\"16\" \/><\/a><\/strong>, haute teneur en chrome (5 %) et grande t\u00e9nacit\u00e9 de travail.<\/li>\n<li><strong><a title=\"L'analyse de la composition de l'acier W.Nr. 1.22379\" href=\"http:\/\/www.kadur.com\/wp-content\/uploads\/2013\/02\/wnr_1.2379.png\" rel=\"lightbox&#091;702&#093;\">Acier WNr 1.2379<img decoding=\"async\" class=\"wp-image-770 alignright\" style=\"margin-top: 0px; margin-bottom: 0px;\" src=\"http:\/\/www.kadur.com\/wp-content\/uploads\/2013\/02\/chart_bar.png\" alt=\"chart_bar\" width=\"16\" height=\"16\" \/><\/a><\/strong>, haute teneur en chrome (12 %) et grande r\u00e9sistance \u00e0 l\u2019usure.<\/li>\n<\/ul>\n<p>Pour le d\u00e9broussaillage de troncs, le broyage du bois r\u00e9siduel, ou encore la fabrication de planches et de panneaux en bois press\u00e9. Nous vous garantissons une grande efficacit\u00e9 sur votre ligne de production et l\u2019optimisation du rendement des machines les plus courantes sur le march\u00e9.\n<\/div><\/div><\/div>\n","protected":false},"excerpt":{"rendered":"<p>La duret\u00e9, la t\u00e9nacit\u00e9&#8230; et la qualit\u00e9 adapt\u00e9e aux besoins de chaque application. Chaque fois que vous utilisez les lames KADUR, qui ont une grande r\u00e9sistance et une bonne t\u00e9nacit\u00e9 \u00e0 la coupe, vous savez que vous avez fait le &hellip; <br \/><a href=\"https:\/\/www.kadur.com\/fr\/lames\/foret\/\" class=\"more-link\">Continuer la lecture<\/a><\/p>\n","protected":false},"author":1,"featured_media":0,"parent":742,"menu_order":2,"comment_status":"closed","ping_status":"closed","template":"","meta":{"footnotes":""},"yoast_head":"<!-- This site is optimized with the Yoast SEO plugin v24.5 - https:\/\/yoast.com\/wordpress\/plugins\/seo\/ -->\n<title>For\u00eat et fili\u00e8re bois - Kadur<\/title>\n<meta name=\"robots\" content=\"index, follow, max-snippet:-1, max-image-preview:large, max-video-preview:-1\" \/>\n<link rel=\"canonical\" href=\"https:\/\/www.kadur.com\/fr\/lames\/foret\/\" \/>\n<meta property=\"og:locale\" content=\"fr_FR\" \/>\n<meta property=\"og:type\" content=\"article\" \/>\n<meta property=\"og:title\" content=\"For\u00eat et fili\u00e8re bois - Kadur\" \/>\n<meta property=\"og:description\" content=\"La duret\u00e9, la t\u00e9nacit\u00e9&#8230; et la qualit\u00e9 adapt\u00e9e aux besoins de chaque application. Chaque fois que vous utilisez les lames KADUR, qui ont une grande r\u00e9sistance et une bonne t\u00e9nacit\u00e9 \u00e0 la coupe, vous savez que vous avez fait le &hellip; Continuer la lecture\" \/>\n<meta property=\"og:url\" content=\"https:\/\/www.kadur.com\/fr\/lames\/foret\/\" \/>\n<meta property=\"og:site_name\" content=\"Kadur\" \/>\n<meta property=\"article:modified_time\" content=\"2015-07-20T17:37:47+00:00\" \/>\n<meta property=\"og:image\" content=\"http:\/\/www.kadur.com\/wp-content\/uploads\/2013\/02\/logo_hq-300x120.png\" \/>\n<meta name=\"twitter:label1\" content=\"Dur\u00e9e de lecture estim\u00e9e\" \/>\n\t<meta name=\"twitter:data1\" content=\"1 minute\" \/>\n<script type=\"application\/ld+json\" class=\"yoast-schema-graph\">{\"@context\":\"https:\/\/schema.org\",\"@graph\":[{\"@type\":\"WebPage\",\"@id\":\"https:\/\/www.kadur.com\/fr\/lames\/foret\/\",\"url\":\"https:\/\/www.kadur.com\/fr\/lames\/foret\/\",\"name\":\"For\u00eat et fili\u00e8re bois - Kadur\",\"isPartOf\":{\"@id\":\"https:\/\/www.kadur.com\/fr\/#website\"},\"primaryImageOfPage\":{\"@id\":\"https:\/\/www.kadur.com\/fr\/lames\/foret\/#primaryimage\"},\"image\":{\"@id\":\"https:\/\/www.kadur.com\/fr\/lames\/foret\/#primaryimage\"},\"thumbnailUrl\":\"http:\/\/www.kadur.com\/wp-content\/uploads\/2013\/02\/logo_hq-300x120.png\",\"datePublished\":\"2013-02-21T00:26:41+00:00\",\"dateModified\":\"2015-07-20T17:37:47+00:00\",\"breadcrumb\":{\"@id\":\"https:\/\/www.kadur.com\/fr\/lames\/foret\/#breadcrumb\"},\"inLanguage\":\"fr-FR\",\"potentialAction\":[{\"@type\":\"ReadAction\",\"target\":[\"https:\/\/www.kadur.com\/fr\/lames\/foret\/\"]}]},{\"@type\":\"ImageObject\",\"inLanguage\":\"fr-FR\",\"@id\":\"https:\/\/www.kadur.com\/fr\/lames\/foret\/#primaryimage\",\"url\":\"http:\/\/www.kadur.com\/wp-content\/uploads\/2013\/02\/logo_hq-300x120.png\",\"contentUrl\":\"http:\/\/www.kadur.com\/wp-content\/uploads\/2013\/02\/logo_hq-300x120.png\"},{\"@type\":\"BreadcrumbList\",\"@id\":\"https:\/\/www.kadur.com\/fr\/lames\/foret\/#breadcrumb\",\"itemListElement\":[{\"@type\":\"ListItem\",\"position\":1,\"name\":\"Home\",\"item\":\"https:\/\/www.kadur.com\/fr\/\"},{\"@type\":\"ListItem\",\"position\":2,\"name\":\"Lames\",\"item\":\"https:\/\/www.kadur.com\/fr\/lames\/\"},{\"@type\":\"ListItem\",\"position\":3,\"name\":\"For\u00eat et fili\u00e8re bois\"}]},{\"@type\":\"WebSite\",\"@id\":\"https:\/\/www.kadur.com\/fr\/#website\",\"url\":\"https:\/\/www.kadur.com\/fr\/\",\"name\":\"Kadur\",\"description\":\"Lames Industrielles Haute Performance\",\"potentialAction\":[{\"@type\":\"SearchAction\",\"target\":{\"@type\":\"EntryPoint\",\"urlTemplate\":\"https:\/\/www.kadur.com\/fr\/?s={search_term_string}\"},\"query-input\":{\"@type\":\"PropertyValueSpecification\",\"valueRequired\":true,\"valueName\":\"search_term_string\"}}],\"inLanguage\":\"fr-FR\"}]}<\/script>\n<!-- \/ Yoast SEO plugin. -->","yoast_head_json":{"title":"For\u00eat et fili\u00e8re bois - Kadur","robots":{"index":"index","follow":"follow","max-snippet":"max-snippet:-1","max-image-preview":"max-image-preview:large","max-video-preview":"max-video-preview:-1"},"canonical":"https:\/\/www.kadur.com\/fr\/lames\/foret\/","og_locale":"fr_FR","og_type":"article","og_title":"For\u00eat et fili\u00e8re bois - Kadur","og_description":"La duret\u00e9, la t\u00e9nacit\u00e9&#8230; et la qualit\u00e9 adapt\u00e9e aux besoins de chaque application. Chaque fois que vous utilisez les lames KADUR, qui ont une grande r\u00e9sistance et une bonne t\u00e9nacit\u00e9 \u00e0 la coupe, vous savez que vous avez fait le &hellip; Continuer la lecture","og_url":"https:\/\/www.kadur.com\/fr\/lames\/foret\/","og_site_name":"Kadur","article_modified_time":"2015-07-20T17:37:47+00:00","og_image":[{"url":"http:\/\/www.kadur.com\/wp-content\/uploads\/2013\/02\/logo_hq-300x120.png","type":"","width":"","height":""}],"twitter_misc":{"Dur\u00e9e de lecture estim\u00e9e":"1 minute"},"schema":{"@context":"https:\/\/schema.org","@graph":[{"@type":"WebPage","@id":"https:\/\/www.kadur.com\/fr\/lames\/foret\/","url":"https:\/\/www.kadur.com\/fr\/lames\/foret\/","name":"For\u00eat et fili\u00e8re bois - Kadur","isPartOf":{"@id":"https:\/\/www.kadur.com\/fr\/#website"},"primaryImageOfPage":{"@id":"https:\/\/www.kadur.com\/fr\/lames\/foret\/#primaryimage"},"image":{"@id":"https:\/\/www.kadur.com\/fr\/lames\/foret\/#primaryimage"},"thumbnailUrl":"http:\/\/www.kadur.com\/wp-content\/uploads\/2013\/02\/logo_hq-300x120.png","datePublished":"2013-02-21T00:26:41+00:00","dateModified":"2015-07-20T17:37:47+00:00","breadcrumb":{"@id":"https:\/\/www.kadur.com\/fr\/lames\/foret\/#breadcrumb"},"inLanguage":"fr-FR","potentialAction":[{"@type":"ReadAction","target":["https:\/\/www.kadur.com\/fr\/lames\/foret\/"]}]},{"@type":"ImageObject","inLanguage":"fr-FR","@id":"https:\/\/www.kadur.com\/fr\/lames\/foret\/#primaryimage","url":"http:\/\/www.kadur.com\/wp-content\/uploads\/2013\/02\/logo_hq-300x120.png","contentUrl":"http:\/\/www.kadur.com\/wp-content\/uploads\/2013\/02\/logo_hq-300x120.png"},{"@type":"BreadcrumbList","@id":"https:\/\/www.kadur.com\/fr\/lames\/foret\/#breadcrumb","itemListElement":[{"@type":"ListItem","position":1,"name":"Home","item":"https:\/\/www.kadur.com\/fr\/"},{"@type":"ListItem","position":2,"name":"Lames","item":"https:\/\/www.kadur.com\/fr\/lames\/"},{"@type":"ListItem","position":3,"name":"For\u00eat et fili\u00e8re bois"}]},{"@type":"WebSite","@id":"https:\/\/www.kadur.com\/fr\/#website","url":"https:\/\/www.kadur.com\/fr\/","name":"Kadur","description":"Lames Industrielles Haute Performance","potentialAction":[{"@type":"SearchAction","target":{"@type":"EntryPoint","urlTemplate":"https:\/\/www.kadur.com\/fr\/?s={search_term_string}"},"query-input":{"@type":"PropertyValueSpecification","valueRequired":true,"valueName":"search_term_string"}}],"inLanguage":"fr-FR"}]}},"_links":{"self":[{"href":"https:\/\/www.kadur.com\/fr\/wp-json\/wp\/v2\/pages\/705"}],"collection":[{"href":"https:\/\/www.kadur.com\/fr\/wp-json\/wp\/v2\/pages"}],"about":[{"href":"https:\/\/www.kadur.com\/fr\/wp-json\/wp\/v2\/types\/page"}],"author":[{"embeddable":true,"href":"https:\/\/www.kadur.com\/fr\/wp-json\/wp\/v2\/users\/1"}],"replies":[{"embeddable":true,"href":"https:\/\/www.kadur.com\/fr\/wp-json\/wp\/v2\/comments?post=705"}],"version-history":[{"count":0,"href":"https:\/\/www.kadur.com\/fr\/wp-json\/wp\/v2\/pages\/705\/revisions"}],"up":[{"embeddable":true,"href":"https:\/\/www.kadur.com\/fr\/wp-json\/wp\/v2\/pages\/742"}],"wp:attachment":[{"href":"https:\/\/www.kadur.com\/fr\/wp-json\/wp\/v2\/media?parent=705"}],"curies":[{"name":"wp","href":"https:\/\/api.w.org\/{rel}","templated":true}]}}