{"id":691,"date":"2013-02-21T01:03:10","date_gmt":"2013-02-21T00:03:10","guid":{"rendered":"http:\/\/www.kadur.com\/?page_id=691"},"modified":"2015-07-22T16:59:11","modified_gmt":"2015-07-22T14:59:11","slug":"bois","status":"publish","type":"page","link":"https:\/\/www.kadur.com\/fr\/lames\/bois\/","title":{"rendered":"Bois et menuiserie"},"content":{"rendered":"<h1>Duret\u00e9 et qualit\u00e9 de la coupe. Haute performance<\/h1>\n<h2>C\u2019est ce que vous offrent les lames KADUR, pour travailler le bois.<\/h2>\n<p><div class=\"columns\"><div class=\"clear\"><div class=\"col1-2\">\nAssoci\u00e9e, depuis ses origines, \u00e0 l\u2019industrie du bois, KADUR dispose d\u2019une large gamme de lames dont les principales caract\u00e9ristiques sont la fiabilit\u00e9 et la rentabilit\u00e9, gr\u00e2ce \u00e0 la r\u00e9sistance et \u00e0 la t\u00e9nacit\u00e9 de coupe:<\/p>\n<ul>\n<li><strong><a title=\"De rabot\" href=\"https:\/\/www.kadur.com\/fr\/lames\/bois\/de-rabot\/\">lames raboteuses<\/a><\/strong><\/li>\n<li><strong><a title=\"Ondul\u00e9es\" href=\"https:\/\/www.kadur.com\/fr\/lames\/bois\/ondulees\/\">lames cannel\u00e9es<\/a><\/strong><\/li>\n<li><strong><a title=\"Rabots \u00e9lectriques\" href=\"https:\/\/www.kadur.com\/fr\/lames\/bois\/rabots-electriques\/\">lames pour brosses \u00e9lectriques<\/a><\/strong><\/li>\n<li><strong><a title=\"Syst\u00e8mes r\u00e9versibles\" href=\"https:\/\/www.kadur.com\/fr\/lames\/bois\/systemes-reversibles\/\">lames pour syst\u00e8mes r\u00e9versibles<\/a><\/strong>:\n<ul>\n<li><a title=\"Syst\u00e8me Kadur Fix\" href=\"https:\/\/www.kadur.com\/fr\/lames\/bois\/systemes-reversibles\/kadur-fix\/\">KadurFix<\/a><\/li>\n<li><a title=\"Syst\u00e8me Tersa\" href=\"https:\/\/www.kadur.com\/fr\/lames\/bois\/systemes-reversibles\/systeme-tersa\/\">Tersa<\/a><\/li>\n<li><a title=\"Syst\u00e8me Centrolock\" href=\"https:\/\/www.kadur.com\/fr\/lames\/bois\/systemes-reversibles\/centrolock\/\">Centrolock<\/a><\/li>\n<li><a title=\"Syst\u00e8me Terminus\" href=\"https:\/\/www.kadur.com\/fr\/lames\/bois\/systemes-reversibles\/terminus\/\">Terminus<\/a><\/li>\n<li><a title=\"Syst\u00e8me Vivax\" href=\"https:\/\/www.kadur.com\/fr\/lames\/bois\/systemes-reversibles\/vivax\/\">Vivax<\/a><\/li>\n<\/ul>\n<\/li>\n<\/ul>\n<p><img decoding=\"async\" class=\"alignleft wp-image-724\" style=\"margin-top: 120px; margin-bottom: 5px;\" src=\"http:\/\/www.kadur.com\/wp-content\/uploads\/2013\/02\/logo_hq-300x120.png\" alt=\"logo_hq\" width=\"180\" height=\"72\" srcset=\"https:\/\/www.kadur.com\/wp-content\/uploads\/2013\/02\/logo_hq-300x120.png 300w, https:\/\/www.kadur.com\/wp-content\/uploads\/2013\/02\/logo_hq.png 400w\" sizes=\"(max-width: 180px) 100vw, 180px\" \/><\/p>\n<p><\/div><div class=\"col1-2\">\n<img decoding=\"async\" class=\"alignleft size-full wp-image-2004\" src=\"http:\/\/www.kadur.com\/wp-content\/uploads\/2013\/03\/kadurfix_290.jpg\" alt=\"kadurfix_290\" width=\"290\" height=\"100\" \/>\n<img decoding=\"async\" class=\"alignleft size-full wp-image-2002\" src=\"http:\/\/www.kadur.com\/wp-content\/uploads\/2013\/03\/tersa_290.jpg\" alt=\"tersa_290\" width=\"290\" height=\"100\" \/>\n<img decoding=\"async\" class=\"alignleft size-full wp-image-2005\" src=\"http:\/\/www.kadur.com\/wp-content\/uploads\/2013\/03\/centrolock_290.jpg\" alt=\"centrolock_290\" width=\"290\" height=\"100\" \/>\n<img decoding=\"async\" class=\"alignleft size-full wp-image-2001\" src=\"http:\/\/www.kadur.com\/wp-content\/uploads\/2013\/03\/terminus_290.jpg\" alt=\"terminus_290\" width=\"290\" height=\"100\" \/>\n<img decoding=\"async\" class=\"alignleft size-full wp-image-2003\" src=\"http:\/\/www.kadur.com\/wp-content\/uploads\/2013\/03\/vivax_290.jpg\" alt=\"vivax_290\" width=\"290\" height=\"100\" \/>\n<\/div><\/div><\/div><br \/>\n<div class=\"columns\"><div class=\"clear\"><div class=\"col1-2\">\n<img decoding=\"async\" class=\"alignleft size-full wp-image-2000\" style=\"margin-bottom: 5px;\" src=\"http:\/\/www.kadur.com\/wp-content\/uploads\/2013\/03\/madera_290.jpg\" alt=\"madera_290\" width=\"290\" height=\"300\" \/>\n<\/div><div class=\"col1-2\">\nLe grand choix de mat\u00e9riaux, d\u2019alliages, et de mod\u00e8les, nous permet d\u2019offrir des solutions \u00e0 tous les secteurs de l\u2019industrie du bois et ses transformations, nous disposons toujours de l\u2019option qui s\u2019adapte le mieux \u00e0 chaque application:<\/p>\n<ul>\n<li><strong>TCT<\/strong>, lame en m\u00e9tal dur (carbure de tungst\u00e8ne synth\u00e9ris\u00e9).<\/li>\n<li><strong>Stellite<\/strong>, alliage \u00e0 haut contenu de cobalt.<\/li>\n<li><strong>HSS 18% W<\/strong>, acier rapide alli\u00e9 \u00e0 18% W.<\/li>\n<li><strong>HSS 6% W<\/strong>, acier rapide alli\u00e9 \u00e0 6% W.<\/li>\n<li><strong>HLS 13% Cr<\/strong>, acier alli\u00e9 au chrome.<\/li>\n<li><strong>ST1<\/strong>, acier rapide avec recouvrement de nitrure de chrome.<\/li>\n<\/ul>\n<p><\/div><\/div><\/div><\/p>\n","protected":false},"excerpt":{"rendered":"<p>Duret\u00e9 et qualit\u00e9 de la coupe. Haute performance C\u2019est ce que vous offrent les lames KADUR, pour travailler le bois.<\/p>\n","protected":false},"author":1,"featured_media":0,"parent":742,"menu_order":1,"comment_status":"closed","ping_status":"closed","template":"","meta":{"footnotes":""},"yoast_head":"<!-- This site is optimized with the Yoast SEO plugin v24.5 - https:\/\/yoast.com\/wordpress\/plugins\/seo\/ -->\n<title>Bois et menuiserie - Kadur<\/title>\n<meta name=\"robots\" content=\"index, follow, max-snippet:-1, max-image-preview:large, max-video-preview:-1\" \/>\n<link rel=\"canonical\" href=\"https:\/\/www.kadur.com\/fr\/lames\/bois\/\" \/>\n<meta property=\"og:locale\" content=\"fr_FR\" \/>\n<meta property=\"og:type\" content=\"article\" \/>\n<meta property=\"og:title\" content=\"Bois et menuiserie - Kadur\" \/>\n<meta property=\"og:description\" content=\"Duret\u00e9 et qualit\u00e9 de la coupe. Haute performance C\u2019est ce que vous offrent les lames KADUR, pour travailler le bois.\" \/>\n<meta property=\"og:url\" content=\"https:\/\/www.kadur.com\/fr\/lames\/bois\/\" \/>\n<meta property=\"og:site_name\" content=\"Kadur\" \/>\n<meta property=\"article:modified_time\" content=\"2015-07-22T14:59:11+00:00\" \/>\n<meta property=\"og:image\" content=\"http:\/\/www.kadur.com\/wp-content\/uploads\/2013\/02\/logo_hq-300x120.png\" \/>\n<meta name=\"twitter:label1\" content=\"Dur\u00e9e de lecture estim\u00e9e\" \/>\n\t<meta name=\"twitter:data1\" content=\"1 minute\" \/>\n<script type=\"application\/ld+json\" class=\"yoast-schema-graph\">{\"@context\":\"https:\/\/schema.org\",\"@graph\":[{\"@type\":\"WebPage\",\"@id\":\"https:\/\/www.kadur.com\/fr\/lames\/bois\/\",\"url\":\"https:\/\/www.kadur.com\/fr\/lames\/bois\/\",\"name\":\"Bois et menuiserie - Kadur\",\"isPartOf\":{\"@id\":\"https:\/\/www.kadur.com\/fr\/#website\"},\"primaryImageOfPage\":{\"@id\":\"https:\/\/www.kadur.com\/fr\/lames\/bois\/#primaryimage\"},\"image\":{\"@id\":\"https:\/\/www.kadur.com\/fr\/lames\/bois\/#primaryimage\"},\"thumbnailUrl\":\"http:\/\/www.kadur.com\/wp-content\/uploads\/2013\/02\/logo_hq-300x120.png\",\"datePublished\":\"2013-02-21T00:03:10+00:00\",\"dateModified\":\"2015-07-22T14:59:11+00:00\",\"breadcrumb\":{\"@id\":\"https:\/\/www.kadur.com\/fr\/lames\/bois\/#breadcrumb\"},\"inLanguage\":\"fr-FR\",\"potentialAction\":[{\"@type\":\"ReadAction\",\"target\":[\"https:\/\/www.kadur.com\/fr\/lames\/bois\/\"]}]},{\"@type\":\"ImageObject\",\"inLanguage\":\"fr-FR\",\"@id\":\"https:\/\/www.kadur.com\/fr\/lames\/bois\/#primaryimage\",\"url\":\"http:\/\/www.kadur.com\/wp-content\/uploads\/2013\/02\/logo_hq-300x120.png\",\"contentUrl\":\"http:\/\/www.kadur.com\/wp-content\/uploads\/2013\/02\/logo_hq-300x120.png\"},{\"@type\":\"BreadcrumbList\",\"@id\":\"https:\/\/www.kadur.com\/fr\/lames\/bois\/#breadcrumb\",\"itemListElement\":[{\"@type\":\"ListItem\",\"position\":1,\"name\":\"Home\",\"item\":\"https:\/\/www.kadur.com\/fr\/\"},{\"@type\":\"ListItem\",\"position\":2,\"name\":\"Lames\",\"item\":\"https:\/\/www.kadur.com\/fr\/lames\/\"},{\"@type\":\"ListItem\",\"position\":3,\"name\":\"Bois et menuiserie\"}]},{\"@type\":\"WebSite\",\"@id\":\"https:\/\/www.kadur.com\/fr\/#website\",\"url\":\"https:\/\/www.kadur.com\/fr\/\",\"name\":\"Kadur\",\"description\":\"Lames Industrielles Haute Performance\",\"potentialAction\":[{\"@type\":\"SearchAction\",\"target\":{\"@type\":\"EntryPoint\",\"urlTemplate\":\"https:\/\/www.kadur.com\/fr\/?s={search_term_string}\"},\"query-input\":{\"@type\":\"PropertyValueSpecification\",\"valueRequired\":true,\"valueName\":\"search_term_string\"}}],\"inLanguage\":\"fr-FR\"}]}<\/script>\n<!-- \/ Yoast SEO plugin. -->","yoast_head_json":{"title":"Bois et menuiserie - Kadur","robots":{"index":"index","follow":"follow","max-snippet":"max-snippet:-1","max-image-preview":"max-image-preview:large","max-video-preview":"max-video-preview:-1"},"canonical":"https:\/\/www.kadur.com\/fr\/lames\/bois\/","og_locale":"fr_FR","og_type":"article","og_title":"Bois et menuiserie - Kadur","og_description":"Duret\u00e9 et qualit\u00e9 de la coupe. Haute performance C\u2019est ce que vous offrent les lames KADUR, pour travailler le bois.","og_url":"https:\/\/www.kadur.com\/fr\/lames\/bois\/","og_site_name":"Kadur","article_modified_time":"2015-07-22T14:59:11+00:00","og_image":[{"url":"http:\/\/www.kadur.com\/wp-content\/uploads\/2013\/02\/logo_hq-300x120.png","type":"","width":"","height":""}],"twitter_misc":{"Dur\u00e9e de lecture estim\u00e9e":"1 minute"},"schema":{"@context":"https:\/\/schema.org","@graph":[{"@type":"WebPage","@id":"https:\/\/www.kadur.com\/fr\/lames\/bois\/","url":"https:\/\/www.kadur.com\/fr\/lames\/bois\/","name":"Bois et menuiserie - Kadur","isPartOf":{"@id":"https:\/\/www.kadur.com\/fr\/#website"},"primaryImageOfPage":{"@id":"https:\/\/www.kadur.com\/fr\/lames\/bois\/#primaryimage"},"image":{"@id":"https:\/\/www.kadur.com\/fr\/lames\/bois\/#primaryimage"},"thumbnailUrl":"http:\/\/www.kadur.com\/wp-content\/uploads\/2013\/02\/logo_hq-300x120.png","datePublished":"2013-02-21T00:03:10+00:00","dateModified":"2015-07-22T14:59:11+00:00","breadcrumb":{"@id":"https:\/\/www.kadur.com\/fr\/lames\/bois\/#breadcrumb"},"inLanguage":"fr-FR","potentialAction":[{"@type":"ReadAction","target":["https:\/\/www.kadur.com\/fr\/lames\/bois\/"]}]},{"@type":"ImageObject","inLanguage":"fr-FR","@id":"https:\/\/www.kadur.com\/fr\/lames\/bois\/#primaryimage","url":"http:\/\/www.kadur.com\/wp-content\/uploads\/2013\/02\/logo_hq-300x120.png","contentUrl":"http:\/\/www.kadur.com\/wp-content\/uploads\/2013\/02\/logo_hq-300x120.png"},{"@type":"BreadcrumbList","@id":"https:\/\/www.kadur.com\/fr\/lames\/bois\/#breadcrumb","itemListElement":[{"@type":"ListItem","position":1,"name":"Home","item":"https:\/\/www.kadur.com\/fr\/"},{"@type":"ListItem","position":2,"name":"Lames","item":"https:\/\/www.kadur.com\/fr\/lames\/"},{"@type":"ListItem","position":3,"name":"Bois et menuiserie"}]},{"@type":"WebSite","@id":"https:\/\/www.kadur.com\/fr\/#website","url":"https:\/\/www.kadur.com\/fr\/","name":"Kadur","description":"Lames Industrielles Haute Performance","potentialAction":[{"@type":"SearchAction","target":{"@type":"EntryPoint","urlTemplate":"https:\/\/www.kadur.com\/fr\/?s={search_term_string}"},"query-input":{"@type":"PropertyValueSpecification","valueRequired":true,"valueName":"search_term_string"}}],"inLanguage":"fr-FR"}]}},"_links":{"self":[{"href":"https:\/\/www.kadur.com\/fr\/wp-json\/wp\/v2\/pages\/691"}],"collection":[{"href":"https:\/\/www.kadur.com\/fr\/wp-json\/wp\/v2\/pages"}],"about":[{"href":"https:\/\/www.kadur.com\/fr\/wp-json\/wp\/v2\/types\/page"}],"author":[{"embeddable":true,"href":"https:\/\/www.kadur.com\/fr\/wp-json\/wp\/v2\/users\/1"}],"replies":[{"embeddable":true,"href":"https:\/\/www.kadur.com\/fr\/wp-json\/wp\/v2\/comments?post=691"}],"version-history":[{"count":0,"href":"https:\/\/www.kadur.com\/fr\/wp-json\/wp\/v2\/pages\/691\/revisions"}],"up":[{"embeddable":true,"href":"https:\/\/www.kadur.com\/fr\/wp-json\/wp\/v2\/pages\/742"}],"wp:attachment":[{"href":"https:\/\/www.kadur.com\/fr\/wp-json\/wp\/v2\/media?parent=691"}],"curies":[{"name":"wp","href":"https:\/\/api.w.org\/{rel}","templated":true}]}}