{"id":567,"date":"2013-01-26T13:51:32","date_gmt":"2013-01-26T13:51:32","guid":{"rendered":"http:\/\/www.kadur.com\/?page_id=567"},"modified":"2015-07-20T19:32:44","modified_gmt":"2015-07-20T17:32:44","slug":"papier","status":"publish","type":"page","link":"https:\/\/www.kadur.com\/fr\/lames\/papier\/","title":{"rendered":"Papier et Arts Graphiques"},"content":{"rendered":"<h1>\u00a1La meilleure option!<\/h1>\n<h2>Pour couper davantage, mieux et plus rapidement il n\u2019est pas n\u00e9cessaire de remplacer votre guillotine.<\/h2>\n<h3>Avec les lames a h\u00e0ut rendement, la rentabilit\u00e9 sera sup\u00e9rieure gr\u00e2ce \u00e0:<\/h3>\n<ul>\n<li>L&rsquo;am\u00e9lioration de la qualit\u00e9 de la coupe.<\/li>\n<li>Des aff\u00fbtages plus espac\u00e9s.<\/li>\n<li>Une plus longue dur\u00e9e de la lame.<\/li>\n<\/ul>\n<div class=\"columns\"><div class=\"clear\"><div class=\"col1-2\"><h2><span class=\"label\">1<\/span>LES AVANTAGES <span class=\"thin\"><\/span><\/h2>Les mat\u00e9riaux de derni\u00e8re g\u00e9n\u00e9ration et les nouvelles techniques de fabrication des lames ont remplac\u00e9 les lames traditionnelles en acier standard. L\u2019\u00e9volution des arts graphiques exige une plus grande pr\u00e9cision et plus de rapidit\u00e9 dans les op\u00e9rations de coupe.<img decoding=\"async\" class=\"alignleft size-full wp-image-662\" style=\"margin-top: 5px; margin-bottom: 5px;\" src=\"http:\/\/www.kadur.com\/wp-content\/uploads\/2013\/02\/papel_240.jpg\" alt=\"papel_240\" width=\"290\" height=\"240\" \/><\/div><div class=\"col1-2\"><h2><span class=\"label\">2<\/span>BAISSEZ LES PRIX <span class=\"thin\"><\/span><\/h2>Le choix de la meilleur option de lame peut faire baisser le co\u00fbt et am\u00e9liorer la rentabilit\u00e9 de la guillotine en:<\/p>\n<ul>\n<li><strong>R\u00e9duisant<\/strong> les co\u00fbts et le nombre d\u2019aff\u00fbtages.<\/li>\n<li><strong>R\u00e9duisant<\/strong> la perte de superficie de coupe apr\u00e8s chaque aff\u00fbtage.<\/li>\n<li><strong>R\u00e9duisant<\/strong> les pertes de temps lors du changement des lames por l\u2019aff\u00fbtage.<\/li>\n<li><strong>R\u00e9duisant<\/strong> les intervalles de temps durant lesquels la guillotine ne peut pas \u00eatre utilis\u00e9e.<\/li>\n<li><strong>R\u00e9duisant<\/strong> la dur\u00e9e d\u2019ajustage des lames.<\/li>\n<li><strong>R\u00e9duisant<\/strong> les risques provoqu\u00e9s par la manipulation des lames (accidents du travail et dommages produits sur les lames et les outils).<\/li>\n<li><strong>Augmentant<\/strong> la qualit\u00e9 et l\u2019uniformit\u00e9 de la coupe.<\/li>\n<\/ul>\n<p><\/div><\/div><\/div>\n<h3><img decoding=\"async\" class=\"alignleft  wp-image-724\" style=\"margin-top: 10px; margin-bottom: 15px;\" src=\"http:\/\/www.kadur.com\/wp-content\/uploads\/2013\/02\/logo_hq-300x120.png\" alt=\"logo_hq\" width=\"180\" height=\"72\" srcset=\"https:\/\/www.kadur.com\/wp-content\/uploads\/2013\/02\/logo_hq-300x120.png 300w, https:\/\/www.kadur.com\/wp-content\/uploads\/2013\/02\/logo_hq.png 400w\" sizes=\"(max-width: 180px) 100vw, 180px\" \/>Obtenez le meilleur rendement avec la lame la plus appropri\u00e9e<\/h3>\n<p>Comparez le prix d\u2019achat et la dur\u00e9e des aff\u00fbtages des lames de diff\u00e9rentes qualit\u00e9s, en tenant compte de tous les frais suppl\u00e9mentaires: aff\u00fbtages, diminution de la superficie de coupe, arr\u00eat des machines&#8230;<br \/>\n<div class=\"rule_light\"><\/div><br \/>\n<div class=\"columns\"><div class=\"clear\"><div class=\"col1-3\"><h2><span class=\"label\">KADUR<\/span>MAXI <span class=\"thin\">500<\/span><\/h2><\/p>\n<h3>Lame en Acier Rapide (HSS)<\/h3>\n<p>Qualit\u00e9 \u00e0 haut rendement. Acier alli\u00e9 18% de Wolfram\n<\/div><div class=\"col1-3\"><h2><span class=\"label\">KADUR<\/span>SUPREM <span class=\"thin\">500<\/span><\/h2><\/p>\n<h3>Lame \u00e0 Carbure<\/h3>\n<p>M\u00e9tal synth\u00e9ris\u00e9 de dernier g\u00e9n\u00e9ration comprenant 85% de Carbure de Tungst\u00e8ne, plus 15% de Cobalt.\n<\/div><div class=\"col1-3\"><h2><span class=\"label\">KADUR<\/span>SUPREM <span class=\"thin\">1000<\/span><\/h2><\/p>\n<h3>Lame \u00e0 Carbure<\/h3>\n<p>M\u00e9tal Micrograin synth\u00e9ris\u00e9 de dernier g\u00e9n\u00e9ration, comprenant 85% de Carbure de Tungst\u00e8ne, plus 15% de Cobalt. Uniquement la duret\u00e9 du diamant est sup\u00e9rieure.\n<\/div><\/div><\/div><br \/>\n<div class=\"columns\"><div class=\"clear\"><div class=\"col1-3\">\nCoupes pr\u00e9vues entre les aff\u00fbtages<\/p>\n<h4>3 fois plus que l\u2019Acier Standard<\/h4>\n<p><\/div><div class=\"col1-3\">\nCoupes pr\u00e9vues entre les aff\u00fbtages<\/p>\n<h4>21 fois plus que l\u2019Acier Standard<\/h4>\n<p><\/div><div class=\"col1-3\">\nCoupes pr\u00e9vues entre les aff\u00fbtages<\/p>\n<h4>30 fois plus que l\u2019Acier Standard<\/h4>\n<p><\/div><\/div><\/div><br \/>\n<div class=\"columns\"><div class=\"clear\"><div class=\"col1-3\"><h2>1,33 + <span class=\"thin\">de Prix<\/span><\/h2>\n<img decoding=\"async\" class=\"alignleft  wp-image-726\" src=\"http:\/\/www.kadur.com\/wp-content\/uploads\/2013\/02\/coste_maxi_500.png\" alt=\"coste_maxi_500\" width=\"180\" height=\"91\" \/>\n<\/div><div class=\"col1-3\"><h2>2,66 + <span class=\"thin\">de Prix<\/span><\/h2>\n<img decoding=\"async\" class=\"alignleft  wp-image-727\" src=\"http:\/\/www.kadur.com\/wp-content\/uploads\/2013\/02\/coste_suprem_500.png\" alt=\"coste_suprem_500\" width=\"180\" height=\"91\" \/>\n<\/div><div class=\"col1-3\"><h2>3,33 + <span class=\"thin\">de Prix<\/span><\/h2>\n<img decoding=\"async\" class=\"alignleft  wp-image-725\" src=\"http:\/\/www.kadur.com\/wp-content\/uploads\/2013\/02\/coste_suprem_1000.png\" alt=\"coste_suprem_1000\" width=\"180\" height=\"91\" \/>\n<\/div><\/div><\/div><br \/>\n<div class=\"columns\"><div class=\"clear\"><div class=\"col1-3\"><h2>3 + <span class=\"thin\">de Dur\u00e9e<\/span><\/h2>\n<img decoding=\"async\" class=\"alignleft  wp-image-726\" src=\"http:\/\/www.kadur.com\/wp-content\/uploads\/2013\/02\/dura_maxi_500.png\" alt=\"dura_maxi_500\" width=\"180\" height=\"91\" \/>\n<\/div><div class=\"col1-3\"><h2>21 + <span class=\"thin\">de Dur\u00e9e<\/span><\/h2>\n<img decoding=\"async\" class=\"alignleft  wp-image-727\" src=\"http:\/\/www.kadur.com\/wp-content\/uploads\/2013\/02\/dura_suprem_500.png\" alt=\"dura_suprem_500\" width=\"180\" height=\"91\" \/>\n<\/div><div class=\"col1-3\"><h2>30 + <span class=\"thin\">de Dur\u00e9e<\/span><\/h2>\n<img decoding=\"async\" class=\"alignleft  wp-image-725\" src=\"http:\/\/www.kadur.com\/wp-content\/uploads\/2013\/02\/dura_suprem_1000.png\" alt=\"dura_suprem_1000\" width=\"180\" height=\"91\" \/>\n<\/div><\/div><\/div><div class=\"columns\"><div class=\"clear\"><div class=\"col1-3\"><\/p>\n<div align=\"center\">\n<div class=\"sello red\"><span class=\"inside\"><span style=\"font-size: 30pt; font-weight: bold;\">3<\/span><strong>fois plus rentable<\/strong><\/span><\/div>\n<\/div>\n<p><\/div><div class=\"col1-3\"><\/p>\n<div align=\"center\">\n<div class=\"sello red\"><span class=\"inside\"><span style=\"font-size: 30pt; font-weight: bold; letter-spacing: -2px;\">7,9<\/span><strong>fois plus rentable<\/strong><\/span><\/div>\n<\/div>\n<p><\/div><div class=\"col1-3\"><\/p>\n<div align=\"center\">\n<div class=\"sello red\"><span class=\"inside\"><span style=\"font-size: 30pt; font-weight: bold;\">9<\/span><strong>fois plus rentable<\/strong><\/span><\/div>\n<\/div>\n<p><\/div><\/div><\/div><\/p>\n","protected":false},"excerpt":{"rendered":"<p>\u00a1La meilleure option! Pour couper davantage, mieux et plus rapidement il n\u2019est pas n\u00e9cessaire de remplacer votre guillotine. Avec les lames a h\u00e0ut rendement, la rentabilit\u00e9 sera sup\u00e9rieure gr\u00e2ce \u00e0: L&rsquo;am\u00e9lioration de la qualit\u00e9 de la coupe. Des aff\u00fbtages plus &hellip; <br \/><a href=\"https:\/\/www.kadur.com\/fr\/lames\/papier\/\" class=\"more-link\">Continuer la lecture<\/a><\/p>\n","protected":false},"author":1,"featured_media":0,"parent":742,"menu_order":0,"comment_status":"closed","ping_status":"closed","template":"","meta":{"footnotes":""},"yoast_head":"<!-- This site is optimized with the Yoast SEO plugin v24.5 - https:\/\/yoast.com\/wordpress\/plugins\/seo\/ -->\n<title>Papier et Arts Graphiques - Kadur<\/title>\n<meta name=\"robots\" content=\"index, follow, max-snippet:-1, max-image-preview:large, max-video-preview:-1\" \/>\n<link rel=\"canonical\" href=\"https:\/\/www.kadur.com\/fr\/lames\/papier\/\" \/>\n<meta property=\"og:locale\" content=\"fr_FR\" \/>\n<meta property=\"og:type\" content=\"article\" \/>\n<meta property=\"og:title\" content=\"Papier et Arts Graphiques - Kadur\" \/>\n<meta property=\"og:description\" content=\"\u00a1La meilleure option! Pour couper davantage, mieux et plus rapidement il n\u2019est pas n\u00e9cessaire de remplacer votre guillotine. Avec les lames a h\u00e0ut rendement, la rentabilit\u00e9 sera sup\u00e9rieure gr\u00e2ce \u00e0: L&rsquo;am\u00e9lioration de la qualit\u00e9 de la coupe. Des aff\u00fbtages plus &hellip; Continuer la lecture\" \/>\n<meta property=\"og:url\" content=\"https:\/\/www.kadur.com\/fr\/lames\/papier\/\" \/>\n<meta property=\"og:site_name\" content=\"Kadur\" \/>\n<meta property=\"article:modified_time\" content=\"2015-07-20T17:32:44+00:00\" \/>\n<meta property=\"og:image\" content=\"http:\/\/www.kadur.com\/wp-content\/uploads\/2013\/02\/papel_240.jpg\" \/>\n<meta name=\"twitter:label1\" content=\"Dur\u00e9e de lecture estim\u00e9e\" \/>\n\t<meta name=\"twitter:data1\" content=\"2 minutes\" \/>\n<script type=\"application\/ld+json\" class=\"yoast-schema-graph\">{\"@context\":\"https:\/\/schema.org\",\"@graph\":[{\"@type\":\"WebPage\",\"@id\":\"https:\/\/www.kadur.com\/fr\/lames\/papier\/\",\"url\":\"https:\/\/www.kadur.com\/fr\/lames\/papier\/\",\"name\":\"Papier et Arts Graphiques - Kadur\",\"isPartOf\":{\"@id\":\"https:\/\/www.kadur.com\/fr\/#website\"},\"primaryImageOfPage\":{\"@id\":\"https:\/\/www.kadur.com\/fr\/lames\/papier\/#primaryimage\"},\"image\":{\"@id\":\"https:\/\/www.kadur.com\/fr\/lames\/papier\/#primaryimage\"},\"thumbnailUrl\":\"http:\/\/www.kadur.com\/wp-content\/uploads\/2013\/02\/papel_240.jpg\",\"datePublished\":\"2013-01-26T13:51:32+00:00\",\"dateModified\":\"2015-07-20T17:32:44+00:00\",\"breadcrumb\":{\"@id\":\"https:\/\/www.kadur.com\/fr\/lames\/papier\/#breadcrumb\"},\"inLanguage\":\"fr-FR\",\"potentialAction\":[{\"@type\":\"ReadAction\",\"target\":[\"https:\/\/www.kadur.com\/fr\/lames\/papier\/\"]}]},{\"@type\":\"ImageObject\",\"inLanguage\":\"fr-FR\",\"@id\":\"https:\/\/www.kadur.com\/fr\/lames\/papier\/#primaryimage\",\"url\":\"http:\/\/www.kadur.com\/wp-content\/uploads\/2013\/02\/papel_240.jpg\",\"contentUrl\":\"http:\/\/www.kadur.com\/wp-content\/uploads\/2013\/02\/papel_240.jpg\"},{\"@type\":\"BreadcrumbList\",\"@id\":\"https:\/\/www.kadur.com\/fr\/lames\/papier\/#breadcrumb\",\"itemListElement\":[{\"@type\":\"ListItem\",\"position\":1,\"name\":\"Home\",\"item\":\"https:\/\/www.kadur.com\/fr\/\"},{\"@type\":\"ListItem\",\"position\":2,\"name\":\"Lames\",\"item\":\"https:\/\/www.kadur.com\/fr\/lames\/\"},{\"@type\":\"ListItem\",\"position\":3,\"name\":\"Papier et Arts Graphiques\"}]},{\"@type\":\"WebSite\",\"@id\":\"https:\/\/www.kadur.com\/fr\/#website\",\"url\":\"https:\/\/www.kadur.com\/fr\/\",\"name\":\"Kadur\",\"description\":\"Lames Industrielles Haute Performance\",\"potentialAction\":[{\"@type\":\"SearchAction\",\"target\":{\"@type\":\"EntryPoint\",\"urlTemplate\":\"https:\/\/www.kadur.com\/fr\/?s={search_term_string}\"},\"query-input\":{\"@type\":\"PropertyValueSpecification\",\"valueRequired\":true,\"valueName\":\"search_term_string\"}}],\"inLanguage\":\"fr-FR\"}]}<\/script>\n<!-- \/ Yoast SEO plugin. -->","yoast_head_json":{"title":"Papier et Arts Graphiques - Kadur","robots":{"index":"index","follow":"follow","max-snippet":"max-snippet:-1","max-image-preview":"max-image-preview:large","max-video-preview":"max-video-preview:-1"},"canonical":"https:\/\/www.kadur.com\/fr\/lames\/papier\/","og_locale":"fr_FR","og_type":"article","og_title":"Papier et Arts Graphiques - Kadur","og_description":"\u00a1La meilleure option! Pour couper davantage, mieux et plus rapidement il n\u2019est pas n\u00e9cessaire de remplacer votre guillotine. Avec les lames a h\u00e0ut rendement, la rentabilit\u00e9 sera sup\u00e9rieure gr\u00e2ce \u00e0: L&rsquo;am\u00e9lioration de la qualit\u00e9 de la coupe. Des aff\u00fbtages plus &hellip; Continuer la lecture","og_url":"https:\/\/www.kadur.com\/fr\/lames\/papier\/","og_site_name":"Kadur","article_modified_time":"2015-07-20T17:32:44+00:00","og_image":[{"url":"http:\/\/www.kadur.com\/wp-content\/uploads\/2013\/02\/papel_240.jpg","type":"","width":"","height":""}],"twitter_misc":{"Dur\u00e9e de lecture estim\u00e9e":"2 minutes"},"schema":{"@context":"https:\/\/schema.org","@graph":[{"@type":"WebPage","@id":"https:\/\/www.kadur.com\/fr\/lames\/papier\/","url":"https:\/\/www.kadur.com\/fr\/lames\/papier\/","name":"Papier et Arts Graphiques - Kadur","isPartOf":{"@id":"https:\/\/www.kadur.com\/fr\/#website"},"primaryImageOfPage":{"@id":"https:\/\/www.kadur.com\/fr\/lames\/papier\/#primaryimage"},"image":{"@id":"https:\/\/www.kadur.com\/fr\/lames\/papier\/#primaryimage"},"thumbnailUrl":"http:\/\/www.kadur.com\/wp-content\/uploads\/2013\/02\/papel_240.jpg","datePublished":"2013-01-26T13:51:32+00:00","dateModified":"2015-07-20T17:32:44+00:00","breadcrumb":{"@id":"https:\/\/www.kadur.com\/fr\/lames\/papier\/#breadcrumb"},"inLanguage":"fr-FR","potentialAction":[{"@type":"ReadAction","target":["https:\/\/www.kadur.com\/fr\/lames\/papier\/"]}]},{"@type":"ImageObject","inLanguage":"fr-FR","@id":"https:\/\/www.kadur.com\/fr\/lames\/papier\/#primaryimage","url":"http:\/\/www.kadur.com\/wp-content\/uploads\/2013\/02\/papel_240.jpg","contentUrl":"http:\/\/www.kadur.com\/wp-content\/uploads\/2013\/02\/papel_240.jpg"},{"@type":"BreadcrumbList","@id":"https:\/\/www.kadur.com\/fr\/lames\/papier\/#breadcrumb","itemListElement":[{"@type":"ListItem","position":1,"name":"Home","item":"https:\/\/www.kadur.com\/fr\/"},{"@type":"ListItem","position":2,"name":"Lames","item":"https:\/\/www.kadur.com\/fr\/lames\/"},{"@type":"ListItem","position":3,"name":"Papier et Arts Graphiques"}]},{"@type":"WebSite","@id":"https:\/\/www.kadur.com\/fr\/#website","url":"https:\/\/www.kadur.com\/fr\/","name":"Kadur","description":"Lames Industrielles Haute Performance","potentialAction":[{"@type":"SearchAction","target":{"@type":"EntryPoint","urlTemplate":"https:\/\/www.kadur.com\/fr\/?s={search_term_string}"},"query-input":{"@type":"PropertyValueSpecification","valueRequired":true,"valueName":"search_term_string"}}],"inLanguage":"fr-FR"}]}},"_links":{"self":[{"href":"https:\/\/www.kadur.com\/fr\/wp-json\/wp\/v2\/pages\/567"}],"collection":[{"href":"https:\/\/www.kadur.com\/fr\/wp-json\/wp\/v2\/pages"}],"about":[{"href":"https:\/\/www.kadur.com\/fr\/wp-json\/wp\/v2\/types\/page"}],"author":[{"embeddable":true,"href":"https:\/\/www.kadur.com\/fr\/wp-json\/wp\/v2\/users\/1"}],"replies":[{"embeddable":true,"href":"https:\/\/www.kadur.com\/fr\/wp-json\/wp\/v2\/comments?post=567"}],"version-history":[{"count":0,"href":"https:\/\/www.kadur.com\/fr\/wp-json\/wp\/v2\/pages\/567\/revisions"}],"up":[{"embeddable":true,"href":"https:\/\/www.kadur.com\/fr\/wp-json\/wp\/v2\/pages\/742"}],"wp:attachment":[{"href":"https:\/\/www.kadur.com\/fr\/wp-json\/wp\/v2\/media?parent=567"}],"curies":[{"name":"wp","href":"https:\/\/api.w.org\/{rel}","templated":true}]}}