{"id":537,"date":"2013-01-25T16:29:46","date_gmt":"2013-01-25T16:29:46","guid":{"rendered":"http:\/\/www.kadur.com\/?page_id=537"},"modified":"2015-11-25T18:30:47","modified_gmt":"2015-11-25T17:30:47","slug":"accueil","status":"publish","type":"page","link":"https:\/\/www.kadur.com\/fr\/","title":{"rendered":"Accueil"},"content":{"rendered":"<h2>Lames Industrielles Haute Performance<\/h2>\n<p><a href=\"https:\/\/www.kadur.com\/fr\/lames\/papier\/\"><img decoding=\"async\" class=\"size-full wp-image-646  alignnone\" src=\"http:\/\/www.kadur.com\/wp-content\/uploads\/2013\/02\/papel_250.jpg\" alt=\"Lames Industrielles Haute Performance - Papier et Arts Graphiques\" width=\"900\" height=\"250\" srcset=\"https:\/\/www.kadur.com\/wp-content\/uploads\/2013\/02\/papel_250.jpg 900w, https:\/\/www.kadur.com\/wp-content\/uploads\/2013\/02\/papel_250-300x83.jpg 300w\" sizes=\"(max-width: 900px) 100vw, 900px\" \/><\/a><\/p>\n<h2>Papier et Arts Graphiques<\/h2>\n<p>Les Arts Graphiques n\u00e9cessitent de plus en plus pr\u00e9cis et rapides des op\u00e9rations de coupe:<\/p>\n<ul>\n<li>L\u2019am\u00e9lioration de la qualit\u00e9 de la coupe.<\/li>\n<li>Des aff\u00fbtages plus espac\u00e9s.<\/li>\n<li>Une plus longue dur\u00e9e de la lame.<\/li>\n<\/ul>\n<p>Les mat\u00e9riaux de derni\u00e8re g\u00e9n\u00e9ration et les nouvelles techniques de fabrication des lames ont remplac\u00e9 les lames traditionnelles en acier standard. L\u2019\u00e9volution des arts graphiques exige une plus grande pr\u00e9cision et plus de rapidit\u00e9 dans les op\u00e9rations de coupe.<br \/>\nLe choix de la meilleur option de lame peut faire baisser le co\u00fbt et am\u00e9liorer la rentabilit\u00e9 de la guillotine.<\/p>\n<p><a href=\"https:\/\/www.kadur.com\/fr\/lames\/bois\/\"><img decoding=\"async\" class=\"size-full wp-image-642 alignnone\" src=\"http:\/\/www.kadur.com\/wp-content\/uploads\/2013\/02\/madera_250.jpg\" alt=\"Lames Industrielles Haute Performance - Bois et menuiserie\" width=\"900\" height=\"250\" srcset=\"https:\/\/www.kadur.com\/wp-content\/uploads\/2013\/02\/madera_250.jpg 900w, https:\/\/www.kadur.com\/wp-content\/uploads\/2013\/02\/madera_250-300x83.jpg 300w\" sizes=\"(max-width: 900px) 100vw, 900px\" \/><\/a><\/p>\n<h2>Bois et menuiserie<\/h2>\n<p>La duret\u00e9 et la qualit\u00e9 de coupe. Haute performance. Ainsi, sont les lames KADUR pour bois. Associ\u00e9e, depuis ses origines, \u00e0 l\u2019industrie du bois, KADUR dispose d\u2019une large gamme de lames dont les principales caract\u00e9ristiques sont la fiabilit\u00e9 et la rentabilit\u00e9, gr\u00e2ce \u00e0 la r\u00e9sistance et \u00e0 la t\u00e9nacit\u00e9 de coupe:<\/p>\n<ul>\n<li>lames raboteuses<\/li>\n<li>lames cannel\u00e9es<\/li>\n<li>lames pour brosses \u00e9lectriques<\/li>\n<li>lames pour syst\u00e8mes r\u00e9versibles:\n<ul>\n<li>KadurFix<\/li>\n<li>Tersa<\/li>\n<li>Centrolock<\/li>\n<li>Terminus<\/li>\n<li>Vivax<\/li>\n<\/ul>\n<\/li>\n<\/ul>\n<p><a href=\"https:\/\/www.kadur.com\/fr\/lames\/foret\/\"><img decoding=\"async\" class=\"size-full wp-image-643 alignnone\" src=\"http:\/\/www.kadur.com\/wp-content\/uploads\/2013\/02\/forestal_250.jpg\" alt=\"Lames Industrielles Haute Performance - For\u00eat et fili\u00e8re bois\" width=\"900\" height=\"250\" srcset=\"https:\/\/www.kadur.com\/wp-content\/uploads\/2013\/02\/forestal_250.jpg 900w, https:\/\/www.kadur.com\/wp-content\/uploads\/2013\/02\/forestal_250-300x83.jpg 300w\" sizes=\"(max-width: 900px) 100vw, 900px\" \/><\/a><\/p>\n<h2>For\u00eat et fili\u00e8re bois<\/h2>\n<p>La duret\u00e9 et la t\u00e9nacit\u00e9&#8230; avec une qualit\u00e9 plus concret et utile pour toutes les applications. Une large gamme de lames \u00e0 haute performance, la solution la plus rentable aux multiplesNotre exp\u00e9rience et notre sp\u00e9cialisation nous demandes sectorielles de l\u2019Industrie Foresti\u00e8re et de Transformation du Bois:<\/p>\n<ul>\n<li>lames tour d\u00e9roulage<\/li>\n<li>lames d\u00e9chiqueteuse<\/li>\n<li>lames broyeuse<\/li>\n<li>lames lamineuse (slicer)<\/li>\n<li>lames pour cisaille<\/li>\n<li>lames d\u00e9broussailleuse<\/li>\n<\/ul>\n<p><a href=\"https:\/\/www.kadur.com\/fr\/lames\/metal\/\"><img decoding=\"async\" class=\"alignnone size-full wp-image-644\" src=\"http:\/\/www.kadur.com\/wp-content\/uploads\/2013\/02\/metal_250.jpg\" alt=\"Lames Industrielles Haute Performance - Industrie des m\u00e9taux\" width=\"900\" height=\"250\" srcset=\"https:\/\/www.kadur.com\/wp-content\/uploads\/2013\/02\/metal_250.jpg 900w, https:\/\/www.kadur.com\/wp-content\/uploads\/2013\/02\/metal_250-300x83.jpg 300w\" sizes=\"(max-width: 900px) 100vw, 900px\" \/><\/a><\/p>\n<h2>Industrie des m\u00e9taux<\/h2>\n<p>Tenace et r\u00e9silient. Pr\u00e9cise et robuste. Ainsi sont nos lames pour l&rsquo;industrie m\u00e9tallurgique:<\/p>\n<ul>\n<li>lames broyeuses<\/li>\n<li>lames pour cisailles<\/li>\n<li>lames circulaires<\/li>\n<li>fabrication, r\u00e9paration et aff\u00fbtage de r\u00e8gles centerless, en carbure de tungst\u00e8ne (m\u00e9tal dur).<\/li>\n<\/ul>\n<p><a href=\"https:\/\/www.kadur.com\/fr\/lames\/recyclage\/\"><img decoding=\"async\" class=\"alignnone size-full wp-image-645\" src=\"http:\/\/www.kadur.com\/wp-content\/uploads\/2013\/02\/reciclaje_250.jpg\" alt=\"Lames Industrielles Haute Performance - Recyclage\" width=\"900\" height=\"250\" srcset=\"https:\/\/www.kadur.com\/wp-content\/uploads\/2013\/02\/reciclaje_250.jpg 900w, https:\/\/www.kadur.com\/wp-content\/uploads\/2013\/02\/reciclaje_250-300x83.jpg 300w\" sizes=\"(max-width: 900px) 100vw, 900px\" \/><\/a><\/p>\n<h2>Recyclage<\/h2>\n<p>Puissance, la persistance, la robustesse&#8230; Caract\u00e9ristiques synonymes des lames KADUR:<\/p>\n<ul>\n<li>lames broyeuses<\/li>\n<li>lames d\u00e9chiqueteuses<\/li>\n<li>lames pour gravillon<\/li>\n<\/ul>\n","protected":false},"excerpt":{"rendered":"<p>Lames Industrielles Haute Performance Papier et Arts Graphiques Les Arts Graphiques n\u00e9cessitent de plus en plus pr\u00e9cis et rapides des op\u00e9rations de coupe: L\u2019am\u00e9lioration de la qualit\u00e9 de la coupe. Des aff\u00fbtages plus espac\u00e9s. Une plus longue dur\u00e9e de la &hellip; <br \/><a href=\"https:\/\/www.kadur.com\/fr\/\" class=\"more-link\">Continuer la lecture<\/a><\/p>\n","protected":false},"author":1,"featured_media":0,"parent":0,"menu_order":0,"comment_status":"closed","ping_status":"closed","template":"home-page.php","meta":{"footnotes":""},"yoast_head":"<!-- This site is optimized with the Yoast SEO plugin v24.5 - https:\/\/yoast.com\/wordpress\/plugins\/seo\/ -->\n<title>Lames Industrielles - KADUR<\/title>\n<meta name=\"description\" content=\"Lames Industrielles, Papier et Arts Graphiques, Bois et menuiserie, For\u00eat et fili\u00e8re bois, Industrie des m\u00e9taux et Recyclage.\" \/>\n<meta name=\"robots\" content=\"index, follow, max-snippet:-1, max-image-preview:large, max-video-preview:-1\" \/>\n<link rel=\"canonical\" href=\"https:\/\/www.kadur.com\/fr\/\" \/>\n<meta property=\"og:locale\" content=\"fr_FR\" \/>\n<meta property=\"og:type\" content=\"article\" \/>\n<meta property=\"og:title\" content=\"Lames Industrielles - KADUR\" \/>\n<meta property=\"og:description\" content=\"Lames Industrielles, Papier et Arts Graphiques, Bois et menuiserie, For\u00eat et fili\u00e8re bois, Industrie des m\u00e9taux et Recyclage.\" \/>\n<meta property=\"og:url\" content=\"https:\/\/www.kadur.com\/fr\/\" \/>\n<meta property=\"og:site_name\" content=\"Kadur\" \/>\n<meta property=\"article:modified_time\" content=\"2015-11-25T17:30:47+00:00\" \/>\n<meta property=\"og:image\" content=\"http:\/\/www.kadur.com\/wp-content\/uploads\/2013\/02\/papel_250.jpg\" \/>\n<meta name=\"twitter:label1\" content=\"Dur\u00e9e de lecture estim\u00e9e\" \/>\n\t<meta name=\"twitter:data1\" content=\"2 minutes\" \/>\n<script type=\"application\/ld+json\" class=\"yoast-schema-graph\">{\"@context\":\"https:\/\/schema.org\",\"@graph\":[{\"@type\":\"WebPage\",\"@id\":\"https:\/\/www.kadur.com\/fr\/\",\"url\":\"https:\/\/www.kadur.com\/fr\/\",\"name\":\"Lames Industrielles - KADUR\",\"isPartOf\":{\"@id\":\"https:\/\/www.kadur.com\/fr\/#website\"},\"primaryImageOfPage\":{\"@id\":\"https:\/\/www.kadur.com\/fr\/#primaryimage\"},\"image\":{\"@id\":\"https:\/\/www.kadur.com\/fr\/#primaryimage\"},\"thumbnailUrl\":\"http:\/\/www.kadur.com\/wp-content\/uploads\/2013\/02\/papel_250.jpg\",\"datePublished\":\"2013-01-25T16:29:46+00:00\",\"dateModified\":\"2015-11-25T17:30:47+00:00\",\"description\":\"Lames Industrielles, Papier et Arts Graphiques, Bois et menuiserie, For\u00eat et fili\u00e8re bois, Industrie des m\u00e9taux et Recyclage.\",\"breadcrumb\":{\"@id\":\"https:\/\/www.kadur.com\/fr\/#breadcrumb\"},\"inLanguage\":\"fr-FR\",\"potentialAction\":[{\"@type\":\"ReadAction\",\"target\":[\"https:\/\/www.kadur.com\/fr\/\"]}]},{\"@type\":\"ImageObject\",\"inLanguage\":\"fr-FR\",\"@id\":\"https:\/\/www.kadur.com\/fr\/#primaryimage\",\"url\":\"http:\/\/www.kadur.com\/wp-content\/uploads\/2013\/02\/papel_250.jpg\",\"contentUrl\":\"http:\/\/www.kadur.com\/wp-content\/uploads\/2013\/02\/papel_250.jpg\"},{\"@type\":\"BreadcrumbList\",\"@id\":\"https:\/\/www.kadur.com\/fr\/#breadcrumb\",\"itemListElement\":[{\"@type\":\"ListItem\",\"position\":1,\"name\":\"Home\",\"item\":\"https:\/\/www.kadur.com\/fr\/\"},{\"@type\":\"ListItem\",\"position\":2,\"name\":\"Accueil\"}]},{\"@type\":\"WebSite\",\"@id\":\"https:\/\/www.kadur.com\/fr\/#website\",\"url\":\"https:\/\/www.kadur.com\/fr\/\",\"name\":\"Kadur\",\"description\":\"Lames Industrielles Haute Performance\",\"potentialAction\":[{\"@type\":\"SearchAction\",\"target\":{\"@type\":\"EntryPoint\",\"urlTemplate\":\"https:\/\/www.kadur.com\/fr\/?s={search_term_string}\"},\"query-input\":{\"@type\":\"PropertyValueSpecification\",\"valueRequired\":true,\"valueName\":\"search_term_string\"}}],\"inLanguage\":\"fr-FR\"}]}<\/script>\n<!-- \/ Yoast SEO plugin. -->","yoast_head_json":{"title":"Lames Industrielles - KADUR","description":"Lames Industrielles, Papier et Arts Graphiques, Bois et menuiserie, For\u00eat et fili\u00e8re bois, Industrie des m\u00e9taux et Recyclage.","robots":{"index":"index","follow":"follow","max-snippet":"max-snippet:-1","max-image-preview":"max-image-preview:large","max-video-preview":"max-video-preview:-1"},"canonical":"https:\/\/www.kadur.com\/fr\/","og_locale":"fr_FR","og_type":"article","og_title":"Lames Industrielles - KADUR","og_description":"Lames Industrielles, Papier et Arts Graphiques, Bois et menuiserie, For\u00eat et fili\u00e8re bois, Industrie des m\u00e9taux et Recyclage.","og_url":"https:\/\/www.kadur.com\/fr\/","og_site_name":"Kadur","article_modified_time":"2015-11-25T17:30:47+00:00","og_image":[{"url":"http:\/\/www.kadur.com\/wp-content\/uploads\/2013\/02\/papel_250.jpg","type":"","width":"","height":""}],"twitter_misc":{"Dur\u00e9e de lecture estim\u00e9e":"2 minutes"},"schema":{"@context":"https:\/\/schema.org","@graph":[{"@type":"WebPage","@id":"https:\/\/www.kadur.com\/fr\/","url":"https:\/\/www.kadur.com\/fr\/","name":"Lames Industrielles - KADUR","isPartOf":{"@id":"https:\/\/www.kadur.com\/fr\/#website"},"primaryImageOfPage":{"@id":"https:\/\/www.kadur.com\/fr\/#primaryimage"},"image":{"@id":"https:\/\/www.kadur.com\/fr\/#primaryimage"},"thumbnailUrl":"http:\/\/www.kadur.com\/wp-content\/uploads\/2013\/02\/papel_250.jpg","datePublished":"2013-01-25T16:29:46+00:00","dateModified":"2015-11-25T17:30:47+00:00","description":"Lames Industrielles, Papier et Arts Graphiques, Bois et menuiserie, For\u00eat et fili\u00e8re bois, Industrie des m\u00e9taux et Recyclage.","breadcrumb":{"@id":"https:\/\/www.kadur.com\/fr\/#breadcrumb"},"inLanguage":"fr-FR","potentialAction":[{"@type":"ReadAction","target":["https:\/\/www.kadur.com\/fr\/"]}]},{"@type":"ImageObject","inLanguage":"fr-FR","@id":"https:\/\/www.kadur.com\/fr\/#primaryimage","url":"http:\/\/www.kadur.com\/wp-content\/uploads\/2013\/02\/papel_250.jpg","contentUrl":"http:\/\/www.kadur.com\/wp-content\/uploads\/2013\/02\/papel_250.jpg"},{"@type":"BreadcrumbList","@id":"https:\/\/www.kadur.com\/fr\/#breadcrumb","itemListElement":[{"@type":"ListItem","position":1,"name":"Home","item":"https:\/\/www.kadur.com\/fr\/"},{"@type":"ListItem","position":2,"name":"Accueil"}]},{"@type":"WebSite","@id":"https:\/\/www.kadur.com\/fr\/#website","url":"https:\/\/www.kadur.com\/fr\/","name":"Kadur","description":"Lames Industrielles Haute Performance","potentialAction":[{"@type":"SearchAction","target":{"@type":"EntryPoint","urlTemplate":"https:\/\/www.kadur.com\/fr\/?s={search_term_string}"},"query-input":{"@type":"PropertyValueSpecification","valueRequired":true,"valueName":"search_term_string"}}],"inLanguage":"fr-FR"}]}},"_links":{"self":[{"href":"https:\/\/www.kadur.com\/fr\/wp-json\/wp\/v2\/pages\/537"}],"collection":[{"href":"https:\/\/www.kadur.com\/fr\/wp-json\/wp\/v2\/pages"}],"about":[{"href":"https:\/\/www.kadur.com\/fr\/wp-json\/wp\/v2\/types\/page"}],"author":[{"embeddable":true,"href":"https:\/\/www.kadur.com\/fr\/wp-json\/wp\/v2\/users\/1"}],"replies":[{"embeddable":true,"href":"https:\/\/www.kadur.com\/fr\/wp-json\/wp\/v2\/comments?post=537"}],"version-history":[{"count":0,"href":"https:\/\/www.kadur.com\/fr\/wp-json\/wp\/v2\/pages\/537\/revisions"}],"wp:attachment":[{"href":"https:\/\/www.kadur.com\/fr\/wp-json\/wp\/v2\/media?parent=537"}],"curies":[{"name":"wp","href":"https:\/\/api.w.org\/{rel}","templated":true}]}}