{"id":1830,"date":"2013-03-11T15:37:03","date_gmt":"2013-03-11T14:37:03","guid":{"rendered":"http:\/\/www.kadur.com\/?page_id=1830"},"modified":"2013-03-12T01:33:18","modified_gmt":"2013-03-12T00:33:18","slug":"terminus","status":"publish","type":"page","link":"https:\/\/www.kadur.com\/fr\/lames\/bois\/systemes-reversibles\/terminus\/","title":{"rendered":"Syst\u00e8me Terminus"},"content":{"rendered":"<h1><img decoding=\"async\" src=\"http:\/\/www.kadur.com\/wp-content\/uploads\/2013\/03\/sist_terminus_fr_a-300x76.png\" alt=\"sist_terminus_fr_a\" width=\"300\" height=\"76\" class=\"alignright size-medium wp-image-1759\" srcset=\"https:\/\/www.kadur.com\/wp-content\/uploads\/2013\/03\/sist_terminus_fr_a-300x76.png 300w, https:\/\/www.kadur.com\/wp-content\/uploads\/2013\/03\/sist_terminus_fr_a.png 308w\" sizes=\"(max-width: 300px) 100vw, 300px\" \/>Syst\u00e8me Terminus<\/h1>\n<h2>Les lames Terminus sont faites de qualit\u00e9s de Carbure de tungst\u00e8ne, HSS 18% W et ST2<\/h2>\n<h3>Lames de rabot pour des t\u00eates de type Terminus, ce sont des lames r\u00e9versibles (une seule lame assure deux coupes), facilitent le changement de lame, r\u00e9duisant le temps d\u2019arr\u00eat de la machine. Ajustement automatique. On utilise de machines \u00e0 faire des moulures de type Weining.<\/h3>\n<table>\n<thead>\n<tr>\n<th rowspan=\"2\">L x L x E mm<\/th>\n<th colspan=\"4\">Qualit\u00e9<\/th>\n<\/tr>\n<tr>\n<th>HSS 18% W<\/th>\n<th>ST2<\/th>\n<th>TCT<\/th>\n<\/tr>\n<\/thead>\n<tbody>\n<tr>\n<td>60 x 14 x 2,55<\/td>\n<td>KT0614HS1<\/td>\n<td>KT0614ST2<\/td>\n<td>KT0614TC<\/td>\n<\/tr>\n<tr>\n<td>80 x 14 x 2,55<\/td>\n<td>KT0814HS1<\/td>\n<td>KT0814ST2<\/td>\n<td>KT0814TC<\/td>\n<\/tr>\n<tr>\n<td colspan=\"4\" height=\"15\"><\/td>\n<\/tr>\n<tr>\n<td>100 x 14 x 2,55<\/td>\n<td>KT1014HS1<\/td>\n<td>KT1014ST2<\/td>\n<td>KT1014TC<\/td>\n<\/tr>\n<tr>\n<td>120 x 14 x 2,55<\/td>\n<td>KT1214HS1<\/td>\n<td>KT1214ST2<\/td>\n<td>KT1214TC<\/td>\n<\/tr>\n<tr>\n<td colspan=\"4\" height=\"15\"><\/td>\n<\/tr>\n<tr>\n<td>130 x 14 x 2,55<\/td>\n<td>KT1314H51<\/td>\n<td>KT1314ST2<\/td>\n<td>KT1314TC<\/td>\n<\/tr>\n<tr>\n<td>140 x 14 x 2,55<\/td>\n<td>KT1414HS1<\/td>\n<td>KT1414ST2<\/td>\n<td>KT1414TC<\/td>\n<\/tr>\n<tr>\n<td colspan=\"4\" height=\"15\"><\/td>\n<\/tr>\n<tr>\n<td>150 x 14 x 2,55<\/td>\n<td>KT1514HS1<\/td>\n<td>KT1514ST2<\/td>\n<td>KT1514TC<\/td>\n<\/tr>\n<tr>\n<td>160 x 14 x 2,55<\/td>\n<td>KT1614HS1<\/td>\n<td>KT1614ST2<\/td>\n<td>KT1614TC<\/td>\n<\/tr>\n<tr>\n<td colspan=\"4\" height=\"15\"><\/td>\n<\/tr>\n<tr>\n<td>170 x 14 x 2,55<\/td>\n<td>KT1714HS1<\/td>\n<td>KT1714ST2<\/td>\n<td>KT1714TC<\/td>\n<\/tr>\n<tr>\n<td>180 x 14 x 2,55<\/td>\n<td>KT1814HS1<\/td>\n<td>KT1814ST2<\/td>\n<td>KT1814TC<\/td>\n<\/tr>\n<tr>\n<td colspan=\"4\" height=\"15\"><\/td>\n<\/tr>\n<tr>\n<td>190 x 14 x 2,55<\/td>\n<td>KT1914HS1<\/td>\n<td>KT1914ST2<\/td>\n<td>KT1914TC<\/td>\n<\/tr>\n<tr>\n<td>200 x 14 x 2,55<\/td>\n<td>KT2014HS1<\/td>\n<td>KT2014ST2<\/td>\n<td>KT2014TC<\/td>\n<\/tr>\n<tr>\n<td colspan=\"4\" height=\"15\"><\/td>\n<\/tr>\n<tr>\n<td>210 x 14 x 2,55<\/td>\n<td>KT2114HS1<\/td>\n<td>KT2114ST2<\/td>\n<td>KT2114TC<\/td>\n<\/tr>\n<tr>\n<td>220 x 14 x 2,55<\/td>\n<td>KT2214HS1<\/td>\n<td>KT2214ST2<\/td>\n<td>KT2214TC<\/td>\n<\/tr>\n<tr>\n<td colspan=\"4\" height=\"15\"><\/td>\n<\/tr>\n<tr>\n<td>230 x 14 x 2,55<\/td>\n<td>KT2314HS1<\/td>\n<td>KT2314ST2<\/td>\n<td>KT2314TC<\/td>\n<\/tr>\n<tr>\n<td>240 x 14 x 2,55<\/td>\n<td>KT2414HS1<\/td>\n<td>KT2414ST2<\/td>\n<td>KT2414TC<\/td>\n<\/tr>\n<tr>\n<td colspan=\"4\" height=\"15\"><\/td>\n<\/tr>\n<tr>\n<td>250 x 14 x 2,55<\/td>\n<td>KT2514HS1<\/td>\n<td>KT2514ST2<\/td>\n<td>KT2514TC<\/td>\n<\/tr>\n<tr>\n<td>260 x 14 x 2,55<\/td>\n<td>KT2614HS1<\/td>\n<td>KT2614ST2<\/td>\n<td>KT2614TC<\/td>\n<\/tr>\n<tr>\n<td colspan=\"4\" height=\"15\"><\/td>\n<\/tr>\n<tr>\n<td>270 x 14 x 2,55<\/td>\n<td>KT2714HS1<\/td>\n<td>KT2714ST2<\/td>\n<td>KT2714TC<\/td>\n<\/tr>\n<tr>\n<td>280 X 14 x 2,55<\/td>\n<td>KT2814HS1<\/td>\n<td>KT2814ST2<\/td>\n<td>KT2814TC<\/td>\n<\/tr>\n<tr>\n<td colspan=\"4\" height=\"15\"><\/td>\n<\/tr>\n<tr>\n<td>300 x 14 x 2,55<\/td>\n<td>KT3014HS1<\/td>\n<td>KT3014ST2<\/td>\n<td>KT3014TC<\/td>\n<\/tr>\n<tr>\n<td>310 x 14 x 2,55<\/td>\n<td>KT3114HS1<\/td>\n<td>KT3114ST2<\/td>\n<td>KT3114TC<\/td>\n<\/tr>\n<tr>\n<td colspan=\"4\" height=\"15\"><\/td>\n<\/tr>\n<tr>\n<td>360 x 14 x 2,55<\/td>\n<td>KT3614HS1<\/td>\n<td>KT3614ST2<\/td>\n<td>KT3614TC<\/td>\n<\/tr>\n<tr>\n<td>410 x 14 x 2,55<\/td>\n<td>KT4114HS1<\/td>\n<td>KT4114ST2<\/td>\n<td>KT4114TC<\/td>\n<\/tr>\n<tr>\n<td colspan=\"4\" height=\"15\"><\/td>\n<\/tr>\n<tr>\n<td>420 x 14 x 2,55<\/td>\n<td>KT4214HS1<\/td>\n<td>KT4214ST2<\/td>\n<td>KT4214TC<\/td>\n<\/tr>\n<tr>\n<td>450 x 14 x 2,55<\/td>\n<td>KT4514HS1<\/td>\n<td>KT4514ST2<\/td>\n<td>KT4514TC<\/td>\n<\/tr>\n<tr>\n<td colspan=\"4\" height=\"15\"><\/td>\n<\/tr>\n<tr>\n<td>457 X 14 x 2,55<\/td>\n<td>KT4571HS1<\/td>\n<td>KT4571ST2<\/td>\n<td>KT4571TC<\/td>\n<\/tr>\n<tr>\n<td>500 x 14 x 2,55<\/td>\n<td>KT5014HS1<\/td>\n<td>KT5014ST2<\/td>\n<td>KT5014TC<\/td>\n<\/tr>\n<tr>\n<td colspan=\"4\" height=\"15\"><\/td>\n<\/tr>\n<tr>\n<td>510 x 14 x 2,55<\/td>\n<td>KT5114HS1<\/td>\n<td>KT5114ST2<\/td>\n<td>KT5114TC<\/td>\n<\/tr>\n<tr>\n<td>520 x 14 x 2,55<\/td>\n<td>KT5214HS1<\/td>\n<td>KT5214ST2<\/td>\n<td>KT5214TC<\/td>\n<\/tr>\n<tr>\n<td colspan=\"4\" height=\"15\"><\/td>\n<\/tr>\n<tr>\n<td>530 x 14 x 2,55<\/td>\n<td>KT5314HS1<\/td>\n<td>KT5314ST2<\/td>\n<td>KT5314TC<\/td>\n<\/tr>\n<tr>\n<td>600 x 14 x 2,55<\/td>\n<td>KT6014HS1<\/td>\n<td>KT6014ST2<\/td>\n<td>KT6014TC<\/td>\n<\/tr>\n<tr>\n<td colspan=\"4\" height=\"15\"><\/td>\n<\/tr>\n<tr>\n<td>610 x 14 x 2,55<\/td>\n<td>KT6114HS1<\/td>\n<td>KT6114ST2<\/td>\n<td>KT6114TC<\/td>\n<\/tr>\n<tr>\n<td>616 x 14 x 2,55<\/td>\n<td>KT6161HS1<\/td>\n<td>KT6161ST2<\/td>\n<td>KT6161TC<\/td>\n<\/tr>\n<tr>\n<td colspan=\"4\" height=\"15\"><\/td>\n<\/tr>\n<tr>\n<td>620 x 14 x 2,55<\/td>\n<td>KT6214HS1<\/td>\n<td>KT6214ST2<\/td>\n<td>KT6214TC<\/td>\n<\/tr>\n<tr>\n<td>630 x 14 x 2,55<\/td>\n<td>KT6314HS1<\/td>\n<td>KT6314ST2<\/td>\n<td>KT6314TC<\/td>\n<\/tr>\n<tr>\n<td colspan=\"4\" height=\"15\"><\/td>\n<\/tr>\n<tr>\n<td>635 x 14 x 2,55<\/td>\n<td>KT6351HS1<\/td>\n<td>KT6351ST2<\/td>\n<td>KT6351TC<\/td>\n<\/tr>\n<tr>\n<td>640 x 14 x 2,55<\/td>\n<td>KT6414HS1<\/td>\n<td>KT6414ST2<\/td>\n<td>KT6414TC<\/td>\n<\/tr>\n<tr>\n<td>660 x 14 x 2,55<\/td>\n<td>KT6614HS1<\/td>\n<td>KT6614ST2<\/td>\n<td>KT6614TC<\/td>\n<\/tr>\n<\/tbody>\n<\/table>\n","protected":false},"excerpt":{"rendered":"<p>Syst\u00e8me Terminus Les lames Terminus sont faites de qualit\u00e9s de Carbure de tungst\u00e8ne, HSS 18% W et ST2 Lames de rabot pour des t\u00eates de type Terminus, ce sont des lames r\u00e9versibles (une seule lame assure deux coupes), facilitent le &hellip; <br \/><a href=\"https:\/\/www.kadur.com\/fr\/lames\/bois\/systemes-reversibles\/terminus\/\" class=\"more-link\">Continuer la lecture<\/a><\/p>\n","protected":false},"author":1,"featured_media":0,"parent":1341,"menu_order":4,"comment_status":"closed","ping_status":"closed","template":"","meta":{"footnotes":""},"yoast_head":"<!-- This site is optimized with the Yoast SEO plugin v24.5 - https:\/\/yoast.com\/wordpress\/plugins\/seo\/ -->\n<title>Syst\u00e8me Terminus - Kadur<\/title>\n<meta name=\"robots\" content=\"index, follow, max-snippet:-1, max-image-preview:large, max-video-preview:-1\" \/>\n<link rel=\"canonical\" href=\"https:\/\/www.kadur.com\/fr\/lames\/bois\/systemes-reversibles\/terminus\/\" \/>\n<meta property=\"og:locale\" content=\"fr_FR\" \/>\n<meta property=\"og:type\" content=\"article\" \/>\n<meta property=\"og:title\" content=\"Syst\u00e8me Terminus - Kadur\" \/>\n<meta property=\"og:description\" content=\"Syst\u00e8me Terminus Les lames Terminus sont faites de qualit\u00e9s de Carbure de tungst\u00e8ne, HSS 18% W et ST2 Lames de rabot pour des t\u00eates de type Terminus, ce sont des lames r\u00e9versibles (une seule lame assure deux coupes), facilitent le &hellip; Continuer la lecture\" \/>\n<meta property=\"og:url\" content=\"https:\/\/www.kadur.com\/fr\/lames\/bois\/systemes-reversibles\/terminus\/\" \/>\n<meta property=\"og:site_name\" content=\"Kadur\" \/>\n<meta property=\"article:modified_time\" content=\"2013-03-12T00:33:18+00:00\" \/>\n<meta property=\"og:image\" content=\"http:\/\/www.kadur.com\/wp-content\/uploads\/2013\/03\/sist_terminus_fr_a-300x76.png\" \/>\n<meta name=\"twitter:label1\" content=\"Dur\u00e9e de lecture estim\u00e9e\" \/>\n\t<meta name=\"twitter:data1\" content=\"2 minutes\" \/>\n<script type=\"application\/ld+json\" class=\"yoast-schema-graph\">{\"@context\":\"https:\/\/schema.org\",\"@graph\":[{\"@type\":\"WebPage\",\"@id\":\"https:\/\/www.kadur.com\/fr\/lames\/bois\/systemes-reversibles\/terminus\/\",\"url\":\"https:\/\/www.kadur.com\/fr\/lames\/bois\/systemes-reversibles\/terminus\/\",\"name\":\"Syst\u00e8me Terminus - Kadur\",\"isPartOf\":{\"@id\":\"https:\/\/www.kadur.com\/fr\/#website\"},\"primaryImageOfPage\":{\"@id\":\"https:\/\/www.kadur.com\/fr\/lames\/bois\/systemes-reversibles\/terminus\/#primaryimage\"},\"image\":{\"@id\":\"https:\/\/www.kadur.com\/fr\/lames\/bois\/systemes-reversibles\/terminus\/#primaryimage\"},\"thumbnailUrl\":\"http:\/\/www.kadur.com\/wp-content\/uploads\/2013\/03\/sist_terminus_fr_a-300x76.png\",\"datePublished\":\"2013-03-11T14:37:03+00:00\",\"dateModified\":\"2013-03-12T00:33:18+00:00\",\"breadcrumb\":{\"@id\":\"https:\/\/www.kadur.com\/fr\/lames\/bois\/systemes-reversibles\/terminus\/#breadcrumb\"},\"inLanguage\":\"fr-FR\",\"potentialAction\":[{\"@type\":\"ReadAction\",\"target\":[\"https:\/\/www.kadur.com\/fr\/lames\/bois\/systemes-reversibles\/terminus\/\"]}]},{\"@type\":\"ImageObject\",\"inLanguage\":\"fr-FR\",\"@id\":\"https:\/\/www.kadur.com\/fr\/lames\/bois\/systemes-reversibles\/terminus\/#primaryimage\",\"url\":\"http:\/\/www.kadur.com\/wp-content\/uploads\/2013\/03\/sist_terminus_fr_a-300x76.png\",\"contentUrl\":\"http:\/\/www.kadur.com\/wp-content\/uploads\/2013\/03\/sist_terminus_fr_a-300x76.png\"},{\"@type\":\"BreadcrumbList\",\"@id\":\"https:\/\/www.kadur.com\/fr\/lames\/bois\/systemes-reversibles\/terminus\/#breadcrumb\",\"itemListElement\":[{\"@type\":\"ListItem\",\"position\":1,\"name\":\"Home\",\"item\":\"https:\/\/www.kadur.com\/fr\/\"},{\"@type\":\"ListItem\",\"position\":2,\"name\":\"Lames\",\"item\":\"https:\/\/www.kadur.com\/fr\/lames\/\"},{\"@type\":\"ListItem\",\"position\":3,\"name\":\"Bois et menuiserie\",\"item\":\"https:\/\/www.kadur.com\/fr\/lames\/bois\/\"},{\"@type\":\"ListItem\",\"position\":4,\"name\":\"Syst\u00e8mes r\u00e9versibles\",\"item\":\"https:\/\/www.kadur.com\/fr\/lames\/bois\/systemes-reversibles\/\"},{\"@type\":\"ListItem\",\"position\":5,\"name\":\"Syst\u00e8me Terminus\"}]},{\"@type\":\"WebSite\",\"@id\":\"https:\/\/www.kadur.com\/fr\/#website\",\"url\":\"https:\/\/www.kadur.com\/fr\/\",\"name\":\"Kadur\",\"description\":\"Lames Industrielles Haute Performance\",\"potentialAction\":[{\"@type\":\"SearchAction\",\"target\":{\"@type\":\"EntryPoint\",\"urlTemplate\":\"https:\/\/www.kadur.com\/fr\/?s={search_term_string}\"},\"query-input\":{\"@type\":\"PropertyValueSpecification\",\"valueRequired\":true,\"valueName\":\"search_term_string\"}}],\"inLanguage\":\"fr-FR\"}]}<\/script>\n<!-- \/ Yoast SEO plugin. -->","yoast_head_json":{"title":"Syst\u00e8me Terminus - Kadur","robots":{"index":"index","follow":"follow","max-snippet":"max-snippet:-1","max-image-preview":"max-image-preview:large","max-video-preview":"max-video-preview:-1"},"canonical":"https:\/\/www.kadur.com\/fr\/lames\/bois\/systemes-reversibles\/terminus\/","og_locale":"fr_FR","og_type":"article","og_title":"Syst\u00e8me Terminus - Kadur","og_description":"Syst\u00e8me Terminus Les lames Terminus sont faites de qualit\u00e9s de Carbure de tungst\u00e8ne, HSS 18% W et ST2 Lames de rabot pour des t\u00eates de type Terminus, ce sont des lames r\u00e9versibles (une seule lame assure deux coupes), facilitent le &hellip; Continuer la lecture","og_url":"https:\/\/www.kadur.com\/fr\/lames\/bois\/systemes-reversibles\/terminus\/","og_site_name":"Kadur","article_modified_time":"2013-03-12T00:33:18+00:00","og_image":[{"url":"http:\/\/www.kadur.com\/wp-content\/uploads\/2013\/03\/sist_terminus_fr_a-300x76.png","type":"","width":"","height":""}],"twitter_misc":{"Dur\u00e9e de lecture estim\u00e9e":"2 minutes"},"schema":{"@context":"https:\/\/schema.org","@graph":[{"@type":"WebPage","@id":"https:\/\/www.kadur.com\/fr\/lames\/bois\/systemes-reversibles\/terminus\/","url":"https:\/\/www.kadur.com\/fr\/lames\/bois\/systemes-reversibles\/terminus\/","name":"Syst\u00e8me Terminus - Kadur","isPartOf":{"@id":"https:\/\/www.kadur.com\/fr\/#website"},"primaryImageOfPage":{"@id":"https:\/\/www.kadur.com\/fr\/lames\/bois\/systemes-reversibles\/terminus\/#primaryimage"},"image":{"@id":"https:\/\/www.kadur.com\/fr\/lames\/bois\/systemes-reversibles\/terminus\/#primaryimage"},"thumbnailUrl":"http:\/\/www.kadur.com\/wp-content\/uploads\/2013\/03\/sist_terminus_fr_a-300x76.png","datePublished":"2013-03-11T14:37:03+00:00","dateModified":"2013-03-12T00:33:18+00:00","breadcrumb":{"@id":"https:\/\/www.kadur.com\/fr\/lames\/bois\/systemes-reversibles\/terminus\/#breadcrumb"},"inLanguage":"fr-FR","potentialAction":[{"@type":"ReadAction","target":["https:\/\/www.kadur.com\/fr\/lames\/bois\/systemes-reversibles\/terminus\/"]}]},{"@type":"ImageObject","inLanguage":"fr-FR","@id":"https:\/\/www.kadur.com\/fr\/lames\/bois\/systemes-reversibles\/terminus\/#primaryimage","url":"http:\/\/www.kadur.com\/wp-content\/uploads\/2013\/03\/sist_terminus_fr_a-300x76.png","contentUrl":"http:\/\/www.kadur.com\/wp-content\/uploads\/2013\/03\/sist_terminus_fr_a-300x76.png"},{"@type":"BreadcrumbList","@id":"https:\/\/www.kadur.com\/fr\/lames\/bois\/systemes-reversibles\/terminus\/#breadcrumb","itemListElement":[{"@type":"ListItem","position":1,"name":"Home","item":"https:\/\/www.kadur.com\/fr\/"},{"@type":"ListItem","position":2,"name":"Lames","item":"https:\/\/www.kadur.com\/fr\/lames\/"},{"@type":"ListItem","position":3,"name":"Bois et menuiserie","item":"https:\/\/www.kadur.com\/fr\/lames\/bois\/"},{"@type":"ListItem","position":4,"name":"Syst\u00e8mes r\u00e9versibles","item":"https:\/\/www.kadur.com\/fr\/lames\/bois\/systemes-reversibles\/"},{"@type":"ListItem","position":5,"name":"Syst\u00e8me Terminus"}]},{"@type":"WebSite","@id":"https:\/\/www.kadur.com\/fr\/#website","url":"https:\/\/www.kadur.com\/fr\/","name":"Kadur","description":"Lames Industrielles Haute Performance","potentialAction":[{"@type":"SearchAction","target":{"@type":"EntryPoint","urlTemplate":"https:\/\/www.kadur.com\/fr\/?s={search_term_string}"},"query-input":{"@type":"PropertyValueSpecification","valueRequired":true,"valueName":"search_term_string"}}],"inLanguage":"fr-FR"}]}},"_links":{"self":[{"href":"https:\/\/www.kadur.com\/fr\/wp-json\/wp\/v2\/pages\/1830"}],"collection":[{"href":"https:\/\/www.kadur.com\/fr\/wp-json\/wp\/v2\/pages"}],"about":[{"href":"https:\/\/www.kadur.com\/fr\/wp-json\/wp\/v2\/types\/page"}],"author":[{"embeddable":true,"href":"https:\/\/www.kadur.com\/fr\/wp-json\/wp\/v2\/users\/1"}],"replies":[{"embeddable":true,"href":"https:\/\/www.kadur.com\/fr\/wp-json\/wp\/v2\/comments?post=1830"}],"version-history":[{"count":0,"href":"https:\/\/www.kadur.com\/fr\/wp-json\/wp\/v2\/pages\/1830\/revisions"}],"up":[{"embeddable":true,"href":"https:\/\/www.kadur.com\/fr\/wp-json\/wp\/v2\/pages\/1341"}],"wp:attachment":[{"href":"https:\/\/www.kadur.com\/fr\/wp-json\/wp\/v2\/media?parent=1830"}],"curies":[{"name":"wp","href":"https:\/\/api.w.org\/{rel}","templated":true}]}}