{"id":1825,"date":"2013-03-11T15:33:38","date_gmt":"2013-03-11T14:33:38","guid":{"rendered":"http:\/\/www.kadur.com\/?page_id=1825"},"modified":"2013-03-12T01:15:40","modified_gmt":"2013-03-12T00:15:40","slug":"centrolock","status":"publish","type":"page","link":"https:\/\/www.kadur.com\/fr\/lames\/bois\/systemes-reversibles\/centrolock\/","title":{"rendered":"Syst\u00e8me Centrolock"},"content":{"rendered":"<h1><img decoding=\"async\" src=\"http:\/\/www.kadur.com\/wp-content\/uploads\/2013\/03\/sist_centrolock_fr_a-300x77.png\" alt=\"sist_centrolock_fr_a\" width=\"300\" height=\"77\" class=\"alignright size-medium wp-image-1767\" srcset=\"https:\/\/www.kadur.com\/wp-content\/uploads\/2013\/03\/sist_centrolock_fr_a-300x77.png 300w, https:\/\/www.kadur.com\/wp-content\/uploads\/2013\/03\/sist_centrolock_fr_a.png 307w\" sizes=\"(max-width: 300px) 100vw, 300px\" \/>Syst\u00e8me Centrolock<\/h1>\n<h2>Les lames Centrolock sont fabriqu\u00e9es dans les qualit\u00e9s de Carbure de tungst\u00e8ne, HSS 18% W et ST2<\/h2>\n<h3>La quantit\u00e9 de Carbure de tungst\u00e8ne, ST2 et HSS 18% W appliqu\u00e9e dans les lames de rabot Centrolock (r\u00e9versible, une seule lame assure deux coupes), facilitent le changement de lame, r\u00e9duisant le temps d\u2019arr\u00eat de la machine. Ajustement automatique. On utilise de machines \u00e0 faire des moulures de type Weining.<\/h3>\n<table>\n<thead>\n<tr>\n<th rowspan=\"2\">L x L x E mm<\/th>\n<th colspan=\"4\">Qualit\u00e9<\/th>\n<\/tr>\n<tr>\n<th>HSS 18% W<\/th>\n<th>ST2<\/th>\n<th>TCT<\/th>\n<\/tr>\n<\/thead>\n<tbody>\n<tr>\n<td>20 x 16 x 3<\/td>\n<td>KC0216HS1<\/td>\n<td>KC0216ST2<\/td>\n<td>KC0216TC<\/td>\n<\/tr>\n<tr>\n<td>60 x 16 x 3<\/td>\n<td>KC0616HS1<\/td>\n<td>KC0616ST2<\/td>\n<td>KC0616TC<\/td>\n<\/tr>\n<tr>\n<td colspan=\"4\" height=\"15\"><\/td>\n<\/tr>\n<tr>\n<td>70 x 16 x 3<\/td>\n<td>KC0716HS1<\/td>\n<td>KC0716ST2<\/td>\n<td>KC0716TC<\/td>\n<\/tr>\n<tr>\n<td>80 x 16 x 3<\/td>\n<td>KC0816HS1<\/td>\n<td>KC0816ST2<\/td>\n<td>KC0816TC<\/td>\n<\/tr>\n<tr>\n<td colspan=\"4\" height=\"15\"><\/td>\n<\/tr>\n<tr>\n<td>100 x 16 x 3<\/td>\n<td>KC1016HS1<\/td>\n<td>KC1016ST2<\/td>\n<td>KC1016TC<\/td>\n<\/tr>\n<tr>\n<td>110 x 16 x 3<\/td>\n<td>KC1116HS1<\/td>\n<td>KC1116ST2<\/td>\n<td>KC1116TC<\/td>\n<\/tr>\n<tr>\n<td colspan=\"4\" height=\"15\"><\/td>\n<\/tr>\n<tr>\n<td>130 x 16 x 3<\/td>\n<td>KC1316HS1<\/td>\n<td>KC1316ST2<\/td>\n<td>KC1316TC<\/td>\n<\/tr>\n<tr>\n<td>150 x 16 x 3<\/td>\n<td>KC1516HS1<\/td>\n<td>KC1516ST2<\/td>\n<td>KC1616TC<\/td>\n<\/tr>\n<tr>\n<td colspan=\"4\" height=\"15\"><\/td>\n<\/tr>\n<tr>\n<td>160 x 16 x 3<\/td>\n<td>KC1616HS1<\/td>\n<td>KC1616ST2<\/td>\n<td>KC1816TC<\/td>\n<\/tr>\n<tr>\n<td>170 x 16 x 3<\/td>\n<td>KC1716HS1<\/td>\n<td>KC1716ST2<\/td>\n<td>KC1716TC<\/td>\n<\/tr>\n<tr>\n<td colspan=\"4\" height=\"15\"><\/td>\n<\/tr>\n<tr>\n<td>180 x 16 x 3<\/td>\n<td>KC1816HS1<\/td>\n<td>KC1816ST2<\/td>\n<td>KC1816TC<\/td>\n<\/tr>\n<tr>\n<td>200 x 16 x 3<\/td>\n<td>KC2016HS1<\/td>\n<td>KC2016ST2<\/td>\n<td>KC2016TC<\/td>\n<\/tr>\n<tr>\n<td colspan=\"4\" height=\"15\"><\/td>\n<\/tr>\n<tr>\n<td>210 x 16 x 3<\/td>\n<td>KC2116HS1<\/td>\n<td>KC2116ST2<\/td>\n<td>KC2116TC<\/td>\n<\/tr>\n<tr>\n<td>220 x 16 x 3<\/td>\n<td>KC2216HS1<\/td>\n<td>KC2216ST2<\/td>\n<td>KC2216TC<\/td>\n<\/tr>\n<tr>\n<td colspan=\"4\" height=\"15\"><\/td>\n<\/tr>\n<tr>\n<td>230 x 16 x 3<\/td>\n<td>KC2316HS1<\/td>\n<td>KC2316ST2<\/td>\n<td>KC2316TC<\/td>\n<\/tr>\n<tr>\n<td>240 x 16 x 3<\/td>\n<td>KC2416HS1<\/td>\n<td>KC2416ST2<\/td>\n<td>KC2416TC<\/td>\n<\/tr>\n<tr>\n<td colspan=\"4\" height=\"15\"><\/td>\n<\/tr>\n<tr>\n<td>250 x 16 x 3<\/td>\n<td>KC2516HS1<\/td>\n<td>KC2516ST2<\/td>\n<td>KC2516TC<\/td>\n<\/tr>\n<tr>\n<td>260 x 16 x 3<\/td>\n<td>KC2616HS1<\/td>\n<td>KC2616ST2<\/td>\n<td>KC2616TC<\/td>\n<\/tr>\n<tr>\n<td colspan=\"4\" height=\"15\"><\/td>\n<\/tr>\n<tr>\n<td>270 x 16 x 3<\/td>\n<td>KC2716HS1<\/td>\n<td>KC2716ST2<\/td>\n<td>KC2716TC<\/td>\n<\/tr>\n<tr>\n<td>280 x 16 x 3<\/td>\n<td>KC2816HS1<\/td>\n<td>KC2816ST2<\/td>\n<td>KC2816TC<\/td>\n<\/tr>\n<tr>\n<td colspan=\"4\" height=\"15\"><\/td>\n<\/tr>\n<tr>\n<td>290 x 16 x 3<\/td>\n<td>KC2916HS1<\/td>\n<td>KC2916ST2<\/td>\n<td>KC2916TC<\/td>\n<\/tr>\n<tr>\n<td>310 x 16 x 3<\/td>\n<td>KC3116HS1<\/td>\n<td>KC3116ST2<\/td>\n<td>KC3116TC<\/td>\n<\/tr>\n<tr>\n<td colspan=\"4\" height=\"15\"><\/td>\n<\/tr>\n<tr>\n<td>360 x 16 x 3<\/td>\n<td>KC3616HS1<\/td>\n<td>KC3616ST2<\/td>\n<td>KC3616TC<\/td>\n<\/tr>\n<tr>\n<td>450 x 16 x 3<\/td>\n<td>KC4516HS1<\/td>\n<td>KC4516ST2<\/td>\n<td>KC4516TC<\/td>\n<\/tr>\n<tr>\n<td colspan=\"4\" height=\"15\"><\/td>\n<\/tr>\n<tr>\n<td>460 x 16 x 3<\/td>\n<td>KC4616HS1<\/td>\n<td>KC4616ST2<\/td>\n<td>KC4816TC<\/td>\n<\/tr>\n<tr>\n<td>650 x 16 x 3<\/td>\n<td>KC6516HS1<\/td>\n<td>KC6516ST2<\/td>\n<td>KC6516TC<\/td>\n<\/tr>\n<\/tbody>\n<\/table>\n","protected":false},"excerpt":{"rendered":"<p>Syst\u00e8me Centrolock Les lames Centrolock sont fabriqu\u00e9es dans les qualit\u00e9s de Carbure de tungst\u00e8ne, HSS 18% W et ST2 La quantit\u00e9 de Carbure de tungst\u00e8ne, ST2 et HSS 18% W appliqu\u00e9e dans les lames de rabot Centrolock (r\u00e9versible, une seule &hellip; <br \/><a href=\"https:\/\/www.kadur.com\/fr\/lames\/bois\/systemes-reversibles\/centrolock\/\" class=\"more-link\">Continuer la lecture<\/a><\/p>\n","protected":false},"author":1,"featured_media":0,"parent":1341,"menu_order":2,"comment_status":"closed","ping_status":"closed","template":"","meta":{"footnotes":""},"yoast_head":"<!-- This site is optimized with the Yoast SEO plugin v24.5 - https:\/\/yoast.com\/wordpress\/plugins\/seo\/ -->\n<title>Syst\u00e8me Centrolock - Kadur<\/title>\n<meta name=\"robots\" content=\"index, follow, max-snippet:-1, max-image-preview:large, max-video-preview:-1\" \/>\n<link rel=\"canonical\" href=\"https:\/\/www.kadur.com\/fr\/lames\/bois\/systemes-reversibles\/centrolock\/\" \/>\n<meta property=\"og:locale\" content=\"fr_FR\" \/>\n<meta property=\"og:type\" content=\"article\" \/>\n<meta property=\"og:title\" content=\"Syst\u00e8me Centrolock - Kadur\" \/>\n<meta property=\"og:description\" content=\"Syst\u00e8me Centrolock Les lames Centrolock sont fabriqu\u00e9es dans les qualit\u00e9s de Carbure de tungst\u00e8ne, HSS 18% W et ST2 La quantit\u00e9 de Carbure de tungst\u00e8ne, ST2 et HSS 18% W appliqu\u00e9e dans les lames de rabot Centrolock (r\u00e9versible, une seule &hellip; Continuer la lecture\" \/>\n<meta property=\"og:url\" content=\"https:\/\/www.kadur.com\/fr\/lames\/bois\/systemes-reversibles\/centrolock\/\" \/>\n<meta property=\"og:site_name\" content=\"Kadur\" \/>\n<meta property=\"article:modified_time\" content=\"2013-03-12T00:15:40+00:00\" \/>\n<meta property=\"og:image\" content=\"http:\/\/www.kadur.com\/wp-content\/uploads\/2013\/03\/sist_centrolock_fr_a-300x77.png\" \/>\n<meta name=\"twitter:label1\" content=\"Dur\u00e9e de lecture estim\u00e9e\" \/>\n\t<meta name=\"twitter:data1\" content=\"1 minute\" \/>\n<script type=\"application\/ld+json\" class=\"yoast-schema-graph\">{\"@context\":\"https:\/\/schema.org\",\"@graph\":[{\"@type\":\"WebPage\",\"@id\":\"https:\/\/www.kadur.com\/fr\/lames\/bois\/systemes-reversibles\/centrolock\/\",\"url\":\"https:\/\/www.kadur.com\/fr\/lames\/bois\/systemes-reversibles\/centrolock\/\",\"name\":\"Syst\u00e8me Centrolock - Kadur\",\"isPartOf\":{\"@id\":\"https:\/\/www.kadur.com\/fr\/#website\"},\"primaryImageOfPage\":{\"@id\":\"https:\/\/www.kadur.com\/fr\/lames\/bois\/systemes-reversibles\/centrolock\/#primaryimage\"},\"image\":{\"@id\":\"https:\/\/www.kadur.com\/fr\/lames\/bois\/systemes-reversibles\/centrolock\/#primaryimage\"},\"thumbnailUrl\":\"http:\/\/www.kadur.com\/wp-content\/uploads\/2013\/03\/sist_centrolock_fr_a-300x77.png\",\"datePublished\":\"2013-03-11T14:33:38+00:00\",\"dateModified\":\"2013-03-12T00:15:40+00:00\",\"breadcrumb\":{\"@id\":\"https:\/\/www.kadur.com\/fr\/lames\/bois\/systemes-reversibles\/centrolock\/#breadcrumb\"},\"inLanguage\":\"fr-FR\",\"potentialAction\":[{\"@type\":\"ReadAction\",\"target\":[\"https:\/\/www.kadur.com\/fr\/lames\/bois\/systemes-reversibles\/centrolock\/\"]}]},{\"@type\":\"ImageObject\",\"inLanguage\":\"fr-FR\",\"@id\":\"https:\/\/www.kadur.com\/fr\/lames\/bois\/systemes-reversibles\/centrolock\/#primaryimage\",\"url\":\"http:\/\/www.kadur.com\/wp-content\/uploads\/2013\/03\/sist_centrolock_fr_a-300x77.png\",\"contentUrl\":\"http:\/\/www.kadur.com\/wp-content\/uploads\/2013\/03\/sist_centrolock_fr_a-300x77.png\"},{\"@type\":\"BreadcrumbList\",\"@id\":\"https:\/\/www.kadur.com\/fr\/lames\/bois\/systemes-reversibles\/centrolock\/#breadcrumb\",\"itemListElement\":[{\"@type\":\"ListItem\",\"position\":1,\"name\":\"Home\",\"item\":\"https:\/\/www.kadur.com\/fr\/\"},{\"@type\":\"ListItem\",\"position\":2,\"name\":\"Lames\",\"item\":\"https:\/\/www.kadur.com\/fr\/lames\/\"},{\"@type\":\"ListItem\",\"position\":3,\"name\":\"Bois et menuiserie\",\"item\":\"https:\/\/www.kadur.com\/fr\/lames\/bois\/\"},{\"@type\":\"ListItem\",\"position\":4,\"name\":\"Syst\u00e8mes r\u00e9versibles\",\"item\":\"https:\/\/www.kadur.com\/fr\/lames\/bois\/systemes-reversibles\/\"},{\"@type\":\"ListItem\",\"position\":5,\"name\":\"Syst\u00e8me Centrolock\"}]},{\"@type\":\"WebSite\",\"@id\":\"https:\/\/www.kadur.com\/fr\/#website\",\"url\":\"https:\/\/www.kadur.com\/fr\/\",\"name\":\"Kadur\",\"description\":\"Lames Industrielles Haute Performance\",\"potentialAction\":[{\"@type\":\"SearchAction\",\"target\":{\"@type\":\"EntryPoint\",\"urlTemplate\":\"https:\/\/www.kadur.com\/fr\/?s={search_term_string}\"},\"query-input\":{\"@type\":\"PropertyValueSpecification\",\"valueRequired\":true,\"valueName\":\"search_term_string\"}}],\"inLanguage\":\"fr-FR\"}]}<\/script>\n<!-- \/ Yoast SEO plugin. -->","yoast_head_json":{"title":"Syst\u00e8me Centrolock - Kadur","robots":{"index":"index","follow":"follow","max-snippet":"max-snippet:-1","max-image-preview":"max-image-preview:large","max-video-preview":"max-video-preview:-1"},"canonical":"https:\/\/www.kadur.com\/fr\/lames\/bois\/systemes-reversibles\/centrolock\/","og_locale":"fr_FR","og_type":"article","og_title":"Syst\u00e8me Centrolock - Kadur","og_description":"Syst\u00e8me Centrolock Les lames Centrolock sont fabriqu\u00e9es dans les qualit\u00e9s de Carbure de tungst\u00e8ne, HSS 18% W et ST2 La quantit\u00e9 de Carbure de tungst\u00e8ne, ST2 et HSS 18% W appliqu\u00e9e dans les lames de rabot Centrolock (r\u00e9versible, une seule &hellip; Continuer la lecture","og_url":"https:\/\/www.kadur.com\/fr\/lames\/bois\/systemes-reversibles\/centrolock\/","og_site_name":"Kadur","article_modified_time":"2013-03-12T00:15:40+00:00","og_image":[{"url":"http:\/\/www.kadur.com\/wp-content\/uploads\/2013\/03\/sist_centrolock_fr_a-300x77.png","type":"","width":"","height":""}],"twitter_misc":{"Dur\u00e9e de lecture estim\u00e9e":"1 minute"},"schema":{"@context":"https:\/\/schema.org","@graph":[{"@type":"WebPage","@id":"https:\/\/www.kadur.com\/fr\/lames\/bois\/systemes-reversibles\/centrolock\/","url":"https:\/\/www.kadur.com\/fr\/lames\/bois\/systemes-reversibles\/centrolock\/","name":"Syst\u00e8me Centrolock - Kadur","isPartOf":{"@id":"https:\/\/www.kadur.com\/fr\/#website"},"primaryImageOfPage":{"@id":"https:\/\/www.kadur.com\/fr\/lames\/bois\/systemes-reversibles\/centrolock\/#primaryimage"},"image":{"@id":"https:\/\/www.kadur.com\/fr\/lames\/bois\/systemes-reversibles\/centrolock\/#primaryimage"},"thumbnailUrl":"http:\/\/www.kadur.com\/wp-content\/uploads\/2013\/03\/sist_centrolock_fr_a-300x77.png","datePublished":"2013-03-11T14:33:38+00:00","dateModified":"2013-03-12T00:15:40+00:00","breadcrumb":{"@id":"https:\/\/www.kadur.com\/fr\/lames\/bois\/systemes-reversibles\/centrolock\/#breadcrumb"},"inLanguage":"fr-FR","potentialAction":[{"@type":"ReadAction","target":["https:\/\/www.kadur.com\/fr\/lames\/bois\/systemes-reversibles\/centrolock\/"]}]},{"@type":"ImageObject","inLanguage":"fr-FR","@id":"https:\/\/www.kadur.com\/fr\/lames\/bois\/systemes-reversibles\/centrolock\/#primaryimage","url":"http:\/\/www.kadur.com\/wp-content\/uploads\/2013\/03\/sist_centrolock_fr_a-300x77.png","contentUrl":"http:\/\/www.kadur.com\/wp-content\/uploads\/2013\/03\/sist_centrolock_fr_a-300x77.png"},{"@type":"BreadcrumbList","@id":"https:\/\/www.kadur.com\/fr\/lames\/bois\/systemes-reversibles\/centrolock\/#breadcrumb","itemListElement":[{"@type":"ListItem","position":1,"name":"Home","item":"https:\/\/www.kadur.com\/fr\/"},{"@type":"ListItem","position":2,"name":"Lames","item":"https:\/\/www.kadur.com\/fr\/lames\/"},{"@type":"ListItem","position":3,"name":"Bois et menuiserie","item":"https:\/\/www.kadur.com\/fr\/lames\/bois\/"},{"@type":"ListItem","position":4,"name":"Syst\u00e8mes r\u00e9versibles","item":"https:\/\/www.kadur.com\/fr\/lames\/bois\/systemes-reversibles\/"},{"@type":"ListItem","position":5,"name":"Syst\u00e8me Centrolock"}]},{"@type":"WebSite","@id":"https:\/\/www.kadur.com\/fr\/#website","url":"https:\/\/www.kadur.com\/fr\/","name":"Kadur","description":"Lames Industrielles Haute Performance","potentialAction":[{"@type":"SearchAction","target":{"@type":"EntryPoint","urlTemplate":"https:\/\/www.kadur.com\/fr\/?s={search_term_string}"},"query-input":{"@type":"PropertyValueSpecification","valueRequired":true,"valueName":"search_term_string"}}],"inLanguage":"fr-FR"}]}},"_links":{"self":[{"href":"https:\/\/www.kadur.com\/fr\/wp-json\/wp\/v2\/pages\/1825"}],"collection":[{"href":"https:\/\/www.kadur.com\/fr\/wp-json\/wp\/v2\/pages"}],"about":[{"href":"https:\/\/www.kadur.com\/fr\/wp-json\/wp\/v2\/types\/page"}],"author":[{"embeddable":true,"href":"https:\/\/www.kadur.com\/fr\/wp-json\/wp\/v2\/users\/1"}],"replies":[{"embeddable":true,"href":"https:\/\/www.kadur.com\/fr\/wp-json\/wp\/v2\/comments?post=1825"}],"version-history":[{"count":0,"href":"https:\/\/www.kadur.com\/fr\/wp-json\/wp\/v2\/pages\/1825\/revisions"}],"up":[{"embeddable":true,"href":"https:\/\/www.kadur.com\/fr\/wp-json\/wp\/v2\/pages\/1341"}],"wp:attachment":[{"href":"https:\/\/www.kadur.com\/fr\/wp-json\/wp\/v2\/media?parent=1825"}],"curies":[{"name":"wp","href":"https:\/\/api.w.org\/{rel}","templated":true}]}}