{"id":1800,"date":"2013-03-10T13:03:03","date_gmt":"2013-03-10T12:03:03","guid":{"rendered":"http:\/\/www.kadur.com\/?page_id=1800"},"modified":"2013-03-11T15:18:59","modified_gmt":"2013-03-11T14:18:59","slug":"kadur-fix","status":"publish","type":"page","link":"https:\/\/www.kadur.com\/fr\/lames\/bois\/systemes-reversibles\/kadur-fix\/","title":{"rendered":"Syst\u00e8me Kadur Fix"},"content":{"rendered":"<h1><img decoding=\"async\" src=\"http:\/\/www.kadur.com\/wp-content\/uploads\/2013\/03\/sist_kadurfix_fr_a.png\" alt=\"sist_kadurfix_fr_a\" width=\"127\" height=\"75\" class=\"alignright size-full wp-image-1763\" \/>Syst\u00e8me Kadur Fix<\/h1>\n<h2>Le M\u00e9tal Dur est un mat\u00e9riel de synth\u00e8se qui comporte un alliage ayant un haut contenu de wolframio (Carbure de Tungst\u00e8ne)<\/h2>\n<h3>Les lames Kadur Fix sont utilis\u00e9es dans les machines \u00e0 \u00e9paissir et \u00e0 aplatir, Elles permettent d\u2019utiliser les Carbures les plus durs et r\u00e9sistants de derni\u00e8re g\u00e9n\u00e9ration, pour obtenir des hauts rendements dans le travail, facilitent les profilages (et les aiguisages) le Carbure de Tungst\u00e8ne et l\u2019acier pouvant \u00eatre rectifi\u00e9s s\u00e9par\u00e9ment.<\/h3>\n<div class=\"columns\"><div class=\"clear\"><div class=\"col1-2\"><\/p>\n<table>\n<thead>\n<tr>\n<th colspan=\"3\">Jeu Complet<\/th>\n<\/tr>\n<tr>\n<th rowspan=\"2\">L x L x E mm<\/th>\n<th colspan=\"2\">Qualit\u00e9<\/th>\n<\/tr>\n<tr>\n<th>MG6<\/th>\n<th>MG8<\/th>\n<\/tr>\n<\/thead>\n<tbody>\n<tr>\n<td>40 x 40 x 10<\/td>\n<td>KF0440MG6<\/td>\n<td>KF0440MG8<\/td>\n<\/tr>\n<tr>\n<td>40 x 50 x 10<\/td>\n<td>KF0450MG6<\/td>\n<td>KF0450MG8<\/td>\n<\/tr>\n<tr>\n<td>40 x 60 x 10<\/td>\n<td>KF0460MG6<\/td>\n<td>KF0460MG8<\/td>\n<\/tr>\n<tr>\n<td colspan=\"3\" height=\"15\"><\/td>\n<\/tr>\n<tr>\n<td>60 x 40 x 10<\/td>\n<td>KF0640MG6<\/td>\n<td>KF0640MG8<\/td>\n<\/tr>\n<tr>\n<td>60 x 50 x 10<\/td>\n<td>KF0650MG6<\/td>\n<td>KF0650MG8<\/td>\n<\/tr>\n<tr>\n<td>60 x 60 x 10<\/td>\n<td>KF0660MG6<\/td>\n<td>KF0660MG8<\/td>\n<\/tr>\n<tr>\n<td colspan=\"3\" height=\"15\"><\/td>\n<\/tr>\n<tr>\n<td>80 x 40 x 10<\/td>\n<td>KF0840MG6<\/td>\n<td>KF0840MG8<\/td>\n<\/tr>\n<tr>\n<td>80 x 50 x 10<\/td>\n<td>KF0850MG6<\/td>\n<td>KF0850MG8<\/td>\n<\/tr>\n<tr>\n<td>80 x 60 x 10<\/td>\n<td>KF0860MG6<\/td>\n<td>KF0860MG8<\/td>\n<\/tr>\n<tr>\n<td colspan=\"3\" height=\"15\"><\/td>\n<\/tr>\n<tr>\n<td>100 x 40 x 10<\/td>\n<td>KF1040MG6<\/td>\n<td>KF1040MG8<\/td>\n<\/tr>\n<tr>\n<td>100 x 50 x 10<\/td>\n<td>KF1050MG6<\/td>\n<td>KF1050MG8<\/td>\n<\/tr>\n<tr>\n<td>100 x 60 x 10<\/td>\n<td>KF1060MG6<\/td>\n<td>KF1060MG8<\/td>\n<\/tr>\n<tr>\n<td colspan=\"3\" height=\"15\"><\/td>\n<\/tr>\n<tr>\n<td>120 x 40 x 10<\/td>\n<td>KF1240MG6<\/td>\n<td>KF1240MG8<\/td>\n<\/tr>\n<tr>\n<td>120 x 50 x 10<\/td>\n<td>KF1250MG6<\/td>\n<td>KF1250MG8<\/td>\n<\/tr>\n<tr>\n<td>120 x 60 x 10<\/td>\n<td>KF1260MG6<\/td>\n<td>KF1260MG8<\/td>\n<\/tr>\n<tr>\n<td colspan=\"3\" height=\"15\"><\/td>\n<\/tr>\n<tr>\n<td>130 x 40 x 10<\/td>\n<td>KF1340MG6<\/td>\n<td>KF1340MG8<\/td>\n<\/tr>\n<tr>\n<td>130 x 50 x 10<\/td>\n<td>KF1350MG6<\/td>\n<td>KF1350MG8<\/td>\n<\/tr>\n<tr>\n<td>130 x 60 x 10<\/td>\n<td>KF1360MG6<\/td>\n<td>KF1360MG8<\/td>\n<\/tr>\n<tr>\n<td colspan=\"3\" height=\"15\"><\/td>\n<\/tr>\n<tr>\n<td>150 x 40 x 10<\/td>\n<td>KF1540MG6<\/td>\n<td>KF1540MG8<\/td>\n<\/tr>\n<tr>\n<td>150 x 50 x 10<\/td>\n<td>KF1550MG6<\/td>\n<td>KF1550MG8<\/td>\n<\/tr>\n<tr>\n<td>150 x 60 x 10<\/td>\n<td>KF1560MG6<\/td>\n<td>KF1560MG8<\/td>\n<\/tr>\n<tr>\n<td colspan=\"3\" height=\"15\"><\/td>\n<\/tr>\n<tr>\n<td>310 x 40 x 10<\/td>\n<td>KF3140MG6<\/td>\n<td>KF3140MG8<\/td>\n<\/tr>\n<tr>\n<td>310 x 50 x 10<\/td>\n<td>KF3150MG6<\/td>\n<td>KF3150MG8<\/td>\n<\/tr>\n<tr>\n<td>310 x 60 x 10<\/td>\n<td>KF3160MG6<\/td>\n<td>KF3160MG8<\/td>\n<\/tr>\n<\/tbody>\n<\/table>\n<p><\/div><div class=\"col1-2\"><\/p>\n<table>\n<thead>\n<tr>\n<th colspan=\"3\">Plaque Int\u00e9grale TCT<\/th>\n<\/tr>\n<tr>\n<th rowspan=\"2\">L x L x s mm<\/th>\n<th colspan=\"2\">Qualit\u00e9<\/th>\n<\/tr>\n<tr>\n<th>MG6<\/th>\n<th>MG8<\/th>\n<\/tr>\n<\/thead>\n<tbody>\n<tr>\n<td>40 x 40 x 3<\/td>\n<td>TF0443MG6<\/td>\n<td>TF0443MG8<\/td>\n<\/tr>\n<tr>\n<td>40 x 50 x 3<\/td>\n<td>TF0453MG6<\/td>\n<td>TF0453MG8<\/td>\n<\/tr>\n<tr>\n<td>40 x 60 x 3<\/td>\n<td>TF0463MG6<\/td>\n<td>TF0463MG8<\/td>\n<\/tr>\n<tr>\n<td colspan=\"3\" height=\"15\"><\/td>\n<\/tr>\n<tr>\n<td>60 x 40 x 3<\/td>\n<td>TF0643MG6<\/td>\n<td>TF0643MG8<\/td>\n<\/tr>\n<tr>\n<td>60 x 50 x 3<\/td>\n<td>TF0653MG6<\/td>\n<td>TF0653MG8<\/td>\n<\/tr>\n<tr>\n<td>60 x 60 x 3<\/td>\n<td>TF0663MG6<\/td>\n<td>TF0663MG8<\/td>\n<\/tr>\n<tr>\n<td colspan=\"3\" height=\"15\"><\/td>\n<\/tr>\n<tr>\n<td>80 x 40 x 3<\/td>\n<td>TF0843MG6<\/td>\n<td>TF0843MG8<\/td>\n<\/tr>\n<tr>\n<td>80 x 50 x 3<\/td>\n<td>TF0853MG6<\/td>\n<td>TF0853MG8<\/td>\n<\/tr>\n<tr>\n<td>80 x 60 x 3<\/td>\n<td>TF0863MG6<\/td>\n<td>TF0863MG8<\/td>\n<\/tr>\n<tr>\n<td colspan=\"3\" height=\"15\"><\/td>\n<\/tr>\n<tr>\n<td>100 x 40 x 3<\/td>\n<td>TF1043MG6<\/td>\n<td>TF1043MG8<\/td>\n<\/tr>\n<tr>\n<td>100 x 50 x 3<\/td>\n<td>TF1053MG6<\/td>\n<td>TF1053MG8<\/td>\n<\/tr>\n<tr>\n<td>100 x 60 x 3<\/td>\n<td>TF1063MG6<\/td>\n<td>TF1063MG8<\/td>\n<\/tr>\n<tr>\n<td colspan=\"3\" height=\"15\"><\/td>\n<\/tr>\n<tr>\n<td>120 x 40 x 3<\/td>\n<td>TF1243MG6<\/td>\n<td>TF1243MG8<\/td>\n<\/tr>\n<tr>\n<td>120 x 50 x 3<\/td>\n<td>TF1253MG6<\/td>\n<td>TF1253MG8<\/td>\n<\/tr>\n<tr>\n<td>120 x 60 x 3<\/td>\n<td>TF1263MG6<\/td>\n<td>TF1263MG8<\/td>\n<\/tr>\n<tr>\n<td colspan=\"3\" height=\"15\"><\/td>\n<\/tr>\n<tr>\n<td>130 x 40 x 3<\/td>\n<td>TF1343MG6<\/td>\n<td>TF1343MG8<\/td>\n<\/tr>\n<tr>\n<td>130 x 50 x 3<\/td>\n<td>TF1353MG6<\/td>\n<td>TF1353MG8<\/td>\n<\/tr>\n<tr>\n<td>130 x 60 x 3<\/td>\n<td>TF1363MG6<\/td>\n<td>TF1363MG8<\/td>\n<\/tr>\n<tr>\n<td colspan=\"3\" height=\"15\"><\/td>\n<\/tr>\n<tr>\n<td>150 x 40 x 3<\/td>\n<td>TF1543MG6<\/td>\n<td>TF1543MG8<\/td>\n<\/tr>\n<tr>\n<td>150 x 50 x 3<\/td>\n<td>TF1553MG6<\/td>\n<td>TF1553MG8<\/td>\n<\/tr>\n<tr>\n<td>150 x 60 x 3<\/td>\n<td>TF1563MG6<\/td>\n<td>TF1563MG8<\/td>\n<\/tr>\n<tr>\n<td colspan=\"3\" height=\"15\"><\/td>\n<\/tr>\n<tr>\n<td>310 x 40 x 3<\/td>\n<td>TF3143MG6<\/td>\n<td>TF3143MG8<\/td>\n<\/tr>\n<tr>\n<td>310 x 50 x 3<\/td>\n<td>TF3153MG6<\/td>\n<td>TF3153MG8<\/td>\n<\/tr>\n<tr>\n<td>310 x 60 x 3<\/td>\n<td>TF3163MG6<\/td>\n<td>TF3163MG8<\/td>\n<\/tr>\n<\/tbody>\n<\/table>\n<p><\/div><\/div><\/div>\n","protected":false},"excerpt":{"rendered":"<p>Syst\u00e8me Kadur Fix Le M\u00e9tal Dur est un mat\u00e9riel de synth\u00e8se qui comporte un alliage ayant un haut contenu de wolframio (Carbure de Tungst\u00e8ne) Les lames Kadur Fix sont utilis\u00e9es dans les machines \u00e0 \u00e9paissir et \u00e0 aplatir, Elles permettent &hellip; <br \/><a href=\"https:\/\/www.kadur.com\/fr\/lames\/bois\/systemes-reversibles\/kadur-fix\/\" class=\"more-link\">Continuer la lecture<\/a><\/p>\n","protected":false},"author":1,"featured_media":0,"parent":1341,"menu_order":0,"comment_status":"closed","ping_status":"closed","template":"","meta":{"footnotes":""},"yoast_head":"<!-- This site is optimized with the Yoast SEO plugin v24.5 - https:\/\/yoast.com\/wordpress\/plugins\/seo\/ -->\n<title>Syst\u00e8me Kadur Fix - Kadur<\/title>\n<meta name=\"robots\" content=\"index, follow, max-snippet:-1, max-image-preview:large, max-video-preview:-1\" \/>\n<link rel=\"canonical\" href=\"https:\/\/www.kadur.com\/fr\/lames\/bois\/systemes-reversibles\/kadur-fix\/\" \/>\n<meta property=\"og:locale\" content=\"fr_FR\" \/>\n<meta property=\"og:type\" content=\"article\" \/>\n<meta property=\"og:title\" content=\"Syst\u00e8me Kadur Fix - Kadur\" \/>\n<meta property=\"og:description\" content=\"Syst\u00e8me Kadur Fix Le M\u00e9tal Dur est un mat\u00e9riel de synth\u00e8se qui comporte un alliage ayant un haut contenu de wolframio (Carbure de Tungst\u00e8ne) Les lames Kadur Fix sont utilis\u00e9es dans les machines \u00e0 \u00e9paissir et \u00e0 aplatir, Elles permettent &hellip; Continuer la lecture\" \/>\n<meta property=\"og:url\" content=\"https:\/\/www.kadur.com\/fr\/lames\/bois\/systemes-reversibles\/kadur-fix\/\" \/>\n<meta property=\"og:site_name\" content=\"Kadur\" \/>\n<meta property=\"article:modified_time\" content=\"2013-03-11T14:18:59+00:00\" \/>\n<meta property=\"og:image\" content=\"http:\/\/www.kadur.com\/wp-content\/uploads\/2013\/03\/sist_kadurfix_fr_a.png\" \/>\n<meta name=\"twitter:label1\" content=\"Dur\u00e9e de lecture estim\u00e9e\" \/>\n\t<meta name=\"twitter:data1\" content=\"2 minutes\" \/>\n<script type=\"application\/ld+json\" class=\"yoast-schema-graph\">{\"@context\":\"https:\/\/schema.org\",\"@graph\":[{\"@type\":\"WebPage\",\"@id\":\"https:\/\/www.kadur.com\/fr\/lames\/bois\/systemes-reversibles\/kadur-fix\/\",\"url\":\"https:\/\/www.kadur.com\/fr\/lames\/bois\/systemes-reversibles\/kadur-fix\/\",\"name\":\"Syst\u00e8me Kadur Fix - Kadur\",\"isPartOf\":{\"@id\":\"https:\/\/www.kadur.com\/fr\/#website\"},\"primaryImageOfPage\":{\"@id\":\"https:\/\/www.kadur.com\/fr\/lames\/bois\/systemes-reversibles\/kadur-fix\/#primaryimage\"},\"image\":{\"@id\":\"https:\/\/www.kadur.com\/fr\/lames\/bois\/systemes-reversibles\/kadur-fix\/#primaryimage\"},\"thumbnailUrl\":\"http:\/\/www.kadur.com\/wp-content\/uploads\/2013\/03\/sist_kadurfix_fr_a.png\",\"datePublished\":\"2013-03-10T12:03:03+00:00\",\"dateModified\":\"2013-03-11T14:18:59+00:00\",\"breadcrumb\":{\"@id\":\"https:\/\/www.kadur.com\/fr\/lames\/bois\/systemes-reversibles\/kadur-fix\/#breadcrumb\"},\"inLanguage\":\"fr-FR\",\"potentialAction\":[{\"@type\":\"ReadAction\",\"target\":[\"https:\/\/www.kadur.com\/fr\/lames\/bois\/systemes-reversibles\/kadur-fix\/\"]}]},{\"@type\":\"ImageObject\",\"inLanguage\":\"fr-FR\",\"@id\":\"https:\/\/www.kadur.com\/fr\/lames\/bois\/systemes-reversibles\/kadur-fix\/#primaryimage\",\"url\":\"http:\/\/www.kadur.com\/wp-content\/uploads\/2013\/03\/sist_kadurfix_fr_a.png\",\"contentUrl\":\"http:\/\/www.kadur.com\/wp-content\/uploads\/2013\/03\/sist_kadurfix_fr_a.png\"},{\"@type\":\"BreadcrumbList\",\"@id\":\"https:\/\/www.kadur.com\/fr\/lames\/bois\/systemes-reversibles\/kadur-fix\/#breadcrumb\",\"itemListElement\":[{\"@type\":\"ListItem\",\"position\":1,\"name\":\"Home\",\"item\":\"https:\/\/www.kadur.com\/fr\/\"},{\"@type\":\"ListItem\",\"position\":2,\"name\":\"Lames\",\"item\":\"https:\/\/www.kadur.com\/fr\/lames\/\"},{\"@type\":\"ListItem\",\"position\":3,\"name\":\"Bois et menuiserie\",\"item\":\"https:\/\/www.kadur.com\/fr\/lames\/bois\/\"},{\"@type\":\"ListItem\",\"position\":4,\"name\":\"Syst\u00e8mes r\u00e9versibles\",\"item\":\"https:\/\/www.kadur.com\/fr\/lames\/bois\/systemes-reversibles\/\"},{\"@type\":\"ListItem\",\"position\":5,\"name\":\"Syst\u00e8me Kadur Fix\"}]},{\"@type\":\"WebSite\",\"@id\":\"https:\/\/www.kadur.com\/fr\/#website\",\"url\":\"https:\/\/www.kadur.com\/fr\/\",\"name\":\"Kadur\",\"description\":\"Lames Industrielles Haute Performance\",\"potentialAction\":[{\"@type\":\"SearchAction\",\"target\":{\"@type\":\"EntryPoint\",\"urlTemplate\":\"https:\/\/www.kadur.com\/fr\/?s={search_term_string}\"},\"query-input\":{\"@type\":\"PropertyValueSpecification\",\"valueRequired\":true,\"valueName\":\"search_term_string\"}}],\"inLanguage\":\"fr-FR\"}]}<\/script>\n<!-- \/ Yoast SEO plugin. -->","yoast_head_json":{"title":"Syst\u00e8me Kadur Fix - Kadur","robots":{"index":"index","follow":"follow","max-snippet":"max-snippet:-1","max-image-preview":"max-image-preview:large","max-video-preview":"max-video-preview:-1"},"canonical":"https:\/\/www.kadur.com\/fr\/lames\/bois\/systemes-reversibles\/kadur-fix\/","og_locale":"fr_FR","og_type":"article","og_title":"Syst\u00e8me Kadur Fix - Kadur","og_description":"Syst\u00e8me Kadur Fix Le M\u00e9tal Dur est un mat\u00e9riel de synth\u00e8se qui comporte un alliage ayant un haut contenu de wolframio (Carbure de Tungst\u00e8ne) Les lames Kadur Fix sont utilis\u00e9es dans les machines \u00e0 \u00e9paissir et \u00e0 aplatir, Elles permettent &hellip; Continuer la lecture","og_url":"https:\/\/www.kadur.com\/fr\/lames\/bois\/systemes-reversibles\/kadur-fix\/","og_site_name":"Kadur","article_modified_time":"2013-03-11T14:18:59+00:00","og_image":[{"url":"http:\/\/www.kadur.com\/wp-content\/uploads\/2013\/03\/sist_kadurfix_fr_a.png","type":"","width":"","height":""}],"twitter_misc":{"Dur\u00e9e de lecture estim\u00e9e":"2 minutes"},"schema":{"@context":"https:\/\/schema.org","@graph":[{"@type":"WebPage","@id":"https:\/\/www.kadur.com\/fr\/lames\/bois\/systemes-reversibles\/kadur-fix\/","url":"https:\/\/www.kadur.com\/fr\/lames\/bois\/systemes-reversibles\/kadur-fix\/","name":"Syst\u00e8me Kadur Fix - Kadur","isPartOf":{"@id":"https:\/\/www.kadur.com\/fr\/#website"},"primaryImageOfPage":{"@id":"https:\/\/www.kadur.com\/fr\/lames\/bois\/systemes-reversibles\/kadur-fix\/#primaryimage"},"image":{"@id":"https:\/\/www.kadur.com\/fr\/lames\/bois\/systemes-reversibles\/kadur-fix\/#primaryimage"},"thumbnailUrl":"http:\/\/www.kadur.com\/wp-content\/uploads\/2013\/03\/sist_kadurfix_fr_a.png","datePublished":"2013-03-10T12:03:03+00:00","dateModified":"2013-03-11T14:18:59+00:00","breadcrumb":{"@id":"https:\/\/www.kadur.com\/fr\/lames\/bois\/systemes-reversibles\/kadur-fix\/#breadcrumb"},"inLanguage":"fr-FR","potentialAction":[{"@type":"ReadAction","target":["https:\/\/www.kadur.com\/fr\/lames\/bois\/systemes-reversibles\/kadur-fix\/"]}]},{"@type":"ImageObject","inLanguage":"fr-FR","@id":"https:\/\/www.kadur.com\/fr\/lames\/bois\/systemes-reversibles\/kadur-fix\/#primaryimage","url":"http:\/\/www.kadur.com\/wp-content\/uploads\/2013\/03\/sist_kadurfix_fr_a.png","contentUrl":"http:\/\/www.kadur.com\/wp-content\/uploads\/2013\/03\/sist_kadurfix_fr_a.png"},{"@type":"BreadcrumbList","@id":"https:\/\/www.kadur.com\/fr\/lames\/bois\/systemes-reversibles\/kadur-fix\/#breadcrumb","itemListElement":[{"@type":"ListItem","position":1,"name":"Home","item":"https:\/\/www.kadur.com\/fr\/"},{"@type":"ListItem","position":2,"name":"Lames","item":"https:\/\/www.kadur.com\/fr\/lames\/"},{"@type":"ListItem","position":3,"name":"Bois et menuiserie","item":"https:\/\/www.kadur.com\/fr\/lames\/bois\/"},{"@type":"ListItem","position":4,"name":"Syst\u00e8mes r\u00e9versibles","item":"https:\/\/www.kadur.com\/fr\/lames\/bois\/systemes-reversibles\/"},{"@type":"ListItem","position":5,"name":"Syst\u00e8me Kadur Fix"}]},{"@type":"WebSite","@id":"https:\/\/www.kadur.com\/fr\/#website","url":"https:\/\/www.kadur.com\/fr\/","name":"Kadur","description":"Lames Industrielles Haute Performance","potentialAction":[{"@type":"SearchAction","target":{"@type":"EntryPoint","urlTemplate":"https:\/\/www.kadur.com\/fr\/?s={search_term_string}"},"query-input":{"@type":"PropertyValueSpecification","valueRequired":true,"valueName":"search_term_string"}}],"inLanguage":"fr-FR"}]}},"_links":{"self":[{"href":"https:\/\/www.kadur.com\/fr\/wp-json\/wp\/v2\/pages\/1800"}],"collection":[{"href":"https:\/\/www.kadur.com\/fr\/wp-json\/wp\/v2\/pages"}],"about":[{"href":"https:\/\/www.kadur.com\/fr\/wp-json\/wp\/v2\/types\/page"}],"author":[{"embeddable":true,"href":"https:\/\/www.kadur.com\/fr\/wp-json\/wp\/v2\/users\/1"}],"replies":[{"embeddable":true,"href":"https:\/\/www.kadur.com\/fr\/wp-json\/wp\/v2\/comments?post=1800"}],"version-history":[{"count":0,"href":"https:\/\/www.kadur.com\/fr\/wp-json\/wp\/v2\/pages\/1800\/revisions"}],"up":[{"embeddable":true,"href":"https:\/\/www.kadur.com\/fr\/wp-json\/wp\/v2\/pages\/1341"}],"wp:attachment":[{"href":"https:\/\/www.kadur.com\/fr\/wp-json\/wp\/v2\/media?parent=1800"}],"curies":[{"name":"wp","href":"https:\/\/api.w.org\/{rel}","templated":true}]}}