{"id":1586,"date":"2013-03-07T13:34:38","date_gmt":"2013-03-07T12:34:38","guid":{"rendered":"http:\/\/www.kadur.com\/?page_id=1586"},"modified":"2013-03-09T13:48:42","modified_gmt":"2013-03-09T12:48:42","slug":"tct","status":"publish","type":"page","link":"https:\/\/www.kadur.com\/fr\/lames\/bois\/ondulees\/tct\/","title":{"rendered":"TCT"},"content":{"rendered":"<h1><img decoding=\"async\" src=\"http:\/\/www.kadur.com\/wp-content\/uploads\/2013\/03\/corr_tct_stellite_fr_a-300x90.png\" alt=\"corr_tct_stellite_fr_a\" width=\"300\" height=\"90\" class=\"alignright size-medium wp-image-1725\" srcset=\"https:\/\/www.kadur.com\/wp-content\/uploads\/2013\/03\/corr_tct_stellite_fr_a-300x90.png 300w, https:\/\/www.kadur.com\/wp-content\/uploads\/2013\/03\/corr_tct_stellite_fr_a.png 310w\" sizes=\"(max-width: 300px) 100vw, 300px\" \/>TCT<\/h1>\n<h2>M\u00e9tal dur (Carbure de tungst\u00e8ne fritt\u00e9)<\/h2>\n<h3>Tr\u00e8s appropri\u00e9 pour le travail du bois et mi-dure (surtout exotiques), le bois press\u00e9, papier dur, tissus durs et tous les stratifi\u00e9s.<\/h3>\n<h3>Pour machines raboteuses et mouluri\u00e8res.<\/h3>\n<p><\/p>\n","protected":false},"excerpt":{"rendered":"<p>TCT M\u00e9tal dur (Carbure de tungst\u00e8ne fritt\u00e9) Tr\u00e8s appropri\u00e9 pour le travail du bois et mi-dure (surtout exotiques), le bois press\u00e9, papier dur, tissus durs et tous les stratifi\u00e9s. Pour machines raboteuses et mouluri\u00e8res.<\/p>\n","protected":false},"author":1,"featured_media":0,"parent":1331,"menu_order":0,"comment_status":"closed","ping_status":"closed","template":"","meta":{"footnotes":""},"yoast_head":"<!-- This site is optimized with the Yoast SEO plugin v24.5 - https:\/\/yoast.com\/wordpress\/plugins\/seo\/ -->\n<title>TCT - Kadur<\/title>\n<meta name=\"robots\" content=\"index, follow, max-snippet:-1, max-image-preview:large, max-video-preview:-1\" \/>\n<link rel=\"canonical\" href=\"https:\/\/www.kadur.com\/cuchillas-industriales\/madera\/corrugadas\/tct\/\" \/>\n<meta property=\"og:locale\" content=\"fr_FR\" \/>\n<meta property=\"og:type\" content=\"article\" \/>\n<meta property=\"og:title\" content=\"TCT - Kadur\" \/>\n<meta property=\"og:description\" content=\"TCT M\u00e9tal dur (Carbure de tungst\u00e8ne fritt\u00e9) Tr\u00e8s appropri\u00e9 pour le travail du bois et mi-dure (surtout exotiques), le bois press\u00e9, papier dur, tissus durs et tous les stratifi\u00e9s. Pour machines raboteuses et mouluri\u00e8res.\" \/>\n<meta property=\"og:url\" content=\"https:\/\/www.kadur.com\/cuchillas-industriales\/madera\/corrugadas\/tct\/\" \/>\n<meta property=\"og:site_name\" content=\"Kadur\" \/>\n<meta property=\"article:modified_time\" content=\"2013-03-09T12:48:42+00:00\" \/>\n<meta property=\"og:image\" content=\"http:\/\/www.kadur.com\/wp-content\/uploads\/2013\/03\/corr_tct_stellite_fr_a-300x90.png\" \/>\n<meta name=\"twitter:label1\" content=\"Dur\u00e9e de lecture estim\u00e9e\" \/>\n\t<meta name=\"twitter:data1\" content=\"2 minutes\" \/>\n<script type=\"application\/ld+json\" class=\"yoast-schema-graph\">{\"@context\":\"https:\/\/schema.org\",\"@graph\":[{\"@type\":\"WebPage\",\"@id\":\"https:\/\/www.kadur.com\/cuchillas-industriales\/madera\/corrugadas\/tct\/\",\"url\":\"https:\/\/www.kadur.com\/cuchillas-industriales\/madera\/corrugadas\/tct\/\",\"name\":\"TCT - Kadur\",\"isPartOf\":{\"@id\":\"https:\/\/www.kadur.com\/fr\/#website\"},\"primaryImageOfPage\":{\"@id\":\"https:\/\/www.kadur.com\/cuchillas-industriales\/madera\/corrugadas\/tct\/#primaryimage\"},\"image\":{\"@id\":\"https:\/\/www.kadur.com\/cuchillas-industriales\/madera\/corrugadas\/tct\/#primaryimage\"},\"thumbnailUrl\":\"http:\/\/www.kadur.com\/wp-content\/uploads\/2013\/03\/corr_tct_stellite_fr_a-300x90.png\",\"datePublished\":\"2013-03-07T12:34:38+00:00\",\"dateModified\":\"2013-03-09T12:48:42+00:00\",\"breadcrumb\":{\"@id\":\"https:\/\/www.kadur.com\/cuchillas-industriales\/madera\/corrugadas\/tct\/#breadcrumb\"},\"inLanguage\":\"fr-FR\",\"potentialAction\":[{\"@type\":\"ReadAction\",\"target\":[\"https:\/\/www.kadur.com\/cuchillas-industriales\/madera\/corrugadas\/tct\/\"]}]},{\"@type\":\"ImageObject\",\"inLanguage\":\"fr-FR\",\"@id\":\"https:\/\/www.kadur.com\/cuchillas-industriales\/madera\/corrugadas\/tct\/#primaryimage\",\"url\":\"http:\/\/www.kadur.com\/wp-content\/uploads\/2013\/03\/corr_tct_stellite_fr_a-300x90.png\",\"contentUrl\":\"http:\/\/www.kadur.com\/wp-content\/uploads\/2013\/03\/corr_tct_stellite_fr_a-300x90.png\"},{\"@type\":\"BreadcrumbList\",\"@id\":\"https:\/\/www.kadur.com\/cuchillas-industriales\/madera\/corrugadas\/tct\/#breadcrumb\",\"itemListElement\":[{\"@type\":\"ListItem\",\"position\":1,\"name\":\"Home\",\"item\":\"https:\/\/www.kadur.com\/fr\/\"},{\"@type\":\"ListItem\",\"position\":2,\"name\":\"Lames\",\"item\":\"https:\/\/www.kadur.com\/fr\/lames\/\"},{\"@type\":\"ListItem\",\"position\":3,\"name\":\"Bois et menuiserie\",\"item\":\"https:\/\/www.kadur.com\/fr\/lames\/bois\/\"},{\"@type\":\"ListItem\",\"position\":4,\"name\":\"Ondul\u00e9es\",\"item\":\"https:\/\/www.kadur.com\/fr\/lames\/bois\/ondulees\/\"},{\"@type\":\"ListItem\",\"position\":5,\"name\":\"TCT\"}]},{\"@type\":\"WebSite\",\"@id\":\"https:\/\/www.kadur.com\/fr\/#website\",\"url\":\"https:\/\/www.kadur.com\/fr\/\",\"name\":\"Kadur\",\"description\":\"Lames Industrielles Haute Performance\",\"potentialAction\":[{\"@type\":\"SearchAction\",\"target\":{\"@type\":\"EntryPoint\",\"urlTemplate\":\"https:\/\/www.kadur.com\/fr\/?s={search_term_string}\"},\"query-input\":{\"@type\":\"PropertyValueSpecification\",\"valueRequired\":true,\"valueName\":\"search_term_string\"}}],\"inLanguage\":\"fr-FR\"}]}<\/script>\n<!-- \/ Yoast SEO plugin. -->","yoast_head_json":{"title":"TCT - Kadur","robots":{"index":"index","follow":"follow","max-snippet":"max-snippet:-1","max-image-preview":"max-image-preview:large","max-video-preview":"max-video-preview:-1"},"canonical":"https:\/\/www.kadur.com\/cuchillas-industriales\/madera\/corrugadas\/tct\/","og_locale":"fr_FR","og_type":"article","og_title":"TCT - Kadur","og_description":"TCT M\u00e9tal dur (Carbure de tungst\u00e8ne fritt\u00e9) Tr\u00e8s appropri\u00e9 pour le travail du bois et mi-dure (surtout exotiques), le bois press\u00e9, papier dur, tissus durs et tous les stratifi\u00e9s. Pour machines raboteuses et mouluri\u00e8res.","og_url":"https:\/\/www.kadur.com\/cuchillas-industriales\/madera\/corrugadas\/tct\/","og_site_name":"Kadur","article_modified_time":"2013-03-09T12:48:42+00:00","og_image":[{"url":"http:\/\/www.kadur.com\/wp-content\/uploads\/2013\/03\/corr_tct_stellite_fr_a-300x90.png","type":"","width":"","height":""}],"twitter_misc":{"Dur\u00e9e de lecture estim\u00e9e":"2 minutes"},"schema":{"@context":"https:\/\/schema.org","@graph":[{"@type":"WebPage","@id":"https:\/\/www.kadur.com\/cuchillas-industriales\/madera\/corrugadas\/tct\/","url":"https:\/\/www.kadur.com\/cuchillas-industriales\/madera\/corrugadas\/tct\/","name":"TCT - Kadur","isPartOf":{"@id":"https:\/\/www.kadur.com\/fr\/#website"},"primaryImageOfPage":{"@id":"https:\/\/www.kadur.com\/cuchillas-industriales\/madera\/corrugadas\/tct\/#primaryimage"},"image":{"@id":"https:\/\/www.kadur.com\/cuchillas-industriales\/madera\/corrugadas\/tct\/#primaryimage"},"thumbnailUrl":"http:\/\/www.kadur.com\/wp-content\/uploads\/2013\/03\/corr_tct_stellite_fr_a-300x90.png","datePublished":"2013-03-07T12:34:38+00:00","dateModified":"2013-03-09T12:48:42+00:00","breadcrumb":{"@id":"https:\/\/www.kadur.com\/cuchillas-industriales\/madera\/corrugadas\/tct\/#breadcrumb"},"inLanguage":"fr-FR","potentialAction":[{"@type":"ReadAction","target":["https:\/\/www.kadur.com\/cuchillas-industriales\/madera\/corrugadas\/tct\/"]}]},{"@type":"ImageObject","inLanguage":"fr-FR","@id":"https:\/\/www.kadur.com\/cuchillas-industriales\/madera\/corrugadas\/tct\/#primaryimage","url":"http:\/\/www.kadur.com\/wp-content\/uploads\/2013\/03\/corr_tct_stellite_fr_a-300x90.png","contentUrl":"http:\/\/www.kadur.com\/wp-content\/uploads\/2013\/03\/corr_tct_stellite_fr_a-300x90.png"},{"@type":"BreadcrumbList","@id":"https:\/\/www.kadur.com\/cuchillas-industriales\/madera\/corrugadas\/tct\/#breadcrumb","itemListElement":[{"@type":"ListItem","position":1,"name":"Home","item":"https:\/\/www.kadur.com\/fr\/"},{"@type":"ListItem","position":2,"name":"Lames","item":"https:\/\/www.kadur.com\/fr\/lames\/"},{"@type":"ListItem","position":3,"name":"Bois et menuiserie","item":"https:\/\/www.kadur.com\/fr\/lames\/bois\/"},{"@type":"ListItem","position":4,"name":"Ondul\u00e9es","item":"https:\/\/www.kadur.com\/fr\/lames\/bois\/ondulees\/"},{"@type":"ListItem","position":5,"name":"TCT"}]},{"@type":"WebSite","@id":"https:\/\/www.kadur.com\/fr\/#website","url":"https:\/\/www.kadur.com\/fr\/","name":"Kadur","description":"Lames Industrielles Haute Performance","potentialAction":[{"@type":"SearchAction","target":{"@type":"EntryPoint","urlTemplate":"https:\/\/www.kadur.com\/fr\/?s={search_term_string}"},"query-input":{"@type":"PropertyValueSpecification","valueRequired":true,"valueName":"search_term_string"}}],"inLanguage":"fr-FR"}]}},"_links":{"self":[{"href":"https:\/\/www.kadur.com\/fr\/wp-json\/wp\/v2\/pages\/1586"}],"collection":[{"href":"https:\/\/www.kadur.com\/fr\/wp-json\/wp\/v2\/pages"}],"about":[{"href":"https:\/\/www.kadur.com\/fr\/wp-json\/wp\/v2\/types\/page"}],"author":[{"embeddable":true,"href":"https:\/\/www.kadur.com\/fr\/wp-json\/wp\/v2\/users\/1"}],"replies":[{"embeddable":true,"href":"https:\/\/www.kadur.com\/fr\/wp-json\/wp\/v2\/comments?post=1586"}],"version-history":[{"count":0,"href":"https:\/\/www.kadur.com\/fr\/wp-json\/wp\/v2\/pages\/1586\/revisions"}],"up":[{"embeddable":true,"href":"https:\/\/www.kadur.com\/fr\/wp-json\/wp\/v2\/pages\/1331"}],"wp:attachment":[{"href":"https:\/\/www.kadur.com\/fr\/wp-json\/wp\/v2\/media?parent=1586"}],"curies":[{"name":"wp","href":"https:\/\/api.w.org\/{rel}","templated":true}]}}