{"id":1478,"date":"2013-03-06T20:59:39","date_gmt":"2013-03-06T19:59:39","guid":{"rendered":"http:\/\/www.kadur.com\/?page_id=1478"},"modified":"2013-03-08T23:36:18","modified_gmt":"2013-03-08T22:36:18","slug":"tct-integral-hc5","status":"publish","type":"page","link":"https:\/\/www.kadur.com\/fr\/lames\/bois\/de-rabot\/tct-integral-hc5\/","title":{"rendered":"TCT Integral HC5"},"content":{"rendered":"<h1><img decoding=\"async\" src=\"http:\/\/www.kadur.com\/wp-content\/uploads\/2013\/03\/cep_hss_st1_fr_a.png\" alt=\"cep_hss_st1_fr_a\" width=\"300\" height=\"79\" class=\"alignright size-full wp-image-1722\" \/>TCT Integral HC5 (Carbure HC5)<\/h1>\n<h2>M\u00e9tal dur (Carbure de tungst\u00e8ne fritt\u00e9)<\/h2>\n<h3>Tr\u00e8s appropri\u00e9 pour le travail du bois et mi-dure (surtout exotiques), le bois press\u00e9, papier dur, tissus durs et tous les stratifi\u00e9s.<\/h3>\n<h3>Pour machines raboteuses et mouluri\u00e8res.<\/h3>\n<table>\n<thead>\n<tr>\n<th>L x L x E mm<\/th>\n<th><\/th>\n<th>ID<\/th>\n<\/tr>\n<\/thead>\n<tbody>\n<tr>\n<td>60 x 30 x 3<\/td>\n<td><\/td>\n<td>CE0630HC5<\/td>\n<\/tr>\n<tr>\n<td>60 x 35 x 3<\/td>\n<td><\/td>\n<td>CE0635HC5<\/td>\n<\/tr>\n<tr>\n<td colspan=\"3\" height=\"15\"><\/td>\n<\/tr>\n<tr>\n<td>80 x 30 x 3<\/td>\n<td><\/td>\n<td>CE0830HC5<\/td>\n<\/tr>\n<tr>\n<td>80 x 35 x 3<\/td>\n<td><\/td>\n<td>CE0835HC5<\/td>\n<\/tr>\n<tr>\n<td colspan=\"3\" height=\"15\"><\/td>\n<\/tr>\n<tr>\n<td>100 x 30 x 3<\/td>\n<td><\/td>\n<td>CE1030HC5<\/td>\n<\/tr>\n<tr>\n<td>100 x 35 x 3<\/td>\n<td><\/td>\n<td>CE1035HC5<\/td>\n<\/tr>\n<tr>\n<td colspan=\"3\" height=\"15\"><\/td>\n<\/tr>\n<tr>\n<td>110 x 30 x 3<\/td>\n<td><\/td>\n<td>CE1130HC5<\/td>\n<\/tr>\n<tr>\n<td>110 x 35 x 3<\/td>\n<td><\/td>\n<td>CE1135HC5<\/td>\n<\/tr>\n<tr>\n<td colspan=\"3\" height=\"15\"><\/td>\n<\/tr>\n<tr>\n<td>120 x 30 x 3<\/td>\n<td><\/td>\n<td>CE1230HC5<\/td>\n<\/tr>\n<tr>\n<td>120 x 35 x 3<\/td>\n<td><\/td>\n<td>CE1235HC5<\/td>\n<\/tr>\n<tr>\n<td colspan=\"3\" height=\"15\"><\/td>\n<\/tr>\n<tr>\n<td>130 x 30 x 3<\/td>\n<td><\/td>\n<td>CE1330HC5<\/td>\n<\/tr>\n<tr>\n<td>130 x 35 x 3<\/td>\n<td><\/td>\n<td>CE1335HC5<\/td>\n<\/tr>\n<tr>\n<td colspan=\"3\" height=\"15\"><\/td>\n<\/tr>\n<tr>\n<td>150 x 30 x 3<\/td>\n<td><\/td>\n<td>CE1530HC5<\/td>\n<\/tr>\n<tr>\n<td>150 x 35 x 3<\/td>\n<td><\/td>\n<td>CE1535HC5<\/td>\n<\/tr>\n<tr>\n<td colspan=\"3\" height=\"15\"><\/td>\n<\/tr>\n<tr>\n<td>180 x 30 x 3<\/td>\n<td><\/td>\n<td>CE1830HC5<\/td>\n<\/tr>\n<tr>\n<td>180 x 35 x 3<\/td>\n<td><\/td>\n<td>CE1835HC5<\/td>\n<\/tr>\n<tr>\n<td colspan=\"3\" height=\"15\"><\/td>\n<\/tr>\n<tr>\n<td>230 x 30 x 3<\/td>\n<td><\/td>\n<td>CE2330HC5<\/td>\n<\/tr>\n<tr>\n<td>230 x 35 x 3<\/td>\n<td><\/td>\n<td>CE2335HC5<\/td>\n<\/tr>\n<tr>\n<td colspan=\"3\" height=\"15\"><\/td>\n<\/tr>\n<tr>\n<td>260 x 30 x 3<\/td>\n<td><\/td>\n<td>CE2630HC5<\/td>\n<\/tr>\n<tr>\n<td>260 x 35 x 3<\/td>\n<td><\/td>\n<td>CE2635HC5<\/td>\n<\/tr>\n<tr>\n<td colspan=\"3\" height=\"15\"><\/td>\n<\/tr>\n<tr>\n<td>310 x 30 x 3<\/td>\n<td><\/td>\n<td>CE3130HC5<\/td>\n<\/tr>\n<tr>\n<td>310 x 35 x 3<\/td>\n<td><\/td>\n<td>CE3135HC5<\/td>\n<\/tr>\n<\/tbody>\n<\/table>\n","protected":false},"excerpt":{"rendered":"<p>TCT Integral HC5 (Carbure HC5) M\u00e9tal dur (Carbure de tungst\u00e8ne fritt\u00e9) Tr\u00e8s appropri\u00e9 pour le travail du bois et mi-dure (surtout exotiques), le bois press\u00e9, papier dur, tissus durs et tous les stratifi\u00e9s. Pour machines raboteuses et mouluri\u00e8res. L x &hellip; <br \/><a href=\"https:\/\/www.kadur.com\/fr\/lames\/bois\/de-rabot\/tct-integral-hc5\/\" class=\"more-link\">Continuer la lecture<\/a><\/p>\n","protected":false},"author":1,"featured_media":0,"parent":1326,"menu_order":6,"comment_status":"closed","ping_status":"closed","template":"","meta":{"footnotes":""},"yoast_head":"<!-- This site is optimized with the Yoast SEO plugin v24.5 - https:\/\/yoast.com\/wordpress\/plugins\/seo\/ -->\n<title>TCT Integral HC5 - Kadur<\/title>\n<meta name=\"robots\" content=\"index, follow, max-snippet:-1, max-image-preview:large, max-video-preview:-1\" \/>\n<link rel=\"canonical\" href=\"https:\/\/www.kadur.com\/fr\/lames\/bois\/de-rabot\/tct-integral-hc5\/\" \/>\n<meta property=\"og:locale\" content=\"fr_FR\" \/>\n<meta property=\"og:type\" content=\"article\" \/>\n<meta property=\"og:title\" content=\"TCT Integral HC5 - Kadur\" \/>\n<meta property=\"og:description\" content=\"TCT Integral HC5 (Carbure HC5) M\u00e9tal dur (Carbure de tungst\u00e8ne fritt\u00e9) Tr\u00e8s appropri\u00e9 pour le travail du bois et mi-dure (surtout exotiques), le bois press\u00e9, papier dur, tissus durs et tous les stratifi\u00e9s. Pour machines raboteuses et mouluri\u00e8res. L x &hellip; Continuer la lecture\" \/>\n<meta property=\"og:url\" content=\"https:\/\/www.kadur.com\/fr\/lames\/bois\/de-rabot\/tct-integral-hc5\/\" \/>\n<meta property=\"og:site_name\" content=\"Kadur\" \/>\n<meta property=\"article:modified_time\" content=\"2013-03-08T22:36:18+00:00\" \/>\n<meta property=\"og:image\" content=\"http:\/\/www.kadur.com\/wp-content\/uploads\/2013\/03\/cep_hss_st1_fr_a.png\" \/>\n<meta name=\"twitter:label1\" content=\"Dur\u00e9e de lecture estim\u00e9e\" \/>\n\t<meta name=\"twitter:data1\" content=\"1 minute\" \/>\n<script type=\"application\/ld+json\" class=\"yoast-schema-graph\">{\"@context\":\"https:\/\/schema.org\",\"@graph\":[{\"@type\":\"WebPage\",\"@id\":\"https:\/\/www.kadur.com\/fr\/lames\/bois\/de-rabot\/tct-integral-hc5\/\",\"url\":\"https:\/\/www.kadur.com\/fr\/lames\/bois\/de-rabot\/tct-integral-hc5\/\",\"name\":\"TCT Integral HC5 - Kadur\",\"isPartOf\":{\"@id\":\"https:\/\/www.kadur.com\/fr\/#website\"},\"primaryImageOfPage\":{\"@id\":\"https:\/\/www.kadur.com\/fr\/lames\/bois\/de-rabot\/tct-integral-hc5\/#primaryimage\"},\"image\":{\"@id\":\"https:\/\/www.kadur.com\/fr\/lames\/bois\/de-rabot\/tct-integral-hc5\/#primaryimage\"},\"thumbnailUrl\":\"http:\/\/www.kadur.com\/wp-content\/uploads\/2013\/03\/cep_hss_st1_fr_a.png\",\"datePublished\":\"2013-03-06T19:59:39+00:00\",\"dateModified\":\"2013-03-08T22:36:18+00:00\",\"breadcrumb\":{\"@id\":\"https:\/\/www.kadur.com\/fr\/lames\/bois\/de-rabot\/tct-integral-hc5\/#breadcrumb\"},\"inLanguage\":\"fr-FR\",\"potentialAction\":[{\"@type\":\"ReadAction\",\"target\":[\"https:\/\/www.kadur.com\/fr\/lames\/bois\/de-rabot\/tct-integral-hc5\/\"]}]},{\"@type\":\"ImageObject\",\"inLanguage\":\"fr-FR\",\"@id\":\"https:\/\/www.kadur.com\/fr\/lames\/bois\/de-rabot\/tct-integral-hc5\/#primaryimage\",\"url\":\"http:\/\/www.kadur.com\/wp-content\/uploads\/2013\/03\/cep_hss_st1_fr_a.png\",\"contentUrl\":\"http:\/\/www.kadur.com\/wp-content\/uploads\/2013\/03\/cep_hss_st1_fr_a.png\"},{\"@type\":\"BreadcrumbList\",\"@id\":\"https:\/\/www.kadur.com\/fr\/lames\/bois\/de-rabot\/tct-integral-hc5\/#breadcrumb\",\"itemListElement\":[{\"@type\":\"ListItem\",\"position\":1,\"name\":\"Home\",\"item\":\"https:\/\/www.kadur.com\/fr\/\"},{\"@type\":\"ListItem\",\"position\":2,\"name\":\"Lames\",\"item\":\"https:\/\/www.kadur.com\/fr\/lames\/\"},{\"@type\":\"ListItem\",\"position\":3,\"name\":\"Bois et menuiserie\",\"item\":\"https:\/\/www.kadur.com\/fr\/lames\/bois\/\"},{\"@type\":\"ListItem\",\"position\":4,\"name\":\"De rabot\",\"item\":\"https:\/\/www.kadur.com\/fr\/lames\/bois\/de-rabot\/\"},{\"@type\":\"ListItem\",\"position\":5,\"name\":\"TCT Integral HC5\"}]},{\"@type\":\"WebSite\",\"@id\":\"https:\/\/www.kadur.com\/fr\/#website\",\"url\":\"https:\/\/www.kadur.com\/fr\/\",\"name\":\"Kadur\",\"description\":\"Lames Industrielles Haute Performance\",\"potentialAction\":[{\"@type\":\"SearchAction\",\"target\":{\"@type\":\"EntryPoint\",\"urlTemplate\":\"https:\/\/www.kadur.com\/fr\/?s={search_term_string}\"},\"query-input\":{\"@type\":\"PropertyValueSpecification\",\"valueRequired\":true,\"valueName\":\"search_term_string\"}}],\"inLanguage\":\"fr-FR\"}]}<\/script>\n<!-- \/ Yoast SEO plugin. -->","yoast_head_json":{"title":"TCT Integral HC5 - Kadur","robots":{"index":"index","follow":"follow","max-snippet":"max-snippet:-1","max-image-preview":"max-image-preview:large","max-video-preview":"max-video-preview:-1"},"canonical":"https:\/\/www.kadur.com\/fr\/lames\/bois\/de-rabot\/tct-integral-hc5\/","og_locale":"fr_FR","og_type":"article","og_title":"TCT Integral HC5 - Kadur","og_description":"TCT Integral HC5 (Carbure HC5) M\u00e9tal dur (Carbure de tungst\u00e8ne fritt\u00e9) Tr\u00e8s appropri\u00e9 pour le travail du bois et mi-dure (surtout exotiques), le bois press\u00e9, papier dur, tissus durs et tous les stratifi\u00e9s. Pour machines raboteuses et mouluri\u00e8res. L x &hellip; Continuer la lecture","og_url":"https:\/\/www.kadur.com\/fr\/lames\/bois\/de-rabot\/tct-integral-hc5\/","og_site_name":"Kadur","article_modified_time":"2013-03-08T22:36:18+00:00","og_image":[{"url":"http:\/\/www.kadur.com\/wp-content\/uploads\/2013\/03\/cep_hss_st1_fr_a.png","type":"","width":"","height":""}],"twitter_misc":{"Dur\u00e9e de lecture estim\u00e9e":"1 minute"},"schema":{"@context":"https:\/\/schema.org","@graph":[{"@type":"WebPage","@id":"https:\/\/www.kadur.com\/fr\/lames\/bois\/de-rabot\/tct-integral-hc5\/","url":"https:\/\/www.kadur.com\/fr\/lames\/bois\/de-rabot\/tct-integral-hc5\/","name":"TCT Integral HC5 - Kadur","isPartOf":{"@id":"https:\/\/www.kadur.com\/fr\/#website"},"primaryImageOfPage":{"@id":"https:\/\/www.kadur.com\/fr\/lames\/bois\/de-rabot\/tct-integral-hc5\/#primaryimage"},"image":{"@id":"https:\/\/www.kadur.com\/fr\/lames\/bois\/de-rabot\/tct-integral-hc5\/#primaryimage"},"thumbnailUrl":"http:\/\/www.kadur.com\/wp-content\/uploads\/2013\/03\/cep_hss_st1_fr_a.png","datePublished":"2013-03-06T19:59:39+00:00","dateModified":"2013-03-08T22:36:18+00:00","breadcrumb":{"@id":"https:\/\/www.kadur.com\/fr\/lames\/bois\/de-rabot\/tct-integral-hc5\/#breadcrumb"},"inLanguage":"fr-FR","potentialAction":[{"@type":"ReadAction","target":["https:\/\/www.kadur.com\/fr\/lames\/bois\/de-rabot\/tct-integral-hc5\/"]}]},{"@type":"ImageObject","inLanguage":"fr-FR","@id":"https:\/\/www.kadur.com\/fr\/lames\/bois\/de-rabot\/tct-integral-hc5\/#primaryimage","url":"http:\/\/www.kadur.com\/wp-content\/uploads\/2013\/03\/cep_hss_st1_fr_a.png","contentUrl":"http:\/\/www.kadur.com\/wp-content\/uploads\/2013\/03\/cep_hss_st1_fr_a.png"},{"@type":"BreadcrumbList","@id":"https:\/\/www.kadur.com\/fr\/lames\/bois\/de-rabot\/tct-integral-hc5\/#breadcrumb","itemListElement":[{"@type":"ListItem","position":1,"name":"Home","item":"https:\/\/www.kadur.com\/fr\/"},{"@type":"ListItem","position":2,"name":"Lames","item":"https:\/\/www.kadur.com\/fr\/lames\/"},{"@type":"ListItem","position":3,"name":"Bois et menuiserie","item":"https:\/\/www.kadur.com\/fr\/lames\/bois\/"},{"@type":"ListItem","position":4,"name":"De rabot","item":"https:\/\/www.kadur.com\/fr\/lames\/bois\/de-rabot\/"},{"@type":"ListItem","position":5,"name":"TCT Integral HC5"}]},{"@type":"WebSite","@id":"https:\/\/www.kadur.com\/fr\/#website","url":"https:\/\/www.kadur.com\/fr\/","name":"Kadur","description":"Lames Industrielles Haute Performance","potentialAction":[{"@type":"SearchAction","target":{"@type":"EntryPoint","urlTemplate":"https:\/\/www.kadur.com\/fr\/?s={search_term_string}"},"query-input":{"@type":"PropertyValueSpecification","valueRequired":true,"valueName":"search_term_string"}}],"inLanguage":"fr-FR"}]}},"_links":{"self":[{"href":"https:\/\/www.kadur.com\/fr\/wp-json\/wp\/v2\/pages\/1478"}],"collection":[{"href":"https:\/\/www.kadur.com\/fr\/wp-json\/wp\/v2\/pages"}],"about":[{"href":"https:\/\/www.kadur.com\/fr\/wp-json\/wp\/v2\/types\/page"}],"author":[{"embeddable":true,"href":"https:\/\/www.kadur.com\/fr\/wp-json\/wp\/v2\/users\/1"}],"replies":[{"embeddable":true,"href":"https:\/\/www.kadur.com\/fr\/wp-json\/wp\/v2\/comments?post=1478"}],"version-history":[{"count":0,"href":"https:\/\/www.kadur.com\/fr\/wp-json\/wp\/v2\/pages\/1478\/revisions"}],"up":[{"embeddable":true,"href":"https:\/\/www.kadur.com\/fr\/wp-json\/wp\/v2\/pages\/1326"}],"wp:attachment":[{"href":"https:\/\/www.kadur.com\/fr\/wp-json\/wp\/v2\/media?parent=1478"}],"curies":[{"name":"wp","href":"https:\/\/api.w.org\/{rel}","templated":true}]}}