{"id":1341,"date":"2013-03-01T02:22:52","date_gmt":"2013-03-01T01:22:52","guid":{"rendered":"http:\/\/www.kadur.com\/?page_id=1341"},"modified":"2013-05-07T00:01:43","modified_gmt":"2013-05-06T22:01:43","slug":"systemes-reversibles","status":"publish","type":"page","link":"https:\/\/www.kadur.com\/fr\/lames\/bois\/systemes-reversibles\/","title":{"rendered":"Syst\u00e8mes r\u00e9versibles"},"content":{"rendered":"<p><div class=\"columns\"><div class=\"clear\"><div class=\"col1-2\"><h2><span class=\"label\">Syst\u00e8me KADUR FIX<\/span> <span class=\"thin\"><\/span><\/h2>\n<img decoding=\"async\" class=\"alignnone size-full wp-image-1782\" alt=\"sist_kadurfix_fr_b\" src=\"http:\/\/www.kadur.com\/wp-content\/uploads\/2013\/03\/sist_kadurfix_fr_b.png\" width=\"76\" height=\"45\" \/><\/p>\n<h3>Le carbure est un mat\u00e9riau fritt\u00e9 avec un Tungsten alli\u00e9 de contenu (carbure de tungst\u00e8ne).<\/h3>\n<p>Les lames Kadur-Fix utilis\u00e9s dans machines de rabotage et du plan. Permet l&rsquo;utilisation de plus en plus la g\u00e9n\u00e9ration des carbures r\u00e9sistants, d&rsquo;obtenir des rendements \u00e9lev\u00e9s de travail, facilite le profil\u00e9 (et forte) peut rectifier le carbure de tungst\u00e8ne et d&rsquo;acier s\u00e9par\u00e9ment.\n<\/div><div class=\"col1-2\"><h2><span class=\"label\">Syst\u00e8me TERSA<\/span> <span class=\"thin\"><\/span><\/h2>\n<img decoding=\"async\" class=\"alignnone size-full wp-image-1781\" alt=\"sist_tersa_fr_b\" src=\"http:\/\/www.kadur.com\/wp-content\/uploads\/2013\/03\/sist_tersa_fr_b.png\" width=\"186\" height=\"48\" \/><\/p>\n<h3>Les lames de type Tersa sont faites en qualit\u00e9s de carbure de tungst\u00e8ne, HSS 18% W, M42 et ST1.<\/h3>\n<p>Cuchillas cepilladoras para cabezales tipo Tersa, son cuchillas reversibles (dos cortes en una sola cuchilla), agilizan el cambio de cuchilla, reduciendo el paro de m\u00e1quina. Ajuste autom\u00e1tico.\n<\/div><\/div><\/div><br \/>\n<div class=\"columns\"><div class=\"clear\"><div class=\"col1-2\">\n<a title=\"t\u00e9l\u00e9charger PDF\" href=\"http:\/\/www.kadur.com\/wp-content\/uploads\/2013\/05\/sist_kadurfix_fr.pdf\" target=\"_blank\"><img decoding=\"async\" class=\"alignright\" alt=\"PDF\" src=\"http:\/\/www.kadur.com\/wp-content\/uploads\/2013\/01\/pdf.png\" width=\"32\" height=\"32\" \/><\/a><\/p>\n<table>\n<thead>\n<tr>\n<th colspan=\"2\">Rang de mesures<\/th>\n<\/tr>\n<tr>\n<th>Longueur<\/th>\n<td>40-310 mm<\/td>\n<\/tr>\n<tr>\n<th>Largeur<\/th>\n<td>40-60 mm<\/td>\n<\/tr>\n<tr>\n<th>\u00c8paisseur<\/th>\n<td>10+3 mm<\/td>\n<\/tr>\n<\/thead>\n<\/table>\n<div class=\"homesection section_C rule_light\"><a class=\"more\" title=\"Syst\u00e8me Kadur Fix\" href=\"https:\/\/www.kadur.com\/fr\/lames\/bois\/systemes-reversibles\/kadur-fix\/\"><span class=\"mark\">&gt;<\/span><span>en savoir plus<\/span><\/a><\/div>\n<p><\/div><div class=\"col1-2\">\n<a title=\"t\u00e9l\u00e9charger PDF\" href=\"http:\/\/www.kadur.com\/wp-content\/uploads\/2013\/05\/sist_tersa_fr.pdf\" target=\"_blank\"><img decoding=\"async\" class=\"alignright\" alt=\"PDF\" src=\"http:\/\/www.kadur.com\/wp-content\/uploads\/2013\/01\/pdf.png\" width=\"32\" height=\"32\" \/><\/a><\/p>\n<table>\n<thead>\n<tr>\n<th colspan=\"2\">Rang de mesures<\/th>\n<\/tr>\n<tr>\n<th>Longueur<\/th>\n<td>60-1200 mm<\/td>\n<\/tr>\n<tr>\n<th>Largeur<\/th>\n<td>10 mm<\/td>\n<\/tr>\n<tr>\n<th>\u00c8paisseur<\/th>\n<td>2,35 mm<\/td>\n<\/tr>\n<\/thead>\n<\/table>\n<div class=\"homesection section_C rule_light\"><a class=\"more\" title=\"Syst\u00e8me Tersa\" href=\"https:\/\/www.kadur.com\/fr\/lames\/bois\/systemes-reversibles\/systeme-tersa\/\"><span class=\"mark\">&gt;<\/span><span>en savoir plus<\/span><\/a><\/div>\n<p><\/div><\/div><\/div><\/p>\n<p><div class=\"columns\"><div class=\"clear\"><div class=\"col1-2\"><h2><span class=\"label\">Syst\u00e8me CENTROLOCK<\/span> <span class=\"thin\"><\/span><\/h2>\n<img decoding=\"async\" class=\"alignnone size-full wp-image-1788\" alt=\"sist_centrolock_fr_b\" src=\"http:\/\/www.kadur.com\/wp-content\/uploads\/2013\/03\/sist_centrolock_fr_b.png\" width=\"184\" height=\"48\" \/><\/p>\n<h3>Les lames de type Centrolock sont faites en qualit\u00e9s de carbure de tungst\u00e8ne, HSS 18% W, M42 et ST1<\/h3>\n<p>La qualit\u00e9 de carbure de tungst\u00e8ne, HSS ST1 et 18% W a r\u00e9clam\u00e9 des lames de rabot CentroLock (r\u00e9versible, deux coupes en une seule lame), assurez changement rapide de la lame, ce qui r\u00e9duit l&rsquo;arr\u00eat. R\u00e9glage automatique. Machines Mouluri\u00e8res sont utilis\u00e9s dans lames de type Weining.\n<\/div><div class=\"col1-2\"><h2><span class=\"label\">Syst\u00e8me TERMINUS<\/span> <span class=\"thin\"><\/span><\/h2>\n<img decoding=\"async\" class=\"alignnone size-full wp-image-1779\" alt=\"sist_terminus_fr_b\" src=\"http:\/\/www.kadur.com\/wp-content\/uploads\/2013\/03\/sist_terminus_fr_b.png\" width=\"185\" height=\"48\" \/><\/p>\n<h3>Les lames de type Terminus sont faites en qualit\u00e9s de carbure de tungst\u00e8ne, HSS 18% W, M42 et ST1<\/h3>\n<p>Les lames de rabotage pour t\u00eates de type Terminus sont des lames r\u00e9versibles (deux coupes en une seule lame), acc\u00e9l\u00e9rent le changement de lame en r\u00e9duisant l&rsquo;arr\u00eat. R\u00e9glage automatique. Machines Mouluri\u00e8res sont utilis\u00e9s dans lames de type Weining.\n<\/div><\/div><\/div><br \/>\n<div class=\"columns\"><div class=\"clear\"><div class=\"col1-2\">\n<a title=\"t\u00e9l\u00e9charger PDF\" href=\"http:\/\/www.kadur.com\/wp-content\/uploads\/2013\/05\/sist_centrolock_fr.pdf\" target=\"_blank\"><img decoding=\"async\" class=\"alignright\" alt=\"PDF\" src=\"http:\/\/www.kadur.com\/wp-content\/uploads\/2013\/01\/pdf.png\" width=\"32\" height=\"32\" \/><\/a><\/p>\n<table>\n<thead>\n<tr>\n<th colspan=\"2\">Rang de mesures<\/th>\n<\/tr>\n<tr>\n<th>Longueur<\/th>\n<td>20-650 mm<\/td>\n<\/tr>\n<tr>\n<th>Largeur<\/th>\n<td>16 mm<\/td>\n<\/tr>\n<tr>\n<th>\u00c8paisseur<\/th>\n<td>3 mm<\/td>\n<\/tr>\n<\/thead>\n<\/table>\n<div class=\"homesection section_C rule_light\"><a class=\"more\" title=\"Syst\u00e8me Centrolock\" href=\"https:\/\/www.kadur.com\/fr\/lames\/bois\/systemes-reversibles\/centrolock\/\"><span class=\"mark\">&gt;<\/span><span>en savoir plus<\/span><\/a><\/div>\n<p><\/div><div class=\"col1-2\">\n<a title=\"t\u00e9l\u00e9charger PDF\" href=\"http:\/\/www.kadur.com\/wp-content\/uploads\/2013\/05\/sist_terminus_fr.pdf\" target=\"_blank\"><img decoding=\"async\" class=\"alignright\" alt=\"PDF\" src=\"http:\/\/www.kadur.com\/wp-content\/uploads\/2013\/01\/pdf.png\" width=\"32\" height=\"32\" \/><\/a><\/p>\n<table>\n<thead>\n<tr>\n<th colspan=\"2\">Rang de mesures<\/th>\n<\/tr>\n<tr>\n<th>Longueur<\/th>\n<td>60-660 mm<\/td>\n<\/tr>\n<tr>\n<th>Largeur<\/th>\n<td>14 mm<\/td>\n<\/tr>\n<tr>\n<th>\u00c8paisseur<\/th>\n<td>2,55 mm<\/td>\n<\/tr>\n<\/thead>\n<\/table>\n<div class=\"homesection section_C rule_light\"><a class=\"more\" title=\"Syst\u00e8me Terminus\" href=\"https:\/\/www.kadur.com\/fr\/lames\/bois\/systemes-reversibles\/terminus\/\"><span class=\"mark\">&gt;<\/span><span>en savoir plus<\/span><\/a><\/div>\n<p><\/div><\/div><\/div><\/p>\n<p><div class=\"columns\"><div class=\"clear\"><div class=\"col1-2\"><h2><span class=\"label\">Syst\u00e8me VIVAX<\/span> <span class=\"thin\"><\/span><\/h2>\n<img decoding=\"async\" class=\"alignnone size-full wp-image-1898\" alt=\"sist_vivax_fr_b\" src=\"http:\/\/www.kadur.com\/wp-content\/uploads\/2013\/03\/sist_vivax_fr_b.png\" width=\"186\" height=\"48\" \/><\/p>\n<h3>Les lames de type Vivax sont faites en qualit\u00e9s de carbure de tungst\u00e8ne, HSS 18% W, M42 et ST1<\/h3>\n<p>Les lames raboteuse avec quatre ar\u00eates de coupe pour les t\u00eates Vivax acc\u00e9l\u00e9rent le changement rapide de la lame, ce qui r\u00e9duit l&rsquo;arr\u00eat. R\u00e9glage automatique.\n<\/div><div class=\"col1-2\"><\/p>\n<p><\/div><\/div><\/div><br \/>\n<div class=\"columns\"><div class=\"clear\"><div class=\"col1-2\">\n<a title=\"t\u00e9l\u00e9charger PDF\" href=\"http:\/\/www.kadur.com\/wp-content\/uploads\/2013\/05\/sist_vivax_fr.pdf\" target=\"_blank\"><img decoding=\"async\" class=\"alignright\" alt=\"PDF\" src=\"http:\/\/www.kadur.com\/wp-content\/uploads\/2013\/01\/pdf.png\" width=\"32\" height=\"32\" \/><\/a><\/p>\n<table>\n<thead>\n<tr>\n<th colspan=\"2\">Rang de mesures<\/th>\n<\/tr>\n<tr>\n<th>Longueur<\/th>\n<td>80-230 mm<\/td>\n<\/tr>\n<tr>\n<th>Largeur<\/th>\n<td>16 mm<\/td>\n<\/tr>\n<tr>\n<th>\u00c8paisseur<\/th>\n<td>3 mm<\/td>\n<\/tr>\n<\/thead>\n<\/table>\n<div class=\"homesection section_C rule_light\"><a class=\"more\" title=\"Syst\u00e8me Vivax\" href=\"https:\/\/www.kadur.com\/fr\/lames\/bois\/systemes-reversibles\/vivax\/\"><span class=\"mark\">&gt;<\/span><span>en savoir plus<\/span><\/a><\/div>\n<p><\/div><div class=\"col1-2\"><\/p>\n<p><\/div><\/div><\/div><\/p>\n","protected":false},"excerpt":{"rendered":"","protected":false},"author":1,"featured_media":0,"parent":691,"menu_order":2,"comment_status":"closed","ping_status":"closed","template":"","meta":{"footnotes":""},"yoast_head":"<!-- This site is optimized with the Yoast SEO plugin v24.5 - https:\/\/yoast.com\/wordpress\/plugins\/seo\/ -->\n<title>Syst\u00e8mes r\u00e9versibles - Kadur<\/title>\n<meta name=\"robots\" content=\"index, follow, max-snippet:-1, max-image-preview:large, max-video-preview:-1\" \/>\n<link rel=\"canonical\" href=\"https:\/\/www.kadur.com\/fr\/lames\/bois\/systemes-reversibles\/\" \/>\n<meta property=\"og:locale\" content=\"fr_FR\" \/>\n<meta property=\"og:type\" content=\"article\" \/>\n<meta property=\"og:title\" content=\"Syst\u00e8mes r\u00e9versibles - Kadur\" \/>\n<meta property=\"og:url\" content=\"https:\/\/www.kadur.com\/fr\/lames\/bois\/systemes-reversibles\/\" \/>\n<meta property=\"og:site_name\" content=\"Kadur\" \/>\n<meta property=\"article:modified_time\" content=\"2013-05-06T22:01:43+00:00\" \/>\n<meta property=\"og:image\" content=\"http:\/\/www.kadur.com\/wp-content\/uploads\/2013\/03\/sist_kadurfix_fr_b.png\" \/>\n<meta name=\"twitter:label1\" content=\"Dur\u00e9e de lecture estim\u00e9e\" \/>\n\t<meta name=\"twitter:data1\" content=\"2 minutes\" \/>\n<script type=\"application\/ld+json\" class=\"yoast-schema-graph\">{\"@context\":\"https:\/\/schema.org\",\"@graph\":[{\"@type\":\"WebPage\",\"@id\":\"https:\/\/www.kadur.com\/fr\/lames\/bois\/systemes-reversibles\/\",\"url\":\"https:\/\/www.kadur.com\/fr\/lames\/bois\/systemes-reversibles\/\",\"name\":\"Syst\u00e8mes r\u00e9versibles - Kadur\",\"isPartOf\":{\"@id\":\"https:\/\/www.kadur.com\/fr\/#website\"},\"primaryImageOfPage\":{\"@id\":\"https:\/\/www.kadur.com\/fr\/lames\/bois\/systemes-reversibles\/#primaryimage\"},\"image\":{\"@id\":\"https:\/\/www.kadur.com\/fr\/lames\/bois\/systemes-reversibles\/#primaryimage\"},\"thumbnailUrl\":\"http:\/\/www.kadur.com\/wp-content\/uploads\/2013\/03\/sist_kadurfix_fr_b.png\",\"datePublished\":\"2013-03-01T01:22:52+00:00\",\"dateModified\":\"2013-05-06T22:01:43+00:00\",\"breadcrumb\":{\"@id\":\"https:\/\/www.kadur.com\/fr\/lames\/bois\/systemes-reversibles\/#breadcrumb\"},\"inLanguage\":\"fr-FR\",\"potentialAction\":[{\"@type\":\"ReadAction\",\"target\":[\"https:\/\/www.kadur.com\/fr\/lames\/bois\/systemes-reversibles\/\"]}]},{\"@type\":\"ImageObject\",\"inLanguage\":\"fr-FR\",\"@id\":\"https:\/\/www.kadur.com\/fr\/lames\/bois\/systemes-reversibles\/#primaryimage\",\"url\":\"http:\/\/www.kadur.com\/wp-content\/uploads\/2013\/03\/sist_kadurfix_fr_b.png\",\"contentUrl\":\"http:\/\/www.kadur.com\/wp-content\/uploads\/2013\/03\/sist_kadurfix_fr_b.png\"},{\"@type\":\"BreadcrumbList\",\"@id\":\"https:\/\/www.kadur.com\/fr\/lames\/bois\/systemes-reversibles\/#breadcrumb\",\"itemListElement\":[{\"@type\":\"ListItem\",\"position\":1,\"name\":\"Home\",\"item\":\"https:\/\/www.kadur.com\/fr\/\"},{\"@type\":\"ListItem\",\"position\":2,\"name\":\"Lames\",\"item\":\"https:\/\/www.kadur.com\/fr\/lames\/\"},{\"@type\":\"ListItem\",\"position\":3,\"name\":\"Bois et menuiserie\",\"item\":\"https:\/\/www.kadur.com\/fr\/lames\/bois\/\"},{\"@type\":\"ListItem\",\"position\":4,\"name\":\"Syst\u00e8mes r\u00e9versibles\"}]},{\"@type\":\"WebSite\",\"@id\":\"https:\/\/www.kadur.com\/fr\/#website\",\"url\":\"https:\/\/www.kadur.com\/fr\/\",\"name\":\"Kadur\",\"description\":\"Lames Industrielles Haute Performance\",\"potentialAction\":[{\"@type\":\"SearchAction\",\"target\":{\"@type\":\"EntryPoint\",\"urlTemplate\":\"https:\/\/www.kadur.com\/fr\/?s={search_term_string}\"},\"query-input\":{\"@type\":\"PropertyValueSpecification\",\"valueRequired\":true,\"valueName\":\"search_term_string\"}}],\"inLanguage\":\"fr-FR\"}]}<\/script>\n<!-- \/ Yoast SEO plugin. -->","yoast_head_json":{"title":"Syst\u00e8mes r\u00e9versibles - Kadur","robots":{"index":"index","follow":"follow","max-snippet":"max-snippet:-1","max-image-preview":"max-image-preview:large","max-video-preview":"max-video-preview:-1"},"canonical":"https:\/\/www.kadur.com\/fr\/lames\/bois\/systemes-reversibles\/","og_locale":"fr_FR","og_type":"article","og_title":"Syst\u00e8mes r\u00e9versibles - Kadur","og_url":"https:\/\/www.kadur.com\/fr\/lames\/bois\/systemes-reversibles\/","og_site_name":"Kadur","article_modified_time":"2013-05-06T22:01:43+00:00","og_image":[{"url":"http:\/\/www.kadur.com\/wp-content\/uploads\/2013\/03\/sist_kadurfix_fr_b.png","type":"","width":"","height":""}],"twitter_misc":{"Dur\u00e9e de lecture estim\u00e9e":"2 minutes"},"schema":{"@context":"https:\/\/schema.org","@graph":[{"@type":"WebPage","@id":"https:\/\/www.kadur.com\/fr\/lames\/bois\/systemes-reversibles\/","url":"https:\/\/www.kadur.com\/fr\/lames\/bois\/systemes-reversibles\/","name":"Syst\u00e8mes r\u00e9versibles - Kadur","isPartOf":{"@id":"https:\/\/www.kadur.com\/fr\/#website"},"primaryImageOfPage":{"@id":"https:\/\/www.kadur.com\/fr\/lames\/bois\/systemes-reversibles\/#primaryimage"},"image":{"@id":"https:\/\/www.kadur.com\/fr\/lames\/bois\/systemes-reversibles\/#primaryimage"},"thumbnailUrl":"http:\/\/www.kadur.com\/wp-content\/uploads\/2013\/03\/sist_kadurfix_fr_b.png","datePublished":"2013-03-01T01:22:52+00:00","dateModified":"2013-05-06T22:01:43+00:00","breadcrumb":{"@id":"https:\/\/www.kadur.com\/fr\/lames\/bois\/systemes-reversibles\/#breadcrumb"},"inLanguage":"fr-FR","potentialAction":[{"@type":"ReadAction","target":["https:\/\/www.kadur.com\/fr\/lames\/bois\/systemes-reversibles\/"]}]},{"@type":"ImageObject","inLanguage":"fr-FR","@id":"https:\/\/www.kadur.com\/fr\/lames\/bois\/systemes-reversibles\/#primaryimage","url":"http:\/\/www.kadur.com\/wp-content\/uploads\/2013\/03\/sist_kadurfix_fr_b.png","contentUrl":"http:\/\/www.kadur.com\/wp-content\/uploads\/2013\/03\/sist_kadurfix_fr_b.png"},{"@type":"BreadcrumbList","@id":"https:\/\/www.kadur.com\/fr\/lames\/bois\/systemes-reversibles\/#breadcrumb","itemListElement":[{"@type":"ListItem","position":1,"name":"Home","item":"https:\/\/www.kadur.com\/fr\/"},{"@type":"ListItem","position":2,"name":"Lames","item":"https:\/\/www.kadur.com\/fr\/lames\/"},{"@type":"ListItem","position":3,"name":"Bois et menuiserie","item":"https:\/\/www.kadur.com\/fr\/lames\/bois\/"},{"@type":"ListItem","position":4,"name":"Syst\u00e8mes r\u00e9versibles"}]},{"@type":"WebSite","@id":"https:\/\/www.kadur.com\/fr\/#website","url":"https:\/\/www.kadur.com\/fr\/","name":"Kadur","description":"Lames Industrielles Haute Performance","potentialAction":[{"@type":"SearchAction","target":{"@type":"EntryPoint","urlTemplate":"https:\/\/www.kadur.com\/fr\/?s={search_term_string}"},"query-input":{"@type":"PropertyValueSpecification","valueRequired":true,"valueName":"search_term_string"}}],"inLanguage":"fr-FR"}]}},"_links":{"self":[{"href":"https:\/\/www.kadur.com\/fr\/wp-json\/wp\/v2\/pages\/1341"}],"collection":[{"href":"https:\/\/www.kadur.com\/fr\/wp-json\/wp\/v2\/pages"}],"about":[{"href":"https:\/\/www.kadur.com\/fr\/wp-json\/wp\/v2\/types\/page"}],"author":[{"embeddable":true,"href":"https:\/\/www.kadur.com\/fr\/wp-json\/wp\/v2\/users\/1"}],"replies":[{"embeddable":true,"href":"https:\/\/www.kadur.com\/fr\/wp-json\/wp\/v2\/comments?post=1341"}],"version-history":[{"count":0,"href":"https:\/\/www.kadur.com\/fr\/wp-json\/wp\/v2\/pages\/1341\/revisions"}],"up":[{"embeddable":true,"href":"https:\/\/www.kadur.com\/fr\/wp-json\/wp\/v2\/pages\/691"}],"wp:attachment":[{"href":"https:\/\/www.kadur.com\/fr\/wp-json\/wp\/v2\/media?parent=1341"}],"curies":[{"name":"wp","href":"https:\/\/api.w.org\/{rel}","templated":true}]}}