{"id":1331,"date":"2013-03-01T02:01:04","date_gmt":"2013-03-01T01:01:04","guid":{"rendered":"http:\/\/www.kadur.com\/?page_id=1331"},"modified":"2013-05-06T20:00:18","modified_gmt":"2013-05-06T18:00:18","slug":"ondulees","status":"publish","type":"page","link":"https:\/\/www.kadur.com\/fr\/lames\/bois\/ondulees\/","title":{"rendered":"Ondul\u00e9es"},"content":{"rendered":"<p><div class=\"columns\"><div class=\"clear\"><div class=\"col1-2\"><h2><span class=\"label\">TCT<\/span> <span class=\"thin\"><\/span><\/h2>\n<img decoding=\"async\" class=\"alignnone size-full wp-image-1743\" alt=\"corr_tct_stellite_fr_b\" src=\"http:\/\/www.kadur.com\/wp-content\/uploads\/2013\/03\/corr_tct_stellite_fr_b1.png\" width=\"186\" height=\"56\" \/><\/p>\n<h3>M\u00e9tal dur (carbure de tungst\u00e8ne fritt\u00e9)<\/h3>\n<p>Tr\u00e8s appropri\u00e9 pour le travail et semi-feuillus (surtout exotique), panneaux de particules, papier lamin\u00e9, le tissu dur, et tout stratifi\u00e9s.\n<\/div><div class=\"col1-2\"><h2><span class=\"label\">STELLITE<\/span> <span class=\"thin\"><\/span><\/h2>\n<img decoding=\"async\" class=\"alignnone size-full wp-image-1743\" alt=\"corr_tct_stellite_fr_b\" src=\"http:\/\/www.kadur.com\/wp-content\/uploads\/2013\/03\/corr_tct_stellite_fr_b1.png\" width=\"186\" height=\"56\" \/><\/p>\n<h3>Alliage \u00e0 haute teneur en Cobalt<\/h3>\n<p>Pour travailler m\u00e8che \u00e0 bois dur et semi-dur abrasif. R\u00e9sistance au frottement et \u00e0 des temp\u00e9ratures \u00e9lev\u00e9es.\n<\/div><\/div><\/div><br \/>\n<div class=\"columns\"><div class=\"clear\"><div class=\"col1-2\">\n<a title=\"descargar PDF\" href=\"http:\/\/www.kadur.com\/wp-content\/uploads\/2013\/05\/corr_tct_stellite_fr.pdf\" target=\"_blank\"><img decoding=\"async\" class=\"alignright\" alt=\"PDF\" src=\"http:\/\/www.kadur.com\/wp-content\/uploads\/2013\/01\/pdf.png\" width=\"32\" height=\"32\" \/><\/a><\/p>\n<table>\n<thead>\n<tr>\n<th colspan=\"3\">Rang de mesures<\/th>\n<\/tr>\n<tr>\n<th>Longueur<\/th>\n<td>40-650 mm<\/td>\n<td>2-25 pouces<\/td>\n<\/tr>\n<tr>\n<th>Largeur<\/th>\n<td>50-70 mm<\/td>\n<td>2-2 3\/4 pouces<\/td>\n<\/tr>\n<tr>\n<th>\u00c8paisseur<\/th>\n<td>10 mm<\/td>\n<td>3\/8 pouces<\/td>\n<\/tr>\n<\/thead>\n<\/table>\n<div class=\"homesection section_C rule_light\"><a class=\"more\" title=\"TCT\" href=\"https:\/\/www.kadur.com\/fr\/lames\/bois\/ondulees\/tct\/\"><span class=\"mark\">&gt;<\/span><span>en savoir plus<\/span><\/a><\/div>\n<p><\/div><div class=\"col1-2\">\n<a title=\"descargar PDF\" href=\"http:\/\/www.kadur.com\/wp-content\/uploads\/2013\/05\/corr_tct_stellite_fr.pdf\" target=\"_blank\"><img decoding=\"async\" class=\"alignright\" alt=\"PDF\" src=\"http:\/\/www.kadur.com\/wp-content\/uploads\/2013\/01\/pdf.png\" width=\"32\" height=\"32\" \/><\/a><\/p>\n<table>\n<thead>\n<tr>\n<th colspan=\"3\">Rang de mesures<\/th>\n<\/tr>\n<tr>\n<th>Longueur<\/th>\n<td>40-650 mm<\/td>\n<td>2-25 pouces<\/td>\n<\/tr>\n<tr>\n<th>Largeur<\/th>\n<td>55-70 mm<\/td>\n<td>2-2 3\/4 pouces<\/td>\n<\/tr>\n<tr>\n<th>\u00c8paisseur<\/th>\n<td>10 mm<\/td>\n<td>3\/8 pouces<\/td>\n<\/tr>\n<\/thead>\n<\/table>\n<div class=\"homesection section_C rule_light\"><a class=\"more\" title=\"Stellite\" href=\"https:\/\/www.kadur.com\/fr\/lames\/bois\/ondulees\/stellite\/\"><span class=\"mark\">&gt;<\/span><span>en savoir plus<\/span><\/a><\/div>\n<p><\/div><\/div><\/div><\/p>\n<p><div class=\"columns\"><div class=\"clear\"><div class=\"col1-2\"><h2><span class=\"label\">HSS 6% W<\/span> <span class=\"thin\"><\/span><\/h2>\n<img decoding=\"async\" class=\"alignnone size-full wp-image-1744\" alt=\"corr_hss_st1_fr_b\" src=\"http:\/\/www.kadur.com\/wp-content\/uploads\/2013\/03\/corr_hss_st1_fr_b1.png\" width=\"186\" height=\"51\" \/><\/p>\n<h3>Acier rapide, alli\u00e9 \u00e0 6% de tungst\u00e8ne<\/h3>\n<p>Il s&rsquo;agit d&rsquo;un acier \u00e0 haute vitesse \u00e0 haute performance pour travailler les bois mi-dur et doux, raboteuses et des mouleurs.\n<\/div><div class=\"col1-2\"><h2><span class=\"label\">ST1<\/span> <span class=\"thin\"><\/span><\/h2>\n<img decoding=\"async\" class=\"alignnone size-full wp-image-1744\" alt=\"corr_hss_st1_fr_b\" src=\"http:\/\/www.kadur.com\/wp-content\/uploads\/2013\/03\/corr_hss_st1_fr_b1.png\" width=\"186\" height=\"51\" \/><\/p>\n<h3>Acier \u00e0 haute vitesse avec rev\u00eatement en nitrure de chrome<\/h3>\n<p>Pour travailler tous les types de bois: dur, semi-durs et mous, raboteuses et des mouleurs. Qualit\u00e9 fortement recommand\u00e9 d&rsquo;\u00eatre tr\u00e8s polyvalent.\n<\/div><\/div><\/div><br \/>\n<div class=\"columns\"><div class=\"clear\"><div class=\"col1-2\">\n<a title=\"descargar PDF\" href=\"http:\/\/www.kadur.com\/wp-content\/uploads\/2013\/05\/corr_hss6w_st1_fr.pdf\" target=\"_blank\"><img decoding=\"async\" class=\"alignright\" alt=\"PDF\" src=\"http:\/\/www.kadur.com\/wp-content\/uploads\/2013\/01\/pdf.png\" width=\"32\" height=\"32\" \/><\/a><\/p>\n<table>\n<thead>\n<tr>\n<th colspan=\"3\">Rang de mesures<\/th>\n<\/tr>\n<tr>\n<th>Longueur<\/th>\n<td>40-650 mm<\/td>\n<td>25 pouces<\/td>\n<\/tr>\n<tr>\n<th>Largeur<\/th>\n<td>40-70 mm<\/td>\n<td>1 1\/4-2 3\/4 pouces<\/td>\n<\/tr>\n<tr>\n<th>\u00c8paisseur<\/th>\n<td>8 mm<\/td>\n<td>1\/4-5\/16 pouces<\/td>\n<\/tr>\n<\/thead>\n<\/table>\n<div class=\"homesection section_C rule_light\"><a class=\"more\" title=\"HSS 6% W\" href=\"https:\/\/www.kadur.com\/fr\/lames\/bois\/ondulees\/hss-6-w\/\"><span class=\"mark\">&gt;<\/span><span>en savoir plus<\/span><\/a><\/div>\n<p><\/div><div class=\"col1-2\">\n<a title=\"descargar PDF\" href=\"http:\/\/www.kadur.com\/wp-content\/uploads\/2013\/05\/corr_hss6w_st1_fr.pdf\" target=\"_blank\"><img decoding=\"async\" class=\"alignright\" alt=\"PDF\" src=\"http:\/\/www.kadur.com\/wp-content\/uploads\/2013\/01\/pdf.png\" width=\"32\" height=\"32\" \/><\/a><\/p>\n<table>\n<thead>\n<tr>\n<th colspan=\"3\">Rang de mesures<\/th>\n<\/tr>\n<tr>\n<th>Longueur<\/th>\n<td>40-650 mm<\/td>\n<td>25 pouces<\/td>\n<\/tr>\n<tr>\n<th>Largeur<\/th>\n<td>40-70 mm<\/td>\n<td>1 1\/4-2 3\/4 pouces<\/td>\n<\/tr>\n<tr>\n<th>\u00c8paisseur<\/th>\n<td>8 mm<\/td>\n<td>1\/4-5\/16 pouces<\/td>\n<\/tr>\n<\/thead>\n<\/table>\n<div class=\"homesection section_C rule_light\"><a class=\"more\" title=\"ST1\" href=\"https:\/\/www.kadur.com\/fr\/lames\/bois\/ondulees\/st1\/\"><span class=\"mark\">&gt;<\/span><span>en savoir plus<\/span><\/a><\/div>\n<p><\/div><\/div><\/div><\/p>\n","protected":false},"excerpt":{"rendered":"","protected":false},"author":1,"featured_media":0,"parent":691,"menu_order":1,"comment_status":"closed","ping_status":"closed","template":"","meta":{"footnotes":""},"yoast_head":"<!-- This site is optimized with the Yoast SEO plugin v24.5 - https:\/\/yoast.com\/wordpress\/plugins\/seo\/ -->\n<title>Ondul\u00e9es - Kadur<\/title>\n<meta name=\"robots\" content=\"index, follow, max-snippet:-1, max-image-preview:large, max-video-preview:-1\" \/>\n<link rel=\"canonical\" href=\"https:\/\/www.kadur.com\/fr\/lames\/bois\/ondulees\/\" \/>\n<meta property=\"og:locale\" content=\"fr_FR\" \/>\n<meta property=\"og:type\" content=\"article\" \/>\n<meta property=\"og:title\" content=\"Ondul\u00e9es - Kadur\" \/>\n<meta property=\"og:url\" content=\"https:\/\/www.kadur.com\/fr\/lames\/bois\/ondulees\/\" \/>\n<meta property=\"og:site_name\" content=\"Kadur\" \/>\n<meta property=\"article:modified_time\" content=\"2013-05-06T18:00:18+00:00\" \/>\n<meta property=\"og:image\" content=\"http:\/\/www.kadur.com\/wp-content\/uploads\/2013\/03\/corr_tct_stellite_fr_b1.png\" \/>\n<meta name=\"twitter:label1\" content=\"Dur\u00e9e de lecture estim\u00e9e\" \/>\n\t<meta name=\"twitter:data1\" content=\"1 minute\" \/>\n<script type=\"application\/ld+json\" class=\"yoast-schema-graph\">{\"@context\":\"https:\/\/schema.org\",\"@graph\":[{\"@type\":\"WebPage\",\"@id\":\"https:\/\/www.kadur.com\/fr\/lames\/bois\/ondulees\/\",\"url\":\"https:\/\/www.kadur.com\/fr\/lames\/bois\/ondulees\/\",\"name\":\"Ondul\u00e9es - Kadur\",\"isPartOf\":{\"@id\":\"https:\/\/www.kadur.com\/fr\/#website\"},\"primaryImageOfPage\":{\"@id\":\"https:\/\/www.kadur.com\/fr\/lames\/bois\/ondulees\/#primaryimage\"},\"image\":{\"@id\":\"https:\/\/www.kadur.com\/fr\/lames\/bois\/ondulees\/#primaryimage\"},\"thumbnailUrl\":\"http:\/\/www.kadur.com\/wp-content\/uploads\/2013\/03\/corr_tct_stellite_fr_b1.png\",\"datePublished\":\"2013-03-01T01:01:04+00:00\",\"dateModified\":\"2013-05-06T18:00:18+00:00\",\"breadcrumb\":{\"@id\":\"https:\/\/www.kadur.com\/fr\/lames\/bois\/ondulees\/#breadcrumb\"},\"inLanguage\":\"fr-FR\",\"potentialAction\":[{\"@type\":\"ReadAction\",\"target\":[\"https:\/\/www.kadur.com\/fr\/lames\/bois\/ondulees\/\"]}]},{\"@type\":\"ImageObject\",\"inLanguage\":\"fr-FR\",\"@id\":\"https:\/\/www.kadur.com\/fr\/lames\/bois\/ondulees\/#primaryimage\",\"url\":\"http:\/\/www.kadur.com\/wp-content\/uploads\/2013\/03\/corr_tct_stellite_fr_b1.png\",\"contentUrl\":\"http:\/\/www.kadur.com\/wp-content\/uploads\/2013\/03\/corr_tct_stellite_fr_b1.png\"},{\"@type\":\"BreadcrumbList\",\"@id\":\"https:\/\/www.kadur.com\/fr\/lames\/bois\/ondulees\/#breadcrumb\",\"itemListElement\":[{\"@type\":\"ListItem\",\"position\":1,\"name\":\"Home\",\"item\":\"https:\/\/www.kadur.com\/fr\/\"},{\"@type\":\"ListItem\",\"position\":2,\"name\":\"Lames\",\"item\":\"https:\/\/www.kadur.com\/fr\/lames\/\"},{\"@type\":\"ListItem\",\"position\":3,\"name\":\"Bois et menuiserie\",\"item\":\"https:\/\/www.kadur.com\/fr\/lames\/bois\/\"},{\"@type\":\"ListItem\",\"position\":4,\"name\":\"Ondul\u00e9es\"}]},{\"@type\":\"WebSite\",\"@id\":\"https:\/\/www.kadur.com\/fr\/#website\",\"url\":\"https:\/\/www.kadur.com\/fr\/\",\"name\":\"Kadur\",\"description\":\"Lames Industrielles Haute Performance\",\"potentialAction\":[{\"@type\":\"SearchAction\",\"target\":{\"@type\":\"EntryPoint\",\"urlTemplate\":\"https:\/\/www.kadur.com\/fr\/?s={search_term_string}\"},\"query-input\":{\"@type\":\"PropertyValueSpecification\",\"valueRequired\":true,\"valueName\":\"search_term_string\"}}],\"inLanguage\":\"fr-FR\"}]}<\/script>\n<!-- \/ Yoast SEO plugin. -->","yoast_head_json":{"title":"Ondul\u00e9es - Kadur","robots":{"index":"index","follow":"follow","max-snippet":"max-snippet:-1","max-image-preview":"max-image-preview:large","max-video-preview":"max-video-preview:-1"},"canonical":"https:\/\/www.kadur.com\/fr\/lames\/bois\/ondulees\/","og_locale":"fr_FR","og_type":"article","og_title":"Ondul\u00e9es - Kadur","og_url":"https:\/\/www.kadur.com\/fr\/lames\/bois\/ondulees\/","og_site_name":"Kadur","article_modified_time":"2013-05-06T18:00:18+00:00","og_image":[{"url":"http:\/\/www.kadur.com\/wp-content\/uploads\/2013\/03\/corr_tct_stellite_fr_b1.png","type":"","width":"","height":""}],"twitter_misc":{"Dur\u00e9e de lecture estim\u00e9e":"1 minute"},"schema":{"@context":"https:\/\/schema.org","@graph":[{"@type":"WebPage","@id":"https:\/\/www.kadur.com\/fr\/lames\/bois\/ondulees\/","url":"https:\/\/www.kadur.com\/fr\/lames\/bois\/ondulees\/","name":"Ondul\u00e9es - Kadur","isPartOf":{"@id":"https:\/\/www.kadur.com\/fr\/#website"},"primaryImageOfPage":{"@id":"https:\/\/www.kadur.com\/fr\/lames\/bois\/ondulees\/#primaryimage"},"image":{"@id":"https:\/\/www.kadur.com\/fr\/lames\/bois\/ondulees\/#primaryimage"},"thumbnailUrl":"http:\/\/www.kadur.com\/wp-content\/uploads\/2013\/03\/corr_tct_stellite_fr_b1.png","datePublished":"2013-03-01T01:01:04+00:00","dateModified":"2013-05-06T18:00:18+00:00","breadcrumb":{"@id":"https:\/\/www.kadur.com\/fr\/lames\/bois\/ondulees\/#breadcrumb"},"inLanguage":"fr-FR","potentialAction":[{"@type":"ReadAction","target":["https:\/\/www.kadur.com\/fr\/lames\/bois\/ondulees\/"]}]},{"@type":"ImageObject","inLanguage":"fr-FR","@id":"https:\/\/www.kadur.com\/fr\/lames\/bois\/ondulees\/#primaryimage","url":"http:\/\/www.kadur.com\/wp-content\/uploads\/2013\/03\/corr_tct_stellite_fr_b1.png","contentUrl":"http:\/\/www.kadur.com\/wp-content\/uploads\/2013\/03\/corr_tct_stellite_fr_b1.png"},{"@type":"BreadcrumbList","@id":"https:\/\/www.kadur.com\/fr\/lames\/bois\/ondulees\/#breadcrumb","itemListElement":[{"@type":"ListItem","position":1,"name":"Home","item":"https:\/\/www.kadur.com\/fr\/"},{"@type":"ListItem","position":2,"name":"Lames","item":"https:\/\/www.kadur.com\/fr\/lames\/"},{"@type":"ListItem","position":3,"name":"Bois et menuiserie","item":"https:\/\/www.kadur.com\/fr\/lames\/bois\/"},{"@type":"ListItem","position":4,"name":"Ondul\u00e9es"}]},{"@type":"WebSite","@id":"https:\/\/www.kadur.com\/fr\/#website","url":"https:\/\/www.kadur.com\/fr\/","name":"Kadur","description":"Lames Industrielles Haute Performance","potentialAction":[{"@type":"SearchAction","target":{"@type":"EntryPoint","urlTemplate":"https:\/\/www.kadur.com\/fr\/?s={search_term_string}"},"query-input":{"@type":"PropertyValueSpecification","valueRequired":true,"valueName":"search_term_string"}}],"inLanguage":"fr-FR"}]}},"_links":{"self":[{"href":"https:\/\/www.kadur.com\/fr\/wp-json\/wp\/v2\/pages\/1331"}],"collection":[{"href":"https:\/\/www.kadur.com\/fr\/wp-json\/wp\/v2\/pages"}],"about":[{"href":"https:\/\/www.kadur.com\/fr\/wp-json\/wp\/v2\/types\/page"}],"author":[{"embeddable":true,"href":"https:\/\/www.kadur.com\/fr\/wp-json\/wp\/v2\/users\/1"}],"replies":[{"embeddable":true,"href":"https:\/\/www.kadur.com\/fr\/wp-json\/wp\/v2\/comments?post=1331"}],"version-history":[{"count":0,"href":"https:\/\/www.kadur.com\/fr\/wp-json\/wp\/v2\/pages\/1331\/revisions"}],"up":[{"embeddable":true,"href":"https:\/\/www.kadur.com\/fr\/wp-json\/wp\/v2\/pages\/691"}],"wp:attachment":[{"href":"https:\/\/www.kadur.com\/fr\/wp-json\/wp\/v2\/media?parent=1331"}],"curies":[{"name":"wp","href":"https:\/\/api.w.org\/{rel}","templated":true}]}}