{"id":2670,"date":"2018-06-19T11:32:58","date_gmt":"2018-06-19T09:32:58","guid":{"rendered":"http:\/\/www.kadur.com\/politica-de-privacidad\/"},"modified":"2021-02-18T17:59:30","modified_gmt":"2021-02-18T16:59:30","slug":"politica-de-privacidad","status":"publish","type":"page","link":"https:\/\/www.kadur.com\/en\/politica-de-privacidad\/","title":{"rendered":"Pol\u00edtica de Privacidad"},"content":{"rendered":"<p>La presente Pol\u00edtica de Privacidad puede actualizarse o adaptarse por los cambios que puedan producirse en la legislaci\u00f3n vigente o en la propia p\u00e1gina web. Por favor, l\u00e9ala detenidamente cada vez que facilite sus datos personales.<\/p>\n<p>La visita a esta p\u00e1gina web no supone que el usuario est\u00e9 obligado a facilitar ninguna informaci\u00f3n sobre s\u00ed mismo. No obstante, durante la visita es posible que se soliciten datos de car\u00e1cter personal a trav\u00e9s de formularios.<\/p>\n<p>Los datos que solicitamos en este sitio web son adecuados, pertinentes y estrictamente necesarios para poder prestarle los servicios ofrecidos y en ning\u00fan caso usted est\u00e1 obligado a facilit\u00e1rnoslos, si bien debe saber que su no comunicaci\u00f3n podr\u00e1 afectar o imposibilitar la prestaci\u00f3n del servicio.<br \/>\nCon el consentimiento expreso que presta al aceptar la presente Pol\u00edtica de Privacidad antes de facilitarnos sus datos personales, usted nos da la base legal para su tratamiento.<\/p>\n<p>De acuerdo con la Ley Org\u00e1nica 03\/2018, de 05 de diciembre, de Protecci\u00f3n de Datos (LOPD) y el Reglamento General de Protecci\u00f3n de Datos (RGPD) y en base a los principios de transparencia, lealtad y licitud, detallamos a continuaci\u00f3n el tratamiento que realizaremos de sus datos de car\u00e1cter personal:<\/p>\n<ul>\n<li><strong>RESPONSABLE DEL TRATAMIENTO<\/strong><br \/>\nSus datos personales formar\u00e1n parte del fichero Usuarios Web, cuyo destinatario y responsable del fichero y del tratamiento del mismo es:<\/p>\n<ul>\n<li>DIADUR TOOLS, SL<\/li>\n<li>CIF: B58049636<\/li>\n<li>Domicilio social: P.I. PLA DE LA BRUGUERA C\/BAGES, 5 de CASTELLAR DEL VALLES, 08211 BARCELONA<\/li>\n<li>Email: CONTABILIDAD@KADUR.COM<\/li>\n<li>Tel\u00e9fono: 937142522<\/li>\n<\/ul>\n<\/li>\n<li><strong>FINALIDAD Y CONSERVACI\u00d3N DE LOS DATOS<\/strong><br \/>\nLos datos de car\u00e1cter personal que nos facilite en este sitio web se tratar\u00e1n \u00fanica y exclusivamente con la finalidad de enviarle la informaci\u00f3n solicitada. Adem\u00e1s, si lo consiente expresamente, le podremos enviar comunicaciones electr\u00f3nicas con informaci\u00f3n de nuestros servicios y actividades que esperamos puedan ser de su inter\u00e9s. En caso de que sus datos sufran alguna modificaci\u00f3n, rogamos nos lo comunique a los datos de contacto que figuran m\u00e1s arriba con tal de poder mantenerlos actualizados y poder responder de la veracidad de los mismos.<\/p>\n<p>Conservaremos sus datos el tiempo imprescindible para poder llevar a cabo la finalidad para la cual nos los ha facilitado y para poder atender, en caso necesario, las responsabilidades y legales que pueden derivarse de ellos. Si no ejerce su derecho de oposici\u00f3n o cancelaci\u00f3n al tratamiento de sus datos, entenderemos que contin\u00faa interesado en seguir formando parte de nuestro fichero de Clientes mientras el tratamiento sea adecuado a la finalidad para la que se facilitaron.<\/p>\n<p>Usted puede retirar su consentimiento para cualquier finalidad concreta que hubiese aceptado previamente sin que tenga afectaci\u00f3n en la licitud del tratamiento basado en ese consentimiento.<\/li>\n<li><strong>CESI\u00d3N DE LOS DATOS<br \/>\n<\/strong>Sus datos no ser\u00e1n comunicados a terceros salvo a empresas colaboradoras siempre que esta cesi\u00f3n conlleve una mejora del servicio para el cual se cedieron, exista obligaci\u00f3n legal o se le haya informado expresamente.<\/li>\n<li><strong>DERECHOS DEL USUARIO SOBRE SUS DATOS PERSONALES<br \/>\n<\/strong>Le informamos de los derechos de que dispone al cedernos sus datos:<\/p>\n<ul>\n<li>Derecho al acceso a los datos<\/li>\n<li>Derecho de rectificaci\u00f3n<\/li>\n<li>Derecho de supresi\u00f3n<\/li>\n<li>Derecho de oposici\u00f3n<\/li>\n<li>Derecho a la portabilidad<\/li>\n<li>Derecho a la limitaci\u00f3n de su tratamiento<\/li>\n<\/ul>\n<\/li>\n<\/ul>\n<p>Puede ejercer cualquiera de estos derechos comunic\u00e1ndolo por escrito a nuestro domicilio social que aparece m\u00e1s arriba o bien mediante correo electr\u00f3nico CONTABILIDAD@KADUR.COM, siempre incluyendo fotocopia del Documento Nacional de Identidad o equivalente.<\/p>\n<p>Dispone de m\u00e1s informaci\u00f3n sobre sus derechos y de los formularios para ejercerlos en la p\u00e1gina web de la Agencia Espa\u00f1ola de Protecci\u00f3n de Datos, www.agpd.es<\/p>\n<p><strong>REDES SOCIALES<\/strong><br \/>\nLa visita a los perfiles p\u00fablicos de KADUR en redes sociales no supone la captaci\u00f3n de datos personales, a menos que se autorice expresamente.<\/p>\n<p><strong>PROTECCI\u00d3N Y CONFIDENCIALIDAD DE SUS DATOS<\/strong><br \/>\nUtilizamos medidas organizativas y t\u00e9cnicas para garantizar la seguridad y confidencialidad de sus datos personales, evitando su p\u00e9rdida, alteraci\u00f3n y tratamiento no autorizado. Nuestro personal ha sido formado y ha adoptado el compromiso de confidencialidad para su tratamiento.<\/p>\n","protected":false},"excerpt":{"rendered":"<p>La presente Pol\u00edtica de Privacidad puede actualizarse o adaptarse por los cambios que puedan producirse en la legislaci\u00f3n vigente o en la propia p\u00e1gina web. Por favor, l\u00e9ala detenidamente cada vez que facilite sus datos personales. La visita a esta &hellip; <br \/><a href=\"https:\/\/www.kadur.com\/en\/politica-de-privacidad\/\" class=\"more-link\">Continue reading<\/a><\/p>\n","protected":false},"author":1,"featured_media":0,"parent":0,"menu_order":0,"comment_status":"closed","ping_status":"closed","template":"","meta":{"footnotes":""},"yoast_head":"<!-- This site is optimized with the Yoast SEO plugin v24.5 - https:\/\/yoast.com\/wordpress\/plugins\/seo\/ -->\n<title>Pol\u00edtica de Privacidad - Kadur<\/title>\n<meta name=\"robots\" content=\"index, follow, max-snippet:-1, max-image-preview:large, max-video-preview:-1\" \/>\n<link rel=\"canonical\" href=\"https:\/\/www.kadur.com\/en\/politica-de-privacidad\/\" \/>\n<meta property=\"og:locale\" content=\"en_US\" \/>\n<meta property=\"og:type\" content=\"article\" \/>\n<meta property=\"og:title\" content=\"Pol\u00edtica de Privacidad - Kadur\" \/>\n<meta property=\"og:description\" content=\"La presente Pol\u00edtica de Privacidad puede actualizarse o adaptarse por los cambios que puedan producirse en la legislaci\u00f3n vigente o en la propia p\u00e1gina web. Por favor, l\u00e9ala detenidamente cada vez que facilite sus datos personales. La visita a esta &hellip; Continue reading\" \/>\n<meta property=\"og:url\" content=\"https:\/\/www.kadur.com\/en\/politica-de-privacidad\/\" \/>\n<meta property=\"og:site_name\" content=\"Kadur\" \/>\n<meta property=\"article:modified_time\" content=\"2021-02-18T16:59:30+00:00\" \/>\n<meta name=\"twitter:label1\" content=\"Est. reading time\" \/>\n\t<meta name=\"twitter:data1\" content=\"4 minutes\" \/>\n<script type=\"application\/ld+json\" class=\"yoast-schema-graph\">{\"@context\":\"https:\/\/schema.org\",\"@graph\":[{\"@type\":\"WebPage\",\"@id\":\"https:\/\/www.kadur.com\/en\/politica-de-privacidad\/\",\"url\":\"https:\/\/www.kadur.com\/en\/politica-de-privacidad\/\",\"name\":\"Pol\u00edtica de Privacidad - Kadur\",\"isPartOf\":{\"@id\":\"https:\/\/www.kadur.com\/fr\/#website\"},\"datePublished\":\"2018-06-19T09:32:58+00:00\",\"dateModified\":\"2021-02-18T16:59:30+00:00\",\"breadcrumb\":{\"@id\":\"https:\/\/www.kadur.com\/en\/politica-de-privacidad\/#breadcrumb\"},\"inLanguage\":\"en-US\",\"potentialAction\":[{\"@type\":\"ReadAction\",\"target\":[\"https:\/\/www.kadur.com\/en\/politica-de-privacidad\/\"]}]},{\"@type\":\"BreadcrumbList\",\"@id\":\"https:\/\/www.kadur.com\/en\/politica-de-privacidad\/#breadcrumb\",\"itemListElement\":[{\"@type\":\"ListItem\",\"position\":1,\"name\":\"Home\",\"item\":\"https:\/\/www.kadur.com\/en\/\"},{\"@type\":\"ListItem\",\"position\":2,\"name\":\"Pol\u00edtica de Privacidad\"}]},{\"@type\":\"WebSite\",\"@id\":\"https:\/\/www.kadur.com\/fr\/#website\",\"url\":\"https:\/\/www.kadur.com\/fr\/\",\"name\":\"Kadur\",\"description\":\"High Performance Industrial Knives\",\"potentialAction\":[{\"@type\":\"SearchAction\",\"target\":{\"@type\":\"EntryPoint\",\"urlTemplate\":\"https:\/\/www.kadur.com\/fr\/?s={search_term_string}\"},\"query-input\":{\"@type\":\"PropertyValueSpecification\",\"valueRequired\":true,\"valueName\":\"search_term_string\"}}],\"inLanguage\":\"en-US\"}]}<\/script>\n<!-- \/ Yoast SEO plugin. -->","yoast_head_json":{"title":"Pol\u00edtica de Privacidad - Kadur","robots":{"index":"index","follow":"follow","max-snippet":"max-snippet:-1","max-image-preview":"max-image-preview:large","max-video-preview":"max-video-preview:-1"},"canonical":"https:\/\/www.kadur.com\/en\/politica-de-privacidad\/","og_locale":"en_US","og_type":"article","og_title":"Pol\u00edtica de Privacidad - Kadur","og_description":"La presente Pol\u00edtica de Privacidad puede actualizarse o adaptarse por los cambios que puedan producirse en la legislaci\u00f3n vigente o en la propia p\u00e1gina web. Por favor, l\u00e9ala detenidamente cada vez que facilite sus datos personales. La visita a esta &hellip; Continue reading","og_url":"https:\/\/www.kadur.com\/en\/politica-de-privacidad\/","og_site_name":"Kadur","article_modified_time":"2021-02-18T16:59:30+00:00","twitter_misc":{"Est. reading time":"4 minutes"},"schema":{"@context":"https:\/\/schema.org","@graph":[{"@type":"WebPage","@id":"https:\/\/www.kadur.com\/en\/politica-de-privacidad\/","url":"https:\/\/www.kadur.com\/en\/politica-de-privacidad\/","name":"Pol\u00edtica de Privacidad - Kadur","isPartOf":{"@id":"https:\/\/www.kadur.com\/fr\/#website"},"datePublished":"2018-06-19T09:32:58+00:00","dateModified":"2021-02-18T16:59:30+00:00","breadcrumb":{"@id":"https:\/\/www.kadur.com\/en\/politica-de-privacidad\/#breadcrumb"},"inLanguage":"en-US","potentialAction":[{"@type":"ReadAction","target":["https:\/\/www.kadur.com\/en\/politica-de-privacidad\/"]}]},{"@type":"BreadcrumbList","@id":"https:\/\/www.kadur.com\/en\/politica-de-privacidad\/#breadcrumb","itemListElement":[{"@type":"ListItem","position":1,"name":"Home","item":"https:\/\/www.kadur.com\/en\/"},{"@type":"ListItem","position":2,"name":"Pol\u00edtica de Privacidad"}]},{"@type":"WebSite","@id":"https:\/\/www.kadur.com\/fr\/#website","url":"https:\/\/www.kadur.com\/fr\/","name":"Kadur","description":"High Performance Industrial Knives","potentialAction":[{"@type":"SearchAction","target":{"@type":"EntryPoint","urlTemplate":"https:\/\/www.kadur.com\/fr\/?s={search_term_string}"},"query-input":{"@type":"PropertyValueSpecification","valueRequired":true,"valueName":"search_term_string"}}],"inLanguage":"en-US"}]}},"_links":{"self":[{"href":"https:\/\/www.kadur.com\/en\/wp-json\/wp\/v2\/pages\/2670"}],"collection":[{"href":"https:\/\/www.kadur.com\/en\/wp-json\/wp\/v2\/pages"}],"about":[{"href":"https:\/\/www.kadur.com\/en\/wp-json\/wp\/v2\/types\/page"}],"author":[{"embeddable":true,"href":"https:\/\/www.kadur.com\/en\/wp-json\/wp\/v2\/users\/1"}],"replies":[{"embeddable":true,"href":"https:\/\/www.kadur.com\/en\/wp-json\/wp\/v2\/comments?post=2670"}],"version-history":[{"count":0,"href":"https:\/\/www.kadur.com\/en\/wp-json\/wp\/v2\/pages\/2670\/revisions"}],"wp:attachment":[{"href":"https:\/\/www.kadur.com\/en\/wp-json\/wp\/v2\/media?parent=2670"}],"curies":[{"name":"wp","href":"https:\/\/api.w.org\/{rel}","templated":true}]}}