{"id":913,"date":"2013-02-26T15:20:48","date_gmt":"2013-02-26T14:20:48","guid":{"rendered":"http:\/\/www.kadur.com\/?page_id=913"},"modified":"2013-02-26T16:24:15","modified_gmt":"2013-02-26T15:24:15","slug":"horauf","status":"publish","type":"page","link":"https:\/\/www.kadur.com\/de\/messer\/papier\/papierschneid\/horauf\/","title":{"rendered":"H\u00d6RAUF"},"content":{"rendered":"<h1><img decoding=\"async\" class=\"size-full wp-image-920 alignright\" alt=\"horauf_1_a\" src=\"http:\/\/www.kadur.com\/wp-content\/uploads\/2013\/02\/horauf_1_a.png\" width=\"155\" height=\"86\" \/>H\u00d6RAUF<\/h1>\n<table>\n<thead>\n<tr>\n<th rowspan=\"2\">Maschine-Type<\/th>\n<th rowspan=\"2\">Abmessung mm<\/th>\n<th rowspan=\"2\" colspan=\"2\">L\u00f6cher<\/th>\n<th colspan=\"3\">Qualitat<\/th>\n<\/tr>\n<tr>\n<th>MAXI 500<\/th>\n<th>SUPREM 500<\/th>\n<th>SUPREM 1000<\/th>\n<\/tr>\n<\/thead>\n<tbody>\n<tr>\n<th>AVH 72 SN 131<\/th>\n<th colspan=\"3\">Kompleter Satz: 3 Messer<\/th>\n<td>PHO0131M5<\/td>\n<td>PHO0131S5<\/td>\n<td>PHO0131S10<\/td>\n<\/tr>\n<tr>\n<th><\/th>\n<td>1 FS 560 x 122 x 12,8<\/td>\n<td colspan=\"2\">8\/M12<\/td>\n<td>PHO1131M5<\/td>\n<td>PHO1131S5<\/td>\n<td>PHO1131S10<\/td>\n<\/tr>\n<tr>\n<th><\/th>\n<td>1 LS 453\/423 x 150 x 12,8<\/td>\n<td colspan=\"2\">6\/M12<\/td>\n<td>PHO2131M5<\/td>\n<td>PHO2131S5<\/td>\n<td>PHO2131S10<\/td>\n<\/tr>\n<tr>\n<th><\/th>\n<td>1 LS 453\/423 x 150 x 12,8<\/td>\n<td colspan=\"2\">6\/M12<\/td>\n<td>PHO3131M5<\/td>\n<td>PHO3131S5<\/td>\n<td>PHO3131S10<\/td>\n<\/tr>\n<tr>\n<th>BS SN 130<\/th>\n<th colspan=\"3\">Kompleter Satz: 3 Messer<\/th>\n<td>PHO0130M5<\/td>\n<td>PHO0130S5<\/td>\n<td>PHO0130S10<\/td>\n<\/tr>\n<tr>\n<th><\/th>\n<td>1 FS 460 x 130 x 11,8<\/td>\n<td colspan=\"2\">8\/M12<\/td>\n<td>PHO1130M5<\/td>\n<td>PHO1130S5<\/td>\n<td>PHO1130S10<\/td>\n<\/tr>\n<tr>\n<th><\/th>\n<td>1 LS 410\/350 x 145 x 11,8<\/td>\n<td colspan=\"2\">6\/M12<\/td>\n<td>PHO2130M5<\/td>\n<td>PHO2130S5<\/td>\n<td>PHO2130S10<\/td>\n<\/tr>\n<tr>\n<th><\/th>\n<td>1 LS 410\/350 x 130 x 11,8<\/td>\n<td colspan=\"2\">6\/M12<\/td>\n<td>PHO3130M5<\/td>\n<td>PHO3130S5<\/td>\n<td>PHO3130S10<\/td>\n<\/tr>\n<tr>\n<th>SN 135 A<\/th>\n<th colspan=\"3\">Kompleter Satz: 3 Messer<\/th>\n<td>PHO0135M5<\/td>\n<td>PHO0135S5<\/td>\n<td>PHO0135S10<\/td>\n<\/tr>\n<tr>\n<th><\/th>\n<td>1 FS 475 x 130 x 11,8<\/td>\n<td colspan=\"2\">8\/M12<\/td>\n<td>PHO1135M5<\/td>\n<td>PHO1135S5<\/td>\n<td>PHO1135S10<\/td>\n<\/tr>\n<tr>\n<th><\/th>\n<td>1 LS 425 x 150 x 15,8<\/td>\n<td>6\/M12<\/td>\n<td>2\/M8<br \/>\nu ausfr<\/td>\n<td>PHO2135M5<\/td>\n<td>PHO2135S5<\/td>\n<td>PHO2135S10<\/td>\n<\/tr>\n<tr>\n<th><\/th>\n<td>1 LS 425 x 150 x 15,8<\/td>\n<td>6\/M12<\/td>\n<td>2\/M8<br \/>\nu ausfr<\/td>\n<td>PHO3135M5<\/td>\n<td>PHO3135S5<\/td>\n<td>PHO3135S10<\/td>\n<\/tr>\n<tr>\n<th>SN 135 SPEC.<\/th>\n<th colspan=\"3\">Kompleter Satz: 3 Messer<\/th>\n<td>PHO0136M5<\/td>\n<td>PHO0136S5<\/td>\n<td>PHO0136S10<\/td>\n<\/tr>\n<tr>\n<th><\/th>\n<td>1 FS 475 x 130 x 11,8<\/td>\n<td colspan=\"2\">8\/M12<\/td>\n<td>PHO1136M5<\/td>\n<td>PHO1136S5<\/td>\n<td>PHO1136S10<\/td>\n<\/tr>\n<tr>\n<th><\/th>\n<td>1 LS 440 x 150 x 15,8<\/td>\n<td>6\/M12<\/td>\n<td>2\/M8<br \/>\nu ausfr<\/td>\n<td>PHO2136M5<\/td>\n<td>PHO2136S5<\/td>\n<td>PHO2136S10<\/td>\n<\/tr>\n<tr>\n<th><\/th>\n<td>1 LS 440 x 150 x 15,8<\/td>\n<td>6\/M12<\/td>\n<td>2\/M8<br \/>\nu ausfr<\/td>\n<td>PHO3136M5<\/td>\n<td>PHO3136S5<\/td>\n<td>PHO3136S10<\/td>\n<\/tr>\n<tr>\n<th>SN 138 (145 AF)<\/th>\n<th colspan=\"3\">Kompleter Satz: 3 Messer<\/th>\n<td>PHO0138M5<\/td>\n<td>PHO0138S5<\/td>\n<td>PHO0138S10<\/td>\n<\/tr>\n<tr>\n<th><\/th>\n<td>1 FS 475 x 130 x 11,8<\/td>\n<td colspan=\"2\">8\/M12<\/td>\n<td>PHO1138M5<\/td>\n<td>PHO1138S5<\/td>\n<td>PHO1138S10<\/td>\n<\/tr>\n<tr>\n<th><\/th>\n<td>1 LS 405 x 150 x 15,8<\/td>\n<td>6\/M12<\/td>\n<td>2\/M8<br \/>\nu ausfr<\/td>\n<td>PHO2138M5<\/td>\n<td>PHO2138S5<\/td>\n<td>PHO2138S10<\/td>\n<\/tr>\n<tr>\n<th><\/th>\n<td>1 LS 405 x 150 x 15,8<\/td>\n<td>6\/M12<\/td>\n<td>2\/M8<br \/>\nu ausfr<\/td>\n<td>PHO3138M5<\/td>\n<td>PHO3138S5<\/td>\n<td>PHO3138S10<\/td>\n<\/tr>\n<\/tbody>\n<\/table>\n","protected":false},"excerpt":{"rendered":"<p>H\u00d6RAUF Maschine-Type Abmessung mm L\u00f6cher Qualitat MAXI 500 SUPREM 500 SUPREM 1000 AVH 72 SN 131 Kompleter Satz: 3 Messer PHO0131M5 PHO0131S5 PHO0131S10 1 FS 560 x 122 x 12,8 8\/M12 PHO1131M5 PHO1131S5 PHO1131S10 1 LS 453\/423 x 150 x &hellip; <br \/><a href=\"https:\/\/www.kadur.com\/de\/messer\/papier\/papierschneid\/horauf\/\" class=\"more-link\">Lesen Sie weiter<\/a><\/p>\n","protected":false},"author":1,"featured_media":0,"parent":750,"menu_order":1,"comment_status":"closed","ping_status":"closed","template":"","meta":{"footnotes":""},"yoast_head":"<!-- This site is optimized with the Yoast SEO plugin v24.5 - https:\/\/yoast.com\/wordpress\/plugins\/seo\/ -->\n<title>H\u00d6RAUF - Kadur<\/title>\n<meta name=\"robots\" content=\"index, follow, max-snippet:-1, max-image-preview:large, max-video-preview:-1\" \/>\n<link rel=\"canonical\" href=\"https:\/\/www.kadur.com\/de\/messer\/papier\/papierschneid\/horauf\/\" \/>\n<meta property=\"og:locale\" content=\"de_DE\" \/>\n<meta property=\"og:type\" content=\"article\" \/>\n<meta property=\"og:title\" content=\"H\u00d6RAUF - Kadur\" \/>\n<meta property=\"og:description\" content=\"H\u00d6RAUF Maschine-Type Abmessung mm L\u00f6cher Qualitat MAXI 500 SUPREM 500 SUPREM 1000 AVH 72 SN 131 Kompleter Satz: 3 Messer PHO0131M5 PHO0131S5 PHO0131S10 1 FS 560 x 122 x 12,8 8\/M12 PHO1131M5 PHO1131S5 PHO1131S10 1 LS 453\/423 x 150 x &hellip; Lesen Sie weiter\" \/>\n<meta property=\"og:url\" content=\"https:\/\/www.kadur.com\/de\/messer\/papier\/papierschneid\/horauf\/\" \/>\n<meta property=\"og:site_name\" content=\"Kadur\" \/>\n<meta property=\"article:modified_time\" content=\"2013-02-26T15:24:15+00:00\" \/>\n<meta property=\"og:image\" content=\"http:\/\/www.kadur.com\/wp-content\/uploads\/2013\/02\/horauf_1_a.png\" \/>\n<meta name=\"twitter:label1\" content=\"Gesch\u00e4tzte Lesezeit\" \/>\n\t<meta name=\"twitter:data1\" content=\"1\u00a0Minute\" \/>\n<script type=\"application\/ld+json\" class=\"yoast-schema-graph\">{\"@context\":\"https:\/\/schema.org\",\"@graph\":[{\"@type\":\"WebPage\",\"@id\":\"https:\/\/www.kadur.com\/de\/messer\/papier\/papierschneid\/horauf\/\",\"url\":\"https:\/\/www.kadur.com\/de\/messer\/papier\/papierschneid\/horauf\/\",\"name\":\"H\u00d6RAUF - Kadur\",\"isPartOf\":{\"@id\":\"https:\/\/www.kadur.com\/fr\/#website\"},\"primaryImageOfPage\":{\"@id\":\"https:\/\/www.kadur.com\/de\/messer\/papier\/papierschneid\/horauf\/#primaryimage\"},\"image\":{\"@id\":\"https:\/\/www.kadur.com\/de\/messer\/papier\/papierschneid\/horauf\/#primaryimage\"},\"thumbnailUrl\":\"http:\/\/www.kadur.com\/wp-content\/uploads\/2013\/02\/horauf_1_a.png\",\"datePublished\":\"2013-02-26T14:20:48+00:00\",\"dateModified\":\"2013-02-26T15:24:15+00:00\",\"breadcrumb\":{\"@id\":\"https:\/\/www.kadur.com\/de\/messer\/papier\/papierschneid\/horauf\/#breadcrumb\"},\"inLanguage\":\"de\",\"potentialAction\":[{\"@type\":\"ReadAction\",\"target\":[\"https:\/\/www.kadur.com\/de\/messer\/papier\/papierschneid\/horauf\/\"]}]},{\"@type\":\"ImageObject\",\"inLanguage\":\"de\",\"@id\":\"https:\/\/www.kadur.com\/de\/messer\/papier\/papierschneid\/horauf\/#primaryimage\",\"url\":\"http:\/\/www.kadur.com\/wp-content\/uploads\/2013\/02\/horauf_1_a.png\",\"contentUrl\":\"http:\/\/www.kadur.com\/wp-content\/uploads\/2013\/02\/horauf_1_a.png\"},{\"@type\":\"BreadcrumbList\",\"@id\":\"https:\/\/www.kadur.com\/de\/messer\/papier\/papierschneid\/horauf\/#breadcrumb\",\"itemListElement\":[{\"@type\":\"ListItem\",\"position\":1,\"name\":\"Home\",\"item\":\"https:\/\/www.kadur.com\/de\/\"},{\"@type\":\"ListItem\",\"position\":2,\"name\":\"Messer\",\"item\":\"https:\/\/www.kadur.com\/de\/messer\/\"},{\"@type\":\"ListItem\",\"position\":3,\"name\":\"Druck und Papier\",\"item\":\"https:\/\/www.kadur.com\/de\/messer\/papier\/\"},{\"@type\":\"ListItem\",\"position\":4,\"name\":\"Papierschneid\",\"item\":\"https:\/\/www.kadur.com\/de\/messer\/papier\/papierschneid\/\"},{\"@type\":\"ListItem\",\"position\":5,\"name\":\"H\u00d6RAUF\"}]},{\"@type\":\"WebSite\",\"@id\":\"https:\/\/www.kadur.com\/fr\/#website\",\"url\":\"https:\/\/www.kadur.com\/fr\/\",\"name\":\"Kadur\",\"description\":\"Industrielle Hochleistungs-Messer\",\"potentialAction\":[{\"@type\":\"SearchAction\",\"target\":{\"@type\":\"EntryPoint\",\"urlTemplate\":\"https:\/\/www.kadur.com\/fr\/?s={search_term_string}\"},\"query-input\":{\"@type\":\"PropertyValueSpecification\",\"valueRequired\":true,\"valueName\":\"search_term_string\"}}],\"inLanguage\":\"de\"}]}<\/script>\n<!-- \/ Yoast SEO plugin. -->","yoast_head_json":{"title":"H\u00d6RAUF - Kadur","robots":{"index":"index","follow":"follow","max-snippet":"max-snippet:-1","max-image-preview":"max-image-preview:large","max-video-preview":"max-video-preview:-1"},"canonical":"https:\/\/www.kadur.com\/de\/messer\/papier\/papierschneid\/horauf\/","og_locale":"de_DE","og_type":"article","og_title":"H\u00d6RAUF - Kadur","og_description":"H\u00d6RAUF Maschine-Type Abmessung mm L\u00f6cher Qualitat MAXI 500 SUPREM 500 SUPREM 1000 AVH 72 SN 131 Kompleter Satz: 3 Messer PHO0131M5 PHO0131S5 PHO0131S10 1 FS 560 x 122 x 12,8 8\/M12 PHO1131M5 PHO1131S5 PHO1131S10 1 LS 453\/423 x 150 x &hellip; Lesen Sie weiter","og_url":"https:\/\/www.kadur.com\/de\/messer\/papier\/papierschneid\/horauf\/","og_site_name":"Kadur","article_modified_time":"2013-02-26T15:24:15+00:00","og_image":[{"url":"http:\/\/www.kadur.com\/wp-content\/uploads\/2013\/02\/horauf_1_a.png","type":"","width":"","height":""}],"twitter_misc":{"Gesch\u00e4tzte Lesezeit":"1\u00a0Minute"},"schema":{"@context":"https:\/\/schema.org","@graph":[{"@type":"WebPage","@id":"https:\/\/www.kadur.com\/de\/messer\/papier\/papierschneid\/horauf\/","url":"https:\/\/www.kadur.com\/de\/messer\/papier\/papierschneid\/horauf\/","name":"H\u00d6RAUF - Kadur","isPartOf":{"@id":"https:\/\/www.kadur.com\/fr\/#website"},"primaryImageOfPage":{"@id":"https:\/\/www.kadur.com\/de\/messer\/papier\/papierschneid\/horauf\/#primaryimage"},"image":{"@id":"https:\/\/www.kadur.com\/de\/messer\/papier\/papierschneid\/horauf\/#primaryimage"},"thumbnailUrl":"http:\/\/www.kadur.com\/wp-content\/uploads\/2013\/02\/horauf_1_a.png","datePublished":"2013-02-26T14:20:48+00:00","dateModified":"2013-02-26T15:24:15+00:00","breadcrumb":{"@id":"https:\/\/www.kadur.com\/de\/messer\/papier\/papierschneid\/horauf\/#breadcrumb"},"inLanguage":"de","potentialAction":[{"@type":"ReadAction","target":["https:\/\/www.kadur.com\/de\/messer\/papier\/papierschneid\/horauf\/"]}]},{"@type":"ImageObject","inLanguage":"de","@id":"https:\/\/www.kadur.com\/de\/messer\/papier\/papierschneid\/horauf\/#primaryimage","url":"http:\/\/www.kadur.com\/wp-content\/uploads\/2013\/02\/horauf_1_a.png","contentUrl":"http:\/\/www.kadur.com\/wp-content\/uploads\/2013\/02\/horauf_1_a.png"},{"@type":"BreadcrumbList","@id":"https:\/\/www.kadur.com\/de\/messer\/papier\/papierschneid\/horauf\/#breadcrumb","itemListElement":[{"@type":"ListItem","position":1,"name":"Home","item":"https:\/\/www.kadur.com\/de\/"},{"@type":"ListItem","position":2,"name":"Messer","item":"https:\/\/www.kadur.com\/de\/messer\/"},{"@type":"ListItem","position":3,"name":"Druck und Papier","item":"https:\/\/www.kadur.com\/de\/messer\/papier\/"},{"@type":"ListItem","position":4,"name":"Papierschneid","item":"https:\/\/www.kadur.com\/de\/messer\/papier\/papierschneid\/"},{"@type":"ListItem","position":5,"name":"H\u00d6RAUF"}]},{"@type":"WebSite","@id":"https:\/\/www.kadur.com\/fr\/#website","url":"https:\/\/www.kadur.com\/fr\/","name":"Kadur","description":"Industrielle Hochleistungs-Messer","potentialAction":[{"@type":"SearchAction","target":{"@type":"EntryPoint","urlTemplate":"https:\/\/www.kadur.com\/fr\/?s={search_term_string}"},"query-input":{"@type":"PropertyValueSpecification","valueRequired":true,"valueName":"search_term_string"}}],"inLanguage":"de"}]}},"_links":{"self":[{"href":"https:\/\/www.kadur.com\/de\/wp-json\/wp\/v2\/pages\/913"}],"collection":[{"href":"https:\/\/www.kadur.com\/de\/wp-json\/wp\/v2\/pages"}],"about":[{"href":"https:\/\/www.kadur.com\/de\/wp-json\/wp\/v2\/types\/page"}],"author":[{"embeddable":true,"href":"https:\/\/www.kadur.com\/de\/wp-json\/wp\/v2\/users\/1"}],"replies":[{"embeddable":true,"href":"https:\/\/www.kadur.com\/de\/wp-json\/wp\/v2\/comments?post=913"}],"version-history":[{"count":0,"href":"https:\/\/www.kadur.com\/de\/wp-json\/wp\/v2\/pages\/913\/revisions"}],"up":[{"embeddable":true,"href":"https:\/\/www.kadur.com\/de\/wp-json\/wp\/v2\/pages\/750"}],"wp:attachment":[{"href":"https:\/\/www.kadur.com\/de\/wp-json\/wp\/v2\/media?parent=913"}],"curies":[{"name":"wp","href":"https:\/\/api.w.org\/{rel}","templated":true}]}}