{"id":743,"date":"2013-02-23T13:09:28","date_gmt":"2013-02-23T12:09:28","guid":{"rendered":"http:\/\/www.kadur.com\/?page_id=743"},"modified":"2015-07-31T14:11:20","modified_gmt":"2015-07-31T12:11:20","slug":"messer","status":"publish","type":"page","link":"https:\/\/www.kadur.com\/de\/messer\/","title":{"rendered":"Messer"},"content":{"rendered":"<h2>Druck und Papier<\/h2>\n<p><a href=\"http:\/\/kadur.com\/wp-content\/uploads\/2015\/07\/cuchillas-industriales-papeles-artes-graficas-small.jpg\"><img decoding=\"async\" class=\"alignnone size-full wp-image-2212\" src=\"http:\/\/kadur.com\/wp-content\/uploads\/2015\/07\/cuchillas-industriales-papeles-artes-graficas-small.jpg\" alt=\"cuchillas-industriales-papeles-artes-graficas-small\" width=\"1024\" height=\"267\" srcset=\"https:\/\/www.kadur.com\/wp-content\/uploads\/2015\/07\/cuchillas-industriales-papeles-artes-graficas-small.jpg 1024w, https:\/\/www.kadur.com\/wp-content\/uploads\/2015\/07\/cuchillas-industriales-papeles-artes-graficas-small-300x78.jpg 300w\" sizes=\"(max-width: 1024px) 100vw, 1024px\" \/><\/a><\/p>\n<p>Die Graphic Arts erfordern zunehmend eine pr\u00e4zise und schnelle Zerspanung.<br \/>\n<div class=\"columns\"><div class=\"clear\"><div class=\"col1-3\"><h2><span class=\"label\">KADUR<\/span>MAXI <span class=\"thin\">500<\/span><\/h2><\/p>\n<h3>HSS-Klinge<\/h3>\n<p>Alloy-Stahl mit 18% Wolfram.\n<\/div><div class=\"col1-3\"><h2><span class=\"label\">KADUR<\/span>SUPREM <span class=\"thin\">500<\/span><\/h2><\/p>\n<h3>Hartmetallklinge<\/h3>\n<p>Sintermetall 85% Wolframcarbid und 15% Kobalt.\n<\/div><div class=\"col1-3\"><h2><span class=\"label\">KADUR<\/span>SUPREM <span class=\"thin\">1000<\/span><\/h2><\/p>\n<h3>Hartmetallklinge<\/h3>\n<p>Sintermetall Micrograin 85% Wolframcarbid und 15% Kobalt.\n<\/div><\/div><\/div><\/p>\n<div class=\"homesection section_C rule_light\"><a class=\"more\" title=\"Druck und Papier\" href=\"https:\/\/www.kadur.com\/de\/messer\/papier\/\"><span class=\"mark\">&gt;<\/span>lesen Sie mehr<\/a><\/div>\n<h2>Holz und Tischlerei<\/h2>\n<p><a href=\"http:\/\/kadur.com\/wp-content\/uploads\/2015\/07\/cuchillas-industriales-madera-ebanisteria-small.jpg\"><img decoding=\"async\" class=\"alignnone size-full wp-image-2210\" src=\"http:\/\/kadur.com\/wp-content\/uploads\/2015\/07\/cuchillas-industriales-madera-ebanisteria-small.jpg\" alt=\"cuchillas-industriales-madera-ebanisteria-small\" width=\"1024\" height=\"267\" srcset=\"https:\/\/www.kadur.com\/wp-content\/uploads\/2015\/07\/cuchillas-industriales-madera-ebanisteria-small.jpg 1024w, https:\/\/www.kadur.com\/wp-content\/uploads\/2015\/07\/cuchillas-industriales-madera-ebanisteria-small-300x78.jpg 300w\" sizes=\"(max-width: 1024px) 100vw, 1024px\" \/><\/a><\/p>\n<p>H\u00e4rte und Schnittqualit\u00e4t. Hohe Leistung. So sind die Klingen Holzbearbeitung KADUR.<br \/>\n<div class=\"columns\"><div class=\"clear\"><div class=\"col1-2\"><h2><span class=\"label\">Sortiment<\/span>Bereiche <span class=\"thin\"><\/span><\/h2><\/p>\n<ul>\n<li><strong>Hobel-messer<\/strong><\/li>\n<li><strong>Gewelltemesser<\/strong><\/li>\n<li>Messer f\u00fcr <strong>Elektrohobel<\/strong><\/li>\n<li>Messer f\u00fcr <strong>reversiblen Systeme<\/strong>\n<ul>\n<li><em>Kadurfix<\/em><\/li>\n<li><em>Tersa<\/em><\/li>\n<li><em>Centrolock<\/em><\/li>\n<li><em>Terminus<\/em><\/li>\n<li><em>Vivax<\/em><\/li>\n<\/ul>\n<\/li>\n<\/ul>\n<p><\/div><div class=\"col1-2\"><h2><span class=\"label\">Sortiment<\/span>Materialien und Legierungen <span class=\"thin\"><\/span><\/h2><\/p>\n<ul>\n<li><strong>TCT<\/strong>, Hartmetall (Wolframcarbid gesintert)<\/li>\n<li><strong>Stellite<\/strong>, hochlegierten Gehalt von Kobalt<\/li>\n<li><strong>HSS 18% W<\/strong>, Speed-Stahl legiert mit 18% Wolfram<\/li>\n<li><strong>HSS 6% W<\/strong>, Speed-Stahl legiert mit 6% Wolfram<\/li>\n<li><strong>HLS 13% Cr<\/strong>, Stahl 13% Chrom<\/li>\n<li><strong>ST1<\/strong>, Speed-Stahl mit Chrom-Nitrid-Beschichtung<\/li>\n<\/ul>\n<p><\/div><\/div><\/div><\/p>\n<div class=\"homesection section_C rule_light\"><a class=\"more\" title=\"Holz und Tischlerei\" href=\"https:\/\/www.kadur.com\/de\/messer\/holz\/\"><span class=\"mark\">&gt;<\/span>lesen Sie mehr<\/a><\/div>\n<h2>Forst und Holzwirtschaft<\/h2>\n<p><a href=\"http:\/\/kadur.com\/wp-content\/uploads\/2015\/07\/cuchillas-industriales-industria-forestal-maderera-small.jpg\"><img decoding=\"async\" class=\"alignnone size-full wp-image-2206\" src=\"http:\/\/kadur.com\/wp-content\/uploads\/2015\/07\/cuchillas-industriales-industria-forestal-maderera-small.jpg\" alt=\"cuchillas-industriales-industria-forestal-maderera-small\" width=\"1024\" height=\"267\" srcset=\"https:\/\/www.kadur.com\/wp-content\/uploads\/2015\/07\/cuchillas-industriales-industria-forestal-maderera-small.jpg 1024w, https:\/\/www.kadur.com\/wp-content\/uploads\/2015\/07\/cuchillas-industriales-industria-forestal-maderera-small-300x78.jpg 300w\" sizes=\"(max-width: 1024px) 100vw, 1024px\" \/><\/a><\/p>\n<p>H\u00e4rte und Z\u00e4higkeit&#8230; mit mehr konkrete und n\u00fctzliche Qualit\u00e4t f\u00fcr jede Anwendung.<br \/>\n<div class=\"columns\"><div class=\"clear\"><div class=\"col1-2\"><h2><span class=\"label\">Sortiment<\/span>Bereiche <span class=\"thin\"><\/span><\/h2><\/p>\n<ul>\n<li><strong>Rundsch\u00e4lmesser<\/strong><\/li>\n<li><strong>Hackmesser-scheiben<\/strong><\/li>\n<li><strong>Hackmesser<\/strong><\/li>\n<li><strong>Furniermesser <em>(slicer)<\/em><\/strong><\/li>\n<li><strong>Druckleisten<\/strong><\/li>\n<li><strong>Rasenm\u00e4her<\/strong><\/li>\n<\/ul>\n<p><\/div><div class=\"col1-2\"><h2><span class=\"label\">Sortiment<\/span>Stahlqualit\u00e4ten <span class=\"thin\"><\/span><\/h2><\/p>\n<ul>\n<li><strong><a title=\"Die Analyse der Zusammensetzung des Stahls W.Nr. 1.2631\" href=\"http:\/\/www.kadur.com\/wp-content\/uploads\/2013\/02\/wnr_1.2631.png\" rel=\"lightbox&#091;700&#093;\">Stahl WNr 1.2631<img decoding=\"async\" class=\"wp-image-770 alignright\" style=\"margin-top: 0px; margin-bottom: 0px;\" src=\"http:\/\/www.kadur.com\/wp-content\/uploads\/2013\/02\/chart_bar.png\" alt=\"chart_bar\" width=\"16\" height=\"16\" \/><\/a><\/strong>, hohen Chrom (8%), Arbeiten Z\u00e4higkeit<\/li>\n<li><strong><a title=\"Die Analyse der Zusammensetzung des Stahls W.Nr. 1.2345\" href=\"http:\/\/www.kadur.com\/wp-content\/uploads\/2013\/02\/wnr_1.2345.png\" rel=\"lightbox&#091;701&#093;\">Stahl WNr 1.2345<img decoding=\"async\" class=\"wp-image-770 alignright\" style=\"margin-top: 0px; margin-bottom: 0px;\" src=\"http:\/\/www.kadur.com\/wp-content\/uploads\/2013\/02\/chart_bar.png\" alt=\"chart_bar\" width=\"16\" height=\"16\" \/><\/a><\/strong>, hohen Chrom (5%), Arbeiten Z\u00e4higkeit<\/li>\n<li><strong><a title=\"Die Analyse der Zusammensetzung des Stahls W.Nr. 1.22379\" href=\"http:\/\/www.kadur.com\/wp-content\/uploads\/2013\/02\/wnr_1.2379.png\" rel=\"lightbox&#091;702&#093;\">Stahl WNr 1.2379<img decoding=\"async\" class=\"wp-image-770 alignright\" style=\"margin-top: 0px; margin-bottom: 0px;\" src=\"http:\/\/www.kadur.com\/wp-content\/uploads\/2013\/02\/chart_bar.png\" alt=\"chart_bar\" width=\"16\" height=\"16\" \/><\/a><\/strong>, hohen Chrom (12%), Verschlei\u00dffestigkeit<\/li>\n<\/ul>\n<p><\/div><\/div><\/div><\/p>\n<div class=\"homesection section_C rule_light\"><a class=\"more\" title=\"Forst und Holzwirtschaft\" href=\"https:\/\/www.kadur.com\/de\/messer\/forst\/\"><span class=\"mark\">&gt;<\/span>lesen Sie mehr<\/a><\/div>\n<h2>Metallindustrie<\/h2>\n<p><a href=\"http:\/\/kadur.com\/wp-content\/uploads\/2015\/07\/cuchillas-industriales-industria-metal-small.jpg\"><img decoding=\"async\" class=\"alignnone size-full wp-image-2208\" src=\"http:\/\/kadur.com\/wp-content\/uploads\/2015\/07\/cuchillas-industriales-industria-metal-small.jpg\" alt=\"cuchillas-industriales-industria-metal-small\" width=\"1024\" height=\"267\" srcset=\"https:\/\/www.kadur.com\/wp-content\/uploads\/2015\/07\/cuchillas-industriales-industria-metal-small.jpg 1024w, https:\/\/www.kadur.com\/wp-content\/uploads\/2015\/07\/cuchillas-industriales-industria-metal-small-300x78.jpg 300w\" sizes=\"(max-width: 1024px) 100vw, 1024px\" \/><\/a><\/p>\n<p>Tenacious und belastbar. Pr\u00e4zise und robust. Das sind unsere Klingen f\u00fcr Metallindustrie.<br \/>\n<div class=\"columns\"><div class=\"clear\"><div class=\"col1-2\"><h2><span class=\"label\">Sortiment<\/span>Bereiche <span class=\"thin\"><\/span><\/h2><\/p>\n<ul>\n<li><strong>Hackmesser<\/strong><\/li>\n<li><strong>Druckleisten<\/strong><\/li>\n<li><strong>Kreismesser<\/strong><\/li>\n<li>Herstellung, Reparatur und Sch\u00e4rfen von <strong>Regeln Centerless<\/strong><\/li>\n<\/ul>\n<p><\/div><div class=\"col1-2\"><h2><span class=\"label\">Sortiment<\/span>Stahlqualit\u00e4ten <span class=\"thin\"><\/span><\/h2><\/p>\n<ul>\n<li><strong><a title=\"Die Analyse der Zusammensetzung des Stahls W.Nr. 1.2379\" href=\"http:\/\/www.kadur.com\/wp-content\/uploads\/2013\/02\/wnr_1.2379.png\" rel=\"lightbox&#091;703&#093;\">Stahl WNr 1.2379<img decoding=\"async\" class=\"wp-image-770 alignright\" style=\"margin-top: 0px; margin-bottom: 0px;\" src=\"http:\/\/www.kadur.com\/wp-content\/uploads\/2013\/02\/chart_bar.png\" alt=\"chart_bar\" width=\"16\" height=\"16\" \/><\/a><\/strong>, hohen Chrom (12%), Verschlei\u00dffestigkeit<\/li>\n<li><strong><a title=\"Die Analyse der Zusammensetzung des Stahls W.Nr. 1.2631\" href=\"http:\/\/www.kadur.com\/wp-content\/uploads\/2013\/02\/wnr_1.2631.png\" rel=\"lightbox&#091;704&#093;\">Stahl WNr 1.2631<img decoding=\"async\" class=\"wp-image-770 alignright\" style=\"margin-top: 0px; margin-bottom: 0px;\" src=\"http:\/\/www.kadur.com\/wp-content\/uploads\/2013\/02\/chart_bar.png\" alt=\"chart_bar\" width=\"16\" height=\"16\" \/><\/a><\/strong>, hohen Chrom (8%), Arbeiten Z\u00e4higkeit<\/li>\n<li><strong><a title=\"Die Analyse der Zusammensetzung des Stahls W.Nr. 1.3343\" href=\"http:\/\/www.kadur.com\/wp-content\/uploads\/2013\/02\/wnr_1.3343.png\" rel=\"lightbox&#091;705&#093;\">Stahl WNr 1.3343<img decoding=\"async\" class=\"wp-image-770 alignright\" style=\"margin-top: 0px; margin-bottom: 0px;\" src=\"http:\/\/www.kadur.com\/wp-content\/uploads\/2013\/02\/chart_bar.png\" alt=\"chart_bar\" width=\"16\" height=\"16\" \/><\/a><\/strong><\/li>\n<\/ul>\n<p><\/div><\/div><\/div><\/p>\n<div class=\"homesection section_C rule_light\"><a class=\"more\" title=\"Metallindustrie\" href=\"https:\/\/www.kadur.com\/de\/messer\/metall\/\"><span class=\"mark\">&gt;<\/span>lesen Sie mehr<\/a><\/div>\n<h2>Wiederverwertung<\/h2>\n<p><a href=\"http:\/\/kadur.com\/wp-content\/uploads\/2015\/07\/cuchillas-industriales-reciclaje-small.jpg\"><img decoding=\"async\" class=\"alignnone size-full wp-image-2214\" src=\"http:\/\/kadur.com\/wp-content\/uploads\/2015\/07\/cuchillas-industriales-reciclaje-small.jpg\" alt=\"cuchillas-industriales-reciclaje-small\" width=\"1024\" height=\"267\" srcset=\"https:\/\/www.kadur.com\/wp-content\/uploads\/2015\/07\/cuchillas-industriales-reciclaje-small.jpg 1024w, https:\/\/www.kadur.com\/wp-content\/uploads\/2015\/07\/cuchillas-industriales-reciclaje-small-300x78.jpg 300w\" sizes=\"(max-width: 1024px) 100vw, 1024px\" \/><\/a><\/p>\n<p>Leistung, Ausdauer, Robustheit&#8230; Blades auch Merkmale KADUR.<br \/>\n<div class=\"columns\"><div class=\"clear\"><div class=\"col1-2\"><h2><span class=\"label\">Sortiment<\/span>Bereiche <span class=\"thin\"><\/span><\/h2><\/p>\n<ul>\n<li><strong>Hackmesser<\/strong><\/li>\n<li><strong>Herzzerrei\u00dfenden<\/strong><\/li>\n<li><strong>Messer f\u00fcr Granulat<\/strong><\/li>\n<\/ul>\n<p><\/div><div class=\"col1-2\"><h2><span class=\"label\">Sortiment<\/span>Stahlqualit\u00e4ten <span class=\"thin\"><\/span><\/h2><\/p>\n<ul>\n<li><strong><a title=\"Die Analyse der Zusammensetzung des Stahls W.Nr. 1.2360\" href=\"http:\/\/www.kadur.com\/wp-content\/uploads\/2013\/02\/wnr_1.2360.png\" rel=\"lightbox&#091;706&#093;\">Stahl WNr 1.2360<img decoding=\"async\" class=\"wp-image-770 alignright\" style=\"margin-top: 0px; margin-bottom: 0px;\" src=\"http:\/\/www.kadur.com\/wp-content\/uploads\/2013\/02\/chart_bar.png\" alt=\"chart_bar\" width=\"16\" height=\"16\" \/><\/a><\/strong><\/li>\n<li><strong><a title=\"Die Analyse der Zusammensetzung des Stahls W.Nr. 1.2379\" href=\"http:\/\/www.kadur.com\/wp-content\/uploads\/2013\/02\/wnr_1.2379.png\" rel=\"lightbox&#091;707&#093;\">Stahl WNr 1.2379<img decoding=\"async\" class=\"wp-image-770 alignright\" style=\"margin-top: 0px; margin-bottom: 0px;\" src=\"http:\/\/www.kadur.com\/wp-content\/uploads\/2013\/02\/chart_bar.png\" alt=\"chart_bar\" width=\"16\" height=\"16\" \/><\/a><\/strong>, hohen Chrom (12%), Verschlei\u00dffestigkeit<\/li>\n<li><strong><a title=\"Die Analyse der Zusammensetzung des Stahls W.Nr. 1.2842\" href=\"http:\/\/www.kadur.com\/wp-content\/uploads\/2013\/02\/wnr_1.2842.png\" rel=\"lightbox&#091;708&#093;\">Stahl WNr 1.2842<img decoding=\"async\" class=\"wp-image-770 alignright\" style=\"margin-top: 0px; margin-bottom: 0px;\" src=\"http:\/\/www.kadur.com\/wp-content\/uploads\/2013\/02\/chart_bar.png\" alt=\"chart_bar\" width=\"16\" height=\"16\" \/><\/a><\/strong><\/li>\n<li>Messer mit <strong>Hartmetall-Einsatz (Hartmetall)<\/strong>, f\u00fcr sehr abrasive Materialien.<\/li>\n<\/ul>\n<p><\/div><\/div><\/div><\/p>\n<div class=\"homesection section_C rule_light\"><a class=\"more\" title=\"Wiederverwertung\" href=\"https:\/\/www.kadur.com\/de\/messer\/wiederverwertung\/\"><span class=\"mark\">&gt;<\/span>lesen Sie mehr<\/a><\/div>\n","protected":false},"excerpt":{"rendered":"<p>Druck und Papier Die Graphic Arts erfordern zunehmend eine pr\u00e4zise und schnelle Zerspanung. &gt;lesen Sie mehr Holz und Tischlerei H\u00e4rte und Schnittqualit\u00e4t. Hohe Leistung. So sind die Klingen Holzbearbeitung KADUR. &gt;lesen Sie mehr Forst und Holzwirtschaft H\u00e4rte und Z\u00e4higkeit&#8230; mit &hellip; <br \/><a href=\"https:\/\/www.kadur.com\/de\/messer\/\" class=\"more-link\">Lesen Sie weiter<\/a><\/p>\n","protected":false},"author":1,"featured_media":0,"parent":0,"menu_order":3,"comment_status":"closed","ping_status":"closed","template":"onecolumn-page.php","meta":{"footnotes":""},"yoast_head":"<!-- This site is optimized with the Yoast SEO plugin v24.5 - https:\/\/yoast.com\/wordpress\/plugins\/seo\/ -->\n<title>Messer - Kadur<\/title>\n<meta name=\"robots\" content=\"index, follow, max-snippet:-1, max-image-preview:large, max-video-preview:-1\" \/>\n<link rel=\"canonical\" href=\"https:\/\/www.kadur.com\/de\/messer\/\" \/>\n<meta property=\"og:locale\" content=\"de_DE\" \/>\n<meta property=\"og:type\" content=\"article\" \/>\n<meta property=\"og:title\" content=\"Messer - Kadur\" \/>\n<meta property=\"og:description\" content=\"Druck und Papier Die Graphic Arts erfordern zunehmend eine pr\u00e4zise und schnelle Zerspanung. &gt;lesen Sie mehr Holz und Tischlerei H\u00e4rte und Schnittqualit\u00e4t. Hohe Leistung. So sind die Klingen Holzbearbeitung KADUR. &gt;lesen Sie mehr Forst und Holzwirtschaft H\u00e4rte und Z\u00e4higkeit&#8230; mit &hellip; Lesen Sie weiter\" \/>\n<meta property=\"og:url\" content=\"https:\/\/www.kadur.com\/de\/messer\/\" \/>\n<meta property=\"og:site_name\" content=\"Kadur\" \/>\n<meta property=\"article:modified_time\" content=\"2015-07-31T12:11:20+00:00\" \/>\n<meta property=\"og:image\" content=\"http:\/\/kadur.com\/wp-content\/uploads\/2015\/07\/cuchillas-industriales-papeles-artes-graficas-small.jpg\" \/>\n<meta name=\"twitter:label1\" content=\"Gesch\u00e4tzte Lesezeit\" \/>\n\t<meta name=\"twitter:data1\" content=\"2\u00a0Minuten\" \/>\n<script type=\"application\/ld+json\" class=\"yoast-schema-graph\">{\"@context\":\"https:\/\/schema.org\",\"@graph\":[{\"@type\":\"WebPage\",\"@id\":\"https:\/\/www.kadur.com\/de\/messer\/\",\"url\":\"https:\/\/www.kadur.com\/de\/messer\/\",\"name\":\"Messer - Kadur\",\"isPartOf\":{\"@id\":\"https:\/\/www.kadur.com\/fr\/#website\"},\"primaryImageOfPage\":{\"@id\":\"https:\/\/www.kadur.com\/de\/messer\/#primaryimage\"},\"image\":{\"@id\":\"https:\/\/www.kadur.com\/de\/messer\/#primaryimage\"},\"thumbnailUrl\":\"http:\/\/kadur.com\/wp-content\/uploads\/2015\/07\/cuchillas-industriales-papeles-artes-graficas-small.jpg\",\"datePublished\":\"2013-02-23T12:09:28+00:00\",\"dateModified\":\"2015-07-31T12:11:20+00:00\",\"breadcrumb\":{\"@id\":\"https:\/\/www.kadur.com\/de\/messer\/#breadcrumb\"},\"inLanguage\":\"de\",\"potentialAction\":[{\"@type\":\"ReadAction\",\"target\":[\"https:\/\/www.kadur.com\/de\/messer\/\"]}]},{\"@type\":\"ImageObject\",\"inLanguage\":\"de\",\"@id\":\"https:\/\/www.kadur.com\/de\/messer\/#primaryimage\",\"url\":\"http:\/\/kadur.com\/wp-content\/uploads\/2015\/07\/cuchillas-industriales-papeles-artes-graficas-small.jpg\",\"contentUrl\":\"http:\/\/kadur.com\/wp-content\/uploads\/2015\/07\/cuchillas-industriales-papeles-artes-graficas-small.jpg\"},{\"@type\":\"BreadcrumbList\",\"@id\":\"https:\/\/www.kadur.com\/de\/messer\/#breadcrumb\",\"itemListElement\":[{\"@type\":\"ListItem\",\"position\":1,\"name\":\"Home\",\"item\":\"https:\/\/www.kadur.com\/de\/\"},{\"@type\":\"ListItem\",\"position\":2,\"name\":\"Messer\"}]},{\"@type\":\"WebSite\",\"@id\":\"https:\/\/www.kadur.com\/fr\/#website\",\"url\":\"https:\/\/www.kadur.com\/fr\/\",\"name\":\"Kadur\",\"description\":\"Industrielle Hochleistungs-Messer\",\"potentialAction\":[{\"@type\":\"SearchAction\",\"target\":{\"@type\":\"EntryPoint\",\"urlTemplate\":\"https:\/\/www.kadur.com\/fr\/?s={search_term_string}\"},\"query-input\":{\"@type\":\"PropertyValueSpecification\",\"valueRequired\":true,\"valueName\":\"search_term_string\"}}],\"inLanguage\":\"de\"}]}<\/script>\n<!-- \/ Yoast SEO plugin. -->","yoast_head_json":{"title":"Messer - Kadur","robots":{"index":"index","follow":"follow","max-snippet":"max-snippet:-1","max-image-preview":"max-image-preview:large","max-video-preview":"max-video-preview:-1"},"canonical":"https:\/\/www.kadur.com\/de\/messer\/","og_locale":"de_DE","og_type":"article","og_title":"Messer - Kadur","og_description":"Druck und Papier Die Graphic Arts erfordern zunehmend eine pr\u00e4zise und schnelle Zerspanung. &gt;lesen Sie mehr Holz und Tischlerei H\u00e4rte und Schnittqualit\u00e4t. Hohe Leistung. So sind die Klingen Holzbearbeitung KADUR. &gt;lesen Sie mehr Forst und Holzwirtschaft H\u00e4rte und Z\u00e4higkeit&#8230; mit &hellip; Lesen Sie weiter","og_url":"https:\/\/www.kadur.com\/de\/messer\/","og_site_name":"Kadur","article_modified_time":"2015-07-31T12:11:20+00:00","og_image":[{"url":"http:\/\/kadur.com\/wp-content\/uploads\/2015\/07\/cuchillas-industriales-papeles-artes-graficas-small.jpg","type":"","width":"","height":""}],"twitter_misc":{"Gesch\u00e4tzte Lesezeit":"2\u00a0Minuten"},"schema":{"@context":"https:\/\/schema.org","@graph":[{"@type":"WebPage","@id":"https:\/\/www.kadur.com\/de\/messer\/","url":"https:\/\/www.kadur.com\/de\/messer\/","name":"Messer - Kadur","isPartOf":{"@id":"https:\/\/www.kadur.com\/fr\/#website"},"primaryImageOfPage":{"@id":"https:\/\/www.kadur.com\/de\/messer\/#primaryimage"},"image":{"@id":"https:\/\/www.kadur.com\/de\/messer\/#primaryimage"},"thumbnailUrl":"http:\/\/kadur.com\/wp-content\/uploads\/2015\/07\/cuchillas-industriales-papeles-artes-graficas-small.jpg","datePublished":"2013-02-23T12:09:28+00:00","dateModified":"2015-07-31T12:11:20+00:00","breadcrumb":{"@id":"https:\/\/www.kadur.com\/de\/messer\/#breadcrumb"},"inLanguage":"de","potentialAction":[{"@type":"ReadAction","target":["https:\/\/www.kadur.com\/de\/messer\/"]}]},{"@type":"ImageObject","inLanguage":"de","@id":"https:\/\/www.kadur.com\/de\/messer\/#primaryimage","url":"http:\/\/kadur.com\/wp-content\/uploads\/2015\/07\/cuchillas-industriales-papeles-artes-graficas-small.jpg","contentUrl":"http:\/\/kadur.com\/wp-content\/uploads\/2015\/07\/cuchillas-industriales-papeles-artes-graficas-small.jpg"},{"@type":"BreadcrumbList","@id":"https:\/\/www.kadur.com\/de\/messer\/#breadcrumb","itemListElement":[{"@type":"ListItem","position":1,"name":"Home","item":"https:\/\/www.kadur.com\/de\/"},{"@type":"ListItem","position":2,"name":"Messer"}]},{"@type":"WebSite","@id":"https:\/\/www.kadur.com\/fr\/#website","url":"https:\/\/www.kadur.com\/fr\/","name":"Kadur","description":"Industrielle Hochleistungs-Messer","potentialAction":[{"@type":"SearchAction","target":{"@type":"EntryPoint","urlTemplate":"https:\/\/www.kadur.com\/fr\/?s={search_term_string}"},"query-input":{"@type":"PropertyValueSpecification","valueRequired":true,"valueName":"search_term_string"}}],"inLanguage":"de"}]}},"_links":{"self":[{"href":"https:\/\/www.kadur.com\/de\/wp-json\/wp\/v2\/pages\/743"}],"collection":[{"href":"https:\/\/www.kadur.com\/de\/wp-json\/wp\/v2\/pages"}],"about":[{"href":"https:\/\/www.kadur.com\/de\/wp-json\/wp\/v2\/types\/page"}],"author":[{"embeddable":true,"href":"https:\/\/www.kadur.com\/de\/wp-json\/wp\/v2\/users\/1"}],"replies":[{"embeddable":true,"href":"https:\/\/www.kadur.com\/de\/wp-json\/wp\/v2\/comments?post=743"}],"version-history":[{"count":0,"href":"https:\/\/www.kadur.com\/de\/wp-json\/wp\/v2\/pages\/743\/revisions"}],"wp:attachment":[{"href":"https:\/\/www.kadur.com\/de\/wp-json\/wp\/v2\/media?parent=743"}],"curies":[{"name":"wp","href":"https:\/\/api.w.org\/{rel}","templated":true}]}}