{"id":713,"date":"2013-02-21T01:40:08","date_gmt":"2013-02-21T00:40:08","guid":{"rendered":"http:\/\/www.kadur.com\/?page_id=713"},"modified":"2015-07-20T19:45:28","modified_gmt":"2015-07-20T17:45:28","slug":"wiederverwertung","status":"publish","type":"page","link":"https:\/\/www.kadur.com\/de\/messer\/wiederverwertung\/","title":{"rendered":"Wiederverwertung"},"content":{"rendered":"<h1>Leistung, Ausdauer, Robustheit&#8230;<\/h1>\n<div class=\"columns\"><div class=\"clear\"><div class=\"col1-2\">\nDiese Eigenschaften sind gleichbedeutend mit hoher Leistung KADUR die Messer f\u00fcr die verschiedenen Teilbereiche der Recyclingindustrie:<\/p>\n<ul>\n<li><strong>Hackmesser<\/strong><\/li>\n<li><strong>Herzzerrei\u00dfenden<\/strong><\/li>\n<li><strong>Messer f\u00fcr Granulat<\/strong><\/li>\n<\/ul>\n<p><img decoding=\"async\" class=\"alignleft  wp-image-724\" style=\"margin-top: -20px; margin-bottom: 0px;\" src=\"http:\/\/www.kadur.com\/wp-content\/uploads\/2013\/02\/logo_hq-300x120.png\" alt=\"logo_hq\" width=\"180\" height=\"72\" srcset=\"https:\/\/www.kadur.com\/wp-content\/uploads\/2013\/02\/logo_hq-300x120.png 300w, https:\/\/www.kadur.com\/wp-content\/uploads\/2013\/02\/logo_hq.png 400w\" sizes=\"(max-width: 180px) 100vw, 180px\" \/><\/p>\n<table>\n<thead>\n<tr>\n<th colspan=\"2\">Messer f\u00fcr den besten Marken<\/th>\n<\/tr>\n<\/thead>\n<tbody>\n<tr>\n<td>EREMA<\/td>\n<td>PREVIERO<\/td>\n<\/tr>\n<tr>\n<td>EUROTECNO<\/td>\n<td>RAPID<\/td>\n<\/tr>\n<tr>\n<td>GETECHA<\/td>\n<td>TMG<\/td>\n<\/tr>\n<tr>\n<td>MATEU-SOLE<\/td>\n<td>TRIA<\/td>\n<\/tr>\n<tr>\n<td>MORETTO<\/td>\n<td>VECOPLAN<\/td>\n<\/tr>\n<tr>\n<td>OVER<\/td>\n<td>WEIMA<\/td>\n<\/tr>\n<tr>\n<td>PRAT<\/td>\n<td><\/td>\n<\/tr>\n<\/tbody>\n<\/table>\n<p>Stahlklingen sehr widerstandsf\u00e4hig gegen Verschlei\u00df, liefern wir auch Messer mit einem <strong>Schwermetall Einsatz (Hartmetall)<\/strong> f\u00fcr sehr abrasive Materialien, die alle erreichen die h\u00f6chsten Leistungsniveaus in Schleifen von Metall, nat\u00fcrliche oder synthetische Abf\u00e4lle.\n<\/div><div class=\"col1-2\">\n<img decoding=\"async\" class=\"size-full wp-image-2041 alignnone\" src=\"http:\/\/www.kadur.com\/wp-content\/uploads\/2013\/03\/reciclaje_1_290.jpg\" alt=\"reciclaje_1_290\" width=\"140\" height=\"100\" \/><img decoding=\"async\" class=\"size-full wp-image-2042 alignnone\" src=\"http:\/\/www.kadur.com\/wp-content\/uploads\/2013\/03\/reciclaje_2_290.jpg\" alt=\"reciclaje_2_290\" width=\"140\" height=\"100\" \/>\n<img decoding=\"async\" class=\"size-full wp-image-2043 alignnone\" src=\"http:\/\/www.kadur.com\/wp-content\/uploads\/2013\/03\/reciclaje_3_290.jpg\" alt=\"reciclaje_3_290\" width=\"140\" height=\"100\" \/><img decoding=\"async\" class=\"size-full wp-image-2044 alignnone\" src=\"http:\/\/www.kadur.com\/wp-content\/uploads\/2013\/03\/reciclaje_4_290.jpg\" alt=\"reciclaje_4_290\" width=\"140\" height=\"100\" \/>\n<img decoding=\"async\" class=\"alignnone size-full wp-image-2045\" src=\"http:\/\/www.kadur.com\/wp-content\/uploads\/2013\/03\/reciclaje_5_290.jpg\" alt=\"reciclaje_5_290\" width=\"140\" height=\"100\" \/><img decoding=\"async\" class=\"alignnone size-full wp-image-2046\" src=\"http:\/\/www.kadur.com\/wp-content\/uploads\/2013\/03\/reciclaje_6_290.jpg\" alt=\"reciclaje_6_290\" width=\"140\" height=\"100\" \/>\n<img decoding=\"async\" class=\"alignnone size-full wp-image-2047\" src=\"http:\/\/www.kadur.com\/wp-content\/uploads\/2013\/03\/reciclaje_7_290.jpg\" alt=\"reciclaje_7_290\" width=\"140\" height=\"100\" \/><img decoding=\"async\" class=\"alignnone size-full wp-image-2048\" src=\"http:\/\/www.kadur.com\/wp-content\/uploads\/2013\/03\/reciclaje_8_290.jpg\" alt=\"reciclaje_8_290\" width=\"140\" height=\"100\" \/>\n<\/div><\/div><\/div>\n<div class=\"columns\"><div class=\"clear\"><div class=\"col1-2\">\n<img decoding=\"async\" class=\"alignnone size-full wp-image-2049\" src=\"http:\/\/www.kadur.com\/wp-content\/uploads\/2013\/03\/reciclaje_9_290.jpg\" alt=\"reciclaje_9_290\" width=\"290\" height=\"315\" srcset=\"https:\/\/www.kadur.com\/wp-content\/uploads\/2013\/03\/reciclaje_9_290.jpg 290w, https:\/\/www.kadur.com\/wp-content\/uploads\/2013\/03\/reciclaje_9_290-276x300.jpg 276w\" sizes=\"(max-width: 290px) 100vw, 290px\" \/>\n<\/div><div class=\"col1-2\">\nElektrische Haushaltsger\u00e4te, Elektronikschrott, Kabel, Leder, Textilien, Holz, Zellstoff, Papier, Pappe, Reifen, Dosen, Blech, Kunststoff, feinen K\u00f6rnchen &#8230; was auch immer die Abf\u00e4lle haben wir die ideale Schneidwerkzeuge, damit umzugehen entwickelt.<\/p>\n<ul>\n<li><strong><a title=\"Die Analyse der Zusammensetzung des Stahls W.Nr. 1.2360\" href=\"http:\/\/www.kadur.com\/wp-content\/uploads\/2013\/02\/wnr_1.2360.png\" rel=\"lightbox&#091;706&#093;\">WNr 1.2360 steel<img decoding=\"async\" class=\"wp-image-770 alignright\" style=\"margin-top: 0px; margin-bottom: 0px;\" src=\"http:\/\/www.kadur.com\/wp-content\/uploads\/2013\/02\/chart_bar.png\" alt=\"chart_bar\" width=\"16\" height=\"16\" \/><\/a><\/strong><\/li>\n<li><strong><a title=\"Die Analyse der Zusammensetzung des Stahls W.Nr. 1.2379\" href=\"http:\/\/www.kadur.com\/wp-content\/uploads\/2013\/02\/wnr_1.2379.png\" rel=\"lightbox&#091;707&#093;\">WNr 1.2379 steel<img decoding=\"async\" class=\"wp-image-770 alignright\" style=\"margin-top: 0px; margin-bottom: 0px;\" src=\"http:\/\/www.kadur.com\/wp-content\/uploads\/2013\/02\/chart_bar.png\" alt=\"chart_bar\" width=\"16\" height=\"16\" \/><\/a><\/strong>, hohen Chrom (12%), erh\u00f6hte Verschlei\u00dffestigkeit<\/li>\n<li><strong><a title=\"Die Analyse der Zusammensetzung des Stahls W.Nr. 1.2842\" href=\"http:\/\/www.kadur.com\/wp-content\/uploads\/2013\/02\/wnr_1.2842.png\" rel=\"lightbox&#091;708&#093;\">WNr 1.2842 steel<img decoding=\"async\" class=\"wp-image-770 alignright\" style=\"margin-top: 0px; margin-bottom: 0px;\" src=\"http:\/\/www.kadur.com\/wp-content\/uploads\/2013\/02\/chart_bar.png\" alt=\"chart_bar\" width=\"16\" height=\"16\" \/><\/a><\/strong><\/li>\n<\/ul>\n<p>Zus\u00e4tzlich zu unserem Angebot der Modelle und Qualit\u00e4ten, bieten wir eine spezielle technische Service f\u00fcr jeden Kunden, um sie in den Prozess der Transformation und Optimierung der Ressourcen des Planeten mit den meisten effiziente und produktive L\u00f6sung zu unterst\u00fctzen.\n<\/div><\/div><\/div>\n","protected":false},"excerpt":{"rendered":"<p>Leistung, Ausdauer, Robustheit&#8230;<\/p>\n","protected":false},"author":1,"featured_media":0,"parent":743,"menu_order":4,"comment_status":"closed","ping_status":"closed","template":"","meta":{"footnotes":""},"yoast_head":"<!-- This site is optimized with the Yoast SEO plugin v24.5 - https:\/\/yoast.com\/wordpress\/plugins\/seo\/ -->\n<title>Wiederverwertung - Kadur<\/title>\n<meta name=\"robots\" content=\"index, follow, max-snippet:-1, max-image-preview:large, max-video-preview:-1\" \/>\n<link rel=\"canonical\" href=\"https:\/\/www.kadur.com\/de\/messer\/wiederverwertung\/\" \/>\n<meta property=\"og:locale\" content=\"de_DE\" \/>\n<meta property=\"og:type\" content=\"article\" \/>\n<meta property=\"og:title\" content=\"Wiederverwertung - Kadur\" \/>\n<meta property=\"og:description\" content=\"Leistung, Ausdauer, Robustheit&#8230;\" \/>\n<meta property=\"og:url\" content=\"https:\/\/www.kadur.com\/de\/messer\/wiederverwertung\/\" \/>\n<meta property=\"og:site_name\" content=\"Kadur\" \/>\n<meta property=\"article:modified_time\" content=\"2015-07-20T17:45:28+00:00\" \/>\n<meta property=\"og:image\" content=\"http:\/\/www.kadur.com\/wp-content\/uploads\/2013\/02\/logo_hq-300x120.png\" \/>\n<meta name=\"twitter:label1\" content=\"Gesch\u00e4tzte Lesezeit\" \/>\n\t<meta name=\"twitter:data1\" content=\"1\u00a0Minute\" \/>\n<script type=\"application\/ld+json\" class=\"yoast-schema-graph\">{\"@context\":\"https:\/\/schema.org\",\"@graph\":[{\"@type\":\"WebPage\",\"@id\":\"https:\/\/www.kadur.com\/de\/messer\/wiederverwertung\/\",\"url\":\"https:\/\/www.kadur.com\/de\/messer\/wiederverwertung\/\",\"name\":\"Wiederverwertung - Kadur\",\"isPartOf\":{\"@id\":\"https:\/\/www.kadur.com\/fr\/#website\"},\"primaryImageOfPage\":{\"@id\":\"https:\/\/www.kadur.com\/de\/messer\/wiederverwertung\/#primaryimage\"},\"image\":{\"@id\":\"https:\/\/www.kadur.com\/de\/messer\/wiederverwertung\/#primaryimage\"},\"thumbnailUrl\":\"http:\/\/www.kadur.com\/wp-content\/uploads\/2013\/02\/logo_hq-300x120.png\",\"datePublished\":\"2013-02-21T00:40:08+00:00\",\"dateModified\":\"2015-07-20T17:45:28+00:00\",\"breadcrumb\":{\"@id\":\"https:\/\/www.kadur.com\/de\/messer\/wiederverwertung\/#breadcrumb\"},\"inLanguage\":\"de\",\"potentialAction\":[{\"@type\":\"ReadAction\",\"target\":[\"https:\/\/www.kadur.com\/de\/messer\/wiederverwertung\/\"]}]},{\"@type\":\"ImageObject\",\"inLanguage\":\"de\",\"@id\":\"https:\/\/www.kadur.com\/de\/messer\/wiederverwertung\/#primaryimage\",\"url\":\"http:\/\/www.kadur.com\/wp-content\/uploads\/2013\/02\/logo_hq-300x120.png\",\"contentUrl\":\"http:\/\/www.kadur.com\/wp-content\/uploads\/2013\/02\/logo_hq-300x120.png\"},{\"@type\":\"BreadcrumbList\",\"@id\":\"https:\/\/www.kadur.com\/de\/messer\/wiederverwertung\/#breadcrumb\",\"itemListElement\":[{\"@type\":\"ListItem\",\"position\":1,\"name\":\"Home\",\"item\":\"https:\/\/www.kadur.com\/de\/\"},{\"@type\":\"ListItem\",\"position\":2,\"name\":\"Messer\",\"item\":\"https:\/\/www.kadur.com\/de\/messer\/\"},{\"@type\":\"ListItem\",\"position\":3,\"name\":\"Wiederverwertung\"}]},{\"@type\":\"WebSite\",\"@id\":\"https:\/\/www.kadur.com\/fr\/#website\",\"url\":\"https:\/\/www.kadur.com\/fr\/\",\"name\":\"Kadur\",\"description\":\"Industrielle Hochleistungs-Messer\",\"potentialAction\":[{\"@type\":\"SearchAction\",\"target\":{\"@type\":\"EntryPoint\",\"urlTemplate\":\"https:\/\/www.kadur.com\/fr\/?s={search_term_string}\"},\"query-input\":{\"@type\":\"PropertyValueSpecification\",\"valueRequired\":true,\"valueName\":\"search_term_string\"}}],\"inLanguage\":\"de\"}]}<\/script>\n<!-- \/ Yoast SEO plugin. -->","yoast_head_json":{"title":"Wiederverwertung - Kadur","robots":{"index":"index","follow":"follow","max-snippet":"max-snippet:-1","max-image-preview":"max-image-preview:large","max-video-preview":"max-video-preview:-1"},"canonical":"https:\/\/www.kadur.com\/de\/messer\/wiederverwertung\/","og_locale":"de_DE","og_type":"article","og_title":"Wiederverwertung - Kadur","og_description":"Leistung, Ausdauer, Robustheit&#8230;","og_url":"https:\/\/www.kadur.com\/de\/messer\/wiederverwertung\/","og_site_name":"Kadur","article_modified_time":"2015-07-20T17:45:28+00:00","og_image":[{"url":"http:\/\/www.kadur.com\/wp-content\/uploads\/2013\/02\/logo_hq-300x120.png","type":"","width":"","height":""}],"twitter_misc":{"Gesch\u00e4tzte Lesezeit":"1\u00a0Minute"},"schema":{"@context":"https:\/\/schema.org","@graph":[{"@type":"WebPage","@id":"https:\/\/www.kadur.com\/de\/messer\/wiederverwertung\/","url":"https:\/\/www.kadur.com\/de\/messer\/wiederverwertung\/","name":"Wiederverwertung - Kadur","isPartOf":{"@id":"https:\/\/www.kadur.com\/fr\/#website"},"primaryImageOfPage":{"@id":"https:\/\/www.kadur.com\/de\/messer\/wiederverwertung\/#primaryimage"},"image":{"@id":"https:\/\/www.kadur.com\/de\/messer\/wiederverwertung\/#primaryimage"},"thumbnailUrl":"http:\/\/www.kadur.com\/wp-content\/uploads\/2013\/02\/logo_hq-300x120.png","datePublished":"2013-02-21T00:40:08+00:00","dateModified":"2015-07-20T17:45:28+00:00","breadcrumb":{"@id":"https:\/\/www.kadur.com\/de\/messer\/wiederverwertung\/#breadcrumb"},"inLanguage":"de","potentialAction":[{"@type":"ReadAction","target":["https:\/\/www.kadur.com\/de\/messer\/wiederverwertung\/"]}]},{"@type":"ImageObject","inLanguage":"de","@id":"https:\/\/www.kadur.com\/de\/messer\/wiederverwertung\/#primaryimage","url":"http:\/\/www.kadur.com\/wp-content\/uploads\/2013\/02\/logo_hq-300x120.png","contentUrl":"http:\/\/www.kadur.com\/wp-content\/uploads\/2013\/02\/logo_hq-300x120.png"},{"@type":"BreadcrumbList","@id":"https:\/\/www.kadur.com\/de\/messer\/wiederverwertung\/#breadcrumb","itemListElement":[{"@type":"ListItem","position":1,"name":"Home","item":"https:\/\/www.kadur.com\/de\/"},{"@type":"ListItem","position":2,"name":"Messer","item":"https:\/\/www.kadur.com\/de\/messer\/"},{"@type":"ListItem","position":3,"name":"Wiederverwertung"}]},{"@type":"WebSite","@id":"https:\/\/www.kadur.com\/fr\/#website","url":"https:\/\/www.kadur.com\/fr\/","name":"Kadur","description":"Industrielle Hochleistungs-Messer","potentialAction":[{"@type":"SearchAction","target":{"@type":"EntryPoint","urlTemplate":"https:\/\/www.kadur.com\/fr\/?s={search_term_string}"},"query-input":{"@type":"PropertyValueSpecification","valueRequired":true,"valueName":"search_term_string"}}],"inLanguage":"de"}]}},"_links":{"self":[{"href":"https:\/\/www.kadur.com\/de\/wp-json\/wp\/v2\/pages\/713"}],"collection":[{"href":"https:\/\/www.kadur.com\/de\/wp-json\/wp\/v2\/pages"}],"about":[{"href":"https:\/\/www.kadur.com\/de\/wp-json\/wp\/v2\/types\/page"}],"author":[{"embeddable":true,"href":"https:\/\/www.kadur.com\/de\/wp-json\/wp\/v2\/users\/1"}],"replies":[{"embeddable":true,"href":"https:\/\/www.kadur.com\/de\/wp-json\/wp\/v2\/comments?post=713"}],"version-history":[{"count":0,"href":"https:\/\/www.kadur.com\/de\/wp-json\/wp\/v2\/pages\/713\/revisions"}],"up":[{"embeddable":true,"href":"https:\/\/www.kadur.com\/de\/wp-json\/wp\/v2\/pages\/743"}],"wp:attachment":[{"href":"https:\/\/www.kadur.com\/de\/wp-json\/wp\/v2\/media?parent=713"}],"curies":[{"name":"wp","href":"https:\/\/api.w.org\/{rel}","templated":true}]}}