{"id":712,"date":"2013-02-21T01:38:28","date_gmt":"2013-02-21T00:38:28","guid":{"rendered":"http:\/\/www.kadur.com\/?page_id=712"},"modified":"2015-07-20T19:42:59","modified_gmt":"2015-07-20T17:42:59","slug":"metall","status":"publish","type":"page","link":"https:\/\/www.kadur.com\/de\/messer\/metall\/","title":{"rendered":"Metallindustrie"},"content":{"rendered":"<h1>Stark und robust<\/h1>\n<h2>Pr\u00e4zise und robust.<\/h2>\n<div class=\"columns\"><div class=\"clear\"><div class=\"col1-2\">\nDiese beschreibt unsere Hochleistungsmessern f\u00fcr die Metallindustrie:<\/p>\n<ul>\n<li><strong>Hackmesser<\/strong><\/li>\n<li><strong>Druckleisten<\/strong><\/li>\n<li><strong>Kreismesser<\/strong><\/li>\n<li>Herstellung, Reparatur und Sch\u00e4rfen von <strong>Regeln Centerless<\/strong>, Wolframcarbid (Schwermetall).<\/li>\n<\/ul>\n<p><\/div><div class=\"col1-2\">\n<img decoding=\"async\" class=\"alignnone size-full wp-image-2037\" src=\"http:\/\/www.kadur.com\/wp-content\/uploads\/2013\/03\/metal_1_290.jpg\" alt=\"metal_1_290\" width=\"290\" height=\"100\" \/>\n<img decoding=\"async\" class=\"alignnone size-full wp-image-2038\" src=\"http:\/\/www.kadur.com\/wp-content\/uploads\/2013\/03\/metal_2_290.jpg\" alt=\"metal_2_290\" width=\"290\" height=\"100\" \/>\n<\/div><\/div><\/div>\n<div class=\"columns\"><div class=\"clear\"><div class=\"col1-2\">\n<img decoding=\"async\" class=\"alignnone size-full wp-image-2039\" src=\"http:\/\/www.kadur.com\/wp-content\/uploads\/2013\/03\/metal_3_290.jpg\" alt=\"metal_3_290\" width=\"290\" height=\"335\" srcset=\"https:\/\/www.kadur.com\/wp-content\/uploads\/2013\/03\/metal_3_290.jpg 290w, https:\/\/www.kadur.com\/wp-content\/uploads\/2013\/03\/metal_3_290-259x300.jpg 259w\" sizes=\"(max-width: 290px) 100vw, 290px\" \/>\n<\/div><div class=\"col1-2\">\nJede Legierung und W\u00e4rmebehandlung hat seine besten geeignete Anwendung:<\/p>\n<ul>\n<li><strong><a title=\"Die Analyse der Zusammensetzung des Stahls W.Nr. 1.2379\" href=\"http:\/\/www.kadur.com\/wp-content\/uploads\/2013\/02\/wnr_1.2379.png\" rel=\"lightbox&#091;703&#093;\">Stahl WNr 1.2379<img decoding=\"async\" class=\"wp-image-770 alignright\" style=\"margin-top: 0px; margin-bottom: 0px;\" src=\"http:\/\/www.kadur.com\/wp-content\/uploads\/2013\/02\/chart_bar.png\" alt=\"chart_bar\" width=\"16\" height=\"16\" \/><\/a><\/strong>, hohen Chrom (12%), Verschlei\u00dffestigkeit<\/li>\n<li><strong><a title=\"Die Analyse der Zusammensetzung des Stahls W.Nr. 1.2631\" href=\"http:\/\/www.kadur.com\/wp-content\/uploads\/2013\/02\/wnr_1.2631.png\" rel=\"lightbox&#091;704&#093;\">Stahl WNr 1.2631<img decoding=\"async\" class=\"wp-image-770 alignright\" style=\"margin-top: 0px; margin-bottom: 0px;\" src=\"http:\/\/www.kadur.com\/wp-content\/uploads\/2013\/02\/chart_bar.png\" alt=\"chart_bar\" width=\"16\" height=\"16\" \/><\/a><\/strong>, hohen Chrom (8%), Arbeiten Z\u00e4higkeit<\/li>\n<li><strong><a title=\"Die Analyse der Zusammensetzung des Stahls W.Nr. 1.3343\" href=\"http:\/\/www.kadur.com\/wp-content\/uploads\/2013\/02\/wnr_1.3343.png\" rel=\"lightbox&#091;705&#093;\">Stahl WNr 1.3343<img decoding=\"async\" class=\"wp-image-770 alignright\" style=\"margin-top: 0px; margin-bottom: 0px;\" src=\"http:\/\/www.kadur.com\/wp-content\/uploads\/2013\/02\/chart_bar.png\" alt=\"chart_bar\" width=\"16\" height=\"16\" \/><\/a><\/strong><\/li>\n<\/ul>\n<p>Die richtigen Sorte und technischen Spezifikationen wie Parallelit\u00e4t und Toleranz sind enorm wichtig im Bereich Metallurgie.<\/p>\n<p>Die Z\u00e4higkeit und Schneiden Qualit\u00e4t unserer Messer machen sie die perfekte Erg\u00e4nzung zu Ihrer Schere zum Schneiden von Blechen oder verzinktem Stahl, Messing, Kupfer oder anderen NE-Metall, bringt Sicherheit, Geschwindigkeit und Pr\u00e4zision, um Ihre Produktionsprozesse.\n<\/div><\/div><\/div>\n","protected":false},"excerpt":{"rendered":"<p>Stark und robust Pr\u00e4zise und robust.<\/p>\n","protected":false},"author":1,"featured_media":0,"parent":743,"menu_order":3,"comment_status":"closed","ping_status":"closed","template":"","meta":{"footnotes":""},"yoast_head":"<!-- This site is optimized with the Yoast SEO plugin v24.5 - https:\/\/yoast.com\/wordpress\/plugins\/seo\/ -->\n<title>Metallindustrie - Kadur<\/title>\n<meta name=\"robots\" content=\"index, follow, max-snippet:-1, max-image-preview:large, max-video-preview:-1\" \/>\n<link rel=\"canonical\" href=\"https:\/\/www.kadur.com\/de\/messer\/metall\/\" \/>\n<meta property=\"og:locale\" content=\"de_DE\" \/>\n<meta property=\"og:type\" content=\"article\" \/>\n<meta property=\"og:title\" content=\"Metallindustrie - Kadur\" \/>\n<meta property=\"og:description\" content=\"Stark und robust Pr\u00e4zise und robust.\" \/>\n<meta property=\"og:url\" content=\"https:\/\/www.kadur.com\/de\/messer\/metall\/\" \/>\n<meta property=\"og:site_name\" content=\"Kadur\" \/>\n<meta property=\"article:modified_time\" content=\"2015-07-20T17:42:59+00:00\" \/>\n<meta property=\"og:image\" content=\"http:\/\/www.kadur.com\/wp-content\/uploads\/2013\/03\/metal_1_290.jpg\" \/>\n<meta name=\"twitter:label1\" content=\"Gesch\u00e4tzte Lesezeit\" \/>\n\t<meta name=\"twitter:data1\" content=\"1\u00a0Minute\" \/>\n<script type=\"application\/ld+json\" class=\"yoast-schema-graph\">{\"@context\":\"https:\/\/schema.org\",\"@graph\":[{\"@type\":\"WebPage\",\"@id\":\"https:\/\/www.kadur.com\/de\/messer\/metall\/\",\"url\":\"https:\/\/www.kadur.com\/de\/messer\/metall\/\",\"name\":\"Metallindustrie - Kadur\",\"isPartOf\":{\"@id\":\"https:\/\/www.kadur.com\/fr\/#website\"},\"primaryImageOfPage\":{\"@id\":\"https:\/\/www.kadur.com\/de\/messer\/metall\/#primaryimage\"},\"image\":{\"@id\":\"https:\/\/www.kadur.com\/de\/messer\/metall\/#primaryimage\"},\"thumbnailUrl\":\"http:\/\/www.kadur.com\/wp-content\/uploads\/2013\/03\/metal_1_290.jpg\",\"datePublished\":\"2013-02-21T00:38:28+00:00\",\"dateModified\":\"2015-07-20T17:42:59+00:00\",\"breadcrumb\":{\"@id\":\"https:\/\/www.kadur.com\/de\/messer\/metall\/#breadcrumb\"},\"inLanguage\":\"de\",\"potentialAction\":[{\"@type\":\"ReadAction\",\"target\":[\"https:\/\/www.kadur.com\/de\/messer\/metall\/\"]}]},{\"@type\":\"ImageObject\",\"inLanguage\":\"de\",\"@id\":\"https:\/\/www.kadur.com\/de\/messer\/metall\/#primaryimage\",\"url\":\"http:\/\/www.kadur.com\/wp-content\/uploads\/2013\/03\/metal_1_290.jpg\",\"contentUrl\":\"http:\/\/www.kadur.com\/wp-content\/uploads\/2013\/03\/metal_1_290.jpg\"},{\"@type\":\"BreadcrumbList\",\"@id\":\"https:\/\/www.kadur.com\/de\/messer\/metall\/#breadcrumb\",\"itemListElement\":[{\"@type\":\"ListItem\",\"position\":1,\"name\":\"Home\",\"item\":\"https:\/\/www.kadur.com\/de\/\"},{\"@type\":\"ListItem\",\"position\":2,\"name\":\"Messer\",\"item\":\"https:\/\/www.kadur.com\/de\/messer\/\"},{\"@type\":\"ListItem\",\"position\":3,\"name\":\"Metallindustrie\"}]},{\"@type\":\"WebSite\",\"@id\":\"https:\/\/www.kadur.com\/fr\/#website\",\"url\":\"https:\/\/www.kadur.com\/fr\/\",\"name\":\"Kadur\",\"description\":\"Industrielle Hochleistungs-Messer\",\"potentialAction\":[{\"@type\":\"SearchAction\",\"target\":{\"@type\":\"EntryPoint\",\"urlTemplate\":\"https:\/\/www.kadur.com\/fr\/?s={search_term_string}\"},\"query-input\":{\"@type\":\"PropertyValueSpecification\",\"valueRequired\":true,\"valueName\":\"search_term_string\"}}],\"inLanguage\":\"de\"}]}<\/script>\n<!-- \/ Yoast SEO plugin. -->","yoast_head_json":{"title":"Metallindustrie - Kadur","robots":{"index":"index","follow":"follow","max-snippet":"max-snippet:-1","max-image-preview":"max-image-preview:large","max-video-preview":"max-video-preview:-1"},"canonical":"https:\/\/www.kadur.com\/de\/messer\/metall\/","og_locale":"de_DE","og_type":"article","og_title":"Metallindustrie - Kadur","og_description":"Stark und robust Pr\u00e4zise und robust.","og_url":"https:\/\/www.kadur.com\/de\/messer\/metall\/","og_site_name":"Kadur","article_modified_time":"2015-07-20T17:42:59+00:00","og_image":[{"url":"http:\/\/www.kadur.com\/wp-content\/uploads\/2013\/03\/metal_1_290.jpg","type":"","width":"","height":""}],"twitter_misc":{"Gesch\u00e4tzte Lesezeit":"1\u00a0Minute"},"schema":{"@context":"https:\/\/schema.org","@graph":[{"@type":"WebPage","@id":"https:\/\/www.kadur.com\/de\/messer\/metall\/","url":"https:\/\/www.kadur.com\/de\/messer\/metall\/","name":"Metallindustrie - Kadur","isPartOf":{"@id":"https:\/\/www.kadur.com\/fr\/#website"},"primaryImageOfPage":{"@id":"https:\/\/www.kadur.com\/de\/messer\/metall\/#primaryimage"},"image":{"@id":"https:\/\/www.kadur.com\/de\/messer\/metall\/#primaryimage"},"thumbnailUrl":"http:\/\/www.kadur.com\/wp-content\/uploads\/2013\/03\/metal_1_290.jpg","datePublished":"2013-02-21T00:38:28+00:00","dateModified":"2015-07-20T17:42:59+00:00","breadcrumb":{"@id":"https:\/\/www.kadur.com\/de\/messer\/metall\/#breadcrumb"},"inLanguage":"de","potentialAction":[{"@type":"ReadAction","target":["https:\/\/www.kadur.com\/de\/messer\/metall\/"]}]},{"@type":"ImageObject","inLanguage":"de","@id":"https:\/\/www.kadur.com\/de\/messer\/metall\/#primaryimage","url":"http:\/\/www.kadur.com\/wp-content\/uploads\/2013\/03\/metal_1_290.jpg","contentUrl":"http:\/\/www.kadur.com\/wp-content\/uploads\/2013\/03\/metal_1_290.jpg"},{"@type":"BreadcrumbList","@id":"https:\/\/www.kadur.com\/de\/messer\/metall\/#breadcrumb","itemListElement":[{"@type":"ListItem","position":1,"name":"Home","item":"https:\/\/www.kadur.com\/de\/"},{"@type":"ListItem","position":2,"name":"Messer","item":"https:\/\/www.kadur.com\/de\/messer\/"},{"@type":"ListItem","position":3,"name":"Metallindustrie"}]},{"@type":"WebSite","@id":"https:\/\/www.kadur.com\/fr\/#website","url":"https:\/\/www.kadur.com\/fr\/","name":"Kadur","description":"Industrielle Hochleistungs-Messer","potentialAction":[{"@type":"SearchAction","target":{"@type":"EntryPoint","urlTemplate":"https:\/\/www.kadur.com\/fr\/?s={search_term_string}"},"query-input":{"@type":"PropertyValueSpecification","valueRequired":true,"valueName":"search_term_string"}}],"inLanguage":"de"}]}},"_links":{"self":[{"href":"https:\/\/www.kadur.com\/de\/wp-json\/wp\/v2\/pages\/712"}],"collection":[{"href":"https:\/\/www.kadur.com\/de\/wp-json\/wp\/v2\/pages"}],"about":[{"href":"https:\/\/www.kadur.com\/de\/wp-json\/wp\/v2\/types\/page"}],"author":[{"embeddable":true,"href":"https:\/\/www.kadur.com\/de\/wp-json\/wp\/v2\/users\/1"}],"replies":[{"embeddable":true,"href":"https:\/\/www.kadur.com\/de\/wp-json\/wp\/v2\/comments?post=712"}],"version-history":[{"count":0,"href":"https:\/\/www.kadur.com\/de\/wp-json\/wp\/v2\/pages\/712\/revisions"}],"up":[{"embeddable":true,"href":"https:\/\/www.kadur.com\/de\/wp-json\/wp\/v2\/pages\/743"}],"wp:attachment":[{"href":"https:\/\/www.kadur.com\/de\/wp-json\/wp\/v2\/media?parent=712"}],"curies":[{"name":"wp","href":"https:\/\/api.w.org\/{rel}","templated":true}]}}