{"id":711,"date":"2013-02-21T01:37:07","date_gmt":"2013-02-21T00:37:07","guid":{"rendered":"http:\/\/www.kadur.com\/?page_id=711"},"modified":"2015-07-20T19:38:55","modified_gmt":"2015-07-20T17:38:55","slug":"forst","status":"publish","type":"page","link":"https:\/\/www.kadur.com\/de\/messer\/forst\/","title":{"rendered":"Forst und Holzwirtschaft"},"content":{"rendered":"<h1>Z\u00e4higkeit und Hartn\u00e4ckigkeit&#8230;<\/h1>\n<h2>mit dem gr\u00f6\u00dften Funktionsumfang und spezifische Klasse f\u00fcr jeden Zweck.<\/h2>\n<h3>Mit ihrer hervorragenden Best\u00e4ndigkeit und hohe Schnittleistung, wird KADUR Messer Tag f\u00fcr Tag beweisen, dass Sie die richtige Wahl getroffen.<\/h3>\n<div class=\"columns\"><div class=\"clear\"><div class=\"col1-2\"><\/p>\n<h4>Unsere Erfahrung und Grad der Spezialisierung, dass wir wertvolle Tipps, wie Sie Ihre Produktivit\u00e4t zu verbessern bieten, und wir garantieren die h\u00f6chsten Normen f\u00fcr die Instandhaltung f\u00fcr Ihre Werkzeuge.<\/h4>\n<p>Ein umfangreiches Angebot an High-Performance-Messer bietet die produktivste L\u00f6sung f\u00fcr die vielen unterschiedlichen Anforderungen der Forst-und Holz verarbeitenden Industrie:<\/p>\n<ul>\n<li><strong>Rundsch\u00e4lmesser<\/strong><\/li>\n<li><strong>Hackmesser-scheiben<\/strong><\/li>\n<li><strong>Hackmesser<\/strong><\/li>\n<li><strong>Furniermesser<\/strong> <em>(slicer)<\/em><\/li>\n<li><strong>Druckleisten<\/strong><\/li>\n<li><strong>Rasenm\u00e4her<\/strong><\/li>\n<\/ul>\n<p><img decoding=\"async\" class=\"alignleft  wp-image-724\" style=\"margin-top: -10px; margin-bottom: 5px;\" src=\"http:\/\/www.kadur.com\/wp-content\/uploads\/2013\/02\/logo_hq-300x120.png\" alt=\"logo_hq\" width=\"180\" height=\"72\" srcset=\"https:\/\/www.kadur.com\/wp-content\/uploads\/2013\/02\/logo_hq-300x120.png 300w, https:\/\/www.kadur.com\/wp-content\/uploads\/2013\/02\/logo_hq.png 400w\" sizes=\"(max-width: 180px) 100vw, 180px\" \/><\/p>\n<table>\n<thead>\n<tr>\n<th colspan=\"2\">Messer f\u00fcr den besten Marken<\/th>\n<\/tr>\n<\/thead>\n<tbody>\n<tr>\n<td>BERTI<\/td>\n<td>KUPER<\/td>\n<\/tr>\n<tr>\n<td>CREMONA<\/td>\n<td>MARUNAKA<\/td>\n<\/tr>\n<tr>\n<td>DEISA<\/td>\n<td>ORSI<\/td>\n<\/tr>\n<tr>\n<td>DURNA<\/td>\n<td>PLASMAQ<\/td>\n<\/tr>\n<tr>\n<td>FELDER<\/td>\n<td>VERMEER<\/td>\n<\/tr>\n<tr>\n<td>FRANSSONS<\/td>\n<td>ZANELLO<\/td>\n<\/tr>\n<tr>\n<td>HACO<\/td>\n<td><\/td>\n<\/tr>\n<\/tbody>\n<\/table>\n<p><\/div><div class=\"col1-2\">\n<img decoding=\"async\" class=\"alignnone size-full wp-image-2029\" src=\"http:\/\/www.kadur.com\/wp-content\/uploads\/2013\/03\/forestal_1_290.jpg\" alt=\"forestal_1_290\" width=\"290\" height=\"100\" \/>\n<img decoding=\"async\" class=\"alignnone size-full wp-image-2030\" src=\"http:\/\/www.kadur.com\/wp-content\/uploads\/2013\/03\/forestal_2_290.jpg\" alt=\"forestal_2_290\" width=\"290\" height=\"100\" \/>\n<img decoding=\"async\" class=\"alignnone size-full wp-image-2031\" src=\"http:\/\/www.kadur.com\/wp-content\/uploads\/2013\/03\/forestal_3_290.jpg\" alt=\"forestal_3_290\" width=\"290\" height=\"100\" \/>\n<img decoding=\"async\" class=\"alignnone size-full wp-image-2032\" src=\"http:\/\/www.kadur.com\/wp-content\/uploads\/2013\/03\/forestal_4_290.jpg\" alt=\"forestal_4_290\" width=\"290\" height=\"100\" \/>\n<img decoding=\"async\" class=\"alignnone size-full wp-image-2033\" src=\"http:\/\/www.kadur.com\/wp-content\/uploads\/2013\/03\/forestal_5_290.jpg\" alt=\"forestal_5_290\" width=\"290\" height=\"100\" \/>\n<\/div><\/div><\/div>\n<div class=\"columns\"><div class=\"clear\"><div class=\"col1-2\">\n<img decoding=\"async\" class=\"alignnone size-full wp-image-2034\" src=\"http:\/\/www.kadur.com\/wp-content\/uploads\/2013\/03\/forestal_6_290.jpg\" alt=\"forestal_6_290\" width=\"290\" height=\"315\" srcset=\"https:\/\/www.kadur.com\/wp-content\/uploads\/2013\/03\/forestal_6_290.jpg 290w, https:\/\/www.kadur.com\/wp-content\/uploads\/2013\/03\/forestal_6_290-276x300.jpg 276w\" sizes=\"(max-width: 290px) 100vw, 290px\" \/>\n<\/div><div class=\"col1-2\">\nAus all diesen Messern haben wir verschiedene Stahlsorten f\u00fcr die Arbeit mit Schleifmittel, weich, halbhart oder Harth\u00f6lzern:<\/p>\n<ul>\n<li><strong><a title=\"Die Analyse der Zusammensetzung des Stahls W.Nr. 1.2631\" href=\"http:\/\/www.kadur.com\/wp-content\/uploads\/2013\/02\/wnr_1.2631.png\" rel=\"lightbox&#091;700&#093;\">Stahl WNr 1.2631<img decoding=\"async\" class=\"wp-image-770 alignright\" style=\"margin-top: 0px; margin-bottom: 0px;\" src=\"http:\/\/www.kadur.com\/wp-content\/uploads\/2013\/02\/chart_bar.png\" alt=\"chart_bar\" width=\"16\" height=\"16\" \/><\/a><\/strong>, mit einem hohen Chromgehalt (8%) und gro\u00dfe Widerstandsf\u00e4higkeit arbeiten.<\/li>\n<li><strong><a title=\"Die Analyse der Zusammensetzung des Stahls W.Nr. 1.2345\" href=\"http:\/\/www.kadur.com\/wp-content\/uploads\/2013\/02\/wnr_1.2345.png\" rel=\"lightbox&#091;701&#093;\">Stahl WNr 1.2345<img decoding=\"async\" class=\"wp-image-770 alignright\" style=\"margin-top: 0px; margin-bottom: 0px;\" src=\"http:\/\/www.kadur.com\/wp-content\/uploads\/2013\/02\/chart_bar.png\" alt=\"chart_bar\" width=\"16\" height=\"16\" \/><\/a><\/strong>, mit einem hohen Chrom-Gehalt (5%) und gro\u00dfe Widerstandsf\u00e4higkeit arbeiten.<\/li>\n<li><strong><a title=\"Die Analyse der Zusammensetzung des Stahls W.Nr. 1.22379\" href=\"http:\/\/www.kadur.com\/wp-content\/uploads\/2013\/02\/wnr_1.2379.png\" rel=\"lightbox&#091;702&#093;\">Stahl WNr 1.2379<img decoding=\"async\" class=\"wp-image-770 alignright\" style=\"margin-top: 0px; margin-bottom: 0px;\" src=\"http:\/\/www.kadur.com\/wp-content\/uploads\/2013\/02\/chart_bar.png\" alt=\"chart_bar\" width=\"16\" height=\"16\" \/><\/a><\/strong>, mit einem hohen Chrom-Gehalt (12%) und sehr widerstandsf\u00e4hig gegen Verschlei\u00df.<\/li>\n<\/ul>\n<p>Von Mulchen St\u00e4mme und Schleifen Restholz Material zur Fertigung Sperrholz oder gepresste Holzplatten, garantieren wir die h\u00f6chste Effizienz f\u00fcr Ihre Produktion, Beschaffung die maximale Leistung aus den am h\u00e4ufigsten verwendeten Maschinen auf dem Markt.\n<\/div><\/div><\/div>\n","protected":false},"excerpt":{"rendered":"<p>Z\u00e4higkeit und Hartn\u00e4ckigkeit&#8230; mit dem gr\u00f6\u00dften Funktionsumfang und spezifische Klasse f\u00fcr jeden Zweck. Mit ihrer hervorragenden Best\u00e4ndigkeit und hohe Schnittleistung, wird KADUR Messer Tag f\u00fcr Tag beweisen, dass Sie die richtige Wahl getroffen.<\/p>\n","protected":false},"author":1,"featured_media":0,"parent":743,"menu_order":2,"comment_status":"closed","ping_status":"closed","template":"","meta":{"footnotes":""},"yoast_head":"<!-- This site is optimized with the Yoast SEO plugin v24.5 - https:\/\/yoast.com\/wordpress\/plugins\/seo\/ -->\n<title>Forst und Holzwirtschaft - Kadur<\/title>\n<meta name=\"robots\" content=\"index, follow, max-snippet:-1, max-image-preview:large, max-video-preview:-1\" \/>\n<link rel=\"canonical\" href=\"https:\/\/www.kadur.com\/de\/messer\/forst\/\" \/>\n<meta property=\"og:locale\" content=\"de_DE\" \/>\n<meta property=\"og:type\" content=\"article\" \/>\n<meta property=\"og:title\" content=\"Forst und Holzwirtschaft - Kadur\" \/>\n<meta property=\"og:description\" content=\"Z\u00e4higkeit und Hartn\u00e4ckigkeit&#8230; mit dem gr\u00f6\u00dften Funktionsumfang und spezifische Klasse f\u00fcr jeden Zweck. Mit ihrer hervorragenden Best\u00e4ndigkeit und hohe Schnittleistung, wird KADUR Messer Tag f\u00fcr Tag beweisen, dass Sie die richtige Wahl getroffen.\" \/>\n<meta property=\"og:url\" content=\"https:\/\/www.kadur.com\/de\/messer\/forst\/\" \/>\n<meta property=\"og:site_name\" content=\"Kadur\" \/>\n<meta property=\"article:modified_time\" content=\"2015-07-20T17:38:55+00:00\" \/>\n<meta property=\"og:image\" content=\"http:\/\/www.kadur.com\/wp-content\/uploads\/2013\/02\/logo_hq-300x120.png\" \/>\n<meta name=\"twitter:label1\" content=\"Gesch\u00e4tzte Lesezeit\" \/>\n\t<meta name=\"twitter:data1\" content=\"1\u00a0Minute\" \/>\n<script type=\"application\/ld+json\" class=\"yoast-schema-graph\">{\"@context\":\"https:\/\/schema.org\",\"@graph\":[{\"@type\":\"WebPage\",\"@id\":\"https:\/\/www.kadur.com\/de\/messer\/forst\/\",\"url\":\"https:\/\/www.kadur.com\/de\/messer\/forst\/\",\"name\":\"Forst und Holzwirtschaft - Kadur\",\"isPartOf\":{\"@id\":\"https:\/\/www.kadur.com\/fr\/#website\"},\"primaryImageOfPage\":{\"@id\":\"https:\/\/www.kadur.com\/de\/messer\/forst\/#primaryimage\"},\"image\":{\"@id\":\"https:\/\/www.kadur.com\/de\/messer\/forst\/#primaryimage\"},\"thumbnailUrl\":\"http:\/\/www.kadur.com\/wp-content\/uploads\/2013\/02\/logo_hq-300x120.png\",\"datePublished\":\"2013-02-21T00:37:07+00:00\",\"dateModified\":\"2015-07-20T17:38:55+00:00\",\"breadcrumb\":{\"@id\":\"https:\/\/www.kadur.com\/de\/messer\/forst\/#breadcrumb\"},\"inLanguage\":\"de\",\"potentialAction\":[{\"@type\":\"ReadAction\",\"target\":[\"https:\/\/www.kadur.com\/de\/messer\/forst\/\"]}]},{\"@type\":\"ImageObject\",\"inLanguage\":\"de\",\"@id\":\"https:\/\/www.kadur.com\/de\/messer\/forst\/#primaryimage\",\"url\":\"http:\/\/www.kadur.com\/wp-content\/uploads\/2013\/02\/logo_hq-300x120.png\",\"contentUrl\":\"http:\/\/www.kadur.com\/wp-content\/uploads\/2013\/02\/logo_hq-300x120.png\"},{\"@type\":\"BreadcrumbList\",\"@id\":\"https:\/\/www.kadur.com\/de\/messer\/forst\/#breadcrumb\",\"itemListElement\":[{\"@type\":\"ListItem\",\"position\":1,\"name\":\"Home\",\"item\":\"https:\/\/www.kadur.com\/de\/\"},{\"@type\":\"ListItem\",\"position\":2,\"name\":\"Messer\",\"item\":\"https:\/\/www.kadur.com\/de\/messer\/\"},{\"@type\":\"ListItem\",\"position\":3,\"name\":\"Forst und Holzwirtschaft\"}]},{\"@type\":\"WebSite\",\"@id\":\"https:\/\/www.kadur.com\/fr\/#website\",\"url\":\"https:\/\/www.kadur.com\/fr\/\",\"name\":\"Kadur\",\"description\":\"Industrielle Hochleistungs-Messer\",\"potentialAction\":[{\"@type\":\"SearchAction\",\"target\":{\"@type\":\"EntryPoint\",\"urlTemplate\":\"https:\/\/www.kadur.com\/fr\/?s={search_term_string}\"},\"query-input\":{\"@type\":\"PropertyValueSpecification\",\"valueRequired\":true,\"valueName\":\"search_term_string\"}}],\"inLanguage\":\"de\"}]}<\/script>\n<!-- \/ Yoast SEO plugin. -->","yoast_head_json":{"title":"Forst und Holzwirtschaft - Kadur","robots":{"index":"index","follow":"follow","max-snippet":"max-snippet:-1","max-image-preview":"max-image-preview:large","max-video-preview":"max-video-preview:-1"},"canonical":"https:\/\/www.kadur.com\/de\/messer\/forst\/","og_locale":"de_DE","og_type":"article","og_title":"Forst und Holzwirtschaft - Kadur","og_description":"Z\u00e4higkeit und Hartn\u00e4ckigkeit&#8230; mit dem gr\u00f6\u00dften Funktionsumfang und spezifische Klasse f\u00fcr jeden Zweck. Mit ihrer hervorragenden Best\u00e4ndigkeit und hohe Schnittleistung, wird KADUR Messer Tag f\u00fcr Tag beweisen, dass Sie die richtige Wahl getroffen.","og_url":"https:\/\/www.kadur.com\/de\/messer\/forst\/","og_site_name":"Kadur","article_modified_time":"2015-07-20T17:38:55+00:00","og_image":[{"url":"http:\/\/www.kadur.com\/wp-content\/uploads\/2013\/02\/logo_hq-300x120.png","type":"","width":"","height":""}],"twitter_misc":{"Gesch\u00e4tzte Lesezeit":"1\u00a0Minute"},"schema":{"@context":"https:\/\/schema.org","@graph":[{"@type":"WebPage","@id":"https:\/\/www.kadur.com\/de\/messer\/forst\/","url":"https:\/\/www.kadur.com\/de\/messer\/forst\/","name":"Forst und Holzwirtschaft - Kadur","isPartOf":{"@id":"https:\/\/www.kadur.com\/fr\/#website"},"primaryImageOfPage":{"@id":"https:\/\/www.kadur.com\/de\/messer\/forst\/#primaryimage"},"image":{"@id":"https:\/\/www.kadur.com\/de\/messer\/forst\/#primaryimage"},"thumbnailUrl":"http:\/\/www.kadur.com\/wp-content\/uploads\/2013\/02\/logo_hq-300x120.png","datePublished":"2013-02-21T00:37:07+00:00","dateModified":"2015-07-20T17:38:55+00:00","breadcrumb":{"@id":"https:\/\/www.kadur.com\/de\/messer\/forst\/#breadcrumb"},"inLanguage":"de","potentialAction":[{"@type":"ReadAction","target":["https:\/\/www.kadur.com\/de\/messer\/forst\/"]}]},{"@type":"ImageObject","inLanguage":"de","@id":"https:\/\/www.kadur.com\/de\/messer\/forst\/#primaryimage","url":"http:\/\/www.kadur.com\/wp-content\/uploads\/2013\/02\/logo_hq-300x120.png","contentUrl":"http:\/\/www.kadur.com\/wp-content\/uploads\/2013\/02\/logo_hq-300x120.png"},{"@type":"BreadcrumbList","@id":"https:\/\/www.kadur.com\/de\/messer\/forst\/#breadcrumb","itemListElement":[{"@type":"ListItem","position":1,"name":"Home","item":"https:\/\/www.kadur.com\/de\/"},{"@type":"ListItem","position":2,"name":"Messer","item":"https:\/\/www.kadur.com\/de\/messer\/"},{"@type":"ListItem","position":3,"name":"Forst und Holzwirtschaft"}]},{"@type":"WebSite","@id":"https:\/\/www.kadur.com\/fr\/#website","url":"https:\/\/www.kadur.com\/fr\/","name":"Kadur","description":"Industrielle Hochleistungs-Messer","potentialAction":[{"@type":"SearchAction","target":{"@type":"EntryPoint","urlTemplate":"https:\/\/www.kadur.com\/fr\/?s={search_term_string}"},"query-input":{"@type":"PropertyValueSpecification","valueRequired":true,"valueName":"search_term_string"}}],"inLanguage":"de"}]}},"_links":{"self":[{"href":"https:\/\/www.kadur.com\/de\/wp-json\/wp\/v2\/pages\/711"}],"collection":[{"href":"https:\/\/www.kadur.com\/de\/wp-json\/wp\/v2\/pages"}],"about":[{"href":"https:\/\/www.kadur.com\/de\/wp-json\/wp\/v2\/types\/page"}],"author":[{"embeddable":true,"href":"https:\/\/www.kadur.com\/de\/wp-json\/wp\/v2\/users\/1"}],"replies":[{"embeddable":true,"href":"https:\/\/www.kadur.com\/de\/wp-json\/wp\/v2\/comments?post=711"}],"version-history":[{"count":0,"href":"https:\/\/www.kadur.com\/de\/wp-json\/wp\/v2\/pages\/711\/revisions"}],"up":[{"embeddable":true,"href":"https:\/\/www.kadur.com\/de\/wp-json\/wp\/v2\/pages\/743"}],"wp:attachment":[{"href":"https:\/\/www.kadur.com\/de\/wp-json\/wp\/v2\/media?parent=711"}],"curies":[{"name":"wp","href":"https:\/\/api.w.org\/{rel}","templated":true}]}}