{"id":692,"date":"2013-02-21T01:04:40","date_gmt":"2013-02-21T00:04:40","guid":{"rendered":"http:\/\/www.kadur.com\/?page_id=692"},"modified":"2013-05-06T14:22:28","modified_gmt":"2013-05-06T12:22:28","slug":"holz","status":"publish","type":"page","link":"https:\/\/www.kadur.com\/de\/messer\/holz\/","title":{"rendered":"Holz und Tischlerei"},"content":{"rendered":"<h1>Z\u00e4h, hohe Qualit\u00e4t, hohe Pr\u00e4zision schneiden<\/h1>\n<h2>Dies beschreibt KADUR die Messer f\u00fcr die Arbeit mit Holz.<\/h2>\n<p><div class=\"columns\"><div class=\"clear\"><div class=\"col1-2\">\nNachdem mit der Holzindustrie in Verbindung gebracht worden, da das Unternehmen gegr\u00fcndet wurde, bietet eine breite Palette KADUR von Messern, die au\u00dfergew\u00f6hnliche Zuverl\u00e4ssigkeit und Produktivit\u00e4t dank bieten ihren Schnittleistung und Langlebigkeit:<\/p>\n<ul>\n<li><strong><a title=\"Hobel\" href=\"https:\/\/www.kadur.com\/de\/messer\/holz\/hobel\/\">Hobel Messer<\/a><\/strong><\/li>\n<li><strong><a title=\"Gewellte\" href=\"https:\/\/www.kadur.com\/de\/messer\/holz\/gewellte\/\">Gewellten Messern<\/a><\/strong><\/li>\n<li><strong><a title=\"Elektrohobel\" href=\"https:\/\/www.kadur.com\/de\/messer\/holz\/elektrohobel\/\">Messer f\u00fcr Elektrohobel<\/a><\/strong><\/li>\n<li><strong><a title=\"Reversiblen Systeme\" href=\"https:\/\/www.kadur.com\/de\/messer\/holz\/reversiblen-systeme\/\">Reversible System Messer<\/a><\/strong>:\n<ul>\n<li><a title=\"Kadur Fix System\" href=\"https:\/\/www.kadur.com\/de\/messer\/holz\/reversiblen-systeme\/kadur-fix\/\">KadurFix<\/a><\/li>\n<li><a title=\"Tersa System\" href=\"https:\/\/www.kadur.com\/de\/messer\/holz\/reversiblen-systeme\/tersa\/\">Tersa<\/a><\/li>\n<li><a title=\"Centrolock System\" href=\"https:\/\/www.kadur.com\/de\/messer\/holz\/reversiblen-systeme\/centrolock\/\">Centrolock<\/a><\/li>\n<li><a title=\"Terminus System\" href=\"https:\/\/www.kadur.com\/de\/messer\/holz\/reversiblen-systeme\/terminus\/\">Terminus<\/a><\/li>\n<li><a title=\"Vivax System\" href=\"https:\/\/www.kadur.com\/de\/messer\/holz\/reversiblen-systeme\/vivax\/\">Vivax<\/a><\/li>\n<\/ul>\n<\/li>\n<\/ul>\n<p><img decoding=\"async\" class=\"alignleft  wp-image-724\" style=\"margin-top: 120px; margin-bottom: 5px;\" alt=\"logo_hq\" src=\"http:\/\/www.kadur.com\/wp-content\/uploads\/2013\/02\/logo_hq-300x120.png\" width=\"180\" height=\"72\" srcset=\"https:\/\/www.kadur.com\/wp-content\/uploads\/2013\/02\/logo_hq-300x120.png 300w, https:\/\/www.kadur.com\/wp-content\/uploads\/2013\/02\/logo_hq.png 400w\" sizes=\"(max-width: 180px) 100vw, 180px\" \/><\/p>\n<p><\/div><div class=\"col1-2\">\n<img decoding=\"async\" class=\"alignleft size-full wp-image-2004\" alt=\"kadurfix_290\" src=\"http:\/\/www.kadur.com\/wp-content\/uploads\/2013\/03\/kadurfix_290.jpg\" width=\"290\" height=\"100\" \/>\n<img decoding=\"async\" class=\"alignleft size-full wp-image-2002\" alt=\"tersa_290\" src=\"http:\/\/www.kadur.com\/wp-content\/uploads\/2013\/03\/tersa_290.jpg\" width=\"290\" height=\"100\" \/>\n<img decoding=\"async\" class=\"alignleft size-full wp-image-2005\" alt=\"centrolock_290\" src=\"http:\/\/www.kadur.com\/wp-content\/uploads\/2013\/03\/centrolock_290.jpg\" width=\"290\" height=\"100\" \/>\n<img decoding=\"async\" class=\"alignleft size-full wp-image-2001\" alt=\"terminus_290\" src=\"http:\/\/www.kadur.com\/wp-content\/uploads\/2013\/03\/terminus_290.jpg\" width=\"290\" height=\"100\" \/>\n<img decoding=\"async\" class=\"alignleft size-full wp-image-2003\" alt=\"vivax_290\" src=\"http:\/\/www.kadur.com\/wp-content\/uploads\/2013\/03\/vivax_290.jpg\" width=\"290\" height=\"100\" \/>\n<\/div><\/div><\/div><br \/>\n<div class=\"columns\"><div class=\"clear\"><div class=\"col1-2\">\n<img decoding=\"async\" class=\"alignleft size-full wp-image-2000\" style=\"margin-bottom: 5px;\" alt=\"madera_290\" src=\"http:\/\/www.kadur.com\/wp-content\/uploads\/2013\/03\/madera_290.jpg\" width=\"290\" height=\"300\" \/>\n<\/div><div class=\"col1-2\">\nUnsere umfangreiche Auswahl an Materialien, Legierungen und Modelle bietet eine L\u00f6sung f\u00fcr jeden Bereich der Holz-und Holz verarbeitenden Industrie und sorgt daf\u00fcr, dass die richtige Wahl f\u00fcr jede Anwendung immer verf\u00fcgbar ist:<\/p>\n<ul>\n<li><strong>TCT<\/strong>, Hartmetall Messer (gesintert Wolframcarbid).<\/li>\n<li><strong>Stellite<\/strong>, eine Legierung mit einem hohen Kobaltgehalt.<\/li>\n<li><strong>HSS 18% W<\/strong>, High-Speed-Stahl-Legierung mit 18% Wolfram.<\/li>\n<li><strong>HSS 6% W<\/strong>, High-Speed-Stahl-Legierung mit 6% Wolfram.<\/li>\n<li><strong>HLS 13% Cr<\/strong>, Stahllegierung mit Chrom.<\/li>\n<li><strong>ST1<\/strong>, High-Speed-Stahl mit Chrom-Nitrid beschichtet.<\/li>\n<\/ul>\n<p><\/div><\/div><\/div><\/p>\n","protected":false},"excerpt":{"rendered":"<p>Z\u00e4h, hohe Qualit\u00e4t, hohe Pr\u00e4zision schneiden Dies beschreibt KADUR die Messer f\u00fcr die Arbeit mit Holz.<\/p>\n","protected":false},"author":1,"featured_media":0,"parent":743,"menu_order":1,"comment_status":"closed","ping_status":"closed","template":"","meta":{"footnotes":""},"yoast_head":"<!-- This site is optimized with the Yoast SEO plugin v24.5 - https:\/\/yoast.com\/wordpress\/plugins\/seo\/ -->\n<title>Holz und Tischlerei - Kadur<\/title>\n<meta name=\"robots\" content=\"index, follow, max-snippet:-1, max-image-preview:large, max-video-preview:-1\" \/>\n<link rel=\"canonical\" href=\"https:\/\/www.kadur.com\/de\/messer\/holz\/\" \/>\n<meta property=\"og:locale\" content=\"de_DE\" \/>\n<meta property=\"og:type\" content=\"article\" \/>\n<meta property=\"og:title\" content=\"Holz und Tischlerei - Kadur\" \/>\n<meta property=\"og:description\" content=\"Z\u00e4h, hohe Qualit\u00e4t, hohe Pr\u00e4zision schneiden Dies beschreibt KADUR die Messer f\u00fcr die Arbeit mit Holz.\" \/>\n<meta property=\"og:url\" content=\"https:\/\/www.kadur.com\/de\/messer\/holz\/\" \/>\n<meta property=\"og:site_name\" content=\"Kadur\" \/>\n<meta property=\"article:modified_time\" content=\"2013-05-06T12:22:28+00:00\" \/>\n<meta property=\"og:image\" content=\"http:\/\/www.kadur.com\/wp-content\/uploads\/2013\/02\/logo_hq-300x120.png\" \/>\n<meta name=\"twitter:label1\" content=\"Gesch\u00e4tzte Lesezeit\" \/>\n\t<meta name=\"twitter:data1\" content=\"1\u00a0Minute\" \/>\n<script type=\"application\/ld+json\" class=\"yoast-schema-graph\">{\"@context\":\"https:\/\/schema.org\",\"@graph\":[{\"@type\":\"WebPage\",\"@id\":\"https:\/\/www.kadur.com\/de\/messer\/holz\/\",\"url\":\"https:\/\/www.kadur.com\/de\/messer\/holz\/\",\"name\":\"Holz und Tischlerei - Kadur\",\"isPartOf\":{\"@id\":\"https:\/\/www.kadur.com\/fr\/#website\"},\"primaryImageOfPage\":{\"@id\":\"https:\/\/www.kadur.com\/de\/messer\/holz\/#primaryimage\"},\"image\":{\"@id\":\"https:\/\/www.kadur.com\/de\/messer\/holz\/#primaryimage\"},\"thumbnailUrl\":\"http:\/\/www.kadur.com\/wp-content\/uploads\/2013\/02\/logo_hq-300x120.png\",\"datePublished\":\"2013-02-21T00:04:40+00:00\",\"dateModified\":\"2013-05-06T12:22:28+00:00\",\"breadcrumb\":{\"@id\":\"https:\/\/www.kadur.com\/de\/messer\/holz\/#breadcrumb\"},\"inLanguage\":\"de\",\"potentialAction\":[{\"@type\":\"ReadAction\",\"target\":[\"https:\/\/www.kadur.com\/de\/messer\/holz\/\"]}]},{\"@type\":\"ImageObject\",\"inLanguage\":\"de\",\"@id\":\"https:\/\/www.kadur.com\/de\/messer\/holz\/#primaryimage\",\"url\":\"http:\/\/www.kadur.com\/wp-content\/uploads\/2013\/02\/logo_hq-300x120.png\",\"contentUrl\":\"http:\/\/www.kadur.com\/wp-content\/uploads\/2013\/02\/logo_hq-300x120.png\"},{\"@type\":\"BreadcrumbList\",\"@id\":\"https:\/\/www.kadur.com\/de\/messer\/holz\/#breadcrumb\",\"itemListElement\":[{\"@type\":\"ListItem\",\"position\":1,\"name\":\"Home\",\"item\":\"https:\/\/www.kadur.com\/de\/\"},{\"@type\":\"ListItem\",\"position\":2,\"name\":\"Messer\",\"item\":\"https:\/\/www.kadur.com\/de\/messer\/\"},{\"@type\":\"ListItem\",\"position\":3,\"name\":\"Holz und Tischlerei\"}]},{\"@type\":\"WebSite\",\"@id\":\"https:\/\/www.kadur.com\/fr\/#website\",\"url\":\"https:\/\/www.kadur.com\/fr\/\",\"name\":\"Kadur\",\"description\":\"Industrielle Hochleistungs-Messer\",\"potentialAction\":[{\"@type\":\"SearchAction\",\"target\":{\"@type\":\"EntryPoint\",\"urlTemplate\":\"https:\/\/www.kadur.com\/fr\/?s={search_term_string}\"},\"query-input\":{\"@type\":\"PropertyValueSpecification\",\"valueRequired\":true,\"valueName\":\"search_term_string\"}}],\"inLanguage\":\"de\"}]}<\/script>\n<!-- \/ Yoast SEO plugin. -->","yoast_head_json":{"title":"Holz und Tischlerei - Kadur","robots":{"index":"index","follow":"follow","max-snippet":"max-snippet:-1","max-image-preview":"max-image-preview:large","max-video-preview":"max-video-preview:-1"},"canonical":"https:\/\/www.kadur.com\/de\/messer\/holz\/","og_locale":"de_DE","og_type":"article","og_title":"Holz und Tischlerei - Kadur","og_description":"Z\u00e4h, hohe Qualit\u00e4t, hohe Pr\u00e4zision schneiden Dies beschreibt KADUR die Messer f\u00fcr die Arbeit mit Holz.","og_url":"https:\/\/www.kadur.com\/de\/messer\/holz\/","og_site_name":"Kadur","article_modified_time":"2013-05-06T12:22:28+00:00","og_image":[{"url":"http:\/\/www.kadur.com\/wp-content\/uploads\/2013\/02\/logo_hq-300x120.png","type":"","width":"","height":""}],"twitter_misc":{"Gesch\u00e4tzte Lesezeit":"1\u00a0Minute"},"schema":{"@context":"https:\/\/schema.org","@graph":[{"@type":"WebPage","@id":"https:\/\/www.kadur.com\/de\/messer\/holz\/","url":"https:\/\/www.kadur.com\/de\/messer\/holz\/","name":"Holz und Tischlerei - Kadur","isPartOf":{"@id":"https:\/\/www.kadur.com\/fr\/#website"},"primaryImageOfPage":{"@id":"https:\/\/www.kadur.com\/de\/messer\/holz\/#primaryimage"},"image":{"@id":"https:\/\/www.kadur.com\/de\/messer\/holz\/#primaryimage"},"thumbnailUrl":"http:\/\/www.kadur.com\/wp-content\/uploads\/2013\/02\/logo_hq-300x120.png","datePublished":"2013-02-21T00:04:40+00:00","dateModified":"2013-05-06T12:22:28+00:00","breadcrumb":{"@id":"https:\/\/www.kadur.com\/de\/messer\/holz\/#breadcrumb"},"inLanguage":"de","potentialAction":[{"@type":"ReadAction","target":["https:\/\/www.kadur.com\/de\/messer\/holz\/"]}]},{"@type":"ImageObject","inLanguage":"de","@id":"https:\/\/www.kadur.com\/de\/messer\/holz\/#primaryimage","url":"http:\/\/www.kadur.com\/wp-content\/uploads\/2013\/02\/logo_hq-300x120.png","contentUrl":"http:\/\/www.kadur.com\/wp-content\/uploads\/2013\/02\/logo_hq-300x120.png"},{"@type":"BreadcrumbList","@id":"https:\/\/www.kadur.com\/de\/messer\/holz\/#breadcrumb","itemListElement":[{"@type":"ListItem","position":1,"name":"Home","item":"https:\/\/www.kadur.com\/de\/"},{"@type":"ListItem","position":2,"name":"Messer","item":"https:\/\/www.kadur.com\/de\/messer\/"},{"@type":"ListItem","position":3,"name":"Holz und Tischlerei"}]},{"@type":"WebSite","@id":"https:\/\/www.kadur.com\/fr\/#website","url":"https:\/\/www.kadur.com\/fr\/","name":"Kadur","description":"Industrielle Hochleistungs-Messer","potentialAction":[{"@type":"SearchAction","target":{"@type":"EntryPoint","urlTemplate":"https:\/\/www.kadur.com\/fr\/?s={search_term_string}"},"query-input":{"@type":"PropertyValueSpecification","valueRequired":true,"valueName":"search_term_string"}}],"inLanguage":"de"}]}},"_links":{"self":[{"href":"https:\/\/www.kadur.com\/de\/wp-json\/wp\/v2\/pages\/692"}],"collection":[{"href":"https:\/\/www.kadur.com\/de\/wp-json\/wp\/v2\/pages"}],"about":[{"href":"https:\/\/www.kadur.com\/de\/wp-json\/wp\/v2\/types\/page"}],"author":[{"embeddable":true,"href":"https:\/\/www.kadur.com\/de\/wp-json\/wp\/v2\/users\/1"}],"replies":[{"embeddable":true,"href":"https:\/\/www.kadur.com\/de\/wp-json\/wp\/v2\/comments?post=692"}],"version-history":[{"count":0,"href":"https:\/\/www.kadur.com\/de\/wp-json\/wp\/v2\/pages\/692\/revisions"}],"up":[{"embeddable":true,"href":"https:\/\/www.kadur.com\/de\/wp-json\/wp\/v2\/pages\/743"}],"wp:attachment":[{"href":"https:\/\/www.kadur.com\/de\/wp-json\/wp\/v2\/media?parent=692"}],"curies":[{"name":"wp","href":"https:\/\/api.w.org\/{rel}","templated":true}]}}