{"id":568,"date":"2013-01-26T13:52:32","date_gmt":"2013-01-26T13:52:32","guid":{"rendered":"http:\/\/www.kadur.com\/?page_id=568"},"modified":"2015-07-20T19:33:40","modified_gmt":"2015-07-20T17:33:40","slug":"papier","status":"publish","type":"page","link":"https:\/\/www.kadur.com\/de\/messer\/papier\/","title":{"rendered":"Druck und Papier"},"content":{"rendered":"<h1>Die beste Wahl!<\/h1>\n<h2>F\u00fcr mehr, bessere und schnellere Schnitte ist es nicht n\u00f6tig, Ihre Schneidemaschine zu ersetzen.<\/h2>\n<h3>Mit den Hochleistungsmessern gewinnen Sie an Wirtschaftlichkeit:<\/h3>\n<ul>\n<li>Durch verbesserte Schnittqualit\u00e4t.<\/li>\n<li>Durch Verl\u00e4ngerung des Zeitraums zwischen den Schliffen.<\/li>\n<li>Durch Verl\u00e4ngern der Standzeit des Messers.<\/li>\n<\/ul>\n<div class=\"columns\"><div class=\"clear\"><div class=\"col1-2\"><h2><span class=\"label\">1<\/span>DIE VORTEILE <span class=\"thin\"><\/span><\/h2>der neuen Techniken der Messerherstellung mit Werkstoffen der neusten Generation haben die herk\u00f6mmlichen Standardstahlmesser \u00fcberholt. Die Entwicklung in der Druckindustrie erfordert mehr Pr\u00e4zision und Schnelligkeit bei den Schneidevorg\u00e4ngen.<img decoding=\"async\" class=\"alignleft size-full wp-image-662\" style=\"margin-top: 5px; margin-bottom: 5px;\" src=\"http:\/\/www.kadur.com\/wp-content\/uploads\/2013\/02\/papel_240.jpg\" alt=\"papel_240\" width=\"290\" height=\"240\" \/><\/div><div class=\"col1-2\"><h2><span class=\"label\">2<\/span>SENKEN SIE DIE KOSTEN <span class=\"thin\"><\/span><\/h2>Durch optimale Wahl des Messers k\u00f6nnen Sie Kosten senken und die Wirtschaftlichkeit der Schneidevorg\u00e4nge steigern:<\/p>\n<ul>\n<li><strong>Durch Reduzieren<\/strong> der Kosten und der Anzahl der Schleifvorg\u00e4nge.<\/li>\n<li><strong>Durch Reduzieren<\/strong> des Verlusts an Schnittfl\u00e4che bei jedem Schliff.<\/li>\n<li><strong>Durch Reduzieren<\/strong> der Zeitverluste durch Messerwechsel zum Schliff.<\/li>\n<li><strong>Durch Reduzieren<\/strong> der Zeiten, in denen Sie die Schneidemaschine nicht benutzen k\u00f6nnen.<\/li>\n<li><strong>Durch Reduzieren<\/strong> der Einstellzeit der Messer.<\/li>\n<li><strong>Durch Reduzieren<\/strong> der Handhabungsrisiken der Messer (Arbeitsunf\u00e4lle und Fehler an den Messern und Vorrichtungen).<\/li>\n<li><strong>Durch Steigerung<\/strong> von Schnittqualit\u00e4t und gleichm\u00e4\u00dfigkeit.<\/li>\n<\/ul>\n<p><\/div><\/div><\/div>\n<h3><img decoding=\"async\" class=\"alignleft  wp-image-724\" style=\"margin-top: 10px; margin-bottom: 10px;\" src=\"http:\/\/www.kadur.com\/wp-content\/uploads\/2013\/02\/logo_hq-300x120.png\" alt=\"logo_hq\" width=\"180\" height=\"72\" srcset=\"https:\/\/www.kadur.com\/wp-content\/uploads\/2013\/02\/logo_hq-300x120.png 300w, https:\/\/www.kadur.com\/wp-content\/uploads\/2013\/02\/logo_hq.png 400w\" sizes=\"(max-width: 180px) 100vw, 180px\" \/>Maximale Leistung mit dem am besten geeigneten Messer<\/h3>\n<p>Vergleich der unterschiedlichen Messerqualit\u00e4ten hinsichtlich ihres Kaufwerts und der Zeitdauer zwischen Schliffen, ohne Ber\u00fccksichtigung s\u00e4mtlicher Zusatzkosten: Schliffe, Verringerung der Schnittfl\u00e4che, Maschinenstillstand, usw<br \/>\n<div class=\"rule_light\"><\/div><br \/>\n<div class=\"columns\"><div class=\"clear\"><div class=\"col1-3\"><h2><span class=\"label\">KADUR<\/span>MAXI <span class=\"thin\">500<\/span><\/h2><\/p>\n<h3>Messer aus Schnellarbeitsstahl (HSS)<\/h3>\n<p>Hochleistungsqualit\u00e4t. Legierter Stahl mit 18% de Wolfram\n<\/div><div class=\"col1-3\"><h2><span class=\"label\">KADUR<\/span>SUPREM <span class=\"thin\">500<\/span><\/h2><\/p>\n<h3>Messer aus Hartmetall<\/h3>\n<p>Gesintertes Hartmetall der neusten Generation mit 85% Wolframkarbid plus 15% Kobalt.\n<\/div><div class=\"col1-3\"><h2><span class=\"label\">KADUR<\/span>SUPREM <span class=\"thin\">1000<\/span><\/h2><\/p>\n<h3>Messer aus Hartmetall<\/h3>\n<p>Gesintertes Mikrokornmetall der neusten Generation mit 85% Wolframkarbid plus 15% Kobalt. Die H\u00e4rte wird nur von Diamant \u00fcbertroffen.\n<\/div><\/div><\/div><br \/>\n<div class=\"columns\"><div class=\"clear\"><div class=\"col1-3\">\nGesch\u00e4tzte Schnitte zwischen Schliffen<\/p>\n<h4>3 mal mehr als bei Standardstahl<\/h4>\n<p><\/div><div class=\"col1-3\">\nGesch\u00e4tzte Schnitte zwischen Schliffen<\/p>\n<h4>21 mal mehr als bei Standardstahl<\/h4>\n<p><\/div><div class=\"col1-3\">\nGesch\u00e4tzte Schnitte zwischen Schliffen<\/p>\n<h4>30 mal mehr als bei Standardstahl<\/h4>\n<p><\/div><\/div><\/div><br \/>\n<div class=\"columns\"><div class=\"clear\"><div class=\"col1-3\"><h2>1,33 + <span class=\"thin\">Kosten<\/span><\/h2>\n<img decoding=\"async\" class=\"alignleft  wp-image-726\" src=\"http:\/\/www.kadur.com\/wp-content\/uploads\/2013\/02\/coste_maxi_500.png\" alt=\"coste_maxi_500\" width=\"180\" height=\"91\" \/>\n<\/div><div class=\"col1-3\"><h2>2,66 + <span class=\"thin\">Kosten<\/span><\/h2>\n<img decoding=\"async\" class=\"alignleft  wp-image-727\" src=\"http:\/\/www.kadur.com\/wp-content\/uploads\/2013\/02\/coste_suprem_500.png\" alt=\"coste_suprem_500\" width=\"180\" height=\"91\" \/>\n<\/div><div class=\"col1-3\"><h2>3,33 + <span class=\"thin\">Kosten<\/span><\/h2>\n<img decoding=\"async\" class=\"alignleft  wp-image-725\" src=\"http:\/\/www.kadur.com\/wp-content\/uploads\/2013\/02\/coste_suprem_1000.png\" alt=\"coste_suprem_1000\" width=\"180\" height=\"91\" \/>\n<\/div><\/div><\/div><br \/>\n<div class=\"columns\"><div class=\"clear\"><div class=\"col1-3\"><h2>3 + <span class=\"thin\">Dauer<\/span><\/h2>\n<img decoding=\"async\" class=\"alignleft  wp-image-726\" src=\"http:\/\/www.kadur.com\/wp-content\/uploads\/2013\/02\/dura_maxi_500.png\" alt=\"dura_maxi_500\" width=\"180\" height=\"91\" \/>\n<\/div><div class=\"col1-3\"><h2>21 + <span class=\"thin\">Dauer<\/span><\/h2>\n<img decoding=\"async\" class=\"alignleft  wp-image-727\" src=\"http:\/\/www.kadur.com\/wp-content\/uploads\/2013\/02\/dura_suprem_500.png\" alt=\"dura_suprem_500\" width=\"180\" height=\"91\" \/>\n<\/div><div class=\"col1-3\"><h2>30 + <span class=\"thin\">Dauer<\/span><\/h2>\n<img decoding=\"async\" class=\"alignleft  wp-image-725\" src=\"http:\/\/www.kadur.com\/wp-content\/uploads\/2013\/02\/dura_suprem_1000.png\" alt=\"dura_suprem_1000\" width=\"180\" height=\"91\" \/>\n<\/div><\/div><\/div><div class=\"columns\"><div class=\"clear\"><div class=\"col1-3\"><\/p>\n<div align=\"center\">\n<div class=\"sello red\"><span class=\"inside\"><span style=\"font-size: 30pt; font-weight: bold;\">3<\/span><strong>mal rentabler<\/strong><\/span><\/div>\n<\/div>\n<p><\/div><div class=\"col1-3\"><\/p>\n<div align=\"center\">\n<div class=\"sello red\"><span class=\"inside\"><span style=\"font-size: 30pt; font-weight: bold; letter-spacing: -2px;\">7,9<\/span><strong>mal rentabler<\/strong><\/span><\/div>\n<\/div>\n<p><\/div><div class=\"col1-3\"><\/p>\n<div align=\"center\">\n<div class=\"sello red\"><span class=\"inside\"><span style=\"font-size: 30pt; font-weight: bold;\">9<\/span><strong>mal rentabler<\/strong><\/span><\/div>\n<\/div>\n<p><\/div><\/div><\/div><\/p>\n","protected":false},"excerpt":{"rendered":"<p>Die beste Wahl! F\u00fcr mehr, bessere und schnellere Schnitte ist es nicht n\u00f6tig, Ihre Schneidemaschine zu ersetzen. Mit den Hochleistungsmessern gewinnen Sie an Wirtschaftlichkeit: Durch verbesserte Schnittqualit\u00e4t. Durch Verl\u00e4ngerung des Zeitraums zwischen den Schliffen. Durch Verl\u00e4ngern der Standzeit des Messers. &hellip; <br \/><a href=\"https:\/\/www.kadur.com\/de\/messer\/papier\/\" class=\"more-link\">Lesen Sie weiter<\/a><\/p>\n","protected":false},"author":1,"featured_media":0,"parent":743,"menu_order":0,"comment_status":"closed","ping_status":"closed","template":"","meta":{"footnotes":""},"yoast_head":"<!-- This site is optimized with the Yoast SEO plugin v24.5 - https:\/\/yoast.com\/wordpress\/plugins\/seo\/ -->\n<title>Druck und Papier - Kadur<\/title>\n<meta name=\"robots\" content=\"index, follow, max-snippet:-1, max-image-preview:large, max-video-preview:-1\" \/>\n<link rel=\"canonical\" href=\"https:\/\/www.kadur.com\/de\/messer\/papier\/\" \/>\n<meta property=\"og:locale\" content=\"de_DE\" \/>\n<meta property=\"og:type\" content=\"article\" \/>\n<meta property=\"og:title\" content=\"Druck und Papier - Kadur\" \/>\n<meta property=\"og:description\" content=\"Die beste Wahl! F\u00fcr mehr, bessere und schnellere Schnitte ist es nicht n\u00f6tig, Ihre Schneidemaschine zu ersetzen. Mit den Hochleistungsmessern gewinnen Sie an Wirtschaftlichkeit: Durch verbesserte Schnittqualit\u00e4t. Durch Verl\u00e4ngerung des Zeitraums zwischen den Schliffen. Durch Verl\u00e4ngern der Standzeit des Messers. &hellip; Lesen Sie weiter\" \/>\n<meta property=\"og:url\" content=\"https:\/\/www.kadur.com\/de\/messer\/papier\/\" \/>\n<meta property=\"og:site_name\" content=\"Kadur\" \/>\n<meta property=\"article:modified_time\" content=\"2015-07-20T17:33:40+00:00\" \/>\n<meta property=\"og:image\" content=\"http:\/\/www.kadur.com\/wp-content\/uploads\/2013\/02\/papel_240.jpg\" \/>\n<meta name=\"twitter:label1\" content=\"Gesch\u00e4tzte Lesezeit\" \/>\n\t<meta name=\"twitter:data1\" content=\"2\u00a0Minuten\" \/>\n<script type=\"application\/ld+json\" class=\"yoast-schema-graph\">{\"@context\":\"https:\/\/schema.org\",\"@graph\":[{\"@type\":\"WebPage\",\"@id\":\"https:\/\/www.kadur.com\/de\/messer\/papier\/\",\"url\":\"https:\/\/www.kadur.com\/de\/messer\/papier\/\",\"name\":\"Druck und Papier - Kadur\",\"isPartOf\":{\"@id\":\"https:\/\/www.kadur.com\/fr\/#website\"},\"primaryImageOfPage\":{\"@id\":\"https:\/\/www.kadur.com\/de\/messer\/papier\/#primaryimage\"},\"image\":{\"@id\":\"https:\/\/www.kadur.com\/de\/messer\/papier\/#primaryimage\"},\"thumbnailUrl\":\"http:\/\/www.kadur.com\/wp-content\/uploads\/2013\/02\/papel_240.jpg\",\"datePublished\":\"2013-01-26T13:52:32+00:00\",\"dateModified\":\"2015-07-20T17:33:40+00:00\",\"breadcrumb\":{\"@id\":\"https:\/\/www.kadur.com\/de\/messer\/papier\/#breadcrumb\"},\"inLanguage\":\"de\",\"potentialAction\":[{\"@type\":\"ReadAction\",\"target\":[\"https:\/\/www.kadur.com\/de\/messer\/papier\/\"]}]},{\"@type\":\"ImageObject\",\"inLanguage\":\"de\",\"@id\":\"https:\/\/www.kadur.com\/de\/messer\/papier\/#primaryimage\",\"url\":\"http:\/\/www.kadur.com\/wp-content\/uploads\/2013\/02\/papel_240.jpg\",\"contentUrl\":\"http:\/\/www.kadur.com\/wp-content\/uploads\/2013\/02\/papel_240.jpg\"},{\"@type\":\"BreadcrumbList\",\"@id\":\"https:\/\/www.kadur.com\/de\/messer\/papier\/#breadcrumb\",\"itemListElement\":[{\"@type\":\"ListItem\",\"position\":1,\"name\":\"Home\",\"item\":\"https:\/\/www.kadur.com\/de\/\"},{\"@type\":\"ListItem\",\"position\":2,\"name\":\"Messer\",\"item\":\"https:\/\/www.kadur.com\/de\/messer\/\"},{\"@type\":\"ListItem\",\"position\":3,\"name\":\"Druck und Papier\"}]},{\"@type\":\"WebSite\",\"@id\":\"https:\/\/www.kadur.com\/fr\/#website\",\"url\":\"https:\/\/www.kadur.com\/fr\/\",\"name\":\"Kadur\",\"description\":\"Industrielle Hochleistungs-Messer\",\"potentialAction\":[{\"@type\":\"SearchAction\",\"target\":{\"@type\":\"EntryPoint\",\"urlTemplate\":\"https:\/\/www.kadur.com\/fr\/?s={search_term_string}\"},\"query-input\":{\"@type\":\"PropertyValueSpecification\",\"valueRequired\":true,\"valueName\":\"search_term_string\"}}],\"inLanguage\":\"de\"}]}<\/script>\n<!-- \/ Yoast SEO plugin. -->","yoast_head_json":{"title":"Druck und Papier - Kadur","robots":{"index":"index","follow":"follow","max-snippet":"max-snippet:-1","max-image-preview":"max-image-preview:large","max-video-preview":"max-video-preview:-1"},"canonical":"https:\/\/www.kadur.com\/de\/messer\/papier\/","og_locale":"de_DE","og_type":"article","og_title":"Druck und Papier - Kadur","og_description":"Die beste Wahl! F\u00fcr mehr, bessere und schnellere Schnitte ist es nicht n\u00f6tig, Ihre Schneidemaschine zu ersetzen. Mit den Hochleistungsmessern gewinnen Sie an Wirtschaftlichkeit: Durch verbesserte Schnittqualit\u00e4t. Durch Verl\u00e4ngerung des Zeitraums zwischen den Schliffen. Durch Verl\u00e4ngern der Standzeit des Messers. &hellip; Lesen Sie weiter","og_url":"https:\/\/www.kadur.com\/de\/messer\/papier\/","og_site_name":"Kadur","article_modified_time":"2015-07-20T17:33:40+00:00","og_image":[{"url":"http:\/\/www.kadur.com\/wp-content\/uploads\/2013\/02\/papel_240.jpg","type":"","width":"","height":""}],"twitter_misc":{"Gesch\u00e4tzte Lesezeit":"2\u00a0Minuten"},"schema":{"@context":"https:\/\/schema.org","@graph":[{"@type":"WebPage","@id":"https:\/\/www.kadur.com\/de\/messer\/papier\/","url":"https:\/\/www.kadur.com\/de\/messer\/papier\/","name":"Druck und Papier - Kadur","isPartOf":{"@id":"https:\/\/www.kadur.com\/fr\/#website"},"primaryImageOfPage":{"@id":"https:\/\/www.kadur.com\/de\/messer\/papier\/#primaryimage"},"image":{"@id":"https:\/\/www.kadur.com\/de\/messer\/papier\/#primaryimage"},"thumbnailUrl":"http:\/\/www.kadur.com\/wp-content\/uploads\/2013\/02\/papel_240.jpg","datePublished":"2013-01-26T13:52:32+00:00","dateModified":"2015-07-20T17:33:40+00:00","breadcrumb":{"@id":"https:\/\/www.kadur.com\/de\/messer\/papier\/#breadcrumb"},"inLanguage":"de","potentialAction":[{"@type":"ReadAction","target":["https:\/\/www.kadur.com\/de\/messer\/papier\/"]}]},{"@type":"ImageObject","inLanguage":"de","@id":"https:\/\/www.kadur.com\/de\/messer\/papier\/#primaryimage","url":"http:\/\/www.kadur.com\/wp-content\/uploads\/2013\/02\/papel_240.jpg","contentUrl":"http:\/\/www.kadur.com\/wp-content\/uploads\/2013\/02\/papel_240.jpg"},{"@type":"BreadcrumbList","@id":"https:\/\/www.kadur.com\/de\/messer\/papier\/#breadcrumb","itemListElement":[{"@type":"ListItem","position":1,"name":"Home","item":"https:\/\/www.kadur.com\/de\/"},{"@type":"ListItem","position":2,"name":"Messer","item":"https:\/\/www.kadur.com\/de\/messer\/"},{"@type":"ListItem","position":3,"name":"Druck und Papier"}]},{"@type":"WebSite","@id":"https:\/\/www.kadur.com\/fr\/#website","url":"https:\/\/www.kadur.com\/fr\/","name":"Kadur","description":"Industrielle Hochleistungs-Messer","potentialAction":[{"@type":"SearchAction","target":{"@type":"EntryPoint","urlTemplate":"https:\/\/www.kadur.com\/fr\/?s={search_term_string}"},"query-input":{"@type":"PropertyValueSpecification","valueRequired":true,"valueName":"search_term_string"}}],"inLanguage":"de"}]}},"_links":{"self":[{"href":"https:\/\/www.kadur.com\/de\/wp-json\/wp\/v2\/pages\/568"}],"collection":[{"href":"https:\/\/www.kadur.com\/de\/wp-json\/wp\/v2\/pages"}],"about":[{"href":"https:\/\/www.kadur.com\/de\/wp-json\/wp\/v2\/types\/page"}],"author":[{"embeddable":true,"href":"https:\/\/www.kadur.com\/de\/wp-json\/wp\/v2\/users\/1"}],"replies":[{"embeddable":true,"href":"https:\/\/www.kadur.com\/de\/wp-json\/wp\/v2\/comments?post=568"}],"version-history":[{"count":0,"href":"https:\/\/www.kadur.com\/de\/wp-json\/wp\/v2\/pages\/568\/revisions"}],"up":[{"embeddable":true,"href":"https:\/\/www.kadur.com\/de\/wp-json\/wp\/v2\/pages\/743"}],"wp:attachment":[{"href":"https:\/\/www.kadur.com\/de\/wp-json\/wp\/v2\/media?parent=568"}],"curies":[{"name":"wp","href":"https:\/\/api.w.org\/{rel}","templated":true}]}}