{"id":2668,"date":"2018-06-19T11:52:27","date_gmt":"2018-06-19T09:52:27","guid":{"rendered":"http:\/\/www.kadur.com\/politica-de-cookies\/"},"modified":"2021-02-19T15:03:40","modified_gmt":"2021-02-19T14:03:40","slug":"politica-de-cookies","status":"publish","type":"page","link":"https:\/\/www.kadur.com\/de\/politica-de-cookies\/","title":{"rendered":"Pol\u00edtica de Cookies"},"content":{"rendered":"<div id=\"clickdatos\">\n<p>Mediante la presente Pol\u00edtica de Cookies, detallamos el uso que hacemos de las cookies:<\/p>\n<p><strong>QU\u00c9 SON LAS COOKIES<\/strong><\/div>\n<div><\/div>\n<div>Las Cookies son archivos que el sitio web o la aplicaci\u00f3n que utiliza un usuario instala en su navegador o en su dispositivo durante el recorrido por las p\u00e1ginas o por la aplicaci\u00f3n, y sirven para almacenar informaci\u00f3n sobre la visita. Como la mayor\u00eda de los sitios en internet, los portales web deben:<\/p>\n<ul>\n<li aria-level=\"1\">Asegurar que las p\u00e1ginas web pueden funcionar correctamente.<\/li>\n<li aria-level=\"1\">Almacenar las preferencias, como el idioma seleccionado o el tama\u00f1o de letra.<\/li>\n<li aria-level=\"1\">Conocer la experiencia de navegaci\u00f3n.<\/li>\n<li aria-level=\"1\">Recopilar informaci\u00f3n estad\u00edstica an\u00f3nima, como las p\u00e1ginas que se han visitado o el tiempo que ha durado la conexi\u00f3n.<\/li>\n<\/ul>\n<p>El uso de Cookies nos permite optimizar la navegaci\u00f3n, adaptando la informaci\u00f3n y los servicios ofrecidos a los intereses del usuario, para proporcionar una mejor experiencia siempre que visite la p\u00e1gina.<\/p>\n<p>Las Cookies se asocian \u00fanicamente a un usuario an\u00f3nimo y su ordenador\/dispositivo y no proporcionan referencias que permitan conocer datos personales. En todo momento, el usuario podr\u00e1 acceder a la configuraci\u00f3n de su navegador para modificar y\/o bloquear la instalaci\u00f3n de las cookies enviadas por el sitio web\u00a0 <a href=\"http:\/\/www.kadur.com\">www.kadur.com<\/a>. Los usuarios que completen el proceso de registro o hayan iniciado sesi\u00f3n con sus datos de acceso podr\u00e1n acceder a servicios personalizados y adaptados a sus preferencias seg\u00fan la informaci\u00f3n personal suministrada en el momento del registro y la almacenada en la Cookie de su navegador.<\/p>\n<p>Google Analytics almacena cookies para poder elaborar estad\u00edsticas sobre el tr\u00e1fico y volumen de visitas de esta web. Al utilizar este sitio web est\u00e1 consintiendo el tratamiento de informaci\u00f3n acerca de usted por Google. Por tanto, el ejercicio de cualquier derecho en este sentido deber\u00e1 hacerlo comunicando directamente con Google. Las cookies de Google Analytics, se almacenan en servidores ubicados en Estados Unidos y se compromete a no compartirla con terceros, excepto en los casos en los que sea necesario para el funcionamiento del sistema o cuando la ley obligue a tal efecto. Seg\u00fan Google, no guarda su direcci\u00f3n IP.<\/p>\n<p>Google Inc. es una compa\u00f1\u00eda adherida a \u201cPrivacy Shiels\u201d (escudo de privacidad) que garantiza que todos los datos transferidos ser\u00e1n tratados con un nivel de protecci\u00f3n acorde a la normativa europea. Puede consultar informaci\u00f3n detallada a este respecto a trav\u00e9s del siguiente enlace:<\/p>\n<p><a href=\"https:\/\/support.google.com\/analytics\/answer\/6004245\">https:\/\/support.google.com\/analytics\/answer\/6004245<\/a>.<\/p>\n<p>Si lo desea puede utilizar el Complemento de inhabilitaci\u00f3n para navegadores de Google Analytics a trav\u00e9s de cuyas instrucciones pueden rechazarse las cookies anal\u00edticas de dicho servicio en todos los navegadores. Puede consultar m\u00e1s informaci\u00f3n al respecto en el siguiente enlace:<\/p>\n<p><a href=\"https:\/\/tools.google.com\/dlpage\/gaoptout\">https:\/\/tools.google.com\/dlpage\/gaoptout<\/a><\/p>\n<p><b>TIPOS DE COOKIES\u00a0<\/b><\/div>\n<div>\n<table>\n<tbody>\n<tr>\n<td rowspan=\"2\">\n<p>SEG\u00daN LA ENTIDAD QUE LAS GESTIONE<\/td>\n<td>\nCookies propias<\/td>\n<td>Son aquellas que se recaban por el propio editor para prestar el servicio solicitado por el usuario.<\/td>\n<\/tr>\n<tr>\n<td>\nCookies de tercero<\/td>\n<td>Son aquellas que son recabadas y gestionadas por un tercero, estas no se pueden considerar propias.<\/td>\n<\/tr>\n<tr>\n<td rowspan=\"2\">\n<p>SEG\u00daN EL PLAZO DE TIEMPO QUE PERMANEZCAN ACTIVADAS<\/td>\n<td>\nCookies de sesi\u00f3n<\/td>\n<td>Recaban datos mientras el usuario navega por la red con la finalidad de prestar el servicio solicitado.<\/td>\n<\/tr>\n<tr>\n<td>\nCookies persistentes<\/td>\n<td>Se almacenan en el terminal y la informaci\u00f3n obtenida, ser\u00e1 utilizada por el responsable de la cookie con la finalidad de prestar el servicio solicitado.<\/td>\n<\/tr>\n<tr>\n<td rowspan=\"5\">\n<p>SEG\u00daN SU FINALIDAD<\/td>\n<td>Cookies t\u00e9cnicas<\/td>\n<td>Son las necesarias para la correcta navegaci\u00f3n por la web.<\/td>\n<\/tr>\n<tr>\n<td>Cookies de personalizaci\u00f3n<\/td>\n<td>Permiten al usuario las caracter\u00edsticas (idioma) para la navegaci\u00f3n por la website<\/td>\n<\/tr>\n<tr>\n<td>\n<p>Cookies de an\u00e1lisis<\/td>\n<td>Permiten al prestador el an\u00e1lisis vinculado a la navegaci\u00f3n realizada por el usuario, con la finalidad de llevar un seguimiento de uso de la p\u00e1gina web, as\u00ed como realizar estad\u00edsticas de los contenidos m\u00e1s visitados, n\u00famero de visitantes, etc.<\/td>\n<\/tr>\n<tr>\n<td>\nCookies publicitarias<\/td>\n<td>Permiten al editor incluir en la web, espacios publicitarios, seg\u00fan el contenido de la propia web.<\/td>\n<\/tr>\n<tr>\n<td>\nCookies de publicidad comportamental<\/td>\n<td>Permiten al editor incluir en la p\u00e1gina web espacios publicitarios seg\u00fan la informaci\u00f3n obtenida a trav\u00e9s de los h\u00e1bitos de navegaci\u00f3n del usuario.<\/td>\n<\/tr>\n<\/tbody>\n<\/table>\n<p><b><\/b><\/div>\n<div><\/div>\n<div><b>C\u00d3MO CONFIGURAR Y DESHABILITAR LAS COOKIES<\/b><\/div>\n<div><\/div>\n<div>Al navegar y continuar en nuestro Sitio Web estar\u00e1 consintiendo el uso de las Cookies en las condiciones contenidas en la presente Pol\u00edtica de Cookies. Usted tiene acceso a esta Pol\u00edtica de Cookies en el momento del registro con el objetivo de estar informado y sin perjuicio de que \u00e9ste pueda ejercer su derecho a bloquear, eliminar y rechazar el uso de Cookies en todo momento.<\/div>\n<div>\n<p>Dado que las Cookies no son necesarias para el uso de este Sitio Web, se pueden bloquear o deshabilitar activando la configuraci\u00f3n del navegador, que permite rechazar la instalaci\u00f3n de todas las cookies o de algunas de ellas. La pr\u00e1ctica mayor\u00eda de los navegadores permiten advertir de la presencia de Cookies o rechazarlas autom\u00e1ticamente. Si se rechazan, se podr\u00e1 seguir usando el Sitio Web, aunque el uso de algunos de sus servicios podr\u00e1 ser limitado y por tanto la experiencia ser\u00e1 menos satisfactoria.<\/p>\n<p>A continuaci\u00f3n, se indican los links de los principales navegadores y dispositivos para que se pueda disponer de toda la informaci\u00f3n para consultar c\u00f3mo gestionar las cookies en cada navegador.<\/p>\n<p>Internet Explorer\u2122:<\/p>\n<p>Versi\u00f3n 7 y 8: <a href=\"http:\/\/windows.microsoft.com\/es-ES\/windows-vista\/Block-or-allow-cookies\">http:\/\/windows.microsoft.com\/es-ES\/windows-vista\/Block-or-allow-cookies<\/a><\/p>\n<p>Versi\u00f3n 9: <a href=\"http:\/\/windows.microsoft.com\/es-ES\/windows7\/How-to-manage-cookies-in-Internet-Explorer-9\">http:\/\/windows.microsoft.com\/es-ES\/windows7\/How-to-manage-cookies-in-Internet-Explorer-9<\/a><\/p>\n<p>Safari\u2122:<\/p>\n<p><a href=\"http:\/\/support.apple.com\/kb\/PH5042?viewlocale=es_ES\">http:\/\/support.apple.com\/kb\/PH5042?viewlocale=es_ES<\/a><\/p>\n<p><a href=\"http:\/\/support.apple.com\/kb\/HT1677?viewlocale=es_ES\">http:\/\/support.apple.com\/kb\/HT1677?viewlocale=es_ES<\/a><\/p>\n<p>Google\u2122<\/p>\n<p><a href=\"https:\/\/support.google.com\/chrome\/answer\/95647?hl=es&amp;hlrm=en\">https:\/\/support.google.com\/chrome\/answer\/95647?hl=es&amp;hlrm=en<\/a><\/p>\n<p>Firefox\u2122:<\/p>\n<p><a href=\"http:\/\/support.mozilla.org\/es\/kb\/cookies-informacion-que-los-sitios-web-guardan-en-?redirectlocale=en-US&amp;redirectslug=Cookies\">http:\/\/support.mozilla.org\/es\/kb\/cookies-informacion-que-los-sitios-web-guardan-en-?redirectlocale=en-US&amp;redirectslug=Cookies<\/a><\/p>\n<p>Opera\u2122 :<\/p>\n<p><a href=\"http:\/\/help.opera.com\/Windows\/11.50\/es-ES\/cookies.html\">http:\/\/help.opera.com\/Windows\/11.50\/es-ES\/cookies.html<\/a><\/p>\n<p>Android<\/p>\n<p><a href=\"http:\/\/support.google.com\/android\/?hl=es\">http:\/\/support.google.com\/android\/?hl=es<\/a><\/p>\n<\/div>\n","protected":false},"excerpt":{"rendered":"<p>Mediante la presente Pol\u00edtica de Cookies, detallamos el uso que hacemos de las cookies: QU\u00c9 SON LAS COOKIES Las Cookies son archivos que el sitio web o la aplicaci\u00f3n que utiliza un usuario instala en su navegador o en su &hellip; <br \/><a href=\"https:\/\/www.kadur.com\/de\/politica-de-cookies\/\" class=\"more-link\">Lesen Sie weiter<\/a><\/p>\n","protected":false},"author":1,"featured_media":0,"parent":0,"menu_order":0,"comment_status":"closed","ping_status":"closed","template":"","meta":{"footnotes":""},"yoast_head":"<!-- This site is optimized with the Yoast SEO plugin v24.5 - https:\/\/yoast.com\/wordpress\/plugins\/seo\/ -->\n<title>Pol\u00edtica de Cookies - Kadur<\/title>\n<meta name=\"robots\" content=\"index, follow, max-snippet:-1, max-image-preview:large, max-video-preview:-1\" \/>\n<link rel=\"canonical\" href=\"https:\/\/www.kadur.com\/de\/politica-de-cookies\/\" \/>\n<meta property=\"og:locale\" content=\"de_DE\" \/>\n<meta property=\"og:type\" content=\"article\" \/>\n<meta property=\"og:title\" content=\"Pol\u00edtica de Cookies - Kadur\" \/>\n<meta property=\"og:description\" content=\"Mediante la presente Pol\u00edtica de Cookies, detallamos el uso que hacemos de las cookies: QU\u00c9 SON LAS COOKIES Las Cookies son archivos que el sitio web o la aplicaci\u00f3n que utiliza un usuario instala en su navegador o en su &hellip; Lesen Sie weiter\" \/>\n<meta property=\"og:url\" content=\"https:\/\/www.kadur.com\/de\/politica-de-cookies\/\" \/>\n<meta property=\"og:site_name\" content=\"Kadur\" \/>\n<meta property=\"article:modified_time\" content=\"2021-02-19T14:03:40+00:00\" \/>\n<meta name=\"twitter:label1\" content=\"Gesch\u00e4tzte Lesezeit\" \/>\n\t<meta name=\"twitter:data1\" content=\"4\u00a0Minuten\" \/>\n<script type=\"application\/ld+json\" class=\"yoast-schema-graph\">{\"@context\":\"https:\/\/schema.org\",\"@graph\":[{\"@type\":\"WebPage\",\"@id\":\"https:\/\/www.kadur.com\/de\/politica-de-cookies\/\",\"url\":\"https:\/\/www.kadur.com\/de\/politica-de-cookies\/\",\"name\":\"Pol\u00edtica de Cookies - Kadur\",\"isPartOf\":{\"@id\":\"https:\/\/www.kadur.com\/fr\/#website\"},\"datePublished\":\"2018-06-19T09:52:27+00:00\",\"dateModified\":\"2021-02-19T14:03:40+00:00\",\"breadcrumb\":{\"@id\":\"https:\/\/www.kadur.com\/de\/politica-de-cookies\/#breadcrumb\"},\"inLanguage\":\"de\",\"potentialAction\":[{\"@type\":\"ReadAction\",\"target\":[\"https:\/\/www.kadur.com\/de\/politica-de-cookies\/\"]}]},{\"@type\":\"BreadcrumbList\",\"@id\":\"https:\/\/www.kadur.com\/de\/politica-de-cookies\/#breadcrumb\",\"itemListElement\":[{\"@type\":\"ListItem\",\"position\":1,\"name\":\"Home\",\"item\":\"https:\/\/www.kadur.com\/de\/\"},{\"@type\":\"ListItem\",\"position\":2,\"name\":\"Pol\u00edtica de Cookies\"}]},{\"@type\":\"WebSite\",\"@id\":\"https:\/\/www.kadur.com\/fr\/#website\",\"url\":\"https:\/\/www.kadur.com\/fr\/\",\"name\":\"Kadur\",\"description\":\"Industrielle Hochleistungs-Messer\",\"potentialAction\":[{\"@type\":\"SearchAction\",\"target\":{\"@type\":\"EntryPoint\",\"urlTemplate\":\"https:\/\/www.kadur.com\/fr\/?s={search_term_string}\"},\"query-input\":{\"@type\":\"PropertyValueSpecification\",\"valueRequired\":true,\"valueName\":\"search_term_string\"}}],\"inLanguage\":\"de\"}]}<\/script>\n<!-- \/ Yoast SEO plugin. -->","yoast_head_json":{"title":"Pol\u00edtica de Cookies - Kadur","robots":{"index":"index","follow":"follow","max-snippet":"max-snippet:-1","max-image-preview":"max-image-preview:large","max-video-preview":"max-video-preview:-1"},"canonical":"https:\/\/www.kadur.com\/de\/politica-de-cookies\/","og_locale":"de_DE","og_type":"article","og_title":"Pol\u00edtica de Cookies - Kadur","og_description":"Mediante la presente Pol\u00edtica de Cookies, detallamos el uso que hacemos de las cookies: QU\u00c9 SON LAS COOKIES Las Cookies son archivos que el sitio web o la aplicaci\u00f3n que utiliza un usuario instala en su navegador o en su &hellip; Lesen Sie weiter","og_url":"https:\/\/www.kadur.com\/de\/politica-de-cookies\/","og_site_name":"Kadur","article_modified_time":"2021-02-19T14:03:40+00:00","twitter_misc":{"Gesch\u00e4tzte Lesezeit":"4\u00a0Minuten"},"schema":{"@context":"https:\/\/schema.org","@graph":[{"@type":"WebPage","@id":"https:\/\/www.kadur.com\/de\/politica-de-cookies\/","url":"https:\/\/www.kadur.com\/de\/politica-de-cookies\/","name":"Pol\u00edtica de Cookies - Kadur","isPartOf":{"@id":"https:\/\/www.kadur.com\/fr\/#website"},"datePublished":"2018-06-19T09:52:27+00:00","dateModified":"2021-02-19T14:03:40+00:00","breadcrumb":{"@id":"https:\/\/www.kadur.com\/de\/politica-de-cookies\/#breadcrumb"},"inLanguage":"de","potentialAction":[{"@type":"ReadAction","target":["https:\/\/www.kadur.com\/de\/politica-de-cookies\/"]}]},{"@type":"BreadcrumbList","@id":"https:\/\/www.kadur.com\/de\/politica-de-cookies\/#breadcrumb","itemListElement":[{"@type":"ListItem","position":1,"name":"Home","item":"https:\/\/www.kadur.com\/de\/"},{"@type":"ListItem","position":2,"name":"Pol\u00edtica de Cookies"}]},{"@type":"WebSite","@id":"https:\/\/www.kadur.com\/fr\/#website","url":"https:\/\/www.kadur.com\/fr\/","name":"Kadur","description":"Industrielle Hochleistungs-Messer","potentialAction":[{"@type":"SearchAction","target":{"@type":"EntryPoint","urlTemplate":"https:\/\/www.kadur.com\/fr\/?s={search_term_string}"},"query-input":{"@type":"PropertyValueSpecification","valueRequired":true,"valueName":"search_term_string"}}],"inLanguage":"de"}]}},"_links":{"self":[{"href":"https:\/\/www.kadur.com\/de\/wp-json\/wp\/v2\/pages\/2668"}],"collection":[{"href":"https:\/\/www.kadur.com\/de\/wp-json\/wp\/v2\/pages"}],"about":[{"href":"https:\/\/www.kadur.com\/de\/wp-json\/wp\/v2\/types\/page"}],"author":[{"embeddable":true,"href":"https:\/\/www.kadur.com\/de\/wp-json\/wp\/v2\/users\/1"}],"replies":[{"embeddable":true,"href":"https:\/\/www.kadur.com\/de\/wp-json\/wp\/v2\/comments?post=2668"}],"version-history":[{"count":0,"href":"https:\/\/www.kadur.com\/de\/wp-json\/wp\/v2\/pages\/2668\/revisions"}],"wp:attachment":[{"href":"https:\/\/www.kadur.com\/de\/wp-json\/wp\/v2\/media?parent=2668"}],"curies":[{"name":"wp","href":"https:\/\/api.w.org\/{rel}","templated":true}]}}