{"id":1836,"date":"2013-03-11T15:41:25","date_gmt":"2013-03-11T14:41:25","guid":{"rendered":"http:\/\/www.kadur.com\/?page_id=1836"},"modified":"2013-03-12T03:15:05","modified_gmt":"2013-03-12T02:15:05","slug":"vivax","status":"publish","type":"page","link":"https:\/\/www.kadur.com\/de\/messer\/holz\/reversiblen-systeme\/vivax\/","title":{"rendered":"Vivax System"},"content":{"rendered":"<h1><img decoding=\"async\" class=\"alignright size-medium wp-image-1896\" alt=\"sist_vivax_de_a\" src=\"http:\/\/www.kadur.com\/wp-content\/uploads\/2013\/03\/sist_vivax_de_a-300x76.png\" width=\"300\" height=\"76\" srcset=\"https:\/\/www.kadur.com\/wp-content\/uploads\/2013\/03\/sist_vivax_de_a-300x76.png 300w, https:\/\/www.kadur.com\/wp-content\/uploads\/2013\/03\/sist_vivax_de_a.png 310w\" sizes=\"(max-width: 300px) 100vw, 300px\" \/>Vivax System<\/h1>\n<h2>Das Hartmetall ist ein legiertes Sintermaterial mit einem hohen Wolframanteil (Wolframkarbid)<\/h2>\n<h3>Die Hobelmesser mit vier Schneiden f\u00fcr Vivax Messerk\u00f6pfe sind umdrehbare Messer (zwei Schneiden an einem einzigen Messer), sie verk\u00fcrzen das Auswechseln der Messer und die Haltezeit der Maschine. Automatische Anpassung.<\/h3>\n<table>\n<thead>\n<tr>\n<th colspan=\"6\">VIVAX KADUR Hobel Messerkopf<\/th>\n<\/tr>\n<tr>\n<th>Stahl Kopf<\/th>\n<th>Hart Alu-Kopf<\/th>\n<th>D<\/th>\n<th>B<\/th>\n<th>d<\/th>\n<th>z<\/th>\n<\/tr>\n<\/thead>\n<tbody>\n<tr>\n<td>KV12084A2<\/td>\n<td>KV1208402<\/td>\n<td>125<\/td>\n<td>80<\/td>\n<td>40<\/td>\n<td>2<\/td>\n<\/tr>\n<tr>\n<td>KV12104A2<\/td>\n<td>KV1210402<\/td>\n<td>125<\/td>\n<td>100<\/td>\n<td>40<\/td>\n<td>2<\/td>\n<\/tr>\n<tr>\n<td>KV12134A2<\/td>\n<td>KV1213402<\/td>\n<td>125<\/td>\n<td>130<\/td>\n<td>40<\/td>\n<td>2<\/td>\n<\/tr>\n<tr>\n<td>KV12154A2<\/td>\n<td>KV1215402<\/td>\n<td>125<\/td>\n<td>150<\/td>\n<td>40<\/td>\n<td>2<\/td>\n<\/tr>\n<tr>\n<td>KV12184A2<\/td>\n<td>KV1218402<\/td>\n<td>125<\/td>\n<td>180<\/td>\n<td>40<\/td>\n<td>2<\/td>\n<\/tr>\n<tr>\n<td>KV12234A2<\/td>\n<td>KV1223402<\/td>\n<td>125<\/td>\n<td>230<\/td>\n<td>40<\/td>\n<td>2<\/td>\n<\/tr>\n<tr>\n<td colspan=\"6\" height=\"15\"><\/td>\n<\/tr>\n<tr>\n<td>KV12084A4<\/td>\n<td>KV1208404<\/td>\n<td>125<\/td>\n<td>80<\/td>\n<td>40<\/td>\n<td>4<\/td>\n<\/tr>\n<tr>\n<td>KV12104A4<\/td>\n<td>KV1210404<\/td>\n<td>125<\/td>\n<td>100<\/td>\n<td>40<\/td>\n<td>4<\/td>\n<\/tr>\n<tr>\n<td>KV12134A4<\/td>\n<td>KV1213404<\/td>\n<td>125<\/td>\n<td>130<\/td>\n<td>40<\/td>\n<td>4<\/td>\n<\/tr>\n<tr>\n<td>KV12154A4<\/td>\n<td>KV1215404<\/td>\n<td>125<\/td>\n<td>150<\/td>\n<td>40<\/td>\n<td>4<\/td>\n<\/tr>\n<tr>\n<td>KV12184A4<\/td>\n<td>KV1218404<\/td>\n<td>125<\/td>\n<td>180<\/td>\n<td>40<\/td>\n<td>4<\/td>\n<\/tr>\n<tr>\n<td>KV12234A4<\/td>\n<td>KV1223404<\/td>\n<td>125<\/td>\n<td>230<\/td>\n<td>40<\/td>\n<td>4<\/td>\n<\/tr>\n<tr>\n<td colspan=\"6\" height=\"15\"><\/td>\n<\/tr>\n<tr>\n<td>KV14135A4<\/td>\n<td>KV1413504<\/td>\n<td>140<\/td>\n<td>130<\/td>\n<td>50<\/td>\n<td>4<\/td>\n<\/tr>\n<tr>\n<td>KV14155A4<\/td>\n<td>KV1415504<\/td>\n<td>140<\/td>\n<td>150<\/td>\n<td>50<\/td>\n<td>4<\/td>\n<\/tr>\n<tr>\n<td>KV14185A4<\/td>\n<td>KV1418504<\/td>\n<td>140<\/td>\n<td>180<\/td>\n<td>50<\/td>\n<td>4<\/td>\n<\/tr>\n<tr>\n<td>KV14235A4<\/td>\n<td>KV1423504<\/td>\n<td>140<\/td>\n<td>230<\/td>\n<td>50<\/td>\n<td>4<\/td>\n<\/tr>\n<\/tbody>\n<\/table>\n<table>\n<thead>\n<tr>\n<th colspan=\"4\">Hobelmesser VIVAX KADUR<\/th>\n<\/tr>\n<tr>\n<th>L x B x S mm<\/th>\n<th>HSS 18% W<\/th>\n<th>ST2<\/th>\n<th>TCT<\/th>\n<\/tr>\n<\/thead>\n<tbody>\n<tr>\n<td>80 X 16 X 3<\/td>\n<td>KVC08HS1<\/td>\n<td>KVC08ST2<\/td>\n<td>KVC08TC<\/td>\n<\/tr>\n<tr>\n<td>100 X 16 X 3<\/td>\n<td>KVC10HS1<\/td>\n<td>KVC10ST2<\/td>\n<td>KVC10TC<\/td>\n<\/tr>\n<tr>\n<td>130 X 16 X 3<\/td>\n<td>KVC13HS1<\/td>\n<td>KVC13ST2<\/td>\n<td>KVC13TC<\/td>\n<\/tr>\n<tr>\n<td>150 X 16 X 3<\/td>\n<td>KVC15HS1<\/td>\n<td>KVC15ST2<\/td>\n<td>KVC15TC<\/td>\n<\/tr>\n<tr>\n<td>180 X 16 X 3<\/td>\n<td>KVC18HS1<\/td>\n<td>KVC18ST2<\/td>\n<td>KVC18TC<\/td>\n<\/tr>\n<tr>\n<td>230 X 16 X 3<\/td>\n<td>KVC23HS1<\/td>\n<td>KVC23ST2<\/td>\n<td>KVC23TC<\/td>\n<\/tr>\n<\/tbody>\n<\/table>\n","protected":false},"excerpt":{"rendered":"<p>Vivax System Das Hartmetall ist ein legiertes Sintermaterial mit einem hohen Wolframanteil (Wolframkarbid) Die Hobelmesser mit vier Schneiden f\u00fcr Vivax Messerk\u00f6pfe sind umdrehbare Messer (zwei Schneiden an einem einzigen Messer), sie verk\u00fcrzen das Auswechseln der Messer und die Haltezeit der &hellip; <br \/><a href=\"https:\/\/www.kadur.com\/de\/messer\/holz\/reversiblen-systeme\/vivax\/\" class=\"more-link\">Lesen Sie weiter<\/a><\/p>\n","protected":false},"author":1,"featured_media":0,"parent":1342,"menu_order":5,"comment_status":"closed","ping_status":"closed","template":"","meta":{"footnotes":""},"yoast_head":"<!-- This site is optimized with the Yoast SEO plugin v24.5 - https:\/\/yoast.com\/wordpress\/plugins\/seo\/ -->\n<title>Vivax System - Kadur<\/title>\n<meta name=\"robots\" content=\"index, follow, max-snippet:-1, max-image-preview:large, max-video-preview:-1\" \/>\n<link rel=\"canonical\" href=\"https:\/\/www.kadur.com\/de\/messer\/holz\/reversiblen-systeme\/vivax\/\" \/>\n<meta property=\"og:locale\" content=\"de_DE\" \/>\n<meta property=\"og:type\" content=\"article\" \/>\n<meta property=\"og:title\" content=\"Vivax System - Kadur\" \/>\n<meta property=\"og:description\" content=\"Vivax System Das Hartmetall ist ein legiertes Sintermaterial mit einem hohen Wolframanteil (Wolframkarbid) Die Hobelmesser mit vier Schneiden f\u00fcr Vivax Messerk\u00f6pfe sind umdrehbare Messer (zwei Schneiden an einem einzigen Messer), sie verk\u00fcrzen das Auswechseln der Messer und die Haltezeit der &hellip; Lesen Sie weiter\" \/>\n<meta property=\"og:url\" content=\"https:\/\/www.kadur.com\/de\/messer\/holz\/reversiblen-systeme\/vivax\/\" \/>\n<meta property=\"og:site_name\" content=\"Kadur\" \/>\n<meta property=\"article:modified_time\" content=\"2013-03-12T02:15:05+00:00\" \/>\n<meta property=\"og:image\" content=\"http:\/\/www.kadur.com\/wp-content\/uploads\/2013\/03\/sist_vivax_de_a-300x76.png\" \/>\n<meta name=\"twitter:label1\" content=\"Gesch\u00e4tzte Lesezeit\" \/>\n\t<meta name=\"twitter:data1\" content=\"1\u00a0Minute\" \/>\n<script type=\"application\/ld+json\" class=\"yoast-schema-graph\">{\"@context\":\"https:\/\/schema.org\",\"@graph\":[{\"@type\":\"WebPage\",\"@id\":\"https:\/\/www.kadur.com\/de\/messer\/holz\/reversiblen-systeme\/vivax\/\",\"url\":\"https:\/\/www.kadur.com\/de\/messer\/holz\/reversiblen-systeme\/vivax\/\",\"name\":\"Vivax System - Kadur\",\"isPartOf\":{\"@id\":\"https:\/\/www.kadur.com\/fr\/#website\"},\"primaryImageOfPage\":{\"@id\":\"https:\/\/www.kadur.com\/de\/messer\/holz\/reversiblen-systeme\/vivax\/#primaryimage\"},\"image\":{\"@id\":\"https:\/\/www.kadur.com\/de\/messer\/holz\/reversiblen-systeme\/vivax\/#primaryimage\"},\"thumbnailUrl\":\"http:\/\/www.kadur.com\/wp-content\/uploads\/2013\/03\/sist_vivax_de_a-300x76.png\",\"datePublished\":\"2013-03-11T14:41:25+00:00\",\"dateModified\":\"2013-03-12T02:15:05+00:00\",\"breadcrumb\":{\"@id\":\"https:\/\/www.kadur.com\/de\/messer\/holz\/reversiblen-systeme\/vivax\/#breadcrumb\"},\"inLanguage\":\"de\",\"potentialAction\":[{\"@type\":\"ReadAction\",\"target\":[\"https:\/\/www.kadur.com\/de\/messer\/holz\/reversiblen-systeme\/vivax\/\"]}]},{\"@type\":\"ImageObject\",\"inLanguage\":\"de\",\"@id\":\"https:\/\/www.kadur.com\/de\/messer\/holz\/reversiblen-systeme\/vivax\/#primaryimage\",\"url\":\"http:\/\/www.kadur.com\/wp-content\/uploads\/2013\/03\/sist_vivax_de_a-300x76.png\",\"contentUrl\":\"http:\/\/www.kadur.com\/wp-content\/uploads\/2013\/03\/sist_vivax_de_a-300x76.png\"},{\"@type\":\"BreadcrumbList\",\"@id\":\"https:\/\/www.kadur.com\/de\/messer\/holz\/reversiblen-systeme\/vivax\/#breadcrumb\",\"itemListElement\":[{\"@type\":\"ListItem\",\"position\":1,\"name\":\"Home\",\"item\":\"https:\/\/www.kadur.com\/de\/\"},{\"@type\":\"ListItem\",\"position\":2,\"name\":\"Messer\",\"item\":\"https:\/\/www.kadur.com\/de\/messer\/\"},{\"@type\":\"ListItem\",\"position\":3,\"name\":\"Holz und Tischlerei\",\"item\":\"https:\/\/www.kadur.com\/de\/messer\/holz\/\"},{\"@type\":\"ListItem\",\"position\":4,\"name\":\"Reversiblen Systeme\",\"item\":\"https:\/\/www.kadur.com\/de\/messer\/holz\/reversiblen-systeme\/\"},{\"@type\":\"ListItem\",\"position\":5,\"name\":\"Vivax System\"}]},{\"@type\":\"WebSite\",\"@id\":\"https:\/\/www.kadur.com\/fr\/#website\",\"url\":\"https:\/\/www.kadur.com\/fr\/\",\"name\":\"Kadur\",\"description\":\"Industrielle Hochleistungs-Messer\",\"potentialAction\":[{\"@type\":\"SearchAction\",\"target\":{\"@type\":\"EntryPoint\",\"urlTemplate\":\"https:\/\/www.kadur.com\/fr\/?s={search_term_string}\"},\"query-input\":{\"@type\":\"PropertyValueSpecification\",\"valueRequired\":true,\"valueName\":\"search_term_string\"}}],\"inLanguage\":\"de\"}]}<\/script>\n<!-- \/ Yoast SEO plugin. -->","yoast_head_json":{"title":"Vivax System - Kadur","robots":{"index":"index","follow":"follow","max-snippet":"max-snippet:-1","max-image-preview":"max-image-preview:large","max-video-preview":"max-video-preview:-1"},"canonical":"https:\/\/www.kadur.com\/de\/messer\/holz\/reversiblen-systeme\/vivax\/","og_locale":"de_DE","og_type":"article","og_title":"Vivax System - Kadur","og_description":"Vivax System Das Hartmetall ist ein legiertes Sintermaterial mit einem hohen Wolframanteil (Wolframkarbid) Die Hobelmesser mit vier Schneiden f\u00fcr Vivax Messerk\u00f6pfe sind umdrehbare Messer (zwei Schneiden an einem einzigen Messer), sie verk\u00fcrzen das Auswechseln der Messer und die Haltezeit der &hellip; Lesen Sie weiter","og_url":"https:\/\/www.kadur.com\/de\/messer\/holz\/reversiblen-systeme\/vivax\/","og_site_name":"Kadur","article_modified_time":"2013-03-12T02:15:05+00:00","og_image":[{"url":"http:\/\/www.kadur.com\/wp-content\/uploads\/2013\/03\/sist_vivax_de_a-300x76.png","type":"","width":"","height":""}],"twitter_misc":{"Gesch\u00e4tzte Lesezeit":"1\u00a0Minute"},"schema":{"@context":"https:\/\/schema.org","@graph":[{"@type":"WebPage","@id":"https:\/\/www.kadur.com\/de\/messer\/holz\/reversiblen-systeme\/vivax\/","url":"https:\/\/www.kadur.com\/de\/messer\/holz\/reversiblen-systeme\/vivax\/","name":"Vivax System - Kadur","isPartOf":{"@id":"https:\/\/www.kadur.com\/fr\/#website"},"primaryImageOfPage":{"@id":"https:\/\/www.kadur.com\/de\/messer\/holz\/reversiblen-systeme\/vivax\/#primaryimage"},"image":{"@id":"https:\/\/www.kadur.com\/de\/messer\/holz\/reversiblen-systeme\/vivax\/#primaryimage"},"thumbnailUrl":"http:\/\/www.kadur.com\/wp-content\/uploads\/2013\/03\/sist_vivax_de_a-300x76.png","datePublished":"2013-03-11T14:41:25+00:00","dateModified":"2013-03-12T02:15:05+00:00","breadcrumb":{"@id":"https:\/\/www.kadur.com\/de\/messer\/holz\/reversiblen-systeme\/vivax\/#breadcrumb"},"inLanguage":"de","potentialAction":[{"@type":"ReadAction","target":["https:\/\/www.kadur.com\/de\/messer\/holz\/reversiblen-systeme\/vivax\/"]}]},{"@type":"ImageObject","inLanguage":"de","@id":"https:\/\/www.kadur.com\/de\/messer\/holz\/reversiblen-systeme\/vivax\/#primaryimage","url":"http:\/\/www.kadur.com\/wp-content\/uploads\/2013\/03\/sist_vivax_de_a-300x76.png","contentUrl":"http:\/\/www.kadur.com\/wp-content\/uploads\/2013\/03\/sist_vivax_de_a-300x76.png"},{"@type":"BreadcrumbList","@id":"https:\/\/www.kadur.com\/de\/messer\/holz\/reversiblen-systeme\/vivax\/#breadcrumb","itemListElement":[{"@type":"ListItem","position":1,"name":"Home","item":"https:\/\/www.kadur.com\/de\/"},{"@type":"ListItem","position":2,"name":"Messer","item":"https:\/\/www.kadur.com\/de\/messer\/"},{"@type":"ListItem","position":3,"name":"Holz und Tischlerei","item":"https:\/\/www.kadur.com\/de\/messer\/holz\/"},{"@type":"ListItem","position":4,"name":"Reversiblen Systeme","item":"https:\/\/www.kadur.com\/de\/messer\/holz\/reversiblen-systeme\/"},{"@type":"ListItem","position":5,"name":"Vivax System"}]},{"@type":"WebSite","@id":"https:\/\/www.kadur.com\/fr\/#website","url":"https:\/\/www.kadur.com\/fr\/","name":"Kadur","description":"Industrielle Hochleistungs-Messer","potentialAction":[{"@type":"SearchAction","target":{"@type":"EntryPoint","urlTemplate":"https:\/\/www.kadur.com\/fr\/?s={search_term_string}"},"query-input":{"@type":"PropertyValueSpecification","valueRequired":true,"valueName":"search_term_string"}}],"inLanguage":"de"}]}},"_links":{"self":[{"href":"https:\/\/www.kadur.com\/de\/wp-json\/wp\/v2\/pages\/1836"}],"collection":[{"href":"https:\/\/www.kadur.com\/de\/wp-json\/wp\/v2\/pages"}],"about":[{"href":"https:\/\/www.kadur.com\/de\/wp-json\/wp\/v2\/types\/page"}],"author":[{"embeddable":true,"href":"https:\/\/www.kadur.com\/de\/wp-json\/wp\/v2\/users\/1"}],"replies":[{"embeddable":true,"href":"https:\/\/www.kadur.com\/de\/wp-json\/wp\/v2\/comments?post=1836"}],"version-history":[{"count":0,"href":"https:\/\/www.kadur.com\/de\/wp-json\/wp\/v2\/pages\/1836\/revisions"}],"up":[{"embeddable":true,"href":"https:\/\/www.kadur.com\/de\/wp-json\/wp\/v2\/pages\/1342"}],"wp:attachment":[{"href":"https:\/\/www.kadur.com\/de\/wp-json\/wp\/v2\/media?parent=1836"}],"curies":[{"name":"wp","href":"https:\/\/api.w.org\/{rel}","templated":true}]}}