{"id":1831,"date":"2013-03-11T15:37:44","date_gmt":"2013-03-11T14:37:44","guid":{"rendered":"http:\/\/www.kadur.com\/?page_id=1831"},"modified":"2013-03-12T01:38:28","modified_gmt":"2013-03-12T00:38:28","slug":"terminus","status":"publish","type":"page","link":"https:\/\/www.kadur.com\/de\/messer\/holz\/reversiblen-systeme\/terminus\/","title":{"rendered":"Terminus System"},"content":{"rendered":"<h1><img decoding=\"async\" src=\"http:\/\/www.kadur.com\/wp-content\/uploads\/2013\/03\/sist_terminus_de_a-300x76.png\" alt=\"sist_terminus_de_a\" width=\"300\" height=\"76\" class=\"alignright size-medium wp-image-1775\" srcset=\"https:\/\/www.kadur.com\/wp-content\/uploads\/2013\/03\/sist_terminus_de_a-300x76.png 300w, https:\/\/www.kadur.com\/wp-content\/uploads\/2013\/03\/sist_terminus_de_a.png 308w\" sizes=\"(max-width: 300px) 100vw, 300px\" \/>Terminus System<\/h1>\n<h2>Terminus Klingen sind aus Qualit\u00e4ten aus Hartmetall, HSS 18% W und ST2<\/h2>\n<h3>Die Hobelmesser f\u00fcr Messerk\u00f6pfe Typ Terminus, sind umdrehbare Messer (zwei Schneiden an einem einzigen Messer) verk\u00fcrzen das Auswechseln der Messer und die Haltezeit der Maschine. Automatische Anpassung. Sie werden an Leistenfr\u00e4smaschinen vom Typ Weining verwendet.<\/h3>\n<table>\n<thead>\n<tr>\n<th rowspan=\"2\">L x B x S mm<\/th>\n<th colspan=\"4\">Qualitat<\/th>\n<\/tr>\n<tr>\n<th>HSS 18% W<\/th>\n<th>ST2<\/th>\n<th>TCT<\/th>\n<\/tr>\n<\/thead>\n<tbody>\n<tr>\n<td>60 x 14 x 2,55<\/td>\n<td>KT0614HS1<\/td>\n<td>KT0614ST2<\/td>\n<td>KT0614TC<\/td>\n<\/tr>\n<tr>\n<td>80 x 14 x 2,55<\/td>\n<td>KT0814HS1<\/td>\n<td>KT0814ST2<\/td>\n<td>KT0814TC<\/td>\n<\/tr>\n<tr>\n<td colspan=\"4\" height=\"15\"><\/td>\n<\/tr>\n<tr>\n<td>100 x 14 x 2,55<\/td>\n<td>KT1014HS1<\/td>\n<td>KT1014ST2<\/td>\n<td>KT1014TC<\/td>\n<\/tr>\n<tr>\n<td>120 x 14 x 2,55<\/td>\n<td>KT1214HS1<\/td>\n<td>KT1214ST2<\/td>\n<td>KT1214TC<\/td>\n<\/tr>\n<tr>\n<td colspan=\"4\" height=\"15\"><\/td>\n<\/tr>\n<tr>\n<td>130 x 14 x 2,55<\/td>\n<td>KT1314H51<\/td>\n<td>KT1314ST2<\/td>\n<td>KT1314TC<\/td>\n<\/tr>\n<tr>\n<td>140 x 14 x 2,55<\/td>\n<td>KT1414HS1<\/td>\n<td>KT1414ST2<\/td>\n<td>KT1414TC<\/td>\n<\/tr>\n<tr>\n<td colspan=\"4\" height=\"15\"><\/td>\n<\/tr>\n<tr>\n<td>150 x 14 x 2,55<\/td>\n<td>KT1514HS1<\/td>\n<td>KT1514ST2<\/td>\n<td>KT1514TC<\/td>\n<\/tr>\n<tr>\n<td>160 x 14 x 2,55<\/td>\n<td>KT1614HS1<\/td>\n<td>KT1614ST2<\/td>\n<td>KT1614TC<\/td>\n<\/tr>\n<tr>\n<td colspan=\"4\" height=\"15\"><\/td>\n<\/tr>\n<tr>\n<td>170 x 14 x 2,55<\/td>\n<td>KT1714HS1<\/td>\n<td>KT1714ST2<\/td>\n<td>KT1714TC<\/td>\n<\/tr>\n<tr>\n<td>180 x 14 x 2,55<\/td>\n<td>KT1814HS1<\/td>\n<td>KT1814ST2<\/td>\n<td>KT1814TC<\/td>\n<\/tr>\n<tr>\n<td colspan=\"4\" height=\"15\"><\/td>\n<\/tr>\n<tr>\n<td>190 x 14 x 2,55<\/td>\n<td>KT1914HS1<\/td>\n<td>KT1914ST2<\/td>\n<td>KT1914TC<\/td>\n<\/tr>\n<tr>\n<td>200 x 14 x 2,55<\/td>\n<td>KT2014HS1<\/td>\n<td>KT2014ST2<\/td>\n<td>KT2014TC<\/td>\n<\/tr>\n<tr>\n<td colspan=\"4\" height=\"15\"><\/td>\n<\/tr>\n<tr>\n<td>210 x 14 x 2,55<\/td>\n<td>KT2114HS1<\/td>\n<td>KT2114ST2<\/td>\n<td>KT2114TC<\/td>\n<\/tr>\n<tr>\n<td>220 x 14 x 2,55<\/td>\n<td>KT2214HS1<\/td>\n<td>KT2214ST2<\/td>\n<td>KT2214TC<\/td>\n<\/tr>\n<tr>\n<td colspan=\"4\" height=\"15\"><\/td>\n<\/tr>\n<tr>\n<td>230 x 14 x 2,55<\/td>\n<td>KT2314HS1<\/td>\n<td>KT2314ST2<\/td>\n<td>KT2314TC<\/td>\n<\/tr>\n<tr>\n<td>240 x 14 x 2,55<\/td>\n<td>KT2414HS1<\/td>\n<td>KT2414ST2<\/td>\n<td>KT2414TC<\/td>\n<\/tr>\n<tr>\n<td colspan=\"4\" height=\"15\"><\/td>\n<\/tr>\n<tr>\n<td>250 x 14 x 2,55<\/td>\n<td>KT2514HS1<\/td>\n<td>KT2514ST2<\/td>\n<td>KT2514TC<\/td>\n<\/tr>\n<tr>\n<td>260 x 14 x 2,55<\/td>\n<td>KT2614HS1<\/td>\n<td>KT2614ST2<\/td>\n<td>KT2614TC<\/td>\n<\/tr>\n<tr>\n<td colspan=\"4\" height=\"15\"><\/td>\n<\/tr>\n<tr>\n<td>270 x 14 x 2,55<\/td>\n<td>KT2714HS1<\/td>\n<td>KT2714ST2<\/td>\n<td>KT2714TC<\/td>\n<\/tr>\n<tr>\n<td>280 X 14 x 2,55<\/td>\n<td>KT2814HS1<\/td>\n<td>KT2814ST2<\/td>\n<td>KT2814TC<\/td>\n<\/tr>\n<tr>\n<td colspan=\"4\" height=\"15\"><\/td>\n<\/tr>\n<tr>\n<td>300 x 14 x 2,55<\/td>\n<td>KT3014HS1<\/td>\n<td>KT3014ST2<\/td>\n<td>KT3014TC<\/td>\n<\/tr>\n<tr>\n<td>310 x 14 x 2,55<\/td>\n<td>KT3114HS1<\/td>\n<td>KT3114ST2<\/td>\n<td>KT3114TC<\/td>\n<\/tr>\n<tr>\n<td colspan=\"4\" height=\"15\"><\/td>\n<\/tr>\n<tr>\n<td>360 x 14 x 2,55<\/td>\n<td>KT3614HS1<\/td>\n<td>KT3614ST2<\/td>\n<td>KT3614TC<\/td>\n<\/tr>\n<tr>\n<td>410 x 14 x 2,55<\/td>\n<td>KT4114HS1<\/td>\n<td>KT4114ST2<\/td>\n<td>KT4114TC<\/td>\n<\/tr>\n<tr>\n<td colspan=\"4\" height=\"15\"><\/td>\n<\/tr>\n<tr>\n<td>420 x 14 x 2,55<\/td>\n<td>KT4214HS1<\/td>\n<td>KT4214ST2<\/td>\n<td>KT4214TC<\/td>\n<\/tr>\n<tr>\n<td>450 x 14 x 2,55<\/td>\n<td>KT4514HS1<\/td>\n<td>KT4514ST2<\/td>\n<td>KT4514TC<\/td>\n<\/tr>\n<tr>\n<td colspan=\"4\" height=\"15\"><\/td>\n<\/tr>\n<tr>\n<td>457 X 14 x 2,55<\/td>\n<td>KT4571HS1<\/td>\n<td>KT4571ST2<\/td>\n<td>KT4571TC<\/td>\n<\/tr>\n<tr>\n<td>500 x 14 x 2,55<\/td>\n<td>KT5014HS1<\/td>\n<td>KT5014ST2<\/td>\n<td>KT5014TC<\/td>\n<\/tr>\n<tr>\n<td colspan=\"4\" height=\"15\"><\/td>\n<\/tr>\n<tr>\n<td>510 x 14 x 2,55<\/td>\n<td>KT5114HS1<\/td>\n<td>KT5114ST2<\/td>\n<td>KT5114TC<\/td>\n<\/tr>\n<tr>\n<td>520 x 14 x 2,55<\/td>\n<td>KT5214HS1<\/td>\n<td>KT5214ST2<\/td>\n<td>KT5214TC<\/td>\n<\/tr>\n<tr>\n<td colspan=\"4\" height=\"15\"><\/td>\n<\/tr>\n<tr>\n<td>530 x 14 x 2,55<\/td>\n<td>KT5314HS1<\/td>\n<td>KT5314ST2<\/td>\n<td>KT5314TC<\/td>\n<\/tr>\n<tr>\n<td>600 x 14 x 2,55<\/td>\n<td>KT6014HS1<\/td>\n<td>KT6014ST2<\/td>\n<td>KT6014TC<\/td>\n<\/tr>\n<tr>\n<td colspan=\"4\" height=\"15\"><\/td>\n<\/tr>\n<tr>\n<td>610 x 14 x 2,55<\/td>\n<td>KT6114HS1<\/td>\n<td>KT6114ST2<\/td>\n<td>KT6114TC<\/td>\n<\/tr>\n<tr>\n<td>616 x 14 x 2,55<\/td>\n<td>KT6161HS1<\/td>\n<td>KT6161ST2<\/td>\n<td>KT6161TC<\/td>\n<\/tr>\n<tr>\n<td colspan=\"4\" height=\"15\"><\/td>\n<\/tr>\n<tr>\n<td>620 x 14 x 2,55<\/td>\n<td>KT6214HS1<\/td>\n<td>KT6214ST2<\/td>\n<td>KT6214TC<\/td>\n<\/tr>\n<tr>\n<td>630 x 14 x 2,55<\/td>\n<td>KT6314HS1<\/td>\n<td>KT6314ST2<\/td>\n<td>KT6314TC<\/td>\n<\/tr>\n<tr>\n<td colspan=\"4\" height=\"15\"><\/td>\n<\/tr>\n<tr>\n<td>635 x 14 x 2,55<\/td>\n<td>KT6351HS1<\/td>\n<td>KT6351ST2<\/td>\n<td>KT6351TC<\/td>\n<\/tr>\n<tr>\n<td>640 x 14 x 2,55<\/td>\n<td>KT6414HS1<\/td>\n<td>KT6414ST2<\/td>\n<td>KT6414TC<\/td>\n<\/tr>\n<tr>\n<td>660 x 14 x 2,55<\/td>\n<td>KT6614HS1<\/td>\n<td>KT6614ST2<\/td>\n<td>KT6614TC<\/td>\n<\/tr>\n<\/tbody>\n<\/table>\n","protected":false},"excerpt":{"rendered":"<p>Terminus System Terminus Klingen sind aus Qualit\u00e4ten aus Hartmetall, HSS 18% W und ST2 Die Hobelmesser f\u00fcr Messerk\u00f6pfe Typ Terminus, sind umdrehbare Messer (zwei Schneiden an einem einzigen Messer) verk\u00fcrzen das Auswechseln der Messer und die Haltezeit der Maschine. Automatische &hellip; <br \/><a href=\"https:\/\/www.kadur.com\/de\/messer\/holz\/reversiblen-systeme\/terminus\/\" class=\"more-link\">Lesen Sie weiter<\/a><\/p>\n","protected":false},"author":1,"featured_media":0,"parent":1342,"menu_order":4,"comment_status":"closed","ping_status":"closed","template":"","meta":{"footnotes":""},"yoast_head":"<!-- This site is optimized with the Yoast SEO plugin v24.5 - https:\/\/yoast.com\/wordpress\/plugins\/seo\/ -->\n<title>Terminus System - Kadur<\/title>\n<meta name=\"robots\" content=\"index, follow, max-snippet:-1, max-image-preview:large, max-video-preview:-1\" \/>\n<link rel=\"canonical\" href=\"https:\/\/www.kadur.com\/de\/messer\/holz\/reversiblen-systeme\/terminus\/\" \/>\n<meta property=\"og:locale\" content=\"de_DE\" \/>\n<meta property=\"og:type\" content=\"article\" \/>\n<meta property=\"og:title\" content=\"Terminus System - Kadur\" \/>\n<meta property=\"og:description\" content=\"Terminus System Terminus Klingen sind aus Qualit\u00e4ten aus Hartmetall, HSS 18% W und ST2 Die Hobelmesser f\u00fcr Messerk\u00f6pfe Typ Terminus, sind umdrehbare Messer (zwei Schneiden an einem einzigen Messer) verk\u00fcrzen das Auswechseln der Messer und die Haltezeit der Maschine. Automatische &hellip; Lesen Sie weiter\" \/>\n<meta property=\"og:url\" content=\"https:\/\/www.kadur.com\/de\/messer\/holz\/reversiblen-systeme\/terminus\/\" \/>\n<meta property=\"og:site_name\" content=\"Kadur\" \/>\n<meta property=\"article:modified_time\" content=\"2013-03-12T00:38:28+00:00\" \/>\n<meta property=\"og:image\" content=\"http:\/\/www.kadur.com\/wp-content\/uploads\/2013\/03\/sist_terminus_de_a-300x76.png\" \/>\n<meta name=\"twitter:label1\" content=\"Gesch\u00e4tzte Lesezeit\" \/>\n\t<meta name=\"twitter:data1\" content=\"2\u00a0Minuten\" \/>\n<script type=\"application\/ld+json\" class=\"yoast-schema-graph\">{\"@context\":\"https:\/\/schema.org\",\"@graph\":[{\"@type\":\"WebPage\",\"@id\":\"https:\/\/www.kadur.com\/de\/messer\/holz\/reversiblen-systeme\/terminus\/\",\"url\":\"https:\/\/www.kadur.com\/de\/messer\/holz\/reversiblen-systeme\/terminus\/\",\"name\":\"Terminus System - Kadur\",\"isPartOf\":{\"@id\":\"https:\/\/www.kadur.com\/fr\/#website\"},\"primaryImageOfPage\":{\"@id\":\"https:\/\/www.kadur.com\/de\/messer\/holz\/reversiblen-systeme\/terminus\/#primaryimage\"},\"image\":{\"@id\":\"https:\/\/www.kadur.com\/de\/messer\/holz\/reversiblen-systeme\/terminus\/#primaryimage\"},\"thumbnailUrl\":\"http:\/\/www.kadur.com\/wp-content\/uploads\/2013\/03\/sist_terminus_de_a-300x76.png\",\"datePublished\":\"2013-03-11T14:37:44+00:00\",\"dateModified\":\"2013-03-12T00:38:28+00:00\",\"breadcrumb\":{\"@id\":\"https:\/\/www.kadur.com\/de\/messer\/holz\/reversiblen-systeme\/terminus\/#breadcrumb\"},\"inLanguage\":\"de\",\"potentialAction\":[{\"@type\":\"ReadAction\",\"target\":[\"https:\/\/www.kadur.com\/de\/messer\/holz\/reversiblen-systeme\/terminus\/\"]}]},{\"@type\":\"ImageObject\",\"inLanguage\":\"de\",\"@id\":\"https:\/\/www.kadur.com\/de\/messer\/holz\/reversiblen-systeme\/terminus\/#primaryimage\",\"url\":\"http:\/\/www.kadur.com\/wp-content\/uploads\/2013\/03\/sist_terminus_de_a-300x76.png\",\"contentUrl\":\"http:\/\/www.kadur.com\/wp-content\/uploads\/2013\/03\/sist_terminus_de_a-300x76.png\"},{\"@type\":\"BreadcrumbList\",\"@id\":\"https:\/\/www.kadur.com\/de\/messer\/holz\/reversiblen-systeme\/terminus\/#breadcrumb\",\"itemListElement\":[{\"@type\":\"ListItem\",\"position\":1,\"name\":\"Home\",\"item\":\"https:\/\/www.kadur.com\/de\/\"},{\"@type\":\"ListItem\",\"position\":2,\"name\":\"Messer\",\"item\":\"https:\/\/www.kadur.com\/de\/messer\/\"},{\"@type\":\"ListItem\",\"position\":3,\"name\":\"Holz und Tischlerei\",\"item\":\"https:\/\/www.kadur.com\/de\/messer\/holz\/\"},{\"@type\":\"ListItem\",\"position\":4,\"name\":\"Reversiblen Systeme\",\"item\":\"https:\/\/www.kadur.com\/de\/messer\/holz\/reversiblen-systeme\/\"},{\"@type\":\"ListItem\",\"position\":5,\"name\":\"Terminus System\"}]},{\"@type\":\"WebSite\",\"@id\":\"https:\/\/www.kadur.com\/fr\/#website\",\"url\":\"https:\/\/www.kadur.com\/fr\/\",\"name\":\"Kadur\",\"description\":\"Industrielle Hochleistungs-Messer\",\"potentialAction\":[{\"@type\":\"SearchAction\",\"target\":{\"@type\":\"EntryPoint\",\"urlTemplate\":\"https:\/\/www.kadur.com\/fr\/?s={search_term_string}\"},\"query-input\":{\"@type\":\"PropertyValueSpecification\",\"valueRequired\":true,\"valueName\":\"search_term_string\"}}],\"inLanguage\":\"de\"}]}<\/script>\n<!-- \/ Yoast SEO plugin. -->","yoast_head_json":{"title":"Terminus System - Kadur","robots":{"index":"index","follow":"follow","max-snippet":"max-snippet:-1","max-image-preview":"max-image-preview:large","max-video-preview":"max-video-preview:-1"},"canonical":"https:\/\/www.kadur.com\/de\/messer\/holz\/reversiblen-systeme\/terminus\/","og_locale":"de_DE","og_type":"article","og_title":"Terminus System - Kadur","og_description":"Terminus System Terminus Klingen sind aus Qualit\u00e4ten aus Hartmetall, HSS 18% W und ST2 Die Hobelmesser f\u00fcr Messerk\u00f6pfe Typ Terminus, sind umdrehbare Messer (zwei Schneiden an einem einzigen Messer) verk\u00fcrzen das Auswechseln der Messer und die Haltezeit der Maschine. Automatische &hellip; Lesen Sie weiter","og_url":"https:\/\/www.kadur.com\/de\/messer\/holz\/reversiblen-systeme\/terminus\/","og_site_name":"Kadur","article_modified_time":"2013-03-12T00:38:28+00:00","og_image":[{"url":"http:\/\/www.kadur.com\/wp-content\/uploads\/2013\/03\/sist_terminus_de_a-300x76.png","type":"","width":"","height":""}],"twitter_misc":{"Gesch\u00e4tzte Lesezeit":"2\u00a0Minuten"},"schema":{"@context":"https:\/\/schema.org","@graph":[{"@type":"WebPage","@id":"https:\/\/www.kadur.com\/de\/messer\/holz\/reversiblen-systeme\/terminus\/","url":"https:\/\/www.kadur.com\/de\/messer\/holz\/reversiblen-systeme\/terminus\/","name":"Terminus System - Kadur","isPartOf":{"@id":"https:\/\/www.kadur.com\/fr\/#website"},"primaryImageOfPage":{"@id":"https:\/\/www.kadur.com\/de\/messer\/holz\/reversiblen-systeme\/terminus\/#primaryimage"},"image":{"@id":"https:\/\/www.kadur.com\/de\/messer\/holz\/reversiblen-systeme\/terminus\/#primaryimage"},"thumbnailUrl":"http:\/\/www.kadur.com\/wp-content\/uploads\/2013\/03\/sist_terminus_de_a-300x76.png","datePublished":"2013-03-11T14:37:44+00:00","dateModified":"2013-03-12T00:38:28+00:00","breadcrumb":{"@id":"https:\/\/www.kadur.com\/de\/messer\/holz\/reversiblen-systeme\/terminus\/#breadcrumb"},"inLanguage":"de","potentialAction":[{"@type":"ReadAction","target":["https:\/\/www.kadur.com\/de\/messer\/holz\/reversiblen-systeme\/terminus\/"]}]},{"@type":"ImageObject","inLanguage":"de","@id":"https:\/\/www.kadur.com\/de\/messer\/holz\/reversiblen-systeme\/terminus\/#primaryimage","url":"http:\/\/www.kadur.com\/wp-content\/uploads\/2013\/03\/sist_terminus_de_a-300x76.png","contentUrl":"http:\/\/www.kadur.com\/wp-content\/uploads\/2013\/03\/sist_terminus_de_a-300x76.png"},{"@type":"BreadcrumbList","@id":"https:\/\/www.kadur.com\/de\/messer\/holz\/reversiblen-systeme\/terminus\/#breadcrumb","itemListElement":[{"@type":"ListItem","position":1,"name":"Home","item":"https:\/\/www.kadur.com\/de\/"},{"@type":"ListItem","position":2,"name":"Messer","item":"https:\/\/www.kadur.com\/de\/messer\/"},{"@type":"ListItem","position":3,"name":"Holz und Tischlerei","item":"https:\/\/www.kadur.com\/de\/messer\/holz\/"},{"@type":"ListItem","position":4,"name":"Reversiblen Systeme","item":"https:\/\/www.kadur.com\/de\/messer\/holz\/reversiblen-systeme\/"},{"@type":"ListItem","position":5,"name":"Terminus System"}]},{"@type":"WebSite","@id":"https:\/\/www.kadur.com\/fr\/#website","url":"https:\/\/www.kadur.com\/fr\/","name":"Kadur","description":"Industrielle Hochleistungs-Messer","potentialAction":[{"@type":"SearchAction","target":{"@type":"EntryPoint","urlTemplate":"https:\/\/www.kadur.com\/fr\/?s={search_term_string}"},"query-input":{"@type":"PropertyValueSpecification","valueRequired":true,"valueName":"search_term_string"}}],"inLanguage":"de"}]}},"_links":{"self":[{"href":"https:\/\/www.kadur.com\/de\/wp-json\/wp\/v2\/pages\/1831"}],"collection":[{"href":"https:\/\/www.kadur.com\/de\/wp-json\/wp\/v2\/pages"}],"about":[{"href":"https:\/\/www.kadur.com\/de\/wp-json\/wp\/v2\/types\/page"}],"author":[{"embeddable":true,"href":"https:\/\/www.kadur.com\/de\/wp-json\/wp\/v2\/users\/1"}],"replies":[{"embeddable":true,"href":"https:\/\/www.kadur.com\/de\/wp-json\/wp\/v2\/comments?post=1831"}],"version-history":[{"count":0,"href":"https:\/\/www.kadur.com\/de\/wp-json\/wp\/v2\/pages\/1831\/revisions"}],"up":[{"embeddable":true,"href":"https:\/\/www.kadur.com\/de\/wp-json\/wp\/v2\/pages\/1342"}],"wp:attachment":[{"href":"https:\/\/www.kadur.com\/de\/wp-json\/wp\/v2\/media?parent=1831"}],"curies":[{"name":"wp","href":"https:\/\/api.w.org\/{rel}","templated":true}]}}