{"id":1801,"date":"2013-03-10T13:03:24","date_gmt":"2013-03-10T12:03:24","guid":{"rendered":"http:\/\/www.kadur.com\/?page_id=1801"},"modified":"2013-03-11T15:22:48","modified_gmt":"2013-03-11T14:22:48","slug":"kadur-fix","status":"publish","type":"page","link":"https:\/\/www.kadur.com\/de\/messer\/holz\/reversiblen-systeme\/kadur-fix\/","title":{"rendered":"Kadur Fix System"},"content":{"rendered":"<h1><img decoding=\"async\" src=\"http:\/\/www.kadur.com\/wp-content\/uploads\/2013\/03\/sist_kadurfix_de_a.png\" alt=\"sist_kadurfix_de_a\" width=\"127\" height=\"75\" class=\"alignright size-full wp-image-1774\" \/>Kadur Fix System<\/h1>\n<h2>Das Hartmetall ist ein legiertes Sintermaterial mit einem hohen Wolframanteil (Wolframkarbid).<\/h2>\n<h3>Die Kadur Fix Messer werden bei Dickenhobel- und bei Planfr\u00e4smaschinen eingesetzt . Sie erm\u00f6glichen die Verwendung von h\u00e4rteren und widerstandsf\u00e4higeren Karbiden letzter Generation zur Erreichung hoher Arbeitsleistungen, erleichtern die Profilierungen (und das Schleifen), wobei das Wolframkarbid und der Stahl separat geschliffen werden k\u00f6nnen.<\/h3>\n<div class=\"columns\"><div class=\"clear\"><div class=\"col1-2\"><\/p>\n<table>\n<thead>\n<tr>\n<th colspan=\"3\">Komplett-Set<\/th>\n<\/tr>\n<tr>\n<th rowspan=\"2\">L x B x S mm<\/th>\n<th colspan=\"2\">Qualitat<\/th>\n<\/tr>\n<tr>\n<th>MG6<\/th>\n<th>MG8<\/th>\n<\/tr>\n<\/thead>\n<tbody>\n<tr>\n<td>40 x 40 x 10<\/td>\n<td>KF0440MG6<\/td>\n<td>KF0440MG8<\/td>\n<\/tr>\n<tr>\n<td>40 x 50 x 10<\/td>\n<td>KF0450MG6<\/td>\n<td>KF0450MG8<\/td>\n<\/tr>\n<tr>\n<td>40 x 60 x 10<\/td>\n<td>KF0460MG6<\/td>\n<td>KF0460MG8<\/td>\n<\/tr>\n<tr>\n<td colspan=\"3\" height=\"15\"><\/td>\n<\/tr>\n<tr>\n<td>60 x 40 x 10<\/td>\n<td>KF0640MG6<\/td>\n<td>KF0640MG8<\/td>\n<\/tr>\n<tr>\n<td>60 x 50 x 10<\/td>\n<td>KF0650MG6<\/td>\n<td>KF0650MG8<\/td>\n<\/tr>\n<tr>\n<td>60 x 60 x 10<\/td>\n<td>KF0660MG6<\/td>\n<td>KF0660MG8<\/td>\n<\/tr>\n<tr>\n<td colspan=\"3\" height=\"15\"><\/td>\n<\/tr>\n<tr>\n<td>80 x 40 x 10<\/td>\n<td>KF0840MG6<\/td>\n<td>KF0840MG8<\/td>\n<\/tr>\n<tr>\n<td>80 x 50 x 10<\/td>\n<td>KF0850MG6<\/td>\n<td>KF0850MG8<\/td>\n<\/tr>\n<tr>\n<td>80 x 60 x 10<\/td>\n<td>KF0860MG6<\/td>\n<td>KF0860MG8<\/td>\n<\/tr>\n<tr>\n<td colspan=\"3\" height=\"15\"><\/td>\n<\/tr>\n<tr>\n<td>100 x 40 x 10<\/td>\n<td>KF1040MG6<\/td>\n<td>KF1040MG8<\/td>\n<\/tr>\n<tr>\n<td>100 x 50 x 10<\/td>\n<td>KF1050MG6<\/td>\n<td>KF1050MG8<\/td>\n<\/tr>\n<tr>\n<td>100 x 60 x 10<\/td>\n<td>KF1060MG6<\/td>\n<td>KF1060MG8<\/td>\n<\/tr>\n<tr>\n<td colspan=\"3\" height=\"15\"><\/td>\n<\/tr>\n<tr>\n<td>120 x 40 x 10<\/td>\n<td>KF1240MG6<\/td>\n<td>KF1240MG8<\/td>\n<\/tr>\n<tr>\n<td>120 x 50 x 10<\/td>\n<td>KF1250MG6<\/td>\n<td>KF1250MG8<\/td>\n<\/tr>\n<tr>\n<td>120 x 60 x 10<\/td>\n<td>KF1260MG6<\/td>\n<td>KF1260MG8<\/td>\n<\/tr>\n<tr>\n<td colspan=\"3\" height=\"15\"><\/td>\n<\/tr>\n<tr>\n<td>130 x 40 x 10<\/td>\n<td>KF1340MG6<\/td>\n<td>KF1340MG8<\/td>\n<\/tr>\n<tr>\n<td>130 x 50 x 10<\/td>\n<td>KF1350MG6<\/td>\n<td>KF1350MG8<\/td>\n<\/tr>\n<tr>\n<td>130 x 60 x 10<\/td>\n<td>KF1360MG6<\/td>\n<td>KF1360MG8<\/td>\n<\/tr>\n<tr>\n<td colspan=\"3\" height=\"15\"><\/td>\n<\/tr>\n<tr>\n<td>150 x 40 x 10<\/td>\n<td>KF1540MG6<\/td>\n<td>KF1540MG8<\/td>\n<\/tr>\n<tr>\n<td>150 x 50 x 10<\/td>\n<td>KF1550MG6<\/td>\n<td>KF1550MG8<\/td>\n<\/tr>\n<tr>\n<td>150 x 60 x 10<\/td>\n<td>KF1560MG6<\/td>\n<td>KF1560MG8<\/td>\n<\/tr>\n<tr>\n<td colspan=\"3\" height=\"15\"><\/td>\n<\/tr>\n<tr>\n<td>310 x 40 x 10<\/td>\n<td>KF3140MG6<\/td>\n<td>KF3140MG8<\/td>\n<\/tr>\n<tr>\n<td>310 x 50 x 10<\/td>\n<td>KF3150MG6<\/td>\n<td>KF3150MG8<\/td>\n<\/tr>\n<tr>\n<td>310 x 60 x 10<\/td>\n<td>KF3160MG6<\/td>\n<td>KF3160MG8<\/td>\n<\/tr>\n<\/tbody>\n<\/table>\n<p><\/div><div class=\"col1-2\"><\/p>\n<table>\n<thead>\n<tr>\n<th colspan=\"3\">Hartmetallplatte<\/th>\n<\/tr>\n<tr>\n<th rowspan=\"2\">L x B x s mm<\/th>\n<th colspan=\"2\">Qualitat<\/th>\n<\/tr>\n<tr>\n<th>MG6<\/th>\n<th>MG8<\/th>\n<\/tr>\n<\/thead>\n<tbody>\n<tr>\n<td>40 x 40 x 3<\/td>\n<td>TF0443MG6<\/td>\n<td>TF0443MG8<\/td>\n<\/tr>\n<tr>\n<td>40 x 50 x 3<\/td>\n<td>TF0453MG6<\/td>\n<td>TF0453MG8<\/td>\n<\/tr>\n<tr>\n<td>40 x 60 x 3<\/td>\n<td>TF0463MG6<\/td>\n<td>TF0463MG8<\/td>\n<\/tr>\n<tr>\n<td colspan=\"3\" height=\"15\"><\/td>\n<\/tr>\n<tr>\n<td>60 x 40 x 3<\/td>\n<td>TF0643MG6<\/td>\n<td>TF0643MG8<\/td>\n<\/tr>\n<tr>\n<td>60 x 50 x 3<\/td>\n<td>TF0653MG6<\/td>\n<td>TF0653MG8<\/td>\n<\/tr>\n<tr>\n<td>60 x 60 x 3<\/td>\n<td>TF0663MG6<\/td>\n<td>TF0663MG8<\/td>\n<\/tr>\n<tr>\n<td colspan=\"3\" height=\"15\"><\/td>\n<\/tr>\n<tr>\n<td>80 x 40 x 3<\/td>\n<td>TF0843MG6<\/td>\n<td>TF0843MG8<\/td>\n<\/tr>\n<tr>\n<td>80 x 50 x 3<\/td>\n<td>TF0853MG6<\/td>\n<td>TF0853MG8<\/td>\n<\/tr>\n<tr>\n<td>80 x 60 x 3<\/td>\n<td>TF0863MG6<\/td>\n<td>TF0863MG8<\/td>\n<\/tr>\n<tr>\n<td colspan=\"3\" height=\"15\"><\/td>\n<\/tr>\n<tr>\n<td>100 x 40 x 3<\/td>\n<td>TF1043MG6<\/td>\n<td>TF1043MG8<\/td>\n<\/tr>\n<tr>\n<td>100 x 50 x 3<\/td>\n<td>TF1053MG6<\/td>\n<td>TF1053MG8<\/td>\n<\/tr>\n<tr>\n<td>100 x 60 x 3<\/td>\n<td>TF1063MG6<\/td>\n<td>TF1063MG8<\/td>\n<\/tr>\n<tr>\n<td colspan=\"3\" height=\"15\"><\/td>\n<\/tr>\n<tr>\n<td>120 x 40 x 3<\/td>\n<td>TF1243MG6<\/td>\n<td>TF1243MG8<\/td>\n<\/tr>\n<tr>\n<td>120 x 50 x 3<\/td>\n<td>TF1253MG6<\/td>\n<td>TF1253MG8<\/td>\n<\/tr>\n<tr>\n<td>120 x 60 x 3<\/td>\n<td>TF1263MG6<\/td>\n<td>TF1263MG8<\/td>\n<\/tr>\n<tr>\n<td colspan=\"3\" height=\"15\"><\/td>\n<\/tr>\n<tr>\n<td>130 x 40 x 3<\/td>\n<td>TF1343MG6<\/td>\n<td>TF1343MG8<\/td>\n<\/tr>\n<tr>\n<td>130 x 50 x 3<\/td>\n<td>TF1353MG6<\/td>\n<td>TF1353MG8<\/td>\n<\/tr>\n<tr>\n<td>130 x 60 x 3<\/td>\n<td>TF1363MG6<\/td>\n<td>TF1363MG8<\/td>\n<\/tr>\n<tr>\n<td colspan=\"3\" height=\"15\"><\/td>\n<\/tr>\n<tr>\n<td>150 x 40 x 3<\/td>\n<td>TF1543MG6<\/td>\n<td>TF1543MG8<\/td>\n<\/tr>\n<tr>\n<td>150 x 50 x 3<\/td>\n<td>TF1553MG6<\/td>\n<td>TF1553MG8<\/td>\n<\/tr>\n<tr>\n<td>150 x 60 x 3<\/td>\n<td>TF1563MG6<\/td>\n<td>TF1563MG8<\/td>\n<\/tr>\n<tr>\n<td colspan=\"3\" height=\"15\"><\/td>\n<\/tr>\n<tr>\n<td>310 x 40 x 3<\/td>\n<td>TF3143MG6<\/td>\n<td>TF3143MG8<\/td>\n<\/tr>\n<tr>\n<td>310 x 50 x 3<\/td>\n<td>TF3153MG6<\/td>\n<td>TF3153MG8<\/td>\n<\/tr>\n<tr>\n<td>310 x 60 x 3<\/td>\n<td>TF3163MG6<\/td>\n<td>TF3163MG8<\/td>\n<\/tr>\n<\/tbody>\n<\/table>\n<p><\/div><\/div><\/div>\n","protected":false},"excerpt":{"rendered":"<p>Kadur Fix System Das Hartmetall ist ein legiertes Sintermaterial mit einem hohen Wolframanteil (Wolframkarbid). Die Kadur Fix Messer werden bei Dickenhobel- und bei Planfr\u00e4smaschinen eingesetzt . Sie erm\u00f6glichen die Verwendung von h\u00e4rteren und widerstandsf\u00e4higeren Karbiden letzter Generation zur Erreichung hoher &hellip; <br \/><a href=\"https:\/\/www.kadur.com\/de\/messer\/holz\/reversiblen-systeme\/kadur-fix\/\" class=\"more-link\">Lesen Sie weiter<\/a><\/p>\n","protected":false},"author":1,"featured_media":0,"parent":1342,"menu_order":0,"comment_status":"closed","ping_status":"closed","template":"","meta":{"footnotes":""},"yoast_head":"<!-- This site is optimized with the Yoast SEO plugin v24.5 - https:\/\/yoast.com\/wordpress\/plugins\/seo\/ -->\n<title>Kadur Fix System - Kadur<\/title>\n<meta name=\"robots\" content=\"index, follow, max-snippet:-1, max-image-preview:large, max-video-preview:-1\" \/>\n<link rel=\"canonical\" href=\"https:\/\/www.kadur.com\/de\/messer\/holz\/reversiblen-systeme\/kadur-fix\/\" \/>\n<meta property=\"og:locale\" content=\"de_DE\" \/>\n<meta property=\"og:type\" content=\"article\" \/>\n<meta property=\"og:title\" content=\"Kadur Fix System - Kadur\" \/>\n<meta property=\"og:description\" content=\"Kadur Fix System Das Hartmetall ist ein legiertes Sintermaterial mit einem hohen Wolframanteil (Wolframkarbid). Die Kadur Fix Messer werden bei Dickenhobel- und bei Planfr\u00e4smaschinen eingesetzt . Sie erm\u00f6glichen die Verwendung von h\u00e4rteren und widerstandsf\u00e4higeren Karbiden letzter Generation zur Erreichung hoher &hellip; Lesen Sie weiter\" \/>\n<meta property=\"og:url\" content=\"https:\/\/www.kadur.com\/de\/messer\/holz\/reversiblen-systeme\/kadur-fix\/\" \/>\n<meta property=\"og:site_name\" content=\"Kadur\" \/>\n<meta property=\"article:modified_time\" content=\"2013-03-11T14:22:48+00:00\" \/>\n<meta property=\"og:image\" content=\"http:\/\/www.kadur.com\/wp-content\/uploads\/2013\/03\/sist_kadurfix_de_a.png\" \/>\n<meta name=\"twitter:label1\" content=\"Gesch\u00e4tzte Lesezeit\" \/>\n\t<meta name=\"twitter:data1\" content=\"2\u00a0Minuten\" \/>\n<script type=\"application\/ld+json\" class=\"yoast-schema-graph\">{\"@context\":\"https:\/\/schema.org\",\"@graph\":[{\"@type\":\"WebPage\",\"@id\":\"https:\/\/www.kadur.com\/de\/messer\/holz\/reversiblen-systeme\/kadur-fix\/\",\"url\":\"https:\/\/www.kadur.com\/de\/messer\/holz\/reversiblen-systeme\/kadur-fix\/\",\"name\":\"Kadur Fix System - Kadur\",\"isPartOf\":{\"@id\":\"https:\/\/www.kadur.com\/fr\/#website\"},\"primaryImageOfPage\":{\"@id\":\"https:\/\/www.kadur.com\/de\/messer\/holz\/reversiblen-systeme\/kadur-fix\/#primaryimage\"},\"image\":{\"@id\":\"https:\/\/www.kadur.com\/de\/messer\/holz\/reversiblen-systeme\/kadur-fix\/#primaryimage\"},\"thumbnailUrl\":\"http:\/\/www.kadur.com\/wp-content\/uploads\/2013\/03\/sist_kadurfix_de_a.png\",\"datePublished\":\"2013-03-10T12:03:24+00:00\",\"dateModified\":\"2013-03-11T14:22:48+00:00\",\"breadcrumb\":{\"@id\":\"https:\/\/www.kadur.com\/de\/messer\/holz\/reversiblen-systeme\/kadur-fix\/#breadcrumb\"},\"inLanguage\":\"de\",\"potentialAction\":[{\"@type\":\"ReadAction\",\"target\":[\"https:\/\/www.kadur.com\/de\/messer\/holz\/reversiblen-systeme\/kadur-fix\/\"]}]},{\"@type\":\"ImageObject\",\"inLanguage\":\"de\",\"@id\":\"https:\/\/www.kadur.com\/de\/messer\/holz\/reversiblen-systeme\/kadur-fix\/#primaryimage\",\"url\":\"http:\/\/www.kadur.com\/wp-content\/uploads\/2013\/03\/sist_kadurfix_de_a.png\",\"contentUrl\":\"http:\/\/www.kadur.com\/wp-content\/uploads\/2013\/03\/sist_kadurfix_de_a.png\"},{\"@type\":\"BreadcrumbList\",\"@id\":\"https:\/\/www.kadur.com\/de\/messer\/holz\/reversiblen-systeme\/kadur-fix\/#breadcrumb\",\"itemListElement\":[{\"@type\":\"ListItem\",\"position\":1,\"name\":\"Home\",\"item\":\"https:\/\/www.kadur.com\/de\/\"},{\"@type\":\"ListItem\",\"position\":2,\"name\":\"Messer\",\"item\":\"https:\/\/www.kadur.com\/de\/messer\/\"},{\"@type\":\"ListItem\",\"position\":3,\"name\":\"Holz und Tischlerei\",\"item\":\"https:\/\/www.kadur.com\/de\/messer\/holz\/\"},{\"@type\":\"ListItem\",\"position\":4,\"name\":\"Reversiblen Systeme\",\"item\":\"https:\/\/www.kadur.com\/de\/messer\/holz\/reversiblen-systeme\/\"},{\"@type\":\"ListItem\",\"position\":5,\"name\":\"Kadur Fix System\"}]},{\"@type\":\"WebSite\",\"@id\":\"https:\/\/www.kadur.com\/fr\/#website\",\"url\":\"https:\/\/www.kadur.com\/fr\/\",\"name\":\"Kadur\",\"description\":\"Industrielle Hochleistungs-Messer\",\"potentialAction\":[{\"@type\":\"SearchAction\",\"target\":{\"@type\":\"EntryPoint\",\"urlTemplate\":\"https:\/\/www.kadur.com\/fr\/?s={search_term_string}\"},\"query-input\":{\"@type\":\"PropertyValueSpecification\",\"valueRequired\":true,\"valueName\":\"search_term_string\"}}],\"inLanguage\":\"de\"}]}<\/script>\n<!-- \/ Yoast SEO plugin. -->","yoast_head_json":{"title":"Kadur Fix System - Kadur","robots":{"index":"index","follow":"follow","max-snippet":"max-snippet:-1","max-image-preview":"max-image-preview:large","max-video-preview":"max-video-preview:-1"},"canonical":"https:\/\/www.kadur.com\/de\/messer\/holz\/reversiblen-systeme\/kadur-fix\/","og_locale":"de_DE","og_type":"article","og_title":"Kadur Fix System - Kadur","og_description":"Kadur Fix System Das Hartmetall ist ein legiertes Sintermaterial mit einem hohen Wolframanteil (Wolframkarbid). Die Kadur Fix Messer werden bei Dickenhobel- und bei Planfr\u00e4smaschinen eingesetzt . Sie erm\u00f6glichen die Verwendung von h\u00e4rteren und widerstandsf\u00e4higeren Karbiden letzter Generation zur Erreichung hoher &hellip; Lesen Sie weiter","og_url":"https:\/\/www.kadur.com\/de\/messer\/holz\/reversiblen-systeme\/kadur-fix\/","og_site_name":"Kadur","article_modified_time":"2013-03-11T14:22:48+00:00","og_image":[{"url":"http:\/\/www.kadur.com\/wp-content\/uploads\/2013\/03\/sist_kadurfix_de_a.png","type":"","width":"","height":""}],"twitter_misc":{"Gesch\u00e4tzte Lesezeit":"2\u00a0Minuten"},"schema":{"@context":"https:\/\/schema.org","@graph":[{"@type":"WebPage","@id":"https:\/\/www.kadur.com\/de\/messer\/holz\/reversiblen-systeme\/kadur-fix\/","url":"https:\/\/www.kadur.com\/de\/messer\/holz\/reversiblen-systeme\/kadur-fix\/","name":"Kadur Fix System - Kadur","isPartOf":{"@id":"https:\/\/www.kadur.com\/fr\/#website"},"primaryImageOfPage":{"@id":"https:\/\/www.kadur.com\/de\/messer\/holz\/reversiblen-systeme\/kadur-fix\/#primaryimage"},"image":{"@id":"https:\/\/www.kadur.com\/de\/messer\/holz\/reversiblen-systeme\/kadur-fix\/#primaryimage"},"thumbnailUrl":"http:\/\/www.kadur.com\/wp-content\/uploads\/2013\/03\/sist_kadurfix_de_a.png","datePublished":"2013-03-10T12:03:24+00:00","dateModified":"2013-03-11T14:22:48+00:00","breadcrumb":{"@id":"https:\/\/www.kadur.com\/de\/messer\/holz\/reversiblen-systeme\/kadur-fix\/#breadcrumb"},"inLanguage":"de","potentialAction":[{"@type":"ReadAction","target":["https:\/\/www.kadur.com\/de\/messer\/holz\/reversiblen-systeme\/kadur-fix\/"]}]},{"@type":"ImageObject","inLanguage":"de","@id":"https:\/\/www.kadur.com\/de\/messer\/holz\/reversiblen-systeme\/kadur-fix\/#primaryimage","url":"http:\/\/www.kadur.com\/wp-content\/uploads\/2013\/03\/sist_kadurfix_de_a.png","contentUrl":"http:\/\/www.kadur.com\/wp-content\/uploads\/2013\/03\/sist_kadurfix_de_a.png"},{"@type":"BreadcrumbList","@id":"https:\/\/www.kadur.com\/de\/messer\/holz\/reversiblen-systeme\/kadur-fix\/#breadcrumb","itemListElement":[{"@type":"ListItem","position":1,"name":"Home","item":"https:\/\/www.kadur.com\/de\/"},{"@type":"ListItem","position":2,"name":"Messer","item":"https:\/\/www.kadur.com\/de\/messer\/"},{"@type":"ListItem","position":3,"name":"Holz und Tischlerei","item":"https:\/\/www.kadur.com\/de\/messer\/holz\/"},{"@type":"ListItem","position":4,"name":"Reversiblen Systeme","item":"https:\/\/www.kadur.com\/de\/messer\/holz\/reversiblen-systeme\/"},{"@type":"ListItem","position":5,"name":"Kadur Fix System"}]},{"@type":"WebSite","@id":"https:\/\/www.kadur.com\/fr\/#website","url":"https:\/\/www.kadur.com\/fr\/","name":"Kadur","description":"Industrielle Hochleistungs-Messer","potentialAction":[{"@type":"SearchAction","target":{"@type":"EntryPoint","urlTemplate":"https:\/\/www.kadur.com\/fr\/?s={search_term_string}"},"query-input":{"@type":"PropertyValueSpecification","valueRequired":true,"valueName":"search_term_string"}}],"inLanguage":"de"}]}},"_links":{"self":[{"href":"https:\/\/www.kadur.com\/de\/wp-json\/wp\/v2\/pages\/1801"}],"collection":[{"href":"https:\/\/www.kadur.com\/de\/wp-json\/wp\/v2\/pages"}],"about":[{"href":"https:\/\/www.kadur.com\/de\/wp-json\/wp\/v2\/types\/page"}],"author":[{"embeddable":true,"href":"https:\/\/www.kadur.com\/de\/wp-json\/wp\/v2\/users\/1"}],"replies":[{"embeddable":true,"href":"https:\/\/www.kadur.com\/de\/wp-json\/wp\/v2\/comments?post=1801"}],"version-history":[{"count":0,"href":"https:\/\/www.kadur.com\/de\/wp-json\/wp\/v2\/pages\/1801\/revisions"}],"up":[{"embeddable":true,"href":"https:\/\/www.kadur.com\/de\/wp-json\/wp\/v2\/pages\/1342"}],"wp:attachment":[{"href":"https:\/\/www.kadur.com\/de\/wp-json\/wp\/v2\/media?parent=1801"}],"curies":[{"name":"wp","href":"https:\/\/api.w.org\/{rel}","templated":true}]}}