{"id":1371,"date":"2013-03-06T12:45:08","date_gmt":"2013-03-06T11:45:08","guid":{"rendered":"http:\/\/www.kadur.com\/?page_id=1371"},"modified":"2013-03-09T12:48:03","modified_gmt":"2013-03-09T11:48:03","slug":"tct","status":"publish","type":"page","link":"https:\/\/www.kadur.com\/de\/messer\/holz\/hobel\/tct\/","title":{"rendered":"TCT"},"content":{"rendered":"<h1><img decoding=\"async\" src=\"http:\/\/www.kadur.com\/wp-content\/uploads\/2013\/03\/cep_tct_stellite_de_a.png\" alt=\"cep_tct_stellite_de_a\" width=\"300\" height=\"79\" class=\"alignright size-full wp-image-1711\" \/>TCT<\/h1>\n<h2>Hard Metal (gesinterte Hartmetall)<\/h2>\n<h3>Sehr gut geeignet f\u00fcr die Bearbeitung von Holz-und Halbhartk\u00e4se (speziell Exoten), Pressholz, Hartpapier, Hartgewebe und alle Laminate.<\/h3>\n<h3>F\u00fcr Maschinen und Kehlmaschinen.<\/h3>\n<p><\/p>\n","protected":false},"excerpt":{"rendered":"<p>TCT Hard Metal (gesinterte Hartmetall) Sehr gut geeignet f\u00fcr die Bearbeitung von Holz-und Halbhartk\u00e4se (speziell Exoten), Pressholz, Hartpapier, Hartgewebe und alle Laminate. F\u00fcr Maschinen und Kehlmaschinen.<\/p>\n","protected":false},"author":1,"featured_media":0,"parent":1327,"menu_order":0,"comment_status":"closed","ping_status":"closed","template":"","meta":{"footnotes":""},"yoast_head":"<!-- This site is optimized with the Yoast SEO plugin v24.5 - https:\/\/yoast.com\/wordpress\/plugins\/seo\/ -->\n<title>TCT - Kadur<\/title>\n<meta name=\"robots\" content=\"index, follow, max-snippet:-1, max-image-preview:large, max-video-preview:-1\" \/>\n<link rel=\"canonical\" href=\"https:\/\/www.kadur.com\/de\/messer\/holz\/hobel\/tct\/\" \/>\n<meta property=\"og:locale\" content=\"de_DE\" \/>\n<meta property=\"og:type\" content=\"article\" \/>\n<meta property=\"og:title\" content=\"TCT - Kadur\" \/>\n<meta property=\"og:description\" content=\"TCT Hard Metal (gesinterte Hartmetall) Sehr gut geeignet f\u00fcr die Bearbeitung von Holz-und Halbhartk\u00e4se (speziell Exoten), Pressholz, Hartpapier, Hartgewebe und alle Laminate. F\u00fcr Maschinen und Kehlmaschinen.\" \/>\n<meta property=\"og:url\" content=\"https:\/\/www.kadur.com\/de\/messer\/holz\/hobel\/tct\/\" \/>\n<meta property=\"og:site_name\" content=\"Kadur\" \/>\n<meta property=\"article:modified_time\" content=\"2013-03-09T11:48:03+00:00\" \/>\n<meta property=\"og:image\" content=\"http:\/\/www.kadur.com\/wp-content\/uploads\/2013\/03\/cep_tct_stellite_de_a.png\" \/>\n<meta name=\"twitter:label1\" content=\"Gesch\u00e4tzte Lesezeit\" \/>\n\t<meta name=\"twitter:data1\" content=\"2\u00a0Minuten\" \/>\n<script type=\"application\/ld+json\" class=\"yoast-schema-graph\">{\"@context\":\"https:\/\/schema.org\",\"@graph\":[{\"@type\":\"WebPage\",\"@id\":\"https:\/\/www.kadur.com\/de\/messer\/holz\/hobel\/tct\/\",\"url\":\"https:\/\/www.kadur.com\/de\/messer\/holz\/hobel\/tct\/\",\"name\":\"TCT - Kadur\",\"isPartOf\":{\"@id\":\"https:\/\/www.kadur.com\/fr\/#website\"},\"primaryImageOfPage\":{\"@id\":\"https:\/\/www.kadur.com\/de\/messer\/holz\/hobel\/tct\/#primaryimage\"},\"image\":{\"@id\":\"https:\/\/www.kadur.com\/de\/messer\/holz\/hobel\/tct\/#primaryimage\"},\"thumbnailUrl\":\"http:\/\/www.kadur.com\/wp-content\/uploads\/2013\/03\/cep_tct_stellite_de_a.png\",\"datePublished\":\"2013-03-06T11:45:08+00:00\",\"dateModified\":\"2013-03-09T11:48:03+00:00\",\"breadcrumb\":{\"@id\":\"https:\/\/www.kadur.com\/de\/messer\/holz\/hobel\/tct\/#breadcrumb\"},\"inLanguage\":\"de\",\"potentialAction\":[{\"@type\":\"ReadAction\",\"target\":[\"https:\/\/www.kadur.com\/de\/messer\/holz\/hobel\/tct\/\"]}]},{\"@type\":\"ImageObject\",\"inLanguage\":\"de\",\"@id\":\"https:\/\/www.kadur.com\/de\/messer\/holz\/hobel\/tct\/#primaryimage\",\"url\":\"http:\/\/www.kadur.com\/wp-content\/uploads\/2013\/03\/cep_tct_stellite_de_a.png\",\"contentUrl\":\"http:\/\/www.kadur.com\/wp-content\/uploads\/2013\/03\/cep_tct_stellite_de_a.png\"},{\"@type\":\"BreadcrumbList\",\"@id\":\"https:\/\/www.kadur.com\/de\/messer\/holz\/hobel\/tct\/#breadcrumb\",\"itemListElement\":[{\"@type\":\"ListItem\",\"position\":1,\"name\":\"Home\",\"item\":\"https:\/\/www.kadur.com\/de\/\"},{\"@type\":\"ListItem\",\"position\":2,\"name\":\"Messer\",\"item\":\"https:\/\/www.kadur.com\/de\/messer\/\"},{\"@type\":\"ListItem\",\"position\":3,\"name\":\"Holz und Tischlerei\",\"item\":\"https:\/\/www.kadur.com\/de\/messer\/holz\/\"},{\"@type\":\"ListItem\",\"position\":4,\"name\":\"Hobel\",\"item\":\"https:\/\/www.kadur.com\/de\/messer\/holz\/hobel\/\"},{\"@type\":\"ListItem\",\"position\":5,\"name\":\"TCT\"}]},{\"@type\":\"WebSite\",\"@id\":\"https:\/\/www.kadur.com\/fr\/#website\",\"url\":\"https:\/\/www.kadur.com\/fr\/\",\"name\":\"Kadur\",\"description\":\"Industrielle Hochleistungs-Messer\",\"potentialAction\":[{\"@type\":\"SearchAction\",\"target\":{\"@type\":\"EntryPoint\",\"urlTemplate\":\"https:\/\/www.kadur.com\/fr\/?s={search_term_string}\"},\"query-input\":{\"@type\":\"PropertyValueSpecification\",\"valueRequired\":true,\"valueName\":\"search_term_string\"}}],\"inLanguage\":\"de\"}]}<\/script>\n<!-- \/ Yoast SEO plugin. -->","yoast_head_json":{"title":"TCT - Kadur","robots":{"index":"index","follow":"follow","max-snippet":"max-snippet:-1","max-image-preview":"max-image-preview:large","max-video-preview":"max-video-preview:-1"},"canonical":"https:\/\/www.kadur.com\/de\/messer\/holz\/hobel\/tct\/","og_locale":"de_DE","og_type":"article","og_title":"TCT - Kadur","og_description":"TCT Hard Metal (gesinterte Hartmetall) Sehr gut geeignet f\u00fcr die Bearbeitung von Holz-und Halbhartk\u00e4se (speziell Exoten), Pressholz, Hartpapier, Hartgewebe und alle Laminate. F\u00fcr Maschinen und Kehlmaschinen.","og_url":"https:\/\/www.kadur.com\/de\/messer\/holz\/hobel\/tct\/","og_site_name":"Kadur","article_modified_time":"2013-03-09T11:48:03+00:00","og_image":[{"url":"http:\/\/www.kadur.com\/wp-content\/uploads\/2013\/03\/cep_tct_stellite_de_a.png","type":"","width":"","height":""}],"twitter_misc":{"Gesch\u00e4tzte Lesezeit":"2\u00a0Minuten"},"schema":{"@context":"https:\/\/schema.org","@graph":[{"@type":"WebPage","@id":"https:\/\/www.kadur.com\/de\/messer\/holz\/hobel\/tct\/","url":"https:\/\/www.kadur.com\/de\/messer\/holz\/hobel\/tct\/","name":"TCT - Kadur","isPartOf":{"@id":"https:\/\/www.kadur.com\/fr\/#website"},"primaryImageOfPage":{"@id":"https:\/\/www.kadur.com\/de\/messer\/holz\/hobel\/tct\/#primaryimage"},"image":{"@id":"https:\/\/www.kadur.com\/de\/messer\/holz\/hobel\/tct\/#primaryimage"},"thumbnailUrl":"http:\/\/www.kadur.com\/wp-content\/uploads\/2013\/03\/cep_tct_stellite_de_a.png","datePublished":"2013-03-06T11:45:08+00:00","dateModified":"2013-03-09T11:48:03+00:00","breadcrumb":{"@id":"https:\/\/www.kadur.com\/de\/messer\/holz\/hobel\/tct\/#breadcrumb"},"inLanguage":"de","potentialAction":[{"@type":"ReadAction","target":["https:\/\/www.kadur.com\/de\/messer\/holz\/hobel\/tct\/"]}]},{"@type":"ImageObject","inLanguage":"de","@id":"https:\/\/www.kadur.com\/de\/messer\/holz\/hobel\/tct\/#primaryimage","url":"http:\/\/www.kadur.com\/wp-content\/uploads\/2013\/03\/cep_tct_stellite_de_a.png","contentUrl":"http:\/\/www.kadur.com\/wp-content\/uploads\/2013\/03\/cep_tct_stellite_de_a.png"},{"@type":"BreadcrumbList","@id":"https:\/\/www.kadur.com\/de\/messer\/holz\/hobel\/tct\/#breadcrumb","itemListElement":[{"@type":"ListItem","position":1,"name":"Home","item":"https:\/\/www.kadur.com\/de\/"},{"@type":"ListItem","position":2,"name":"Messer","item":"https:\/\/www.kadur.com\/de\/messer\/"},{"@type":"ListItem","position":3,"name":"Holz und Tischlerei","item":"https:\/\/www.kadur.com\/de\/messer\/holz\/"},{"@type":"ListItem","position":4,"name":"Hobel","item":"https:\/\/www.kadur.com\/de\/messer\/holz\/hobel\/"},{"@type":"ListItem","position":5,"name":"TCT"}]},{"@type":"WebSite","@id":"https:\/\/www.kadur.com\/fr\/#website","url":"https:\/\/www.kadur.com\/fr\/","name":"Kadur","description":"Industrielle Hochleistungs-Messer","potentialAction":[{"@type":"SearchAction","target":{"@type":"EntryPoint","urlTemplate":"https:\/\/www.kadur.com\/fr\/?s={search_term_string}"},"query-input":{"@type":"PropertyValueSpecification","valueRequired":true,"valueName":"search_term_string"}}],"inLanguage":"de"}]}},"_links":{"self":[{"href":"https:\/\/www.kadur.com\/de\/wp-json\/wp\/v2\/pages\/1371"}],"collection":[{"href":"https:\/\/www.kadur.com\/de\/wp-json\/wp\/v2\/pages"}],"about":[{"href":"https:\/\/www.kadur.com\/de\/wp-json\/wp\/v2\/types\/page"}],"author":[{"embeddable":true,"href":"https:\/\/www.kadur.com\/de\/wp-json\/wp\/v2\/users\/1"}],"replies":[{"embeddable":true,"href":"https:\/\/www.kadur.com\/de\/wp-json\/wp\/v2\/comments?post=1371"}],"version-history":[{"count":0,"href":"https:\/\/www.kadur.com\/de\/wp-json\/wp\/v2\/pages\/1371\/revisions"}],"up":[{"embeddable":true,"href":"https:\/\/www.kadur.com\/de\/wp-json\/wp\/v2\/pages\/1327"}],"wp:attachment":[{"href":"https:\/\/www.kadur.com\/de\/wp-json\/wp\/v2\/media?parent=1371"}],"curies":[{"name":"wp","href":"https:\/\/api.w.org\/{rel}","templated":true}]}}