{"id":1342,"date":"2013-03-01T02:23:18","date_gmt":"2013-03-01T01:23:18","guid":{"rendered":"http:\/\/www.kadur.com\/?page_id=1342"},"modified":"2013-05-07T00:12:00","modified_gmt":"2013-05-06T22:12:00","slug":"reversiblen-systeme","status":"publish","type":"page","link":"https:\/\/www.kadur.com\/de\/messer\/holz\/reversiblen-systeme\/","title":{"rendered":"Reversiblen Systeme"},"content":{"rendered":"<p><div class=\"columns\"><div class=\"clear\"><div class=\"col1-2\"><h2><span class=\"label\">KADUR FIX System<\/span> <span class=\"thin\"><\/span><\/h2>\n<img decoding=\"async\" class=\"alignnone size-full wp-image-1782\" alt=\"sist_kadurfix_de_b\" src=\"http:\/\/www.kadur.com\/wp-content\/uploads\/2013\/03\/sist_kadurfix_de_b.png\" width=\"76\" height=\"45\" \/><\/p>\n<h3>Das Carbid ein gesintertes Material mit einem hohen Gehalt Legierung Wolfram (Wolframcarbid).<\/h3>\n<p>Kadur-Fix Messer in Dickenhobeln Maschinen und Plan verwendet. Erm\u00f6glicht die Verwendung h\u00e4rter und widerstandsf\u00e4higer Carbide Generation, um hohe Ausbeuten an Arbeit zu erhalten, erleichtert profiliert (und scharf) k\u00f6nnen die Wolframcarbid und Stahl getrennt berichtigen.\n<\/div><div class=\"col1-2\"><h2><span class=\"label\">TERSA System<\/span> <span class=\"thin\"><\/span><\/h2>\n<img decoding=\"async\" class=\"alignnone size-full wp-image-1781\" alt=\"sist_tersa_de_b\" src=\"http:\/\/www.kadur.com\/wp-content\/uploads\/2013\/03\/sist_tersa_de_b.png\" width=\"186\" height=\"48\" \/><\/p>\n<h3>Die Messer sind Tersa Art Qualit\u00e4ten von Hartmetall, HSS 18% W, M42 und ST1 gemacht.<\/h3>\n<p>Messer Typ Tersa Hobelk\u00f6pfe sind Wendemesser (zwei Schnitte in einem einzigen Blade), stellen schnelle S\u00e4geblattwechsel, wodurch Stillstand. Automatische Einstellung.\n<\/div><\/div><\/div><br \/>\n<div class=\"columns\"><div class=\"clear\"><div class=\"col1-2\">\n<a title=\"download PDF\" href=\"http:\/\/www.kadur.com\/wp-content\/uploads\/2013\/05\/sist_kadurfix_de.pdf\" target=\"_blank\"><img decoding=\"async\" class=\"alignright\" alt=\"PDF\" src=\"http:\/\/www.kadur.com\/wp-content\/uploads\/2013\/01\/pdf.png\" width=\"32\" height=\"32\" \/><\/a><\/p>\n<table>\n<thead>\n<tr>\n<th colspan=\"2\">Ma\u00dfbereich<\/th>\n<\/tr>\n<tr>\n<th>L\u00e4nge<\/th>\n<td>40-310 mm<\/td>\n<\/tr>\n<tr>\n<th>Breite<\/th>\n<td>40-60 mm<\/td>\n<\/tr>\n<tr>\n<th>St\u00e4rke<\/th>\n<td>10+3 mm<\/td>\n<\/tr>\n<\/thead>\n<\/table>\n<div class=\"homesection section_C rule_light\"><a class=\"more\" title=\"Kadur Fix\" href=\"https:\/\/www.kadur.com\/cuchillas-industriales\/madera\/sistemas-reversibles\/kadur-fix\/\"><span class=\"mark\">&gt;<\/span><span>lesen Sie mehr<\/span><\/a><\/div>\n<p><\/div><div class=\"col1-2\">\n<a title=\"download PDF\" href=\"http:\/\/www.kadur.com\/wp-content\/uploads\/2013\/05\/sist_tersa_de.pdf\" target=\"_blank\"><img decoding=\"async\" class=\"alignright\" alt=\"PDF\" src=\"http:\/\/www.kadur.com\/wp-content\/uploads\/2013\/01\/pdf.png\" width=\"32\" height=\"32\" \/><\/a><\/p>\n<table>\n<thead>\n<tr>\n<th colspan=\"2\">Ma\u00dfbereich<\/th>\n<\/tr>\n<tr>\n<th>L\u00e4nge<\/th>\n<td>60-1200 mm<\/td>\n<\/tr>\n<tr>\n<th>Breite<\/th>\n<td>10 mm<\/td>\n<\/tr>\n<tr>\n<th>St\u00e4rke<\/th>\n<td>2,35 mm<\/td>\n<\/tr>\n<\/thead>\n<\/table>\n<div class=\"homesection section_C rule_light\"><a class=\"more\" title=\"Tersa\" href=\"https:\/\/www.kadur.com\/cuchillas-industriales\/madera\/sistemas-reversibles\/tersa\/\"><span class=\"mark\">&gt;<\/span><span>lesen Sie mehr<\/span><\/a><\/div>\n<p><\/div><\/div><\/div><\/p>\n<p><div class=\"columns\"><div class=\"clear\"><div class=\"col1-2\"><h2><span class=\"label\">CENTROLOCK System<\/span> <span class=\"thin\"><\/span><\/h2>\n<img decoding=\"async\" class=\"alignnone size-full wp-image-1788\" alt=\"sist_centrolock_de_b\" src=\"http:\/\/www.kadur.com\/wp-content\/uploads\/2013\/03\/sist_centrolock_de_b.png\" width=\"184\" height=\"48\" \/><\/p>\n<h3>Die Messer sind Centrolock Qualit\u00e4ten von Hartmetall, HSS 18% W und ST1 gemacht<\/h3>\n<p>Die Qualit\u00e4t von Hartmetall, HSS ST1 und 18% W angewandte Centrolock Hobelmesser (reversible, zwei Schnitte in einem einzigen Blade), stellen schnelle S\u00e4geblattwechsel, wodurch Stillstand. Automatische Einstellung. Moulders Maschinen sind in Weining Typs verwendet.\n<\/div><div class=\"col1-2\"><h2><span class=\"label\">TERMINUS System<\/span> <span class=\"thin\"><\/span><\/h2>\n<img decoding=\"async\" class=\"alignnone size-full wp-image-1779\" alt=\"sist_terminus_de_b\" src=\"http:\/\/www.kadur.com\/wp-content\/uploads\/2013\/03\/sist_terminus_de_b.png\" width=\"185\" height=\"48\" \/><\/p>\n<h3>Die Messer sind Terminus Qualit\u00e4ten von Hartmetall, HSS 18% W und ST1 gemacht<\/h3>\n<p>Terminus Typ Hobelmesser sind Wendemesser (zwei Schnitte in einem einzigen Blade), stellen schnelle S\u00e4geblattwechsel, wodurch Stillstand. Automatische Einstellung. Moulders Maschinen sind in Weining Typs verwendet.\n<\/div><\/div><\/div><br \/>\n<div class=\"columns\"><div class=\"clear\"><div class=\"col1-2\">\n<a title=\"download PDF\" href=\"http:\/\/www.kadur.com\/wp-content\/uploads\/2013\/05\/sist_centrolock_de.pdf\" target=\"_blank\"><img decoding=\"async\" class=\"alignright\" alt=\"PDF\" src=\"http:\/\/www.kadur.com\/wp-content\/uploads\/2013\/01\/pdf.png\" width=\"32\" height=\"32\" \/><\/a><\/p>\n<table>\n<thead>\n<tr>\n<th colspan=\"2\">Ma\u00dfbereich<\/th>\n<\/tr>\n<tr>\n<th>L\u00e4nge<\/th>\n<td>20-650 mm<\/td>\n<\/tr>\n<tr>\n<th>Breite<\/th>\n<td>16 mm<\/td>\n<\/tr>\n<tr>\n<th>St\u00e4rke<\/th>\n<td>3 mm<\/td>\n<\/tr>\n<\/thead>\n<\/table>\n<div class=\"homesection section_C rule_light\"><a class=\"more\" title=\"Centrolock\" href=\"https:\/\/www.kadur.com\/cuchillas-industriales\/madera\/sistemas-reversibles\/centrolock\/\"><span class=\"mark\">&gt;<\/span><span>lesen Sie mehr<\/span><\/a><\/div>\n<p><\/div><div class=\"col1-2\">\n<a title=\"download PDF\" href=\"http:\/\/www.kadur.com\/wp-content\/uploads\/2013\/05\/sist_terminus_de.pdf\" target=\"_blank\"><img decoding=\"async\" class=\"alignright\" alt=\"PDF\" src=\"http:\/\/www.kadur.com\/wp-content\/uploads\/2013\/01\/pdf.png\" width=\"32\" height=\"32\" \/><\/a><\/p>\n<table>\n<thead>\n<tr>\n<th colspan=\"2\">Ma\u00dfbereich<\/th>\n<\/tr>\n<tr>\n<th>L\u00e4nge<\/th>\n<td>60-660 mm<\/td>\n<\/tr>\n<tr>\n<th>Breite<\/th>\n<td>14 mm<\/td>\n<\/tr>\n<tr>\n<th>St\u00e4rke<\/th>\n<td>2,55 mm<\/td>\n<\/tr>\n<\/thead>\n<\/table>\n<div class=\"homesection section_C rule_light\"><a class=\"more\" title=\"Terminus\" href=\"https:\/\/www.kadur.com\/cuchillas-industriales\/madera\/sistemas-reversibles\/terminus\/\"><span class=\"mark\">&gt;<\/span><span>lesen Sie mehr<\/span><\/a><\/div>\n<p><\/div><\/div><\/div><\/p>\n<p><div class=\"columns\"><div class=\"clear\"><div class=\"col1-2\"><h2><span class=\"label\">VIVAX System<\/span> <span class=\"thin\"><\/span><\/h2>\n<img decoding=\"async\" class=\"alignnone size-full wp-image-1898\" alt=\"sist_vivax_de_b\" src=\"http:\/\/www.kadur.com\/wp-content\/uploads\/2013\/03\/sist_vivax_de_b.png\" width=\"186\" height=\"48\" \/><\/p>\n<h3>Vivax Messer sind von den Qualit\u00e4ten von Hartmetall, HSS 18% W und ST1<\/h3>\n<p>Hobelmesser mit vier Schneidkanten f\u00fcr Vivax K\u00f6pfen machen Klingenschnellwechsel, wodurch Stillstand. Automatische Einstellung.\n<\/div><div class=\"col1-2\"><\/p>\n<p><\/div><\/div><\/div><br \/>\n<div class=\"columns\"><div class=\"clear\"><div class=\"col1-2\">\n<a title=\"download PDF\" href=\"http:\/\/www.kadur.com\/wp-content\/uploads\/2013\/05\/sist_vivax_de.pdf\" target=\"_blank\"><img decoding=\"async\" class=\"alignright\" alt=\"PDF\" src=\"http:\/\/www.kadur.com\/wp-content\/uploads\/2013\/01\/pdf.png\" width=\"32\" height=\"32\" \/><\/a><\/p>\n<table>\n<thead>\n<tr>\n<th colspan=\"2\">Ma\u00dfbereich<\/th>\n<\/tr>\n<tr>\n<th>L\u00e4nge<\/th>\n<td>80-230 mm<\/td>\n<\/tr>\n<tr>\n<th>Breite<\/th>\n<td>16 mm<\/td>\n<\/tr>\n<tr>\n<th>St\u00e4rke<\/th>\n<td>3 mm<\/td>\n<\/tr>\n<\/thead>\n<\/table>\n<div class=\"homesection section_C rule_light\"><a class=\"more\" title=\"Vivax\" href=\"https:\/\/www.kadur.com\/cuchillas-industriales\/madera\/sistemas-reversibles\/vivax\/\"><span class=\"mark\">&gt;<\/span><span>lesen Sie mehr<\/span><\/a><\/div>\n<p><\/div><div class=\"col1-2\"><\/p>\n<p><\/div><\/div><\/div><\/p>\n","protected":false},"excerpt":{"rendered":"","protected":false},"author":1,"featured_media":0,"parent":692,"menu_order":2,"comment_status":"closed","ping_status":"closed","template":"","meta":{"footnotes":""},"yoast_head":"<!-- This site is optimized with the Yoast SEO plugin v24.5 - https:\/\/yoast.com\/wordpress\/plugins\/seo\/ -->\n<title>Reversiblen Systeme - Kadur<\/title>\n<meta name=\"robots\" content=\"index, follow, max-snippet:-1, max-image-preview:large, max-video-preview:-1\" \/>\n<link rel=\"canonical\" href=\"https:\/\/www.kadur.com\/de\/messer\/holz\/reversiblen-systeme\/\" \/>\n<meta property=\"og:locale\" content=\"de_DE\" \/>\n<meta property=\"og:type\" content=\"article\" \/>\n<meta property=\"og:title\" content=\"Reversiblen Systeme - Kadur\" \/>\n<meta property=\"og:url\" content=\"https:\/\/www.kadur.com\/de\/messer\/holz\/reversiblen-systeme\/\" \/>\n<meta property=\"og:site_name\" content=\"Kadur\" \/>\n<meta property=\"article:modified_time\" content=\"2013-05-06T22:12:00+00:00\" \/>\n<meta property=\"og:image\" content=\"http:\/\/www.kadur.com\/wp-content\/uploads\/2013\/03\/sist_kadurfix_de_b.png\" \/>\n<meta name=\"twitter:label1\" content=\"Gesch\u00e4tzte Lesezeit\" \/>\n\t<meta name=\"twitter:data1\" content=\"2\u00a0Minuten\" \/>\n<script type=\"application\/ld+json\" class=\"yoast-schema-graph\">{\"@context\":\"https:\/\/schema.org\",\"@graph\":[{\"@type\":\"WebPage\",\"@id\":\"https:\/\/www.kadur.com\/de\/messer\/holz\/reversiblen-systeme\/\",\"url\":\"https:\/\/www.kadur.com\/de\/messer\/holz\/reversiblen-systeme\/\",\"name\":\"Reversiblen Systeme - Kadur\",\"isPartOf\":{\"@id\":\"https:\/\/www.kadur.com\/fr\/#website\"},\"primaryImageOfPage\":{\"@id\":\"https:\/\/www.kadur.com\/de\/messer\/holz\/reversiblen-systeme\/#primaryimage\"},\"image\":{\"@id\":\"https:\/\/www.kadur.com\/de\/messer\/holz\/reversiblen-systeme\/#primaryimage\"},\"thumbnailUrl\":\"http:\/\/www.kadur.com\/wp-content\/uploads\/2013\/03\/sist_kadurfix_de_b.png\",\"datePublished\":\"2013-03-01T01:23:18+00:00\",\"dateModified\":\"2013-05-06T22:12:00+00:00\",\"breadcrumb\":{\"@id\":\"https:\/\/www.kadur.com\/de\/messer\/holz\/reversiblen-systeme\/#breadcrumb\"},\"inLanguage\":\"de\",\"potentialAction\":[{\"@type\":\"ReadAction\",\"target\":[\"https:\/\/www.kadur.com\/de\/messer\/holz\/reversiblen-systeme\/\"]}]},{\"@type\":\"ImageObject\",\"inLanguage\":\"de\",\"@id\":\"https:\/\/www.kadur.com\/de\/messer\/holz\/reversiblen-systeme\/#primaryimage\",\"url\":\"http:\/\/www.kadur.com\/wp-content\/uploads\/2013\/03\/sist_kadurfix_de_b.png\",\"contentUrl\":\"http:\/\/www.kadur.com\/wp-content\/uploads\/2013\/03\/sist_kadurfix_de_b.png\"},{\"@type\":\"BreadcrumbList\",\"@id\":\"https:\/\/www.kadur.com\/de\/messer\/holz\/reversiblen-systeme\/#breadcrumb\",\"itemListElement\":[{\"@type\":\"ListItem\",\"position\":1,\"name\":\"Home\",\"item\":\"https:\/\/www.kadur.com\/de\/\"},{\"@type\":\"ListItem\",\"position\":2,\"name\":\"Messer\",\"item\":\"https:\/\/www.kadur.com\/de\/messer\/\"},{\"@type\":\"ListItem\",\"position\":3,\"name\":\"Holz und Tischlerei\",\"item\":\"https:\/\/www.kadur.com\/de\/messer\/holz\/\"},{\"@type\":\"ListItem\",\"position\":4,\"name\":\"Reversiblen Systeme\"}]},{\"@type\":\"WebSite\",\"@id\":\"https:\/\/www.kadur.com\/fr\/#website\",\"url\":\"https:\/\/www.kadur.com\/fr\/\",\"name\":\"Kadur\",\"description\":\"Industrielle Hochleistungs-Messer\",\"potentialAction\":[{\"@type\":\"SearchAction\",\"target\":{\"@type\":\"EntryPoint\",\"urlTemplate\":\"https:\/\/www.kadur.com\/fr\/?s={search_term_string}\"},\"query-input\":{\"@type\":\"PropertyValueSpecification\",\"valueRequired\":true,\"valueName\":\"search_term_string\"}}],\"inLanguage\":\"de\"}]}<\/script>\n<!-- \/ Yoast SEO plugin. -->","yoast_head_json":{"title":"Reversiblen Systeme - Kadur","robots":{"index":"index","follow":"follow","max-snippet":"max-snippet:-1","max-image-preview":"max-image-preview:large","max-video-preview":"max-video-preview:-1"},"canonical":"https:\/\/www.kadur.com\/de\/messer\/holz\/reversiblen-systeme\/","og_locale":"de_DE","og_type":"article","og_title":"Reversiblen Systeme - Kadur","og_url":"https:\/\/www.kadur.com\/de\/messer\/holz\/reversiblen-systeme\/","og_site_name":"Kadur","article_modified_time":"2013-05-06T22:12:00+00:00","og_image":[{"url":"http:\/\/www.kadur.com\/wp-content\/uploads\/2013\/03\/sist_kadurfix_de_b.png","type":"","width":"","height":""}],"twitter_misc":{"Gesch\u00e4tzte Lesezeit":"2\u00a0Minuten"},"schema":{"@context":"https:\/\/schema.org","@graph":[{"@type":"WebPage","@id":"https:\/\/www.kadur.com\/de\/messer\/holz\/reversiblen-systeme\/","url":"https:\/\/www.kadur.com\/de\/messer\/holz\/reversiblen-systeme\/","name":"Reversiblen Systeme - Kadur","isPartOf":{"@id":"https:\/\/www.kadur.com\/fr\/#website"},"primaryImageOfPage":{"@id":"https:\/\/www.kadur.com\/de\/messer\/holz\/reversiblen-systeme\/#primaryimage"},"image":{"@id":"https:\/\/www.kadur.com\/de\/messer\/holz\/reversiblen-systeme\/#primaryimage"},"thumbnailUrl":"http:\/\/www.kadur.com\/wp-content\/uploads\/2013\/03\/sist_kadurfix_de_b.png","datePublished":"2013-03-01T01:23:18+00:00","dateModified":"2013-05-06T22:12:00+00:00","breadcrumb":{"@id":"https:\/\/www.kadur.com\/de\/messer\/holz\/reversiblen-systeme\/#breadcrumb"},"inLanguage":"de","potentialAction":[{"@type":"ReadAction","target":["https:\/\/www.kadur.com\/de\/messer\/holz\/reversiblen-systeme\/"]}]},{"@type":"ImageObject","inLanguage":"de","@id":"https:\/\/www.kadur.com\/de\/messer\/holz\/reversiblen-systeme\/#primaryimage","url":"http:\/\/www.kadur.com\/wp-content\/uploads\/2013\/03\/sist_kadurfix_de_b.png","contentUrl":"http:\/\/www.kadur.com\/wp-content\/uploads\/2013\/03\/sist_kadurfix_de_b.png"},{"@type":"BreadcrumbList","@id":"https:\/\/www.kadur.com\/de\/messer\/holz\/reversiblen-systeme\/#breadcrumb","itemListElement":[{"@type":"ListItem","position":1,"name":"Home","item":"https:\/\/www.kadur.com\/de\/"},{"@type":"ListItem","position":2,"name":"Messer","item":"https:\/\/www.kadur.com\/de\/messer\/"},{"@type":"ListItem","position":3,"name":"Holz und Tischlerei","item":"https:\/\/www.kadur.com\/de\/messer\/holz\/"},{"@type":"ListItem","position":4,"name":"Reversiblen Systeme"}]},{"@type":"WebSite","@id":"https:\/\/www.kadur.com\/fr\/#website","url":"https:\/\/www.kadur.com\/fr\/","name":"Kadur","description":"Industrielle Hochleistungs-Messer","potentialAction":[{"@type":"SearchAction","target":{"@type":"EntryPoint","urlTemplate":"https:\/\/www.kadur.com\/fr\/?s={search_term_string}"},"query-input":{"@type":"PropertyValueSpecification","valueRequired":true,"valueName":"search_term_string"}}],"inLanguage":"de"}]}},"_links":{"self":[{"href":"https:\/\/www.kadur.com\/de\/wp-json\/wp\/v2\/pages\/1342"}],"collection":[{"href":"https:\/\/www.kadur.com\/de\/wp-json\/wp\/v2\/pages"}],"about":[{"href":"https:\/\/www.kadur.com\/de\/wp-json\/wp\/v2\/types\/page"}],"author":[{"embeddable":true,"href":"https:\/\/www.kadur.com\/de\/wp-json\/wp\/v2\/users\/1"}],"replies":[{"embeddable":true,"href":"https:\/\/www.kadur.com\/de\/wp-json\/wp\/v2\/comments?post=1342"}],"version-history":[{"count":0,"href":"https:\/\/www.kadur.com\/de\/wp-json\/wp\/v2\/pages\/1342\/revisions"}],"up":[{"embeddable":true,"href":"https:\/\/www.kadur.com\/de\/wp-json\/wp\/v2\/pages\/692"}],"wp:attachment":[{"href":"https:\/\/www.kadur.com\/de\/wp-json\/wp\/v2\/media?parent=1342"}],"curies":[{"name":"wp","href":"https:\/\/api.w.org\/{rel}","templated":true}]}}