{"id":1044,"date":"2013-02-26T22:11:14","date_gmt":"2013-02-26T21:11:14","guid":{"rendered":"http:\/\/www.kadur.com\/?page_id=1044"},"modified":"2013-02-27T02:50:25","modified_gmt":"2013-02-27T01:50:25","slug":"muller-martini","status":"publish","type":"page","link":"https:\/\/www.kadur.com\/de\/messer\/papier\/papierschneid\/muller-martini\/","title":{"rendered":"M\u00dcLLER-MARTINI"},"content":{"rendered":"<h1><img decoding=\"async\" class=\"size-full wp-image-927 alignright\" alt=\"muller_martini_1_a\" src=\"http:\/\/www.kadur.com\/wp-content\/uploads\/2013\/02\/muller_martini_1_a.png\" width=\"205\" height=\"86\" \/>M\u00dcLLER-MARTINI<\/h1>\n<table>\n<thead>\n<tr>\n<th rowspan=\"2\">Maschine-Type<\/th>\n<th rowspan=\"2\">Abmessung mm<\/th>\n<th rowspan=\"2\">L\u00f6cher<\/th>\n<th colspan=\"2\">Qualitat<\/th>\n<\/tr>\n<tr>\n<th>MAXI 500<\/th>\n<th>SUPREM 500<\/th>\n<\/tr>\n<\/thead>\n<tbody>\n<tr>\n<th>304<\/th>\n<th colspan=\"2\">Kompleter Satz: 6 Messer<\/th>\n<td>PMU5600M5<\/td>\n<td>PMU5600S5<\/td>\n<\/tr>\n<tr>\n<th><\/th>\n<td>1 FS 390 x 60 x 8<\/td>\n<td>6 Schlitze 5\/M8 2\/7 \u00d8<\/td>\n<td>PMU5620M5<\/td>\n<td>PMU5620S5<\/td>\n<\/tr>\n<tr>\n<th><\/th>\n<td>1 LS 280 x 60 x 8<\/td>\n<td>6 Schlitze 5\/M8<\/td>\n<td>PMU5630M5<\/td>\n<td>PMU5630S5<\/td>\n<\/tr>\n<tr>\n<th><\/th>\n<td>1 LS 280 x 60 x 8<\/td>\n<td>6 Schlitze 5\/M8<\/td>\n<td>PMU5631M5<\/td>\n<td>PMU5631S5<\/td>\n<\/tr>\n<tr>\n<th><\/th>\n<td>1 FI 400 x 40 x 15<\/td>\n<td>6 Schlitze 2\/9 \u00d8<\/td>\n<td>PMU5650M5<\/td>\n<td>PMU5650S5<\/td>\n<\/tr>\n<tr>\n<th><\/th>\n<td>1 LI 295 x 32 x 15<\/td>\n<td>5 Schlitze 2\/9 \u00d8<\/td>\n<td>PMU5660M5<\/td>\n<td>PMU5660S5<\/td>\n<\/tr>\n<tr>\n<th><\/th>\n<td>1 LI 295 x 32 x 15<\/td>\n<td>5 Schlitze 2\/9 \u00d8<\/td>\n<td>PMU5661M5<\/td>\n<td>PMU5661S5<\/td>\n<\/tr>\n<\/tbody>\n<\/table>\n<h1><img decoding=\"async\" class=\"size-full wp-image-928 alignright\" alt=\"muller_martini_2_a\" src=\"http:\/\/www.kadur.com\/wp-content\/uploads\/2013\/02\/muller_martini_2_a.png\" width=\"221\" height=\"80\" \/>M\u00dcLLER-MARTINI<\/h1>\n<table>\n<thead>\n<tr>\n<th rowspan=\"2\">Maschine-Type<\/th>\n<th rowspan=\"2\">Abmessung mm<\/th>\n<th rowspan=\"2\">L\u00f6cher<\/th>\n<th colspan=\"2\">Qualitat<\/th>\n<\/tr>\n<tr>\n<th>MAXI 500<\/th>\n<th>SUPREM 500<\/th>\n<\/tr>\n<\/thead>\n<tbody>\n<tr>\n<th>1522<\/th>\n<th colspan=\"2\">Kompleter Satz: 6 Messer<\/th>\n<td>PMU5700M5<\/td>\n<td>PMU5700S5<\/td>\n<\/tr>\n<tr>\n<th><\/th>\n<td>1 FS 420 x 74,5\/65 x 6<\/td>\n<td>12\/M6 2\/7 \u00d8<\/td>\n<td>PMU5720M5<\/td>\n<td>PMU5720S5<\/td>\n<\/tr>\n<tr>\n<th><\/th>\n<td>1 LS 355 x 65\/ 55 x 6<\/td>\n<td>16\/M6 2\/7 \u00d8<\/td>\n<td>PMU5730M5<\/td>\n<td>PMU5730S5<\/td>\n<\/tr>\n<tr>\n<th><\/th>\n<td>1 LS 355 x 65\/ 55 x 6<\/td>\n<td>16\/M6 2\/7 \u00d8<\/td>\n<td>PMU5740M5<\/td>\n<td>PMU5740S5<\/td>\n<\/tr>\n<tr>\n<th><\/th>\n<td>1 FI 420 x 30 x 18<\/td>\n<td>4<\/td>\n<td>PMU5760M5<\/td>\n<td>PMU5760S5<\/td>\n<\/tr>\n<tr>\n<th><\/th>\n<td>1 LI 360 x 23,5 x 15<\/td>\n<td>4\/M8<\/td>\n<td>PMU5770M5<\/td>\n<td>PMU5770S5<\/td>\n<\/tr>\n<tr>\n<th><\/th>\n<td>1 LI 360 x 23,5 x 15<\/td>\n<td>4\/M8<\/td>\n<td>PMU5780M5<\/td>\n<td>PMU5780S5<\/td>\n<\/tr>\n<\/tbody>\n<\/table>\n<h1><img decoding=\"async\" class=\"size-full wp-image-929 alignright\" alt=\"muller_martini_3_a\" src=\"http:\/\/www.kadur.com\/wp-content\/uploads\/2013\/02\/muller_martini_3_a.png\" width=\"234\" height=\"86\" \/>M\u00dcLLER-MARTINI<\/h1>\n<table>\n<thead>\n<tr>\n<th rowspan=\"2\">Maschine-Type<\/th>\n<th rowspan=\"2\">Abmessung mm<\/th>\n<th rowspan=\"2\">L\u00f6cher<\/th>\n<th colspan=\"3\">Qualitat<\/th>\n<\/tr>\n<tr>\n<th>MAXI 500<\/th>\n<th>SUPREM 500<\/th>\n<th>SUPREM 1000<\/th>\n<\/tr>\n<\/thead>\n<tbody>\n<tr>\n<th>3670<\/th>\n<th colspan=\"2\">Kompleter Satz: 3 Messer<\/th>\n<td>PMU5800M5<\/td>\n<td>PMU5800S5<\/td>\n<td>PMU5800S10<\/td>\n<\/tr>\n<tr>\n<th><\/th>\n<td>1 FS 560 x 80 x 12<\/td>\n<td>12\/M10 2 \/8,4 \u00d8<\/td>\n<td>PMU5810M5<\/td>\n<td>PMU5810S5<\/td>\n<td>PMU5810S10<\/td>\n<\/tr>\n<tr>\n<th><\/th>\n<td>1 LS 392 x 80 x 12<\/td>\n<td>8\/M10<\/td>\n<td>PMU5820M5<\/td>\n<td>PMU5820S5<\/td>\n<td>PMU5820S10<\/td>\n<\/tr>\n<tr>\n<th><\/th>\n<td>1 LS 392 x 80 x 12<\/td>\n<td>8\/M10<\/td>\n<td>PMU5830M5<\/td>\n<td>PMU5830S5<\/td>\n<td>PMU5830S10<\/td>\n<\/tr>\n<tr>\n<th>3670 K\u00fcrzt<\/th>\n<th colspan=\"2\">Kompleter Satz: 3 Messer<\/th>\n<td>PMU5801M5<\/td>\n<td>PMU5801S5<\/td>\n<td>PMU5801S10<\/td>\n<\/tr>\n<tr>\n<th><\/th>\n<td>1 FS 440 x 80 x 12<\/td>\n<td>8\/M10<\/td>\n<td>PMU5811M5<\/td>\n<td>PMU5811S5<\/td>\n<td>PMU5811S10<\/td>\n<\/tr>\n<tr>\n<th><\/th>\n<td>1 LS 322 x 80 x 12<\/td>\n<td>6\/M10<\/td>\n<td>PMU5821M5<\/td>\n<td>PMU5821S5<\/td>\n<td>PMU5821S10<\/td>\n<\/tr>\n<tr>\n<th><\/th>\n<td>1 LS 322 x 80 x 12<\/td>\n<td>6\/M10<\/td>\n<td>PMU5831M5<\/td>\n<td>PMU5831S5<\/td>\n<td>PMU5831S10<\/td>\n<\/tr>\n<\/tbody>\n<\/table>\n<h1><img decoding=\"async\" class=\"alignright size-full wp-image-930\" alt=\"muller_martini_4_a\" src=\"http:\/\/www.kadur.com\/wp-content\/uploads\/2013\/02\/muller_martini_4_a.png\" width=\"234\" height=\"86\" \/>M\u00dcLLER-MARTINI<\/h1>\n<table>\n<thead>\n<tr>\n<th rowspan=\"2\">Maschine-Type<\/th>\n<th rowspan=\"2\">Abmessung mm<\/th>\n<th rowspan=\"2\">L\u00f6cher<\/th>\n<th colspan=\"3\">Qualitat<\/th>\n<\/tr>\n<tr>\n<th>MAXI 500<\/th>\n<th>SUPREM 500<\/th>\n<th>SUPREM 1000<\/th>\n<\/tr>\n<\/thead>\n<tbody>\n<tr>\n<th>3670 NEU<\/th>\n<th colspan=\"2\">Kompleter Satz: 3 Messer<\/th>\n<td>PMU5802M5<\/td>\n<td>PMU5802S5<\/td>\n<td>PMU5802S10<\/td>\n<\/tr>\n<tr>\n<th><\/th>\n<td>1 FS 540 x 90 x 12<\/td>\n<td>12\/M10<\/td>\n<td>PMU5812M5<\/td>\n<td>PMU5812S5<\/td>\n<td>PMU5812S10<\/td>\n<\/tr>\n<tr>\n<th><\/th>\n<td>1 LS 392 x 90 x 12<\/td>\n<td>8\/M10<\/td>\n<td>PMU5822M5<\/td>\n<td>PMU5822S5<\/td>\n<td>PMU5822S10<\/td>\n<\/tr>\n<tr>\n<th><\/th>\n<td>1 LS 392 x 90 x 12<\/td>\n<td>8\/M10<\/td>\n<td>PMU5832M5<\/td>\n<td>PMU5832S5<\/td>\n<td>PMU5832S10<\/td>\n<\/tr>\n<\/tbody>\n<\/table>\n<h1><img decoding=\"async\" class=\"alignright size-full wp-image-931\" alt=\"muller_martini_5_a\" src=\"http:\/\/www.kadur.com\/wp-content\/uploads\/2013\/02\/muller_martini_5_a.png\" width=\"221\" height=\"80\" \/>M\u00dcLLER-MARTINI<\/h1>\n<table>\n<thead>\n<tr>\n<th rowspan=\"2\">Maschine-Type<\/th>\n<th rowspan=\"2\">Abmessung mm<\/th>\n<th rowspan=\"2\">L\u00f6cher<\/th>\n<th colspan=\"3\">Qualitat<\/th>\n<\/tr>\n<tr>\n<th>MAXI 500<\/th>\n<th>SUPREM 500<\/th>\n<\/tr>\n<\/thead>\n<tbody>\n<tr>\n<th>DS 240<\/th>\n<th colspan=\"2\">Kompleter Satz: 6 Messer<\/th>\n<td>PMU5300M5<\/td>\n<td>PMU5300S5<\/td>\n<\/tr>\n<tr>\n<th><\/th>\n<td>1 FS 550 x 80 x 12<\/td>\n<td>4 Schlitze 6\/M8 2\/7 \u00d8<\/td>\n<td>PMU5320M5<\/td>\n<td>PMU5320S5<\/td>\n<\/tr>\n<tr>\n<th><\/th>\n<td>1 LS 395 x 80 x 12<\/td>\n<td>6\/M8 2\/7 \u00d8<\/td>\n<td>PMU5330M5<\/td>\n<td>PMU5330S5<\/td>\n<\/tr>\n<tr>\n<th><\/th>\n<td>1 LS 395 x 80 x 12<\/td>\n<td>6\/M8 2\/7 \u00d8<\/td>\n<td>PMU5331M5<\/td>\n<td>PMU5331S5<\/td>\n<\/tr>\n<tr>\n<th><\/th>\n<td>1 FI 540 x 50 x 15<\/td>\n<td>6 Schlitze 2\/9 \u00d8<\/td>\n<td>PMU5350M5<\/td>\n<td>PMU5350S5<\/td>\n<\/tr>\n<tr>\n<th><\/th>\n<td>1 LI 368 x 40 x 15<\/td>\n<td>5\/M10 2\/9 \u00d8<\/td>\n<td>PMU5360M5<\/td>\n<td>PMU5360S5<\/td>\n<\/tr>\n<tr>\n<th><\/th>\n<td>1 LI 368 x 40 x 15<\/td>\n<td>5\/M10 2\/9 \u00d8<\/td>\n<td>PMU5370M5<\/td>\n<td>PMU5370S5<\/td>\n<\/tr>\n<\/tbody>\n<\/table>\n<h1><img decoding=\"async\" class=\"alignright size-full wp-image-932\" alt=\"muller_martini_6_a\" src=\"http:\/\/www.kadur.com\/wp-content\/uploads\/2013\/02\/muller_martini_6_a.png\" width=\"263\" height=\"79\" \/>M\u00dcLLER-MARTINI<\/h1>\n<table>\n<thead>\n<tr>\n<th rowspan=\"2\">Maschine-Type<\/th>\n<th rowspan=\"2\">Abmessung mm<\/th>\n<th rowspan=\"2\">L\u00f6cher<\/th>\n<th colspan=\"3\">Qualitat<\/th>\n<\/tr>\n<tr>\n<th>MAXI 500<\/th>\n<th>SUPREM 500<\/th>\n<\/tr>\n<\/thead>\n<tbody>\n<tr>\n<th>DS 241 AB Serie<\/th>\n<th colspan=\"2\">Kompleter Satz: 6 Messer<\/th>\n<td>PMU5401M5<\/td>\n<td>PMU5401S5<\/td>\n<\/tr>\n<tr>\n<th><\/th>\n<td>1 FS 550 x 95\/65 x 8<\/td>\n<td>7\/M6 2\/7 \u00d8<\/td>\n<td>PMU5421M5<\/td>\n<td>PMU5421S5<\/td>\n<\/tr>\n<tr>\n<th><\/th>\n<td>1 LS 365 x 60 x 8<\/td>\n<td>6\/M6 2\/7 \u00d8<\/td>\n<td>PMU5431M5<\/td>\n<td>PMU5431S5<\/td>\n<\/tr>\n<tr>\n<th><\/th>\n<td>1 LS 365 x 60 x 8<\/td>\n<td>6\/M6 2\/7 \u00d8<\/td>\n<td>PMU5432M5<\/td>\n<td>PMU5432S5<\/td>\n<\/tr>\n<tr>\n<th><\/th>\n<td>1 FI 555 x 40 x 15\/10<\/td>\n<td>5 Schlitze 2\/9 \u00d8<\/td>\n<td>PMU5451M5<\/td>\n<td>PMU5451S5<\/td>\n<\/tr>\n<tr>\n<th><\/th>\n<td>1 LI 360 x 40 x 15\/10<\/td>\n<td>3 Schlitze 2\/7 \u00d8<\/td>\n<td>PMU5461M5<\/td>\n<td>PMU5461S5<\/td>\n<\/tr>\n<tr>\n<th><\/th>\n<td>1 LI 360 x 40 x 15\/10<\/td>\n<td>3 Schlitze 2\/7 \u00d8<\/td>\n<td>PMU5471M5<\/td>\n<td>PMU5471S5<\/td>\n<\/tr>\n<tr>\n<th>DS 241 BIS Serie<\/th>\n<th colspan=\"2\">Kompleter Satz: 6 Messer<\/th>\n<td>PMU5400M5<\/td>\n<td>PMU5400S5<\/td>\n<\/tr>\n<tr>\n<th><\/th>\n<td>1 FS 530 x 96\/65 x 8<\/td>\n<td>7\/M6 2\/7 \u00d8<\/td>\n<td>PMU5420M5<\/td>\n<td>PMU5420S5<\/td>\n<\/tr>\n<tr>\n<th><\/th>\n<td>1 LS 365 x 60 x 8<\/td>\n<td>6\/M6 2\/7 \u00d8<\/td>\n<td>PMU5430M5<\/td>\n<td>PMU5430S5<\/td>\n<\/tr>\n<tr>\n<th><\/th>\n<td>1 LS 365 x 60 x 8<\/td>\n<td>6\/M6 2\/7 \u00d8<\/td>\n<td>PMU5433M5<\/td>\n<td>PMU5433S5<\/td>\n<\/tr>\n<tr>\n<th><\/th>\n<td>1 FI 540 x 40 x 15\/10<\/td>\n<td>5 Schlitze 2\/9 \u00d8<\/td>\n<td>PMU5450M5<\/td>\n<td>PMU5450S5<\/td>\n<\/tr>\n<tr>\n<th><\/th>\n<td>1 LI 360 x 40 x 15\/10<\/td>\n<td>3 Schlitze 2\/7 \u00d8<\/td>\n<td>PMU5460M5<\/td>\n<td>PMU5460S5<\/td>\n<\/tr>\n<tr>\n<th><\/th>\n<td>1 LI 360 x 40 x 15\/10<\/td>\n<td>3 Schlitze 2\/7 \u00d8<\/td>\n<td>PMU5470M5<\/td>\n<td>PMU5470S5<\/td>\n<\/tr>\n<tr>\n<th>DS 251 AB Serie<\/th>\n<th colspan=\"2\">Kompleter Satz: 6 Messer<\/th>\n<td>PMU5501M5<\/td>\n<td>PMU5501S5<\/td>\n<\/tr>\n<tr>\n<th><\/th>\n<td>1 FS 530 x 96\/65 x 8<\/td>\n<td>7\/M6 2\/7 \u00d8<\/td>\n<td>PMU5521M5<\/td>\n<td>PMU5521S5<\/td>\n<\/tr>\n<tr>\n<th><\/th>\n<td>1 LS 365 x 60 x 8<\/td>\n<td>6\/M6 2\/7 \u00d8<\/td>\n<td>PMU5531M5<\/td>\n<td>PMU5531S5<\/td>\n<\/tr>\n<tr>\n<th><\/th>\n<td>1 LS 365 x 60 x 8<\/td>\n<td>6\/M6 2\/7 \u00d8<\/td>\n<td>PMU5532M5<\/td>\n<td>PMU5532S5<\/td>\n<\/tr>\n<tr>\n<th><\/th>\n<td>1 FI 540 x 40 x 15\/10<\/td>\n<td>5 Schlitze 2\/9 \u00d8<\/td>\n<td>PMU5551M5<\/td>\n<td>PMU5551S5<\/td>\n<\/tr>\n<tr>\n<th><\/th>\n<td>1 LI 372 x 25,5 x 15\/10<\/td>\n<td>3 Schlitze 2\/7 \u00d8<\/td>\n<td>PMU5561M5<\/td>\n<td>PMU5561S5<\/td>\n<\/tr>\n<tr>\n<th><\/th>\n<td>1 LI 372 x 25,5 x 15\/10<\/td>\n<td>3 Schlitze 2\/7 \u00d8<\/td>\n<td>PMU5571M5<\/td>\n<td>PMU5571S5<\/td>\n<\/tr>\n<tr>\n<th>DS 251 BIS Serie<\/th>\n<th colspan=\"2\">Kompleter Satz: 6 Messer<\/th>\n<td>PMU5500M5<\/td>\n<td>PMU5500S5<\/td>\n<\/tr>\n<tr>\n<th><\/th>\n<td>1 FS 530 x 95\/65 x 8<\/td>\n<td>7\/M6 2\/7 \u00d8<\/td>\n<td>PMU5520M5<\/td>\n<td>PMU5520S5<\/td>\n<\/tr>\n<tr>\n<th><\/th>\n<td>1 LS 365 x 60 x 8<\/td>\n<td>6\/M6 2\/7 \u00d8<\/td>\n<td>PMU5530M5<\/td>\n<td>PMU5530S5<\/td>\n<\/tr>\n<tr>\n<th><\/th>\n<td>1 LS 365 x 60 x 8<\/td>\n<td>6\/M6 2\/7 \u00d8<\/td>\n<td>PMU5534M5<\/td>\n<td>PMU5534S5<\/td>\n<\/tr>\n<tr>\n<th><\/th>\n<td>1 FI 540 x 40 x 15\/10<\/td>\n<td>5 Schlitze 2\/9 \u00d8<\/td>\n<td>PMU5550M5<\/td>\n<td>PMU5550S5<\/td>\n<\/tr>\n<tr>\n<th><\/th>\n<td>1 LI 372 x 40 x 15\/10<\/td>\n<td>3 Schlitze 2\/7 \u00d8<\/td>\n<td>PMU5560M5<\/td>\n<td>PMU5560S5<\/td>\n<\/tr>\n<tr>\n<th><\/th>\n<td>1 LI 372 x 40 x 15\/10<\/td>\n<td>3 Schlitze 2\/7 \u00d8<\/td>\n<td>PMU5570M5<\/td>\n<td>PMU5570S5<\/td>\n<\/tr>\n<\/tbody>\n<\/table>\n<h1><img decoding=\"async\" class=\"alignright size-full wp-image-932\" alt=\"muller_martini_6_a\" src=\"http:\/\/www.kadur.com\/wp-content\/uploads\/2013\/02\/muller_martini_6_a.png\" width=\"263\" height=\"79\" \/>M\u00dcLLER-MARTINI<\/h1>\n<table>\n<thead>\n<tr>\n<th rowspan=\"2\">Maschine-Type<\/th>\n<th rowspan=\"2\">Abmessung mm<\/th>\n<th rowspan=\"2\">L\u00f6cher<\/th>\n<th colspan=\"3\">Qualitat<\/th>\n<\/tr>\n<tr>\n<th>MAXI 500<\/th>\n<th>SUPREM 500<\/th>\n<th>SUPREM 1000<\/th>\n<\/tr>\n<\/thead>\n<tbody>\n<tr>\n<th>DS 251 AB Serie 1<\/th>\n<th colspan=\"2\">Kompleter Satz: 6 Messer<\/th>\n<td>PMU5502M5<\/td>\n<td>PMU5502S5<\/td>\n<td>PMU5502S10<\/td>\n<\/tr>\n<tr>\n<th><\/th>\n<td>1 FS 550 x 95\/65 x 8<\/td>\n<td>7\/M6 2\/7 \u00d8<\/td>\n<td>PMU5522M5<\/td>\n<td>PMU5522S5<\/td>\n<td>PMU5522S10<\/td>\n<\/tr>\n<tr>\n<th><\/th>\n<td>1 LS 365 x 60 x 8<\/td>\n<td>6\/M6 2\/7 \u00d8<\/td>\n<td>PMU5532M5<\/td>\n<td>PMU5532S5<\/td>\n<td>PMU5532S10<\/td>\n<\/tr>\n<tr>\n<th><\/th>\n<td>1 LS 365 x 60 x 8<\/td>\n<td>6\/M6 2\/7 \u00d8<\/td>\n<td>PMU5542M5<\/td>\n<td>PMU5542S5<\/td>\n<td>PMU5542S10<\/td>\n<\/tr>\n<tr>\n<th><\/th>\n<td>1 FI 555 x 40 x 15\/10<\/td>\n<td>5 Schlitze 2\/9 \u00d8<\/td>\n<td>PMU5562M5<\/td>\n<td>PMU5562S5<\/td>\n<td>PMU5562S10<\/td>\n<\/tr>\n<tr>\n<th><\/th>\n<td>1 LI 372 x 25,5 x 15<\/td>\n<td>5 Schlitze 2\/9 \u00d8<\/td>\n<td>PMU5572M5<\/td>\n<td>PMU5572S5<\/td>\n<td>PMU5572S10<\/td>\n<\/tr>\n<tr>\n<th><\/th>\n<td>1 LI 372 x 25,5 x 15<\/td>\n<td>5 Schlitze 2\/9 \u00d8<\/td>\n<td>PMU5582M5<\/td>\n<td>PMU5582S5<\/td>\n<td>PMU5582S10<\/td>\n<\/tr>\n<\/tbody>\n<\/table>\n<h1><img decoding=\"async\" class=\"alignright size-full wp-image-931\" alt=\"muller_martini_5_a\" src=\"http:\/\/www.kadur.com\/wp-content\/uploads\/2013\/02\/muller_martini_5_a.png\" width=\"221\" height=\"80\" \/>M\u00dcLLER-MARTINI<\/h1>\n<table>\n<thead>\n<tr>\n<th rowspan=\"2\">Maschine-Type<\/th>\n<th rowspan=\"2\">Abmessung mm<\/th>\n<th rowspan=\"2\">L\u00f6cher<\/th>\n<th colspan=\"3\">Qualitat<\/th>\n<\/tr>\n<tr>\n<th>MAXI 500<\/th>\n<th>SUPREM 500<\/th>\n<\/tr>\n<\/thead>\n<tbody>\n<tr>\n<th>DSS \/ 10 MM<\/th>\n<th colspan=\"2\">Kompleter Satz: 6 Messer<\/th>\n<td>PMU5200M5<\/td>\n<td>PMU5200S5<\/td>\n<\/tr>\n<tr>\n<th><\/th>\n<td>1 FS 495 x 140\/75 x 10<\/td>\n<td>12\/M6 2\/7 \u00d8<\/td>\n<td>PMU5220M5<\/td>\n<td>PMU5220S5<\/td>\n<\/tr>\n<tr>\n<th><\/th>\n<td>1 LS 355 x 65\/55 x 10<\/td>\n<td>16\/M6 2\/7 \u00d8<\/td>\n<td>PMU5230M5<\/td>\n<td>PMU5230S5<\/td>\n<\/tr>\n<tr>\n<th><\/th>\n<td>1 LS 355 x 65\/55 x 10<\/td>\n<td>16\/M6 2\/7 \u00d8<\/td>\n<td>PMU5240M5<\/td>\n<td>PMU5240S5<\/td>\n<\/tr>\n<tr>\n<th><\/th>\n<td>1 FI 505 x 40 x 15\/10<\/td>\n<td>5 Schlitze<\/td>\n<td>PMU5260M5<\/td>\n<td>PMU5260S5<\/td>\n<\/tr>\n<tr>\n<th><\/th>\n<td>1 LI 360 x 40 x 15\/10<\/td>\n<td>3 Schlitze 2\/7 \u00d8<\/td>\n<td>PMU5270M5<\/td>\n<td>PMU5270S5<\/td>\n<\/tr>\n<tr>\n<th><\/th>\n<td>1 LI 360 x 40 x 15\/10<\/td>\n<td>3 Schlitze 2\/7 \u00d8<\/td>\n<td>PMU5280M5<\/td>\n<td>PMU5280S5<\/td>\n<\/tr>\n<\/tbody>\n<\/table>\n<h1><img decoding=\"async\" class=\"alignright size-full wp-image-931\" alt=\"muller_martini_5_a\" src=\"http:\/\/www.kadur.com\/wp-content\/uploads\/2013\/02\/muller_martini_5_a.png\" width=\"221\" height=\"80\" \/>M\u00dcLLER-MARTINI<\/h1>\n<table>\n<thead>\n<tr>\n<th rowspan=\"2\">Maschine-Type<\/th>\n<th rowspan=\"2\">Abmessung mm<\/th>\n<th rowspan=\"2\">L\u00f6cher<\/th>\n<th colspan=\"3\">Qualitat<\/th>\n<\/tr>\n<tr>\n<th>MAXI 500<\/th>\n<th>SUPREM 500<\/th>\n<th>SUPREM 1000<\/th>\n<\/tr>\n<\/thead>\n<tbody>\n<tr>\n<th>DSS \/ 890 DS 217<\/th>\n<th colspan=\"2\">Kompleter Satz: 6 Messer<\/th>\n<td>PMU5100M5<\/td>\n<td>PMU5100S5<\/td>\n<td>PMU5100S10<\/td>\n<\/tr>\n<tr>\n<th><\/th>\n<td>1 FS 520 x 140\/75\/65 x 6<\/td>\n<td>14\/M6 2\/7 \u00d8<\/td>\n<td>PMU5120M5<\/td>\n<td>PMU5120S5<\/td>\n<td>PMU5120S10<\/td>\n<\/tr>\n<tr>\n<th><\/th>\n<td>1 LS 355 x 65\/55 x 6<\/td>\n<td>16\/M6 2\/7 \u00d8<\/td>\n<td>PMU5130M5<\/td>\n<td>PMU5130S5<\/td>\n<td>PMU5130S10<\/td>\n<\/tr>\n<tr>\n<th><\/th>\n<td>1 LS 355 x 65\/55 x 6<\/td>\n<td>16\/M6 2\/7 \u00d8<\/td>\n<td>PMU5140M5<\/td>\n<td>PMU5140S5<\/td>\n<td>PMU5140S10<\/td>\n<\/tr>\n<tr>\n<th><\/th>\n<td>1 FI 520 x 40 x 15\/10<\/td>\n<td>5 Schlitze<\/td>\n<td>PMU5160M5<\/td>\n<td>PMU5160S5<\/td>\n<td>PMU5160S10<\/td>\n<\/tr>\n<tr>\n<th><\/th>\n<td>1 LI 360 x 40 x 15\/10<\/td>\n<td>3 Schlitze 2\/7 \u00d8<\/td>\n<td>PMU5170M5<\/td>\n<td>PMU5170S5<\/td>\n<td>PMU5170S10<\/td>\n<\/tr>\n<tr>\n<th><\/th>\n<td>1 LI 360 x 40 x 15\/10<\/td>\n<td>3 Schlitze 2\/7 \u00d8<\/td>\n<td>PMU5180M5<\/td>\n<td>PMU5180S5<\/td>\n<td>PMU5180S10<\/td>\n<\/tr>\n<\/tbody>\n<\/table>\n","protected":false},"excerpt":{"rendered":"<p>M\u00dcLLER-MARTINI Maschine-Type Abmessung mm L\u00f6cher Qualitat MAXI 500 SUPREM 500 304 Kompleter Satz: 6 Messer PMU5600M5 PMU5600S5 1 FS 390 x 60 x 8 6 Schlitze 5\/M8 2\/7 \u00d8 PMU5620M5 PMU5620S5 1 LS 280 x 60 x 8 6 Schlitze &hellip; <br \/><a href=\"https:\/\/www.kadur.com\/de\/messer\/papier\/papierschneid\/muller-martini\/\" class=\"more-link\">Lesen Sie weiter<\/a><\/p>\n","protected":false},"author":1,"featured_media":0,"parent":750,"menu_order":7,"comment_status":"closed","ping_status":"closed","template":"","meta":{"footnotes":""},"yoast_head":"<!-- This site is optimized with the Yoast SEO plugin v24.5 - https:\/\/yoast.com\/wordpress\/plugins\/seo\/ -->\n<title>M\u00dcLLER-MARTINI - Kadur<\/title>\n<meta name=\"robots\" content=\"index, follow, max-snippet:-1, max-image-preview:large, max-video-preview:-1\" \/>\n<link rel=\"canonical\" href=\"https:\/\/www.kadur.com\/de\/messer\/papier\/papierschneid\/muller-martini\/\" \/>\n<meta property=\"og:locale\" content=\"de_DE\" \/>\n<meta property=\"og:type\" content=\"article\" \/>\n<meta property=\"og:title\" content=\"M\u00dcLLER-MARTINI - Kadur\" \/>\n<meta property=\"og:description\" content=\"M\u00dcLLER-MARTINI Maschine-Type Abmessung mm L\u00f6cher Qualitat MAXI 500 SUPREM 500 304 Kompleter Satz: 6 Messer PMU5600M5 PMU5600S5 1 FS 390 x 60 x 8 6 Schlitze 5\/M8 2\/7 \u00d8 PMU5620M5 PMU5620S5 1 LS 280 x 60 x 8 6 Schlitze &hellip; Lesen Sie weiter\" \/>\n<meta property=\"og:url\" content=\"https:\/\/www.kadur.com\/de\/messer\/papier\/papierschneid\/muller-martini\/\" \/>\n<meta property=\"og:site_name\" content=\"Kadur\" \/>\n<meta property=\"article:modified_time\" content=\"2013-02-27T01:50:25+00:00\" \/>\n<meta property=\"og:image\" content=\"http:\/\/www.kadur.com\/wp-content\/uploads\/2013\/02\/muller_martini_1_a.png\" \/>\n<meta name=\"twitter:label1\" content=\"Gesch\u00e4tzte Lesezeit\" \/>\n\t<meta name=\"twitter:data1\" content=\"4\u00a0Minuten\" \/>\n<script type=\"application\/ld+json\" class=\"yoast-schema-graph\">{\"@context\":\"https:\/\/schema.org\",\"@graph\":[{\"@type\":\"WebPage\",\"@id\":\"https:\/\/www.kadur.com\/de\/messer\/papier\/papierschneid\/muller-martini\/\",\"url\":\"https:\/\/www.kadur.com\/de\/messer\/papier\/papierschneid\/muller-martini\/\",\"name\":\"M\u00dcLLER-MARTINI - Kadur\",\"isPartOf\":{\"@id\":\"https:\/\/www.kadur.com\/fr\/#website\"},\"primaryImageOfPage\":{\"@id\":\"https:\/\/www.kadur.com\/de\/messer\/papier\/papierschneid\/muller-martini\/#primaryimage\"},\"image\":{\"@id\":\"https:\/\/www.kadur.com\/de\/messer\/papier\/papierschneid\/muller-martini\/#primaryimage\"},\"thumbnailUrl\":\"http:\/\/www.kadur.com\/wp-content\/uploads\/2013\/02\/muller_martini_1_a.png\",\"datePublished\":\"2013-02-26T21:11:14+00:00\",\"dateModified\":\"2013-02-27T01:50:25+00:00\",\"breadcrumb\":{\"@id\":\"https:\/\/www.kadur.com\/de\/messer\/papier\/papierschneid\/muller-martini\/#breadcrumb\"},\"inLanguage\":\"de\",\"potentialAction\":[{\"@type\":\"ReadAction\",\"target\":[\"https:\/\/www.kadur.com\/de\/messer\/papier\/papierschneid\/muller-martini\/\"]}]},{\"@type\":\"ImageObject\",\"inLanguage\":\"de\",\"@id\":\"https:\/\/www.kadur.com\/de\/messer\/papier\/papierschneid\/muller-martini\/#primaryimage\",\"url\":\"http:\/\/www.kadur.com\/wp-content\/uploads\/2013\/02\/muller_martini_1_a.png\",\"contentUrl\":\"http:\/\/www.kadur.com\/wp-content\/uploads\/2013\/02\/muller_martini_1_a.png\"},{\"@type\":\"BreadcrumbList\",\"@id\":\"https:\/\/www.kadur.com\/de\/messer\/papier\/papierschneid\/muller-martini\/#breadcrumb\",\"itemListElement\":[{\"@type\":\"ListItem\",\"position\":1,\"name\":\"Home\",\"item\":\"https:\/\/www.kadur.com\/de\/\"},{\"@type\":\"ListItem\",\"position\":2,\"name\":\"Messer\",\"item\":\"https:\/\/www.kadur.com\/de\/messer\/\"},{\"@type\":\"ListItem\",\"position\":3,\"name\":\"Druck und Papier\",\"item\":\"https:\/\/www.kadur.com\/de\/messer\/papier\/\"},{\"@type\":\"ListItem\",\"position\":4,\"name\":\"Papierschneid\",\"item\":\"https:\/\/www.kadur.com\/de\/messer\/papier\/papierschneid\/\"},{\"@type\":\"ListItem\",\"position\":5,\"name\":\"M\u00dcLLER-MARTINI\"}]},{\"@type\":\"WebSite\",\"@id\":\"https:\/\/www.kadur.com\/fr\/#website\",\"url\":\"https:\/\/www.kadur.com\/fr\/\",\"name\":\"Kadur\",\"description\":\"Industrielle Hochleistungs-Messer\",\"potentialAction\":[{\"@type\":\"SearchAction\",\"target\":{\"@type\":\"EntryPoint\",\"urlTemplate\":\"https:\/\/www.kadur.com\/fr\/?s={search_term_string}\"},\"query-input\":{\"@type\":\"PropertyValueSpecification\",\"valueRequired\":true,\"valueName\":\"search_term_string\"}}],\"inLanguage\":\"de\"}]}<\/script>\n<!-- \/ Yoast SEO plugin. -->","yoast_head_json":{"title":"M\u00dcLLER-MARTINI - Kadur","robots":{"index":"index","follow":"follow","max-snippet":"max-snippet:-1","max-image-preview":"max-image-preview:large","max-video-preview":"max-video-preview:-1"},"canonical":"https:\/\/www.kadur.com\/de\/messer\/papier\/papierschneid\/muller-martini\/","og_locale":"de_DE","og_type":"article","og_title":"M\u00dcLLER-MARTINI - Kadur","og_description":"M\u00dcLLER-MARTINI Maschine-Type Abmessung mm L\u00f6cher Qualitat MAXI 500 SUPREM 500 304 Kompleter Satz: 6 Messer PMU5600M5 PMU5600S5 1 FS 390 x 60 x 8 6 Schlitze 5\/M8 2\/7 \u00d8 PMU5620M5 PMU5620S5 1 LS 280 x 60 x 8 6 Schlitze &hellip; Lesen Sie weiter","og_url":"https:\/\/www.kadur.com\/de\/messer\/papier\/papierschneid\/muller-martini\/","og_site_name":"Kadur","article_modified_time":"2013-02-27T01:50:25+00:00","og_image":[{"url":"http:\/\/www.kadur.com\/wp-content\/uploads\/2013\/02\/muller_martini_1_a.png","type":"","width":"","height":""}],"twitter_misc":{"Gesch\u00e4tzte Lesezeit":"4\u00a0Minuten"},"schema":{"@context":"https:\/\/schema.org","@graph":[{"@type":"WebPage","@id":"https:\/\/www.kadur.com\/de\/messer\/papier\/papierschneid\/muller-martini\/","url":"https:\/\/www.kadur.com\/de\/messer\/papier\/papierschneid\/muller-martini\/","name":"M\u00dcLLER-MARTINI - Kadur","isPartOf":{"@id":"https:\/\/www.kadur.com\/fr\/#website"},"primaryImageOfPage":{"@id":"https:\/\/www.kadur.com\/de\/messer\/papier\/papierschneid\/muller-martini\/#primaryimage"},"image":{"@id":"https:\/\/www.kadur.com\/de\/messer\/papier\/papierschneid\/muller-martini\/#primaryimage"},"thumbnailUrl":"http:\/\/www.kadur.com\/wp-content\/uploads\/2013\/02\/muller_martini_1_a.png","datePublished":"2013-02-26T21:11:14+00:00","dateModified":"2013-02-27T01:50:25+00:00","breadcrumb":{"@id":"https:\/\/www.kadur.com\/de\/messer\/papier\/papierschneid\/muller-martini\/#breadcrumb"},"inLanguage":"de","potentialAction":[{"@type":"ReadAction","target":["https:\/\/www.kadur.com\/de\/messer\/papier\/papierschneid\/muller-martini\/"]}]},{"@type":"ImageObject","inLanguage":"de","@id":"https:\/\/www.kadur.com\/de\/messer\/papier\/papierschneid\/muller-martini\/#primaryimage","url":"http:\/\/www.kadur.com\/wp-content\/uploads\/2013\/02\/muller_martini_1_a.png","contentUrl":"http:\/\/www.kadur.com\/wp-content\/uploads\/2013\/02\/muller_martini_1_a.png"},{"@type":"BreadcrumbList","@id":"https:\/\/www.kadur.com\/de\/messer\/papier\/papierschneid\/muller-martini\/#breadcrumb","itemListElement":[{"@type":"ListItem","position":1,"name":"Home","item":"https:\/\/www.kadur.com\/de\/"},{"@type":"ListItem","position":2,"name":"Messer","item":"https:\/\/www.kadur.com\/de\/messer\/"},{"@type":"ListItem","position":3,"name":"Druck und Papier","item":"https:\/\/www.kadur.com\/de\/messer\/papier\/"},{"@type":"ListItem","position":4,"name":"Papierschneid","item":"https:\/\/www.kadur.com\/de\/messer\/papier\/papierschneid\/"},{"@type":"ListItem","position":5,"name":"M\u00dcLLER-MARTINI"}]},{"@type":"WebSite","@id":"https:\/\/www.kadur.com\/fr\/#website","url":"https:\/\/www.kadur.com\/fr\/","name":"Kadur","description":"Industrielle Hochleistungs-Messer","potentialAction":[{"@type":"SearchAction","target":{"@type":"EntryPoint","urlTemplate":"https:\/\/www.kadur.com\/fr\/?s={search_term_string}"},"query-input":{"@type":"PropertyValueSpecification","valueRequired":true,"valueName":"search_term_string"}}],"inLanguage":"de"}]}},"_links":{"self":[{"href":"https:\/\/www.kadur.com\/de\/wp-json\/wp\/v2\/pages\/1044"}],"collection":[{"href":"https:\/\/www.kadur.com\/de\/wp-json\/wp\/v2\/pages"}],"about":[{"href":"https:\/\/www.kadur.com\/de\/wp-json\/wp\/v2\/types\/page"}],"author":[{"embeddable":true,"href":"https:\/\/www.kadur.com\/de\/wp-json\/wp\/v2\/users\/1"}],"replies":[{"embeddable":true,"href":"https:\/\/www.kadur.com\/de\/wp-json\/wp\/v2\/comments?post=1044"}],"version-history":[{"count":0,"href":"https:\/\/www.kadur.com\/de\/wp-json\/wp\/v2\/pages\/1044\/revisions"}],"up":[{"embeddable":true,"href":"https:\/\/www.kadur.com\/de\/wp-json\/wp\/v2\/pages\/750"}],"wp:attachment":[{"href":"https:\/\/www.kadur.com\/de\/wp-json\/wp\/v2\/media?parent=1044"}],"curies":[{"name":"wp","href":"https:\/\/api.w.org\/{rel}","templated":true}]}}