{"id":914,"date":"2013-02-26T15:21:03","date_gmt":"2013-02-26T14:21:03","guid":{"rendered":"http:\/\/www.kadur.com\/?page_id=914"},"modified":"2013-02-26T16:25:47","modified_gmt":"2013-02-26T15:25:47","slug":"horauf","status":"publish","type":"page","link":"https:\/\/www.kadur.com\/ca\/ganivetes\/paper\/guillotines\/horauf\/","title":{"rendered":"H\u00d6RAUF"},"content":{"rendered":"<h1><img decoding=\"async\" class=\"size-full wp-image-920 alignright\" alt=\"horauf_1_a\" src=\"http:\/\/www.kadur.com\/wp-content\/uploads\/2013\/02\/horauf_1_a.png\" width=\"155\" height=\"86\" \/>H\u00d6RAUF<\/h1>\n<table>\n<thead>\n<tr>\n<th rowspan=\"2\">M\u00e0quina<\/th>\n<th rowspan=\"2\">Mesures mm<\/th>\n<th rowspan=\"2\" colspan=\"2\">Forats<\/th>\n<th colspan=\"3\">Qualitat<\/th>\n<\/tr>\n<tr>\n<th>MAXI 500<\/th>\n<th>SUPREM 500<\/th>\n<th>SUPREM 1000<\/th>\n<\/tr>\n<\/thead>\n<tbody>\n<tr>\n<th>AVH 72 SN 131<\/th>\n<th colspan=\"3\">Joc Complet: 3 ganivetes<\/th>\n<td>PHO0131M5<\/td>\n<td>PHO0131S5<\/td>\n<td>PHO0131S10<\/td>\n<\/tr>\n<tr>\n<th><\/th>\n<td>1 FS 560 x 122 x 12,8<\/td>\n<td colspan=\"2\">8\/M12<\/td>\n<td>PHO1131M5<\/td>\n<td>PHO1131S5<\/td>\n<td>PHO1131S10<\/td>\n<\/tr>\n<tr>\n<th><\/th>\n<td>1 LS 453\/423 x 150 x 12,8<\/td>\n<td colspan=\"2\">6\/M12<\/td>\n<td>PHO2131M5<\/td>\n<td>PHO2131S5<\/td>\n<td>PHO2131S10<\/td>\n<\/tr>\n<tr>\n<th><\/th>\n<td>1 LS 453\/423 x 150 x 12,8<\/td>\n<td colspan=\"2\">6\/M12<\/td>\n<td>PHO3131M5<\/td>\n<td>PHO3131S5<\/td>\n<td>PHO3131S10<\/td>\n<\/tr>\n<tr>\n<th>BS SN 130<\/th>\n<th colspan=\"3\">Joc Complet: 3 ganivetes<\/th>\n<td>PHO0130M5<\/td>\n<td>PHO0130S5<\/td>\n<td>PHO0130S10<\/td>\n<\/tr>\n<tr>\n<th><\/th>\n<td>1 FS 460 x 130 x 11,8<\/td>\n<td colspan=\"2\">8\/M12<\/td>\n<td>PHO1130M5<\/td>\n<td>PHO1130S5<\/td>\n<td>PHO1130S10<\/td>\n<\/tr>\n<tr>\n<th><\/th>\n<td>1 LS 410\/350 x 145 x 11,8<\/td>\n<td colspan=\"2\">6\/M12<\/td>\n<td>PHO2130M5<\/td>\n<td>PHO2130S5<\/td>\n<td>PHO2130S10<\/td>\n<\/tr>\n<tr>\n<th><\/th>\n<td>1 LS 410\/350 x 130 x 11,8<\/td>\n<td colspan=\"2\">6\/M12<\/td>\n<td>PHO3130M5<\/td>\n<td>PHO3130S5<\/td>\n<td>PHO3130S10<\/td>\n<\/tr>\n<tr>\n<th>SN 135 A<\/th>\n<th colspan=\"3\">Joc Complet: 3 ganivetes<\/th>\n<td>PHO0135M5<\/td>\n<td>PHO0135S5<\/td>\n<td>PHO0135S10<\/td>\n<\/tr>\n<tr>\n<th><\/th>\n<td>1 FS 475 x 130 x 11,8<\/td>\n<td colspan=\"2\">8\/M12<\/td>\n<td>PHO1135M5<\/td>\n<td>PHO1135S5<\/td>\n<td>PHO1135S10<\/td>\n<\/tr>\n<tr>\n<th><\/th>\n<td>1 LS 425 x 150 x 15,8<\/td>\n<td>6\/M12<\/td>\n<td>2\/M8<br \/>\nu ausfr<\/td>\n<td>PHO2135M5<\/td>\n<td>PHO2135S5<\/td>\n<td>PHO2135S10<\/td>\n<\/tr>\n<tr>\n<th><\/th>\n<td>1 LS 425 x 150 x 15,8<\/td>\n<td>6\/M12<\/td>\n<td>2\/M8<br \/>\nu ausfr<\/td>\n<td>PHO3135M5<\/td>\n<td>PHO3135S5<\/td>\n<td>PHO3135S10<\/td>\n<\/tr>\n<tr>\n<th>SN 135 SPEC.<\/th>\n<th colspan=\"3\">Joc Complet: 3 ganivetes<\/th>\n<td>PHO0136M5<\/td>\n<td>PHO0136S5<\/td>\n<td>PHO0136S10<\/td>\n<\/tr>\n<tr>\n<th><\/th>\n<td>1 FS 475 x 130 x 11,8<\/td>\n<td colspan=\"2\">8\/M12<\/td>\n<td>PHO1136M5<\/td>\n<td>PHO1136S5<\/td>\n<td>PHO1136S10<\/td>\n<\/tr>\n<tr>\n<th><\/th>\n<td>1 LS 440 x 150 x 15,8<\/td>\n<td>6\/M12<\/td>\n<td>2\/M8<br \/>\nu ausfr<\/td>\n<td>PHO2136M5<\/td>\n<td>PHO2136S5<\/td>\n<td>PHO2136S10<\/td>\n<\/tr>\n<tr>\n<th><\/th>\n<td>1 LS 440 x 150 x 15,8<\/td>\n<td>6\/M12<\/td>\n<td>2\/M8<br \/>\nu ausfr<\/td>\n<td>PHO3136M5<\/td>\n<td>PHO3136S5<\/td>\n<td>PHO3136S10<\/td>\n<\/tr>\n<tr>\n<th>SN 138 (145 AF)<\/th>\n<th colspan=\"3\">Joc Complet: 3 ganivetes<\/th>\n<td>PHO0138M5<\/td>\n<td>PHO0138S5<\/td>\n<td>PHO0138S10<\/td>\n<\/tr>\n<tr>\n<th><\/th>\n<td>1 FS 475 x 130 x 11,8<\/td>\n<td colspan=\"2\">8\/M12<\/td>\n<td>PHO1138M5<\/td>\n<td>PHO1138S5<\/td>\n<td>PHO1138S10<\/td>\n<\/tr>\n<tr>\n<th><\/th>\n<td>1 LS 405 x 150 x 15,8<\/td>\n<td>6\/M12<\/td>\n<td>2\/M8<br \/>\nu ausfr<\/td>\n<td>PHO2138M5<\/td>\n<td>PHO2138S5<\/td>\n<td>PHO2138S10<\/td>\n<\/tr>\n<tr>\n<th><\/th>\n<td>1 LS 405 x 150 x 15,8<\/td>\n<td>6\/M12<\/td>\n<td>2\/M8<br \/>\nu ausfr<\/td>\n<td>PHO3138M5<\/td>\n<td>PHO3138S5<\/td>\n<td>PHO3138S10<\/td>\n<\/tr>\n<\/tbody>\n<\/table>\n","protected":false},"excerpt":{"rendered":"<p>H\u00d6RAUF M\u00e0quina Mesures mm Forats Qualitat MAXI 500 SUPREM 500 SUPREM 1000 AVH 72 SN 131 Joc Complet: 3 ganivetes PHO0131M5 PHO0131S5 PHO0131S10 1 FS 560 x 122 x 12,8 8\/M12 PHO1131M5 PHO1131S5 PHO1131S10 1 LS 453\/423 x 150 x &hellip; <br \/><a href=\"https:\/\/www.kadur.com\/ca\/ganivetes\/paper\/guillotines\/horauf\/\" class=\"more-link\">Continuar llegint<\/a><\/p>\n","protected":false},"author":1,"featured_media":0,"parent":751,"menu_order":1,"comment_status":"closed","ping_status":"closed","template":"","meta":{"footnotes":""},"yoast_head":"<!-- This site is optimized with the Yoast SEO plugin v24.5 - https:\/\/yoast.com\/wordpress\/plugins\/seo\/ -->\n<title>H\u00d6RAUF - Kadur<\/title>\n<meta name=\"robots\" content=\"index, follow, max-snippet:-1, max-image-preview:large, max-video-preview:-1\" \/>\n<link rel=\"canonical\" href=\"https:\/\/www.kadur.com\/ca\/ganivetes\/paper\/guillotines\/horauf\/\" \/>\n<meta property=\"og:locale\" content=\"ca_ES\" \/>\n<meta property=\"og:type\" content=\"article\" \/>\n<meta property=\"og:title\" content=\"H\u00d6RAUF - Kadur\" \/>\n<meta property=\"og:description\" content=\"H\u00d6RAUF M\u00e0quina Mesures mm Forats Qualitat MAXI 500 SUPREM 500 SUPREM 1000 AVH 72 SN 131 Joc Complet: 3 ganivetes PHO0131M5 PHO0131S5 PHO0131S10 1 FS 560 x 122 x 12,8 8\/M12 PHO1131M5 PHO1131S5 PHO1131S10 1 LS 453\/423 x 150 x &hellip; Continuar llegint\" \/>\n<meta property=\"og:url\" content=\"https:\/\/www.kadur.com\/ca\/ganivetes\/paper\/guillotines\/horauf\/\" \/>\n<meta property=\"og:site_name\" content=\"Kadur\" \/>\n<meta property=\"article:modified_time\" content=\"2013-02-26T15:25:47+00:00\" \/>\n<meta property=\"og:image\" content=\"http:\/\/www.kadur.com\/wp-content\/uploads\/2013\/02\/horauf_1_a.png\" \/>\n<meta name=\"twitter:label1\" content=\"Temps estimat de lectura\" \/>\n\t<meta name=\"twitter:data1\" content=\"1 minut\" \/>\n<script type=\"application\/ld+json\" class=\"yoast-schema-graph\">{\"@context\":\"https:\/\/schema.org\",\"@graph\":[{\"@type\":\"WebPage\",\"@id\":\"https:\/\/www.kadur.com\/ca\/ganivetes\/paper\/guillotines\/horauf\/\",\"url\":\"https:\/\/www.kadur.com\/ca\/ganivetes\/paper\/guillotines\/horauf\/\",\"name\":\"H\u00d6RAUF - Kadur\",\"isPartOf\":{\"@id\":\"https:\/\/www.kadur.com\/fr\/#website\"},\"primaryImageOfPage\":{\"@id\":\"https:\/\/www.kadur.com\/ca\/ganivetes\/paper\/guillotines\/horauf\/#primaryimage\"},\"image\":{\"@id\":\"https:\/\/www.kadur.com\/ca\/ganivetes\/paper\/guillotines\/horauf\/#primaryimage\"},\"thumbnailUrl\":\"http:\/\/www.kadur.com\/wp-content\/uploads\/2013\/02\/horauf_1_a.png\",\"datePublished\":\"2013-02-26T14:21:03+00:00\",\"dateModified\":\"2013-02-26T15:25:47+00:00\",\"breadcrumb\":{\"@id\":\"https:\/\/www.kadur.com\/ca\/ganivetes\/paper\/guillotines\/horauf\/#breadcrumb\"},\"inLanguage\":\"ca\",\"potentialAction\":[{\"@type\":\"ReadAction\",\"target\":[\"https:\/\/www.kadur.com\/ca\/ganivetes\/paper\/guillotines\/horauf\/\"]}]},{\"@type\":\"ImageObject\",\"inLanguage\":\"ca\",\"@id\":\"https:\/\/www.kadur.com\/ca\/ganivetes\/paper\/guillotines\/horauf\/#primaryimage\",\"url\":\"http:\/\/www.kadur.com\/wp-content\/uploads\/2013\/02\/horauf_1_a.png\",\"contentUrl\":\"http:\/\/www.kadur.com\/wp-content\/uploads\/2013\/02\/horauf_1_a.png\"},{\"@type\":\"BreadcrumbList\",\"@id\":\"https:\/\/www.kadur.com\/ca\/ganivetes\/paper\/guillotines\/horauf\/#breadcrumb\",\"itemListElement\":[{\"@type\":\"ListItem\",\"position\":1,\"name\":\"Home\",\"item\":\"https:\/\/www.kadur.com\/ca\/\"},{\"@type\":\"ListItem\",\"position\":2,\"name\":\"Ganivetes\",\"item\":\"https:\/\/www.kadur.com\/ca\/ganivetes\/\"},{\"@type\":\"ListItem\",\"position\":3,\"name\":\"Paper i Arts gr\u00e0fiques\",\"item\":\"https:\/\/www.kadur.com\/ca\/ganivetes\/paper\/\"},{\"@type\":\"ListItem\",\"position\":4,\"name\":\"Guillotines\",\"item\":\"https:\/\/www.kadur.com\/ca\/ganivetes\/paper\/guillotines\/\"},{\"@type\":\"ListItem\",\"position\":5,\"name\":\"H\u00d6RAUF\"}]},{\"@type\":\"WebSite\",\"@id\":\"https:\/\/www.kadur.com\/fr\/#website\",\"url\":\"https:\/\/www.kadur.com\/fr\/\",\"name\":\"Kadur\",\"description\":\"Ganivetes Industrials d'Alt Rendiment\",\"potentialAction\":[{\"@type\":\"SearchAction\",\"target\":{\"@type\":\"EntryPoint\",\"urlTemplate\":\"https:\/\/www.kadur.com\/fr\/?s={search_term_string}\"},\"query-input\":{\"@type\":\"PropertyValueSpecification\",\"valueRequired\":true,\"valueName\":\"search_term_string\"}}],\"inLanguage\":\"ca\"}]}<\/script>\n<!-- \/ Yoast SEO plugin. -->","yoast_head_json":{"title":"H\u00d6RAUF - Kadur","robots":{"index":"index","follow":"follow","max-snippet":"max-snippet:-1","max-image-preview":"max-image-preview:large","max-video-preview":"max-video-preview:-1"},"canonical":"https:\/\/www.kadur.com\/ca\/ganivetes\/paper\/guillotines\/horauf\/","og_locale":"ca_ES","og_type":"article","og_title":"H\u00d6RAUF - Kadur","og_description":"H\u00d6RAUF M\u00e0quina Mesures mm Forats Qualitat MAXI 500 SUPREM 500 SUPREM 1000 AVH 72 SN 131 Joc Complet: 3 ganivetes PHO0131M5 PHO0131S5 PHO0131S10 1 FS 560 x 122 x 12,8 8\/M12 PHO1131M5 PHO1131S5 PHO1131S10 1 LS 453\/423 x 150 x &hellip; Continuar llegint","og_url":"https:\/\/www.kadur.com\/ca\/ganivetes\/paper\/guillotines\/horauf\/","og_site_name":"Kadur","article_modified_time":"2013-02-26T15:25:47+00:00","og_image":[{"url":"http:\/\/www.kadur.com\/wp-content\/uploads\/2013\/02\/horauf_1_a.png","type":"","width":"","height":""}],"twitter_misc":{"Temps estimat de lectura":"1 minut"},"schema":{"@context":"https:\/\/schema.org","@graph":[{"@type":"WebPage","@id":"https:\/\/www.kadur.com\/ca\/ganivetes\/paper\/guillotines\/horauf\/","url":"https:\/\/www.kadur.com\/ca\/ganivetes\/paper\/guillotines\/horauf\/","name":"H\u00d6RAUF - Kadur","isPartOf":{"@id":"https:\/\/www.kadur.com\/fr\/#website"},"primaryImageOfPage":{"@id":"https:\/\/www.kadur.com\/ca\/ganivetes\/paper\/guillotines\/horauf\/#primaryimage"},"image":{"@id":"https:\/\/www.kadur.com\/ca\/ganivetes\/paper\/guillotines\/horauf\/#primaryimage"},"thumbnailUrl":"http:\/\/www.kadur.com\/wp-content\/uploads\/2013\/02\/horauf_1_a.png","datePublished":"2013-02-26T14:21:03+00:00","dateModified":"2013-02-26T15:25:47+00:00","breadcrumb":{"@id":"https:\/\/www.kadur.com\/ca\/ganivetes\/paper\/guillotines\/horauf\/#breadcrumb"},"inLanguage":"ca","potentialAction":[{"@type":"ReadAction","target":["https:\/\/www.kadur.com\/ca\/ganivetes\/paper\/guillotines\/horauf\/"]}]},{"@type":"ImageObject","inLanguage":"ca","@id":"https:\/\/www.kadur.com\/ca\/ganivetes\/paper\/guillotines\/horauf\/#primaryimage","url":"http:\/\/www.kadur.com\/wp-content\/uploads\/2013\/02\/horauf_1_a.png","contentUrl":"http:\/\/www.kadur.com\/wp-content\/uploads\/2013\/02\/horauf_1_a.png"},{"@type":"BreadcrumbList","@id":"https:\/\/www.kadur.com\/ca\/ganivetes\/paper\/guillotines\/horauf\/#breadcrumb","itemListElement":[{"@type":"ListItem","position":1,"name":"Home","item":"https:\/\/www.kadur.com\/ca\/"},{"@type":"ListItem","position":2,"name":"Ganivetes","item":"https:\/\/www.kadur.com\/ca\/ganivetes\/"},{"@type":"ListItem","position":3,"name":"Paper i Arts gr\u00e0fiques","item":"https:\/\/www.kadur.com\/ca\/ganivetes\/paper\/"},{"@type":"ListItem","position":4,"name":"Guillotines","item":"https:\/\/www.kadur.com\/ca\/ganivetes\/paper\/guillotines\/"},{"@type":"ListItem","position":5,"name":"H\u00d6RAUF"}]},{"@type":"WebSite","@id":"https:\/\/www.kadur.com\/fr\/#website","url":"https:\/\/www.kadur.com\/fr\/","name":"Kadur","description":"Ganivetes Industrials d'Alt Rendiment","potentialAction":[{"@type":"SearchAction","target":{"@type":"EntryPoint","urlTemplate":"https:\/\/www.kadur.com\/fr\/?s={search_term_string}"},"query-input":{"@type":"PropertyValueSpecification","valueRequired":true,"valueName":"search_term_string"}}],"inLanguage":"ca"}]}},"_links":{"self":[{"href":"https:\/\/www.kadur.com\/ca\/wp-json\/wp\/v2\/pages\/914"}],"collection":[{"href":"https:\/\/www.kadur.com\/ca\/wp-json\/wp\/v2\/pages"}],"about":[{"href":"https:\/\/www.kadur.com\/ca\/wp-json\/wp\/v2\/types\/page"}],"author":[{"embeddable":true,"href":"https:\/\/www.kadur.com\/ca\/wp-json\/wp\/v2\/users\/1"}],"replies":[{"embeddable":true,"href":"https:\/\/www.kadur.com\/ca\/wp-json\/wp\/v2\/comments?post=914"}],"version-history":[{"count":0,"href":"https:\/\/www.kadur.com\/ca\/wp-json\/wp\/v2\/pages\/914\/revisions"}],"up":[{"embeddable":true,"href":"https:\/\/www.kadur.com\/ca\/wp-json\/wp\/v2\/pages\/751"}],"wp:attachment":[{"href":"https:\/\/www.kadur.com\/ca\/wp-json\/wp\/v2\/media?parent=914"}],"curies":[{"name":"wp","href":"https:\/\/api.w.org\/{rel}","templated":true}]}}