{"id":744,"date":"2013-02-23T13:09:51","date_gmt":"2013-02-23T12:09:51","guid":{"rendered":"http:\/\/www.kadur.com\/?page_id=744"},"modified":"2015-07-31T14:11:15","modified_gmt":"2015-07-31T12:11:15","slug":"ganivetes","status":"publish","type":"page","link":"https:\/\/www.kadur.com\/ca\/ganivetes\/","title":{"rendered":"Ganivetes"},"content":{"rendered":"<h2>Paper i Arts gr\u00e0fiques<\/h2>\n<p><a href=\"http:\/\/kadur.com\/wp-content\/uploads\/2015\/07\/cuchillas-industriales-papeles-artes-graficas-small.jpg\"><img decoding=\"async\" class=\"alignnone size-full wp-image-2212\" src=\"http:\/\/kadur.com\/wp-content\/uploads\/2015\/07\/cuchillas-industriales-papeles-artes-graficas-small.jpg\" alt=\"cuchillas-industriales-papeles-artes-graficas-small\" width=\"1024\" height=\"267\" srcset=\"https:\/\/www.kadur.com\/wp-content\/uploads\/2015\/07\/cuchillas-industriales-papeles-artes-graficas-small.jpg 1024w, https:\/\/www.kadur.com\/wp-content\/uploads\/2015\/07\/cuchillas-industriales-papeles-artes-graficas-small-300x78.jpg 300w\" sizes=\"(max-width: 1024px) 100vw, 1024px\" \/><\/a><\/p>\n<p>Les Arts Gr\u00e0fiques requereixen, cada vegada m\u00e9s, precisi\u00f3 i rapidesa en les operacions de tall.<br \/>\n<div class=\"columns\"><div class=\"clear\"><div class=\"col1-3\"><h2><span class=\"label\">KADUR<\/span>MAXI <span class=\"thin\">500<\/span><\/h2><\/p>\n<h3>Ganiveta d&#8217;acer r\u00e0pid HSS<\/h3>\n<p>Acer aliat amb 18% de wolframi.\n<\/div><div class=\"col1-3\"><h2><span class=\"label\">KADUR<\/span>SUPREM <span class=\"thin\">500<\/span><\/h2><\/p>\n<h3>Ganiveta de metall dur<\/h3>\n<p>Metall sinteritzat 85% de carbur de tungst\u00e8 i 15% de cobalt.\n<\/div><div class=\"col1-3\"><h2><span class=\"label\">KADUR<\/span>SUPREM <span class=\"thin\">1000<\/span><\/h2><\/p>\n<h3>Ganiveta de metall dur<\/h3>\n<p>Metall Microgra sinteritzat 85% de carbur de tungst\u00e8 i 15% de cobalt.\n<\/div><\/div><\/div><\/p>\n<div class=\"homesection section_C rule_light\"><a class=\"more\" title=\"Paper i Arts gr\u00e0fiques\" href=\"https:\/\/www.kadur.com\/ca\/ganivetes\/paper\/\"><span class=\"mark\">&gt;<\/span>llegir m\u00e9s<\/a><\/div>\n<h2>Fusta i Ebenisteria<\/h2>\n<p><a href=\"http:\/\/kadur.com\/wp-content\/uploads\/2015\/07\/cuchillas-industriales-madera-ebanisteria-small.jpg\"><img decoding=\"async\" class=\"alignnone size-full wp-image-2210\" src=\"http:\/\/kadur.com\/wp-content\/uploads\/2015\/07\/cuchillas-industriales-madera-ebanisteria-small.jpg\" alt=\"cuchillas-industriales-madera-ebanisteria-small\" width=\"1024\" height=\"267\" srcset=\"https:\/\/www.kadur.com\/wp-content\/uploads\/2015\/07\/cuchillas-industriales-madera-ebanisteria-small.jpg 1024w, https:\/\/www.kadur.com\/wp-content\/uploads\/2015\/07\/cuchillas-industriales-madera-ebanisteria-small-300x78.jpg 300w\" sizes=\"(max-width: 1024px) 100vw, 1024px\" \/><\/a><\/p>\n<p>Duresa i qualitat de tall. Alt rendiment. Aix\u00ed s\u00f3n les ganivetes KADUR per treballar la fusta.<br \/>\n<div class=\"columns\"><div class=\"clear\"><div class=\"col1-2\"><h2><span class=\"label\">assortiment<\/span>gammes <span class=\"thin\"><\/span><\/h2><\/p>\n<ul>\n<li>ganivetes <strong>planejadores<\/strong><\/li>\n<li>ganivetes <strong>corrugades<\/strong><\/li>\n<li>ganivetes para <strong>planejadors el\u00e8ctrics<\/strong><\/li>\n<li>ganivetes de <strong>sistemes reversibles<\/strong>\n<ul>\n<li><em>Kadurfix<\/em><\/li>\n<li><em>Tersa<\/em><\/li>\n<li><em>Centrolock<\/em><\/li>\n<li><em>Terminus<\/em><\/li>\n<li><em>Vivax<\/em><\/li>\n<\/ul>\n<\/li>\n<\/ul>\n<p><\/div><div class=\"col1-2\"><h2><span class=\"label\">assortiment<\/span>materials i aliatges <span class=\"thin\"><\/span><\/h2><\/p>\n<ul>\n<li><strong>TCT<\/strong>, metall dur (carbur de tungst\u00e8 sinteritzat)<\/li>\n<li><strong>Stellite<\/strong>, aliatge d&#8217;alt contingut en cobalt<\/li>\n<li><strong>HSS 18% W<\/strong>, acer r\u00e0pid aliat al 18% de wolframi<\/li>\n<li><strong>HSS 6% W<\/strong>, acer r\u00e0pid aliat al 6% de wolframi<\/li>\n<li><strong>HLS 13% Cr<\/strong>, acer aliat al 13% de crom<\/li>\n<li><strong>ST1<\/strong>, acer r\u00e0pid amb recobriment de nitrur de crom<\/li>\n<\/ul>\n<p><\/div><\/div><\/div><\/p>\n<div class=\"homesection section_C rule_light\"><a class=\"more\" title=\"Fusta i Ebenisteria\" href=\"https:\/\/www.kadur.com\/ca\/ganivetes\/fusta\/\"><span class=\"mark\">&gt;<\/span>llegir m\u00e9s<\/a><\/div>\n<h2>Ind\u00fastria Forestal i de la Fusta<\/h2>\n<p><a href=\"http:\/\/kadur.com\/wp-content\/uploads\/2015\/07\/cuchillas-industriales-industria-forestal-maderera-small.jpg\"><img decoding=\"async\" class=\"alignnone size-full wp-image-2206\" src=\"http:\/\/kadur.com\/wp-content\/uploads\/2015\/07\/cuchillas-industriales-industria-forestal-maderera-small.jpg\" alt=\"cuchillas-industriales-industria-forestal-maderera-small\" width=\"1024\" height=\"267\" srcset=\"https:\/\/www.kadur.com\/wp-content\/uploads\/2015\/07\/cuchillas-industriales-industria-forestal-maderera-small.jpg 1024w, https:\/\/www.kadur.com\/wp-content\/uploads\/2015\/07\/cuchillas-industriales-industria-forestal-maderera-small-300x78.jpg 300w\" sizes=\"(max-width: 1024px) 100vw, 1024px\" \/><\/a><\/p>\n<p>Duresa i tenacitat&#8230; amb la qualitat m\u00e9s concreta i \u00fatil per a cada aplicaci\u00f3.<br \/>\n<div class=\"columns\"><div class=\"clear\"><div class=\"col1-2\"><h2><span class=\"label\">assortiment<\/span>gammes <span class=\"thin\"><\/span><\/h2><\/p>\n<ul>\n<li>ganivetes <strong>torn de desenrotllar<\/strong><\/li>\n<li>ganivetes <strong>&#8220;xipejadores&#8221;<\/strong><\/li>\n<li>ganivetes <strong>trituradores<\/strong><\/li>\n<li>ganivetes <strong>laminadores <em>(slicer)<\/em><\/strong><\/li>\n<li>ganivetes <strong>per a cisalla<\/strong><\/li>\n<li>ganivetes <strong>desbrossadores<\/strong><\/li>\n<\/ul>\n<p><\/div><div class=\"col1-2\"><h2><span class=\"label\">assortiment<\/span>qualitats de l'acer <span class=\"thin\"><\/span><\/h2><\/p>\n<ul>\n<li><strong><a title=\"An\u00e0lisi de la composici\u00f3 de l'acer W.Nr. 1.2631\" href=\"http:\/\/www.kadur.com\/wp-content\/uploads\/2013\/02\/wnr_1.2631.png\" rel=\"lightbox&#091;700&#093;\">Acer WNr 1.2631<img decoding=\"async\" class=\"wp-image-770 alignright\" style=\"margin-top: 0px; margin-bottom: 0px;\" src=\"http:\/\/www.kadur.com\/wp-content\/uploads\/2013\/02\/chart_bar.png\" alt=\"chart_bar\" width=\"16\" height=\"16\" \/><\/a><\/strong>, alt contingut en crom (8%), gran tenacitat de treball<\/li>\n<li><strong><a title=\"An\u00e0lisi de la composici\u00f3 de l'acer W.Nr. 1.2345\" href=\"http:\/\/www.kadur.com\/wp-content\/uploads\/2013\/02\/wnr_1.2345.png\" rel=\"lightbox&#091;701&#093;\">Acer WNr 1.2345<img decoding=\"async\" class=\"wp-image-770 alignright\" style=\"margin-top: 0px; margin-bottom: 0px;\" src=\"http:\/\/www.kadur.com\/wp-content\/uploads\/2013\/02\/chart_bar.png\" alt=\"chart_bar\" width=\"16\" height=\"16\" \/><\/a><\/strong>, alt contingut en crom (5%), gran tenacitat de treball<\/li>\n<li><strong><a title=\"An\u00e0lisi de la composici\u00f3 de l'acer W.Nr. 1.2379\" href=\"http:\/\/www.kadur.com\/wp-content\/uploads\/2013\/02\/wnr_1.2379.png\" rel=\"lightbox&#091;702&#093;\">Acer WNr 1.2379<img decoding=\"async\" class=\"wp-image-770 alignright\" style=\"margin-top: 0px; margin-bottom: 0px;\" src=\"http:\/\/www.kadur.com\/wp-content\/uploads\/2013\/02\/chart_bar.png\" alt=\"chart_bar\" width=\"16\" height=\"16\" \/><\/a><\/strong>, alt contingut en crom (12%), major resist\u00e8ncia al desgast<\/li>\n<\/ul>\n<p><\/div><\/div><\/div><\/p>\n<div class=\"homesection section_C rule_light\"><a class=\"more\" title=\"Ind\u00fastria Forestal i de la Fusta\" href=\"https:\/\/www.kadur.com\/ca\/ganivetes\/forestal\/\"><span class=\"mark\">&gt;<\/span>llegir m\u00e9s<\/a><\/div>\n<h2>Ind\u00fastria del Metall<\/h2>\n<p><a href=\"http:\/\/kadur.com\/wp-content\/uploads\/2015\/07\/cuchillas-industriales-industria-metal-small.jpg\"><img decoding=\"async\" class=\"alignnone size-full wp-image-2208\" src=\"http:\/\/kadur.com\/wp-content\/uploads\/2015\/07\/cuchillas-industriales-industria-metal-small.jpg\" alt=\"cuchillas-industriales-industria-metal-small\" width=\"1024\" height=\"267\" srcset=\"https:\/\/www.kadur.com\/wp-content\/uploads\/2015\/07\/cuchillas-industriales-industria-metal-small.jpg 1024w, https:\/\/www.kadur.com\/wp-content\/uploads\/2015\/07\/cuchillas-industriales-industria-metal-small-300x78.jpg 300w\" sizes=\"(max-width: 1024px) 100vw, 1024px\" \/><\/a><\/p>\n<p>Tenaces i resistents. Precises i robustes. Aix\u00ed s\u00f3n les nostres ganivetes per a la ind\u00fastria del Metall.<br \/>\n<div class=\"columns\"><div class=\"clear\"><div class=\"col1-2\"><h2><span class=\"label\">assortiment<\/span>gammes <span class=\"thin\"><\/span><\/h2><\/p>\n<ul>\n<li>ganivetes <strong>trituradores<\/strong><\/li>\n<li>ganivetes <strong>per a cisalla<\/strong><\/li>\n<li>ganivetes <strong>circulars<\/strong><\/li>\n<li>fabricaci\u00f3, reparaci\u00f3 i afilat de <strong>regles centerless<\/strong><\/li>\n<\/ul>\n<p><\/div><div class=\"col1-2\"><h2><span class=\"label\">assortiment<\/span>qualitats de l'acer <span class=\"thin\"><\/span><\/h2><\/p>\n<ul>\n<li><strong><a title=\"An\u00e0lisi de la composici\u00f3 de l'acer W.Nr. 1.2379\" href=\"http:\/\/www.kadur.com\/wp-content\/uploads\/2013\/02\/wnr_1.2379.png\" rel=\"lightbox&#091;703&#093;\">Acer WNr 1.2379<img decoding=\"async\" class=\"wp-image-770 alignright\" style=\"margin-top: 0px; margin-bottom: 0px;\" src=\"http:\/\/www.kadur.com\/wp-content\/uploads\/2013\/02\/chart_bar.png\" alt=\"chart_bar\" width=\"16\" height=\"16\" \/><\/a><\/strong>, alt contingut en crom (12%), major resist\u00e8ncia al desgast<\/li>\n<li><strong><a title=\"An\u00e0lisi de la composici\u00f3 de l'acer W.Nr. 1.2631\" href=\"http:\/\/www.kadur.com\/wp-content\/uploads\/2013\/02\/wnr_1.2631.png\" rel=\"lightbox&#091;704&#093;\">Acer WNr 1.2631<img decoding=\"async\" class=\"wp-image-770 alignright\" style=\"margin-top: 0px; margin-bottom: 0px;\" src=\"http:\/\/www.kadur.com\/wp-content\/uploads\/2013\/02\/chart_bar.png\" alt=\"chart_bar\" width=\"16\" height=\"16\" \/><\/a><\/strong>, alt contingut en crom (8%), gran tenacitat de treball<\/li>\n<li><strong><a title=\"An\u00e0lisi de la composici\u00f3 de l'acer W.Nr. 1.3343\" href=\"http:\/\/www.kadur.com\/wp-content\/uploads\/2013\/02\/wnr_1.3343.png\" rel=\"lightbox&#091;705&#093;\">Acer WNr 1.3343<img decoding=\"async\" class=\"wp-image-770 alignright\" style=\"margin-top: 0px; margin-bottom: 0px;\" src=\"http:\/\/www.kadur.com\/wp-content\/uploads\/2013\/02\/chart_bar.png\" alt=\"chart_bar\" width=\"16\" height=\"16\" \/><\/a><\/strong><\/li>\n<\/ul>\n<p><\/div><\/div><\/div><\/p>\n<div class=\"homesection section_C rule_light\"><a class=\"more\" title=\"Ind\u00fastria del Metall\" href=\"https:\/\/www.kadur.com\/ca\/ganivetes\/metall\/\"><span class=\"mark\">&gt;<\/span>llegir m\u00e9s<\/a><\/div>\n<h2>Reciclatge<\/h2>\n<p><a href=\"http:\/\/kadur.com\/wp-content\/uploads\/2015\/07\/cuchillas-industriales-reciclaje-small.jpg\"><img decoding=\"async\" class=\"alignnone size-full wp-image-2214\" src=\"http:\/\/kadur.com\/wp-content\/uploads\/2015\/07\/cuchillas-industriales-reciclaje-small.jpg\" alt=\"cuchillas-industriales-reciclaje-small\" width=\"1024\" height=\"267\" srcset=\"https:\/\/www.kadur.com\/wp-content\/uploads\/2015\/07\/cuchillas-industriales-reciclaje-small.jpg 1024w, https:\/\/www.kadur.com\/wp-content\/uploads\/2015\/07\/cuchillas-industriales-reciclaje-small-300x78.jpg 300w\" sizes=\"(max-width: 1024px) 100vw, 1024px\" \/><\/a><\/p>\n<p>Pot\u00e8ncia, persist\u00e8ncia, robustesa&#8230; Caracter\u00edstiques sin\u00f2nim de les ganivetes KADUR.<br \/>\n<div class=\"columns\"><div class=\"clear\"><div class=\"col1-2\"><h2><span class=\"label\">assortiment<\/span>gammes <span class=\"thin\"><\/span><\/h2><\/p>\n<ul>\n<li>ganivetes <strong>trituradores<\/strong><\/li>\n<li>ganivetes <strong>esquin\u00e7adores<\/strong><\/li>\n<li>ganivetes <strong>per gransa<\/strong><\/li>\n<\/ul>\n<p><\/div><div class=\"col1-2\"><h2><span class=\"label\">assortiment<\/span>qualitats de l'acer <span class=\"thin\"><\/span><\/h2><\/p>\n<ul>\n<li><strong><a title=\"An\u00e0lisi de la composici\u00f3 de l'acer W.Nr. 1.2360\" href=\"http:\/\/www.kadur.com\/wp-content\/uploads\/2013\/02\/wnr_1.2360.png\" rel=\"lightbox&#091;706&#093;\">Acer WNr 1.2360<img decoding=\"async\" class=\"wp-image-770 alignright\" style=\"margin-top: 0px; margin-bottom: 0px;\" src=\"http:\/\/www.kadur.com\/wp-content\/uploads\/2013\/02\/chart_bar.png\" alt=\"chart_bar\" width=\"16\" height=\"16\" \/><\/a><\/strong><\/li>\n<li><strong><a title=\"An\u00e0lisi de la composici\u00f3 de l'acer W.Nr. 1.2379\" href=\"http:\/\/www.kadur.com\/wp-content\/uploads\/2013\/02\/wnr_1.2379.png\" rel=\"lightbox&#091;707&#093;\">Acer WNr 1.2379<img decoding=\"async\" class=\"wp-image-770 alignright\" style=\"margin-top: 0px; margin-bottom: 0px;\" src=\"http:\/\/www.kadur.com\/wp-content\/uploads\/2013\/02\/chart_bar.png\" alt=\"chart_bar\" width=\"16\" height=\"16\" \/><\/a><\/strong>, alt contingut en crom (12%), major resist\u00e8ncia al desgast<\/li>\n<li><strong><a title=\"An\u00e0lisi de la composici\u00f3 de l'acer W.Nr. 1.2842\" href=\"http:\/\/www.kadur.com\/wp-content\/uploads\/2013\/02\/wnr_1.2842.png\" rel=\"lightbox&#091;708&#093;\">Acer WNr 1.2842<img decoding=\"async\" class=\"wp-image-770 alignright\" style=\"margin-top: 0px; margin-bottom: 0px;\" src=\"http:\/\/www.kadur.com\/wp-content\/uploads\/2013\/02\/chart_bar.png\" alt=\"chart_bar\" width=\"16\" height=\"16\" \/><\/a><\/strong><\/li>\n<li>Ganivetes amb <strong>insert de metall dur (carbur de tungst\u00e8)<\/strong>, per a materials molt abrasius.<\/li>\n<\/ul>\n<p><\/div><\/div><\/div><\/p>\n<div class=\"homesection section_C rule_light\"><a class=\"more\" title=\"Reciclatge\" href=\"https:\/\/www.kadur.com\/ca\/ganivetes\/reciclatge\/\"><span class=\"mark\">&gt;<\/span>llegir m\u00e9s<\/a><\/div>\n","protected":false},"excerpt":{"rendered":"<p>Paper i Arts gr\u00e0fiques Les Arts Gr\u00e0fiques requereixen, cada vegada m\u00e9s, precisi\u00f3 i rapidesa en les operacions de tall. &gt;llegir m\u00e9s Fusta i Ebenisteria Duresa i qualitat de tall. Alt rendiment. Aix\u00ed s\u00f3n les ganivetes KADUR per treballar la fusta. &hellip; <br \/><a href=\"https:\/\/www.kadur.com\/ca\/ganivetes\/\" class=\"more-link\">Continuar llegint<\/a><\/p>\n","protected":false},"author":1,"featured_media":0,"parent":0,"menu_order":3,"comment_status":"closed","ping_status":"closed","template":"onecolumn-page.php","meta":{"footnotes":""},"yoast_head":"<!-- This site is optimized with the Yoast SEO plugin v24.5 - https:\/\/yoast.com\/wordpress\/plugins\/seo\/ -->\n<title>Ganivetes - Kadur<\/title>\n<meta name=\"robots\" content=\"index, follow, max-snippet:-1, max-image-preview:large, max-video-preview:-1\" \/>\n<link rel=\"canonical\" href=\"https:\/\/www.kadur.com\/ca\/ganivetes\/\" \/>\n<meta property=\"og:locale\" content=\"ca_ES\" \/>\n<meta property=\"og:type\" content=\"article\" \/>\n<meta property=\"og:title\" content=\"Ganivetes - Kadur\" \/>\n<meta property=\"og:description\" content=\"Paper i Arts gr\u00e0fiques Les Arts Gr\u00e0fiques requereixen, cada vegada m\u00e9s, precisi\u00f3 i rapidesa en les operacions de tall. &gt;llegir m\u00e9s Fusta i Ebenisteria Duresa i qualitat de tall. Alt rendiment. Aix\u00ed s\u00f3n les ganivetes KADUR per treballar la fusta. &hellip; Continuar llegint\" \/>\n<meta property=\"og:url\" content=\"https:\/\/www.kadur.com\/ca\/ganivetes\/\" \/>\n<meta property=\"og:site_name\" content=\"Kadur\" \/>\n<meta property=\"article:modified_time\" content=\"2015-07-31T12:11:15+00:00\" \/>\n<meta property=\"og:image\" content=\"http:\/\/kadur.com\/wp-content\/uploads\/2015\/07\/cuchillas-industriales-papeles-artes-graficas-small.jpg\" \/>\n<meta name=\"twitter:label1\" content=\"Temps estimat de lectura\" \/>\n\t<meta name=\"twitter:data1\" content=\"2 minuts\" \/>\n<script type=\"application\/ld+json\" class=\"yoast-schema-graph\">{\"@context\":\"https:\/\/schema.org\",\"@graph\":[{\"@type\":\"WebPage\",\"@id\":\"https:\/\/www.kadur.com\/ca\/ganivetes\/\",\"url\":\"https:\/\/www.kadur.com\/ca\/ganivetes\/\",\"name\":\"Ganivetes - Kadur\",\"isPartOf\":{\"@id\":\"https:\/\/www.kadur.com\/fr\/#website\"},\"primaryImageOfPage\":{\"@id\":\"https:\/\/www.kadur.com\/ca\/ganivetes\/#primaryimage\"},\"image\":{\"@id\":\"https:\/\/www.kadur.com\/ca\/ganivetes\/#primaryimage\"},\"thumbnailUrl\":\"http:\/\/kadur.com\/wp-content\/uploads\/2015\/07\/cuchillas-industriales-papeles-artes-graficas-small.jpg\",\"datePublished\":\"2013-02-23T12:09:51+00:00\",\"dateModified\":\"2015-07-31T12:11:15+00:00\",\"breadcrumb\":{\"@id\":\"https:\/\/www.kadur.com\/ca\/ganivetes\/#breadcrumb\"},\"inLanguage\":\"ca\",\"potentialAction\":[{\"@type\":\"ReadAction\",\"target\":[\"https:\/\/www.kadur.com\/ca\/ganivetes\/\"]}]},{\"@type\":\"ImageObject\",\"inLanguage\":\"ca\",\"@id\":\"https:\/\/www.kadur.com\/ca\/ganivetes\/#primaryimage\",\"url\":\"http:\/\/kadur.com\/wp-content\/uploads\/2015\/07\/cuchillas-industriales-papeles-artes-graficas-small.jpg\",\"contentUrl\":\"http:\/\/kadur.com\/wp-content\/uploads\/2015\/07\/cuchillas-industriales-papeles-artes-graficas-small.jpg\"},{\"@type\":\"BreadcrumbList\",\"@id\":\"https:\/\/www.kadur.com\/ca\/ganivetes\/#breadcrumb\",\"itemListElement\":[{\"@type\":\"ListItem\",\"position\":1,\"name\":\"Home\",\"item\":\"https:\/\/www.kadur.com\/ca\/\"},{\"@type\":\"ListItem\",\"position\":2,\"name\":\"Ganivetes\"}]},{\"@type\":\"WebSite\",\"@id\":\"https:\/\/www.kadur.com\/fr\/#website\",\"url\":\"https:\/\/www.kadur.com\/fr\/\",\"name\":\"Kadur\",\"description\":\"Ganivetes Industrials d'Alt Rendiment\",\"potentialAction\":[{\"@type\":\"SearchAction\",\"target\":{\"@type\":\"EntryPoint\",\"urlTemplate\":\"https:\/\/www.kadur.com\/fr\/?s={search_term_string}\"},\"query-input\":{\"@type\":\"PropertyValueSpecification\",\"valueRequired\":true,\"valueName\":\"search_term_string\"}}],\"inLanguage\":\"ca\"}]}<\/script>\n<!-- \/ Yoast SEO plugin. -->","yoast_head_json":{"title":"Ganivetes - Kadur","robots":{"index":"index","follow":"follow","max-snippet":"max-snippet:-1","max-image-preview":"max-image-preview:large","max-video-preview":"max-video-preview:-1"},"canonical":"https:\/\/www.kadur.com\/ca\/ganivetes\/","og_locale":"ca_ES","og_type":"article","og_title":"Ganivetes - Kadur","og_description":"Paper i Arts gr\u00e0fiques Les Arts Gr\u00e0fiques requereixen, cada vegada m\u00e9s, precisi\u00f3 i rapidesa en les operacions de tall. &gt;llegir m\u00e9s Fusta i Ebenisteria Duresa i qualitat de tall. Alt rendiment. Aix\u00ed s\u00f3n les ganivetes KADUR per treballar la fusta. &hellip; Continuar llegint","og_url":"https:\/\/www.kadur.com\/ca\/ganivetes\/","og_site_name":"Kadur","article_modified_time":"2015-07-31T12:11:15+00:00","og_image":[{"url":"http:\/\/kadur.com\/wp-content\/uploads\/2015\/07\/cuchillas-industriales-papeles-artes-graficas-small.jpg","type":"","width":"","height":""}],"twitter_misc":{"Temps estimat de lectura":"2 minuts"},"schema":{"@context":"https:\/\/schema.org","@graph":[{"@type":"WebPage","@id":"https:\/\/www.kadur.com\/ca\/ganivetes\/","url":"https:\/\/www.kadur.com\/ca\/ganivetes\/","name":"Ganivetes - Kadur","isPartOf":{"@id":"https:\/\/www.kadur.com\/fr\/#website"},"primaryImageOfPage":{"@id":"https:\/\/www.kadur.com\/ca\/ganivetes\/#primaryimage"},"image":{"@id":"https:\/\/www.kadur.com\/ca\/ganivetes\/#primaryimage"},"thumbnailUrl":"http:\/\/kadur.com\/wp-content\/uploads\/2015\/07\/cuchillas-industriales-papeles-artes-graficas-small.jpg","datePublished":"2013-02-23T12:09:51+00:00","dateModified":"2015-07-31T12:11:15+00:00","breadcrumb":{"@id":"https:\/\/www.kadur.com\/ca\/ganivetes\/#breadcrumb"},"inLanguage":"ca","potentialAction":[{"@type":"ReadAction","target":["https:\/\/www.kadur.com\/ca\/ganivetes\/"]}]},{"@type":"ImageObject","inLanguage":"ca","@id":"https:\/\/www.kadur.com\/ca\/ganivetes\/#primaryimage","url":"http:\/\/kadur.com\/wp-content\/uploads\/2015\/07\/cuchillas-industriales-papeles-artes-graficas-small.jpg","contentUrl":"http:\/\/kadur.com\/wp-content\/uploads\/2015\/07\/cuchillas-industriales-papeles-artes-graficas-small.jpg"},{"@type":"BreadcrumbList","@id":"https:\/\/www.kadur.com\/ca\/ganivetes\/#breadcrumb","itemListElement":[{"@type":"ListItem","position":1,"name":"Home","item":"https:\/\/www.kadur.com\/ca\/"},{"@type":"ListItem","position":2,"name":"Ganivetes"}]},{"@type":"WebSite","@id":"https:\/\/www.kadur.com\/fr\/#website","url":"https:\/\/www.kadur.com\/fr\/","name":"Kadur","description":"Ganivetes Industrials d'Alt Rendiment","potentialAction":[{"@type":"SearchAction","target":{"@type":"EntryPoint","urlTemplate":"https:\/\/www.kadur.com\/fr\/?s={search_term_string}"},"query-input":{"@type":"PropertyValueSpecification","valueRequired":true,"valueName":"search_term_string"}}],"inLanguage":"ca"}]}},"_links":{"self":[{"href":"https:\/\/www.kadur.com\/ca\/wp-json\/wp\/v2\/pages\/744"}],"collection":[{"href":"https:\/\/www.kadur.com\/ca\/wp-json\/wp\/v2\/pages"}],"about":[{"href":"https:\/\/www.kadur.com\/ca\/wp-json\/wp\/v2\/types\/page"}],"author":[{"embeddable":true,"href":"https:\/\/www.kadur.com\/ca\/wp-json\/wp\/v2\/users\/1"}],"replies":[{"embeddable":true,"href":"https:\/\/www.kadur.com\/ca\/wp-json\/wp\/v2\/comments?post=744"}],"version-history":[{"count":0,"href":"https:\/\/www.kadur.com\/ca\/wp-json\/wp\/v2\/pages\/744\/revisions"}],"wp:attachment":[{"href":"https:\/\/www.kadur.com\/ca\/wp-json\/wp\/v2\/media?parent=744"}],"curies":[{"name":"wp","href":"https:\/\/api.w.org\/{rel}","templated":true}]}}