{"id":719,"date":"2013-02-21T01:56:03","date_gmt":"2013-02-21T00:56:03","guid":{"rendered":"http:\/\/www.kadur.com\/?page_id=719"},"modified":"2015-07-20T19:46:08","modified_gmt":"2015-07-20T17:46:08","slug":"reciclatge","status":"publish","type":"page","link":"https:\/\/www.kadur.com\/ca\/ganivetes\/reciclatge\/","title":{"rendered":"Reciclatge"},"content":{"rendered":"<h1>Pot\u00e8ncia, persist\u00e8ncia, robustesa&#8230;<\/h1>\n<div class=\"columns\"><div class=\"clear\"><div class=\"col1-2\">\nAquestes caracter\u00edstiques s\u00f3n sin\u00f2nim de les ganivetes d&#8217;alt rendiment KADUR en els diversos apartats de la ind\u00fastria del Reciclatge:<\/p>\n<ul>\n<li>ganivetes <strong>trituradores<\/strong><\/li>\n<li>ganivetes <strong>esquin\u00e7adores<\/strong><\/li>\n<li>ganivetes <strong>per gransa<\/strong><\/li>\n<\/ul>\n<p><img decoding=\"async\" class=\"alignleft  wp-image-724\" style=\"margin-top: -20px; margin-bottom: 0px;\" src=\"http:\/\/www.kadur.com\/wp-content\/uploads\/2013\/02\/logo_hq-300x120.png\" alt=\"logo_hq\" width=\"180\" height=\"72\" srcset=\"https:\/\/www.kadur.com\/wp-content\/uploads\/2013\/02\/logo_hq-300x120.png 300w, https:\/\/www.kadur.com\/wp-content\/uploads\/2013\/02\/logo_hq.png 400w\" sizes=\"(max-width: 180px) 100vw, 180px\" \/><\/p>\n<table>\n<thead>\n<tr>\n<th colspan=\"2\">Ganivetes per a les millors marques<\/th>\n<\/tr>\n<\/thead>\n<tbody>\n<tr>\n<td>EREMA<\/td>\n<td>PREVIERO<\/td>\n<\/tr>\n<tr>\n<td>EUROTECNO<\/td>\n<td>RAPID<\/td>\n<\/tr>\n<tr>\n<td>GETECHA<\/td>\n<td>TMG<\/td>\n<\/tr>\n<tr>\n<td>MATEU-SOLE<\/td>\n<td>TRIA<\/td>\n<\/tr>\n<tr>\n<td>MORETTO<\/td>\n<td>VECOPLAN<\/td>\n<\/tr>\n<tr>\n<td>OVER<\/td>\n<td>WEIMA<\/td>\n<\/tr>\n<tr>\n<td>PRAT<\/td>\n<td><\/td>\n<\/tr>\n<\/tbody>\n<\/table>\n<p>Ganivetes d&#8217;acer amb alta resist\u00e8ncia al desgast o fulles amb <strong>insert de metall dur (carbur de tungst\u00e8)<\/strong> per a materials molt abrasius, totes elles s&#8217;aconsegueixen els valors m\u00e9s rendibles per triturar residus met\u00e0l\u00b7lics, naturals o sint\u00e8tics.\n<\/div><div class=\"col1-2\">\n<img decoding=\"async\" class=\"size-full wp-image-2041 alignnone\" src=\"http:\/\/www.kadur.com\/wp-content\/uploads\/2013\/03\/reciclaje_1_290.jpg\" alt=\"reciclaje_1_290\" width=\"140\" height=\"100\" \/><img decoding=\"async\" class=\"size-full wp-image-2042 alignnone\" src=\"http:\/\/www.kadur.com\/wp-content\/uploads\/2013\/03\/reciclaje_2_290.jpg\" alt=\"reciclaje_2_290\" width=\"140\" height=\"100\" \/>\n<img decoding=\"async\" class=\"size-full wp-image-2043 alignnone\" src=\"http:\/\/www.kadur.com\/wp-content\/uploads\/2013\/03\/reciclaje_3_290.jpg\" alt=\"reciclaje_3_290\" width=\"140\" height=\"100\" \/><img decoding=\"async\" class=\"size-full wp-image-2044 alignnone\" src=\"http:\/\/www.kadur.com\/wp-content\/uploads\/2013\/03\/reciclaje_4_290.jpg\" alt=\"reciclaje_4_290\" width=\"140\" height=\"100\" \/>\n<img decoding=\"async\" class=\"alignnone size-full wp-image-2045\" src=\"http:\/\/www.kadur.com\/wp-content\/uploads\/2013\/03\/reciclaje_5_290.jpg\" alt=\"reciclaje_5_290\" width=\"140\" height=\"100\" \/><img decoding=\"async\" class=\"alignnone size-full wp-image-2046\" src=\"http:\/\/www.kadur.com\/wp-content\/uploads\/2013\/03\/reciclaje_6_290.jpg\" alt=\"reciclaje_6_290\" width=\"140\" height=\"100\" \/>\n<img decoding=\"async\" class=\"alignnone size-full wp-image-2047\" src=\"http:\/\/www.kadur.com\/wp-content\/uploads\/2013\/03\/reciclaje_7_290.jpg\" alt=\"reciclaje_7_290\" width=\"140\" height=\"100\" \/><img decoding=\"async\" class=\"alignnone size-full wp-image-2048\" src=\"http:\/\/www.kadur.com\/wp-content\/uploads\/2013\/03\/reciclaje_8_290.jpg\" alt=\"reciclaje_8_290\" width=\"140\" height=\"100\" \/>\n<\/div><\/div><\/div>\n<div class=\"columns\"><div class=\"clear\"><div class=\"col1-2\">\n<img decoding=\"async\" class=\"alignnone size-full wp-image-2049\" src=\"http:\/\/www.kadur.com\/wp-content\/uploads\/2013\/03\/reciclaje_9_290.jpg\" alt=\"reciclaje_9_290\" width=\"290\" height=\"315\" srcset=\"https:\/\/www.kadur.com\/wp-content\/uploads\/2013\/03\/reciclaje_9_290.jpg 290w, https:\/\/www.kadur.com\/wp-content\/uploads\/2013\/03\/reciclaje_9_290-276x300.jpg 276w\" sizes=\"(max-width: 290px) 100vw, 290px\" \/>\n<\/div><div class=\"col1-2\">\nSiguin electrodom\u00e8stics o ferralla electr\u00f2nica, cables, cuir, t\u00e8xtil, fusta, cel\u00b7lulosa, paper, cartr\u00f3, pneum\u00e0tics, llandes, xapa, pl\u00e0stic, granulaci\u00f3 fina &#8230; per tot aix\u00f2 hem desenvolupat les ganivetes m\u00e9s apropiades.<\/p>\n<ul>\n<li><strong><a title=\"An\u00e0lisi de la composici\u00f3 de l'acer W.Nr. 1.2360\" href=\"http:\/\/www.kadur.com\/wp-content\/uploads\/2013\/02\/wnr_1.2360.png\" rel=\"lightbox&#091;706&#093;\">Acer WNr 1.2360<img decoding=\"async\" class=\"wp-image-770 alignright\" style=\"margin-top: 0px; margin-bottom: 0px;\" src=\"http:\/\/www.kadur.com\/wp-content\/uploads\/2013\/02\/chart_bar.png\" alt=\"chart_bar\" width=\"16\" height=\"16\" \/><\/a><\/strong><\/li>\n<li><strong><a title=\"An\u00e0lisi de la composici\u00f3 de l'acer W.Nr. 1.2379\" href=\"http:\/\/www.kadur.com\/wp-content\/uploads\/2013\/02\/wnr_1.2379.png\" rel=\"lightbox&#091;707&#093;\">Acer WNr 1.2379<img decoding=\"async\" class=\"wp-image-770 alignright\" style=\"margin-top: 0px; margin-bottom: 0px;\" src=\"http:\/\/www.kadur.com\/wp-content\/uploads\/2013\/02\/chart_bar.png\" alt=\"chart_bar\" width=\"16\" height=\"16\" \/><\/a><\/strong>, alt contingut en crom (12%), major resist\u00e8ncia al desgast<\/li>\n<li><strong><a title=\"An\u00e0lisi de la composici\u00f3 de l'acer W.Nr. 1.2842\" href=\"http:\/\/www.kadur.com\/wp-content\/uploads\/2013\/02\/wnr_1.2842.png\" rel=\"lightbox&#091;708&#093;\">Acer WNr 1.2842<img decoding=\"async\" class=\"wp-image-770 alignright\" style=\"margin-top: 0px; margin-bottom: 0px;\" src=\"http:\/\/www.kadur.com\/wp-content\/uploads\/2013\/02\/chart_bar.png\" alt=\"chart_bar\" width=\"16\" height=\"16\" \/><\/a><\/strong><\/li>\n<\/ul>\n<p>A la gamma de models i qualitats afegim una atenci\u00f3 t\u00e8cnica concreta per a cada client, acompanyant-lo en el proc\u00e9s de transformar i optimitzar els recursos del planeta amb l&#8217;opci\u00f3 m\u00e9s efica\u00e7 i rendible.\n<\/div><\/div><\/div>\n","protected":false},"excerpt":{"rendered":"<p>Pot\u00e8ncia, persist\u00e8ncia, robustesa&#8230;<\/p>\n","protected":false},"author":1,"featured_media":0,"parent":744,"menu_order":4,"comment_status":"closed","ping_status":"closed","template":"","meta":{"footnotes":""},"yoast_head":"<!-- This site is optimized with the Yoast SEO plugin v24.5 - https:\/\/yoast.com\/wordpress\/plugins\/seo\/ -->\n<title>Reciclatge - Kadur<\/title>\n<meta name=\"robots\" content=\"index, follow, max-snippet:-1, max-image-preview:large, max-video-preview:-1\" \/>\n<link rel=\"canonical\" href=\"https:\/\/www.kadur.com\/ca\/ganivetes\/reciclatge\/\" \/>\n<meta property=\"og:locale\" content=\"ca_ES\" \/>\n<meta property=\"og:type\" content=\"article\" \/>\n<meta property=\"og:title\" content=\"Reciclatge - Kadur\" \/>\n<meta property=\"og:description\" content=\"Pot\u00e8ncia, persist\u00e8ncia, robustesa&#8230;\" \/>\n<meta property=\"og:url\" content=\"https:\/\/www.kadur.com\/ca\/ganivetes\/reciclatge\/\" \/>\n<meta property=\"og:site_name\" content=\"Kadur\" \/>\n<meta property=\"article:modified_time\" content=\"2015-07-20T17:46:08+00:00\" \/>\n<meta property=\"og:image\" content=\"http:\/\/www.kadur.com\/wp-content\/uploads\/2013\/02\/logo_hq-300x120.png\" \/>\n<meta name=\"twitter:label1\" content=\"Temps estimat de lectura\" \/>\n\t<meta name=\"twitter:data1\" content=\"1 minut\" \/>\n<script type=\"application\/ld+json\" class=\"yoast-schema-graph\">{\"@context\":\"https:\/\/schema.org\",\"@graph\":[{\"@type\":\"WebPage\",\"@id\":\"https:\/\/www.kadur.com\/ca\/ganivetes\/reciclatge\/\",\"url\":\"https:\/\/www.kadur.com\/ca\/ganivetes\/reciclatge\/\",\"name\":\"Reciclatge - Kadur\",\"isPartOf\":{\"@id\":\"https:\/\/www.kadur.com\/fr\/#website\"},\"primaryImageOfPage\":{\"@id\":\"https:\/\/www.kadur.com\/ca\/ganivetes\/reciclatge\/#primaryimage\"},\"image\":{\"@id\":\"https:\/\/www.kadur.com\/ca\/ganivetes\/reciclatge\/#primaryimage\"},\"thumbnailUrl\":\"http:\/\/www.kadur.com\/wp-content\/uploads\/2013\/02\/logo_hq-300x120.png\",\"datePublished\":\"2013-02-21T00:56:03+00:00\",\"dateModified\":\"2015-07-20T17:46:08+00:00\",\"breadcrumb\":{\"@id\":\"https:\/\/www.kadur.com\/ca\/ganivetes\/reciclatge\/#breadcrumb\"},\"inLanguage\":\"ca\",\"potentialAction\":[{\"@type\":\"ReadAction\",\"target\":[\"https:\/\/www.kadur.com\/ca\/ganivetes\/reciclatge\/\"]}]},{\"@type\":\"ImageObject\",\"inLanguage\":\"ca\",\"@id\":\"https:\/\/www.kadur.com\/ca\/ganivetes\/reciclatge\/#primaryimage\",\"url\":\"http:\/\/www.kadur.com\/wp-content\/uploads\/2013\/02\/logo_hq-300x120.png\",\"contentUrl\":\"http:\/\/www.kadur.com\/wp-content\/uploads\/2013\/02\/logo_hq-300x120.png\"},{\"@type\":\"BreadcrumbList\",\"@id\":\"https:\/\/www.kadur.com\/ca\/ganivetes\/reciclatge\/#breadcrumb\",\"itemListElement\":[{\"@type\":\"ListItem\",\"position\":1,\"name\":\"Home\",\"item\":\"https:\/\/www.kadur.com\/ca\/\"},{\"@type\":\"ListItem\",\"position\":2,\"name\":\"Ganivetes\",\"item\":\"https:\/\/www.kadur.com\/ca\/ganivetes\/\"},{\"@type\":\"ListItem\",\"position\":3,\"name\":\"Reciclatge\"}]},{\"@type\":\"WebSite\",\"@id\":\"https:\/\/www.kadur.com\/fr\/#website\",\"url\":\"https:\/\/www.kadur.com\/fr\/\",\"name\":\"Kadur\",\"description\":\"Ganivetes Industrials d'Alt Rendiment\",\"potentialAction\":[{\"@type\":\"SearchAction\",\"target\":{\"@type\":\"EntryPoint\",\"urlTemplate\":\"https:\/\/www.kadur.com\/fr\/?s={search_term_string}\"},\"query-input\":{\"@type\":\"PropertyValueSpecification\",\"valueRequired\":true,\"valueName\":\"search_term_string\"}}],\"inLanguage\":\"ca\"}]}<\/script>\n<!-- \/ Yoast SEO plugin. -->","yoast_head_json":{"title":"Reciclatge - Kadur","robots":{"index":"index","follow":"follow","max-snippet":"max-snippet:-1","max-image-preview":"max-image-preview:large","max-video-preview":"max-video-preview:-1"},"canonical":"https:\/\/www.kadur.com\/ca\/ganivetes\/reciclatge\/","og_locale":"ca_ES","og_type":"article","og_title":"Reciclatge - Kadur","og_description":"Pot\u00e8ncia, persist\u00e8ncia, robustesa&#8230;","og_url":"https:\/\/www.kadur.com\/ca\/ganivetes\/reciclatge\/","og_site_name":"Kadur","article_modified_time":"2015-07-20T17:46:08+00:00","og_image":[{"url":"http:\/\/www.kadur.com\/wp-content\/uploads\/2013\/02\/logo_hq-300x120.png","type":"","width":"","height":""}],"twitter_misc":{"Temps estimat de lectura":"1 minut"},"schema":{"@context":"https:\/\/schema.org","@graph":[{"@type":"WebPage","@id":"https:\/\/www.kadur.com\/ca\/ganivetes\/reciclatge\/","url":"https:\/\/www.kadur.com\/ca\/ganivetes\/reciclatge\/","name":"Reciclatge - Kadur","isPartOf":{"@id":"https:\/\/www.kadur.com\/fr\/#website"},"primaryImageOfPage":{"@id":"https:\/\/www.kadur.com\/ca\/ganivetes\/reciclatge\/#primaryimage"},"image":{"@id":"https:\/\/www.kadur.com\/ca\/ganivetes\/reciclatge\/#primaryimage"},"thumbnailUrl":"http:\/\/www.kadur.com\/wp-content\/uploads\/2013\/02\/logo_hq-300x120.png","datePublished":"2013-02-21T00:56:03+00:00","dateModified":"2015-07-20T17:46:08+00:00","breadcrumb":{"@id":"https:\/\/www.kadur.com\/ca\/ganivetes\/reciclatge\/#breadcrumb"},"inLanguage":"ca","potentialAction":[{"@type":"ReadAction","target":["https:\/\/www.kadur.com\/ca\/ganivetes\/reciclatge\/"]}]},{"@type":"ImageObject","inLanguage":"ca","@id":"https:\/\/www.kadur.com\/ca\/ganivetes\/reciclatge\/#primaryimage","url":"http:\/\/www.kadur.com\/wp-content\/uploads\/2013\/02\/logo_hq-300x120.png","contentUrl":"http:\/\/www.kadur.com\/wp-content\/uploads\/2013\/02\/logo_hq-300x120.png"},{"@type":"BreadcrumbList","@id":"https:\/\/www.kadur.com\/ca\/ganivetes\/reciclatge\/#breadcrumb","itemListElement":[{"@type":"ListItem","position":1,"name":"Home","item":"https:\/\/www.kadur.com\/ca\/"},{"@type":"ListItem","position":2,"name":"Ganivetes","item":"https:\/\/www.kadur.com\/ca\/ganivetes\/"},{"@type":"ListItem","position":3,"name":"Reciclatge"}]},{"@type":"WebSite","@id":"https:\/\/www.kadur.com\/fr\/#website","url":"https:\/\/www.kadur.com\/fr\/","name":"Kadur","description":"Ganivetes Industrials d'Alt Rendiment","potentialAction":[{"@type":"SearchAction","target":{"@type":"EntryPoint","urlTemplate":"https:\/\/www.kadur.com\/fr\/?s={search_term_string}"},"query-input":{"@type":"PropertyValueSpecification","valueRequired":true,"valueName":"search_term_string"}}],"inLanguage":"ca"}]}},"_links":{"self":[{"href":"https:\/\/www.kadur.com\/ca\/wp-json\/wp\/v2\/pages\/719"}],"collection":[{"href":"https:\/\/www.kadur.com\/ca\/wp-json\/wp\/v2\/pages"}],"about":[{"href":"https:\/\/www.kadur.com\/ca\/wp-json\/wp\/v2\/types\/page"}],"author":[{"embeddable":true,"href":"https:\/\/www.kadur.com\/ca\/wp-json\/wp\/v2\/users\/1"}],"replies":[{"embeddable":true,"href":"https:\/\/www.kadur.com\/ca\/wp-json\/wp\/v2\/comments?post=719"}],"version-history":[{"count":0,"href":"https:\/\/www.kadur.com\/ca\/wp-json\/wp\/v2\/pages\/719\/revisions"}],"up":[{"embeddable":true,"href":"https:\/\/www.kadur.com\/ca\/wp-json\/wp\/v2\/pages\/744"}],"wp:attachment":[{"href":"https:\/\/www.kadur.com\/ca\/wp-json\/wp\/v2\/media?parent=719"}],"curies":[{"name":"wp","href":"https:\/\/api.w.org\/{rel}","templated":true}]}}