{"id":718,"date":"2013-02-21T01:53:25","date_gmt":"2013-02-21T00:53:25","guid":{"rendered":"http:\/\/www.kadur.com\/?page_id=718"},"modified":"2015-07-20T19:43:34","modified_gmt":"2015-07-20T17:43:34","slug":"metall","status":"publish","type":"page","link":"https:\/\/www.kadur.com\/ca\/ganivetes\/metall\/","title":{"rendered":"Ind\u00fastria del Metall"},"content":{"rendered":"<h1>Tenaces i Resistents<\/h1>\n<h2>Precises i robustes.<\/h2>\n<div class=\"columns\"><div class=\"clear\"><div class=\"col1-2\">\nAix\u00ed s\u00f3n les nostres ganivetes d&#8217;alt rendiment per a la ind\u00fastria del Metall:<\/p>\n<ul>\n<li>ganivetes <strong>trituradores<\/strong><\/li>\n<li>ganivetes <strong>per a cisalla<\/strong><\/li>\n<li>ganivetes <strong>circulars<\/strong><\/li>\n<li>fabricaci\u00f3, reparaci\u00f3 i afilat de <strong>regles centerless<\/strong>, en carbur de tungst\u00e8 (metall dur).<\/li>\n<\/ul>\n<p><\/div><div class=\"col1-2\">\n<img decoding=\"async\" class=\"alignnone size-full wp-image-2037\" src=\"http:\/\/www.kadur.com\/wp-content\/uploads\/2013\/03\/metal_1_290.jpg\" alt=\"metal_1_290\" width=\"290\" height=\"100\" \/>\n<img decoding=\"async\" class=\"alignnone size-full wp-image-2038\" src=\"http:\/\/www.kadur.com\/wp-content\/uploads\/2013\/03\/metal_2_290.jpg\" alt=\"metal_2_290\" width=\"290\" height=\"100\" \/>\n<\/div><\/div><\/div>\n<div class=\"columns\"><div class=\"clear\"><div class=\"col1-2\">\n<img decoding=\"async\" class=\"alignnone size-full wp-image-2039\" src=\"http:\/\/www.kadur.com\/wp-content\/uploads\/2013\/03\/metal_3_290.jpg\" alt=\"metal_3_290\" width=\"290\" height=\"335\" srcset=\"https:\/\/www.kadur.com\/wp-content\/uploads\/2013\/03\/metal_3_290.jpg 290w, https:\/\/www.kadur.com\/wp-content\/uploads\/2013\/03\/metal_3_290-259x300.jpg 259w\" sizes=\"(max-width: 290px) 100vw, 290px\" \/>\n<\/div><div class=\"col1-2\">\nCada aliatge i tractament t\u00e8rmic t\u00e9 la seva aplicaci\u00f3 m\u00e9s apropiada:<\/p>\n<ul>\n<li><strong><a title=\"An\u00e0lisi de la composici\u00f3 de l'acer W.Nr. 1.2379\" href=\"http:\/\/www.kadur.com\/wp-content\/uploads\/2013\/02\/wnr_1.2379.png\" rel=\"lightbox&#091;703&#093;\">Acer WNr 1.2379<img decoding=\"async\" class=\"wp-image-770 alignright\" style=\"margin-top: 0px; margin-bottom: 0px;\" src=\"http:\/\/www.kadur.com\/wp-content\/uploads\/2013\/02\/chart_bar.png\" alt=\"chart_bar\" width=\"16\" height=\"16\" \/><\/a><\/strong>, alt contingut en crom (12%), major resist\u00e8ncia al desgast<\/li>\n<li><strong><a title=\"An\u00e0lisi de la composici\u00f3 de l'acer W.Nr. 1.2631\" href=\"http:\/\/www.kadur.com\/wp-content\/uploads\/2013\/02\/wnr_1.2631.png\" rel=\"lightbox&#091;704&#093;\">Acer WNr 1.2631<img decoding=\"async\" class=\"wp-image-770 alignright\" style=\"margin-top: 0px; margin-bottom: 0px;\" src=\"http:\/\/www.kadur.com\/wp-content\/uploads\/2013\/02\/chart_bar.png\" alt=\"chart_bar\" width=\"16\" height=\"16\" \/><\/a><\/strong>, alt contingut en crom (8%), gran tenacitat de treball<\/li>\n<li><strong><a title=\"An\u00e0lisi de la composici\u00f3 de l'acer W.Nr. 1.3343\" href=\"http:\/\/www.kadur.com\/wp-content\/uploads\/2013\/02\/wnr_1.3343.png\" rel=\"lightbox&#091;705&#093;\">Acer WNr 1.3343<img decoding=\"async\" class=\"wp-image-770 alignright\" style=\"margin-top: 0px; margin-bottom: 0px;\" src=\"http:\/\/www.kadur.com\/wp-content\/uploads\/2013\/02\/chart_bar.png\" alt=\"chart_bar\" width=\"16\" height=\"16\" \/><\/a><\/strong><\/li>\n<\/ul>\n<p>I les especificacions t\u00e8cniques, com el paral\u00b7lelisme i les toler\u00e0ncies, tenen gran import\u00e0ncia en el sector metal\u00b7l\u00fargic.<\/p>\n<p>Amb la seva duresa i qualitat de tall, les nostres ganivetes s\u00f3n el complement perfecte als seus cisalles per tallar xapa d&#8217;acer o galvanitzada, llaut\u00f3, coure o qualsevol metall no f\u00e8rric, proporcionant seguretat, agilitat i precisi\u00f3 a la seva producci\u00f3.\n<\/div><\/div><\/div>\n","protected":false},"excerpt":{"rendered":"<p>Tenaces i Resistents Precises i robustes.<\/p>\n","protected":false},"author":1,"featured_media":0,"parent":744,"menu_order":3,"comment_status":"closed","ping_status":"closed","template":"","meta":{"footnotes":""},"yoast_head":"<!-- This site is optimized with the Yoast SEO plugin v24.5 - https:\/\/yoast.com\/wordpress\/plugins\/seo\/ -->\n<title>Ind\u00fastria del Metall - Kadur<\/title>\n<meta name=\"robots\" content=\"index, follow, max-snippet:-1, max-image-preview:large, max-video-preview:-1\" \/>\n<link rel=\"canonical\" href=\"https:\/\/www.kadur.com\/ca\/ganivetes\/metall\/\" \/>\n<meta property=\"og:locale\" content=\"ca_ES\" \/>\n<meta property=\"og:type\" content=\"article\" \/>\n<meta property=\"og:title\" content=\"Ind\u00fastria del Metall - Kadur\" \/>\n<meta property=\"og:description\" content=\"Tenaces i Resistents Precises i robustes.\" \/>\n<meta property=\"og:url\" content=\"https:\/\/www.kadur.com\/ca\/ganivetes\/metall\/\" \/>\n<meta property=\"og:site_name\" content=\"Kadur\" \/>\n<meta property=\"article:modified_time\" content=\"2015-07-20T17:43:34+00:00\" \/>\n<meta property=\"og:image\" content=\"http:\/\/www.kadur.com\/wp-content\/uploads\/2013\/03\/metal_1_290.jpg\" \/>\n<meta name=\"twitter:label1\" content=\"Temps estimat de lectura\" \/>\n\t<meta name=\"twitter:data1\" content=\"1 minut\" \/>\n<script type=\"application\/ld+json\" class=\"yoast-schema-graph\">{\"@context\":\"https:\/\/schema.org\",\"@graph\":[{\"@type\":\"WebPage\",\"@id\":\"https:\/\/www.kadur.com\/ca\/ganivetes\/metall\/\",\"url\":\"https:\/\/www.kadur.com\/ca\/ganivetes\/metall\/\",\"name\":\"Ind\u00fastria del Metall - Kadur\",\"isPartOf\":{\"@id\":\"https:\/\/www.kadur.com\/fr\/#website\"},\"primaryImageOfPage\":{\"@id\":\"https:\/\/www.kadur.com\/ca\/ganivetes\/metall\/#primaryimage\"},\"image\":{\"@id\":\"https:\/\/www.kadur.com\/ca\/ganivetes\/metall\/#primaryimage\"},\"thumbnailUrl\":\"http:\/\/www.kadur.com\/wp-content\/uploads\/2013\/03\/metal_1_290.jpg\",\"datePublished\":\"2013-02-21T00:53:25+00:00\",\"dateModified\":\"2015-07-20T17:43:34+00:00\",\"breadcrumb\":{\"@id\":\"https:\/\/www.kadur.com\/ca\/ganivetes\/metall\/#breadcrumb\"},\"inLanguage\":\"ca\",\"potentialAction\":[{\"@type\":\"ReadAction\",\"target\":[\"https:\/\/www.kadur.com\/ca\/ganivetes\/metall\/\"]}]},{\"@type\":\"ImageObject\",\"inLanguage\":\"ca\",\"@id\":\"https:\/\/www.kadur.com\/ca\/ganivetes\/metall\/#primaryimage\",\"url\":\"http:\/\/www.kadur.com\/wp-content\/uploads\/2013\/03\/metal_1_290.jpg\",\"contentUrl\":\"http:\/\/www.kadur.com\/wp-content\/uploads\/2013\/03\/metal_1_290.jpg\"},{\"@type\":\"BreadcrumbList\",\"@id\":\"https:\/\/www.kadur.com\/ca\/ganivetes\/metall\/#breadcrumb\",\"itemListElement\":[{\"@type\":\"ListItem\",\"position\":1,\"name\":\"Home\",\"item\":\"https:\/\/www.kadur.com\/ca\/\"},{\"@type\":\"ListItem\",\"position\":2,\"name\":\"Ganivetes\",\"item\":\"https:\/\/www.kadur.com\/ca\/ganivetes\/\"},{\"@type\":\"ListItem\",\"position\":3,\"name\":\"Ind\u00fastria del Metall\"}]},{\"@type\":\"WebSite\",\"@id\":\"https:\/\/www.kadur.com\/fr\/#website\",\"url\":\"https:\/\/www.kadur.com\/fr\/\",\"name\":\"Kadur\",\"description\":\"Ganivetes Industrials d'Alt Rendiment\",\"potentialAction\":[{\"@type\":\"SearchAction\",\"target\":{\"@type\":\"EntryPoint\",\"urlTemplate\":\"https:\/\/www.kadur.com\/fr\/?s={search_term_string}\"},\"query-input\":{\"@type\":\"PropertyValueSpecification\",\"valueRequired\":true,\"valueName\":\"search_term_string\"}}],\"inLanguage\":\"ca\"}]}<\/script>\n<!-- \/ Yoast SEO plugin. -->","yoast_head_json":{"title":"Ind\u00fastria del Metall - Kadur","robots":{"index":"index","follow":"follow","max-snippet":"max-snippet:-1","max-image-preview":"max-image-preview:large","max-video-preview":"max-video-preview:-1"},"canonical":"https:\/\/www.kadur.com\/ca\/ganivetes\/metall\/","og_locale":"ca_ES","og_type":"article","og_title":"Ind\u00fastria del Metall - Kadur","og_description":"Tenaces i Resistents Precises i robustes.","og_url":"https:\/\/www.kadur.com\/ca\/ganivetes\/metall\/","og_site_name":"Kadur","article_modified_time":"2015-07-20T17:43:34+00:00","og_image":[{"url":"http:\/\/www.kadur.com\/wp-content\/uploads\/2013\/03\/metal_1_290.jpg","type":"","width":"","height":""}],"twitter_misc":{"Temps estimat de lectura":"1 minut"},"schema":{"@context":"https:\/\/schema.org","@graph":[{"@type":"WebPage","@id":"https:\/\/www.kadur.com\/ca\/ganivetes\/metall\/","url":"https:\/\/www.kadur.com\/ca\/ganivetes\/metall\/","name":"Ind\u00fastria del Metall - Kadur","isPartOf":{"@id":"https:\/\/www.kadur.com\/fr\/#website"},"primaryImageOfPage":{"@id":"https:\/\/www.kadur.com\/ca\/ganivetes\/metall\/#primaryimage"},"image":{"@id":"https:\/\/www.kadur.com\/ca\/ganivetes\/metall\/#primaryimage"},"thumbnailUrl":"http:\/\/www.kadur.com\/wp-content\/uploads\/2013\/03\/metal_1_290.jpg","datePublished":"2013-02-21T00:53:25+00:00","dateModified":"2015-07-20T17:43:34+00:00","breadcrumb":{"@id":"https:\/\/www.kadur.com\/ca\/ganivetes\/metall\/#breadcrumb"},"inLanguage":"ca","potentialAction":[{"@type":"ReadAction","target":["https:\/\/www.kadur.com\/ca\/ganivetes\/metall\/"]}]},{"@type":"ImageObject","inLanguage":"ca","@id":"https:\/\/www.kadur.com\/ca\/ganivetes\/metall\/#primaryimage","url":"http:\/\/www.kadur.com\/wp-content\/uploads\/2013\/03\/metal_1_290.jpg","contentUrl":"http:\/\/www.kadur.com\/wp-content\/uploads\/2013\/03\/metal_1_290.jpg"},{"@type":"BreadcrumbList","@id":"https:\/\/www.kadur.com\/ca\/ganivetes\/metall\/#breadcrumb","itemListElement":[{"@type":"ListItem","position":1,"name":"Home","item":"https:\/\/www.kadur.com\/ca\/"},{"@type":"ListItem","position":2,"name":"Ganivetes","item":"https:\/\/www.kadur.com\/ca\/ganivetes\/"},{"@type":"ListItem","position":3,"name":"Ind\u00fastria del Metall"}]},{"@type":"WebSite","@id":"https:\/\/www.kadur.com\/fr\/#website","url":"https:\/\/www.kadur.com\/fr\/","name":"Kadur","description":"Ganivetes Industrials d'Alt Rendiment","potentialAction":[{"@type":"SearchAction","target":{"@type":"EntryPoint","urlTemplate":"https:\/\/www.kadur.com\/fr\/?s={search_term_string}"},"query-input":{"@type":"PropertyValueSpecification","valueRequired":true,"valueName":"search_term_string"}}],"inLanguage":"ca"}]}},"_links":{"self":[{"href":"https:\/\/www.kadur.com\/ca\/wp-json\/wp\/v2\/pages\/718"}],"collection":[{"href":"https:\/\/www.kadur.com\/ca\/wp-json\/wp\/v2\/pages"}],"about":[{"href":"https:\/\/www.kadur.com\/ca\/wp-json\/wp\/v2\/types\/page"}],"author":[{"embeddable":true,"href":"https:\/\/www.kadur.com\/ca\/wp-json\/wp\/v2\/users\/1"}],"replies":[{"embeddable":true,"href":"https:\/\/www.kadur.com\/ca\/wp-json\/wp\/v2\/comments?post=718"}],"version-history":[{"count":0,"href":"https:\/\/www.kadur.com\/ca\/wp-json\/wp\/v2\/pages\/718\/revisions"}],"up":[{"embeddable":true,"href":"https:\/\/www.kadur.com\/ca\/wp-json\/wp\/v2\/pages\/744"}],"wp:attachment":[{"href":"https:\/\/www.kadur.com\/ca\/wp-json\/wp\/v2\/media?parent=718"}],"curies":[{"name":"wp","href":"https:\/\/api.w.org\/{rel}","templated":true}]}}