{"id":717,"date":"2013-02-21T01:51:18","date_gmt":"2013-02-21T00:51:18","guid":{"rendered":"http:\/\/www.kadur.com\/?page_id=717"},"modified":"2015-07-20T19:39:25","modified_gmt":"2015-07-20T17:39:25","slug":"forestal","status":"publish","type":"page","link":"https:\/\/www.kadur.com\/ca\/ganivetes\/forestal\/","title":{"rendered":"Ind\u00fastria Forestal i de la Fusta"},"content":{"rendered":"<h1>Duresa i tenacitat&#8230;<\/h1>\n<h2>amb la qualitat m\u00e9s concreta i \u00fatil per a cada aplicaci\u00f3.<\/h2>\n<h3>Les ganivetes KADUR-amb la seva gran resist\u00e8ncia i alta tenacitat de tall-demostren, dia rere dia, l&#8217;encert de la seva elecci\u00f3.<\/h3>\n<div class=\"columns\"><div class=\"clear\"><div class=\"col1-2\"><\/p>\n<h4>La nostra experi\u00e8ncia i especialitzaci\u00f3 fa que el puguem assessorar en la millora de la seva productivitat i li garantizemos el millor manteniment de les seves ganivetes.<\/h4>\n<p>Un extens assortiment de ganivetes d&#8217;alt rendiment d\u00f3na la resposta m\u00e9s rendible a les variades i diferents demandes sectorials de la ind\u00fastria forestal i de Transformaci\u00f3 de la fusta:<\/p>\n<ul>\n<li>ganivetes <strong>torn de desenrotllar<\/strong><\/li>\n<li>ganivetes <strong>\u201cxipejadores\u201d<\/strong><\/li>\n<li>ganivetes <strong>trituradores<\/strong><\/li>\n<li>ganivetes <strong>laminadores<\/strong> (slicer)<\/li>\n<li>ganivetes <strong>per a cisalla<\/strong><\/li>\n<li>ganivetes <strong>desbrossadores<\/strong><\/li>\n<\/ul>\n<p><img decoding=\"async\" class=\"alignleft  wp-image-724\" style=\"margin-top: 10px; margin-bottom: 5px;\" src=\"http:\/\/www.kadur.com\/wp-content\/uploads\/2013\/02\/logo_hq-300x120.png\" alt=\"logo_hq\" width=\"180\" height=\"72\" srcset=\"https:\/\/www.kadur.com\/wp-content\/uploads\/2013\/02\/logo_hq-300x120.png 300w, https:\/\/www.kadur.com\/wp-content\/uploads\/2013\/02\/logo_hq.png 400w\" sizes=\"(max-width: 180px) 100vw, 180px\" \/><\/p>\n<table>\n<thead>\n<tr>\n<th colspan=\"2\">Ganivetes per a les millors marques<\/th>\n<\/tr>\n<\/thead>\n<tbody>\n<tr>\n<td>BERTI<\/td>\n<td>KUPER<\/td>\n<\/tr>\n<tr>\n<td>CREMONA<\/td>\n<td>MARUNAKA<\/td>\n<\/tr>\n<tr>\n<td>DEISA<\/td>\n<td>ORSI<\/td>\n<\/tr>\n<tr>\n<td>DURNA<\/td>\n<td>PLASMAQ<\/td>\n<\/tr>\n<tr>\n<td>FELDER<\/td>\n<td>VERMEER<\/td>\n<\/tr>\n<tr>\n<td>FRANSSONS<\/td>\n<td>ZANELLO<\/td>\n<\/tr>\n<tr>\n<td>HACO<\/td>\n<td><\/td>\n<\/tr>\n<\/tbody>\n<\/table>\n<p><\/div><div class=\"col1-2\">\n<img decoding=\"async\" class=\"alignnone size-full wp-image-2029\" src=\"http:\/\/www.kadur.com\/wp-content\/uploads\/2013\/03\/forestal_1_290.jpg\" alt=\"forestal_1_290\" width=\"290\" height=\"100\" \/>\n<img decoding=\"async\" class=\"alignnone size-full wp-image-2030\" src=\"http:\/\/www.kadur.com\/wp-content\/uploads\/2013\/03\/forestal_2_290.jpg\" alt=\"forestal_2_290\" width=\"290\" height=\"100\" \/>\n<img decoding=\"async\" class=\"alignnone size-full wp-image-2031\" src=\"http:\/\/www.kadur.com\/wp-content\/uploads\/2013\/03\/forestal_3_290.jpg\" alt=\"forestal_3_290\" width=\"290\" height=\"100\" \/>\n<img decoding=\"async\" class=\"alignnone size-full wp-image-2032\" src=\"http:\/\/www.kadur.com\/wp-content\/uploads\/2013\/03\/forestal_4_290.jpg\" alt=\"forestal_4_290\" width=\"290\" height=\"100\" \/>\n<img decoding=\"async\" class=\"alignnone size-full wp-image-2033\" src=\"http:\/\/www.kadur.com\/wp-content\/uploads\/2013\/03\/forestal_5_290.jpg\" alt=\"forestal_5_290\" width=\"290\" height=\"100\" \/>\n<\/div><\/div><\/div>\n<div class=\"columns\"><div class=\"clear\"><div class=\"col1-2\">\n<img decoding=\"async\" class=\"alignnone size-full wp-image-2034\" src=\"http:\/\/www.kadur.com\/wp-content\/uploads\/2013\/03\/forestal_6_290.jpg\" alt=\"forestal_6_290\" width=\"290\" height=\"315\" srcset=\"https:\/\/www.kadur.com\/wp-content\/uploads\/2013\/03\/forestal_6_290.jpg 290w, https:\/\/www.kadur.com\/wp-content\/uploads\/2013\/03\/forestal_6_290-276x300.jpg 276w\" sizes=\"(max-width: 290px) 100vw, 290px\" \/>\n<\/div><div class=\"col1-2\">\nPer a totes elles disposem de diferents qualitats d&#8217;acer, les m\u00e9s adequades per treballar amb fustes abrasives, toves, semidures o dures:<\/p>\n<ul>\n<li><strong><a title=\"An\u00e0lisi de la composici\u00f3 de l'acer W.Nr. 1.2631\" href=\"http:\/\/www.kadur.com\/wp-content\/uploads\/2013\/02\/wnr_1.2631.png\" rel=\"lightbox&#091;700&#093;\">Acer WNr 1.2631<img decoding=\"async\" class=\"wp-image-770 alignright\" style=\"margin-top: 0px; margin-bottom: 0px;\" src=\"http:\/\/www.kadur.com\/wp-content\/uploads\/2013\/02\/chart_bar.png\" alt=\"chart_bar\" width=\"16\" height=\"16\" \/><\/a><\/strong>, alt contingut en crom (8%) i amb gran tenacitat de treball.<\/li>\n<li><strong><a title=\"An\u00e0lisi de la composici\u00f3 de l'acer W.Nr. 1.2345\" href=\"http:\/\/www.kadur.com\/wp-content\/uploads\/2013\/02\/wnr_1.2345.png\" rel=\"lightbox&#091;701&#093;\">Acer WNr 1.2345<img decoding=\"async\" class=\"wp-image-770 alignright\" style=\"margin-top: 0px; margin-bottom: 0px;\" src=\"http:\/\/www.kadur.com\/wp-content\/uploads\/2013\/02\/chart_bar.png\" alt=\"chart_bar\" width=\"16\" height=\"16\" \/><\/a><\/strong>, alt contingut en crom (5%) i amb gran tenacitat de treball.<\/li>\n<li><strong><a title=\"An\u00e0lisi de la composici\u00f3 de l'acer W.Nr. 1.22379\" href=\"http:\/\/www.kadur.com\/wp-content\/uploads\/2013\/02\/wnr_1.2379.png\" rel=\"lightbox&#091;702&#093;\">Acer WNr 1.2379<img decoding=\"async\" class=\"wp-image-770 alignright\" style=\"margin-top: 0px; margin-bottom: 0px;\" src=\"http:\/\/www.kadur.com\/wp-content\/uploads\/2013\/02\/chart_bar.png\" alt=\"chart_bar\" width=\"16\" height=\"16\" \/><\/a><\/strong>, alt contingut en crom (12%) i amb gran resist\u00e8ncia al desgast.<\/li>\n<\/ul>\n<p>Des de desbrossar troncs i picar fusta residual fins a fabricar taulers o panells de fusta premsada, li garantim una gran efectivitat en la seva l\u00ednia de producci\u00f3, obtenint el m\u00e0xim rendiment en les m\u00e0quines m\u00e9s usuals en el mercat.\n<\/div><\/div><\/div>\n","protected":false},"excerpt":{"rendered":"<p>Duresa i tenacitat&#8230; amb la qualitat m\u00e9s concreta i \u00fatil per a cada aplicaci\u00f3. Les ganivetes KADUR-amb la seva gran resist\u00e8ncia i alta tenacitat de tall-demostren, dia rere dia, l&#8217;encert de la seva elecci\u00f3.<\/p>\n","protected":false},"author":1,"featured_media":0,"parent":744,"menu_order":2,"comment_status":"closed","ping_status":"closed","template":"","meta":{"footnotes":""},"yoast_head":"<!-- This site is optimized with the Yoast SEO plugin v24.5 - https:\/\/yoast.com\/wordpress\/plugins\/seo\/ -->\n<title>Ind\u00fastria Forestal i de la Fusta - Kadur<\/title>\n<meta name=\"robots\" content=\"index, follow, max-snippet:-1, max-image-preview:large, max-video-preview:-1\" \/>\n<link rel=\"canonical\" href=\"https:\/\/www.kadur.com\/ca\/ganivetes\/forestal\/\" \/>\n<meta property=\"og:locale\" content=\"ca_ES\" \/>\n<meta property=\"og:type\" content=\"article\" \/>\n<meta property=\"og:title\" content=\"Ind\u00fastria Forestal i de la Fusta - Kadur\" \/>\n<meta property=\"og:description\" content=\"Duresa i tenacitat&#8230; amb la qualitat m\u00e9s concreta i \u00fatil per a cada aplicaci\u00f3. Les ganivetes KADUR-amb la seva gran resist\u00e8ncia i alta tenacitat de tall-demostren, dia rere dia, l&#8217;encert de la seva elecci\u00f3.\" \/>\n<meta property=\"og:url\" content=\"https:\/\/www.kadur.com\/ca\/ganivetes\/forestal\/\" \/>\n<meta property=\"og:site_name\" content=\"Kadur\" \/>\n<meta property=\"article:modified_time\" content=\"2015-07-20T17:39:25+00:00\" \/>\n<meta property=\"og:image\" content=\"http:\/\/www.kadur.com\/wp-content\/uploads\/2013\/02\/logo_hq-300x120.png\" \/>\n<meta name=\"twitter:label1\" content=\"Temps estimat de lectura\" \/>\n\t<meta name=\"twitter:data1\" content=\"1 minut\" \/>\n<script type=\"application\/ld+json\" class=\"yoast-schema-graph\">{\"@context\":\"https:\/\/schema.org\",\"@graph\":[{\"@type\":\"WebPage\",\"@id\":\"https:\/\/www.kadur.com\/ca\/ganivetes\/forestal\/\",\"url\":\"https:\/\/www.kadur.com\/ca\/ganivetes\/forestal\/\",\"name\":\"Ind\u00fastria Forestal i de la Fusta - Kadur\",\"isPartOf\":{\"@id\":\"https:\/\/www.kadur.com\/fr\/#website\"},\"primaryImageOfPage\":{\"@id\":\"https:\/\/www.kadur.com\/ca\/ganivetes\/forestal\/#primaryimage\"},\"image\":{\"@id\":\"https:\/\/www.kadur.com\/ca\/ganivetes\/forestal\/#primaryimage\"},\"thumbnailUrl\":\"http:\/\/www.kadur.com\/wp-content\/uploads\/2013\/02\/logo_hq-300x120.png\",\"datePublished\":\"2013-02-21T00:51:18+00:00\",\"dateModified\":\"2015-07-20T17:39:25+00:00\",\"breadcrumb\":{\"@id\":\"https:\/\/www.kadur.com\/ca\/ganivetes\/forestal\/#breadcrumb\"},\"inLanguage\":\"ca\",\"potentialAction\":[{\"@type\":\"ReadAction\",\"target\":[\"https:\/\/www.kadur.com\/ca\/ganivetes\/forestal\/\"]}]},{\"@type\":\"ImageObject\",\"inLanguage\":\"ca\",\"@id\":\"https:\/\/www.kadur.com\/ca\/ganivetes\/forestal\/#primaryimage\",\"url\":\"http:\/\/www.kadur.com\/wp-content\/uploads\/2013\/02\/logo_hq-300x120.png\",\"contentUrl\":\"http:\/\/www.kadur.com\/wp-content\/uploads\/2013\/02\/logo_hq-300x120.png\"},{\"@type\":\"BreadcrumbList\",\"@id\":\"https:\/\/www.kadur.com\/ca\/ganivetes\/forestal\/#breadcrumb\",\"itemListElement\":[{\"@type\":\"ListItem\",\"position\":1,\"name\":\"Home\",\"item\":\"https:\/\/www.kadur.com\/ca\/\"},{\"@type\":\"ListItem\",\"position\":2,\"name\":\"Ganivetes\",\"item\":\"https:\/\/www.kadur.com\/ca\/ganivetes\/\"},{\"@type\":\"ListItem\",\"position\":3,\"name\":\"Ind\u00fastria Forestal i de la Fusta\"}]},{\"@type\":\"WebSite\",\"@id\":\"https:\/\/www.kadur.com\/fr\/#website\",\"url\":\"https:\/\/www.kadur.com\/fr\/\",\"name\":\"Kadur\",\"description\":\"Ganivetes Industrials d'Alt Rendiment\",\"potentialAction\":[{\"@type\":\"SearchAction\",\"target\":{\"@type\":\"EntryPoint\",\"urlTemplate\":\"https:\/\/www.kadur.com\/fr\/?s={search_term_string}\"},\"query-input\":{\"@type\":\"PropertyValueSpecification\",\"valueRequired\":true,\"valueName\":\"search_term_string\"}}],\"inLanguage\":\"ca\"}]}<\/script>\n<!-- \/ Yoast SEO plugin. -->","yoast_head_json":{"title":"Ind\u00fastria Forestal i de la Fusta - Kadur","robots":{"index":"index","follow":"follow","max-snippet":"max-snippet:-1","max-image-preview":"max-image-preview:large","max-video-preview":"max-video-preview:-1"},"canonical":"https:\/\/www.kadur.com\/ca\/ganivetes\/forestal\/","og_locale":"ca_ES","og_type":"article","og_title":"Ind\u00fastria Forestal i de la Fusta - Kadur","og_description":"Duresa i tenacitat&#8230; amb la qualitat m\u00e9s concreta i \u00fatil per a cada aplicaci\u00f3. Les ganivetes KADUR-amb la seva gran resist\u00e8ncia i alta tenacitat de tall-demostren, dia rere dia, l&#8217;encert de la seva elecci\u00f3.","og_url":"https:\/\/www.kadur.com\/ca\/ganivetes\/forestal\/","og_site_name":"Kadur","article_modified_time":"2015-07-20T17:39:25+00:00","og_image":[{"url":"http:\/\/www.kadur.com\/wp-content\/uploads\/2013\/02\/logo_hq-300x120.png","type":"","width":"","height":""}],"twitter_misc":{"Temps estimat de lectura":"1 minut"},"schema":{"@context":"https:\/\/schema.org","@graph":[{"@type":"WebPage","@id":"https:\/\/www.kadur.com\/ca\/ganivetes\/forestal\/","url":"https:\/\/www.kadur.com\/ca\/ganivetes\/forestal\/","name":"Ind\u00fastria Forestal i de la Fusta - Kadur","isPartOf":{"@id":"https:\/\/www.kadur.com\/fr\/#website"},"primaryImageOfPage":{"@id":"https:\/\/www.kadur.com\/ca\/ganivetes\/forestal\/#primaryimage"},"image":{"@id":"https:\/\/www.kadur.com\/ca\/ganivetes\/forestal\/#primaryimage"},"thumbnailUrl":"http:\/\/www.kadur.com\/wp-content\/uploads\/2013\/02\/logo_hq-300x120.png","datePublished":"2013-02-21T00:51:18+00:00","dateModified":"2015-07-20T17:39:25+00:00","breadcrumb":{"@id":"https:\/\/www.kadur.com\/ca\/ganivetes\/forestal\/#breadcrumb"},"inLanguage":"ca","potentialAction":[{"@type":"ReadAction","target":["https:\/\/www.kadur.com\/ca\/ganivetes\/forestal\/"]}]},{"@type":"ImageObject","inLanguage":"ca","@id":"https:\/\/www.kadur.com\/ca\/ganivetes\/forestal\/#primaryimage","url":"http:\/\/www.kadur.com\/wp-content\/uploads\/2013\/02\/logo_hq-300x120.png","contentUrl":"http:\/\/www.kadur.com\/wp-content\/uploads\/2013\/02\/logo_hq-300x120.png"},{"@type":"BreadcrumbList","@id":"https:\/\/www.kadur.com\/ca\/ganivetes\/forestal\/#breadcrumb","itemListElement":[{"@type":"ListItem","position":1,"name":"Home","item":"https:\/\/www.kadur.com\/ca\/"},{"@type":"ListItem","position":2,"name":"Ganivetes","item":"https:\/\/www.kadur.com\/ca\/ganivetes\/"},{"@type":"ListItem","position":3,"name":"Ind\u00fastria Forestal i de la Fusta"}]},{"@type":"WebSite","@id":"https:\/\/www.kadur.com\/fr\/#website","url":"https:\/\/www.kadur.com\/fr\/","name":"Kadur","description":"Ganivetes Industrials d'Alt Rendiment","potentialAction":[{"@type":"SearchAction","target":{"@type":"EntryPoint","urlTemplate":"https:\/\/www.kadur.com\/fr\/?s={search_term_string}"},"query-input":{"@type":"PropertyValueSpecification","valueRequired":true,"valueName":"search_term_string"}}],"inLanguage":"ca"}]}},"_links":{"self":[{"href":"https:\/\/www.kadur.com\/ca\/wp-json\/wp\/v2\/pages\/717"}],"collection":[{"href":"https:\/\/www.kadur.com\/ca\/wp-json\/wp\/v2\/pages"}],"about":[{"href":"https:\/\/www.kadur.com\/ca\/wp-json\/wp\/v2\/types\/page"}],"author":[{"embeddable":true,"href":"https:\/\/www.kadur.com\/ca\/wp-json\/wp\/v2\/users\/1"}],"replies":[{"embeddable":true,"href":"https:\/\/www.kadur.com\/ca\/wp-json\/wp\/v2\/comments?post=717"}],"version-history":[{"count":0,"href":"https:\/\/www.kadur.com\/ca\/wp-json\/wp\/v2\/pages\/717\/revisions"}],"up":[{"embeddable":true,"href":"https:\/\/www.kadur.com\/ca\/wp-json\/wp\/v2\/pages\/744"}],"wp:attachment":[{"href":"https:\/\/www.kadur.com\/ca\/wp-json\/wp\/v2\/media?parent=717"}],"curies":[{"name":"wp","href":"https:\/\/api.w.org\/{rel}","templated":true}]}}