{"id":689,"date":"2013-02-21T00:59:53","date_gmt":"2013-02-20T23:59:53","guid":{"rendered":"http:\/\/www.kadur.com\/?page_id=689"},"modified":"2015-07-22T17:00:27","modified_gmt":"2015-07-22T15:00:27","slug":"fusta","status":"publish","type":"page","link":"https:\/\/www.kadur.com\/ca\/ganivetes\/fusta\/","title":{"rendered":"Fusta i Ebenisteria"},"content":{"rendered":"<h1>Duresa i qualitat de tall<\/h1>\n<h2>Aix\u00ed s\u00f3n les ganivetes KADUR per treballar la fusta.<\/h2>\n<p><div class=\"columns\"><div class=\"clear\"><div class=\"col1-2\">\nAssociats des dels nostres or\u00edgens amb la ind\u00fastria de la fusta, en KADUR disposem d&#8217;una \u00e0mplia gamma de ganivets que sobresurten per la seva fiabilitat i rendibilitat, gr\u00e0cies a la seva tenacitat de tall i capacitat de resist\u00e8ncia:<\/p>\n<ul>\n<li><strong><a title=\"Planejadores\" href=\"https:\/\/www.kadur.com\/ca\/ganivetes\/fusta\/planejadores\/\">ganivetes planejadores<\/a><\/strong><\/li>\n<li><strong><a title=\"Corrugades\" href=\"https:\/\/www.kadur.com\/ca\/ganivetes\/fusta\/corrugades\/\">ganivetes corrugades<\/a><\/strong><\/li>\n<li><strong><a title=\"Planejadors el\u00e8ctrics\" href=\"https:\/\/www.kadur.com\/ca\/ganivetes\/fusta\/planejadors-electrics\/\">ganivetes per planejadors el\u00e8ctrics<\/a><\/strong><\/li>\n<li><strong><a title=\"Sistemes reversibles\" href=\"https:\/\/www.kadur.com\/ca\/ganivetes\/fusta\/sistemes-reversibles\/\">ganivetes de sistemes reversibles<\/a><\/strong>:\n<ul>\n<li><a title=\"Sistema Kadur Fix\" href=\"https:\/\/www.kadur.com\/ca\/ganivetes\/fusta\/sistemes-reversibles\/kadur-fix\/\">KadurFix<\/a><\/li>\n<li><a title=\"Sistema Tersa\" href=\"https:\/\/www.kadur.com\/ca\/ganivetes\/fusta\/sistemes-reversibles\/tersa\/\">Tersa<\/a><\/li>\n<li><a title=\"Sistema Centrolock\" href=\"https:\/\/www.kadur.com\/ca\/ganivetes\/fusta\/sistemes-reversibles\/centrolock\/\">Centrolock<\/a><\/li>\n<li><a title=\"Sistema Terminus\" href=\"https:\/\/www.kadur.com\/ca\/ganivetes\/fusta\/sistemes-reversibles\/terminus\/\">Terminus<\/a><\/li>\n<li><a title=\"Sistema Vivax\" href=\"https:\/\/www.kadur.com\/ca\/ganivetes\/fusta\/sistemes-reversibles\/vivax\/\">Vivax<\/a><\/li>\n<\/ul>\n<\/li>\n<\/ul>\n<p><img decoding=\"async\" class=\"alignleft  wp-image-724\" style=\"margin-top: 120px; margin-bottom: 5px;\" src=\"http:\/\/www.kadur.com\/wp-content\/uploads\/2013\/02\/logo_hq-300x120.png\" alt=\"logo_hq\" width=\"180\" height=\"72\" srcset=\"https:\/\/www.kadur.com\/wp-content\/uploads\/2013\/02\/logo_hq-300x120.png 300w, https:\/\/www.kadur.com\/wp-content\/uploads\/2013\/02\/logo_hq.png 400w\" sizes=\"(max-width: 180px) 100vw, 180px\" \/><\/p>\n<p><\/div><div class=\"col1-2\">\n<img decoding=\"async\" class=\"alignleft size-full wp-image-2004\" src=\"http:\/\/www.kadur.com\/wp-content\/uploads\/2013\/03\/kadurfix_290.jpg\" alt=\"kadurfix_290\" width=\"290\" height=\"100\" \/>\n<img decoding=\"async\" class=\"alignleft size-full wp-image-2002\" src=\"http:\/\/www.kadur.com\/wp-content\/uploads\/2013\/03\/tersa_290.jpg\" alt=\"tersa_290\" width=\"290\" height=\"100\" \/>\n<img decoding=\"async\" class=\"alignleft size-full wp-image-2005\" src=\"http:\/\/www.kadur.com\/wp-content\/uploads\/2013\/03\/centrolock_290.jpg\" alt=\"centrolock_290\" width=\"290\" height=\"100\" \/>\n<img decoding=\"async\" class=\"alignleft size-full wp-image-2001\" src=\"http:\/\/www.kadur.com\/wp-content\/uploads\/2013\/03\/terminus_290.jpg\" alt=\"terminus_290\" width=\"290\" height=\"100\" \/>\n<img decoding=\"async\" class=\"alignleft size-full wp-image-2003\" src=\"http:\/\/www.kadur.com\/wp-content\/uploads\/2013\/03\/vivax_290.jpg\" alt=\"vivax_290\" width=\"290\" height=\"100\" \/>\n<\/div><\/div><\/div><br \/>\n<div class=\"columns\"><div class=\"clear\"><div class=\"col1-2\">\n<img decoding=\"async\" class=\"alignleft size-full wp-image-2000\" style=\"margin-bottom: 5px;\" src=\"http:\/\/www.kadur.com\/wp-content\/uploads\/2013\/03\/madera_290.jpg\" alt=\"madera_290\" width=\"290\" height=\"300\" \/>\n<\/div><div class=\"col1-2\">\nEl variat assortiment de materials, aliatges i models avala solucions per a tots els sectors de la ind\u00fastria de la Fusta i les seves transformacions, disposant sempre de la opci\u00f3 m\u00e9s adequada a cada aplicaci\u00f3:<\/p>\n<ul>\n<li><strong>TCT<\/strong>, ganiveta de metall dur (carbur de tungst\u00e8 sinteritzat).<\/li>\n<li><strong>Stellite<\/strong>, aliatge d&#8217;alt contingut en cobalt.<\/li>\n<li><strong>HSS 18% W<\/strong>, acer r\u00e0pid aliat al 18% de wolframi.<\/li>\n<li><strong>HSS 6% W<\/strong>, acer r\u00e0pid aliat al 6% de wolframi.<\/li>\n<li><strong>HLS 13% Cr<\/strong>, acer aliat al crom.<\/li>\n<li><strong>ST1<\/strong>, acer r\u00e0pid amb recobriment de nitrur de crom.<\/li>\n<\/ul>\n<p><\/div><\/div><\/div><\/p>\n","protected":false},"excerpt":{"rendered":"<p>Duresa i qualitat de tall Aix\u00ed s\u00f3n les ganivetes KADUR per treballar la fusta.<\/p>\n","protected":false},"author":1,"featured_media":0,"parent":744,"menu_order":1,"comment_status":"closed","ping_status":"closed","template":"","meta":{"footnotes":""},"yoast_head":"<!-- This site is optimized with the Yoast SEO plugin v24.5 - https:\/\/yoast.com\/wordpress\/plugins\/seo\/ -->\n<title>Fusta i Ebenisteria - Kadur<\/title>\n<meta name=\"robots\" content=\"index, follow, max-snippet:-1, max-image-preview:large, max-video-preview:-1\" \/>\n<link rel=\"canonical\" href=\"https:\/\/www.kadur.com\/ca\/ganivetes\/fusta\/\" \/>\n<meta property=\"og:locale\" content=\"ca_ES\" \/>\n<meta property=\"og:type\" content=\"article\" \/>\n<meta property=\"og:title\" content=\"Fusta i Ebenisteria - Kadur\" \/>\n<meta property=\"og:description\" content=\"Duresa i qualitat de tall Aix\u00ed s\u00f3n les ganivetes KADUR per treballar la fusta.\" \/>\n<meta property=\"og:url\" content=\"https:\/\/www.kadur.com\/ca\/ganivetes\/fusta\/\" \/>\n<meta property=\"og:site_name\" content=\"Kadur\" \/>\n<meta property=\"article:modified_time\" content=\"2015-07-22T15:00:27+00:00\" \/>\n<meta property=\"og:image\" content=\"http:\/\/www.kadur.com\/wp-content\/uploads\/2013\/02\/logo_hq-300x120.png\" \/>\n<meta name=\"twitter:label1\" content=\"Temps estimat de lectura\" \/>\n\t<meta name=\"twitter:data1\" content=\"1 minut\" \/>\n<script type=\"application\/ld+json\" class=\"yoast-schema-graph\">{\"@context\":\"https:\/\/schema.org\",\"@graph\":[{\"@type\":\"WebPage\",\"@id\":\"https:\/\/www.kadur.com\/ca\/ganivetes\/fusta\/\",\"url\":\"https:\/\/www.kadur.com\/ca\/ganivetes\/fusta\/\",\"name\":\"Fusta i Ebenisteria - Kadur\",\"isPartOf\":{\"@id\":\"https:\/\/www.kadur.com\/fr\/#website\"},\"primaryImageOfPage\":{\"@id\":\"https:\/\/www.kadur.com\/ca\/ganivetes\/fusta\/#primaryimage\"},\"image\":{\"@id\":\"https:\/\/www.kadur.com\/ca\/ganivetes\/fusta\/#primaryimage\"},\"thumbnailUrl\":\"http:\/\/www.kadur.com\/wp-content\/uploads\/2013\/02\/logo_hq-300x120.png\",\"datePublished\":\"2013-02-20T23:59:53+00:00\",\"dateModified\":\"2015-07-22T15:00:27+00:00\",\"breadcrumb\":{\"@id\":\"https:\/\/www.kadur.com\/ca\/ganivetes\/fusta\/#breadcrumb\"},\"inLanguage\":\"ca\",\"potentialAction\":[{\"@type\":\"ReadAction\",\"target\":[\"https:\/\/www.kadur.com\/ca\/ganivetes\/fusta\/\"]}]},{\"@type\":\"ImageObject\",\"inLanguage\":\"ca\",\"@id\":\"https:\/\/www.kadur.com\/ca\/ganivetes\/fusta\/#primaryimage\",\"url\":\"http:\/\/www.kadur.com\/wp-content\/uploads\/2013\/02\/logo_hq-300x120.png\",\"contentUrl\":\"http:\/\/www.kadur.com\/wp-content\/uploads\/2013\/02\/logo_hq-300x120.png\"},{\"@type\":\"BreadcrumbList\",\"@id\":\"https:\/\/www.kadur.com\/ca\/ganivetes\/fusta\/#breadcrumb\",\"itemListElement\":[{\"@type\":\"ListItem\",\"position\":1,\"name\":\"Home\",\"item\":\"https:\/\/www.kadur.com\/ca\/\"},{\"@type\":\"ListItem\",\"position\":2,\"name\":\"Ganivetes\",\"item\":\"https:\/\/www.kadur.com\/ca\/ganivetes\/\"},{\"@type\":\"ListItem\",\"position\":3,\"name\":\"Fusta i Ebenisteria\"}]},{\"@type\":\"WebSite\",\"@id\":\"https:\/\/www.kadur.com\/fr\/#website\",\"url\":\"https:\/\/www.kadur.com\/fr\/\",\"name\":\"Kadur\",\"description\":\"Ganivetes Industrials d'Alt Rendiment\",\"potentialAction\":[{\"@type\":\"SearchAction\",\"target\":{\"@type\":\"EntryPoint\",\"urlTemplate\":\"https:\/\/www.kadur.com\/fr\/?s={search_term_string}\"},\"query-input\":{\"@type\":\"PropertyValueSpecification\",\"valueRequired\":true,\"valueName\":\"search_term_string\"}}],\"inLanguage\":\"ca\"}]}<\/script>\n<!-- \/ Yoast SEO plugin. -->","yoast_head_json":{"title":"Fusta i Ebenisteria - Kadur","robots":{"index":"index","follow":"follow","max-snippet":"max-snippet:-1","max-image-preview":"max-image-preview:large","max-video-preview":"max-video-preview:-1"},"canonical":"https:\/\/www.kadur.com\/ca\/ganivetes\/fusta\/","og_locale":"ca_ES","og_type":"article","og_title":"Fusta i Ebenisteria - Kadur","og_description":"Duresa i qualitat de tall Aix\u00ed s\u00f3n les ganivetes KADUR per treballar la fusta.","og_url":"https:\/\/www.kadur.com\/ca\/ganivetes\/fusta\/","og_site_name":"Kadur","article_modified_time":"2015-07-22T15:00:27+00:00","og_image":[{"url":"http:\/\/www.kadur.com\/wp-content\/uploads\/2013\/02\/logo_hq-300x120.png","type":"","width":"","height":""}],"twitter_misc":{"Temps estimat de lectura":"1 minut"},"schema":{"@context":"https:\/\/schema.org","@graph":[{"@type":"WebPage","@id":"https:\/\/www.kadur.com\/ca\/ganivetes\/fusta\/","url":"https:\/\/www.kadur.com\/ca\/ganivetes\/fusta\/","name":"Fusta i Ebenisteria - Kadur","isPartOf":{"@id":"https:\/\/www.kadur.com\/fr\/#website"},"primaryImageOfPage":{"@id":"https:\/\/www.kadur.com\/ca\/ganivetes\/fusta\/#primaryimage"},"image":{"@id":"https:\/\/www.kadur.com\/ca\/ganivetes\/fusta\/#primaryimage"},"thumbnailUrl":"http:\/\/www.kadur.com\/wp-content\/uploads\/2013\/02\/logo_hq-300x120.png","datePublished":"2013-02-20T23:59:53+00:00","dateModified":"2015-07-22T15:00:27+00:00","breadcrumb":{"@id":"https:\/\/www.kadur.com\/ca\/ganivetes\/fusta\/#breadcrumb"},"inLanguage":"ca","potentialAction":[{"@type":"ReadAction","target":["https:\/\/www.kadur.com\/ca\/ganivetes\/fusta\/"]}]},{"@type":"ImageObject","inLanguage":"ca","@id":"https:\/\/www.kadur.com\/ca\/ganivetes\/fusta\/#primaryimage","url":"http:\/\/www.kadur.com\/wp-content\/uploads\/2013\/02\/logo_hq-300x120.png","contentUrl":"http:\/\/www.kadur.com\/wp-content\/uploads\/2013\/02\/logo_hq-300x120.png"},{"@type":"BreadcrumbList","@id":"https:\/\/www.kadur.com\/ca\/ganivetes\/fusta\/#breadcrumb","itemListElement":[{"@type":"ListItem","position":1,"name":"Home","item":"https:\/\/www.kadur.com\/ca\/"},{"@type":"ListItem","position":2,"name":"Ganivetes","item":"https:\/\/www.kadur.com\/ca\/ganivetes\/"},{"@type":"ListItem","position":3,"name":"Fusta i Ebenisteria"}]},{"@type":"WebSite","@id":"https:\/\/www.kadur.com\/fr\/#website","url":"https:\/\/www.kadur.com\/fr\/","name":"Kadur","description":"Ganivetes Industrials d'Alt Rendiment","potentialAction":[{"@type":"SearchAction","target":{"@type":"EntryPoint","urlTemplate":"https:\/\/www.kadur.com\/fr\/?s={search_term_string}"},"query-input":{"@type":"PropertyValueSpecification","valueRequired":true,"valueName":"search_term_string"}}],"inLanguage":"ca"}]}},"_links":{"self":[{"href":"https:\/\/www.kadur.com\/ca\/wp-json\/wp\/v2\/pages\/689"}],"collection":[{"href":"https:\/\/www.kadur.com\/ca\/wp-json\/wp\/v2\/pages"}],"about":[{"href":"https:\/\/www.kadur.com\/ca\/wp-json\/wp\/v2\/types\/page"}],"author":[{"embeddable":true,"href":"https:\/\/www.kadur.com\/ca\/wp-json\/wp\/v2\/users\/1"}],"replies":[{"embeddable":true,"href":"https:\/\/www.kadur.com\/ca\/wp-json\/wp\/v2\/comments?post=689"}],"version-history":[{"count":0,"href":"https:\/\/www.kadur.com\/ca\/wp-json\/wp\/v2\/pages\/689\/revisions"}],"up":[{"embeddable":true,"href":"https:\/\/www.kadur.com\/ca\/wp-json\/wp\/v2\/pages\/744"}],"wp:attachment":[{"href":"https:\/\/www.kadur.com\/ca\/wp-json\/wp\/v2\/media?parent=689"}],"curies":[{"name":"wp","href":"https:\/\/api.w.org\/{rel}","templated":true}]}}