{"id":569,"date":"2013-01-26T13:55:50","date_gmt":"2013-01-26T13:55:50","guid":{"rendered":"http:\/\/www.kadur.com\/?page_id=569"},"modified":"2015-07-20T19:34:50","modified_gmt":"2015-07-20T17:34:50","slug":"paper","status":"publish","type":"page","link":"https:\/\/www.kadur.com\/ca\/ganivetes\/paper\/","title":{"rendered":"Paper i Arts gr\u00e0fiques"},"content":{"rendered":"<h1>La millor opci\u00f3!<\/h1>\n<h2>Per tallar m\u00e9s, millor i m\u00e9s r\u00e0pid no cal substituir la seva guillotina.<\/h2>\n<h3>Amb les ganivetes d&#8217;alt rendiment guanyar\u00e0 en rendibilitat:<\/h3>\n<ul>\n<li>Millorant la qualitat del tall.<\/li>\n<li>Allargant el per\u00edode de temps entre afilats.<\/li>\n<li>Ampliant la durada de la fulla.<\/li>\n<\/ul>\n<div class=\"columns\"><div class=\"clear\"><div class=\"col1-2\"><h2><span class=\"label\">1<\/span>ELS AVANTATGES <span class=\"thin\"><\/span><\/h2>Les noves t\u00e8cniques en la fabricaci\u00f3 de ganivetes amb materials d&#8217;\u00faltima generaci\u00f3 deixen absoletas a les tradicionals ganivetes d&#8217;Acer Est\u00e0ndard. L&#8217;evoluci\u00f3 en Arts Gr\u00e0fiques requereix m\u00e9s precisi\u00f3 i rapidesa en les operacions de tall.<img decoding=\"async\" class=\"alignleft size-full wp-image-662\" style=\"margin-top: 5px; margin-bottom: 5px;\" src=\"http:\/\/www.kadur.com\/wp-content\/uploads\/2013\/02\/papel_240.jpg\" alt=\"papel_240\" width=\"290\" height=\"240\" \/><\/div><div class=\"col1-2\"><h2><span class=\"label\">2<\/span>REBAIXAR ELS COSTOS <span class=\"thin\"><\/span><\/h2>Escollint la millor opci\u00f3 de fulla podr\u00e0 baixar costos i millorar la rendibilitat del guillotinat:<\/p>\n<ul>\n<li><strong>Reduint<\/strong> el nombre de costos i afilats.<\/li>\n<li><strong>Reduint<\/strong> la p\u00e8rdua de superf\u00edcie de tall en cada afilat.<\/li>\n<li><strong>Reduint<\/strong> les p\u00e8rdues de temps en el canvi de les ganivetes per a la seva afilat.<\/li>\n<li><strong>Reduint<\/strong> els intervals durant els quals no es pot utilitzar la guillotina.<\/li>\n<li><strong>Reduint<\/strong> el temps de ajustat de les ganivetes.<\/li>\n<li><strong>Reduint<\/strong> els riscos inherents al manipulat de les ganivetes (accidents laborals i desperfectes en les ganivetes i \u00fatils).<\/li>\n<li><strong>Augmentant<\/strong> la qualitat i uniformitat del tall.<\/li>\n<\/ul>\n<p><\/div><\/div><\/div>\n<h3><img decoding=\"async\" class=\"alignleft  wp-image-724\" style=\"margin-top: 10px; margin-bottom: 10px;\" src=\"http:\/\/www.kadur.com\/wp-content\/uploads\/2013\/02\/logo_hq-300x120.png\" alt=\"logo_hq\" width=\"180\" height=\"72\" srcset=\"https:\/\/www.kadur.com\/wp-content\/uploads\/2013\/02\/logo_hq-300x120.png 300w, https:\/\/www.kadur.com\/wp-content\/uploads\/2013\/02\/logo_hq.png 400w\" sizes=\"(max-width: 180px) 100vw, 180px\" \/>Obtingui el m\u00e0xim rendiment amb la fulla m\u00e9s adequada<\/h3>\n<p>Comparativa de les diferents qualitats de fulla entre el seu valor de compra i la durada entre afilats, sense tenir en compte tots els costos afegits: afilats, disminuci\u00f3 superf\u00edcie de tall, aturades de m\u00e0quina, etc&#8230;<br \/>\n<div class=\"rule_light\"><\/div><br \/>\n<div class=\"columns\"><div class=\"clear\"><div class=\"col1-3\"><h2><span class=\"label\">KADUR<\/span>MAXI <span class=\"thin\">500<\/span><\/h2><\/p>\n<h3>Ganiveta d&#8217;Acer R\u00e0pid (HSS)<\/h3>\n<p>Qualitat d&#8217;alt rendiment. Acer aliat amb 18% de Wolframi.\n<\/div><div class=\"col1-3\"><h2><span class=\"label\">KADUR<\/span>SUPREM <span class=\"thin\">500<\/span><\/h2><\/p>\n<h3>Ganiveta de Metall Dur<\/h3>\n<p>Metall sinteritzat d&#8217;\u00faltima generaci\u00f3, compost per 85% de Carbur de Tungst\u00e8, m\u00e9s 15% de Cobalt.\n<\/div><div class=\"col1-3\"><h2><span class=\"label\">KADUR<\/span>SUPREM <span class=\"thin\">1000<\/span><\/h2><\/p>\n<h3>Ganiveta de Metall Dur<\/h3>\n<p>Metall Microgr\u00e0 sinteritzat d&#8217;\u00faltima generaci\u00f3, compost per 85% de Carbur de Tungst\u00e8, m\u00e9s 15% de Cobalt. Nom\u00e9s superat en duresa pel diamant.\n<\/div><\/div><\/div><br \/>\n<div class=\"columns\"><div class=\"clear\"><div class=\"col1-3\">\nTalls estimats entre afilats<\/p>\n<h4>3 vegades m\u00e9s que l&#8217;Acer Est\u00e0ndard<\/h4>\n<p><\/div><div class=\"col1-3\">\nTalls estimats entre afilats<\/p>\n<h4>21 vegades m\u00e9s que l&#8217;Acer Est\u00e0ndard<\/h4>\n<p><\/div><div class=\"col1-3\">\nTalls estimats entre afilats<\/p>\n<h4>30 vegades m\u00e9s que l&#8217;Acer Est\u00e0ndard<\/h4>\n<p><\/div><\/div><\/div><br \/>\n<div class=\"columns\"><div class=\"clear\"><div class=\"col1-3\"><h2>1,33 + <span class=\"thin\">de Cost<\/span><\/h2>\n<img decoding=\"async\" class=\"alignleft  wp-image-726\" src=\"http:\/\/www.kadur.com\/wp-content\/uploads\/2013\/02\/coste_maxi_500.png\" alt=\"coste_maxi_500\" width=\"180\" height=\"91\" \/>\n<\/div><div class=\"col1-3\"><h2>2,66 + <span class=\"thin\">de Cost<\/span><\/h2>\n<img decoding=\"async\" class=\"alignleft  wp-image-727\" src=\"http:\/\/www.kadur.com\/wp-content\/uploads\/2013\/02\/coste_suprem_500.png\" alt=\"coste_suprem_500\" width=\"180\" height=\"91\" \/>\n<\/div><div class=\"col1-3\"><h2>3,33 + <span class=\"thin\">de Cost<\/span><\/h2>\n<img decoding=\"async\" class=\"alignleft  wp-image-725\" src=\"http:\/\/www.kadur.com\/wp-content\/uploads\/2013\/02\/coste_suprem_1000.png\" alt=\"coste_suprem_1000\" width=\"180\" height=\"91\" \/>\n<\/div><\/div><\/div><br \/>\n<div class=\"columns\"><div class=\"clear\"><div class=\"col1-3\"><h2>3 + <span class=\"thin\">de Durada<\/span><\/h2>\n<img decoding=\"async\" class=\"alignleft  wp-image-726\" src=\"http:\/\/www.kadur.com\/wp-content\/uploads\/2013\/02\/dura_maxi_500.png\" alt=\"dura_maxi_500\" width=\"180\" height=\"91\" \/>\n<\/div><div class=\"col1-3\"><h2>21 + <span class=\"thin\">de Durada<\/span><\/h2>\n<img decoding=\"async\" class=\"alignleft  wp-image-727\" src=\"http:\/\/www.kadur.com\/wp-content\/uploads\/2013\/02\/dura_suprem_500.png\" alt=\"dura_suprem_500\" width=\"180\" height=\"91\" \/>\n<\/div><div class=\"col1-3\"><h2>30 + <span class=\"thin\">de Durada<\/span><\/h2>\n<img decoding=\"async\" class=\"alignleft  wp-image-725\" src=\"http:\/\/www.kadur.com\/wp-content\/uploads\/2013\/02\/dura_suprem_1000.png\" alt=\"dura_suprem_1000\" width=\"180\" height=\"91\" \/>\n<\/div><\/div><\/div><div class=\"columns\"><div class=\"clear\"><div class=\"col1-3\"><\/p>\n<div align=\"center\">\n<div class=\"sello red\"><span class=\"inside\"><span style=\"font-size: 30pt; font-weight: bold;\">3<\/span><strong>vegades m\u00e9s rendible<\/strong><\/span><\/div>\n<\/div>\n<p><\/div><div class=\"col1-3\"><\/p>\n<div align=\"center\">\n<div class=\"sello red\"><span class=\"inside\"><span style=\"font-size: 30pt; font-weight: bold; letter-spacing: -2px;\">7,9<\/span><strong>vegades m\u00e9s rendible<\/strong><\/span><\/div>\n<\/div>\n<p><\/div><div class=\"col1-3\"><\/p>\n<div align=\"center\">\n<div class=\"sello red\"><span class=\"inside\"><span style=\"font-size: 30pt; font-weight: bold;\">9<\/span><strong>vegades m\u00e9s rendible<\/strong><\/span><\/div>\n<\/div>\n<p><\/div><\/div><\/div><\/p>\n","protected":false},"excerpt":{"rendered":"<p>La millor opci\u00f3! Per tallar m\u00e9s, millor i m\u00e9s r\u00e0pid no cal substituir la seva guillotina. Amb les ganivetes d&#8217;alt rendiment guanyar\u00e0 en rendibilitat: Millorant la qualitat del tall. Allargant el per\u00edode de temps entre afilats. Ampliant la durada de &hellip; <br \/><a href=\"https:\/\/www.kadur.com\/ca\/ganivetes\/paper\/\" class=\"more-link\">Continuar llegint<\/a><\/p>\n","protected":false},"author":1,"featured_media":0,"parent":744,"menu_order":0,"comment_status":"closed","ping_status":"closed","template":"","meta":{"footnotes":""},"yoast_head":"<!-- This site is optimized with the Yoast SEO plugin v24.5 - https:\/\/yoast.com\/wordpress\/plugins\/seo\/ -->\n<title>Paper i Arts gr\u00e0fiques - Kadur<\/title>\n<meta name=\"robots\" content=\"index, follow, max-snippet:-1, max-image-preview:large, max-video-preview:-1\" \/>\n<link rel=\"canonical\" href=\"https:\/\/www.kadur.com\/ca\/ganivetes\/paper\/\" \/>\n<meta property=\"og:locale\" content=\"ca_ES\" \/>\n<meta property=\"og:type\" content=\"article\" \/>\n<meta property=\"og:title\" content=\"Paper i Arts gr\u00e0fiques - Kadur\" \/>\n<meta property=\"og:description\" content=\"La millor opci\u00f3! Per tallar m\u00e9s, millor i m\u00e9s r\u00e0pid no cal substituir la seva guillotina. Amb les ganivetes d&#8217;alt rendiment guanyar\u00e0 en rendibilitat: Millorant la qualitat del tall. Allargant el per\u00edode de temps entre afilats. Ampliant la durada de &hellip; Continuar llegint\" \/>\n<meta property=\"og:url\" content=\"https:\/\/www.kadur.com\/ca\/ganivetes\/paper\/\" \/>\n<meta property=\"og:site_name\" content=\"Kadur\" \/>\n<meta property=\"article:modified_time\" content=\"2015-07-20T17:34:50+00:00\" \/>\n<meta property=\"og:image\" content=\"http:\/\/www.kadur.com\/wp-content\/uploads\/2013\/02\/papel_240.jpg\" \/>\n<meta name=\"twitter:label1\" content=\"Temps estimat de lectura\" \/>\n\t<meta name=\"twitter:data1\" content=\"2 minuts\" \/>\n<script type=\"application\/ld+json\" class=\"yoast-schema-graph\">{\"@context\":\"https:\/\/schema.org\",\"@graph\":[{\"@type\":\"WebPage\",\"@id\":\"https:\/\/www.kadur.com\/ca\/ganivetes\/paper\/\",\"url\":\"https:\/\/www.kadur.com\/ca\/ganivetes\/paper\/\",\"name\":\"Paper i Arts gr\u00e0fiques - Kadur\",\"isPartOf\":{\"@id\":\"https:\/\/www.kadur.com\/fr\/#website\"},\"primaryImageOfPage\":{\"@id\":\"https:\/\/www.kadur.com\/ca\/ganivetes\/paper\/#primaryimage\"},\"image\":{\"@id\":\"https:\/\/www.kadur.com\/ca\/ganivetes\/paper\/#primaryimage\"},\"thumbnailUrl\":\"http:\/\/www.kadur.com\/wp-content\/uploads\/2013\/02\/papel_240.jpg\",\"datePublished\":\"2013-01-26T13:55:50+00:00\",\"dateModified\":\"2015-07-20T17:34:50+00:00\",\"breadcrumb\":{\"@id\":\"https:\/\/www.kadur.com\/ca\/ganivetes\/paper\/#breadcrumb\"},\"inLanguage\":\"ca\",\"potentialAction\":[{\"@type\":\"ReadAction\",\"target\":[\"https:\/\/www.kadur.com\/ca\/ganivetes\/paper\/\"]}]},{\"@type\":\"ImageObject\",\"inLanguage\":\"ca\",\"@id\":\"https:\/\/www.kadur.com\/ca\/ganivetes\/paper\/#primaryimage\",\"url\":\"http:\/\/www.kadur.com\/wp-content\/uploads\/2013\/02\/papel_240.jpg\",\"contentUrl\":\"http:\/\/www.kadur.com\/wp-content\/uploads\/2013\/02\/papel_240.jpg\"},{\"@type\":\"BreadcrumbList\",\"@id\":\"https:\/\/www.kadur.com\/ca\/ganivetes\/paper\/#breadcrumb\",\"itemListElement\":[{\"@type\":\"ListItem\",\"position\":1,\"name\":\"Home\",\"item\":\"https:\/\/www.kadur.com\/ca\/\"},{\"@type\":\"ListItem\",\"position\":2,\"name\":\"Ganivetes\",\"item\":\"https:\/\/www.kadur.com\/ca\/ganivetes\/\"},{\"@type\":\"ListItem\",\"position\":3,\"name\":\"Paper i Arts gr\u00e0fiques\"}]},{\"@type\":\"WebSite\",\"@id\":\"https:\/\/www.kadur.com\/fr\/#website\",\"url\":\"https:\/\/www.kadur.com\/fr\/\",\"name\":\"Kadur\",\"description\":\"Ganivetes Industrials d'Alt Rendiment\",\"potentialAction\":[{\"@type\":\"SearchAction\",\"target\":{\"@type\":\"EntryPoint\",\"urlTemplate\":\"https:\/\/www.kadur.com\/fr\/?s={search_term_string}\"},\"query-input\":{\"@type\":\"PropertyValueSpecification\",\"valueRequired\":true,\"valueName\":\"search_term_string\"}}],\"inLanguage\":\"ca\"}]}<\/script>\n<!-- \/ Yoast SEO plugin. -->","yoast_head_json":{"title":"Paper i Arts gr\u00e0fiques - Kadur","robots":{"index":"index","follow":"follow","max-snippet":"max-snippet:-1","max-image-preview":"max-image-preview:large","max-video-preview":"max-video-preview:-1"},"canonical":"https:\/\/www.kadur.com\/ca\/ganivetes\/paper\/","og_locale":"ca_ES","og_type":"article","og_title":"Paper i Arts gr\u00e0fiques - Kadur","og_description":"La millor opci\u00f3! Per tallar m\u00e9s, millor i m\u00e9s r\u00e0pid no cal substituir la seva guillotina. Amb les ganivetes d&#8217;alt rendiment guanyar\u00e0 en rendibilitat: Millorant la qualitat del tall. Allargant el per\u00edode de temps entre afilats. Ampliant la durada de &hellip; Continuar llegint","og_url":"https:\/\/www.kadur.com\/ca\/ganivetes\/paper\/","og_site_name":"Kadur","article_modified_time":"2015-07-20T17:34:50+00:00","og_image":[{"url":"http:\/\/www.kadur.com\/wp-content\/uploads\/2013\/02\/papel_240.jpg","type":"","width":"","height":""}],"twitter_misc":{"Temps estimat de lectura":"2 minuts"},"schema":{"@context":"https:\/\/schema.org","@graph":[{"@type":"WebPage","@id":"https:\/\/www.kadur.com\/ca\/ganivetes\/paper\/","url":"https:\/\/www.kadur.com\/ca\/ganivetes\/paper\/","name":"Paper i Arts gr\u00e0fiques - Kadur","isPartOf":{"@id":"https:\/\/www.kadur.com\/fr\/#website"},"primaryImageOfPage":{"@id":"https:\/\/www.kadur.com\/ca\/ganivetes\/paper\/#primaryimage"},"image":{"@id":"https:\/\/www.kadur.com\/ca\/ganivetes\/paper\/#primaryimage"},"thumbnailUrl":"http:\/\/www.kadur.com\/wp-content\/uploads\/2013\/02\/papel_240.jpg","datePublished":"2013-01-26T13:55:50+00:00","dateModified":"2015-07-20T17:34:50+00:00","breadcrumb":{"@id":"https:\/\/www.kadur.com\/ca\/ganivetes\/paper\/#breadcrumb"},"inLanguage":"ca","potentialAction":[{"@type":"ReadAction","target":["https:\/\/www.kadur.com\/ca\/ganivetes\/paper\/"]}]},{"@type":"ImageObject","inLanguage":"ca","@id":"https:\/\/www.kadur.com\/ca\/ganivetes\/paper\/#primaryimage","url":"http:\/\/www.kadur.com\/wp-content\/uploads\/2013\/02\/papel_240.jpg","contentUrl":"http:\/\/www.kadur.com\/wp-content\/uploads\/2013\/02\/papel_240.jpg"},{"@type":"BreadcrumbList","@id":"https:\/\/www.kadur.com\/ca\/ganivetes\/paper\/#breadcrumb","itemListElement":[{"@type":"ListItem","position":1,"name":"Home","item":"https:\/\/www.kadur.com\/ca\/"},{"@type":"ListItem","position":2,"name":"Ganivetes","item":"https:\/\/www.kadur.com\/ca\/ganivetes\/"},{"@type":"ListItem","position":3,"name":"Paper i Arts gr\u00e0fiques"}]},{"@type":"WebSite","@id":"https:\/\/www.kadur.com\/fr\/#website","url":"https:\/\/www.kadur.com\/fr\/","name":"Kadur","description":"Ganivetes Industrials d'Alt Rendiment","potentialAction":[{"@type":"SearchAction","target":{"@type":"EntryPoint","urlTemplate":"https:\/\/www.kadur.com\/fr\/?s={search_term_string}"},"query-input":{"@type":"PropertyValueSpecification","valueRequired":true,"valueName":"search_term_string"}}],"inLanguage":"ca"}]}},"_links":{"self":[{"href":"https:\/\/www.kadur.com\/ca\/wp-json\/wp\/v2\/pages\/569"}],"collection":[{"href":"https:\/\/www.kadur.com\/ca\/wp-json\/wp\/v2\/pages"}],"about":[{"href":"https:\/\/www.kadur.com\/ca\/wp-json\/wp\/v2\/types\/page"}],"author":[{"embeddable":true,"href":"https:\/\/www.kadur.com\/ca\/wp-json\/wp\/v2\/users\/1"}],"replies":[{"embeddable":true,"href":"https:\/\/www.kadur.com\/ca\/wp-json\/wp\/v2\/comments?post=569"}],"version-history":[{"count":0,"href":"https:\/\/www.kadur.com\/ca\/wp-json\/wp\/v2\/pages\/569\/revisions"}],"up":[{"embeddable":true,"href":"https:\/\/www.kadur.com\/ca\/wp-json\/wp\/v2\/pages\/744"}],"wp:attachment":[{"href":"https:\/\/www.kadur.com\/ca\/wp-json\/wp\/v2\/media?parent=569"}],"curies":[{"name":"wp","href":"https:\/\/api.w.org\/{rel}","templated":true}]}}