{"id":564,"date":"2013-01-26T13:47:30","date_gmt":"2013-01-26T13:47:30","guid":{"rendered":"http:\/\/www.kadur.com\/?page_id=564"},"modified":"2015-09-21T13:46:45","modified_gmt":"2015-09-21T11:46:45","slug":"empresa","status":"publish","type":"page","link":"https:\/\/www.kadur.com\/ca\/empresa\/","title":{"rendered":"Empresa"},"content":{"rendered":"<h2>especialistes en ganivetes d&#8217;alt rendiment<\/h2>\n<p><strong>L\u00edders en ganivetes industrials d&#8217;alt rendiment, di\u00e0riament s&#8217;acredita la fiabilitat de les nostres ganivetes en els sectors del Paper i Arts Gr\u00e0fiques, en les ind\u00fastries de la Fusta, Ebenisteria i Forestal, i en la ind\u00fastria del Metall, Pl\u00e0stic i Reciclatge.<\/strong><\/p>\n<p>Fabricants des de fa m\u00e9s de 50 anys i bons coneixedors dels requeriments de la ind\u00fastria, la nostra experi\u00e8ncia, control de qualitat i saber fer ens pemet disposar de les ganivetes i aliatges m\u00e9s adequats a les demandes de cada client.<\/p>\n<p>El departament t\u00e8cnic el pot assessorar i ajudar a resoldre plenament qualsevol dubte o necessitat que sorgeixi en el proc\u00e9s productiu.<\/p>\n<p>Un servei \u00e0gil i efica\u00e7 permet contrastar la nostra qualitat a tot el m\u00f3n.<\/p>\n<p>Les nostres ganivetes li asseguren els m\u00e0xims valors de rendiment i li garantim que, tall a tall, vost\u00e8 pugui confiar en <strong>KADUR<\/strong>.<\/p>\n<p><img decoding=\"async\" class=\"alignleft size-full wp-image-769\" src=\"http:\/\/www.kadur.com\/wp-content\/uploads\/2013\/02\/empresa.png\" alt=\"empresa\" width=\"595\" height=\"175\" srcset=\"https:\/\/www.kadur.com\/wp-content\/uploads\/2013\/02\/empresa.png 595w, https:\/\/www.kadur.com\/wp-content\/uploads\/2013\/02\/empresa-300x88.png 300w\" sizes=\"(max-width: 595px) 100vw, 595px\" \/><\/p>\n","protected":false},"excerpt":{"rendered":"<p>especialistes en ganivetes d&#8217;alt rendiment L\u00edders en ganivetes industrials d&#8217;alt rendiment, di\u00e0riament s&#8217;acredita la fiabilitat de les nostres ganivetes en els sectors del Paper i Arts Gr\u00e0fiques, en les ind\u00fastries de la Fusta, Ebenisteria i Forestal, i en la ind\u00fastria &hellip; <br \/><a href=\"https:\/\/www.kadur.com\/ca\/empresa\/\" class=\"more-link\">Continuar llegint<\/a><\/p>\n","protected":false},"author":1,"featured_media":0,"parent":0,"menu_order":1,"comment_status":"closed","ping_status":"closed","template":"","meta":{"footnotes":""},"yoast_head":"<!-- This site is optimized with the Yoast SEO plugin v24.5 - https:\/\/yoast.com\/wordpress\/plugins\/seo\/ -->\n<title>Empresa - Kadur<\/title>\n<meta name=\"robots\" content=\"index, follow, max-snippet:-1, max-image-preview:large, max-video-preview:-1\" \/>\n<link rel=\"canonical\" href=\"https:\/\/www.kadur.com\/ca\/empresa\/\" \/>\n<meta property=\"og:locale\" content=\"ca_ES\" \/>\n<meta property=\"og:type\" content=\"article\" \/>\n<meta property=\"og:title\" content=\"Empresa - Kadur\" \/>\n<meta property=\"og:description\" content=\"especialistes en ganivetes d&#8217;alt rendiment L\u00edders en ganivetes industrials d&#8217;alt rendiment, di\u00e0riament s&#8217;acredita la fiabilitat de les nostres ganivetes en els sectors del Paper i Arts Gr\u00e0fiques, en les ind\u00fastries de la Fusta, Ebenisteria i Forestal, i en la ind\u00fastria &hellip; Continuar llegint\" \/>\n<meta property=\"og:url\" content=\"https:\/\/www.kadur.com\/ca\/empresa\/\" \/>\n<meta property=\"og:site_name\" content=\"Kadur\" \/>\n<meta property=\"article:modified_time\" content=\"2015-09-21T11:46:45+00:00\" \/>\n<meta property=\"og:image\" content=\"http:\/\/www.kadur.com\/wp-content\/uploads\/2013\/02\/empresa.png\" \/>\n<meta name=\"twitter:label1\" content=\"Temps estimat de lectura\" \/>\n\t<meta name=\"twitter:data1\" content=\"1 minut\" \/>\n<script type=\"application\/ld+json\" class=\"yoast-schema-graph\">{\"@context\":\"https:\/\/schema.org\",\"@graph\":[{\"@type\":\"WebPage\",\"@id\":\"https:\/\/www.kadur.com\/ca\/empresa\/\",\"url\":\"https:\/\/www.kadur.com\/ca\/empresa\/\",\"name\":\"Empresa - Kadur\",\"isPartOf\":{\"@id\":\"https:\/\/www.kadur.com\/fr\/#website\"},\"primaryImageOfPage\":{\"@id\":\"https:\/\/www.kadur.com\/ca\/empresa\/#primaryimage\"},\"image\":{\"@id\":\"https:\/\/www.kadur.com\/ca\/empresa\/#primaryimage\"},\"thumbnailUrl\":\"http:\/\/www.kadur.com\/wp-content\/uploads\/2013\/02\/empresa.png\",\"datePublished\":\"2013-01-26T13:47:30+00:00\",\"dateModified\":\"2015-09-21T11:46:45+00:00\",\"breadcrumb\":{\"@id\":\"https:\/\/www.kadur.com\/ca\/empresa\/#breadcrumb\"},\"inLanguage\":\"ca\",\"potentialAction\":[{\"@type\":\"ReadAction\",\"target\":[\"https:\/\/www.kadur.com\/ca\/empresa\/\"]}]},{\"@type\":\"ImageObject\",\"inLanguage\":\"ca\",\"@id\":\"https:\/\/www.kadur.com\/ca\/empresa\/#primaryimage\",\"url\":\"http:\/\/www.kadur.com\/wp-content\/uploads\/2013\/02\/empresa.png\",\"contentUrl\":\"http:\/\/www.kadur.com\/wp-content\/uploads\/2013\/02\/empresa.png\"},{\"@type\":\"BreadcrumbList\",\"@id\":\"https:\/\/www.kadur.com\/ca\/empresa\/#breadcrumb\",\"itemListElement\":[{\"@type\":\"ListItem\",\"position\":1,\"name\":\"Home\",\"item\":\"https:\/\/www.kadur.com\/ca\/\"},{\"@type\":\"ListItem\",\"position\":2,\"name\":\"Empresa\"}]},{\"@type\":\"WebSite\",\"@id\":\"https:\/\/www.kadur.com\/fr\/#website\",\"url\":\"https:\/\/www.kadur.com\/fr\/\",\"name\":\"Kadur\",\"description\":\"Ganivetes Industrials d'Alt Rendiment\",\"potentialAction\":[{\"@type\":\"SearchAction\",\"target\":{\"@type\":\"EntryPoint\",\"urlTemplate\":\"https:\/\/www.kadur.com\/fr\/?s={search_term_string}\"},\"query-input\":{\"@type\":\"PropertyValueSpecification\",\"valueRequired\":true,\"valueName\":\"search_term_string\"}}],\"inLanguage\":\"ca\"}]}<\/script>\n<!-- \/ Yoast SEO plugin. -->","yoast_head_json":{"title":"Empresa - Kadur","robots":{"index":"index","follow":"follow","max-snippet":"max-snippet:-1","max-image-preview":"max-image-preview:large","max-video-preview":"max-video-preview:-1"},"canonical":"https:\/\/www.kadur.com\/ca\/empresa\/","og_locale":"ca_ES","og_type":"article","og_title":"Empresa - Kadur","og_description":"especialistes en ganivetes d&#8217;alt rendiment L\u00edders en ganivetes industrials d&#8217;alt rendiment, di\u00e0riament s&#8217;acredita la fiabilitat de les nostres ganivetes en els sectors del Paper i Arts Gr\u00e0fiques, en les ind\u00fastries de la Fusta, Ebenisteria i Forestal, i en la ind\u00fastria &hellip; Continuar llegint","og_url":"https:\/\/www.kadur.com\/ca\/empresa\/","og_site_name":"Kadur","article_modified_time":"2015-09-21T11:46:45+00:00","og_image":[{"url":"http:\/\/www.kadur.com\/wp-content\/uploads\/2013\/02\/empresa.png","type":"","width":"","height":""}],"twitter_misc":{"Temps estimat de lectura":"1 minut"},"schema":{"@context":"https:\/\/schema.org","@graph":[{"@type":"WebPage","@id":"https:\/\/www.kadur.com\/ca\/empresa\/","url":"https:\/\/www.kadur.com\/ca\/empresa\/","name":"Empresa - Kadur","isPartOf":{"@id":"https:\/\/www.kadur.com\/fr\/#website"},"primaryImageOfPage":{"@id":"https:\/\/www.kadur.com\/ca\/empresa\/#primaryimage"},"image":{"@id":"https:\/\/www.kadur.com\/ca\/empresa\/#primaryimage"},"thumbnailUrl":"http:\/\/www.kadur.com\/wp-content\/uploads\/2013\/02\/empresa.png","datePublished":"2013-01-26T13:47:30+00:00","dateModified":"2015-09-21T11:46:45+00:00","breadcrumb":{"@id":"https:\/\/www.kadur.com\/ca\/empresa\/#breadcrumb"},"inLanguage":"ca","potentialAction":[{"@type":"ReadAction","target":["https:\/\/www.kadur.com\/ca\/empresa\/"]}]},{"@type":"ImageObject","inLanguage":"ca","@id":"https:\/\/www.kadur.com\/ca\/empresa\/#primaryimage","url":"http:\/\/www.kadur.com\/wp-content\/uploads\/2013\/02\/empresa.png","contentUrl":"http:\/\/www.kadur.com\/wp-content\/uploads\/2013\/02\/empresa.png"},{"@type":"BreadcrumbList","@id":"https:\/\/www.kadur.com\/ca\/empresa\/#breadcrumb","itemListElement":[{"@type":"ListItem","position":1,"name":"Home","item":"https:\/\/www.kadur.com\/ca\/"},{"@type":"ListItem","position":2,"name":"Empresa"}]},{"@type":"WebSite","@id":"https:\/\/www.kadur.com\/fr\/#website","url":"https:\/\/www.kadur.com\/fr\/","name":"Kadur","description":"Ganivetes Industrials d'Alt Rendiment","potentialAction":[{"@type":"SearchAction","target":{"@type":"EntryPoint","urlTemplate":"https:\/\/www.kadur.com\/fr\/?s={search_term_string}"},"query-input":{"@type":"PropertyValueSpecification","valueRequired":true,"valueName":"search_term_string"}}],"inLanguage":"ca"}]}},"_links":{"self":[{"href":"https:\/\/www.kadur.com\/ca\/wp-json\/wp\/v2\/pages\/564"}],"collection":[{"href":"https:\/\/www.kadur.com\/ca\/wp-json\/wp\/v2\/pages"}],"about":[{"href":"https:\/\/www.kadur.com\/ca\/wp-json\/wp\/v2\/types\/page"}],"author":[{"embeddable":true,"href":"https:\/\/www.kadur.com\/ca\/wp-json\/wp\/v2\/users\/1"}],"replies":[{"embeddable":true,"href":"https:\/\/www.kadur.com\/ca\/wp-json\/wp\/v2\/comments?post=564"}],"version-history":[{"count":0,"href":"https:\/\/www.kadur.com\/ca\/wp-json\/wp\/v2\/pages\/564\/revisions"}],"wp:attachment":[{"href":"https:\/\/www.kadur.com\/ca\/wp-json\/wp\/v2\/media?parent=564"}],"curies":[{"name":"wp","href":"https:\/\/api.w.org\/{rel}","templated":true}]}}