{"id":539,"date":"2013-01-25T16:32:31","date_gmt":"2013-01-25T16:32:31","guid":{"rendered":"http:\/\/www.kadur.com\/?page_id=539"},"modified":"2015-11-25T18:31:03","modified_gmt":"2015-11-25T17:31:03","slug":"inici","status":"publish","type":"page","link":"https:\/\/www.kadur.com\/ca\/","title":{"rendered":"Inici"},"content":{"rendered":"<h2>Ganivetes Industrials d&#8217;Alt Rendiment<\/h2>\n<p><a href=\"https:\/\/www.kadur.com\/ca\/ganivetes\/paper\/\"><img decoding=\"async\" class=\"size-full wp-image-646  alignnone\" src=\"http:\/\/www.kadur.com\/wp-content\/uploads\/2013\/02\/papel_250.jpg\" alt=\"Ganivetes Industrials d'Alt Rendiment - Paper i Arts gr\u00e0fiques\" width=\"900\" height=\"250\" srcset=\"https:\/\/www.kadur.com\/wp-content\/uploads\/2013\/02\/papel_250.jpg 900w, https:\/\/www.kadur.com\/wp-content\/uploads\/2013\/02\/papel_250-300x83.jpg 300w\" sizes=\"(max-width: 900px) 100vw, 900px\" \/><\/a><\/p>\n<h2>Paper i Arts gr\u00e0fiques<\/h2>\n<p>Les Arts Gr\u00e0fiques requereixen, cada cop m\u00e9s, precisi\u00f3 i rapidesa en les operacions de tall:<\/p>\n<ul>\n<li>Millorant la qualitat del tall.<\/li>\n<li>Allargant el per\u00edode de temps entre afilats.<\/li>\n<li>Ampliant la durada de la fulla.<\/li>\n<\/ul>\n<p>Les noves t\u00e8cniques en la fabricaci\u00f3 de ganivetes amb materials d\u2019\u00faltima generaci\u00f3 deixen absoletas a les tradicionals ganivetes d\u2019Acer Est\u00e0ndard. L\u2019evoluci\u00f3 en Arts Gr\u00e0fiques requereix m\u00e9s precisi\u00f3 i rapidesa en les operacions de tall.<br \/>\nEscollint la millor opci\u00f3 de fulla podr\u00e0 baixar costos i millorar la rendibilitat del guillotinat.<\/p>\n<p><a href=\"https:\/\/www.kadur.com\/ca\/ganivetes\/fusta\/\"><img decoding=\"async\" class=\"size-full wp-image-642 alignnone\" src=\"http:\/\/www.kadur.com\/wp-content\/uploads\/2013\/02\/madera_250.jpg\" alt=\"Ganivetes Industrials d'Alt Rendiment - Fusta i Ebenisteria\" width=\"900\" height=\"250\" srcset=\"https:\/\/www.kadur.com\/wp-content\/uploads\/2013\/02\/madera_250.jpg 900w, https:\/\/www.kadur.com\/wp-content\/uploads\/2013\/02\/madera_250-300x83.jpg 300w\" sizes=\"(max-width: 900px) 100vw, 900px\" \/><\/a><\/p>\n<h2>Fusta i Ebenisteria<\/h2>\n<p>Duresa i qualitat de tall. Alt rendiment. Aix\u00ed s\u00f3n les ganivetes KADUR per a treballar la fusta. Associats des dels nostres or\u00edgens amb la ind\u00fastria de la fusta, en KADUR disposem d\u2019una \u00e0mplia gamma de ganivets que sobresurten per la seva fiabilitat i rendibilitat, gr\u00e0cies a la seva tenacitat de tall i capacitat de resist\u00e8ncia:<\/p>\n<ul>\n<li>ganivetes planejadores<\/li>\n<li>ganivetes corrugades<\/li>\n<li>ganivetes per planejadors el\u00e8ctrics<\/li>\n<li>ganivetes de sistemes reversibles:\n<ul>\n<li>KadurFix<\/li>\n<li>Tersa<\/li>\n<li>Centrolock<\/li>\n<li>Terminus<\/li>\n<li>Vivax<\/li>\n<\/ul>\n<\/li>\n<\/ul>\n<p><a href=\"https:\/\/www.kadur.com\/ca\/ganivetes\/forestal\/\"><img decoding=\"async\" class=\"size-full wp-image-643 alignnone\" src=\"http:\/\/www.kadur.com\/wp-content\/uploads\/2013\/02\/forestal_250.jpg\" alt=\"Ganivetes Industrials d'Alt Rendiment - Ind\u00fastria Forestal i de la Fusta\" width=\"900\" height=\"250\" srcset=\"https:\/\/www.kadur.com\/wp-content\/uploads\/2013\/02\/forestal_250.jpg 900w, https:\/\/www.kadur.com\/wp-content\/uploads\/2013\/02\/forestal_250-300x83.jpg 300w\" sizes=\"(max-width: 900px) 100vw, 900px\" \/><\/a><\/p>\n<h2>Ind\u00fastria Forestal i de la Fusta<\/h2>\n<p>Duresa i tenacitat\u2026 amb la qualitat m\u00e9s concreta i \u00fatil per a cada aplicaci\u00f3. Un extens assortiment de ganivetes d\u2019alt rendiment d\u00f3na la resposta m\u00e9s rendible a les variades i diferents demandes sectorials de la ind\u00fastria forestal i de Transformaci\u00f3 de la fusta:<\/p>\n<ul>\n<li>ganivetes torn de desenrotllar<\/li>\n<li>ganivetes \u201cxipejadores\u201d<\/li>\n<li>ganivetes trituradores<\/li>\n<li>ganivetes laminadores (slicer)<\/li>\n<li>ganivetes per a cisalla<\/li>\n<li>ganivetes desbrossadores<\/li>\n<\/ul>\n<p><a href=\"https:\/\/www.kadur.com\/ca\/ganivetes\/metall\/\"><img decoding=\"async\" class=\"alignnone size-full wp-image-644\" src=\"http:\/\/www.kadur.com\/wp-content\/uploads\/2013\/02\/metal_250.jpg\" alt=\"Ganivetes Industrials d'Alt Rendiment - Ind\u00fastria del Metall\" width=\"900\" height=\"250\" srcset=\"https:\/\/www.kadur.com\/wp-content\/uploads\/2013\/02\/metal_250.jpg 900w, https:\/\/www.kadur.com\/wp-content\/uploads\/2013\/02\/metal_250-300x83.jpg 300w\" sizes=\"(max-width: 900px) 100vw, 900px\" \/><\/a><\/p>\n<h2>Ind\u00fastria del Metall<\/h2>\n<p>Tenaces i ressistents. Precises i robustes. Aix\u00ed s\u00f3n les nostres ganivetes per a la ind\u00fastria del Metall:<\/p>\n<ul>\n<li>ganivetes trituradores<\/li>\n<li>ganivetes per a cisalla<\/li>\n<li>ganivetes circulars<\/li>\n<li>fabricaci\u00f3, reparaci\u00f3 i afilat de regles centerless, en carbur de tungst\u00e8 (metall dur).<\/li>\n<\/ul>\n<p><a href=\"https:\/\/www.kadur.com\/ca\/ganivetes\/reciclatge\/\"><img decoding=\"async\" class=\"alignnone size-full wp-image-645\" src=\"http:\/\/www.kadur.com\/wp-content\/uploads\/2013\/02\/reciclaje_250.jpg\" alt=\"Ganivetes Industrials d'Alt Rendiment - Reciclatge\" width=\"900\" height=\"250\" srcset=\"https:\/\/www.kadur.com\/wp-content\/uploads\/2013\/02\/reciclaje_250.jpg 900w, https:\/\/www.kadur.com\/wp-content\/uploads\/2013\/02\/reciclaje_250-300x83.jpg 300w\" sizes=\"(max-width: 900px) 100vw, 900px\" \/><\/a><\/p>\n<h2>Reciclatge<\/h2>\n<p>Pot\u00e8ncia, persist\u00e8ncia, robustesa&#8230; Caracter\u00edstiques sin\u00f2nim de les ganivetes KADUR:<\/p>\n<ul>\n<li>ganivetes trituradores<\/li>\n<li>ganivetes esquin\u00e7adores<\/li>\n<li>ganivetes per gransa<\/li>\n<\/ul>\n","protected":false},"excerpt":{"rendered":"<p>Ganivetes Industrials d&#8217;Alt Rendiment Paper i Arts gr\u00e0fiques Les Arts Gr\u00e0fiques requereixen, cada cop m\u00e9s, precisi\u00f3 i rapidesa en les operacions de tall: Millorant la qualitat del tall. Allargant el per\u00edode de temps entre afilats. Ampliant la durada de la &hellip; <br \/><a href=\"https:\/\/www.kadur.com\/ca\/\" class=\"more-link\">Continuar llegint<\/a><\/p>\n","protected":false},"author":1,"featured_media":0,"parent":0,"menu_order":0,"comment_status":"closed","ping_status":"closed","template":"home-page.php","meta":{"footnotes":""},"yoast_head":"<!-- This site is optimized with the Yoast SEO plugin v24.5 - https:\/\/yoast.com\/wordpress\/plugins\/seo\/ -->\n<title>Ganivetes Industrials - KADUR<\/title>\n<meta name=\"description\" content=\"Ganivetes Industrials d&#039;Alt Rendiment, Paper i Arts gr\u00e0fiques, Fusta i Ebenisteria, Ind\u00fastria Forestal i de la Fusta, Ind\u00fastria del Metall i del Reciclatge.\" \/>\n<meta name=\"robots\" content=\"index, follow, max-snippet:-1, max-image-preview:large, max-video-preview:-1\" \/>\n<link rel=\"canonical\" href=\"https:\/\/www.kadur.com\/ca\/\" \/>\n<meta property=\"og:locale\" content=\"ca_ES\" \/>\n<meta property=\"og:type\" content=\"article\" \/>\n<meta property=\"og:title\" content=\"Ganivetes Industrials - KADUR\" \/>\n<meta property=\"og:description\" content=\"Ganivetes Industrials d&#039;Alt Rendiment, Paper i Arts gr\u00e0fiques, Fusta i Ebenisteria, Ind\u00fastria Forestal i de la Fusta, Ind\u00fastria del Metall i del Reciclatge.\" \/>\n<meta property=\"og:url\" content=\"https:\/\/www.kadur.com\/ca\/\" \/>\n<meta property=\"og:site_name\" content=\"Kadur\" \/>\n<meta property=\"article:modified_time\" content=\"2015-11-25T17:31:03+00:00\" \/>\n<meta property=\"og:image\" content=\"http:\/\/www.kadur.com\/wp-content\/uploads\/2013\/02\/papel_250.jpg\" \/>\n<meta name=\"twitter:label1\" content=\"Temps estimat de lectura\" \/>\n\t<meta name=\"twitter:data1\" content=\"2 minuts\" \/>\n<script type=\"application\/ld+json\" class=\"yoast-schema-graph\">{\"@context\":\"https:\/\/schema.org\",\"@graph\":[{\"@type\":\"WebPage\",\"@id\":\"https:\/\/www.kadur.com\/ca\/\",\"url\":\"https:\/\/www.kadur.com\/ca\/\",\"name\":\"Ganivetes Industrials - KADUR\",\"isPartOf\":{\"@id\":\"https:\/\/www.kadur.com\/fr\/#website\"},\"primaryImageOfPage\":{\"@id\":\"https:\/\/www.kadur.com\/ca\/#primaryimage\"},\"image\":{\"@id\":\"https:\/\/www.kadur.com\/ca\/#primaryimage\"},\"thumbnailUrl\":\"http:\/\/www.kadur.com\/wp-content\/uploads\/2013\/02\/papel_250.jpg\",\"datePublished\":\"2013-01-25T16:32:31+00:00\",\"dateModified\":\"2015-11-25T17:31:03+00:00\",\"description\":\"Ganivetes Industrials d'Alt Rendiment, Paper i Arts gr\u00e0fiques, Fusta i Ebenisteria, Ind\u00fastria Forestal i de la Fusta, Ind\u00fastria del Metall i del Reciclatge.\",\"breadcrumb\":{\"@id\":\"https:\/\/www.kadur.com\/ca\/#breadcrumb\"},\"inLanguage\":\"ca\",\"potentialAction\":[{\"@type\":\"ReadAction\",\"target\":[\"https:\/\/www.kadur.com\/ca\/\"]}]},{\"@type\":\"ImageObject\",\"inLanguage\":\"ca\",\"@id\":\"https:\/\/www.kadur.com\/ca\/#primaryimage\",\"url\":\"http:\/\/www.kadur.com\/wp-content\/uploads\/2013\/02\/papel_250.jpg\",\"contentUrl\":\"http:\/\/www.kadur.com\/wp-content\/uploads\/2013\/02\/papel_250.jpg\"},{\"@type\":\"BreadcrumbList\",\"@id\":\"https:\/\/www.kadur.com\/ca\/#breadcrumb\",\"itemListElement\":[{\"@type\":\"ListItem\",\"position\":1,\"name\":\"Home\",\"item\":\"https:\/\/www.kadur.com\/ca\/\"},{\"@type\":\"ListItem\",\"position\":2,\"name\":\"Inici\"}]},{\"@type\":\"WebSite\",\"@id\":\"https:\/\/www.kadur.com\/fr\/#website\",\"url\":\"https:\/\/www.kadur.com\/fr\/\",\"name\":\"Kadur\",\"description\":\"Ganivetes Industrials d'Alt Rendiment\",\"potentialAction\":[{\"@type\":\"SearchAction\",\"target\":{\"@type\":\"EntryPoint\",\"urlTemplate\":\"https:\/\/www.kadur.com\/fr\/?s={search_term_string}\"},\"query-input\":{\"@type\":\"PropertyValueSpecification\",\"valueRequired\":true,\"valueName\":\"search_term_string\"}}],\"inLanguage\":\"ca\"}]}<\/script>\n<!-- \/ Yoast SEO plugin. -->","yoast_head_json":{"title":"Ganivetes Industrials - KADUR","description":"Ganivetes Industrials d'Alt Rendiment, Paper i Arts gr\u00e0fiques, Fusta i Ebenisteria, Ind\u00fastria Forestal i de la Fusta, Ind\u00fastria del Metall i del Reciclatge.","robots":{"index":"index","follow":"follow","max-snippet":"max-snippet:-1","max-image-preview":"max-image-preview:large","max-video-preview":"max-video-preview:-1"},"canonical":"https:\/\/www.kadur.com\/ca\/","og_locale":"ca_ES","og_type":"article","og_title":"Ganivetes Industrials - KADUR","og_description":"Ganivetes Industrials d'Alt Rendiment, Paper i Arts gr\u00e0fiques, Fusta i Ebenisteria, Ind\u00fastria Forestal i de la Fusta, Ind\u00fastria del Metall i del Reciclatge.","og_url":"https:\/\/www.kadur.com\/ca\/","og_site_name":"Kadur","article_modified_time":"2015-11-25T17:31:03+00:00","og_image":[{"url":"http:\/\/www.kadur.com\/wp-content\/uploads\/2013\/02\/papel_250.jpg","type":"","width":"","height":""}],"twitter_misc":{"Temps estimat de lectura":"2 minuts"},"schema":{"@context":"https:\/\/schema.org","@graph":[{"@type":"WebPage","@id":"https:\/\/www.kadur.com\/ca\/","url":"https:\/\/www.kadur.com\/ca\/","name":"Ganivetes Industrials - KADUR","isPartOf":{"@id":"https:\/\/www.kadur.com\/fr\/#website"},"primaryImageOfPage":{"@id":"https:\/\/www.kadur.com\/ca\/#primaryimage"},"image":{"@id":"https:\/\/www.kadur.com\/ca\/#primaryimage"},"thumbnailUrl":"http:\/\/www.kadur.com\/wp-content\/uploads\/2013\/02\/papel_250.jpg","datePublished":"2013-01-25T16:32:31+00:00","dateModified":"2015-11-25T17:31:03+00:00","description":"Ganivetes Industrials d'Alt Rendiment, Paper i Arts gr\u00e0fiques, Fusta i Ebenisteria, Ind\u00fastria Forestal i de la Fusta, Ind\u00fastria del Metall i del Reciclatge.","breadcrumb":{"@id":"https:\/\/www.kadur.com\/ca\/#breadcrumb"},"inLanguage":"ca","potentialAction":[{"@type":"ReadAction","target":["https:\/\/www.kadur.com\/ca\/"]}]},{"@type":"ImageObject","inLanguage":"ca","@id":"https:\/\/www.kadur.com\/ca\/#primaryimage","url":"http:\/\/www.kadur.com\/wp-content\/uploads\/2013\/02\/papel_250.jpg","contentUrl":"http:\/\/www.kadur.com\/wp-content\/uploads\/2013\/02\/papel_250.jpg"},{"@type":"BreadcrumbList","@id":"https:\/\/www.kadur.com\/ca\/#breadcrumb","itemListElement":[{"@type":"ListItem","position":1,"name":"Home","item":"https:\/\/www.kadur.com\/ca\/"},{"@type":"ListItem","position":2,"name":"Inici"}]},{"@type":"WebSite","@id":"https:\/\/www.kadur.com\/fr\/#website","url":"https:\/\/www.kadur.com\/fr\/","name":"Kadur","description":"Ganivetes Industrials d'Alt Rendiment","potentialAction":[{"@type":"SearchAction","target":{"@type":"EntryPoint","urlTemplate":"https:\/\/www.kadur.com\/fr\/?s={search_term_string}"},"query-input":{"@type":"PropertyValueSpecification","valueRequired":true,"valueName":"search_term_string"}}],"inLanguage":"ca"}]}},"_links":{"self":[{"href":"https:\/\/www.kadur.com\/ca\/wp-json\/wp\/v2\/pages\/539"}],"collection":[{"href":"https:\/\/www.kadur.com\/ca\/wp-json\/wp\/v2\/pages"}],"about":[{"href":"https:\/\/www.kadur.com\/ca\/wp-json\/wp\/v2\/types\/page"}],"author":[{"embeddable":true,"href":"https:\/\/www.kadur.com\/ca\/wp-json\/wp\/v2\/users\/1"}],"replies":[{"embeddable":true,"href":"https:\/\/www.kadur.com\/ca\/wp-json\/wp\/v2\/comments?post=539"}],"version-history":[{"count":0,"href":"https:\/\/www.kadur.com\/ca\/wp-json\/wp\/v2\/pages\/539\/revisions"}],"wp:attachment":[{"href":"https:\/\/www.kadur.com\/ca\/wp-json\/wp\/v2\/media?parent=539"}],"curies":[{"name":"wp","href":"https:\/\/api.w.org\/{rel}","templated":true}]}}