{"id":2669,"date":"2018-06-19T11:32:58","date_gmt":"2018-06-19T09:32:58","guid":{"rendered":"http:\/\/www.kadur.com\/politica-de-privacidad\/"},"modified":"2021-02-18T18:02:26","modified_gmt":"2021-02-18T17:02:26","slug":"politica-de-privacidad","status":"publish","type":"page","link":"https:\/\/www.kadur.com\/ca\/politica-de-privacidad\/","title":{"rendered":"Pol\u00edtica de Privacidad"},"content":{"rendered":"<p>La visita a aquest lloc web no implica que l&#8217;usuari estigui obligat a facilitar cap informaci\u00f3 personal. Tanmateix, durant la visita, \u00e9s possible que es demani informaci\u00f3 personal a trav\u00e9s de formularis, la qual l\u2019usuari podr\u00e0 facilitar volunt\u00e0riament.<\/p>\n<p>Les dades que se sol\u00b7liciten en aquesta p\u00e0gina web s\u00f3n adequades, pertinents i estrictament necess\u00e0ries per poder prestar els serveis oferts i en cap cas estan obligats a proporcionar, encara que ha de saber que la no comunicaci\u00f3 pot afectar o impossibilitar la prestaci\u00f3 del servei.<\/p>\n<p>El consentiment expr\u00e9s que proporciona a l\u2019acceptar aquesta pol\u00edtica de privacitat abans de facilitar informaci\u00f3 personal, ens dona les bases legals per al seu tractament. D&#8217;acord amb les normes del Reglament General de Protecci\u00f3 de Dades i dem\u00e9s normativa vigent, i basat en els principis de transpar\u00e8ncia, lleialtat i legalitat, detallem el tractament que es faran de les seves dades personals:<\/p>\n<ul>\n<li><strong>RESPONSABLE DEL TRACTAMENT<\/strong><br \/>\nLes seves dades personals formaran part d\u2019un fitxer anomenat Usuaris web, el responsable del qual i del seu tractament \u00e9s:<\/p>\n<ul>\n<li>DIADUR TOOLS S.L.<\/li>\n<li>CIF:\u00a0B58049636<\/li>\n<li>Domicili social:\u00a0P.I. PLA DE LA BRUGUERA C\/BAGES, 5 de CASTELLAR DEL VALLES, 08211, BARCELONA<\/li>\n<li>Email:\u00a0contabilidad@kadur.com<\/li>\n<li>Tel\u00e8fon:\u00a0937142522<\/li>\n<li>Dades del DPD: OCTALIA COMPLIANCE. info@octalia.es<br \/>\n<strong>\u00a0\u00a0<\/strong><\/li>\n<\/ul>\n<\/li>\n<li><strong>FINALITAT I CONSERVACI\u00d3 DE LES DADES<\/strong><br \/>\nLes dades personals facilitades en aquesta p\u00e0gina web seran tractades exclusivament amb la finalitat d&#8217;enviar-vos la informaci\u00f3 sol\u00b7licitada. A m\u00e9s, si ho consent expl\u00edcitament, podem enviar-vos correus electr\u00f2nics amb informaci\u00f3 sobre els nostres serveis i activitats que esperem siguin del vostre inter\u00e8s. Quan les seves dades pateixin canvis, si us plau, avisi&#8217;ns a les dades de contacte facilitades, amb els canvis esmentats per tal de poder mantenir les seves dades actualitzades i ser capa\u00e7os de respondre de la seva veracitat.<\/p>\n<p>Conservarem les seves dades el temps necessari per dur a terme la finalitat per a la que han estat facilitades i ser capa\u00e7os de complir, si s&#8217;escau, les responsabilitats legals que es puguin derivar d&#8217;elles. Si no exerceix el seu dret d&#8217;oposici\u00f3 o cancel\u00b7laci\u00f3 al tractament de les seves dades, entenem que continua interessat en seguir sent part del nostre fitxer de clients mentre que el tractament sigui adequat a la finalitat per la qual es van facilitar.<\/p>\n<p>Vost\u00e8 pot retirar el seu consentiment per a qualsevol prop\u00f2sit particular que anteriorment hagu\u00e9s acceptat sense que tingui implicaci\u00f3 en la legalitat del tractament basat en aquest consentiment<\/li>\n<li><strong>CESSI\u00d3N DE LES DADES<\/strong><br \/>\nLes seves dades no seran comunicades a tercers, excepte als socis de negoci sempre que aquesta cessi\u00f3 comporti una millora del servei per al qual es van cedir, existeixi obligaci\u00f3 legal o s\u2019hagu\u00e9s informat expl\u00edcitament.<\/li>\n<li><strong>DRETS DE L\u2019USUARI SOBRE LES DADES PERSONALS<\/strong><br \/>\nLi informem dels drets de qu\u00e8 disposa al cedir-nos les seves dades personals:<\/p>\n<ul>\n<li>Dret a l\u2019acc\u00e9s a les seves dades<\/li>\n<li>Dret de rectificaci\u00f3<\/li>\n<li>Dret de supressi\u00f3<\/li>\n<li>Dret d\u2019oposici\u00f3<\/li>\n<li>Dret a la portabilitat<\/li>\n<li>Dret a la limitaci\u00f3 del seu tractament<\/li>\n<\/ul>\n<\/li>\n<\/ul>\n<p>Pot exercir qualsevol d&#8217;aquests drets per escrit al nostre domicili o per correu electr\u00f2nic contabilidad@kadur.com , sempre, incloent-hi fotoc\u00f2pia del document nacional de identitat o equivalent.<\/p>\n<p>T\u00e9 m\u00e9s informaci\u00f3 sobre els seus drets i formes d&#8217;exercir-los a la web de l&#8217;Ag\u00e8ncia Espanyola de protecci\u00f3 de dades www.agpd.es<\/p>\n<p><strong>\u00a0XARXES SOCIALES<\/strong><br \/>\nLa visita als perfils p\u00fablics de KADUR\u00a0 a les xarxes socials no suposa la captaci\u00f3 de dades personals, excepte que s\u2019autoritzi expressament.<\/p>\n<p><strong>PROTECCI\u00d3 I CONFIDENCIALITAT DE LES SEVES DADES<\/strong><br \/>\nFem servir mesures t\u00e8cniques i organitzatives per garantir la seguretat i confidencialitat de les seves dades personals, evitant la seva p\u00e8rdua, alteraci\u00f3 i tractament no autoritzat. El nostre personal ha estat entrenat i ha pres el comprom\u00eds de confidencialitat per al seu tractament.<\/p>\n<p>Aquesta pol\u00edtica de privacitat pot ser actualitzada o adaptada els canvis que es produeixin en la normativa o en la mateixa p\u00e0gina web. Preguem la llegeixi detingudament cada vegada que ens faciliti les seves dades personals.<\/p>\n","protected":false},"excerpt":{"rendered":"<p>La visita a aquest lloc web no implica que l&#8217;usuari estigui obligat a facilitar cap informaci\u00f3 personal. Tanmateix, durant la visita, \u00e9s possible que es demani informaci\u00f3 personal a trav\u00e9s de formularis, la qual l\u2019usuari podr\u00e0 facilitar volunt\u00e0riament. Les dades &hellip; <br \/><a href=\"https:\/\/www.kadur.com\/ca\/politica-de-privacidad\/\" class=\"more-link\">Continuar llegint<\/a><\/p>\n","protected":false},"author":1,"featured_media":0,"parent":0,"menu_order":0,"comment_status":"closed","ping_status":"closed","template":"","meta":{"footnotes":""},"yoast_head":"<!-- This site is optimized with the Yoast SEO plugin v24.5 - https:\/\/yoast.com\/wordpress\/plugins\/seo\/ -->\n<title>Pol\u00edtica de Privacidad - Kadur<\/title>\n<meta name=\"robots\" content=\"index, follow, max-snippet:-1, max-image-preview:large, max-video-preview:-1\" \/>\n<link rel=\"canonical\" href=\"https:\/\/www.kadur.com\/ca\/politica-de-privacidad\/\" \/>\n<meta property=\"og:locale\" content=\"ca_ES\" \/>\n<meta property=\"og:type\" content=\"article\" \/>\n<meta property=\"og:title\" content=\"Pol\u00edtica de Privacidad - Kadur\" \/>\n<meta property=\"og:description\" content=\"La visita a aquest lloc web no implica que l&#8217;usuari estigui obligat a facilitar cap informaci\u00f3 personal. Tanmateix, durant la visita, \u00e9s possible que es demani informaci\u00f3 personal a trav\u00e9s de formularis, la qual l\u2019usuari podr\u00e0 facilitar volunt\u00e0riament. Les dades &hellip; Continuar llegint\" \/>\n<meta property=\"og:url\" content=\"https:\/\/www.kadur.com\/ca\/politica-de-privacidad\/\" \/>\n<meta property=\"og:site_name\" content=\"Kadur\" \/>\n<meta property=\"article:modified_time\" content=\"2021-02-18T17:02:26+00:00\" \/>\n<meta name=\"twitter:label1\" content=\"Temps estimat de lectura\" \/>\n\t<meta name=\"twitter:data1\" content=\"3 minuts\" \/>\n<script type=\"application\/ld+json\" class=\"yoast-schema-graph\">{\"@context\":\"https:\/\/schema.org\",\"@graph\":[{\"@type\":\"WebPage\",\"@id\":\"https:\/\/www.kadur.com\/ca\/politica-de-privacidad\/\",\"url\":\"https:\/\/www.kadur.com\/ca\/politica-de-privacidad\/\",\"name\":\"Pol\u00edtica de Privacidad - Kadur\",\"isPartOf\":{\"@id\":\"https:\/\/www.kadur.com\/fr\/#website\"},\"datePublished\":\"2018-06-19T09:32:58+00:00\",\"dateModified\":\"2021-02-18T17:02:26+00:00\",\"breadcrumb\":{\"@id\":\"https:\/\/www.kadur.com\/ca\/politica-de-privacidad\/#breadcrumb\"},\"inLanguage\":\"ca\",\"potentialAction\":[{\"@type\":\"ReadAction\",\"target\":[\"https:\/\/www.kadur.com\/ca\/politica-de-privacidad\/\"]}]},{\"@type\":\"BreadcrumbList\",\"@id\":\"https:\/\/www.kadur.com\/ca\/politica-de-privacidad\/#breadcrumb\",\"itemListElement\":[{\"@type\":\"ListItem\",\"position\":1,\"name\":\"Home\",\"item\":\"https:\/\/www.kadur.com\/ca\/\"},{\"@type\":\"ListItem\",\"position\":2,\"name\":\"Pol\u00edtica de Privacidad\"}]},{\"@type\":\"WebSite\",\"@id\":\"https:\/\/www.kadur.com\/fr\/#website\",\"url\":\"https:\/\/www.kadur.com\/fr\/\",\"name\":\"Kadur\",\"description\":\"Ganivetes Industrials d'Alt Rendiment\",\"potentialAction\":[{\"@type\":\"SearchAction\",\"target\":{\"@type\":\"EntryPoint\",\"urlTemplate\":\"https:\/\/www.kadur.com\/fr\/?s={search_term_string}\"},\"query-input\":{\"@type\":\"PropertyValueSpecification\",\"valueRequired\":true,\"valueName\":\"search_term_string\"}}],\"inLanguage\":\"ca\"}]}<\/script>\n<!-- \/ Yoast SEO plugin. -->","yoast_head_json":{"title":"Pol\u00edtica de Privacidad - Kadur","robots":{"index":"index","follow":"follow","max-snippet":"max-snippet:-1","max-image-preview":"max-image-preview:large","max-video-preview":"max-video-preview:-1"},"canonical":"https:\/\/www.kadur.com\/ca\/politica-de-privacidad\/","og_locale":"ca_ES","og_type":"article","og_title":"Pol\u00edtica de Privacidad - Kadur","og_description":"La visita a aquest lloc web no implica que l&#8217;usuari estigui obligat a facilitar cap informaci\u00f3 personal. Tanmateix, durant la visita, \u00e9s possible que es demani informaci\u00f3 personal a trav\u00e9s de formularis, la qual l\u2019usuari podr\u00e0 facilitar volunt\u00e0riament. Les dades &hellip; Continuar llegint","og_url":"https:\/\/www.kadur.com\/ca\/politica-de-privacidad\/","og_site_name":"Kadur","article_modified_time":"2021-02-18T17:02:26+00:00","twitter_misc":{"Temps estimat de lectura":"3 minuts"},"schema":{"@context":"https:\/\/schema.org","@graph":[{"@type":"WebPage","@id":"https:\/\/www.kadur.com\/ca\/politica-de-privacidad\/","url":"https:\/\/www.kadur.com\/ca\/politica-de-privacidad\/","name":"Pol\u00edtica de Privacidad - Kadur","isPartOf":{"@id":"https:\/\/www.kadur.com\/fr\/#website"},"datePublished":"2018-06-19T09:32:58+00:00","dateModified":"2021-02-18T17:02:26+00:00","breadcrumb":{"@id":"https:\/\/www.kadur.com\/ca\/politica-de-privacidad\/#breadcrumb"},"inLanguage":"ca","potentialAction":[{"@type":"ReadAction","target":["https:\/\/www.kadur.com\/ca\/politica-de-privacidad\/"]}]},{"@type":"BreadcrumbList","@id":"https:\/\/www.kadur.com\/ca\/politica-de-privacidad\/#breadcrumb","itemListElement":[{"@type":"ListItem","position":1,"name":"Home","item":"https:\/\/www.kadur.com\/ca\/"},{"@type":"ListItem","position":2,"name":"Pol\u00edtica de Privacidad"}]},{"@type":"WebSite","@id":"https:\/\/www.kadur.com\/fr\/#website","url":"https:\/\/www.kadur.com\/fr\/","name":"Kadur","description":"Ganivetes Industrials d'Alt Rendiment","potentialAction":[{"@type":"SearchAction","target":{"@type":"EntryPoint","urlTemplate":"https:\/\/www.kadur.com\/fr\/?s={search_term_string}"},"query-input":{"@type":"PropertyValueSpecification","valueRequired":true,"valueName":"search_term_string"}}],"inLanguage":"ca"}]}},"_links":{"self":[{"href":"https:\/\/www.kadur.com\/ca\/wp-json\/wp\/v2\/pages\/2669"}],"collection":[{"href":"https:\/\/www.kadur.com\/ca\/wp-json\/wp\/v2\/pages"}],"about":[{"href":"https:\/\/www.kadur.com\/ca\/wp-json\/wp\/v2\/types\/page"}],"author":[{"embeddable":true,"href":"https:\/\/www.kadur.com\/ca\/wp-json\/wp\/v2\/users\/1"}],"replies":[{"embeddable":true,"href":"https:\/\/www.kadur.com\/ca\/wp-json\/wp\/v2\/comments?post=2669"}],"version-history":[{"count":0,"href":"https:\/\/www.kadur.com\/ca\/wp-json\/wp\/v2\/pages\/2669\/revisions"}],"wp:attachment":[{"href":"https:\/\/www.kadur.com\/ca\/wp-json\/wp\/v2\/media?parent=2669"}],"curies":[{"name":"wp","href":"https:\/\/api.w.org\/{rel}","templated":true}]}}