{"id":2665,"date":"2018-06-19T11:52:27","date_gmt":"2018-06-19T09:52:27","guid":{"rendered":"http:\/\/www.kadur.com\/politica-de-cookies\/"},"modified":"2021-02-19T14:59:24","modified_gmt":"2021-02-19T13:59:24","slug":"politica-de-cookies","status":"publish","type":"page","link":"https:\/\/www.kadur.com\/ca\/politica-de-cookies\/","title":{"rendered":"Pol\u00edtica de Cookies"},"content":{"rendered":"<div id=\"clickdatos\">\n<p>Aquest lloc web utilitza galetes pr\u00f2pies i de tercers per avaluar i millorar experi\u00e8ncia de navegaci\u00f3 dels usuaris. A trav\u00e9s d&#8217;aquesta pol\u00edtica de galetes, detallem l&#8217;\u00fas que fem:<\/p>\n<p><strong> QU\u00c9 S\u00d3N LES GALETES (COOKIES)<\/strong><br \/>\nLes galetes s\u00f3n fitxers que el lloc web o aplicaci\u00f3 que utilitza un usuari instal\u00b7la al seu navegador o dispositiu durant el recorregut a trav\u00e9s de les p\u00e0gines o aplicaci\u00f3 i s&#8217;utilitzen per emmagatzemar informaci\u00f3 sobre la visita. Com la majoria dels llocs d&#8217;internet, els portals deuen:<\/p>\n<ul>\n<li>Assegurar que les p\u00e0gines web poden funcionar correctament.<\/li>\n<li>Emmagatzemar les prefer\u00e8ncies de l\u2019usuari, com l\u2019idioma o el tamany de lletra.<\/li>\n<li>Con\u00e8ixer l\u2019experi\u00e8ncia de navegaci\u00f3.<\/li>\n<li>Recopilar informaci\u00f3 estad\u00edstica an\u00f2nima, com les p\u00e0gines visitades i la durada de la connexi\u00f3.<\/li>\n<\/ul>\n<p>L&#8217;\u00fas de Cookies ens permet optimitzar la navegaci\u00f3, adaptant la informaci\u00f3 i els serveis oferts als interessos de l&#8217;usuari, per oferir una millor experi\u00e8ncia cada vegada que visita la p\u00e0gina. Les galetes nom\u00e9s van associades amb un usuari an\u00f2nim i el seu mecanisme inform\u00e0tic i no proporcionen refer\u00e8ncies que permetin con\u00e8ixer dades personals. En tot moment, l&#8217;usuari pot accedir la configuraci\u00f3 del seu navegador per modificar o bloquejar la instal\u00b7laci\u00f3 de les cookies enviades pel lloc web.<\/p>\n<p>Els usuaris que formalitzin el proc\u00e9s de registre o s\u2019han connectat amb les dades d&#8217;acc\u00e9s, poden accedir a serveis personalitzats i adaptats a les seves prefer\u00e8ncies segons les dades personals facilitades en el moment de la inscripci\u00f3 i la emmagatzemada a la galeta del seu navegador.<\/p>\n<p><strong>Google Analytics<\/strong>\u00a0emmagatzema galetes per fer estad\u00edstiques sobre el tr\u00e0nsit i el volum de visites en aquest lloc. Utilitzant aquest lloc web, vost\u00e8 consent el tractament d&#8217;informaci\u00f3 per part de Google. Per tant, l&#8217;exercici de drets en aquest sentit cal fer-ho comunicant-se directament amb Google. Les galetes de Google Analytics\u00a0, s&#8217;emmagatzemen en servidors situats als Estats Units i es comprometen a no compartir amb tercers, excepte en els casos en que sigui necessari per al funcionament del sistema o quan la Llei ho exigeixi per a aquest prop\u00f2sit. Segons Google, no guarda la seva adre\u00e7a IP.<\/p>\n<p>Google Inc. \u00e9s una empresa adscrita a &#8221; Privacy Shiels\u201d (Escut d&#8217;intimitat) que garanteix que totes les dades transferides seran tractades amb un nivell de protecci\u00f3 segons la normativa europea. Pots trobar informaci\u00f3 detallada a trav\u00e9s del seg\u00fcent enlla\u00e7:<\/p>\n<p><a href=\"https:\/\/support.google.com\/analytics\/answer\/6004245\">https:\/\/support.google.com\/analytics\/answer\/6004245<\/a>.<\/p>\n<p>Si ho desitja, pot utilitzar la desactivaci\u00f3 per a navegadors de Google Anal\u00edtica a trav\u00e9s de les instruccions i pot rebutjar les galetes anal\u00edtics d&#8217;aquest servei a tots els navegadors. Pot trobar m\u00e9s informaci\u00f3 al seg\u00fcent enlla\u00e7:<\/p>\n<p><a href=\"https:\/\/tools.google.com\/dlpage\/gaoptout\">https:\/\/tools.google.com\/dlpage\/gaoptout<\/a><\/p>\n<p><strong>TIPUS DE COOKIES\u00a0<\/strong><\/p>\n<table>\n<tbody>\n<tr>\n<td rowspan=\"2\">\n<p>SEGONS QUI LES GESTIONI<\/td>\n<td>\n<p>Cookies pr\u00f2pies<\/td>\n<td>S\u00f3n aquelles que s\u00f3n recollides pel propi editor per prestar el servei sol\u00b7licitat per l&#8217;usuari<\/td>\n<\/tr>\n<tr>\n<td>\n<p>Cookies de tercers<\/td>\n<td>S\u00f3n aquelles que s\u00f3n recollides i gestionades per un tercer, no podent-se considerar pr\u00f2pies<\/td>\n<\/tr>\n<tr>\n<td rowspan=\"2\">\n<p>SEGONS EL PLA\u00c7 QUE ROMANEN ACTIVES<\/td>\n<td>\n<p>Cookies de sessi\u00f3<\/td>\n<td>Agafen dades mentre que l&#8217;usuari navega per la xarxa amb la finalitat de prestar el servei sol\u00b7licitat.<\/td>\n<\/tr>\n<tr>\n<td>\n<p>Cookies persistents<\/td>\n<td>S&#8217;emmagatzemen a la terminal i la informaci\u00f3 obtinguda s&#8217;utilitzar\u00e0 pel responsable de la galeta amb la finalitat de prestar el servei sol\u00b7licitat.<\/td>\n<\/tr>\n<tr>\n<td rowspan=\"5\">\n<p>SEGON LA FINALITAT<\/td>\n<td>Cookies t\u00e8cniques<\/td>\n<td>S\u00f3n les necess\u00e0ries per a la correcta navegaci\u00f3 a la web.<\/td>\n<\/tr>\n<tr>\n<td>Cookies de personalizaci\u00f3<\/td>\n<td>Permeten personalitzar les caracter\u00edstiques de l&#8217;usuari (llengua) per a la navegaci\u00f3 a trav\u00e9s del web<\/td>\n<\/tr>\n<tr>\n<td>\n<p>Cookies d\u2019an\u00e0lisi<\/td>\n<td>Permeten al prestador del servei l&#8217;an\u00e0lisi vinculada a la navegaci\u00f3 realitzada per l&#8217;usuari, per tal de fer un seguiment de la utilitzaci\u00f3 del web, aix\u00ed com les estad\u00edstiques dels continguts m\u00e9s visitats, nombre de visitants, etc.<\/td>\n<\/tr>\n<tr>\n<td>\n<p>Cookies publicit\u00e0ries<\/td>\n<td>Permeten a l&#8217;editor incloure a la p\u00e0gina, publicitat, en funci\u00f3 del contingut de la pr\u00f2pia web.<\/td>\n<\/tr>\n<tr>\n<td>\n<p>Cookies de publicitat comportamental<\/td>\n<td>Permeten a l&#8217;editor incloure publicitat segons la informaci\u00f3 obtinguda a trav\u00e9s de l&#8217;usuari els seus costums de navegaci\u00f3 a la p\u00e0gina web<\/td>\n<\/tr>\n<\/tbody>\n<\/table>\n<div id=\"listadodecookies\"><\/div>\n<p><b>COM CONFIGURAR I DESHABILITAR LES COOKIES<\/b><\/p>\n<p>Per navegar i continuar en el nostre lloc Web vost\u00e8 consent la utilitzaci\u00f3 de Cookies en les condicions recollides en aquesta pol\u00edtica de galetes. T\u00e9 acc\u00e9s a aquesta pol\u00edtica de galeta en el moment del registre amb l\u2019objectiu d\u2019estar informat i sense perjudici que pugui exercir el dret de bloquejar, esborrar i rebutjar l&#8217;\u00fas de cookies en qualsevol moment.<\/p>\n<p>At\u00e8s que les galetes no s\u00f3n necess\u00e0ries per a l&#8217;\u00fas d&#8217;aquest lloc Web, les pot bloquejar o inhabilitar mitjan\u00e7ant la comprovaci\u00f3 de la configuraci\u00f3 del navegador, que li permet rebutjar la instal\u00b7laci\u00f3 de cookies o algunes d&#8217;elles.<\/p>\n<p>Molts navegadors permeten advertir de la pres\u00e8ncia de cookies o rebutjar-los autom\u00e0ticament. Si vost\u00e8 les rebutja, pot seguir fent \u00fas del lloc web, si b\u00e9 d&#8217;alguns dels seus serveis poder ser limitats i, per tant, l&#8217;experi\u00e8ncia ser\u00e0 menys satisfact\u00f2ria.<\/p>\n<p>A continuaci\u00f3 es presenten enlla\u00e7os amb els principals navegadors i dispositius per a que disposi de tota la informaci\u00f3 per consultar com gestionar les cookies a cada navegador:<\/p>\n<p><b>Internet Explorer\u2122:<\/b><\/p>\n<p>Versi\u00f3 7 y 8: <a href=\"http:\/\/windows.microsoft.com\/es-ES\/windows-vista\/Block-or-allow-cookies\">http:\/\/windows.microsoft.com\/es-ES\/windows-vista\/Block-or-allow-cookies<\/a><\/p>\n<p>Versi\u00f3 9: <a href=\"http:\/\/windows.microsoft.com\/es-ES\/windows7\/How-to-manage-cookies-in-Internet-Explorer-9\">http:\/\/windows.microsoft.com\/es-ES\/windows7\/How-to-manage-cookies-in-Internet-Explorer-9<\/a><\/p>\n<p><b>Safari\u2122:<\/b><\/p>\n<p><a href=\"http:\/\/support.apple.com\/kb\/PH5042?viewlocale=es_ES\">http:\/\/support.apple.com\/kb\/PH5042?viewlocale=es_ES<\/a><\/p>\n<p><a href=\"http:\/\/support.apple.com\/kb\/HT1677?viewlocale=es_ES\">http:\/\/support.apple.com\/kb\/HT1677?viewlocale=es_ES<\/a><\/p>\n<p><b>Google\u2122\u00a0<\/b><\/p>\n<p><a href=\"https:\/\/support.google.com\/chrome\/answer\/95647?hl=es&amp;hlrm=en\">https:\/\/support.google.com\/chrome\/answer\/95647?hl=es&amp;hlrm=en<\/a><\/p>\n<p><b>Firefox\u2122:<\/b><\/p>\n<p><a href=\"http:\/\/support.mozilla.org\/es\/kb\/cookies-informacion-que-los-sitios-web-guardan-en-?redirectlocale=en-US&amp;redirectslug=Cookies\">http:\/\/support.mozilla.org\/es\/kb\/cookies-informacion-que-los-sitios-web-guardan-en-?redirectlocale=en-US&amp;redirectslug=Cookies<\/a><\/p>\n<p><b>Opera\u2122 :<\/b><\/p>\n<p><a href=\"http:\/\/help.opera.com\/Windows\/11.50\/es-ES\/cookies.html\">http:\/\/help.opera.com\/Windows\/11.50\/es-ES\/cookies.html<\/a><\/p>\n<p><b>Android<\/b><\/p>\n<p><a href=\"http:\/\/support.google.com\/android\/?hl=es\">http:\/\/support.google.com\/android\/?hl=es<\/a><\/p>\n<p><b>Windows Phone<\/b><\/p>\n<p><a href=\"http:\/\/www.windowsphone.com\/es-ES\/how-to\/wp7\/web\/changing-privacy-and-other-browser-settings\">http:\/\/www.windowsphone.com\/es-ES\/how-to\/wp7\/web\/changing-privacy-and-other-browser-settings<\/a><\/p>\n<p><b>Blackberry<\/b><\/p>\n<p><a href=\"http:\/\/docs.blackberry.com\/en\/smartphone_users\/deliverables\/18578\/Turn_off_cookies_in_the_browser_60_1072866_11.jsp\">http:\/\/docs.blackberry.com\/en\/smartphone_users\/deliverables\/18578\/Turn_off_cookies_in_the_browser_60_1072866_11.jsp<\/a><\/p>\n<\/div>\n","protected":false},"excerpt":{"rendered":"<p>Aquest lloc web utilitza galetes pr\u00f2pies i de tercers per avaluar i millorar experi\u00e8ncia de navegaci\u00f3 dels usuaris. A trav\u00e9s d&#8217;aquesta pol\u00edtica de galetes, detallem l&#8217;\u00fas que fem: QU\u00c9 S\u00d3N LES GALETES (COOKIES) Les galetes s\u00f3n fitxers que el lloc &hellip; <br \/><a href=\"https:\/\/www.kadur.com\/ca\/politica-de-cookies\/\" class=\"more-link\">Continuar llegint<\/a><\/p>\n","protected":false},"author":1,"featured_media":0,"parent":0,"menu_order":0,"comment_status":"closed","ping_status":"closed","template":"","meta":{"footnotes":""},"yoast_head":"<!-- This site is optimized with the Yoast SEO plugin v24.5 - https:\/\/yoast.com\/wordpress\/plugins\/seo\/ -->\n<title>Pol\u00edtica de Cookies - Kadur<\/title>\n<meta name=\"robots\" content=\"index, follow, max-snippet:-1, max-image-preview:large, max-video-preview:-1\" \/>\n<link rel=\"canonical\" href=\"https:\/\/www.kadur.com\/ca\/politica-de-cookies\/\" \/>\n<meta property=\"og:locale\" content=\"ca_ES\" \/>\n<meta property=\"og:type\" content=\"article\" \/>\n<meta property=\"og:title\" content=\"Pol\u00edtica de Cookies - Kadur\" \/>\n<meta property=\"og:description\" content=\"Aquest lloc web utilitza galetes pr\u00f2pies i de tercers per avaluar i millorar experi\u00e8ncia de navegaci\u00f3 dels usuaris. A trav\u00e9s d&#8217;aquesta pol\u00edtica de galetes, detallem l&#8217;\u00fas que fem: QU\u00c9 S\u00d3N LES GALETES (COOKIES) Les galetes s\u00f3n fitxers que el lloc &hellip; Continuar llegint\" \/>\n<meta property=\"og:url\" content=\"https:\/\/www.kadur.com\/ca\/politica-de-cookies\/\" \/>\n<meta property=\"og:site_name\" content=\"Kadur\" \/>\n<meta property=\"article:modified_time\" content=\"2021-02-19T13:59:24+00:00\" \/>\n<meta name=\"twitter:label1\" content=\"Temps estimat de lectura\" \/>\n\t<meta name=\"twitter:data1\" content=\"4 minuts\" \/>\n<script type=\"application\/ld+json\" class=\"yoast-schema-graph\">{\"@context\":\"https:\/\/schema.org\",\"@graph\":[{\"@type\":\"WebPage\",\"@id\":\"https:\/\/www.kadur.com\/ca\/politica-de-cookies\/\",\"url\":\"https:\/\/www.kadur.com\/ca\/politica-de-cookies\/\",\"name\":\"Pol\u00edtica de Cookies - Kadur\",\"isPartOf\":{\"@id\":\"https:\/\/www.kadur.com\/fr\/#website\"},\"datePublished\":\"2018-06-19T09:52:27+00:00\",\"dateModified\":\"2021-02-19T13:59:24+00:00\",\"breadcrumb\":{\"@id\":\"https:\/\/www.kadur.com\/ca\/politica-de-cookies\/#breadcrumb\"},\"inLanguage\":\"ca\",\"potentialAction\":[{\"@type\":\"ReadAction\",\"target\":[\"https:\/\/www.kadur.com\/ca\/politica-de-cookies\/\"]}]},{\"@type\":\"BreadcrumbList\",\"@id\":\"https:\/\/www.kadur.com\/ca\/politica-de-cookies\/#breadcrumb\",\"itemListElement\":[{\"@type\":\"ListItem\",\"position\":1,\"name\":\"Home\",\"item\":\"https:\/\/www.kadur.com\/ca\/\"},{\"@type\":\"ListItem\",\"position\":2,\"name\":\"Pol\u00edtica de Cookies\"}]},{\"@type\":\"WebSite\",\"@id\":\"https:\/\/www.kadur.com\/fr\/#website\",\"url\":\"https:\/\/www.kadur.com\/fr\/\",\"name\":\"Kadur\",\"description\":\"Ganivetes Industrials d'Alt Rendiment\",\"potentialAction\":[{\"@type\":\"SearchAction\",\"target\":{\"@type\":\"EntryPoint\",\"urlTemplate\":\"https:\/\/www.kadur.com\/fr\/?s={search_term_string}\"},\"query-input\":{\"@type\":\"PropertyValueSpecification\",\"valueRequired\":true,\"valueName\":\"search_term_string\"}}],\"inLanguage\":\"ca\"}]}<\/script>\n<!-- \/ Yoast SEO plugin. -->","yoast_head_json":{"title":"Pol\u00edtica de Cookies - Kadur","robots":{"index":"index","follow":"follow","max-snippet":"max-snippet:-1","max-image-preview":"max-image-preview:large","max-video-preview":"max-video-preview:-1"},"canonical":"https:\/\/www.kadur.com\/ca\/politica-de-cookies\/","og_locale":"ca_ES","og_type":"article","og_title":"Pol\u00edtica de Cookies - Kadur","og_description":"Aquest lloc web utilitza galetes pr\u00f2pies i de tercers per avaluar i millorar experi\u00e8ncia de navegaci\u00f3 dels usuaris. A trav\u00e9s d&#8217;aquesta pol\u00edtica de galetes, detallem l&#8217;\u00fas que fem: QU\u00c9 S\u00d3N LES GALETES (COOKIES) Les galetes s\u00f3n fitxers que el lloc &hellip; Continuar llegint","og_url":"https:\/\/www.kadur.com\/ca\/politica-de-cookies\/","og_site_name":"Kadur","article_modified_time":"2021-02-19T13:59:24+00:00","twitter_misc":{"Temps estimat de lectura":"4 minuts"},"schema":{"@context":"https:\/\/schema.org","@graph":[{"@type":"WebPage","@id":"https:\/\/www.kadur.com\/ca\/politica-de-cookies\/","url":"https:\/\/www.kadur.com\/ca\/politica-de-cookies\/","name":"Pol\u00edtica de Cookies - Kadur","isPartOf":{"@id":"https:\/\/www.kadur.com\/fr\/#website"},"datePublished":"2018-06-19T09:52:27+00:00","dateModified":"2021-02-19T13:59:24+00:00","breadcrumb":{"@id":"https:\/\/www.kadur.com\/ca\/politica-de-cookies\/#breadcrumb"},"inLanguage":"ca","potentialAction":[{"@type":"ReadAction","target":["https:\/\/www.kadur.com\/ca\/politica-de-cookies\/"]}]},{"@type":"BreadcrumbList","@id":"https:\/\/www.kadur.com\/ca\/politica-de-cookies\/#breadcrumb","itemListElement":[{"@type":"ListItem","position":1,"name":"Home","item":"https:\/\/www.kadur.com\/ca\/"},{"@type":"ListItem","position":2,"name":"Pol\u00edtica de Cookies"}]},{"@type":"WebSite","@id":"https:\/\/www.kadur.com\/fr\/#website","url":"https:\/\/www.kadur.com\/fr\/","name":"Kadur","description":"Ganivetes Industrials d'Alt Rendiment","potentialAction":[{"@type":"SearchAction","target":{"@type":"EntryPoint","urlTemplate":"https:\/\/www.kadur.com\/fr\/?s={search_term_string}"},"query-input":{"@type":"PropertyValueSpecification","valueRequired":true,"valueName":"search_term_string"}}],"inLanguage":"ca"}]}},"_links":{"self":[{"href":"https:\/\/www.kadur.com\/ca\/wp-json\/wp\/v2\/pages\/2665"}],"collection":[{"href":"https:\/\/www.kadur.com\/ca\/wp-json\/wp\/v2\/pages"}],"about":[{"href":"https:\/\/www.kadur.com\/ca\/wp-json\/wp\/v2\/types\/page"}],"author":[{"embeddable":true,"href":"https:\/\/www.kadur.com\/ca\/wp-json\/wp\/v2\/users\/1"}],"replies":[{"embeddable":true,"href":"https:\/\/www.kadur.com\/ca\/wp-json\/wp\/v2\/comments?post=2665"}],"version-history":[{"count":0,"href":"https:\/\/www.kadur.com\/ca\/wp-json\/wp\/v2\/pages\/2665\/revisions"}],"wp:attachment":[{"href":"https:\/\/www.kadur.com\/ca\/wp-json\/wp\/v2\/media?parent=2665"}],"curies":[{"name":"wp","href":"https:\/\/api.w.org\/{rel}","templated":true}]}}