{"id":2660,"date":"2018-06-19T12:28:46","date_gmt":"2018-06-19T10:28:46","guid":{"rendered":"http:\/\/www.kadur.com\/?page_id=2660"},"modified":"2021-02-18T17:54:23","modified_gmt":"2021-02-18T16:54:23","slug":"aviso-legal","status":"publish","type":"page","link":"https:\/\/www.kadur.com\/ca\/aviso-legal\/","title":{"rendered":"Aviso Legal"},"content":{"rendered":"<p>D&#8217;acord amb l&#8217;article 10 de la Llei 34\/2002, d&#8217;11 de juliol, de Serveis de la Societat de la Informaci\u00f3 i de Comer\u00e7 Electr\u00f2nic (LSSI-CE), DIADUR TOOLS S.L. informa de les seg\u00fcent dades:<\/p>\n<p><strong>1.- TITULAR WEB<\/strong><br \/>\nEl titular d&#8217;aquesta p\u00e0gina web \u00e9s DIADUR TOOLS S.L., amb CIF B58049636, denominaci\u00f3 comercial KADUR i domicili social al P.I. PLA DE LA BRUGUERA C\/BAGES, 5 de CASTELLAR DEL VALLES, 08211, BARCELONA. La direcci\u00f3 de correu electr\u00f2nic de contacte de l&#8217;empresa \u00e9s contabilidad@kadur.com.<\/p>\n<p>DIADUR TOOLS S.L. figura inscrita al Registre Mercantil de\u00a0Barcelona, al tom 23741\u00a0, foli 43\u00a0, full\u00a0 57783 i n\u00famero d&#8217;inscripci\u00f3\u00a01.<\/p>\n<p>La present informaci\u00f3 regula les condicions d&#8217;\u00fas, les limitacions de responsabilitat i les obligacions que els usuaris de la p\u00e0gina Web que es publica sota el nom del domini\u00a0www.kadur.com,\u00a0les quals els usuaris assumeixen i es comprometen a respectar.<\/p>\n<p><strong>2.- OBJECTE<\/strong><br \/>\nA trav\u00e9s d&#8217;aquest lloc Web,\u00a0DIADUR TOOLS S.L.\u00a0ofereix el seus servei buscant satisfer les necessitats dels nostres usuaris, facilitant l&#8217;acc\u00e9s a la utilitzaci\u00f3 dels nostres serveis i guiant-los als passos que deuen seguir a la navegaci\u00f3.<\/p>\n<p><strong>3.- POL\u00cdTICA D&#8217;ENLLA\u00c7OS<\/strong><br \/>\nEn cas que un usuari introdueixi un enlla\u00e7 des del seu pr\u00f2pia p\u00e0gina web a la de DIADUR TOOLS S.L., aquest enlla\u00e7 \u00fanicament vincular\u00e0 amb la p\u00e0gina principal d&#8217;aquest \u00faltim per\u00f2 no podr\u00e0 reproduir-la de cap manera i, en cas que es visualitzin els seus continguts amb continguts aliens, aquests continguts aliens no podran portar a error, confusi\u00f3 o engany als usuaris sobre la proced\u00e8ncia dels continguts ni suposar un acte de comparaci\u00f3, imitaci\u00f3 deslleial o aprofitament de la reputaci\u00f3 del nom de DIADUR TOOLS S.L..<\/p>\n<p>Des de la p\u00e0gina on s&#8217;introdueix l&#8217;enlla\u00e7 no es realitzar\u00e0 cap tipus de manifestaci\u00f3 falsa o inexacta sobre DIADUR TOOLS S.L., les seves empreses associades o treballadors, ni s&#8217;indicar\u00e0 que es disposa del seu consentiment per a inserir aquest enlla\u00e7 o que guarda relaci\u00f3 amb ells.<\/p>\n<p>La p\u00e0gina que introdueixi l&#8217;enlla\u00e7 ha de complir la llei i no disposar o enlla\u00e7ar amb continguts il\u00b7l\u00edcits o contraris a la moral i els bons costums.<\/p>\n<p>L&#8217;exist\u00e8ncia de p\u00e0gines amb enlla\u00e7os no suposa que existeixin acords amb els responsable o titulars d&#8217;aquestes p\u00e0gines, per tant, DIADUR TOOLS S.L. no es fa responsable pels danys produ\u00efts per la il\u00b7licitud, qualitat, desactualitzaci\u00f3, error o inutilitat dels seus continguts, dels quals \u00e9s desconeixedor. En tot cas, si l&#8217;usuari tingu\u00e9s coneixement de que les p\u00e0gines enlla\u00e7ades remeten a p\u00e0gines amb continguts o serveis il\u00b7l\u00edcits o contraris a la moral, hauria de posar-los en coneixement de DIADUR TOOLS S.L., mitjan\u00e7ant la direcci\u00f3 de correu contabilidad@kadur.com.<\/p>\n<p><strong>4.-CONDICIONS D&#8217;\u00daS<\/strong><br \/>\nLa utilitzaci\u00f3 de la p\u00e0gina com a Usuari i implica l&#8217;acceptaci\u00f3 de les condicions de l&#8217;av\u00eds legal, pol\u00edtica de privacitat i condicions d&#8217;\u00fas. Si l&#8217;usuari no estigu\u00e9s conforme, s&#8217;abstindr\u00e0 d&#8217;utilitzar-la. L&#8217;usuari est\u00e0 obligat i es compromet a utilitzar la p\u00e0gina i els seus continguts d&#8217;acord amb la legislaci\u00f3 vigent, l&#8217;av\u00eds legal i qualsevol altre av\u00eds contingut en aquesta p\u00e0gina, aix\u00ed com les normes de conviv\u00e8ncia, moral i bons costums generalment acceptats.<\/p>\n<p>L&#8217;Usuari s&#8217;obliga i es compromet a no transmetre, difondre o posar a disposici\u00f3 de tercers qualsevol contingut de la p\u00e0gina, tals com informacions, textos, dades, continguts, missatges, gr\u00e0fics, dibuixos, arxius de so o imatge, fotografies, gravacions, software, logotips, marques, icones, tecnologia, disseny, codis o qualsevol altre material al que tingu\u00e9s acc\u00e9s a la seva condici\u00f3 d&#8217;usuari de la p\u00e0gina, sense que aquesta enumeraci\u00f3 tingui car\u00e0cter limitatiu.<\/p>\n<p><strong>5.- PROPIETAT INTEL\u00b7LECTUAL I INDUSTRIAL<\/strong><br \/>\nTotes les marques, noms comercials o signes distintius de qualsevol tipus que apareixen en aquesta p\u00e0gina s\u00f3n propietat de DIADUR TOOLS S.L. o, en tot cas, de tercers que han autoritzar el seu \u00fas, sense que pugui entendre\u2019s que l\u2019\u00fas o acc\u00e9s al portal o als seus continguts doni dret a l\u2019usuari sobre les citades maques, noms comercials o signes distintius. Igualment, no es poden entendre com a cedits a l\u2019usuari cap dels drets d\u2019explotaci\u00f3 que existeixen o puguin existir sobre els seus continguts.<\/p>\n<p><strong>6.- XARXES SOCIALS OFICIALS\u00a0<\/strong><br \/>\nEl prestador de serveis de les p\u00e0gines oficials de KADUR a les xarxes socials de DIADUR TOOLS S.L. amb CIF B58049636 i domicili a P.I. PLA DE LA BRUGUERA C\/BAGES, 5 de CASTELLAR DEL VALLES, 08211, BARCELONA. Per a qualsevol consulta, l\u2019usuari podr\u00e0 dirigir-se aquesta adre\u00e7a o b\u00e9 al correu electr\u00f2nic contabilidad@kadur.com.<\/p>\n<p>L\u2019acc\u00e9s i \u00fas d\u2019aquestes p\u00e0gines comporta l\u2019acceptaci\u00f3 de les condicions generals d\u2019\u00fas de xarxes socials i la pol\u00edtica de privacitat detallada a continuaci\u00f3 i es completa amb la pol\u00edtica i les normes de les plataformes de cada xarxa social.<\/p>\n<p>Condicions d\u2019\u00fas de les p\u00e0gines oficials de KADUR a les xarxes socials<br \/>\nSi us plau, llegeixi la Pol\u00edtica de privacitat de les xarxes socials a les que accedeixi, ja que contenen tota la informaci\u00f3 relativa als seus drets i obligacions com a usuaris de les p\u00e0gines oficials de KADUR a les xarxes socials.<\/p>\n<p>Facebook: <a href=\"https:\/\/www.facebook.com\/help\/323540651073243\/\">https:\/\/www.facebook.com\/help\/323540651073243\/<\/a><br \/>\nTwitter: <a href=\"https:\/\/twitter.com\/privacy\">https:\/\/twitter.com\/privacy<\/a><br \/>\nInstagram: <a href=\"http:\/\/instagram.com\/about\/legal\/privacy\/\">http:\/\/instagram.com\/about\/legal\/privacy\/<\/a><br \/>\nLinkedin: <a href=\"http:\/\/www.linkedin.com\/legal\/privacy-policy?trk=hb_ft_priv\">http:\/\/www.linkedin.com\/legal\/privacy-policy?trk=hb_ft_priv<\/a><br \/>\nGoogle +: <a href=\"http:\/\/www.google.com\/intl\/es\/policies\/privacy\/\">http:\/\/www.google.com\/intl\/es\/policies\/privacy\/<\/a><\/p>\n<p>Quan l\u2019usuari accedeix o utilitza les p\u00e0gines oficials de KADUR a les xarxes socials, manifesta el seu consentiment i acceptaci\u00f3 del compliment d\u2019all\u00f2 establert a les presents condicions d\u2019\u00fas.<\/p>\n<p>L\u2019acc\u00e9s i \u00fas de les p\u00e0gines oficials de KADUR a les xarxes socials no est\u00e0 perm\u00e8s a menors de 14 anys.<\/p>\n<p><strong>Usos permesos i usos prohibits<\/strong><br \/>\nA trav\u00e9s de les p\u00e0gines oficials de KADUR a les xarxes socials es facilita un espai en el qual l\u2019usuari pot publicar i intercanviar informaci\u00f3 i continguts, aix\u00ed com establir comunicaci\u00f3 amb d\u2019altres usuaris.<\/p>\n<p>L\u2019\u00fas per part de l\u2019usuari de les p\u00e0gines oficials de KADUR no poden tenir finalitat econ\u00f2mica ni comercial.<\/p>\n<p>L&#8217;usuari est\u00e0 obligat a fer un \u00fas raonable de les p\u00e0gines oficials de KADUR a les xarxes socials i el seu contingut, segons les possibilitats i fins pels quals est\u00e0 dissenyat, segons els usos i costums, moral, legislaci\u00f3 i normes publicades per les xarxes socials. L&#8217;usuari ser\u00e0 l\u2019\u00fanic responsable de la informaci\u00f3, imatges, opinions, refer\u00e8ncies o contingut de qualsevol tipus que comuniqui, transmeti, faci disponible o exposi a trav\u00e9s de les p\u00e0gines oficials de KADUR a les xarxes socials.<\/p>\n<p>DIADUR TOOLS S.L. no es fa responsable del contingut publicat per l&#8217;usuari i declara expressament que no s&#8217;identifica amb cap de les opinions que els usuaris puguin publicar a les p\u00e0gines oficials de KADUR a les xarxes socials, les conseq\u00fc\u00e8ncies de les quals es far\u00e0 totalment responsable l&#8217;emissor.<\/p>\n<p><strong>7.- DESC\u00c0RREC DE RESPONSABILITAT<\/strong><br \/>\nDIADUR TOOLS S.L. inclou en el seu lloc web una s\u00e8rie de continguts sobre les seves activitats, productes, estructura, gesti\u00f3 i equips propis d&#8217;un lloc web corporatiu. DIADUR TOOLS S.L. exclou qualsevol responsabilitat pels danys i perjudicis de qualsevol tipus que puguin sorgir de l&#8217;acc\u00e9s al contingut, informaci\u00f3, publicitat, opcions, conceptes i imatges facilitades als usuaris.<\/p>\n<p>En qualsevol cas, DIADUR TOOLS S.L. no \u00e9s responsable de:<\/p>\n<ul>\n<li>El mal \u00fas que l\u2019usuari pugui realitzar del lloc web.<\/li>\n<li>La continu\u00eftat dels continguts.<\/li>\n<li>L\u2019abs\u00e8ncia de virus o d\u2019altres components maliciosos al lloc web o al servidor que els subministra, tant en la visualitzaci\u00f3 del continguts com a la desc\u00e0rrega.<\/li>\n<li>Els continguts i serveis prestats per altres llocs webs als que es pugui tenir acc\u00e9s des de les p\u00e0gines webs dels que \u00e9s titular.<\/li>\n<li>El major o menor rendiments dels continguts de la p\u00e0gina web<\/li>\n<li>Els danys o perjudicis que pogu\u00e9s causar a qualsevol persona que infringeixi les condicions, normes i instruccions d\u2019\u00fas establertes a aquesta p\u00e0gina web.<\/li>\n<li>Els danys produ\u00efts per la vulneraci\u00f3 dels sistemes de seguretat del lloc web.<\/li>\n<li>El mal funcionament del software que pugui ser necessari per poder visualitzar determinats continguts de la p\u00e0gina.<\/li>\n<li>Qualsevol acci\u00f3 o actuaci\u00f3 que pogu\u00e9s realitzar-se en relaci\u00f3 amb la vulneraci\u00f3 dels drets de tercers, especialment els referits a la imatge i la propietat industrial o intel\u00b7lectual.<\/li>\n<li>L\u2019edici\u00f3, revisi\u00f3, censura i verificaci\u00f3 dels continguts de les p\u00e0gines webs als que els usuaris puguin connectar-se a trav\u00e9s d\u2019hipervincles.<\/li>\n<\/ul>\n<p>Exempci\u00f3 de responsabilitat pel funcionament del lloc web<br \/>\nDIADUR TOOLS S.L. ofereix els seus serveis i continguts de forma permanent utilitzant tots els mitjans t\u00e8cnics al seu abast per fer aquesta prestaci\u00f3 satisfact\u00f2riament.<\/p>\n<p>DIADUR TOOLS S.L. pot, quan ho consideri convenient, realitzar correccions, millores o modificacions en la informaci\u00f3 continguda al seu lloc, sense que aix\u00f2 doni dret a cap reclamaci\u00f3, indemnitzaci\u00f3 o reconeixement de cap responsabilitat.<\/p>\n<p>DIADUR TOOLS S.L. no ser\u00e0 responsable dels danys i perjudicis de qualsevol naturalesa que es puguin derivar de la disponibilitat i continu\u00eftat t\u00e8cnica del funcionament del lloc Web. En qualsevol cas, DIADUR TOOLS S.L. dur\u00e0 a terme totes les actuacions necess\u00e0ries per restaurar el servei en cas de fallida t\u00e8cnica.<\/p>\n<p><strong>8.- LEGISLACI\u00d3 i JURISDICCI\u00d3\u00a0<\/strong><br \/>\nDIADUR TOOLS S.L.\u00a0es reserva el dret d&#8217;introduir les accions civils o penals que consideri oportunes per l&#8217;\u00fas indegut del seu lloc web i continguts o per incompliment d&#8217;aquests termes i condicions. Si hi ha discrep\u00e0ncia entre les disposicions del present Av\u00eds Legal i les condicions particulars de cada servei espec\u00edfic, prevaldr\u00e0 en aquests \u00faltims.<\/p>\n<p>En el cas que qualsevol disposici\u00f3 o disposicions incloses en aquest Av\u00eds Legal es consideri inv\u00e0lida o inaplicable, total o parcial, per qualsevol jutjat, Tribunal o \u00f2rgan administratiu, no afectar\u00e0 la resta de disposicions d&#8217;aquest Av\u00eds Legal, o les condicions particulars dels diferents serveis d&#8217;aquest lloc Web.<\/p>\n<p>El no exercir o executar, per part de DIADUR TOOLS S.L.\u00a0 de qualsevol dret o disposici\u00f3 continguda en aquests termes i condicions no constituir\u00e0 una ren\u00fancia de la mateixa, excepte que reconegui per escrit per la seva part. La relaci\u00f3 entre l&#8217;usuari i el prove\u00efdor es regeix per la normativa vigent i aplicable en el territori espanyol. Si sorg\u00eds una disputa, les parts poden sotmetre els seus conflictes a l&#8217;arbitratge o anar a la jurisdicci\u00f3 ordin\u00e0ria complint la normativa sobre la jurisdicci\u00f3 i compet\u00e8ncia en aquest sentit.<\/p>\n","protected":false},"excerpt":{"rendered":"<p>D&#8217;acord amb l&#8217;article 10 de la Llei 34\/2002, d&#8217;11 de juliol, de Serveis de la Societat de la Informaci\u00f3 i de Comer\u00e7 Electr\u00f2nic (LSSI-CE), DIADUR TOOLS S.L. informa de les seg\u00fcent dades: 1.- TITULAR WEB El titular d&#8217;aquesta p\u00e0gina web &hellip; <br \/><a href=\"https:\/\/www.kadur.com\/ca\/aviso-legal\/\" class=\"more-link\">Continuar llegint<\/a><\/p>\n","protected":false},"author":1,"featured_media":0,"parent":0,"menu_order":0,"comment_status":"closed","ping_status":"closed","template":"","meta":{"footnotes":""},"yoast_head":"<!-- This site is optimized with the Yoast SEO plugin v24.5 - https:\/\/yoast.com\/wordpress\/plugins\/seo\/ -->\n<title>Aviso Legal - Kadur<\/title>\n<meta name=\"robots\" content=\"index, follow, max-snippet:-1, max-image-preview:large, max-video-preview:-1\" \/>\n<link rel=\"canonical\" href=\"https:\/\/www.kadur.com\/ca\/aviso-legal\/\" \/>\n<meta property=\"og:locale\" content=\"ca_ES\" \/>\n<meta property=\"og:type\" content=\"article\" \/>\n<meta property=\"og:title\" content=\"Aviso Legal - Kadur\" \/>\n<meta property=\"og:description\" content=\"D&#8217;acord amb l&#8217;article 10 de la Llei 34\/2002, d&#8217;11 de juliol, de Serveis de la Societat de la Informaci\u00f3 i de Comer\u00e7 Electr\u00f2nic (LSSI-CE), DIADUR TOOLS S.L. informa de les seg\u00fcent dades: 1.- TITULAR WEB El titular d&#8217;aquesta p\u00e0gina web &hellip; Continuar llegint\" \/>\n<meta property=\"og:url\" content=\"https:\/\/www.kadur.com\/ca\/aviso-legal\/\" \/>\n<meta property=\"og:site_name\" content=\"Kadur\" \/>\n<meta property=\"article:modified_time\" content=\"2021-02-18T16:54:23+00:00\" \/>\n<meta name=\"twitter:label1\" content=\"Temps estimat de lectura\" \/>\n\t<meta name=\"twitter:data1\" content=\"8 minuts\" \/>\n<script type=\"application\/ld+json\" class=\"yoast-schema-graph\">{\"@context\":\"https:\/\/schema.org\",\"@graph\":[{\"@type\":\"WebPage\",\"@id\":\"https:\/\/www.kadur.com\/ca\/aviso-legal\/\",\"url\":\"https:\/\/www.kadur.com\/ca\/aviso-legal\/\",\"name\":\"Aviso Legal - Kadur\",\"isPartOf\":{\"@id\":\"https:\/\/www.kadur.com\/fr\/#website\"},\"datePublished\":\"2018-06-19T10:28:46+00:00\",\"dateModified\":\"2021-02-18T16:54:23+00:00\",\"breadcrumb\":{\"@id\":\"https:\/\/www.kadur.com\/ca\/aviso-legal\/#breadcrumb\"},\"inLanguage\":\"ca\",\"potentialAction\":[{\"@type\":\"ReadAction\",\"target\":[\"https:\/\/www.kadur.com\/ca\/aviso-legal\/\"]}]},{\"@type\":\"BreadcrumbList\",\"@id\":\"https:\/\/www.kadur.com\/ca\/aviso-legal\/#breadcrumb\",\"itemListElement\":[{\"@type\":\"ListItem\",\"position\":1,\"name\":\"Home\",\"item\":\"https:\/\/www.kadur.com\/ca\/\"},{\"@type\":\"ListItem\",\"position\":2,\"name\":\"Aviso Legal\"}]},{\"@type\":\"WebSite\",\"@id\":\"https:\/\/www.kadur.com\/fr\/#website\",\"url\":\"https:\/\/www.kadur.com\/fr\/\",\"name\":\"Kadur\",\"description\":\"Ganivetes Industrials d'Alt Rendiment\",\"potentialAction\":[{\"@type\":\"SearchAction\",\"target\":{\"@type\":\"EntryPoint\",\"urlTemplate\":\"https:\/\/www.kadur.com\/fr\/?s={search_term_string}\"},\"query-input\":{\"@type\":\"PropertyValueSpecification\",\"valueRequired\":true,\"valueName\":\"search_term_string\"}}],\"inLanguage\":\"ca\"}]}<\/script>\n<!-- \/ Yoast SEO plugin. -->","yoast_head_json":{"title":"Aviso Legal - Kadur","robots":{"index":"index","follow":"follow","max-snippet":"max-snippet:-1","max-image-preview":"max-image-preview:large","max-video-preview":"max-video-preview:-1"},"canonical":"https:\/\/www.kadur.com\/ca\/aviso-legal\/","og_locale":"ca_ES","og_type":"article","og_title":"Aviso Legal - Kadur","og_description":"D&#8217;acord amb l&#8217;article 10 de la Llei 34\/2002, d&#8217;11 de juliol, de Serveis de la Societat de la Informaci\u00f3 i de Comer\u00e7 Electr\u00f2nic (LSSI-CE), DIADUR TOOLS S.L. informa de les seg\u00fcent dades: 1.- TITULAR WEB El titular d&#8217;aquesta p\u00e0gina web &hellip; Continuar llegint","og_url":"https:\/\/www.kadur.com\/ca\/aviso-legal\/","og_site_name":"Kadur","article_modified_time":"2021-02-18T16:54:23+00:00","twitter_misc":{"Temps estimat de lectura":"8 minuts"},"schema":{"@context":"https:\/\/schema.org","@graph":[{"@type":"WebPage","@id":"https:\/\/www.kadur.com\/ca\/aviso-legal\/","url":"https:\/\/www.kadur.com\/ca\/aviso-legal\/","name":"Aviso Legal - Kadur","isPartOf":{"@id":"https:\/\/www.kadur.com\/fr\/#website"},"datePublished":"2018-06-19T10:28:46+00:00","dateModified":"2021-02-18T16:54:23+00:00","breadcrumb":{"@id":"https:\/\/www.kadur.com\/ca\/aviso-legal\/#breadcrumb"},"inLanguage":"ca","potentialAction":[{"@type":"ReadAction","target":["https:\/\/www.kadur.com\/ca\/aviso-legal\/"]}]},{"@type":"BreadcrumbList","@id":"https:\/\/www.kadur.com\/ca\/aviso-legal\/#breadcrumb","itemListElement":[{"@type":"ListItem","position":1,"name":"Home","item":"https:\/\/www.kadur.com\/ca\/"},{"@type":"ListItem","position":2,"name":"Aviso Legal"}]},{"@type":"WebSite","@id":"https:\/\/www.kadur.com\/fr\/#website","url":"https:\/\/www.kadur.com\/fr\/","name":"Kadur","description":"Ganivetes Industrials d'Alt Rendiment","potentialAction":[{"@type":"SearchAction","target":{"@type":"EntryPoint","urlTemplate":"https:\/\/www.kadur.com\/fr\/?s={search_term_string}"},"query-input":{"@type":"PropertyValueSpecification","valueRequired":true,"valueName":"search_term_string"}}],"inLanguage":"ca"}]}},"_links":{"self":[{"href":"https:\/\/www.kadur.com\/ca\/wp-json\/wp\/v2\/pages\/2660"}],"collection":[{"href":"https:\/\/www.kadur.com\/ca\/wp-json\/wp\/v2\/pages"}],"about":[{"href":"https:\/\/www.kadur.com\/ca\/wp-json\/wp\/v2\/types\/page"}],"author":[{"embeddable":true,"href":"https:\/\/www.kadur.com\/ca\/wp-json\/wp\/v2\/users\/1"}],"replies":[{"embeddable":true,"href":"https:\/\/www.kadur.com\/ca\/wp-json\/wp\/v2\/comments?post=2660"}],"version-history":[{"count":0,"href":"https:\/\/www.kadur.com\/ca\/wp-json\/wp\/v2\/pages\/2660\/revisions"}],"wp:attachment":[{"href":"https:\/\/www.kadur.com\/ca\/wp-json\/wp\/v2\/media?parent=2660"}],"curies":[{"name":"wp","href":"https:\/\/api.w.org\/{rel}","templated":true}]}}