{"id":1837,"date":"2013-03-11T15:41:57","date_gmt":"2013-03-11T14:41:57","guid":{"rendered":"http:\/\/www.kadur.com\/?page_id=1837"},"modified":"2013-03-12T03:15:41","modified_gmt":"2013-03-12T02:15:41","slug":"vivax","status":"publish","type":"page","link":"https:\/\/www.kadur.com\/ca\/ganivetes\/fusta\/sistemes-reversibles\/vivax\/","title":{"rendered":"Sistema Vivax"},"content":{"rendered":"<h1><img decoding=\"async\" src=\"http:\/\/www.kadur.com\/wp-content\/uploads\/2013\/03\/sist_vivax_es_a-300x76.png\" alt=\"sist_vivax_es_a\" width=\"300\" height=\"76\" class=\"alignright size-medium wp-image-1894\" srcset=\"https:\/\/www.kadur.com\/wp-content\/uploads\/2013\/03\/sist_vivax_es_a-300x76.png 300w, https:\/\/www.kadur.com\/wp-content\/uploads\/2013\/03\/sist_vivax_es_a.png 310w\" sizes=\"(max-width: 300px) 100vw, 300px\" \/>Sistema Vivax<\/h1>\n<h2>Les ganivetes Vivax estan fabricades en les qualitats de Carbur de tungst\u00e8, HSS 18% W i ST2<\/h2>\n<h3>Ganivetes Planejadores amb quatre talls de tall, per cap\u00e7als vivax, agilitzen el canvi de fulla, reduint l&#8217;atur de m\u00e0quina. Ajust autom\u00e0tic.<\/h3>\n<table>\n<thead>\n<tr>\n<th colspan=\"6\">Cap\u00e7al portaganivetes planejador KADUR VIVAX<\/th>\n<\/tr>\n<tr>\n<th>Cap\u00e7al Acer<\/th>\n<th>Cap\u00e7al Dur Alumini<\/th>\n<th>D<\/th>\n<th>A<\/th>\n<th>d<\/th>\n<th>z<\/th>\n<\/tr>\n<\/thead>\n<tbody>\n<tr>\n<td>KV12084A2<\/td>\n<td>KV1208402<\/td>\n<td>125<\/td>\n<td>80<\/td>\n<td>40<\/td>\n<td>2<\/td>\n<\/tr>\n<tr>\n<td>KV12104A2<\/td>\n<td>KV1210402<\/td>\n<td>125<\/td>\n<td>100<\/td>\n<td>40<\/td>\n<td>2<\/td>\n<\/tr>\n<tr>\n<td>KV12134A2<\/td>\n<td>KV1213402<\/td>\n<td>125<\/td>\n<td>130<\/td>\n<td>40<\/td>\n<td>2<\/td>\n<\/tr>\n<tr>\n<td>KV12154A2<\/td>\n<td>KV1215402<\/td>\n<td>125<\/td>\n<td>150<\/td>\n<td>40<\/td>\n<td>2<\/td>\n<\/tr>\n<tr>\n<td>KV12184A2<\/td>\n<td>KV1218402<\/td>\n<td>125<\/td>\n<td>180<\/td>\n<td>40<\/td>\n<td>2<\/td>\n<\/tr>\n<tr>\n<td>KV12234A2<\/td>\n<td>KV1223402<\/td>\n<td>125<\/td>\n<td>230<\/td>\n<td>40<\/td>\n<td>2<\/td>\n<\/tr>\n<tr>\n<td colspan=\"6\" height=\"15\"><\/td>\n<\/tr>\n<tr>\n<td>KV12084A4<\/td>\n<td>KV1208404<\/td>\n<td>125<\/td>\n<td>80<\/td>\n<td>40<\/td>\n<td>4<\/td>\n<\/tr>\n<tr>\n<td>KV12104A4<\/td>\n<td>KV1210404<\/td>\n<td>125<\/td>\n<td>100<\/td>\n<td>40<\/td>\n<td>4<\/td>\n<\/tr>\n<tr>\n<td>KV12134A4<\/td>\n<td>KV1213404<\/td>\n<td>125<\/td>\n<td>130<\/td>\n<td>40<\/td>\n<td>4<\/td>\n<\/tr>\n<tr>\n<td>KV12154A4<\/td>\n<td>KV1215404<\/td>\n<td>125<\/td>\n<td>150<\/td>\n<td>40<\/td>\n<td>4<\/td>\n<\/tr>\n<tr>\n<td>KV12184A4<\/td>\n<td>KV1218404<\/td>\n<td>125<\/td>\n<td>180<\/td>\n<td>40<\/td>\n<td>4<\/td>\n<\/tr>\n<tr>\n<td>KV12234A4<\/td>\n<td>KV1223404<\/td>\n<td>125<\/td>\n<td>230<\/td>\n<td>40<\/td>\n<td>4<\/td>\n<\/tr>\n<tr>\n<td colspan=\"6\" height=\"15\"><\/td>\n<\/tr>\n<tr>\n<td>KV14135A4<\/td>\n<td>KV1413504<\/td>\n<td>140<\/td>\n<td>130<\/td>\n<td>50<\/td>\n<td>4<\/td>\n<\/tr>\n<tr>\n<td>KV14155A4<\/td>\n<td>KV1415504<\/td>\n<td>140<\/td>\n<td>150<\/td>\n<td>50<\/td>\n<td>4<\/td>\n<\/tr>\n<tr>\n<td>KV14185A4<\/td>\n<td>KV1418504<\/td>\n<td>140<\/td>\n<td>180<\/td>\n<td>50<\/td>\n<td>4<\/td>\n<\/tr>\n<tr>\n<td>KV14235A4<\/td>\n<td>KV1423504<\/td>\n<td>140<\/td>\n<td>230<\/td>\n<td>50<\/td>\n<td>4<\/td>\n<\/tr>\n<\/tbody>\n<\/table>\n<table>\n<thead>\n<tr>\n<th colspan=\"4\">Ganiveta planejadora KADUR VIVAX<\/th>\n<\/tr>\n<tr>\n<th>L x A x E mm<\/th>\n<th>HSS 18% W<\/th>\n<th>ST2<\/th>\n<th>TCT<\/th>\n<\/tr>\n<\/thead>\n<tbody>\n<tr>\n<td>80 X 16 X 3<\/td>\n<td>KVC08HS1<\/td>\n<td>KVC08ST2<\/td>\n<td>KVC08TC<\/td>\n<\/tr>\n<tr>\n<td>100 X 16 X 3<\/td>\n<td>KVC10HS1<\/td>\n<td>KVC10ST2<\/td>\n<td>KVC10TC<\/td>\n<\/tr>\n<tr>\n<td>130 X 16 X 3<\/td>\n<td>KVC13HS1<\/td>\n<td>KVC13ST2<\/td>\n<td>KVC13TC<\/td>\n<\/tr>\n<tr>\n<td>150 X 16 X 3<\/td>\n<td>KVC15HS1<\/td>\n<td>KVC15ST2<\/td>\n<td>KVC15TC<\/td>\n<\/tr>\n<tr>\n<td>180 X 16 X 3<\/td>\n<td>KVC18HS1<\/td>\n<td>KVC18ST2<\/td>\n<td>KVC18TC<\/td>\n<\/tr>\n<tr>\n<td>230 X 16 X 3<\/td>\n<td>KVC23HS1<\/td>\n<td>KVC23ST2<\/td>\n<td>KVC23TC<\/td>\n<\/tr>\n<\/tbody>\n<\/table>\n","protected":false},"excerpt":{"rendered":"<p>Sistema Vivax Les ganivetes Vivax estan fabricades en les qualitats de Carbur de tungst\u00e8, HSS 18% W i ST2 Ganivetes Planejadores amb quatre talls de tall, per cap\u00e7als vivax, agilitzen el canvi de fulla, reduint l&#8217;atur de m\u00e0quina. Ajust autom\u00e0tic. &hellip; <br \/><a href=\"https:\/\/www.kadur.com\/ca\/ganivetes\/fusta\/sistemes-reversibles\/vivax\/\" class=\"more-link\">Continuar llegint<\/a><\/p>\n","protected":false},"author":1,"featured_media":0,"parent":1343,"menu_order":5,"comment_status":"closed","ping_status":"closed","template":"","meta":{"footnotes":""},"yoast_head":"<!-- This site is optimized with the Yoast SEO plugin v24.5 - https:\/\/yoast.com\/wordpress\/plugins\/seo\/ -->\n<title>Sistema Vivax - Kadur<\/title>\n<meta name=\"robots\" content=\"index, follow, max-snippet:-1, max-image-preview:large, max-video-preview:-1\" \/>\n<link rel=\"canonical\" href=\"https:\/\/www.kadur.com\/ca\/ganivetes\/fusta\/sistemes-reversibles\/vivax\/\" \/>\n<meta property=\"og:locale\" content=\"ca_ES\" \/>\n<meta property=\"og:type\" content=\"article\" \/>\n<meta property=\"og:title\" content=\"Sistema Vivax - Kadur\" \/>\n<meta property=\"og:description\" content=\"Sistema Vivax Les ganivetes Vivax estan fabricades en les qualitats de Carbur de tungst\u00e8, HSS 18% W i ST2 Ganivetes Planejadores amb quatre talls de tall, per cap\u00e7als vivax, agilitzen el canvi de fulla, reduint l&#8217;atur de m\u00e0quina. Ajust autom\u00e0tic. &hellip; Continuar llegint\" \/>\n<meta property=\"og:url\" content=\"https:\/\/www.kadur.com\/ca\/ganivetes\/fusta\/sistemes-reversibles\/vivax\/\" \/>\n<meta property=\"og:site_name\" content=\"Kadur\" \/>\n<meta property=\"article:modified_time\" content=\"2013-03-12T02:15:41+00:00\" \/>\n<meta property=\"og:image\" content=\"http:\/\/www.kadur.com\/wp-content\/uploads\/2013\/03\/sist_vivax_es_a-300x76.png\" \/>\n<meta name=\"twitter:label1\" content=\"Temps estimat de lectura\" \/>\n\t<meta name=\"twitter:data1\" content=\"1 minut\" \/>\n<script type=\"application\/ld+json\" class=\"yoast-schema-graph\">{\"@context\":\"https:\/\/schema.org\",\"@graph\":[{\"@type\":\"WebPage\",\"@id\":\"https:\/\/www.kadur.com\/ca\/ganivetes\/fusta\/sistemes-reversibles\/vivax\/\",\"url\":\"https:\/\/www.kadur.com\/ca\/ganivetes\/fusta\/sistemes-reversibles\/vivax\/\",\"name\":\"Sistema Vivax - Kadur\",\"isPartOf\":{\"@id\":\"https:\/\/www.kadur.com\/fr\/#website\"},\"primaryImageOfPage\":{\"@id\":\"https:\/\/www.kadur.com\/ca\/ganivetes\/fusta\/sistemes-reversibles\/vivax\/#primaryimage\"},\"image\":{\"@id\":\"https:\/\/www.kadur.com\/ca\/ganivetes\/fusta\/sistemes-reversibles\/vivax\/#primaryimage\"},\"thumbnailUrl\":\"http:\/\/www.kadur.com\/wp-content\/uploads\/2013\/03\/sist_vivax_es_a-300x76.png\",\"datePublished\":\"2013-03-11T14:41:57+00:00\",\"dateModified\":\"2013-03-12T02:15:41+00:00\",\"breadcrumb\":{\"@id\":\"https:\/\/www.kadur.com\/ca\/ganivetes\/fusta\/sistemes-reversibles\/vivax\/#breadcrumb\"},\"inLanguage\":\"ca\",\"potentialAction\":[{\"@type\":\"ReadAction\",\"target\":[\"https:\/\/www.kadur.com\/ca\/ganivetes\/fusta\/sistemes-reversibles\/vivax\/\"]}]},{\"@type\":\"ImageObject\",\"inLanguage\":\"ca\",\"@id\":\"https:\/\/www.kadur.com\/ca\/ganivetes\/fusta\/sistemes-reversibles\/vivax\/#primaryimage\",\"url\":\"http:\/\/www.kadur.com\/wp-content\/uploads\/2013\/03\/sist_vivax_es_a-300x76.png\",\"contentUrl\":\"http:\/\/www.kadur.com\/wp-content\/uploads\/2013\/03\/sist_vivax_es_a-300x76.png\"},{\"@type\":\"BreadcrumbList\",\"@id\":\"https:\/\/www.kadur.com\/ca\/ganivetes\/fusta\/sistemes-reversibles\/vivax\/#breadcrumb\",\"itemListElement\":[{\"@type\":\"ListItem\",\"position\":1,\"name\":\"Home\",\"item\":\"https:\/\/www.kadur.com\/ca\/\"},{\"@type\":\"ListItem\",\"position\":2,\"name\":\"Ganivetes\",\"item\":\"https:\/\/www.kadur.com\/ca\/ganivetes\/\"},{\"@type\":\"ListItem\",\"position\":3,\"name\":\"Fusta i Ebenisteria\",\"item\":\"https:\/\/www.kadur.com\/ca\/ganivetes\/fusta\/\"},{\"@type\":\"ListItem\",\"position\":4,\"name\":\"Sistemes reversibles\",\"item\":\"https:\/\/www.kadur.com\/ca\/ganivetes\/fusta\/sistemes-reversibles\/\"},{\"@type\":\"ListItem\",\"position\":5,\"name\":\"Sistema Vivax\"}]},{\"@type\":\"WebSite\",\"@id\":\"https:\/\/www.kadur.com\/fr\/#website\",\"url\":\"https:\/\/www.kadur.com\/fr\/\",\"name\":\"Kadur\",\"description\":\"Ganivetes Industrials d'Alt Rendiment\",\"potentialAction\":[{\"@type\":\"SearchAction\",\"target\":{\"@type\":\"EntryPoint\",\"urlTemplate\":\"https:\/\/www.kadur.com\/fr\/?s={search_term_string}\"},\"query-input\":{\"@type\":\"PropertyValueSpecification\",\"valueRequired\":true,\"valueName\":\"search_term_string\"}}],\"inLanguage\":\"ca\"}]}<\/script>\n<!-- \/ Yoast SEO plugin. -->","yoast_head_json":{"title":"Sistema Vivax - Kadur","robots":{"index":"index","follow":"follow","max-snippet":"max-snippet:-1","max-image-preview":"max-image-preview:large","max-video-preview":"max-video-preview:-1"},"canonical":"https:\/\/www.kadur.com\/ca\/ganivetes\/fusta\/sistemes-reversibles\/vivax\/","og_locale":"ca_ES","og_type":"article","og_title":"Sistema Vivax - Kadur","og_description":"Sistema Vivax Les ganivetes Vivax estan fabricades en les qualitats de Carbur de tungst\u00e8, HSS 18% W i ST2 Ganivetes Planejadores amb quatre talls de tall, per cap\u00e7als vivax, agilitzen el canvi de fulla, reduint l&#8217;atur de m\u00e0quina. Ajust autom\u00e0tic. &hellip; Continuar llegint","og_url":"https:\/\/www.kadur.com\/ca\/ganivetes\/fusta\/sistemes-reversibles\/vivax\/","og_site_name":"Kadur","article_modified_time":"2013-03-12T02:15:41+00:00","og_image":[{"url":"http:\/\/www.kadur.com\/wp-content\/uploads\/2013\/03\/sist_vivax_es_a-300x76.png","type":"","width":"","height":""}],"twitter_misc":{"Temps estimat de lectura":"1 minut"},"schema":{"@context":"https:\/\/schema.org","@graph":[{"@type":"WebPage","@id":"https:\/\/www.kadur.com\/ca\/ganivetes\/fusta\/sistemes-reversibles\/vivax\/","url":"https:\/\/www.kadur.com\/ca\/ganivetes\/fusta\/sistemes-reversibles\/vivax\/","name":"Sistema Vivax - Kadur","isPartOf":{"@id":"https:\/\/www.kadur.com\/fr\/#website"},"primaryImageOfPage":{"@id":"https:\/\/www.kadur.com\/ca\/ganivetes\/fusta\/sistemes-reversibles\/vivax\/#primaryimage"},"image":{"@id":"https:\/\/www.kadur.com\/ca\/ganivetes\/fusta\/sistemes-reversibles\/vivax\/#primaryimage"},"thumbnailUrl":"http:\/\/www.kadur.com\/wp-content\/uploads\/2013\/03\/sist_vivax_es_a-300x76.png","datePublished":"2013-03-11T14:41:57+00:00","dateModified":"2013-03-12T02:15:41+00:00","breadcrumb":{"@id":"https:\/\/www.kadur.com\/ca\/ganivetes\/fusta\/sistemes-reversibles\/vivax\/#breadcrumb"},"inLanguage":"ca","potentialAction":[{"@type":"ReadAction","target":["https:\/\/www.kadur.com\/ca\/ganivetes\/fusta\/sistemes-reversibles\/vivax\/"]}]},{"@type":"ImageObject","inLanguage":"ca","@id":"https:\/\/www.kadur.com\/ca\/ganivetes\/fusta\/sistemes-reversibles\/vivax\/#primaryimage","url":"http:\/\/www.kadur.com\/wp-content\/uploads\/2013\/03\/sist_vivax_es_a-300x76.png","contentUrl":"http:\/\/www.kadur.com\/wp-content\/uploads\/2013\/03\/sist_vivax_es_a-300x76.png"},{"@type":"BreadcrumbList","@id":"https:\/\/www.kadur.com\/ca\/ganivetes\/fusta\/sistemes-reversibles\/vivax\/#breadcrumb","itemListElement":[{"@type":"ListItem","position":1,"name":"Home","item":"https:\/\/www.kadur.com\/ca\/"},{"@type":"ListItem","position":2,"name":"Ganivetes","item":"https:\/\/www.kadur.com\/ca\/ganivetes\/"},{"@type":"ListItem","position":3,"name":"Fusta i Ebenisteria","item":"https:\/\/www.kadur.com\/ca\/ganivetes\/fusta\/"},{"@type":"ListItem","position":4,"name":"Sistemes reversibles","item":"https:\/\/www.kadur.com\/ca\/ganivetes\/fusta\/sistemes-reversibles\/"},{"@type":"ListItem","position":5,"name":"Sistema Vivax"}]},{"@type":"WebSite","@id":"https:\/\/www.kadur.com\/fr\/#website","url":"https:\/\/www.kadur.com\/fr\/","name":"Kadur","description":"Ganivetes Industrials d'Alt Rendiment","potentialAction":[{"@type":"SearchAction","target":{"@type":"EntryPoint","urlTemplate":"https:\/\/www.kadur.com\/fr\/?s={search_term_string}"},"query-input":{"@type":"PropertyValueSpecification","valueRequired":true,"valueName":"search_term_string"}}],"inLanguage":"ca"}]}},"_links":{"self":[{"href":"https:\/\/www.kadur.com\/ca\/wp-json\/wp\/v2\/pages\/1837"}],"collection":[{"href":"https:\/\/www.kadur.com\/ca\/wp-json\/wp\/v2\/pages"}],"about":[{"href":"https:\/\/www.kadur.com\/ca\/wp-json\/wp\/v2\/types\/page"}],"author":[{"embeddable":true,"href":"https:\/\/www.kadur.com\/ca\/wp-json\/wp\/v2\/users\/1"}],"replies":[{"embeddable":true,"href":"https:\/\/www.kadur.com\/ca\/wp-json\/wp\/v2\/comments?post=1837"}],"version-history":[{"count":0,"href":"https:\/\/www.kadur.com\/ca\/wp-json\/wp\/v2\/pages\/1837\/revisions"}],"up":[{"embeddable":true,"href":"https:\/\/www.kadur.com\/ca\/wp-json\/wp\/v2\/pages\/1343"}],"wp:attachment":[{"href":"https:\/\/www.kadur.com\/ca\/wp-json\/wp\/v2\/media?parent=1837"}],"curies":[{"name":"wp","href":"https:\/\/api.w.org\/{rel}","templated":true}]}}