{"id":1832,"date":"2013-03-11T15:38:27","date_gmt":"2013-03-11T14:38:27","guid":{"rendered":"http:\/\/www.kadur.com\/?page_id=1832"},"modified":"2013-03-12T01:39:27","modified_gmt":"2013-03-12T00:39:27","slug":"terminus","status":"publish","type":"page","link":"https:\/\/www.kadur.com\/ca\/ganivetes\/fusta\/sistemes-reversibles\/terminus\/","title":{"rendered":"Sistema Terminus"},"content":{"rendered":"<h1><img decoding=\"async\" class=\"alignright size-medium wp-image-1760\" alt=\"sist_terminus_es_a\" src=\"http:\/\/www.kadur.com\/wp-content\/uploads\/2013\/03\/sist_terminus_es_a-300x76.png\" width=\"300\" height=\"76\" srcset=\"https:\/\/www.kadur.com\/wp-content\/uploads\/2013\/03\/sist_terminus_es_a-300x76.png 300w, https:\/\/www.kadur.com\/wp-content\/uploads\/2013\/03\/sist_terminus_es_a.png 308w\" sizes=\"(max-width: 300px) 100vw, 300px\" \/>Sistema Terminus<\/h1>\n<h2>Les ganivetes Terminus estan fabricades en les qualitats de carbur de tungst\u00e8, HSS 18% W i ST2<\/h2>\n<h3>Ganivetes Planejadores per cap\u00e7als tipus Terminus, s\u00f3n ganivetes reversibles (dos talls en una sola fulla), agilitzen el canvi de fulla, reduint l&#8217;atur de m\u00e0quina. Ajust autom\u00e0tic. S&#8217;utilitzen en m\u00e0quines Motllureres tipus Weining.<\/h3>\n<table>\n<thead>\n<tr>\n<th rowspan=\"2\">L x A x E mm<\/th>\n<th colspan=\"4\">Qualitat<\/th>\n<\/tr>\n<tr>\n<th>HSS 18% W<\/th>\n<th>ST2<\/th>\n<th>TCT<\/th>\n<\/tr>\n<\/thead>\n<tbody>\n<tr>\n<td>60 x 14 x 2,55<\/td>\n<td>KT0614HS1<\/td>\n<td>KT0614ST2<\/td>\n<td>KT0614TC<\/td>\n<\/tr>\n<tr>\n<td>80 x 14 x 2,55<\/td>\n<td>KT0814HS1<\/td>\n<td>KT0814ST2<\/td>\n<td>KT0814TC<\/td>\n<\/tr>\n<tr>\n<td colspan=\"4\" height=\"15\"><\/td>\n<\/tr>\n<tr>\n<td>100 x 14 x 2,55<\/td>\n<td>KT1014HS1<\/td>\n<td>KT1014ST2<\/td>\n<td>KT1014TC<\/td>\n<\/tr>\n<tr>\n<td>120 x 14 x 2,55<\/td>\n<td>KT1214HS1<\/td>\n<td>KT1214ST2<\/td>\n<td>KT1214TC<\/td>\n<\/tr>\n<tr>\n<td colspan=\"4\" height=\"15\"><\/td>\n<\/tr>\n<tr>\n<td>130 x 14 x 2,55<\/td>\n<td>KT1314H51<\/td>\n<td>KT1314ST2<\/td>\n<td>KT1314TC<\/td>\n<\/tr>\n<tr>\n<td>140 x 14 x 2,55<\/td>\n<td>KT1414HS1<\/td>\n<td>KT1414ST2<\/td>\n<td>KT1414TC<\/td>\n<\/tr>\n<tr>\n<td colspan=\"4\" height=\"15\"><\/td>\n<\/tr>\n<tr>\n<td>150 x 14 x 2,55<\/td>\n<td>KT1514HS1<\/td>\n<td>KT1514ST2<\/td>\n<td>KT1514TC<\/td>\n<\/tr>\n<tr>\n<td>160 x 14 x 2,55<\/td>\n<td>KT1614HS1<\/td>\n<td>KT1614ST2<\/td>\n<td>KT1614TC<\/td>\n<\/tr>\n<tr>\n<td colspan=\"4\" height=\"15\"><\/td>\n<\/tr>\n<tr>\n<td>170 x 14 x 2,55<\/td>\n<td>KT1714HS1<\/td>\n<td>KT1714ST2<\/td>\n<td>KT1714TC<\/td>\n<\/tr>\n<tr>\n<td>180 x 14 x 2,55<\/td>\n<td>KT1814HS1<\/td>\n<td>KT1814ST2<\/td>\n<td>KT1814TC<\/td>\n<\/tr>\n<tr>\n<td colspan=\"4\" height=\"15\"><\/td>\n<\/tr>\n<tr>\n<td>190 x 14 x 2,55<\/td>\n<td>KT1914HS1<\/td>\n<td>KT1914ST2<\/td>\n<td>KT1914TC<\/td>\n<\/tr>\n<tr>\n<td>200 x 14 x 2,55<\/td>\n<td>KT2014HS1<\/td>\n<td>KT2014ST2<\/td>\n<td>KT2014TC<\/td>\n<\/tr>\n<tr>\n<td colspan=\"4\" height=\"15\"><\/td>\n<\/tr>\n<tr>\n<td>210 x 14 x 2,55<\/td>\n<td>KT2114HS1<\/td>\n<td>KT2114ST2<\/td>\n<td>KT2114TC<\/td>\n<\/tr>\n<tr>\n<td>220 x 14 x 2,55<\/td>\n<td>KT2214HS1<\/td>\n<td>KT2214ST2<\/td>\n<td>KT2214TC<\/td>\n<\/tr>\n<tr>\n<td colspan=\"4\" height=\"15\"><\/td>\n<\/tr>\n<tr>\n<td>230 x 14 x 2,55<\/td>\n<td>KT2314HS1<\/td>\n<td>KT2314ST2<\/td>\n<td>KT2314TC<\/td>\n<\/tr>\n<tr>\n<td>240 x 14 x 2,55<\/td>\n<td>KT2414HS1<\/td>\n<td>KT2414ST2<\/td>\n<td>KT2414TC<\/td>\n<\/tr>\n<tr>\n<td colspan=\"4\" height=\"15\"><\/td>\n<\/tr>\n<tr>\n<td>250 x 14 x 2,55<\/td>\n<td>KT2514HS1<\/td>\n<td>KT2514ST2<\/td>\n<td>KT2514TC<\/td>\n<\/tr>\n<tr>\n<td>260 x 14 x 2,55<\/td>\n<td>KT2614HS1<\/td>\n<td>KT2614ST2<\/td>\n<td>KT2614TC<\/td>\n<\/tr>\n<tr>\n<td colspan=\"4\" height=\"15\"><\/td>\n<\/tr>\n<tr>\n<td>270 x 14 x 2,55<\/td>\n<td>KT2714HS1<\/td>\n<td>KT2714ST2<\/td>\n<td>KT2714TC<\/td>\n<\/tr>\n<tr>\n<td>280 X 14 x 2,55<\/td>\n<td>KT2814HS1<\/td>\n<td>KT2814ST2<\/td>\n<td>KT2814TC<\/td>\n<\/tr>\n<tr>\n<td colspan=\"4\" height=\"15\"><\/td>\n<\/tr>\n<tr>\n<td>300 x 14 x 2,55<\/td>\n<td>KT3014HS1<\/td>\n<td>KT3014ST2<\/td>\n<td>KT3014TC<\/td>\n<\/tr>\n<tr>\n<td>310 x 14 x 2,55<\/td>\n<td>KT3114HS1<\/td>\n<td>KT3114ST2<\/td>\n<td>KT3114TC<\/td>\n<\/tr>\n<tr>\n<td colspan=\"4\" height=\"15\"><\/td>\n<\/tr>\n<tr>\n<td>360 x 14 x 2,55<\/td>\n<td>KT3614HS1<\/td>\n<td>KT3614ST2<\/td>\n<td>KT3614TC<\/td>\n<\/tr>\n<tr>\n<td>410 x 14 x 2,55<\/td>\n<td>KT4114HS1<\/td>\n<td>KT4114ST2<\/td>\n<td>KT4114TC<\/td>\n<\/tr>\n<tr>\n<td colspan=\"4\" height=\"15\"><\/td>\n<\/tr>\n<tr>\n<td>420 x 14 x 2,55<\/td>\n<td>KT4214HS1<\/td>\n<td>KT4214ST2<\/td>\n<td>KT4214TC<\/td>\n<\/tr>\n<tr>\n<td>450 x 14 x 2,55<\/td>\n<td>KT4514HS1<\/td>\n<td>KT4514ST2<\/td>\n<td>KT4514TC<\/td>\n<\/tr>\n<tr>\n<td colspan=\"4\" height=\"15\"><\/td>\n<\/tr>\n<tr>\n<td>457 X 14 x 2,55<\/td>\n<td>KT4571HS1<\/td>\n<td>KT4571ST2<\/td>\n<td>KT4571TC<\/td>\n<\/tr>\n<tr>\n<td>500 x 14 x 2,55<\/td>\n<td>KT5014HS1<\/td>\n<td>KT5014ST2<\/td>\n<td>KT5014TC<\/td>\n<\/tr>\n<tr>\n<td colspan=\"4\" height=\"15\"><\/td>\n<\/tr>\n<tr>\n<td>510 x 14 x 2,55<\/td>\n<td>KT5114HS1<\/td>\n<td>KT5114ST2<\/td>\n<td>KT5114TC<\/td>\n<\/tr>\n<tr>\n<td>520 x 14 x 2,55<\/td>\n<td>KT5214HS1<\/td>\n<td>KT5214ST2<\/td>\n<td>KT5214TC<\/td>\n<\/tr>\n<tr>\n<td colspan=\"4\" height=\"15\"><\/td>\n<\/tr>\n<tr>\n<td>530 x 14 x 2,55<\/td>\n<td>KT5314HS1<\/td>\n<td>KT5314ST2<\/td>\n<td>KT5314TC<\/td>\n<\/tr>\n<tr>\n<td>600 x 14 x 2,55<\/td>\n<td>KT6014HS1<\/td>\n<td>KT6014ST2<\/td>\n<td>KT6014TC<\/td>\n<\/tr>\n<tr>\n<td colspan=\"4\" height=\"15\"><\/td>\n<\/tr>\n<tr>\n<td>610 x 14 x 2,55<\/td>\n<td>KT6114HS1<\/td>\n<td>KT6114ST2<\/td>\n<td>KT6114TC<\/td>\n<\/tr>\n<tr>\n<td>616 x 14 x 2,55<\/td>\n<td>KT6161HS1<\/td>\n<td>KT6161ST2<\/td>\n<td>KT6161TC<\/td>\n<\/tr>\n<tr>\n<td colspan=\"4\" height=\"15\"><\/td>\n<\/tr>\n<tr>\n<td>620 x 14 x 2,55<\/td>\n<td>KT6214HS1<\/td>\n<td>KT6214ST2<\/td>\n<td>KT6214TC<\/td>\n<\/tr>\n<tr>\n<td>630 x 14 x 2,55<\/td>\n<td>KT6314HS1<\/td>\n<td>KT6314ST2<\/td>\n<td>KT6314TC<\/td>\n<\/tr>\n<tr>\n<td colspan=\"4\" height=\"15\"><\/td>\n<\/tr>\n<tr>\n<td>635 x 14 x 2,55<\/td>\n<td>KT6351HS1<\/td>\n<td>KT6351ST2<\/td>\n<td>KT6351TC<\/td>\n<\/tr>\n<tr>\n<td>640 x 14 x 2,55<\/td>\n<td>KT6414HS1<\/td>\n<td>KT6414ST2<\/td>\n<td>KT6414TC<\/td>\n<\/tr>\n<tr>\n<td>660 x 14 x 2,55<\/td>\n<td>KT6614HS1<\/td>\n<td>KT6614ST2<\/td>\n<td>KT6614TC<\/td>\n<\/tr>\n<\/tbody>\n<\/table>\n","protected":false},"excerpt":{"rendered":"<p>Sistema Terminus Les ganivetes Terminus estan fabricades en les qualitats de carbur de tungst\u00e8, HSS 18% W i ST2 Ganivetes Planejadores per cap\u00e7als tipus Terminus, s\u00f3n ganivetes reversibles (dos talls en una sola fulla), agilitzen el canvi de fulla, reduint &hellip; <br \/><a href=\"https:\/\/www.kadur.com\/ca\/ganivetes\/fusta\/sistemes-reversibles\/terminus\/\" class=\"more-link\">Continuar llegint<\/a><\/p>\n","protected":false},"author":1,"featured_media":0,"parent":1343,"menu_order":4,"comment_status":"closed","ping_status":"closed","template":"","meta":{"footnotes":""},"yoast_head":"<!-- This site is optimized with the Yoast SEO plugin v24.5 - https:\/\/yoast.com\/wordpress\/plugins\/seo\/ -->\n<title>Sistema Terminus - Kadur<\/title>\n<meta name=\"robots\" content=\"index, follow, max-snippet:-1, max-image-preview:large, max-video-preview:-1\" \/>\n<link rel=\"canonical\" href=\"https:\/\/www.kadur.com\/ca\/ganivetes\/fusta\/sistemes-reversibles\/terminus\/\" \/>\n<meta property=\"og:locale\" content=\"ca_ES\" \/>\n<meta property=\"og:type\" content=\"article\" \/>\n<meta property=\"og:title\" content=\"Sistema Terminus - Kadur\" \/>\n<meta property=\"og:description\" content=\"Sistema Terminus Les ganivetes Terminus estan fabricades en les qualitats de carbur de tungst\u00e8, HSS 18% W i ST2 Ganivetes Planejadores per cap\u00e7als tipus Terminus, s\u00f3n ganivetes reversibles (dos talls en una sola fulla), agilitzen el canvi de fulla, reduint &hellip; Continuar llegint\" \/>\n<meta property=\"og:url\" content=\"https:\/\/www.kadur.com\/ca\/ganivetes\/fusta\/sistemes-reversibles\/terminus\/\" \/>\n<meta property=\"og:site_name\" content=\"Kadur\" \/>\n<meta property=\"article:modified_time\" content=\"2013-03-12T00:39:27+00:00\" \/>\n<meta property=\"og:image\" content=\"http:\/\/www.kadur.com\/wp-content\/uploads\/2013\/03\/sist_terminus_es_a-300x76.png\" \/>\n<meta name=\"twitter:label1\" content=\"Temps estimat de lectura\" \/>\n\t<meta name=\"twitter:data1\" content=\"2 minuts\" \/>\n<script type=\"application\/ld+json\" class=\"yoast-schema-graph\">{\"@context\":\"https:\/\/schema.org\",\"@graph\":[{\"@type\":\"WebPage\",\"@id\":\"https:\/\/www.kadur.com\/ca\/ganivetes\/fusta\/sistemes-reversibles\/terminus\/\",\"url\":\"https:\/\/www.kadur.com\/ca\/ganivetes\/fusta\/sistemes-reversibles\/terminus\/\",\"name\":\"Sistema Terminus - Kadur\",\"isPartOf\":{\"@id\":\"https:\/\/www.kadur.com\/fr\/#website\"},\"primaryImageOfPage\":{\"@id\":\"https:\/\/www.kadur.com\/ca\/ganivetes\/fusta\/sistemes-reversibles\/terminus\/#primaryimage\"},\"image\":{\"@id\":\"https:\/\/www.kadur.com\/ca\/ganivetes\/fusta\/sistemes-reversibles\/terminus\/#primaryimage\"},\"thumbnailUrl\":\"http:\/\/www.kadur.com\/wp-content\/uploads\/2013\/03\/sist_terminus_es_a-300x76.png\",\"datePublished\":\"2013-03-11T14:38:27+00:00\",\"dateModified\":\"2013-03-12T00:39:27+00:00\",\"breadcrumb\":{\"@id\":\"https:\/\/www.kadur.com\/ca\/ganivetes\/fusta\/sistemes-reversibles\/terminus\/#breadcrumb\"},\"inLanguage\":\"ca\",\"potentialAction\":[{\"@type\":\"ReadAction\",\"target\":[\"https:\/\/www.kadur.com\/ca\/ganivetes\/fusta\/sistemes-reversibles\/terminus\/\"]}]},{\"@type\":\"ImageObject\",\"inLanguage\":\"ca\",\"@id\":\"https:\/\/www.kadur.com\/ca\/ganivetes\/fusta\/sistemes-reversibles\/terminus\/#primaryimage\",\"url\":\"http:\/\/www.kadur.com\/wp-content\/uploads\/2013\/03\/sist_terminus_es_a-300x76.png\",\"contentUrl\":\"http:\/\/www.kadur.com\/wp-content\/uploads\/2013\/03\/sist_terminus_es_a-300x76.png\"},{\"@type\":\"BreadcrumbList\",\"@id\":\"https:\/\/www.kadur.com\/ca\/ganivetes\/fusta\/sistemes-reversibles\/terminus\/#breadcrumb\",\"itemListElement\":[{\"@type\":\"ListItem\",\"position\":1,\"name\":\"Home\",\"item\":\"https:\/\/www.kadur.com\/ca\/\"},{\"@type\":\"ListItem\",\"position\":2,\"name\":\"Ganivetes\",\"item\":\"https:\/\/www.kadur.com\/ca\/ganivetes\/\"},{\"@type\":\"ListItem\",\"position\":3,\"name\":\"Fusta i Ebenisteria\",\"item\":\"https:\/\/www.kadur.com\/ca\/ganivetes\/fusta\/\"},{\"@type\":\"ListItem\",\"position\":4,\"name\":\"Sistemes reversibles\",\"item\":\"https:\/\/www.kadur.com\/ca\/ganivetes\/fusta\/sistemes-reversibles\/\"},{\"@type\":\"ListItem\",\"position\":5,\"name\":\"Sistema Terminus\"}]},{\"@type\":\"WebSite\",\"@id\":\"https:\/\/www.kadur.com\/fr\/#website\",\"url\":\"https:\/\/www.kadur.com\/fr\/\",\"name\":\"Kadur\",\"description\":\"Ganivetes Industrials d'Alt Rendiment\",\"potentialAction\":[{\"@type\":\"SearchAction\",\"target\":{\"@type\":\"EntryPoint\",\"urlTemplate\":\"https:\/\/www.kadur.com\/fr\/?s={search_term_string}\"},\"query-input\":{\"@type\":\"PropertyValueSpecification\",\"valueRequired\":true,\"valueName\":\"search_term_string\"}}],\"inLanguage\":\"ca\"}]}<\/script>\n<!-- \/ Yoast SEO plugin. -->","yoast_head_json":{"title":"Sistema Terminus - Kadur","robots":{"index":"index","follow":"follow","max-snippet":"max-snippet:-1","max-image-preview":"max-image-preview:large","max-video-preview":"max-video-preview:-1"},"canonical":"https:\/\/www.kadur.com\/ca\/ganivetes\/fusta\/sistemes-reversibles\/terminus\/","og_locale":"ca_ES","og_type":"article","og_title":"Sistema Terminus - Kadur","og_description":"Sistema Terminus Les ganivetes Terminus estan fabricades en les qualitats de carbur de tungst\u00e8, HSS 18% W i ST2 Ganivetes Planejadores per cap\u00e7als tipus Terminus, s\u00f3n ganivetes reversibles (dos talls en una sola fulla), agilitzen el canvi de fulla, reduint &hellip; Continuar llegint","og_url":"https:\/\/www.kadur.com\/ca\/ganivetes\/fusta\/sistemes-reversibles\/terminus\/","og_site_name":"Kadur","article_modified_time":"2013-03-12T00:39:27+00:00","og_image":[{"url":"http:\/\/www.kadur.com\/wp-content\/uploads\/2013\/03\/sist_terminus_es_a-300x76.png","type":"","width":"","height":""}],"twitter_misc":{"Temps estimat de lectura":"2 minuts"},"schema":{"@context":"https:\/\/schema.org","@graph":[{"@type":"WebPage","@id":"https:\/\/www.kadur.com\/ca\/ganivetes\/fusta\/sistemes-reversibles\/terminus\/","url":"https:\/\/www.kadur.com\/ca\/ganivetes\/fusta\/sistemes-reversibles\/terminus\/","name":"Sistema Terminus - Kadur","isPartOf":{"@id":"https:\/\/www.kadur.com\/fr\/#website"},"primaryImageOfPage":{"@id":"https:\/\/www.kadur.com\/ca\/ganivetes\/fusta\/sistemes-reversibles\/terminus\/#primaryimage"},"image":{"@id":"https:\/\/www.kadur.com\/ca\/ganivetes\/fusta\/sistemes-reversibles\/terminus\/#primaryimage"},"thumbnailUrl":"http:\/\/www.kadur.com\/wp-content\/uploads\/2013\/03\/sist_terminus_es_a-300x76.png","datePublished":"2013-03-11T14:38:27+00:00","dateModified":"2013-03-12T00:39:27+00:00","breadcrumb":{"@id":"https:\/\/www.kadur.com\/ca\/ganivetes\/fusta\/sistemes-reversibles\/terminus\/#breadcrumb"},"inLanguage":"ca","potentialAction":[{"@type":"ReadAction","target":["https:\/\/www.kadur.com\/ca\/ganivetes\/fusta\/sistemes-reversibles\/terminus\/"]}]},{"@type":"ImageObject","inLanguage":"ca","@id":"https:\/\/www.kadur.com\/ca\/ganivetes\/fusta\/sistemes-reversibles\/terminus\/#primaryimage","url":"http:\/\/www.kadur.com\/wp-content\/uploads\/2013\/03\/sist_terminus_es_a-300x76.png","contentUrl":"http:\/\/www.kadur.com\/wp-content\/uploads\/2013\/03\/sist_terminus_es_a-300x76.png"},{"@type":"BreadcrumbList","@id":"https:\/\/www.kadur.com\/ca\/ganivetes\/fusta\/sistemes-reversibles\/terminus\/#breadcrumb","itemListElement":[{"@type":"ListItem","position":1,"name":"Home","item":"https:\/\/www.kadur.com\/ca\/"},{"@type":"ListItem","position":2,"name":"Ganivetes","item":"https:\/\/www.kadur.com\/ca\/ganivetes\/"},{"@type":"ListItem","position":3,"name":"Fusta i Ebenisteria","item":"https:\/\/www.kadur.com\/ca\/ganivetes\/fusta\/"},{"@type":"ListItem","position":4,"name":"Sistemes reversibles","item":"https:\/\/www.kadur.com\/ca\/ganivetes\/fusta\/sistemes-reversibles\/"},{"@type":"ListItem","position":5,"name":"Sistema Terminus"}]},{"@type":"WebSite","@id":"https:\/\/www.kadur.com\/fr\/#website","url":"https:\/\/www.kadur.com\/fr\/","name":"Kadur","description":"Ganivetes Industrials d'Alt Rendiment","potentialAction":[{"@type":"SearchAction","target":{"@type":"EntryPoint","urlTemplate":"https:\/\/www.kadur.com\/fr\/?s={search_term_string}"},"query-input":{"@type":"PropertyValueSpecification","valueRequired":true,"valueName":"search_term_string"}}],"inLanguage":"ca"}]}},"_links":{"self":[{"href":"https:\/\/www.kadur.com\/ca\/wp-json\/wp\/v2\/pages\/1832"}],"collection":[{"href":"https:\/\/www.kadur.com\/ca\/wp-json\/wp\/v2\/pages"}],"about":[{"href":"https:\/\/www.kadur.com\/ca\/wp-json\/wp\/v2\/types\/page"}],"author":[{"embeddable":true,"href":"https:\/\/www.kadur.com\/ca\/wp-json\/wp\/v2\/users\/1"}],"replies":[{"embeddable":true,"href":"https:\/\/www.kadur.com\/ca\/wp-json\/wp\/v2\/comments?post=1832"}],"version-history":[{"count":0,"href":"https:\/\/www.kadur.com\/ca\/wp-json\/wp\/v2\/pages\/1832\/revisions"}],"up":[{"embeddable":true,"href":"https:\/\/www.kadur.com\/ca\/wp-json\/wp\/v2\/pages\/1343"}],"wp:attachment":[{"href":"https:\/\/www.kadur.com\/ca\/wp-json\/wp\/v2\/media?parent=1832"}],"curies":[{"name":"wp","href":"https:\/\/api.w.org\/{rel}","templated":true}]}}