{"id":1827,"date":"2013-03-11T15:34:37","date_gmt":"2013-03-11T14:34:37","guid":{"rendered":"http:\/\/www.kadur.com\/?page_id=1827"},"modified":"2013-03-12T01:16:18","modified_gmt":"2013-03-12T00:16:18","slug":"centrolock","status":"publish","type":"page","link":"https:\/\/www.kadur.com\/ca\/ganivetes\/fusta\/sistemes-reversibles\/centrolock\/","title":{"rendered":"Sistema Centrolock"},"content":{"rendered":"<h1><img decoding=\"async\" class=\"alignright size-medium wp-image-1766\" alt=\"sist_centrolock_es_a\" src=\"http:\/\/www.kadur.com\/wp-content\/uploads\/2013\/03\/sist_centrolock_es_a-300x77.png\" width=\"300\" height=\"77\" srcset=\"https:\/\/www.kadur.com\/wp-content\/uploads\/2013\/03\/sist_centrolock_es_a-300x77.png 300w, https:\/\/www.kadur.com\/wp-content\/uploads\/2013\/03\/sist_centrolock_es_a.png 307w\" sizes=\"(max-width: 300px) 100vw, 300px\" \/>Sistema Centrolock<\/h1>\n<h2>Les ganivetes Centrolock estan fabricades en les qualitats de carbur de tungst\u00e8, HSS 18% W i ST2<\/h2>\n<h3>La qualitat de Carbur de tungst\u00e8, ST2 i HSS 18% W aplicada a les ganivetes Planejadores Centrolock (reversible, dos talls en una sola fulla), agilitzen el canvi de fulla, reduint l&#8217;atur de m\u00e0quina. Ajust autom\u00e0tic. S&#8217;utilitzen en m\u00e0quines Motllureres tipus Weining.<\/h3>\n<table>\n<thead>\n<tr>\n<th rowspan=\"2\">L x A x E mm<\/th>\n<th colspan=\"4\">Qualitat<\/th>\n<\/tr>\n<tr>\n<th>HSS 18% W<\/th>\n<th>ST2<\/th>\n<th>TCT<\/th>\n<\/tr>\n<\/thead>\n<tbody>\n<tr>\n<td>20 x 16 x 3<\/td>\n<td>KC0216HS1<\/td>\n<td>KC0216ST2<\/td>\n<td>KC0216TC<\/td>\n<\/tr>\n<tr>\n<td>60 x 16 x 3<\/td>\n<td>KC0616HS1<\/td>\n<td>KC0616ST2<\/td>\n<td>KC0616TC<\/td>\n<\/tr>\n<tr>\n<td colspan=\"4\" height=\"15\"><\/td>\n<\/tr>\n<tr>\n<td>70 x 16 x 3<\/td>\n<td>KC0716HS1<\/td>\n<td>KC0716ST2<\/td>\n<td>KC0716TC<\/td>\n<\/tr>\n<tr>\n<td>80 x 16 x 3<\/td>\n<td>KC0816HS1<\/td>\n<td>KC0816ST2<\/td>\n<td>KC0816TC<\/td>\n<\/tr>\n<tr>\n<td colspan=\"4\" height=\"15\"><\/td>\n<\/tr>\n<tr>\n<td>100 x 16 x 3<\/td>\n<td>KC1016HS1<\/td>\n<td>KC1016ST2<\/td>\n<td>KC1016TC<\/td>\n<\/tr>\n<tr>\n<td>110 x 16 x 3<\/td>\n<td>KC1116HS1<\/td>\n<td>KC1116ST2<\/td>\n<td>KC1116TC<\/td>\n<\/tr>\n<tr>\n<td colspan=\"4\" height=\"15\"><\/td>\n<\/tr>\n<tr>\n<td>130 x 16 x 3<\/td>\n<td>KC1316HS1<\/td>\n<td>KC1316ST2<\/td>\n<td>KC1316TC<\/td>\n<\/tr>\n<tr>\n<td>150 x 16 x 3<\/td>\n<td>KC1516HS1<\/td>\n<td>KC1516ST2<\/td>\n<td>KC1616TC<\/td>\n<\/tr>\n<tr>\n<td colspan=\"4\" height=\"15\"><\/td>\n<\/tr>\n<tr>\n<td>160 x 16 x 3<\/td>\n<td>KC1616HS1<\/td>\n<td>KC1616ST2<\/td>\n<td>KC1816TC<\/td>\n<\/tr>\n<tr>\n<td>170 x 16 x 3<\/td>\n<td>KC1716HS1<\/td>\n<td>KC1716ST2<\/td>\n<td>KC1716TC<\/td>\n<\/tr>\n<tr>\n<td colspan=\"4\" height=\"15\"><\/td>\n<\/tr>\n<tr>\n<td>180 x 16 x 3<\/td>\n<td>KC1816HS1<\/td>\n<td>KC1816ST2<\/td>\n<td>KC1816TC<\/td>\n<\/tr>\n<tr>\n<td>200 x 16 x 3<\/td>\n<td>KC2016HS1<\/td>\n<td>KC2016ST2<\/td>\n<td>KC2016TC<\/td>\n<\/tr>\n<tr>\n<td colspan=\"4\" height=\"15\"><\/td>\n<\/tr>\n<tr>\n<td>210 x 16 x 3<\/td>\n<td>KC2116HS1<\/td>\n<td>KC2116ST2<\/td>\n<td>KC2116TC<\/td>\n<\/tr>\n<tr>\n<td>220 x 16 x 3<\/td>\n<td>KC2216HS1<\/td>\n<td>KC2216ST2<\/td>\n<td>KC2216TC<\/td>\n<\/tr>\n<tr>\n<td colspan=\"4\" height=\"15\"><\/td>\n<\/tr>\n<tr>\n<td>230 x 16 x 3<\/td>\n<td>KC2316HS1<\/td>\n<td>KC2316ST2<\/td>\n<td>KC2316TC<\/td>\n<\/tr>\n<tr>\n<td>240 x 16 x 3<\/td>\n<td>KC2416HS1<\/td>\n<td>KC2416ST2<\/td>\n<td>KC2416TC<\/td>\n<\/tr>\n<tr>\n<td colspan=\"4\" height=\"15\"><\/td>\n<\/tr>\n<tr>\n<td>250 x 16 x 3<\/td>\n<td>KC2516HS1<\/td>\n<td>KC2516ST2<\/td>\n<td>KC2516TC<\/td>\n<\/tr>\n<tr>\n<td>260 x 16 x 3<\/td>\n<td>KC2616HS1<\/td>\n<td>KC2616ST2<\/td>\n<td>KC2616TC<\/td>\n<\/tr>\n<tr>\n<td colspan=\"4\" height=\"15\"><\/td>\n<\/tr>\n<tr>\n<td>270 x 16 x 3<\/td>\n<td>KC2716HS1<\/td>\n<td>KC2716ST2<\/td>\n<td>KC2716TC<\/td>\n<\/tr>\n<tr>\n<td>280 x 16 x 3<\/td>\n<td>KC2816HS1<\/td>\n<td>KC2816ST2<\/td>\n<td>KC2816TC<\/td>\n<\/tr>\n<tr>\n<td colspan=\"4\" height=\"15\"><\/td>\n<\/tr>\n<tr>\n<td>290 x 16 x 3<\/td>\n<td>KC2916HS1<\/td>\n<td>KC2916ST2<\/td>\n<td>KC2916TC<\/td>\n<\/tr>\n<tr>\n<td>310 x 16 x 3<\/td>\n<td>KC3116HS1<\/td>\n<td>KC3116ST2<\/td>\n<td>KC3116TC<\/td>\n<\/tr>\n<tr>\n<td colspan=\"4\" height=\"15\"><\/td>\n<\/tr>\n<tr>\n<td>360 x 16 x 3<\/td>\n<td>KC3616HS1<\/td>\n<td>KC3616ST2<\/td>\n<td>KC3616TC<\/td>\n<\/tr>\n<tr>\n<td>450 x 16 x 3<\/td>\n<td>KC4516HS1<\/td>\n<td>KC4516ST2<\/td>\n<td>KC4516TC<\/td>\n<\/tr>\n<tr>\n<td colspan=\"4\" height=\"15\"><\/td>\n<\/tr>\n<tr>\n<td>460 x 16 x 3<\/td>\n<td>KC4616HS1<\/td>\n<td>KC4616ST2<\/td>\n<td>KC4816TC<\/td>\n<\/tr>\n<tr>\n<td>650 x 16 x 3<\/td>\n<td>KC6516HS1<\/td>\n<td>KC6516ST2<\/td>\n<td>KC6516TC<\/td>\n<\/tr>\n<\/tbody>\n<\/table>\n","protected":false},"excerpt":{"rendered":"<p>Sistema Centrolock Les ganivetes Centrolock estan fabricades en les qualitats de carbur de tungst\u00e8, HSS 18% W i ST2 La qualitat de Carbur de tungst\u00e8, ST2 i HSS 18% W aplicada a les ganivetes Planejadores Centrolock (reversible, dos talls en &hellip; <br \/><a href=\"https:\/\/www.kadur.com\/ca\/ganivetes\/fusta\/sistemes-reversibles\/centrolock\/\" class=\"more-link\">Continuar llegint<\/a><\/p>\n","protected":false},"author":1,"featured_media":0,"parent":1343,"menu_order":2,"comment_status":"closed","ping_status":"closed","template":"","meta":{"footnotes":""},"yoast_head":"<!-- This site is optimized with the Yoast SEO plugin v24.5 - https:\/\/yoast.com\/wordpress\/plugins\/seo\/ -->\n<title>Sistema Centrolock - Kadur<\/title>\n<meta name=\"robots\" content=\"index, follow, max-snippet:-1, max-image-preview:large, max-video-preview:-1\" \/>\n<link rel=\"canonical\" href=\"https:\/\/www.kadur.com\/ca\/ganivetes\/fusta\/sistemes-reversibles\/centrolock\/\" \/>\n<meta property=\"og:locale\" content=\"ca_ES\" \/>\n<meta property=\"og:type\" content=\"article\" \/>\n<meta property=\"og:title\" content=\"Sistema Centrolock - Kadur\" \/>\n<meta property=\"og:description\" content=\"Sistema Centrolock Les ganivetes Centrolock estan fabricades en les qualitats de carbur de tungst\u00e8, HSS 18% W i ST2 La qualitat de Carbur de tungst\u00e8, ST2 i HSS 18% W aplicada a les ganivetes Planejadores Centrolock (reversible, dos talls en &hellip; Continuar llegint\" \/>\n<meta property=\"og:url\" content=\"https:\/\/www.kadur.com\/ca\/ganivetes\/fusta\/sistemes-reversibles\/centrolock\/\" \/>\n<meta property=\"og:site_name\" content=\"Kadur\" \/>\n<meta property=\"article:modified_time\" content=\"2013-03-12T00:16:18+00:00\" \/>\n<meta property=\"og:image\" content=\"http:\/\/www.kadur.com\/wp-content\/uploads\/2013\/03\/sist_centrolock_es_a-300x77.png\" \/>\n<meta name=\"twitter:label1\" content=\"Temps estimat de lectura\" \/>\n\t<meta name=\"twitter:data1\" content=\"1 minut\" \/>\n<script type=\"application\/ld+json\" class=\"yoast-schema-graph\">{\"@context\":\"https:\/\/schema.org\",\"@graph\":[{\"@type\":\"WebPage\",\"@id\":\"https:\/\/www.kadur.com\/ca\/ganivetes\/fusta\/sistemes-reversibles\/centrolock\/\",\"url\":\"https:\/\/www.kadur.com\/ca\/ganivetes\/fusta\/sistemes-reversibles\/centrolock\/\",\"name\":\"Sistema Centrolock - Kadur\",\"isPartOf\":{\"@id\":\"https:\/\/www.kadur.com\/fr\/#website\"},\"primaryImageOfPage\":{\"@id\":\"https:\/\/www.kadur.com\/ca\/ganivetes\/fusta\/sistemes-reversibles\/centrolock\/#primaryimage\"},\"image\":{\"@id\":\"https:\/\/www.kadur.com\/ca\/ganivetes\/fusta\/sistemes-reversibles\/centrolock\/#primaryimage\"},\"thumbnailUrl\":\"http:\/\/www.kadur.com\/wp-content\/uploads\/2013\/03\/sist_centrolock_es_a-300x77.png\",\"datePublished\":\"2013-03-11T14:34:37+00:00\",\"dateModified\":\"2013-03-12T00:16:18+00:00\",\"breadcrumb\":{\"@id\":\"https:\/\/www.kadur.com\/ca\/ganivetes\/fusta\/sistemes-reversibles\/centrolock\/#breadcrumb\"},\"inLanguage\":\"ca\",\"potentialAction\":[{\"@type\":\"ReadAction\",\"target\":[\"https:\/\/www.kadur.com\/ca\/ganivetes\/fusta\/sistemes-reversibles\/centrolock\/\"]}]},{\"@type\":\"ImageObject\",\"inLanguage\":\"ca\",\"@id\":\"https:\/\/www.kadur.com\/ca\/ganivetes\/fusta\/sistemes-reversibles\/centrolock\/#primaryimage\",\"url\":\"http:\/\/www.kadur.com\/wp-content\/uploads\/2013\/03\/sist_centrolock_es_a-300x77.png\",\"contentUrl\":\"http:\/\/www.kadur.com\/wp-content\/uploads\/2013\/03\/sist_centrolock_es_a-300x77.png\"},{\"@type\":\"BreadcrumbList\",\"@id\":\"https:\/\/www.kadur.com\/ca\/ganivetes\/fusta\/sistemes-reversibles\/centrolock\/#breadcrumb\",\"itemListElement\":[{\"@type\":\"ListItem\",\"position\":1,\"name\":\"Home\",\"item\":\"https:\/\/www.kadur.com\/ca\/\"},{\"@type\":\"ListItem\",\"position\":2,\"name\":\"Ganivetes\",\"item\":\"https:\/\/www.kadur.com\/ca\/ganivetes\/\"},{\"@type\":\"ListItem\",\"position\":3,\"name\":\"Fusta i Ebenisteria\",\"item\":\"https:\/\/www.kadur.com\/ca\/ganivetes\/fusta\/\"},{\"@type\":\"ListItem\",\"position\":4,\"name\":\"Sistemes reversibles\",\"item\":\"https:\/\/www.kadur.com\/ca\/ganivetes\/fusta\/sistemes-reversibles\/\"},{\"@type\":\"ListItem\",\"position\":5,\"name\":\"Sistema Centrolock\"}]},{\"@type\":\"WebSite\",\"@id\":\"https:\/\/www.kadur.com\/fr\/#website\",\"url\":\"https:\/\/www.kadur.com\/fr\/\",\"name\":\"Kadur\",\"description\":\"Ganivetes Industrials d'Alt Rendiment\",\"potentialAction\":[{\"@type\":\"SearchAction\",\"target\":{\"@type\":\"EntryPoint\",\"urlTemplate\":\"https:\/\/www.kadur.com\/fr\/?s={search_term_string}\"},\"query-input\":{\"@type\":\"PropertyValueSpecification\",\"valueRequired\":true,\"valueName\":\"search_term_string\"}}],\"inLanguage\":\"ca\"}]}<\/script>\n<!-- \/ Yoast SEO plugin. -->","yoast_head_json":{"title":"Sistema Centrolock - Kadur","robots":{"index":"index","follow":"follow","max-snippet":"max-snippet:-1","max-image-preview":"max-image-preview:large","max-video-preview":"max-video-preview:-1"},"canonical":"https:\/\/www.kadur.com\/ca\/ganivetes\/fusta\/sistemes-reversibles\/centrolock\/","og_locale":"ca_ES","og_type":"article","og_title":"Sistema Centrolock - Kadur","og_description":"Sistema Centrolock Les ganivetes Centrolock estan fabricades en les qualitats de carbur de tungst\u00e8, HSS 18% W i ST2 La qualitat de Carbur de tungst\u00e8, ST2 i HSS 18% W aplicada a les ganivetes Planejadores Centrolock (reversible, dos talls en &hellip; Continuar llegint","og_url":"https:\/\/www.kadur.com\/ca\/ganivetes\/fusta\/sistemes-reversibles\/centrolock\/","og_site_name":"Kadur","article_modified_time":"2013-03-12T00:16:18+00:00","og_image":[{"url":"http:\/\/www.kadur.com\/wp-content\/uploads\/2013\/03\/sist_centrolock_es_a-300x77.png","type":"","width":"","height":""}],"twitter_misc":{"Temps estimat de lectura":"1 minut"},"schema":{"@context":"https:\/\/schema.org","@graph":[{"@type":"WebPage","@id":"https:\/\/www.kadur.com\/ca\/ganivetes\/fusta\/sistemes-reversibles\/centrolock\/","url":"https:\/\/www.kadur.com\/ca\/ganivetes\/fusta\/sistemes-reversibles\/centrolock\/","name":"Sistema Centrolock - Kadur","isPartOf":{"@id":"https:\/\/www.kadur.com\/fr\/#website"},"primaryImageOfPage":{"@id":"https:\/\/www.kadur.com\/ca\/ganivetes\/fusta\/sistemes-reversibles\/centrolock\/#primaryimage"},"image":{"@id":"https:\/\/www.kadur.com\/ca\/ganivetes\/fusta\/sistemes-reversibles\/centrolock\/#primaryimage"},"thumbnailUrl":"http:\/\/www.kadur.com\/wp-content\/uploads\/2013\/03\/sist_centrolock_es_a-300x77.png","datePublished":"2013-03-11T14:34:37+00:00","dateModified":"2013-03-12T00:16:18+00:00","breadcrumb":{"@id":"https:\/\/www.kadur.com\/ca\/ganivetes\/fusta\/sistemes-reversibles\/centrolock\/#breadcrumb"},"inLanguage":"ca","potentialAction":[{"@type":"ReadAction","target":["https:\/\/www.kadur.com\/ca\/ganivetes\/fusta\/sistemes-reversibles\/centrolock\/"]}]},{"@type":"ImageObject","inLanguage":"ca","@id":"https:\/\/www.kadur.com\/ca\/ganivetes\/fusta\/sistemes-reversibles\/centrolock\/#primaryimage","url":"http:\/\/www.kadur.com\/wp-content\/uploads\/2013\/03\/sist_centrolock_es_a-300x77.png","contentUrl":"http:\/\/www.kadur.com\/wp-content\/uploads\/2013\/03\/sist_centrolock_es_a-300x77.png"},{"@type":"BreadcrumbList","@id":"https:\/\/www.kadur.com\/ca\/ganivetes\/fusta\/sistemes-reversibles\/centrolock\/#breadcrumb","itemListElement":[{"@type":"ListItem","position":1,"name":"Home","item":"https:\/\/www.kadur.com\/ca\/"},{"@type":"ListItem","position":2,"name":"Ganivetes","item":"https:\/\/www.kadur.com\/ca\/ganivetes\/"},{"@type":"ListItem","position":3,"name":"Fusta i Ebenisteria","item":"https:\/\/www.kadur.com\/ca\/ganivetes\/fusta\/"},{"@type":"ListItem","position":4,"name":"Sistemes reversibles","item":"https:\/\/www.kadur.com\/ca\/ganivetes\/fusta\/sistemes-reversibles\/"},{"@type":"ListItem","position":5,"name":"Sistema Centrolock"}]},{"@type":"WebSite","@id":"https:\/\/www.kadur.com\/fr\/#website","url":"https:\/\/www.kadur.com\/fr\/","name":"Kadur","description":"Ganivetes Industrials d'Alt Rendiment","potentialAction":[{"@type":"SearchAction","target":{"@type":"EntryPoint","urlTemplate":"https:\/\/www.kadur.com\/fr\/?s={search_term_string}"},"query-input":{"@type":"PropertyValueSpecification","valueRequired":true,"valueName":"search_term_string"}}],"inLanguage":"ca"}]}},"_links":{"self":[{"href":"https:\/\/www.kadur.com\/ca\/wp-json\/wp\/v2\/pages\/1827"}],"collection":[{"href":"https:\/\/www.kadur.com\/ca\/wp-json\/wp\/v2\/pages"}],"about":[{"href":"https:\/\/www.kadur.com\/ca\/wp-json\/wp\/v2\/types\/page"}],"author":[{"embeddable":true,"href":"https:\/\/www.kadur.com\/ca\/wp-json\/wp\/v2\/users\/1"}],"replies":[{"embeddable":true,"href":"https:\/\/www.kadur.com\/ca\/wp-json\/wp\/v2\/comments?post=1827"}],"version-history":[{"count":0,"href":"https:\/\/www.kadur.com\/ca\/wp-json\/wp\/v2\/pages\/1827\/revisions"}],"up":[{"embeddable":true,"href":"https:\/\/www.kadur.com\/ca\/wp-json\/wp\/v2\/pages\/1343"}],"wp:attachment":[{"href":"https:\/\/www.kadur.com\/ca\/wp-json\/wp\/v2\/media?parent=1827"}],"curies":[{"name":"wp","href":"https:\/\/api.w.org\/{rel}","templated":true}]}}