{"id":1822,"date":"2013-03-11T15:30:14","date_gmt":"2013-03-11T14:30:14","guid":{"rendered":"http:\/\/www.kadur.com\/?page_id=1822"},"modified":"2013-03-12T00:51:28","modified_gmt":"2013-03-11T23:51:28","slug":"tersa","status":"publish","type":"page","link":"https:\/\/www.kadur.com\/ca\/ganivetes\/fusta\/sistemes-reversibles\/tersa\/","title":{"rendered":"Sistema Tersa"},"content":{"rendered":"<h1><img decoding=\"async\" class=\"alignright size-medium wp-image-1761\" alt=\"sist_tersa_es_a\" src=\"http:\/\/www.kadur.com\/wp-content\/uploads\/2013\/03\/sist_tersa_es_a-300x76.png\" width=\"300\" height=\"76\" srcset=\"https:\/\/www.kadur.com\/wp-content\/uploads\/2013\/03\/sist_tersa_es_a-300x76.png 300w, https:\/\/www.kadur.com\/wp-content\/uploads\/2013\/03\/sist_tersa_es_a.png 310w\" sizes=\"(max-width: 300px) 100vw, 300px\" \/>Sistema Tersa<\/h1>\n<h2>Les ganivetes tipus Tersa estan fabricades en les qualitats de carbur de tungst\u00e8, HSS 18% W, M42 i ST2.<\/h2>\n<h3>Ganivetes Planejadores per cap\u00e7als tipus Tersa, s\u00f3n ganivetes reversibles (dos talls en una sola fulla), agilitzen el canvi de fulla, reduint l&#8217;atur de m\u00e0quina. Ajust autom\u00e0tic.<\/h3>\n<table>\n<thead>\n<tr>\n<th rowspan=\"2\">L x A x E mm<\/th>\n<th colspan=\"5\">Qualitat<\/th>\n<\/tr>\n<tr>\n<th>HSS 18% W<\/th>\n<th>M42<\/th>\n<th>ST2<\/th>\n<th>TCT<\/th>\n<\/tr>\n<\/thead>\n<tbody>\n<tr>\n<td>60 x 10 x 2,35<\/td>\n<td>KP0610HS1<\/td>\n<td>KP0610M42<\/td>\n<td>KP0610ST2<\/td>\n<td>KP0610TC<\/td>\n<\/tr>\n<tr>\n<td>80 x 10 x 2,35<\/td>\n<td>KP0810HS1<\/td>\n<td>KP0810M42<\/td>\n<td>KP0810ST2<\/td>\n<td>KP0810TC<\/td>\n<\/tr>\n<tr>\n<td colspan=\"5\" height=\"15\"><\/td>\n<\/tr>\n<tr>\n<td>100 x 10 x 2,35<\/td>\n<td>KP1010HS1<\/td>\n<td>KP1010M42<\/td>\n<td>KP1010ST2<\/td>\n<td>KP1010TC<\/td>\n<\/tr>\n<tr>\n<td>120 x 10 x 2,35<\/td>\n<td>KP1210HS1<\/td>\n<td>KP1210M42<\/td>\n<td>KP1210ST2<\/td>\n<td>KP1210TC<\/td>\n<\/tr>\n<tr>\n<td colspan=\"5\" height=\"15\"><\/td>\n<\/tr>\n<tr>\n<td>130 x 10 x 2,35<\/td>\n<td>KP1310HS1<\/td>\n<td>KP1310M42<\/td>\n<td>KP1310ST2<\/td>\n<td>KP1310TC<\/td>\n<\/tr>\n<tr>\n<td>150 x 10 x 2,35<\/td>\n<td>KP1510HS1<\/td>\n<td>KP1510M42<\/td>\n<td>KP1510ST2<\/td>\n<td>KP1510TC<\/td>\n<\/tr>\n<tr>\n<td colspan=\"5\" height=\"15\"><\/td>\n<\/tr>\n<tr>\n<td>180 x 10 x 2,35<\/td>\n<td>KP1810HS1<\/td>\n<td>KP1810M42<\/td>\n<td>KP1810ST2<\/td>\n<td>KP1810TC<\/td>\n<\/tr>\n<tr>\n<td>200 x 10 x 2,35<\/td>\n<td>KP2010HS1<\/td>\n<td>KP2010M42<\/td>\n<td>KP2010ST2<\/td>\n<td>KP2010TC<\/td>\n<\/tr>\n<tr>\n<td colspan=\"5\" height=\"15\"><\/td>\n<\/tr>\n<tr>\n<td>210 x 10 x 2,35<\/td>\n<td>KP2110hS1<\/td>\n<td>KP2110M42<\/td>\n<td>KP2110ST2<\/td>\n<td>KP2110TC<\/td>\n<\/tr>\n<tr>\n<td>230 x 10 x 2,35<\/td>\n<td>KP2310HSl<\/td>\n<td>KP2310M42<\/td>\n<td>KP2310ST2<\/td>\n<td>KP2310TC<\/td>\n<\/tr>\n<tr>\n<td colspan=\"5\" height=\"15\"><\/td>\n<\/tr>\n<tr>\n<td>250 x 10 x 2,35<\/td>\n<td>KP2510HS1<\/td>\n<td>KP2510M42<\/td>\n<td>KP2510ST2<\/td>\n<td>KP2510TC<\/td>\n<\/tr>\n<tr>\n<td>270 x 10 x 2,35<\/td>\n<td>KP2710HS1<\/td>\n<td>KP2710M42<\/td>\n<td>KP2710ST2<\/td>\n<td>KP2710TC<\/td>\n<\/tr>\n<tr>\n<td colspan=\"5\" height=\"15\"><\/td>\n<\/tr>\n<tr>\n<td>300 x 10 x 2,35<\/td>\n<td>KP3010HS1<\/td>\n<td>KP3010M42<\/td>\n<td>KP3010ST2<\/td>\n<td>KP3010TC<\/td>\n<\/tr>\n<tr>\n<td>310 x 10 x 2,35<\/td>\n<td>KP3110HS1<\/td>\n<td>KP3110M42<\/td>\n<td>KP3110ST2<\/td>\n<td>KP3110TC<\/td>\n<\/tr>\n<tr>\n<td colspan=\"5\" height=\"15\"><\/td>\n<\/tr>\n<tr>\n<td>330 x 10 x 2,35<\/td>\n<td>KP3310HS1<\/td>\n<td>KP3310M42<\/td>\n<td>KP3310ST2<\/td>\n<td>KP3310TC<\/td>\n<\/tr>\n<tr>\n<td>350 x 10 x 2,35<\/td>\n<td>KP3510HS1<\/td>\n<td>KP3510M42<\/td>\n<td>KP3510ST2<\/td>\n<td>KP3510TC<\/td>\n<\/tr>\n<tr>\n<td colspan=\"5\" height=\"15\"><\/td>\n<\/tr>\n<tr>\n<td>400 x 10 x 2,35<\/td>\n<td>KP4010HS1<\/td>\n<td>KP4010M42<\/td>\n<td>KP4010ST2<\/td>\n<td>KP4010TC<\/td>\n<\/tr>\n<tr>\n<td>410 x 10 x 2,35<\/td>\n<td>KP4110HS1<\/td>\n<td>KP4110M42<\/td>\n<td>KP4110ST2<\/td>\n<td>KP4110TC<\/td>\n<\/tr>\n<tr>\n<td colspan=\"5\" height=\"15\"><\/td>\n<\/tr>\n<tr>\n<td>430 x 10 x 2,35<\/td>\n<td>KP4310HS1<\/td>\n<td>KP4310M42<\/td>\n<td>KP4310ST2<\/td>\n<td>KP4310TC<\/td>\n<\/tr>\n<tr>\n<td>450 x 10 x 2,35<\/td>\n<td>KP4510HS1<\/td>\n<td>KP4510M42<\/td>\n<td>KP4510ST2<\/td>\n<td>KP4510TC<\/td>\n<\/tr>\n<tr>\n<td colspan=\"5\" height=\"15\"><\/td>\n<\/tr>\n<tr>\n<td>500 x 10 x 2,35<\/td>\n<td>KP5010HSl<\/td>\n<td>KP5010M42<\/td>\n<td>KP5010ST2<\/td>\n<td>KP5010TC<\/td>\n<\/tr>\n<tr>\n<td>510 x 10 x 2,35<\/td>\n<td>KP5110HS1<\/td>\n<td>KP5110M42<\/td>\n<td>KP5110ST2<\/td>\n<td>KP5110TC<\/td>\n<\/tr>\n<tr>\n<td colspan=\"5\" height=\"15\"><\/td>\n<\/tr>\n<tr>\n<td>530 x 10 x 2,35<\/td>\n<td>KP5310HS1<\/td>\n<td>KP5310M42<\/td>\n<td>KP5310ST2<\/td>\n<td>KP5310TC<\/td>\n<\/tr>\n<tr>\n<td>550 x 10 x 2,35<\/td>\n<td>KP5510HS1<\/td>\n<td>KP5510M42<\/td>\n<td>KP5510ST2<\/td>\n<td>KP5510TC<\/td>\n<\/tr>\n<tr>\n<td colspan=\"5\" height=\"15\"><\/td>\n<\/tr>\n<tr>\n<td>600 x 10 x 2,35<\/td>\n<td>KP6D10HS1<\/td>\n<td>KP6010M42<\/td>\n<td>KP6010ST2<\/td>\n<td>KP6010TC<\/td>\n<\/tr>\n<tr>\n<td>610 x 10 x 2,35<\/td>\n<td>KP6110HS1<\/td>\n<td>KP6110M42<\/td>\n<td>KP6110ST2<\/td>\n<td>KP6110TC<\/td>\n<\/tr>\n<tr>\n<td colspan=\"5\" height=\"15\"><\/td>\n<\/tr>\n<tr>\n<td>630 x 10 x 2,35<\/td>\n<td>KP6310HS1<\/td>\n<td>KP6310M42<\/td>\n<td>KP6310ST2<\/td>\n<td>KP6310TC<\/td>\n<\/tr>\n<tr>\n<td>640 x 10 x 2,35<\/td>\n<td>KP6410HS1<\/td>\n<td>KP6410M42<\/td>\n<td>KP6410ST2<\/td>\n<td>KP6410TC<\/td>\n<\/tr>\n<tr>\n<td colspan=\"5\" height=\"15\"><\/td>\n<\/tr>\n<tr>\n<td>650 x 10 x 2,35<\/td>\n<td>KP6510HS1<\/td>\n<td>KP6510M42<\/td>\n<td>KP6510ST2<\/td>\n<td>KP6510TC<\/td>\n<\/tr>\n<tr>\n<td>1200 x 10 x 2,35<\/td>\n<td>KP12010HS1<\/td>\n<td>KP12010M42<\/td>\n<td colspan=\"2\"><\/td>\n<\/tr>\n<\/tbody>\n<\/table>\n","protected":false},"excerpt":{"rendered":"<p>Sistema Tersa Les ganivetes tipus Tersa estan fabricades en les qualitats de carbur de tungst\u00e8, HSS 18% W, M42 i ST2. Ganivetes Planejadores per cap\u00e7als tipus Tersa, s\u00f3n ganivetes reversibles (dos talls en una sola fulla), agilitzen el canvi de &hellip; <br \/><a href=\"https:\/\/www.kadur.com\/ca\/ganivetes\/fusta\/sistemes-reversibles\/tersa\/\" class=\"more-link\">Continuar llegint<\/a><\/p>\n","protected":false},"author":1,"featured_media":0,"parent":1343,"menu_order":1,"comment_status":"closed","ping_status":"closed","template":"","meta":{"footnotes":""},"yoast_head":"<!-- This site is optimized with the Yoast SEO plugin v24.5 - https:\/\/yoast.com\/wordpress\/plugins\/seo\/ -->\n<title>Sistema Tersa - Kadur<\/title>\n<meta name=\"robots\" content=\"index, follow, max-snippet:-1, max-image-preview:large, max-video-preview:-1\" \/>\n<link rel=\"canonical\" href=\"https:\/\/www.kadur.com\/ca\/ganivetes\/fusta\/sistemes-reversibles\/tersa\/\" \/>\n<meta property=\"og:locale\" content=\"ca_ES\" \/>\n<meta property=\"og:type\" content=\"article\" \/>\n<meta property=\"og:title\" content=\"Sistema Tersa - Kadur\" \/>\n<meta property=\"og:description\" content=\"Sistema Tersa Les ganivetes tipus Tersa estan fabricades en les qualitats de carbur de tungst\u00e8, HSS 18% W, M42 i ST2. Ganivetes Planejadores per cap\u00e7als tipus Tersa, s\u00f3n ganivetes reversibles (dos talls en una sola fulla), agilitzen el canvi de &hellip; Continuar llegint\" \/>\n<meta property=\"og:url\" content=\"https:\/\/www.kadur.com\/ca\/ganivetes\/fusta\/sistemes-reversibles\/tersa\/\" \/>\n<meta property=\"og:site_name\" content=\"Kadur\" \/>\n<meta property=\"article:modified_time\" content=\"2013-03-11T23:51:28+00:00\" \/>\n<meta property=\"og:image\" content=\"http:\/\/www.kadur.com\/wp-content\/uploads\/2013\/03\/sist_tersa_es_a-300x76.png\" \/>\n<meta name=\"twitter:label1\" content=\"Temps estimat de lectura\" \/>\n\t<meta name=\"twitter:data1\" content=\"2 minuts\" \/>\n<script type=\"application\/ld+json\" class=\"yoast-schema-graph\">{\"@context\":\"https:\/\/schema.org\",\"@graph\":[{\"@type\":\"WebPage\",\"@id\":\"https:\/\/www.kadur.com\/ca\/ganivetes\/fusta\/sistemes-reversibles\/tersa\/\",\"url\":\"https:\/\/www.kadur.com\/ca\/ganivetes\/fusta\/sistemes-reversibles\/tersa\/\",\"name\":\"Sistema Tersa - Kadur\",\"isPartOf\":{\"@id\":\"https:\/\/www.kadur.com\/fr\/#website\"},\"primaryImageOfPage\":{\"@id\":\"https:\/\/www.kadur.com\/ca\/ganivetes\/fusta\/sistemes-reversibles\/tersa\/#primaryimage\"},\"image\":{\"@id\":\"https:\/\/www.kadur.com\/ca\/ganivetes\/fusta\/sistemes-reversibles\/tersa\/#primaryimage\"},\"thumbnailUrl\":\"http:\/\/www.kadur.com\/wp-content\/uploads\/2013\/03\/sist_tersa_es_a-300x76.png\",\"datePublished\":\"2013-03-11T14:30:14+00:00\",\"dateModified\":\"2013-03-11T23:51:28+00:00\",\"breadcrumb\":{\"@id\":\"https:\/\/www.kadur.com\/ca\/ganivetes\/fusta\/sistemes-reversibles\/tersa\/#breadcrumb\"},\"inLanguage\":\"ca\",\"potentialAction\":[{\"@type\":\"ReadAction\",\"target\":[\"https:\/\/www.kadur.com\/ca\/ganivetes\/fusta\/sistemes-reversibles\/tersa\/\"]}]},{\"@type\":\"ImageObject\",\"inLanguage\":\"ca\",\"@id\":\"https:\/\/www.kadur.com\/ca\/ganivetes\/fusta\/sistemes-reversibles\/tersa\/#primaryimage\",\"url\":\"http:\/\/www.kadur.com\/wp-content\/uploads\/2013\/03\/sist_tersa_es_a-300x76.png\",\"contentUrl\":\"http:\/\/www.kadur.com\/wp-content\/uploads\/2013\/03\/sist_tersa_es_a-300x76.png\"},{\"@type\":\"BreadcrumbList\",\"@id\":\"https:\/\/www.kadur.com\/ca\/ganivetes\/fusta\/sistemes-reversibles\/tersa\/#breadcrumb\",\"itemListElement\":[{\"@type\":\"ListItem\",\"position\":1,\"name\":\"Home\",\"item\":\"https:\/\/www.kadur.com\/ca\/\"},{\"@type\":\"ListItem\",\"position\":2,\"name\":\"Ganivetes\",\"item\":\"https:\/\/www.kadur.com\/ca\/ganivetes\/\"},{\"@type\":\"ListItem\",\"position\":3,\"name\":\"Fusta i Ebenisteria\",\"item\":\"https:\/\/www.kadur.com\/ca\/ganivetes\/fusta\/\"},{\"@type\":\"ListItem\",\"position\":4,\"name\":\"Sistemes reversibles\",\"item\":\"https:\/\/www.kadur.com\/ca\/ganivetes\/fusta\/sistemes-reversibles\/\"},{\"@type\":\"ListItem\",\"position\":5,\"name\":\"Sistema Tersa\"}]},{\"@type\":\"WebSite\",\"@id\":\"https:\/\/www.kadur.com\/fr\/#website\",\"url\":\"https:\/\/www.kadur.com\/fr\/\",\"name\":\"Kadur\",\"description\":\"Ganivetes Industrials d'Alt Rendiment\",\"potentialAction\":[{\"@type\":\"SearchAction\",\"target\":{\"@type\":\"EntryPoint\",\"urlTemplate\":\"https:\/\/www.kadur.com\/fr\/?s={search_term_string}\"},\"query-input\":{\"@type\":\"PropertyValueSpecification\",\"valueRequired\":true,\"valueName\":\"search_term_string\"}}],\"inLanguage\":\"ca\"}]}<\/script>\n<!-- \/ Yoast SEO plugin. -->","yoast_head_json":{"title":"Sistema Tersa - Kadur","robots":{"index":"index","follow":"follow","max-snippet":"max-snippet:-1","max-image-preview":"max-image-preview:large","max-video-preview":"max-video-preview:-1"},"canonical":"https:\/\/www.kadur.com\/ca\/ganivetes\/fusta\/sistemes-reversibles\/tersa\/","og_locale":"ca_ES","og_type":"article","og_title":"Sistema Tersa - Kadur","og_description":"Sistema Tersa Les ganivetes tipus Tersa estan fabricades en les qualitats de carbur de tungst\u00e8, HSS 18% W, M42 i ST2. Ganivetes Planejadores per cap\u00e7als tipus Tersa, s\u00f3n ganivetes reversibles (dos talls en una sola fulla), agilitzen el canvi de &hellip; Continuar llegint","og_url":"https:\/\/www.kadur.com\/ca\/ganivetes\/fusta\/sistemes-reversibles\/tersa\/","og_site_name":"Kadur","article_modified_time":"2013-03-11T23:51:28+00:00","og_image":[{"url":"http:\/\/www.kadur.com\/wp-content\/uploads\/2013\/03\/sist_tersa_es_a-300x76.png","type":"","width":"","height":""}],"twitter_misc":{"Temps estimat de lectura":"2 minuts"},"schema":{"@context":"https:\/\/schema.org","@graph":[{"@type":"WebPage","@id":"https:\/\/www.kadur.com\/ca\/ganivetes\/fusta\/sistemes-reversibles\/tersa\/","url":"https:\/\/www.kadur.com\/ca\/ganivetes\/fusta\/sistemes-reversibles\/tersa\/","name":"Sistema Tersa - Kadur","isPartOf":{"@id":"https:\/\/www.kadur.com\/fr\/#website"},"primaryImageOfPage":{"@id":"https:\/\/www.kadur.com\/ca\/ganivetes\/fusta\/sistemes-reversibles\/tersa\/#primaryimage"},"image":{"@id":"https:\/\/www.kadur.com\/ca\/ganivetes\/fusta\/sistemes-reversibles\/tersa\/#primaryimage"},"thumbnailUrl":"http:\/\/www.kadur.com\/wp-content\/uploads\/2013\/03\/sist_tersa_es_a-300x76.png","datePublished":"2013-03-11T14:30:14+00:00","dateModified":"2013-03-11T23:51:28+00:00","breadcrumb":{"@id":"https:\/\/www.kadur.com\/ca\/ganivetes\/fusta\/sistemes-reversibles\/tersa\/#breadcrumb"},"inLanguage":"ca","potentialAction":[{"@type":"ReadAction","target":["https:\/\/www.kadur.com\/ca\/ganivetes\/fusta\/sistemes-reversibles\/tersa\/"]}]},{"@type":"ImageObject","inLanguage":"ca","@id":"https:\/\/www.kadur.com\/ca\/ganivetes\/fusta\/sistemes-reversibles\/tersa\/#primaryimage","url":"http:\/\/www.kadur.com\/wp-content\/uploads\/2013\/03\/sist_tersa_es_a-300x76.png","contentUrl":"http:\/\/www.kadur.com\/wp-content\/uploads\/2013\/03\/sist_tersa_es_a-300x76.png"},{"@type":"BreadcrumbList","@id":"https:\/\/www.kadur.com\/ca\/ganivetes\/fusta\/sistemes-reversibles\/tersa\/#breadcrumb","itemListElement":[{"@type":"ListItem","position":1,"name":"Home","item":"https:\/\/www.kadur.com\/ca\/"},{"@type":"ListItem","position":2,"name":"Ganivetes","item":"https:\/\/www.kadur.com\/ca\/ganivetes\/"},{"@type":"ListItem","position":3,"name":"Fusta i Ebenisteria","item":"https:\/\/www.kadur.com\/ca\/ganivetes\/fusta\/"},{"@type":"ListItem","position":4,"name":"Sistemes reversibles","item":"https:\/\/www.kadur.com\/ca\/ganivetes\/fusta\/sistemes-reversibles\/"},{"@type":"ListItem","position":5,"name":"Sistema Tersa"}]},{"@type":"WebSite","@id":"https:\/\/www.kadur.com\/fr\/#website","url":"https:\/\/www.kadur.com\/fr\/","name":"Kadur","description":"Ganivetes Industrials d'Alt Rendiment","potentialAction":[{"@type":"SearchAction","target":{"@type":"EntryPoint","urlTemplate":"https:\/\/www.kadur.com\/fr\/?s={search_term_string}"},"query-input":{"@type":"PropertyValueSpecification","valueRequired":true,"valueName":"search_term_string"}}],"inLanguage":"ca"}]}},"_links":{"self":[{"href":"https:\/\/www.kadur.com\/ca\/wp-json\/wp\/v2\/pages\/1822"}],"collection":[{"href":"https:\/\/www.kadur.com\/ca\/wp-json\/wp\/v2\/pages"}],"about":[{"href":"https:\/\/www.kadur.com\/ca\/wp-json\/wp\/v2\/types\/page"}],"author":[{"embeddable":true,"href":"https:\/\/www.kadur.com\/ca\/wp-json\/wp\/v2\/users\/1"}],"replies":[{"embeddable":true,"href":"https:\/\/www.kadur.com\/ca\/wp-json\/wp\/v2\/comments?post=1822"}],"version-history":[{"count":0,"href":"https:\/\/www.kadur.com\/ca\/wp-json\/wp\/v2\/pages\/1822\/revisions"}],"up":[{"embeddable":true,"href":"https:\/\/www.kadur.com\/ca\/wp-json\/wp\/v2\/pages\/1343"}],"wp:attachment":[{"href":"https:\/\/www.kadur.com\/ca\/wp-json\/wp\/v2\/media?parent=1822"}],"curies":[{"name":"wp","href":"https:\/\/api.w.org\/{rel}","templated":true}]}}