{"id":1802,"date":"2013-03-10T13:03:46","date_gmt":"2013-03-10T12:03:46","guid":{"rendered":"http:\/\/www.kadur.com\/?page_id=1802"},"modified":"2013-03-11T15:25:06","modified_gmt":"2013-03-11T14:25:06","slug":"kadur-fix","status":"publish","type":"page","link":"https:\/\/www.kadur.com\/ca\/ganivetes\/fusta\/sistemes-reversibles\/kadur-fix\/","title":{"rendered":"Sistema Kadur Fix"},"content":{"rendered":"<h1><img decoding=\"async\" class=\"alignright size-full wp-image-1762\" alt=\"sist_kadurfix_es_a\" src=\"http:\/\/www.kadur.com\/wp-content\/uploads\/2013\/03\/sist_kadurfix_es_a.png\" width=\"127\" height=\"75\" \/>Sistema Kadur Fix<\/h1>\n<h2>El Metall Dur \u00e9s un material sinteritzat, amb un aliatge d&#8217;alt contingut en Wolframi (Carbur de Tungst\u00e8).<\/h2>\n<h3>Les ganivetes Kadur Fix s&#8217;utilitzen en m\u00e0quines de regruixar i planejar. Permet utilitzar els Carburs m\u00e9s durs i resistents d&#8217;\u00faltima generaci\u00f3, per obtenir alts rendiments de treball, facilita els perfilats (i afilats) podent rectificar el Carbur de Tungst\u00e8 i l&#8217;acer separadament.<\/h3>\n<div class=\"columns\"><div class=\"clear\"><div class=\"col1-2\"><\/p>\n<table>\n<thead>\n<tr>\n<th colspan=\"3\">Joc Complet<\/th>\n<\/tr>\n<tr>\n<th rowspan=\"2\">L x A x E mm<\/th>\n<th colspan=\"2\">Qualitat<\/th>\n<\/tr>\n<tr>\n<th>MG6<\/th>\n<th>MG8<\/th>\n<\/tr>\n<\/thead>\n<tbody>\n<tr>\n<td>40 x 40 x 10<\/td>\n<td>KF0440MG6<\/td>\n<td>KF0440MG8<\/td>\n<\/tr>\n<tr>\n<td>40 x 50 x 10<\/td>\n<td>KF0450MG6<\/td>\n<td>KF0450MG8<\/td>\n<\/tr>\n<tr>\n<td>40 x 60 x 10<\/td>\n<td>KF0460MG6<\/td>\n<td>KF0460MG8<\/td>\n<\/tr>\n<tr>\n<td colspan=\"3\" height=\"15\"><\/td>\n<\/tr>\n<tr>\n<td>60 x 40 x 10<\/td>\n<td>KF0640MG6<\/td>\n<td>KF0640MG8<\/td>\n<\/tr>\n<tr>\n<td>60 x 50 x 10<\/td>\n<td>KF0650MG6<\/td>\n<td>KF0650MG8<\/td>\n<\/tr>\n<tr>\n<td>60 x 60 x 10<\/td>\n<td>KF0660MG6<\/td>\n<td>KF0660MG8<\/td>\n<\/tr>\n<tr>\n<td colspan=\"3\" height=\"15\"><\/td>\n<\/tr>\n<tr>\n<td>80 x 40 x 10<\/td>\n<td>KF0840MG6<\/td>\n<td>KF0840MG8<\/td>\n<\/tr>\n<tr>\n<td>80 x 50 x 10<\/td>\n<td>KF0850MG6<\/td>\n<td>KF0850MG8<\/td>\n<\/tr>\n<tr>\n<td>80 x 60 x 10<\/td>\n<td>KF0860MG6<\/td>\n<td>KF0860MG8<\/td>\n<\/tr>\n<tr>\n<td colspan=\"3\" height=\"15\"><\/td>\n<\/tr>\n<tr>\n<td>100 x 40 x 10<\/td>\n<td>KF1040MG6<\/td>\n<td>KF1040MG8<\/td>\n<\/tr>\n<tr>\n<td>100 x 50 x 10<\/td>\n<td>KF1050MG6<\/td>\n<td>KF1050MG8<\/td>\n<\/tr>\n<tr>\n<td>100 x 60 x 10<\/td>\n<td>KF1060MG6<\/td>\n<td>KF1060MG8<\/td>\n<\/tr>\n<tr>\n<td colspan=\"3\" height=\"15\"><\/td>\n<\/tr>\n<tr>\n<td>120 x 40 x 10<\/td>\n<td>KF1240MG6<\/td>\n<td>KF1240MG8<\/td>\n<\/tr>\n<tr>\n<td>120 x 50 x 10<\/td>\n<td>KF1250MG6<\/td>\n<td>KF1250MG8<\/td>\n<\/tr>\n<tr>\n<td>120 x 60 x 10<\/td>\n<td>KF1260MG6<\/td>\n<td>KF1260MG8<\/td>\n<\/tr>\n<tr>\n<td colspan=\"3\" height=\"15\"><\/td>\n<\/tr>\n<tr>\n<td>130 x 40 x 10<\/td>\n<td>KF1340MG6<\/td>\n<td>KF1340MG8<\/td>\n<\/tr>\n<tr>\n<td>130 x 50 x 10<\/td>\n<td>KF1350MG6<\/td>\n<td>KF1350MG8<\/td>\n<\/tr>\n<tr>\n<td>130 x 60 x 10<\/td>\n<td>KF1360MG6<\/td>\n<td>KF1360MG8<\/td>\n<\/tr>\n<tr>\n<td colspan=\"3\" height=\"15\"><\/td>\n<\/tr>\n<tr>\n<td>150 x 40 x 10<\/td>\n<td>KF1540MG6<\/td>\n<td>KF1540MG8<\/td>\n<\/tr>\n<tr>\n<td>150 x 50 x 10<\/td>\n<td>KF1550MG6<\/td>\n<td>KF1550MG8<\/td>\n<\/tr>\n<tr>\n<td>150 x 60 x 10<\/td>\n<td>KF1560MG6<\/td>\n<td>KF1560MG8<\/td>\n<\/tr>\n<tr>\n<td colspan=\"3\" height=\"15\"><\/td>\n<\/tr>\n<tr>\n<td>310 x 40 x 10<\/td>\n<td>KF3140MG6<\/td>\n<td>KF3140MG8<\/td>\n<\/tr>\n<tr>\n<td>310 x 50 x 10<\/td>\n<td>KF3150MG6<\/td>\n<td>KF3150MG8<\/td>\n<\/tr>\n<tr>\n<td>310 x 60 x 10<\/td>\n<td>KF3160MG6<\/td>\n<td>KF3160MG8<\/td>\n<\/tr>\n<\/tbody>\n<\/table>\n<p><\/div><div class=\"col1-2\"><\/p>\n<table>\n<thead>\n<tr>\n<th colspan=\"3\">Placa Integral TCT<\/th>\n<\/tr>\n<tr>\n<th rowspan=\"2\">L x A x s mm<\/th>\n<th colspan=\"2\">Qualitat<\/th>\n<\/tr>\n<tr>\n<th>MG6<\/th>\n<th>MG8<\/th>\n<\/tr>\n<\/thead>\n<tbody>\n<tr>\n<td>40 x 40 x 3<\/td>\n<td>TF0443MG6<\/td>\n<td>TF0443MG8<\/td>\n<\/tr>\n<tr>\n<td>40 x 50 x 3<\/td>\n<td>TF0453MG6<\/td>\n<td>TF0453MG8<\/td>\n<\/tr>\n<tr>\n<td>40 x 60 x 3<\/td>\n<td>TF0463MG6<\/td>\n<td>TF0463MG8<\/td>\n<\/tr>\n<tr>\n<td colspan=\"3\" height=\"15\"><\/td>\n<\/tr>\n<tr>\n<td>60 x 40 x 3<\/td>\n<td>TF0643MG6<\/td>\n<td>TF0643MG8<\/td>\n<\/tr>\n<tr>\n<td>60 x 50 x 3<\/td>\n<td>TF0653MG6<\/td>\n<td>TF0653MG8<\/td>\n<\/tr>\n<tr>\n<td>60 x 60 x 3<\/td>\n<td>TF0663MG6<\/td>\n<td>TF0663MG8<\/td>\n<\/tr>\n<tr>\n<td colspan=\"3\" height=\"15\"><\/td>\n<\/tr>\n<tr>\n<td>80 x 40 x 3<\/td>\n<td>TF0843MG6<\/td>\n<td>TF0843MG8<\/td>\n<\/tr>\n<tr>\n<td>80 x 50 x 3<\/td>\n<td>TF0853MG6<\/td>\n<td>TF0853MG8<\/td>\n<\/tr>\n<tr>\n<td>80 x 60 x 3<\/td>\n<td>TF0863MG6<\/td>\n<td>TF0863MG8<\/td>\n<\/tr>\n<tr>\n<td colspan=\"3\" height=\"15\"><\/td>\n<\/tr>\n<tr>\n<td>100 x 40 x 3<\/td>\n<td>TF1043MG6<\/td>\n<td>TF1043MG8<\/td>\n<\/tr>\n<tr>\n<td>100 x 50 x 3<\/td>\n<td>TF1053MG6<\/td>\n<td>TF1053MG8<\/td>\n<\/tr>\n<tr>\n<td>100 x 60 x 3<\/td>\n<td>TF1063MG6<\/td>\n<td>TF1063MG8<\/td>\n<\/tr>\n<tr>\n<td colspan=\"3\" height=\"15\"><\/td>\n<\/tr>\n<tr>\n<td>120 x 40 x 3<\/td>\n<td>TF1243MG6<\/td>\n<td>TF1243MG8<\/td>\n<\/tr>\n<tr>\n<td>120 x 50 x 3<\/td>\n<td>TF1253MG6<\/td>\n<td>TF1253MG8<\/td>\n<\/tr>\n<tr>\n<td>120 x 60 x 3<\/td>\n<td>TF1263MG6<\/td>\n<td>TF1263MG8<\/td>\n<\/tr>\n<tr>\n<td colspan=\"3\" height=\"15\"><\/td>\n<\/tr>\n<tr>\n<td>130 x 40 x 3<\/td>\n<td>TF1343MG6<\/td>\n<td>TF1343MG8<\/td>\n<\/tr>\n<tr>\n<td>130 x 50 x 3<\/td>\n<td>TF1353MG6<\/td>\n<td>TF1353MG8<\/td>\n<\/tr>\n<tr>\n<td>130 x 60 x 3<\/td>\n<td>TF1363MG6<\/td>\n<td>TF1363MG8<\/td>\n<\/tr>\n<tr>\n<td colspan=\"3\" height=\"15\"><\/td>\n<\/tr>\n<tr>\n<td>150 x 40 x 3<\/td>\n<td>TF1543MG6<\/td>\n<td>TF1543MG8<\/td>\n<\/tr>\n<tr>\n<td>150 x 50 x 3<\/td>\n<td>TF1553MG6<\/td>\n<td>TF1553MG8<\/td>\n<\/tr>\n<tr>\n<td>150 x 60 x 3<\/td>\n<td>TF1563MG6<\/td>\n<td>TF1563MG8<\/td>\n<\/tr>\n<tr>\n<td colspan=\"3\" height=\"15\"><\/td>\n<\/tr>\n<tr>\n<td>310 x 40 x 3<\/td>\n<td>TF3143MG6<\/td>\n<td>TF3143MG8<\/td>\n<\/tr>\n<tr>\n<td>310 x 50 x 3<\/td>\n<td>TF3153MG6<\/td>\n<td>TF3153MG8<\/td>\n<\/tr>\n<tr>\n<td>310 x 60 x 3<\/td>\n<td>TF3163MG6<\/td>\n<td>TF3163MG8<\/td>\n<\/tr>\n<\/tbody>\n<\/table>\n<p><\/div><\/div><\/div>\n","protected":false},"excerpt":{"rendered":"<p>Sistema Kadur Fix El Metall Dur \u00e9s un material sinteritzat, amb un aliatge d&#8217;alt contingut en Wolframi (Carbur de Tungst\u00e8). Les ganivetes Kadur Fix s&#8217;utilitzen en m\u00e0quines de regruixar i planejar. Permet utilitzar els Carburs m\u00e9s durs i resistents d&#8217;\u00faltima &hellip; <br \/><a href=\"https:\/\/www.kadur.com\/ca\/ganivetes\/fusta\/sistemes-reversibles\/kadur-fix\/\" class=\"more-link\">Continuar llegint<\/a><\/p>\n","protected":false},"author":1,"featured_media":0,"parent":1343,"menu_order":0,"comment_status":"closed","ping_status":"closed","template":"","meta":{"footnotes":""},"yoast_head":"<!-- This site is optimized with the Yoast SEO plugin v24.5 - https:\/\/yoast.com\/wordpress\/plugins\/seo\/ -->\n<title>Sistema Kadur Fix - Kadur<\/title>\n<meta name=\"robots\" content=\"index, follow, max-snippet:-1, max-image-preview:large, max-video-preview:-1\" \/>\n<link rel=\"canonical\" href=\"https:\/\/www.kadur.com\/ca\/ganivetes\/fusta\/sistemes-reversibles\/kadur-fix\/\" \/>\n<meta property=\"og:locale\" content=\"ca_ES\" \/>\n<meta property=\"og:type\" content=\"article\" \/>\n<meta property=\"og:title\" content=\"Sistema Kadur Fix - Kadur\" \/>\n<meta property=\"og:description\" content=\"Sistema Kadur Fix El Metall Dur \u00e9s un material sinteritzat, amb un aliatge d&#8217;alt contingut en Wolframi (Carbur de Tungst\u00e8). Les ganivetes Kadur Fix s&#8217;utilitzen en m\u00e0quines de regruixar i planejar. Permet utilitzar els Carburs m\u00e9s durs i resistents d&#8217;\u00faltima &hellip; Continuar llegint\" \/>\n<meta property=\"og:url\" content=\"https:\/\/www.kadur.com\/ca\/ganivetes\/fusta\/sistemes-reversibles\/kadur-fix\/\" \/>\n<meta property=\"og:site_name\" content=\"Kadur\" \/>\n<meta property=\"article:modified_time\" content=\"2013-03-11T14:25:06+00:00\" \/>\n<meta property=\"og:image\" content=\"http:\/\/www.kadur.com\/wp-content\/uploads\/2013\/03\/sist_kadurfix_es_a.png\" \/>\n<meta name=\"twitter:label1\" content=\"Temps estimat de lectura\" \/>\n\t<meta name=\"twitter:data1\" content=\"2 minuts\" \/>\n<script type=\"application\/ld+json\" class=\"yoast-schema-graph\">{\"@context\":\"https:\/\/schema.org\",\"@graph\":[{\"@type\":\"WebPage\",\"@id\":\"https:\/\/www.kadur.com\/ca\/ganivetes\/fusta\/sistemes-reversibles\/kadur-fix\/\",\"url\":\"https:\/\/www.kadur.com\/ca\/ganivetes\/fusta\/sistemes-reversibles\/kadur-fix\/\",\"name\":\"Sistema Kadur Fix - Kadur\",\"isPartOf\":{\"@id\":\"https:\/\/www.kadur.com\/fr\/#website\"},\"primaryImageOfPage\":{\"@id\":\"https:\/\/www.kadur.com\/ca\/ganivetes\/fusta\/sistemes-reversibles\/kadur-fix\/#primaryimage\"},\"image\":{\"@id\":\"https:\/\/www.kadur.com\/ca\/ganivetes\/fusta\/sistemes-reversibles\/kadur-fix\/#primaryimage\"},\"thumbnailUrl\":\"http:\/\/www.kadur.com\/wp-content\/uploads\/2013\/03\/sist_kadurfix_es_a.png\",\"datePublished\":\"2013-03-10T12:03:46+00:00\",\"dateModified\":\"2013-03-11T14:25:06+00:00\",\"breadcrumb\":{\"@id\":\"https:\/\/www.kadur.com\/ca\/ganivetes\/fusta\/sistemes-reversibles\/kadur-fix\/#breadcrumb\"},\"inLanguage\":\"ca\",\"potentialAction\":[{\"@type\":\"ReadAction\",\"target\":[\"https:\/\/www.kadur.com\/ca\/ganivetes\/fusta\/sistemes-reversibles\/kadur-fix\/\"]}]},{\"@type\":\"ImageObject\",\"inLanguage\":\"ca\",\"@id\":\"https:\/\/www.kadur.com\/ca\/ganivetes\/fusta\/sistemes-reversibles\/kadur-fix\/#primaryimage\",\"url\":\"http:\/\/www.kadur.com\/wp-content\/uploads\/2013\/03\/sist_kadurfix_es_a.png\",\"contentUrl\":\"http:\/\/www.kadur.com\/wp-content\/uploads\/2013\/03\/sist_kadurfix_es_a.png\"},{\"@type\":\"BreadcrumbList\",\"@id\":\"https:\/\/www.kadur.com\/ca\/ganivetes\/fusta\/sistemes-reversibles\/kadur-fix\/#breadcrumb\",\"itemListElement\":[{\"@type\":\"ListItem\",\"position\":1,\"name\":\"Home\",\"item\":\"https:\/\/www.kadur.com\/ca\/\"},{\"@type\":\"ListItem\",\"position\":2,\"name\":\"Ganivetes\",\"item\":\"https:\/\/www.kadur.com\/ca\/ganivetes\/\"},{\"@type\":\"ListItem\",\"position\":3,\"name\":\"Fusta i Ebenisteria\",\"item\":\"https:\/\/www.kadur.com\/ca\/ganivetes\/fusta\/\"},{\"@type\":\"ListItem\",\"position\":4,\"name\":\"Sistemes reversibles\",\"item\":\"https:\/\/www.kadur.com\/ca\/ganivetes\/fusta\/sistemes-reversibles\/\"},{\"@type\":\"ListItem\",\"position\":5,\"name\":\"Sistema Kadur Fix\"}]},{\"@type\":\"WebSite\",\"@id\":\"https:\/\/www.kadur.com\/fr\/#website\",\"url\":\"https:\/\/www.kadur.com\/fr\/\",\"name\":\"Kadur\",\"description\":\"Ganivetes Industrials d'Alt Rendiment\",\"potentialAction\":[{\"@type\":\"SearchAction\",\"target\":{\"@type\":\"EntryPoint\",\"urlTemplate\":\"https:\/\/www.kadur.com\/fr\/?s={search_term_string}\"},\"query-input\":{\"@type\":\"PropertyValueSpecification\",\"valueRequired\":true,\"valueName\":\"search_term_string\"}}],\"inLanguage\":\"ca\"}]}<\/script>\n<!-- \/ Yoast SEO plugin. -->","yoast_head_json":{"title":"Sistema Kadur Fix - Kadur","robots":{"index":"index","follow":"follow","max-snippet":"max-snippet:-1","max-image-preview":"max-image-preview:large","max-video-preview":"max-video-preview:-1"},"canonical":"https:\/\/www.kadur.com\/ca\/ganivetes\/fusta\/sistemes-reversibles\/kadur-fix\/","og_locale":"ca_ES","og_type":"article","og_title":"Sistema Kadur Fix - Kadur","og_description":"Sistema Kadur Fix El Metall Dur \u00e9s un material sinteritzat, amb un aliatge d&#8217;alt contingut en Wolframi (Carbur de Tungst\u00e8). Les ganivetes Kadur Fix s&#8217;utilitzen en m\u00e0quines de regruixar i planejar. Permet utilitzar els Carburs m\u00e9s durs i resistents d&#8217;\u00faltima &hellip; Continuar llegint","og_url":"https:\/\/www.kadur.com\/ca\/ganivetes\/fusta\/sistemes-reversibles\/kadur-fix\/","og_site_name":"Kadur","article_modified_time":"2013-03-11T14:25:06+00:00","og_image":[{"url":"http:\/\/www.kadur.com\/wp-content\/uploads\/2013\/03\/sist_kadurfix_es_a.png","type":"","width":"","height":""}],"twitter_misc":{"Temps estimat de lectura":"2 minuts"},"schema":{"@context":"https:\/\/schema.org","@graph":[{"@type":"WebPage","@id":"https:\/\/www.kadur.com\/ca\/ganivetes\/fusta\/sistemes-reversibles\/kadur-fix\/","url":"https:\/\/www.kadur.com\/ca\/ganivetes\/fusta\/sistemes-reversibles\/kadur-fix\/","name":"Sistema Kadur Fix - Kadur","isPartOf":{"@id":"https:\/\/www.kadur.com\/fr\/#website"},"primaryImageOfPage":{"@id":"https:\/\/www.kadur.com\/ca\/ganivetes\/fusta\/sistemes-reversibles\/kadur-fix\/#primaryimage"},"image":{"@id":"https:\/\/www.kadur.com\/ca\/ganivetes\/fusta\/sistemes-reversibles\/kadur-fix\/#primaryimage"},"thumbnailUrl":"http:\/\/www.kadur.com\/wp-content\/uploads\/2013\/03\/sist_kadurfix_es_a.png","datePublished":"2013-03-10T12:03:46+00:00","dateModified":"2013-03-11T14:25:06+00:00","breadcrumb":{"@id":"https:\/\/www.kadur.com\/ca\/ganivetes\/fusta\/sistemes-reversibles\/kadur-fix\/#breadcrumb"},"inLanguage":"ca","potentialAction":[{"@type":"ReadAction","target":["https:\/\/www.kadur.com\/ca\/ganivetes\/fusta\/sistemes-reversibles\/kadur-fix\/"]}]},{"@type":"ImageObject","inLanguage":"ca","@id":"https:\/\/www.kadur.com\/ca\/ganivetes\/fusta\/sistemes-reversibles\/kadur-fix\/#primaryimage","url":"http:\/\/www.kadur.com\/wp-content\/uploads\/2013\/03\/sist_kadurfix_es_a.png","contentUrl":"http:\/\/www.kadur.com\/wp-content\/uploads\/2013\/03\/sist_kadurfix_es_a.png"},{"@type":"BreadcrumbList","@id":"https:\/\/www.kadur.com\/ca\/ganivetes\/fusta\/sistemes-reversibles\/kadur-fix\/#breadcrumb","itemListElement":[{"@type":"ListItem","position":1,"name":"Home","item":"https:\/\/www.kadur.com\/ca\/"},{"@type":"ListItem","position":2,"name":"Ganivetes","item":"https:\/\/www.kadur.com\/ca\/ganivetes\/"},{"@type":"ListItem","position":3,"name":"Fusta i Ebenisteria","item":"https:\/\/www.kadur.com\/ca\/ganivetes\/fusta\/"},{"@type":"ListItem","position":4,"name":"Sistemes reversibles","item":"https:\/\/www.kadur.com\/ca\/ganivetes\/fusta\/sistemes-reversibles\/"},{"@type":"ListItem","position":5,"name":"Sistema Kadur Fix"}]},{"@type":"WebSite","@id":"https:\/\/www.kadur.com\/fr\/#website","url":"https:\/\/www.kadur.com\/fr\/","name":"Kadur","description":"Ganivetes Industrials d'Alt Rendiment","potentialAction":[{"@type":"SearchAction","target":{"@type":"EntryPoint","urlTemplate":"https:\/\/www.kadur.com\/fr\/?s={search_term_string}"},"query-input":{"@type":"PropertyValueSpecification","valueRequired":true,"valueName":"search_term_string"}}],"inLanguage":"ca"}]}},"_links":{"self":[{"href":"https:\/\/www.kadur.com\/ca\/wp-json\/wp\/v2\/pages\/1802"}],"collection":[{"href":"https:\/\/www.kadur.com\/ca\/wp-json\/wp\/v2\/pages"}],"about":[{"href":"https:\/\/www.kadur.com\/ca\/wp-json\/wp\/v2\/types\/page"}],"author":[{"embeddable":true,"href":"https:\/\/www.kadur.com\/ca\/wp-json\/wp\/v2\/users\/1"}],"replies":[{"embeddable":true,"href":"https:\/\/www.kadur.com\/ca\/wp-json\/wp\/v2\/comments?post=1802"}],"version-history":[{"count":0,"href":"https:\/\/www.kadur.com\/ca\/wp-json\/wp\/v2\/pages\/1802\/revisions"}],"up":[{"embeddable":true,"href":"https:\/\/www.kadur.com\/ca\/wp-json\/wp\/v2\/pages\/1343"}],"wp:attachment":[{"href":"https:\/\/www.kadur.com\/ca\/wp-json\/wp\/v2\/media?parent=1802"}],"curies":[{"name":"wp","href":"https:\/\/api.w.org\/{rel}","templated":true}]}}