{"id":1571,"date":"2013-03-07T01:41:57","date_gmt":"2013-03-07T00:41:57","guid":{"rendered":"http:\/\/www.kadur.com\/?page_id=1571"},"modified":"2013-03-09T14:57:10","modified_gmt":"2013-03-09T13:57:10","slug":"tct-sistema-bulldozer","status":"publish","type":"page","link":"https:\/\/www.kadur.com\/ca\/ganivetes\/fusta\/planejadores\/tct-sistema-bulldozer\/","title":{"rendered":"TCT Sistema Bulldozer"},"content":{"rendered":"<h1><img decoding=\"async\" src=\"http:\/\/www.kadur.com\/wp-content\/uploads\/2013\/03\/sist_bulldozer_es_a-300x76.png\" alt=\"sist_bulldozer_es_a\" width=\"300\" height=\"76\" class=\"alignright size-medium wp-image-1771\" srcset=\"https:\/\/www.kadur.com\/wp-content\/uploads\/2013\/03\/sist_bulldozer_es_a-300x76.png 300w, https:\/\/www.kadur.com\/wp-content\/uploads\/2013\/03\/sist_bulldozer_es_a.png 309w\" sizes=\"(max-width: 300px) 100vw, 300px\" \/>TCT Sistema Bulldozer<\/h1>\n<h2>Metall Dur (Carbur de Tungst\u00e8 sinteritzat)<\/h2>\n<h3>Molt adequat per treballar fustes dures i semidures, (especialment ex\u00f2tiques), fustes premsades, paper dur, teixits durs, i tots els materials laminats.<\/h3>\n<h3>Per a m\u00e0quines Planejadores i Motllureres.<\/h3>\n<table>\n<thead>\n<tr>\n<th>L x A x E mm<\/th>\n<th><\/th>\n<th>Refer\u00e8ncia<\/th>\n<\/tr>\n<\/thead>\n<tbody>\n<tr>\n<td>60 x 13,6 x 1,8<\/td>\n<td><\/td>\n<td>KB0613TC<\/td>\n<\/tr>\n<tr>\n<td>80 x 13,6 x 1,8<\/td>\n<td><\/td>\n<td>KB0813TC<\/td>\n<\/tr>\n<tr>\n<td colspan=\"3\" height=\"15\"><\/td>\n<\/tr>\n<tr>\n<td>100 x 13,6 x 1,8<\/td>\n<td><\/td>\n<td>KB1013TC<\/td>\n<\/tr>\n<tr>\n<td>110 x 13,6 x 1,8<\/td>\n<td><\/td>\n<td>KB1113TC<\/td>\n<\/tr>\n<tr>\n<td colspan=\"3\" height=\"15\"><\/td>\n<\/tr>\n<tr>\n<td>120 x 13,6 x 1,8<\/td>\n<td><\/td>\n<td>KB1213TC<\/td>\n<\/tr>\n<tr>\n<td>130 x 13,6 x 1,8<\/td>\n<td><\/td>\n<td>KB1313TC<\/td>\n<\/tr>\n<tr>\n<td colspan=\"3\" height=\"15\"><\/td>\n<\/tr>\n<tr>\n<td>140 x 13,6 x 1,8<\/td>\n<td><\/td>\n<td>KB1413TC<\/td>\n<\/tr>\n<tr>\n<td>150 x 13,6 x 1,8<\/td>\n<td><\/td>\n<td>KB1513TC<\/td>\n<\/tr>\n<tr>\n<td colspan=\"3\" height=\"15\"><\/td>\n<\/tr>\n<tr>\n<td>160 x 13,6 x 1,8<\/td>\n<td><\/td>\n<td>KB1613TC<\/td>\n<\/tr>\n<tr>\n<td>180 x 13,6 x 1,8<\/td>\n<td><\/td>\n<td>KB1813TC<\/td>\n<\/tr>\n<tr>\n<td colspan=\"3\" height=\"15\"><\/td>\n<\/tr>\n<tr>\n<td>190 x 13,6 x 1,8<\/td>\n<td><\/td>\n<td>KB1913TC<\/td>\n<\/tr>\n<tr>\n<td>200 x 13,6 x 1,8<\/td>\n<td><\/td>\n<td>KB2013TC<\/td>\n<\/tr>\n<tr>\n<td colspan=\"3\" height=\"15\"><\/td>\n<\/tr>\n<tr>\n<td>230 x 13,6 x 1,8<\/td>\n<td><\/td>\n<td>KB2313TC<\/td>\n<\/tr>\n<tr>\n<td>240 x 13,6 x 1,8<\/td>\n<td><\/td>\n<td>KB2413TC<\/td>\n<\/tr>\n<tr>\n<td colspan=\"3\" height=\"15\"><\/td>\n<\/tr>\n<tr>\n<td>250 x 13,6 x 1,8<\/td>\n<td><\/td>\n<td>KB2513TC<\/td>\n<\/tr>\n<tr>\n<td>260 x 13,6 x 1,8<\/td>\n<td><\/td>\n<td>KB2613TC<\/td>\n<\/tr>\n<\/tbody>\n<\/table>\n","protected":false},"excerpt":{"rendered":"<p>TCT Sistema Bulldozer Metall Dur (Carbur de Tungst\u00e8 sinteritzat) Molt adequat per treballar fustes dures i semidures, (especialment ex\u00f2tiques), fustes premsades, paper dur, teixits durs, i tots els materials laminats. Per a m\u00e0quines Planejadores i Motllureres. L x A x &hellip; <br \/><a href=\"https:\/\/www.kadur.com\/ca\/ganivetes\/fusta\/planejadores\/tct-sistema-bulldozer\/\" class=\"more-link\">Continuar llegint<\/a><\/p>\n","protected":false},"author":1,"featured_media":0,"parent":1328,"menu_order":7,"comment_status":"closed","ping_status":"closed","template":"","meta":{"footnotes":""},"yoast_head":"<!-- This site is optimized with the Yoast SEO plugin v24.5 - https:\/\/yoast.com\/wordpress\/plugins\/seo\/ -->\n<title>TCT Sistema Bulldozer - Kadur<\/title>\n<meta name=\"robots\" content=\"index, follow, max-snippet:-1, max-image-preview:large, max-video-preview:-1\" \/>\n<link rel=\"canonical\" href=\"https:\/\/www.kadur.com\/ca\/ganivetes\/fusta\/planejadores\/tct-sistema-bulldozer\/\" \/>\n<meta property=\"og:locale\" content=\"ca_ES\" \/>\n<meta property=\"og:type\" content=\"article\" \/>\n<meta property=\"og:title\" content=\"TCT Sistema Bulldozer - Kadur\" \/>\n<meta property=\"og:description\" content=\"TCT Sistema Bulldozer Metall Dur (Carbur de Tungst\u00e8 sinteritzat) Molt adequat per treballar fustes dures i semidures, (especialment ex\u00f2tiques), fustes premsades, paper dur, teixits durs, i tots els materials laminats. Per a m\u00e0quines Planejadores i Motllureres. L x A x &hellip; Continuar llegint\" \/>\n<meta property=\"og:url\" content=\"https:\/\/www.kadur.com\/ca\/ganivetes\/fusta\/planejadores\/tct-sistema-bulldozer\/\" \/>\n<meta property=\"og:site_name\" content=\"Kadur\" \/>\n<meta property=\"article:modified_time\" content=\"2013-03-09T13:57:10+00:00\" \/>\n<meta property=\"og:image\" content=\"http:\/\/www.kadur.com\/wp-content\/uploads\/2013\/03\/sist_bulldozer_es_a-300x76.png\" \/>\n<meta name=\"twitter:label1\" content=\"Temps estimat de lectura\" \/>\n\t<meta name=\"twitter:data1\" content=\"1 minut\" \/>\n<script type=\"application\/ld+json\" class=\"yoast-schema-graph\">{\"@context\":\"https:\/\/schema.org\",\"@graph\":[{\"@type\":\"WebPage\",\"@id\":\"https:\/\/www.kadur.com\/ca\/ganivetes\/fusta\/planejadores\/tct-sistema-bulldozer\/\",\"url\":\"https:\/\/www.kadur.com\/ca\/ganivetes\/fusta\/planejadores\/tct-sistema-bulldozer\/\",\"name\":\"TCT Sistema Bulldozer - Kadur\",\"isPartOf\":{\"@id\":\"https:\/\/www.kadur.com\/fr\/#website\"},\"primaryImageOfPage\":{\"@id\":\"https:\/\/www.kadur.com\/ca\/ganivetes\/fusta\/planejadores\/tct-sistema-bulldozer\/#primaryimage\"},\"image\":{\"@id\":\"https:\/\/www.kadur.com\/ca\/ganivetes\/fusta\/planejadores\/tct-sistema-bulldozer\/#primaryimage\"},\"thumbnailUrl\":\"http:\/\/www.kadur.com\/wp-content\/uploads\/2013\/03\/sist_bulldozer_es_a-300x76.png\",\"datePublished\":\"2013-03-07T00:41:57+00:00\",\"dateModified\":\"2013-03-09T13:57:10+00:00\",\"breadcrumb\":{\"@id\":\"https:\/\/www.kadur.com\/ca\/ganivetes\/fusta\/planejadores\/tct-sistema-bulldozer\/#breadcrumb\"},\"inLanguage\":\"ca\",\"potentialAction\":[{\"@type\":\"ReadAction\",\"target\":[\"https:\/\/www.kadur.com\/ca\/ganivetes\/fusta\/planejadores\/tct-sistema-bulldozer\/\"]}]},{\"@type\":\"ImageObject\",\"inLanguage\":\"ca\",\"@id\":\"https:\/\/www.kadur.com\/ca\/ganivetes\/fusta\/planejadores\/tct-sistema-bulldozer\/#primaryimage\",\"url\":\"http:\/\/www.kadur.com\/wp-content\/uploads\/2013\/03\/sist_bulldozer_es_a-300x76.png\",\"contentUrl\":\"http:\/\/www.kadur.com\/wp-content\/uploads\/2013\/03\/sist_bulldozer_es_a-300x76.png\"},{\"@type\":\"BreadcrumbList\",\"@id\":\"https:\/\/www.kadur.com\/ca\/ganivetes\/fusta\/planejadores\/tct-sistema-bulldozer\/#breadcrumb\",\"itemListElement\":[{\"@type\":\"ListItem\",\"position\":1,\"name\":\"Home\",\"item\":\"https:\/\/www.kadur.com\/ca\/\"},{\"@type\":\"ListItem\",\"position\":2,\"name\":\"Ganivetes\",\"item\":\"https:\/\/www.kadur.com\/ca\/ganivetes\/\"},{\"@type\":\"ListItem\",\"position\":3,\"name\":\"Fusta i Ebenisteria\",\"item\":\"https:\/\/www.kadur.com\/ca\/ganivetes\/fusta\/\"},{\"@type\":\"ListItem\",\"position\":4,\"name\":\"Planejadores\",\"item\":\"https:\/\/www.kadur.com\/ca\/ganivetes\/fusta\/planejadores\/\"},{\"@type\":\"ListItem\",\"position\":5,\"name\":\"TCT Sistema Bulldozer\"}]},{\"@type\":\"WebSite\",\"@id\":\"https:\/\/www.kadur.com\/fr\/#website\",\"url\":\"https:\/\/www.kadur.com\/fr\/\",\"name\":\"Kadur\",\"description\":\"Ganivetes Industrials d'Alt Rendiment\",\"potentialAction\":[{\"@type\":\"SearchAction\",\"target\":{\"@type\":\"EntryPoint\",\"urlTemplate\":\"https:\/\/www.kadur.com\/fr\/?s={search_term_string}\"},\"query-input\":{\"@type\":\"PropertyValueSpecification\",\"valueRequired\":true,\"valueName\":\"search_term_string\"}}],\"inLanguage\":\"ca\"}]}<\/script>\n<!-- \/ Yoast SEO plugin. -->","yoast_head_json":{"title":"TCT Sistema Bulldozer - Kadur","robots":{"index":"index","follow":"follow","max-snippet":"max-snippet:-1","max-image-preview":"max-image-preview:large","max-video-preview":"max-video-preview:-1"},"canonical":"https:\/\/www.kadur.com\/ca\/ganivetes\/fusta\/planejadores\/tct-sistema-bulldozer\/","og_locale":"ca_ES","og_type":"article","og_title":"TCT Sistema Bulldozer - Kadur","og_description":"TCT Sistema Bulldozer Metall Dur (Carbur de Tungst\u00e8 sinteritzat) Molt adequat per treballar fustes dures i semidures, (especialment ex\u00f2tiques), fustes premsades, paper dur, teixits durs, i tots els materials laminats. Per a m\u00e0quines Planejadores i Motllureres. L x A x &hellip; Continuar llegint","og_url":"https:\/\/www.kadur.com\/ca\/ganivetes\/fusta\/planejadores\/tct-sistema-bulldozer\/","og_site_name":"Kadur","article_modified_time":"2013-03-09T13:57:10+00:00","og_image":[{"url":"http:\/\/www.kadur.com\/wp-content\/uploads\/2013\/03\/sist_bulldozer_es_a-300x76.png","type":"","width":"","height":""}],"twitter_misc":{"Temps estimat de lectura":"1 minut"},"schema":{"@context":"https:\/\/schema.org","@graph":[{"@type":"WebPage","@id":"https:\/\/www.kadur.com\/ca\/ganivetes\/fusta\/planejadores\/tct-sistema-bulldozer\/","url":"https:\/\/www.kadur.com\/ca\/ganivetes\/fusta\/planejadores\/tct-sistema-bulldozer\/","name":"TCT Sistema Bulldozer - Kadur","isPartOf":{"@id":"https:\/\/www.kadur.com\/fr\/#website"},"primaryImageOfPage":{"@id":"https:\/\/www.kadur.com\/ca\/ganivetes\/fusta\/planejadores\/tct-sistema-bulldozer\/#primaryimage"},"image":{"@id":"https:\/\/www.kadur.com\/ca\/ganivetes\/fusta\/planejadores\/tct-sistema-bulldozer\/#primaryimage"},"thumbnailUrl":"http:\/\/www.kadur.com\/wp-content\/uploads\/2013\/03\/sist_bulldozer_es_a-300x76.png","datePublished":"2013-03-07T00:41:57+00:00","dateModified":"2013-03-09T13:57:10+00:00","breadcrumb":{"@id":"https:\/\/www.kadur.com\/ca\/ganivetes\/fusta\/planejadores\/tct-sistema-bulldozer\/#breadcrumb"},"inLanguage":"ca","potentialAction":[{"@type":"ReadAction","target":["https:\/\/www.kadur.com\/ca\/ganivetes\/fusta\/planejadores\/tct-sistema-bulldozer\/"]}]},{"@type":"ImageObject","inLanguage":"ca","@id":"https:\/\/www.kadur.com\/ca\/ganivetes\/fusta\/planejadores\/tct-sistema-bulldozer\/#primaryimage","url":"http:\/\/www.kadur.com\/wp-content\/uploads\/2013\/03\/sist_bulldozer_es_a-300x76.png","contentUrl":"http:\/\/www.kadur.com\/wp-content\/uploads\/2013\/03\/sist_bulldozer_es_a-300x76.png"},{"@type":"BreadcrumbList","@id":"https:\/\/www.kadur.com\/ca\/ganivetes\/fusta\/planejadores\/tct-sistema-bulldozer\/#breadcrumb","itemListElement":[{"@type":"ListItem","position":1,"name":"Home","item":"https:\/\/www.kadur.com\/ca\/"},{"@type":"ListItem","position":2,"name":"Ganivetes","item":"https:\/\/www.kadur.com\/ca\/ganivetes\/"},{"@type":"ListItem","position":3,"name":"Fusta i Ebenisteria","item":"https:\/\/www.kadur.com\/ca\/ganivetes\/fusta\/"},{"@type":"ListItem","position":4,"name":"Planejadores","item":"https:\/\/www.kadur.com\/ca\/ganivetes\/fusta\/planejadores\/"},{"@type":"ListItem","position":5,"name":"TCT Sistema Bulldozer"}]},{"@type":"WebSite","@id":"https:\/\/www.kadur.com\/fr\/#website","url":"https:\/\/www.kadur.com\/fr\/","name":"Kadur","description":"Ganivetes Industrials d'Alt Rendiment","potentialAction":[{"@type":"SearchAction","target":{"@type":"EntryPoint","urlTemplate":"https:\/\/www.kadur.com\/fr\/?s={search_term_string}"},"query-input":{"@type":"PropertyValueSpecification","valueRequired":true,"valueName":"search_term_string"}}],"inLanguage":"ca"}]}},"_links":{"self":[{"href":"https:\/\/www.kadur.com\/ca\/wp-json\/wp\/v2\/pages\/1571"}],"collection":[{"href":"https:\/\/www.kadur.com\/ca\/wp-json\/wp\/v2\/pages"}],"about":[{"href":"https:\/\/www.kadur.com\/ca\/wp-json\/wp\/v2\/types\/page"}],"author":[{"embeddable":true,"href":"https:\/\/www.kadur.com\/ca\/wp-json\/wp\/v2\/users\/1"}],"replies":[{"embeddable":true,"href":"https:\/\/www.kadur.com\/ca\/wp-json\/wp\/v2\/comments?post=1571"}],"version-history":[{"count":0,"href":"https:\/\/www.kadur.com\/ca\/wp-json\/wp\/v2\/pages\/1571\/revisions"}],"up":[{"embeddable":true,"href":"https:\/\/www.kadur.com\/ca\/wp-json\/wp\/v2\/pages\/1328"}],"wp:attachment":[{"href":"https:\/\/www.kadur.com\/ca\/wp-json\/wp\/v2\/media?parent=1571"}],"curies":[{"name":"wp","href":"https:\/\/api.w.org\/{rel}","templated":true}]}}