{"id":1480,"date":"2013-03-06T21:03:21","date_gmt":"2013-03-06T20:03:21","guid":{"rendered":"http:\/\/www.kadur.com\/?page_id=1480"},"modified":"2013-03-08T23:26:39","modified_gmt":"2013-03-08T22:26:39","slug":"tct-integral-hc5","status":"publish","type":"page","link":"https:\/\/www.kadur.com\/ca\/ganivetes\/fusta\/planejadores\/tct-integral-hc5\/","title":{"rendered":"TCT Integral HC5"},"content":{"rendered":"<h1><img decoding=\"async\" src=\"http:\/\/www.kadur.com\/wp-content\/uploads\/2013\/03\/cep_hss_st1_es_a.png\" alt=\"cep_hss_st1_es_a\" width=\"300\" height=\"79\" class=\"alignright size-full wp-image-1716\" \/>TCT Integral HC5<\/h1>\n<h2>Metall Dur (Carbur de Tungst\u00e8 sinteritzat)<\/h2>\n<h3>Molt adequat per treballar fustes dures i semidures, (especialment ex\u00f2tiques), fustes premsades, paper dur, teixits durs, i tots els materials laminats.<\/h3>\n<h3>Per a m\u00e0quines Planejadores i Motllureres.<\/h3>\n<table>\n<thead>\n<tr>\n<th>L x A x E mm<\/th>\n<th><\/th>\n<th>Refer\u00e8ncia<\/th>\n<\/tr>\n<\/thead>\n<tbody>\n<tr>\n<td>60 x 30 x 3<\/td>\n<td><\/td>\n<td>CE0630HC5<\/td>\n<\/tr>\n<tr>\n<td>60 x 35 x 3<\/td>\n<td><\/td>\n<td>CE0635HC5<\/td>\n<\/tr>\n<tr>\n<td colspan=\"3\" height=\"15\"><\/td>\n<\/tr>\n<tr>\n<td>80 x 30 x 3<\/td>\n<td><\/td>\n<td>CE0830HC5<\/td>\n<\/tr>\n<tr>\n<td>80 x 35 x 3<\/td>\n<td><\/td>\n<td>CE0835HC5<\/td>\n<\/tr>\n<tr>\n<td colspan=\"3\" height=\"15\"><\/td>\n<\/tr>\n<tr>\n<td>100 x 30 x 3<\/td>\n<td><\/td>\n<td>CE1030HC5<\/td>\n<\/tr>\n<tr>\n<td>100 x 35 x 3<\/td>\n<td><\/td>\n<td>CE1035HC5<\/td>\n<\/tr>\n<tr>\n<td colspan=\"3\" height=\"15\"><\/td>\n<\/tr>\n<tr>\n<td>110 x 30 x 3<\/td>\n<td><\/td>\n<td>CE1130HC5<\/td>\n<\/tr>\n<tr>\n<td>110 x 35 x 3<\/td>\n<td><\/td>\n<td>CE1135HC5<\/td>\n<\/tr>\n<tr>\n<td colspan=\"3\" height=\"15\"><\/td>\n<\/tr>\n<tr>\n<td>120 x 30 x 3<\/td>\n<td><\/td>\n<td>CE1230HC5<\/td>\n<\/tr>\n<tr>\n<td>120 x 35 x 3<\/td>\n<td><\/td>\n<td>CE1235HC5<\/td>\n<\/tr>\n<tr>\n<td colspan=\"3\" height=\"15\"><\/td>\n<\/tr>\n<tr>\n<td>130 x 30 x 3<\/td>\n<td><\/td>\n<td>CE1330HC5<\/td>\n<\/tr>\n<tr>\n<td>130 x 35 x 3<\/td>\n<td><\/td>\n<td>CE1335HC5<\/td>\n<\/tr>\n<tr>\n<td colspan=\"3\" height=\"15\"><\/td>\n<\/tr>\n<tr>\n<td>150 x 30 x 3<\/td>\n<td><\/td>\n<td>CE1530HC5<\/td>\n<\/tr>\n<tr>\n<td>150 x 35 x 3<\/td>\n<td><\/td>\n<td>CE1535HC5<\/td>\n<\/tr>\n<tr>\n<td colspan=\"3\" height=\"15\"><\/td>\n<\/tr>\n<tr>\n<td>180 x 30 x 3<\/td>\n<td><\/td>\n<td>CE1830HC5<\/td>\n<\/tr>\n<tr>\n<td>180 x 35 x 3<\/td>\n<td><\/td>\n<td>CE1835HC5<\/td>\n<\/tr>\n<tr>\n<td colspan=\"3\" height=\"15\"><\/td>\n<\/tr>\n<tr>\n<td>230 x 30 x 3<\/td>\n<td><\/td>\n<td>CE2330HC5<\/td>\n<\/tr>\n<tr>\n<td>230 x 35 x 3<\/td>\n<td><\/td>\n<td>CE2335HC5<\/td>\n<\/tr>\n<tr>\n<td colspan=\"3\" height=\"15\"><\/td>\n<\/tr>\n<tr>\n<td>260 x 30 x 3<\/td>\n<td><\/td>\n<td>CE2630HC5<\/td>\n<\/tr>\n<tr>\n<td>260 x 35 x 3<\/td>\n<td><\/td>\n<td>CE2635HC5<\/td>\n<\/tr>\n<tr>\n<td colspan=\"3\" height=\"15\"><\/td>\n<\/tr>\n<tr>\n<td>310 x 30 x 3<\/td>\n<td><\/td>\n<td>CE3130HC5<\/td>\n<\/tr>\n<tr>\n<td>310 x 35 x 3<\/td>\n<td><\/td>\n<td>CE3135HC5<\/td>\n<\/tr>\n<\/tbody>\n<\/table>\n","protected":false},"excerpt":{"rendered":"<p>TCT Integral HC5 Metall Dur (Carbur de Tungst\u00e8 sinteritzat) Molt adequat per treballar fustes dures i semidures, (especialment ex\u00f2tiques), fustes premsades, paper dur, teixits durs, i tots els materials laminats. Per a m\u00e0quines Planejadores i Motllureres. L x A x &hellip; <br \/><a href=\"https:\/\/www.kadur.com\/ca\/ganivetes\/fusta\/planejadores\/tct-integral-hc5\/\" class=\"more-link\">Continuar llegint<\/a><\/p>\n","protected":false},"author":1,"featured_media":0,"parent":1328,"menu_order":6,"comment_status":"closed","ping_status":"closed","template":"","meta":{"footnotes":""},"yoast_head":"<!-- This site is optimized with the Yoast SEO plugin v24.5 - https:\/\/yoast.com\/wordpress\/plugins\/seo\/ -->\n<title>TCT Integral HC5 - Kadur<\/title>\n<meta name=\"robots\" content=\"index, follow, max-snippet:-1, max-image-preview:large, max-video-preview:-1\" \/>\n<link rel=\"canonical\" href=\"https:\/\/www.kadur.com\/ca\/ganivetes\/fusta\/planejadores\/tct-integral-hc5\/\" \/>\n<meta property=\"og:locale\" content=\"ca_ES\" \/>\n<meta property=\"og:type\" content=\"article\" \/>\n<meta property=\"og:title\" content=\"TCT Integral HC5 - Kadur\" \/>\n<meta property=\"og:description\" content=\"TCT Integral HC5 Metall Dur (Carbur de Tungst\u00e8 sinteritzat) Molt adequat per treballar fustes dures i semidures, (especialment ex\u00f2tiques), fustes premsades, paper dur, teixits durs, i tots els materials laminats. Per a m\u00e0quines Planejadores i Motllureres. L x A x &hellip; Continuar llegint\" \/>\n<meta property=\"og:url\" content=\"https:\/\/www.kadur.com\/ca\/ganivetes\/fusta\/planejadores\/tct-integral-hc5\/\" \/>\n<meta property=\"og:site_name\" content=\"Kadur\" \/>\n<meta property=\"article:modified_time\" content=\"2013-03-08T22:26:39+00:00\" \/>\n<meta property=\"og:image\" content=\"http:\/\/www.kadur.com\/wp-content\/uploads\/2013\/03\/cep_hss_st1_es_a.png\" \/>\n<meta name=\"twitter:label1\" content=\"Temps estimat de lectura\" \/>\n\t<meta name=\"twitter:data1\" content=\"1 minut\" \/>\n<script type=\"application\/ld+json\" class=\"yoast-schema-graph\">{\"@context\":\"https:\/\/schema.org\",\"@graph\":[{\"@type\":\"WebPage\",\"@id\":\"https:\/\/www.kadur.com\/ca\/ganivetes\/fusta\/planejadores\/tct-integral-hc5\/\",\"url\":\"https:\/\/www.kadur.com\/ca\/ganivetes\/fusta\/planejadores\/tct-integral-hc5\/\",\"name\":\"TCT Integral HC5 - Kadur\",\"isPartOf\":{\"@id\":\"https:\/\/www.kadur.com\/fr\/#website\"},\"primaryImageOfPage\":{\"@id\":\"https:\/\/www.kadur.com\/ca\/ganivetes\/fusta\/planejadores\/tct-integral-hc5\/#primaryimage\"},\"image\":{\"@id\":\"https:\/\/www.kadur.com\/ca\/ganivetes\/fusta\/planejadores\/tct-integral-hc5\/#primaryimage\"},\"thumbnailUrl\":\"http:\/\/www.kadur.com\/wp-content\/uploads\/2013\/03\/cep_hss_st1_es_a.png\",\"datePublished\":\"2013-03-06T20:03:21+00:00\",\"dateModified\":\"2013-03-08T22:26:39+00:00\",\"breadcrumb\":{\"@id\":\"https:\/\/www.kadur.com\/ca\/ganivetes\/fusta\/planejadores\/tct-integral-hc5\/#breadcrumb\"},\"inLanguage\":\"ca\",\"potentialAction\":[{\"@type\":\"ReadAction\",\"target\":[\"https:\/\/www.kadur.com\/ca\/ganivetes\/fusta\/planejadores\/tct-integral-hc5\/\"]}]},{\"@type\":\"ImageObject\",\"inLanguage\":\"ca\",\"@id\":\"https:\/\/www.kadur.com\/ca\/ganivetes\/fusta\/planejadores\/tct-integral-hc5\/#primaryimage\",\"url\":\"http:\/\/www.kadur.com\/wp-content\/uploads\/2013\/03\/cep_hss_st1_es_a.png\",\"contentUrl\":\"http:\/\/www.kadur.com\/wp-content\/uploads\/2013\/03\/cep_hss_st1_es_a.png\"},{\"@type\":\"BreadcrumbList\",\"@id\":\"https:\/\/www.kadur.com\/ca\/ganivetes\/fusta\/planejadores\/tct-integral-hc5\/#breadcrumb\",\"itemListElement\":[{\"@type\":\"ListItem\",\"position\":1,\"name\":\"Home\",\"item\":\"https:\/\/www.kadur.com\/ca\/\"},{\"@type\":\"ListItem\",\"position\":2,\"name\":\"Ganivetes\",\"item\":\"https:\/\/www.kadur.com\/ca\/ganivetes\/\"},{\"@type\":\"ListItem\",\"position\":3,\"name\":\"Fusta i Ebenisteria\",\"item\":\"https:\/\/www.kadur.com\/ca\/ganivetes\/fusta\/\"},{\"@type\":\"ListItem\",\"position\":4,\"name\":\"Planejadores\",\"item\":\"https:\/\/www.kadur.com\/ca\/ganivetes\/fusta\/planejadores\/\"},{\"@type\":\"ListItem\",\"position\":5,\"name\":\"TCT Integral HC5\"}]},{\"@type\":\"WebSite\",\"@id\":\"https:\/\/www.kadur.com\/fr\/#website\",\"url\":\"https:\/\/www.kadur.com\/fr\/\",\"name\":\"Kadur\",\"description\":\"Ganivetes Industrials d'Alt Rendiment\",\"potentialAction\":[{\"@type\":\"SearchAction\",\"target\":{\"@type\":\"EntryPoint\",\"urlTemplate\":\"https:\/\/www.kadur.com\/fr\/?s={search_term_string}\"},\"query-input\":{\"@type\":\"PropertyValueSpecification\",\"valueRequired\":true,\"valueName\":\"search_term_string\"}}],\"inLanguage\":\"ca\"}]}<\/script>\n<!-- \/ Yoast SEO plugin. -->","yoast_head_json":{"title":"TCT Integral HC5 - Kadur","robots":{"index":"index","follow":"follow","max-snippet":"max-snippet:-1","max-image-preview":"max-image-preview:large","max-video-preview":"max-video-preview:-1"},"canonical":"https:\/\/www.kadur.com\/ca\/ganivetes\/fusta\/planejadores\/tct-integral-hc5\/","og_locale":"ca_ES","og_type":"article","og_title":"TCT Integral HC5 - Kadur","og_description":"TCT Integral HC5 Metall Dur (Carbur de Tungst\u00e8 sinteritzat) Molt adequat per treballar fustes dures i semidures, (especialment ex\u00f2tiques), fustes premsades, paper dur, teixits durs, i tots els materials laminats. Per a m\u00e0quines Planejadores i Motllureres. L x A x &hellip; Continuar llegint","og_url":"https:\/\/www.kadur.com\/ca\/ganivetes\/fusta\/planejadores\/tct-integral-hc5\/","og_site_name":"Kadur","article_modified_time":"2013-03-08T22:26:39+00:00","og_image":[{"url":"http:\/\/www.kadur.com\/wp-content\/uploads\/2013\/03\/cep_hss_st1_es_a.png","type":"","width":"","height":""}],"twitter_misc":{"Temps estimat de lectura":"1 minut"},"schema":{"@context":"https:\/\/schema.org","@graph":[{"@type":"WebPage","@id":"https:\/\/www.kadur.com\/ca\/ganivetes\/fusta\/planejadores\/tct-integral-hc5\/","url":"https:\/\/www.kadur.com\/ca\/ganivetes\/fusta\/planejadores\/tct-integral-hc5\/","name":"TCT Integral HC5 - Kadur","isPartOf":{"@id":"https:\/\/www.kadur.com\/fr\/#website"},"primaryImageOfPage":{"@id":"https:\/\/www.kadur.com\/ca\/ganivetes\/fusta\/planejadores\/tct-integral-hc5\/#primaryimage"},"image":{"@id":"https:\/\/www.kadur.com\/ca\/ganivetes\/fusta\/planejadores\/tct-integral-hc5\/#primaryimage"},"thumbnailUrl":"http:\/\/www.kadur.com\/wp-content\/uploads\/2013\/03\/cep_hss_st1_es_a.png","datePublished":"2013-03-06T20:03:21+00:00","dateModified":"2013-03-08T22:26:39+00:00","breadcrumb":{"@id":"https:\/\/www.kadur.com\/ca\/ganivetes\/fusta\/planejadores\/tct-integral-hc5\/#breadcrumb"},"inLanguage":"ca","potentialAction":[{"@type":"ReadAction","target":["https:\/\/www.kadur.com\/ca\/ganivetes\/fusta\/planejadores\/tct-integral-hc5\/"]}]},{"@type":"ImageObject","inLanguage":"ca","@id":"https:\/\/www.kadur.com\/ca\/ganivetes\/fusta\/planejadores\/tct-integral-hc5\/#primaryimage","url":"http:\/\/www.kadur.com\/wp-content\/uploads\/2013\/03\/cep_hss_st1_es_a.png","contentUrl":"http:\/\/www.kadur.com\/wp-content\/uploads\/2013\/03\/cep_hss_st1_es_a.png"},{"@type":"BreadcrumbList","@id":"https:\/\/www.kadur.com\/ca\/ganivetes\/fusta\/planejadores\/tct-integral-hc5\/#breadcrumb","itemListElement":[{"@type":"ListItem","position":1,"name":"Home","item":"https:\/\/www.kadur.com\/ca\/"},{"@type":"ListItem","position":2,"name":"Ganivetes","item":"https:\/\/www.kadur.com\/ca\/ganivetes\/"},{"@type":"ListItem","position":3,"name":"Fusta i Ebenisteria","item":"https:\/\/www.kadur.com\/ca\/ganivetes\/fusta\/"},{"@type":"ListItem","position":4,"name":"Planejadores","item":"https:\/\/www.kadur.com\/ca\/ganivetes\/fusta\/planejadores\/"},{"@type":"ListItem","position":5,"name":"TCT Integral HC5"}]},{"@type":"WebSite","@id":"https:\/\/www.kadur.com\/fr\/#website","url":"https:\/\/www.kadur.com\/fr\/","name":"Kadur","description":"Ganivetes Industrials d'Alt Rendiment","potentialAction":[{"@type":"SearchAction","target":{"@type":"EntryPoint","urlTemplate":"https:\/\/www.kadur.com\/fr\/?s={search_term_string}"},"query-input":{"@type":"PropertyValueSpecification","valueRequired":true,"valueName":"search_term_string"}}],"inLanguage":"ca"}]}},"_links":{"self":[{"href":"https:\/\/www.kadur.com\/ca\/wp-json\/wp\/v2\/pages\/1480"}],"collection":[{"href":"https:\/\/www.kadur.com\/ca\/wp-json\/wp\/v2\/pages"}],"about":[{"href":"https:\/\/www.kadur.com\/ca\/wp-json\/wp\/v2\/types\/page"}],"author":[{"embeddable":true,"href":"https:\/\/www.kadur.com\/ca\/wp-json\/wp\/v2\/users\/1"}],"replies":[{"embeddable":true,"href":"https:\/\/www.kadur.com\/ca\/wp-json\/wp\/v2\/comments?post=1480"}],"version-history":[{"count":0,"href":"https:\/\/www.kadur.com\/ca\/wp-json\/wp\/v2\/pages\/1480\/revisions"}],"up":[{"embeddable":true,"href":"https:\/\/www.kadur.com\/ca\/wp-json\/wp\/v2\/pages\/1328"}],"wp:attachment":[{"href":"https:\/\/www.kadur.com\/ca\/wp-json\/wp\/v2\/media?parent=1480"}],"curies":[{"name":"wp","href":"https:\/\/api.w.org\/{rel}","templated":true}]}}