{"id":1333,"date":"2013-03-01T02:01:58","date_gmt":"2013-03-01T01:01:58","guid":{"rendered":"http:\/\/www.kadur.com\/?page_id=1333"},"modified":"2013-05-06T23:29:06","modified_gmt":"2013-05-06T21:29:06","slug":"corrugades","status":"publish","type":"page","link":"https:\/\/www.kadur.com\/ca\/ganivetes\/fusta\/corrugades\/","title":{"rendered":"Corrugades"},"content":{"rendered":"<p><div class=\"columns\"><div class=\"clear\"><div class=\"col1-2\"><h2><span class=\"label\">TCT<\/span> <span class=\"thin\"><\/span><\/h2>\n<img decoding=\"async\" class=\"alignnone size-full wp-image-1743\" alt=\"corr_tct_stellite_es_b\" src=\"http:\/\/www.kadur.com\/wp-content\/uploads\/2013\/03\/corr_tct_stellite_es_b1.png\" width=\"186\" height=\"56\" \/><\/p>\n<h3>Metall Dur (Carbur de Tungst\u00e8 sinteritzat)<\/h3>\n<p>Molt adequat per a treballar fustes dures i semidures, (especialment ex\u00f2tiques), fustes premsades, paper dur, teixits durs, i tots els materials laminats.\n<\/div><div class=\"col1-2\"><h2><span class=\"label\">STELLITE<\/span> <span class=\"thin\"><\/span><\/h2>\n<img decoding=\"async\" class=\"alignnone size-full wp-image-1743\" alt=\"corr_tct_stellite_es_b\" src=\"http:\/\/www.kadur.com\/wp-content\/uploads\/2013\/03\/corr_tct_stellite_es_b1.png\" width=\"186\" height=\"56\" \/><\/p>\n<h3>Aliatge d&#8217;alt contingut de Cobalt<\/h3>\n<p>Per treballar fustes dures i semidures poc abrasives. Resist\u00e8ncia a la fricci\u00f3 ia les altes temperatures.\n<\/div><\/div><\/div><br \/>\n<div class=\"columns\"><div class=\"clear\"><div class=\"col1-2\">\n<a title=\"descarregar PDF\" href=\"http:\/\/www.kadur.com\/wp-content\/uploads\/2013\/03\/corr_tct_stellite_es.pdf\" target=\"_blank\"><img decoding=\"async\" class=\"alignright\" alt=\"PDF\" src=\"http:\/\/www.kadur.com\/wp-content\/uploads\/2013\/01\/pdf.png\" width=\"32\" height=\"32\" \/><\/a><\/p>\n<table>\n<thead>\n<tr>\n<th colspan=\"3\">Rang de Mesures<\/th>\n<\/tr>\n<tr>\n<th>Llarg<\/th>\n<td>40-650 mm<\/td>\n<td>2-25 polzades<\/td>\n<\/tr>\n<tr>\n<th>Ample<\/th>\n<td>50-70 mm<\/td>\n<td>2-2 3\/4 polzades<\/td>\n<\/tr>\n<tr>\n<th>Espessor<\/th>\n<td>10 mm<\/td>\n<td>3\/8 polzades<\/td>\n<\/tr>\n<\/thead>\n<\/table>\n<div class=\"homesection section_C rule_light\"><a class=\"more\" title=\"TCT\" href=\"https:\/\/www.kadur.com\/ca\/ganivetes\/fusta\/corrugades\/tct\/\"><span class=\"mark\">&gt;<\/span><span>llegir m\u00e9s<\/span><\/a><\/div>\n<p><\/div><div class=\"col1-2\">\n<a title=\"descarregar PDF\" href=\"http:\/\/www.kadur.com\/wp-content\/uploads\/2013\/03\/corr_tct_stellite_es.pdf\" target=\"_blank\"><img decoding=\"async\" class=\"alignright\" alt=\"PDF\" src=\"http:\/\/www.kadur.com\/wp-content\/uploads\/2013\/01\/pdf.png\" width=\"32\" height=\"32\" \/><\/a><\/p>\n<table>\n<thead>\n<tr>\n<th colspan=\"3\">Rang de Mesures<\/th>\n<\/tr>\n<tr>\n<th>Llarg<\/th>\n<td>40-650 mm<\/td>\n<td>2-25 polzades<\/td>\n<\/tr>\n<tr>\n<th>Ample<\/th>\n<td>55-70 mm<\/td>\n<td>2-2 3\/4 polzades<\/td>\n<\/tr>\n<tr>\n<th>Espessor<\/th>\n<td>10 mm<\/td>\n<td>3\/8 polzades<\/td>\n<\/tr>\n<\/thead>\n<\/table>\n<div class=\"homesection section_C rule_light\"><a class=\"more\" title=\"Stellite\" href=\"https:\/\/www.kadur.com\/ca\/ganivetes\/fusta\/corrugades\/stellite\/\"><span class=\"mark\">&gt;<\/span><span>llegir m\u00e9s<\/span><\/a><\/div>\n<p><\/div><\/div><\/div><\/p>\n<p><div class=\"columns\"><div class=\"clear\"><div class=\"col1-2\"><h2><span class=\"label\">HSS 6% W<\/span> <span class=\"thin\"><\/span><\/h2>\n<img decoding=\"async\" class=\"alignnone size-full wp-image-1744\" alt=\"corr_hss_st1_es_b\" src=\"http:\/\/www.kadur.com\/wp-content\/uploads\/2013\/03\/corr_hss_st1_es_b1.png\" width=\"186\" height=\"51\" \/><\/p>\n<h3>Acer r\u00e0pid, aliat amb 6% de Wolframi<\/h3>\n<p>\u00c9s un acer r\u00e0pid d&#8217;alt rendiment per treballar fustes semidures i toves, amb m\u00e0quines planejadores i motllureres.\n<\/div><div class=\"col1-2\"><h2><span class=\"label\">ST1<\/span> <span class=\"thin\"><\/span><\/h2>\n<img decoding=\"async\" class=\"alignnone size-full wp-image-1744\" alt=\"corr_hss_st1_es_b\" src=\"http:\/\/www.kadur.com\/wp-content\/uploads\/2013\/03\/corr_hss_st1_es_b1.png\" width=\"186\" height=\"51\" \/><\/p>\n<h3>Acer r\u00e0pid amb recobriment de Nitrur de Crom<\/h3>\n<p>Per treballar tot tipus de fustes: dures, semidures i toves, amb m\u00e0quines planejadores i motllureres. Qualitat molt recomanada per ser molt vers\u00e0til.\n<\/div><\/div><\/div><br \/>\n<div class=\"columns\"><div class=\"clear\"><div class=\"col1-2\">\n<a title=\"descarregar PDF\" href=\"http:\/\/www.kadur.com\/wp-content\/uploads\/2013\/03\/corr_hss6w_st1_es.pdf\" target=\"_blank\"><img decoding=\"async\" class=\"alignright\" alt=\"PDF\" src=\"http:\/\/www.kadur.com\/wp-content\/uploads\/2013\/01\/pdf.png\" width=\"32\" height=\"32\" \/><\/a><\/p>\n<table>\n<thead>\n<tr>\n<th colspan=\"3\">Rang de Mesures<\/th>\n<\/tr>\n<tr>\n<th>Llarg<\/th>\n<td>40-650 mm<\/td>\n<td>25 polzades<\/td>\n<\/tr>\n<tr>\n<th>Ample<\/th>\n<td>40-70 mm<\/td>\n<td>1 1\/4-2 3\/4 polzades<\/td>\n<\/tr>\n<tr>\n<th>Espessor<\/th>\n<td>8 mm<\/td>\n<td>1\/4-5\/16 polzades<\/td>\n<\/tr>\n<\/thead>\n<\/table>\n<div class=\"homesection section_C rule_light\"><a class=\"more\" title=\"HSS 6% W\" href=\"https:\/\/www.kadur.com\/ca\/ganivetes\/fusta\/corrugades\/hss-6-w\/\"><span class=\"mark\">&gt;<\/span><span>llegir m\u00e9s<\/span><\/a><\/div>\n<p><\/div><div class=\"col1-2\">\n<a title=\"descarregar PDF\" href=\"http:\/\/www.kadur.com\/wp-content\/uploads\/2013\/03\/corr_hss6w_st1_es.pdf\" target=\"_blank\"><img decoding=\"async\" class=\"alignright\" alt=\"PDF\" src=\"http:\/\/www.kadur.com\/wp-content\/uploads\/2013\/01\/pdf.png\" width=\"32\" height=\"32\" \/><\/a><\/p>\n<table>\n<thead>\n<tr>\n<th colspan=\"3\">Rang de Mesures<\/th>\n<\/tr>\n<tr>\n<th>Llarg<\/th>\n<td>40-650 mm<\/td>\n<td>25 polzades<\/td>\n<\/tr>\n<tr>\n<th>Ample<\/th>\n<td>40-70 mm<\/td>\n<td>1 1\/4-2 3\/4 polzades<\/td>\n<\/tr>\n<tr>\n<th>Espessor<\/th>\n<td>8 mm<\/td>\n<td>1\/4-5\/16 polzades<\/td>\n<\/tr>\n<\/thead>\n<\/table>\n<div class=\"homesection section_C rule_light\"><a class=\"more\" title=\"ST1\" href=\"https:\/\/www.kadur.com\/ca\/ganivetes\/fusta\/corrugades\/st1\/\"><span class=\"mark\">&gt;<\/span><span>llegir m\u00e9s<\/span><\/a><\/div>\n<p><\/div><\/div><\/div><\/p>\n","protected":false},"excerpt":{"rendered":"","protected":false},"author":1,"featured_media":0,"parent":689,"menu_order":1,"comment_status":"closed","ping_status":"closed","template":"","meta":{"footnotes":""},"yoast_head":"<!-- This site is optimized with the Yoast SEO plugin v24.5 - https:\/\/yoast.com\/wordpress\/plugins\/seo\/ -->\n<title>Corrugades - Kadur<\/title>\n<meta name=\"robots\" content=\"index, follow, max-snippet:-1, max-image-preview:large, max-video-preview:-1\" \/>\n<link rel=\"canonical\" href=\"https:\/\/www.kadur.com\/ca\/ganivetes\/fusta\/corrugades\/\" \/>\n<meta property=\"og:locale\" content=\"ca_ES\" \/>\n<meta property=\"og:type\" content=\"article\" \/>\n<meta property=\"og:title\" content=\"Corrugades - Kadur\" \/>\n<meta property=\"og:url\" content=\"https:\/\/www.kadur.com\/ca\/ganivetes\/fusta\/corrugades\/\" \/>\n<meta property=\"og:site_name\" content=\"Kadur\" \/>\n<meta property=\"article:modified_time\" content=\"2013-05-06T21:29:06+00:00\" \/>\n<meta property=\"og:image\" content=\"http:\/\/www.kadur.com\/wp-content\/uploads\/2013\/03\/corr_tct_stellite_es_b1.png\" \/>\n<meta name=\"twitter:label1\" content=\"Temps estimat de lectura\" \/>\n\t<meta name=\"twitter:data1\" content=\"1 minut\" \/>\n<script type=\"application\/ld+json\" class=\"yoast-schema-graph\">{\"@context\":\"https:\/\/schema.org\",\"@graph\":[{\"@type\":\"WebPage\",\"@id\":\"https:\/\/www.kadur.com\/ca\/ganivetes\/fusta\/corrugades\/\",\"url\":\"https:\/\/www.kadur.com\/ca\/ganivetes\/fusta\/corrugades\/\",\"name\":\"Corrugades - Kadur\",\"isPartOf\":{\"@id\":\"https:\/\/www.kadur.com\/fr\/#website\"},\"primaryImageOfPage\":{\"@id\":\"https:\/\/www.kadur.com\/ca\/ganivetes\/fusta\/corrugades\/#primaryimage\"},\"image\":{\"@id\":\"https:\/\/www.kadur.com\/ca\/ganivetes\/fusta\/corrugades\/#primaryimage\"},\"thumbnailUrl\":\"http:\/\/www.kadur.com\/wp-content\/uploads\/2013\/03\/corr_tct_stellite_es_b1.png\",\"datePublished\":\"2013-03-01T01:01:58+00:00\",\"dateModified\":\"2013-05-06T21:29:06+00:00\",\"breadcrumb\":{\"@id\":\"https:\/\/www.kadur.com\/ca\/ganivetes\/fusta\/corrugades\/#breadcrumb\"},\"inLanguage\":\"ca\",\"potentialAction\":[{\"@type\":\"ReadAction\",\"target\":[\"https:\/\/www.kadur.com\/ca\/ganivetes\/fusta\/corrugades\/\"]}]},{\"@type\":\"ImageObject\",\"inLanguage\":\"ca\",\"@id\":\"https:\/\/www.kadur.com\/ca\/ganivetes\/fusta\/corrugades\/#primaryimage\",\"url\":\"http:\/\/www.kadur.com\/wp-content\/uploads\/2013\/03\/corr_tct_stellite_es_b1.png\",\"contentUrl\":\"http:\/\/www.kadur.com\/wp-content\/uploads\/2013\/03\/corr_tct_stellite_es_b1.png\"},{\"@type\":\"BreadcrumbList\",\"@id\":\"https:\/\/www.kadur.com\/ca\/ganivetes\/fusta\/corrugades\/#breadcrumb\",\"itemListElement\":[{\"@type\":\"ListItem\",\"position\":1,\"name\":\"Home\",\"item\":\"https:\/\/www.kadur.com\/ca\/\"},{\"@type\":\"ListItem\",\"position\":2,\"name\":\"Ganivetes\",\"item\":\"https:\/\/www.kadur.com\/ca\/ganivetes\/\"},{\"@type\":\"ListItem\",\"position\":3,\"name\":\"Fusta i Ebenisteria\",\"item\":\"https:\/\/www.kadur.com\/ca\/ganivetes\/fusta\/\"},{\"@type\":\"ListItem\",\"position\":4,\"name\":\"Corrugades\"}]},{\"@type\":\"WebSite\",\"@id\":\"https:\/\/www.kadur.com\/fr\/#website\",\"url\":\"https:\/\/www.kadur.com\/fr\/\",\"name\":\"Kadur\",\"description\":\"Ganivetes Industrials d'Alt Rendiment\",\"potentialAction\":[{\"@type\":\"SearchAction\",\"target\":{\"@type\":\"EntryPoint\",\"urlTemplate\":\"https:\/\/www.kadur.com\/fr\/?s={search_term_string}\"},\"query-input\":{\"@type\":\"PropertyValueSpecification\",\"valueRequired\":true,\"valueName\":\"search_term_string\"}}],\"inLanguage\":\"ca\"}]}<\/script>\n<!-- \/ Yoast SEO plugin. -->","yoast_head_json":{"title":"Corrugades - Kadur","robots":{"index":"index","follow":"follow","max-snippet":"max-snippet:-1","max-image-preview":"max-image-preview:large","max-video-preview":"max-video-preview:-1"},"canonical":"https:\/\/www.kadur.com\/ca\/ganivetes\/fusta\/corrugades\/","og_locale":"ca_ES","og_type":"article","og_title":"Corrugades - Kadur","og_url":"https:\/\/www.kadur.com\/ca\/ganivetes\/fusta\/corrugades\/","og_site_name":"Kadur","article_modified_time":"2013-05-06T21:29:06+00:00","og_image":[{"url":"http:\/\/www.kadur.com\/wp-content\/uploads\/2013\/03\/corr_tct_stellite_es_b1.png","type":"","width":"","height":""}],"twitter_misc":{"Temps estimat de lectura":"1 minut"},"schema":{"@context":"https:\/\/schema.org","@graph":[{"@type":"WebPage","@id":"https:\/\/www.kadur.com\/ca\/ganivetes\/fusta\/corrugades\/","url":"https:\/\/www.kadur.com\/ca\/ganivetes\/fusta\/corrugades\/","name":"Corrugades - Kadur","isPartOf":{"@id":"https:\/\/www.kadur.com\/fr\/#website"},"primaryImageOfPage":{"@id":"https:\/\/www.kadur.com\/ca\/ganivetes\/fusta\/corrugades\/#primaryimage"},"image":{"@id":"https:\/\/www.kadur.com\/ca\/ganivetes\/fusta\/corrugades\/#primaryimage"},"thumbnailUrl":"http:\/\/www.kadur.com\/wp-content\/uploads\/2013\/03\/corr_tct_stellite_es_b1.png","datePublished":"2013-03-01T01:01:58+00:00","dateModified":"2013-05-06T21:29:06+00:00","breadcrumb":{"@id":"https:\/\/www.kadur.com\/ca\/ganivetes\/fusta\/corrugades\/#breadcrumb"},"inLanguage":"ca","potentialAction":[{"@type":"ReadAction","target":["https:\/\/www.kadur.com\/ca\/ganivetes\/fusta\/corrugades\/"]}]},{"@type":"ImageObject","inLanguage":"ca","@id":"https:\/\/www.kadur.com\/ca\/ganivetes\/fusta\/corrugades\/#primaryimage","url":"http:\/\/www.kadur.com\/wp-content\/uploads\/2013\/03\/corr_tct_stellite_es_b1.png","contentUrl":"http:\/\/www.kadur.com\/wp-content\/uploads\/2013\/03\/corr_tct_stellite_es_b1.png"},{"@type":"BreadcrumbList","@id":"https:\/\/www.kadur.com\/ca\/ganivetes\/fusta\/corrugades\/#breadcrumb","itemListElement":[{"@type":"ListItem","position":1,"name":"Home","item":"https:\/\/www.kadur.com\/ca\/"},{"@type":"ListItem","position":2,"name":"Ganivetes","item":"https:\/\/www.kadur.com\/ca\/ganivetes\/"},{"@type":"ListItem","position":3,"name":"Fusta i Ebenisteria","item":"https:\/\/www.kadur.com\/ca\/ganivetes\/fusta\/"},{"@type":"ListItem","position":4,"name":"Corrugades"}]},{"@type":"WebSite","@id":"https:\/\/www.kadur.com\/fr\/#website","url":"https:\/\/www.kadur.com\/fr\/","name":"Kadur","description":"Ganivetes Industrials d'Alt Rendiment","potentialAction":[{"@type":"SearchAction","target":{"@type":"EntryPoint","urlTemplate":"https:\/\/www.kadur.com\/fr\/?s={search_term_string}"},"query-input":{"@type":"PropertyValueSpecification","valueRequired":true,"valueName":"search_term_string"}}],"inLanguage":"ca"}]}},"_links":{"self":[{"href":"https:\/\/www.kadur.com\/ca\/wp-json\/wp\/v2\/pages\/1333"}],"collection":[{"href":"https:\/\/www.kadur.com\/ca\/wp-json\/wp\/v2\/pages"}],"about":[{"href":"https:\/\/www.kadur.com\/ca\/wp-json\/wp\/v2\/types\/page"}],"author":[{"embeddable":true,"href":"https:\/\/www.kadur.com\/ca\/wp-json\/wp\/v2\/users\/1"}],"replies":[{"embeddable":true,"href":"https:\/\/www.kadur.com\/ca\/wp-json\/wp\/v2\/comments?post=1333"}],"version-history":[{"count":0,"href":"https:\/\/www.kadur.com\/ca\/wp-json\/wp\/v2\/pages\/1333\/revisions"}],"up":[{"embeddable":true,"href":"https:\/\/www.kadur.com\/ca\/wp-json\/wp\/v2\/pages\/689"}],"wp:attachment":[{"href":"https:\/\/www.kadur.com\/ca\/wp-json\/wp\/v2\/media?parent=1333"}],"curies":[{"name":"wp","href":"https:\/\/api.w.org\/{rel}","templated":true}]}}